{"id":37528,"date":"2024-11-21T13:22:54","date_gmt":"2024-11-21T13:22:54","guid":{"rendered":"https:\/\/electromenagerexpress.com\/product\/four-encastrable-fonction-vapeuraskoocs8464a2\/"},"modified":"2024-11-21T13:22:56","modified_gmt":"2024-11-21T13:22:56","slug":"four-encastrable-fonction-vapeuraskoocs8464a2","status":"publish","type":"product","link":"https:\/\/electromenagerexpress.com\/en\/product\/four-encastrable-fonction-vapeuraskoocs8464a2\/","title":{"rendered":"Four encastrable  fonction vapeur\t\t\t\t\t\t\tASKO\t\t\t\tOCS8464A2"},"content":{"rendered":"<div class=\"product-features__content\">\n<ul role=\"list\">\n<li class=\"product-features__item\" role=\"listitem\">\n<h3 class=\"product-features__label\">Nos services de livraison<\/h3>\n<ul role=\"list\">\n<li class=\"product-features__item-list__item\" role=\"listitem\"><span class=\"is--medium\">Livraison et reprise de votre ancien appareil offerts \u00e0 partir de 379 \u20ac :<\/span> <a href=\"https:\/\/www.boulanger.com\/evenement\/livraison-domicile\"> (voir conditions, en cliquant ici )<\/a><\/li>\n<\/ul>\n<\/li>\n<li class=\"product-features__item\" role=\"listitem\">\n<h3 class=\"product-features__label\">Modes de cuisson<\/h3>\n<ul role=\"list\">\n<li class=\"product-features__item-list__item\" role=\"listitem\"><span class=\"is--medium\">Mode de cuisson :<\/span> Chaleur tournante puls\u00e9e + vapeur\t\t\t\t\t<\/li>\n<li class=\"product-features__item-list__item\" role=\"listitem\"><span class=\"is--medium\">Nombre de programmes de cuisson :<\/span> 21\t\t\t\t\t<\/li>\n<li class=\"product-features__item-list__item\" role=\"listitem\"><span class=\"is--medium\">Fonctions sp\u00e9ciales pour r\u00e9pondre \u00e0 toutes vos envies :<\/span> pr\u00e9chauffage rapide\t\t\t\t\t<\/li>\n<li class=\"product-features__item-list__item\" role=\"listitem\"><span class=\"is--medium\">Nombre de recettes programm\u00e9es :<\/span> 160 aides aux choix des modes de cuisson et des temps de cuisson\t\t\t\t\t<\/li>\n<li class=\"product-features__item-list__item\" role=\"listitem\"><span class=\"is--medium\">Nombre de programmes 100 % automatique :<\/span> 160 programmes, le four s&rsquo;occupe du calcul du poids, du temps de cuisson, du mode de cuisson et des temp\u00e9ratures\t\t\t\t\t<\/li>\n<\/ul>\n<\/li>\n<li class=\"product-features__item\" role=\"listitem\">\n<h3 class=\"product-features__label\">Connectivit\u00e9<\/h3>\n<ul role=\"list\">\n<li class=\"product-features__item-list__item\" role=\"listitem\"><span class=\"is--medium\">Connect\u00e9 :<\/span> Non concern\u00e9\t\t\t\t\t<\/li>\n<\/ul>\n<\/li>\n<li class=\"product-features__item\" role=\"listitem\">\n<h3 class=\"product-features__label\">Nettoyage et s\u00e9curit\u00e9<\/h3>\n<ul role=\"list\">\n<li class=\"product-features__item-list__item\" role=\"listitem\"><span class=\"is--medium\">Nettoyage :<\/span> Vapeur (hydrolyse)\t\t\t\t\t<\/li>\n<li class=\"product-features__item-list__item\" role=\"listitem\"><span class=\"is--medium\">Avantage vapeur (hydrolyse) :<\/span> Il suffit de verser au fond la cavit\u00e9 de l&rsquo;eau et du liquide vaisselle. Le four chauffe quelques minutes, l&rsquo;eau se transforme en vapeur et ramollit les graisses. Un coup d&rsquo;\u00e9ponge pour retirer les r\u00e9sidus tomb\u00e9s dans la cavit\u00e9. Ce syst\u00e8me est \u00e9cologique et \u00e9conomique.\t\t\t\t\t<\/li>\n<li class=\"product-features__item-list__item\" role=\"listitem\"><span class=\"is--medium\">Accessoires pyrolysables :<\/span> Non\t\t\t\t\t<\/li>\n<li class=\"product-features__item-list__item\" role=\"listitem\"><span class=\"is--medium\">Type de porte :<\/span> Froide\t\t\t\t\t<\/li>\n<li class=\"product-features__item-list__item\" role=\"listitem\"><span class=\"is--medium\">Avantage porte froide :<\/span> C&rsquo;est un gage de s\u00e9curit\u00e9, il n&rsquo;y a aucun risque de br\u00fblure et l&rsquo;\u00e9paisseur des vitres offre une excellente isolation\t\t\t\t\t<\/li>\n<li class=\"product-features__item-list__item\" role=\"listitem\"><span class=\"is--medium\">Type d&rsquo;ouverture de porte :<\/span> Standard\t\t\t\t\t<\/li>\n<li class=\"product-features__item-list__item\" role=\"listitem\"><span class=\"is--medium\">Fermeture de porte :<\/span> Fermeture douce\t\t\t\t\t<\/li>\n<li class=\"product-features__item-list__item\" role=\"listitem\"><span class=\"is--medium\">Vitre de porte d\u00e9montable :<\/span> Oui, pour un nettoyage complet et facilit\u00e9\t\t\t\t\t<\/li>\n<\/ul>\n<\/li>\n<li class=\"product-features__item\" role=\"listitem\">\n<h3 class=\"product-features__label\">Equipement<\/h3>\n<ul role=\"list\">\n<li class=\"product-features__item-list__item\" role=\"listitem\"><span class=\"is--medium\">Programmateur :<\/span> Electronique\t\t\t\t\t<\/li>\n<li class=\"product-features__item-list__item\" role=\"listitem\"><span class=\"is--medium\">Rails t\u00e9l\u00e9scopiques :<\/span> ils permettent d&rsquo;acc\u00e9der \u00e0 vos plats en les faisant coulisser en dehors de l&rsquo;enceinte de cuisson en \u00e9vitant les risques de basculement. Vous pourrez arroser confortablement votre r\u00f4ti ou retourner facilement vos plats sans risque de br\u00fblure.\t\t\t\t\t<\/li>\n<li class=\"product-features__item-list__item\" role=\"listitem\"><span class=\"is--medium\">Tournebroche :<\/span> Non\t\t\t\t\t<\/li>\n<li class=\"product-features__item-list__item\" role=\"listitem\"><span class=\"is--medium\">Sonde de cuisson :<\/span> la sonde de cuisson permet de surveiller la temp\u00e9rature \u00e0 coeur de votre plat. Elle met fin au programme une fois la temp\u00e9rature atteinte. Vous avez la certitude de r\u00e9ussir vos cuissons m\u00eame d\u00e9licates\t\t\t\t\t<\/li>\n<\/ul>\n<\/li>\n<li class=\"product-features__item\" role=\"listitem\">\n<h3 class=\"product-features__label\">Bandeau de commandes<\/h3>\n<ul role=\"list\">\n<li class=\"product-features__item-list__item\" role=\"listitem\"><span class=\"is--medium\">Type de commande :<\/span> Boutons et touches tactiles\t\t\t\t\t<\/li>\n<\/ul>\n<\/li>\n<li class=\"product-features__item\" role=\"listitem\">\n<h3 class=\"product-features__label\">Consommations et \u00e9conomie d&rsquo;\u00e9nergie<\/h3>\n<ul role=\"list\">\n<li class=\"product-features__item-list__item\" role=\"listitem\"><span class=\"is--medium\">Label \u00e9nergie :<\/span> A+\t\t\t\t\t<\/li>\n<li class=\"product-features__item-list__item\" role=\"listitem\"><span class=\"is--medium\">Puissance totale :<\/span> 2.600 W\t\t\t\t\t<\/li>\n<li class=\"product-features__item-list__item\" role=\"listitem\"><span class=\"is--medium\">Puissance du gril :<\/span> 2.200 W\t\t\t\t\t<\/li>\n<li class=\"product-features__item-list__item\" role=\"listitem\"><span class=\"is--medium\">Consommation en convection naturelle :<\/span> 0,82 kW\t\t\t\t\t<\/li>\n<li class=\"product-features__item-list__item\" role=\"listitem\"><span class=\"is--medium\">Consommation en chaleur tournante :<\/span> 0,62 kW\t\t\t\t\t<\/li>\n<\/ul>\n<\/li>\n<li class=\"product-features__item\" role=\"listitem\">\n<h3 class=\"product-features__label\">Dimensions<\/h3>\n<ul role=\"list\">\n<li class=\"product-features__item-list__item\" role=\"listitem\"><span class=\"is--medium\">Type d&rsquo;encastrement :<\/span> Four compact (hauteur 45 cm)\t\t\t\t\t<\/li>\n<li class=\"product-features__item-list__item\" role=\"listitem\"><span class=\"is--medium\">Dimensions l x h x p :<\/span> 59.5 x 45.5 x 54.6 cm\t\t\t\t\t<\/li>\n<li class=\"product-features__item-list__item\" role=\"listitem\"><span class=\"is--medium\">Longueur du cordon d&rsquo;alimentation :<\/span> 1,50 m\t\t\t\t\t<\/li>\n<li class=\"product-features__item-list__item\" role=\"listitem\"><span class=\"is--medium\">Poids Net :<\/span> 33,00 Kg\t\t\t\t\t<\/li>\n<li class=\"product-features__item-list__item\" role=\"listitem\"><span class=\"is--medium\">Volume de la cavit\u00e9 en litre :<\/span> 50 L\t\t\t\t\t<\/li>\n<\/ul>\n<\/li>\n<li class=\"product-features__item\" role=\"listitem\">\n<h3 class=\"product-features__label\">Informations compl\u00e9mentaires<\/h3>\n<ul role=\"list\">\n<li class=\"product-features__item-list__item\" role=\"listitem\"><span class=\"is--medium\">Fabriqu\u00e9 en :<\/span> Slov\u00e9nie\t\t\t\t\t<\/li>\n<li class=\"product-features__item-list__item\" role=\"listitem\"><span class=\"is--medium\">Garantie :<\/span> 2 ans\t\t\t\t\t<\/li>\n<li class=\"product-features__item-list__item\" role=\"listitem\"><span class=\"is--medium\">Disponibilit\u00e9 des pi\u00e8ces d\u00e9tach\u00e9es (donn\u00e9es fournisseur) :<\/span> Pendant 15 ans, \u00e0 compter de la date d&rsquo;achat\t\t\t\t\t<\/li>\n<li class=\"product-features__item-list__item\" role=\"listitem\"><span class=\"is--medium\">Bien installer son four :<\/span> <a href=\"https:\/\/www.boulanger.com\/info\/animation\/bcbu\/gros-menager\/four-encastrable\/installation.html\" target=\"_blank\">Cliquez ici <\/a><\/li>\n<\/ul>\n<\/li>\n<\/ul>\n<\/div>\n<div class=\"product__disclosure-content\">\n<div class=\"js-read-more product-description__content read-more read-more--truncated\" data-read-more-name=\"description\" style=\"max-height: 500px; overflow: hidden;\">\n<p><video class=\"s7Video\" controls=\"\" controlslist=\"nodownload\" poster=\"https:\/\/boulanger.scene7.com\/is\/image\/Boulanger\/3838782681356_v_1?scl=1\" preload=\"metadata\" src=\"https:\/\/boulanger.scene7.com\/is\/content\/Boulanger\/3838782681356_v_1\" width=\"100%\"><\/video><\/p>\n<\/div>\n<p><bl-button a11yexpanded=\"false\" arialabel=\"Afficher toute la description\" class=\"read-more__btn\" full=\"false\" link=\"true\"><\/bl-button><\/div>","protected":false},"excerpt":{"rendered":"<div class=\"keypoints\">\n<h3 class=\"keypoints__title\">Les points cl\u00e9s<\/h3>\n<ul role=\"list\">\n<li class=\"keypoints__item\" role=\"listitem\">                          Chaleur tournante puls\u00e9e + vapeur &#8211;                                                      Nettoyage vapeur (hydrolyse)                      <\/li>\n<li class=\"keypoints__item\" role=\"listitem\">                                        Sonde cuisson, Rails t\u00e9l\u00e9scopiques                      <\/li>\n<li class=\"keypoints__item\" role=\"listitem\">                          Porte froide &#8211;                                                      Ouverture standard                      <\/li>\n<li class=\"keypoints__item\" role=\"listitem\">                                        Encastrement sp\u00e9cifique hauteur 45 cm                      <\/li>\n<\/ul>","protected":false},"featured_media":10100,"template":"","meta":{"_glsr_average":0,"_glsr_ranking":0,"_glsr_reviews":0},"product_cat":[212],"product_tag":[213,131],"class_list":{"0":"post-37528","1":"product","2":"type-product","3":"status-publish","4":"has-post-thumbnail","6":"product_cat-four-encastrable","7":"product_tag-four-encastrable","8":"product_tag-gros-electromenager","10":"first","11":"instock","12":"sale","13":"shipping-taxable","14":"purchasable","15":"product-type-simple"},"_links":{"self":[{"href":"https:\/\/electromenagerexpress.com\/en\/wp-json\/wp\/v2\/product\/37528","targetHints":{"allow":["GET"]}}],"collection":[{"href":"https:\/\/electromenagerexpress.com\/en\/wp-json\/wp\/v2\/product"}],"about":[{"href":"https:\/\/electromenagerexpress.com\/en\/wp-json\/wp\/v2\/types\/product"}],"wp:featuredmedia":[{"embeddable":true,"href":"https:\/\/electromenagerexpress.com\/en\/wp-json\/wp\/v2\/media\/10100"}],"wp:attachment":[{"href":"https:\/\/electromenagerexpress.com\/en\/wp-json\/wp\/v2\/media?parent=37528"}],"wp:term":[{"taxonomy":"product_cat","embeddable":true,"href":"https:\/\/electromenagerexpress.com\/en\/wp-json\/wp\/v2\/product_cat?post=37528"},{"taxonomy":"product_tag","embeddable":true,"href":"https:\/\/electromenagerexpress.com\/en\/wp-json\/wp\/v2\/product_tag?post=37528"}],"curies":[{"name":"wp","href":"https:\/\/api.w.org\/{rel}","templated":true}]}}