{"id":37474,"date":"2024-11-21T13:19:41","date_gmt":"2024-11-21T13:19:41","guid":{"rendered":"https:\/\/electromenagerexpress.com\/product\/four-encastrable-mieleh-2761-bp\/"},"modified":"2024-11-21T13:19:44","modified_gmt":"2024-11-21T13:19:44","slug":"four-encastrable-mieleh-2761-bp","status":"publish","type":"product","link":"https:\/\/electromenagerexpress.com\/en\/product\/four-encastrable-mieleh-2761-bp\/","title":{"rendered":"Four encastrable \t\t\t\t\t\t\tMIELE\t\t\t\tH 2761 BP"},"content":{"rendered":"<div class=\"product-features__content\">\n<ul role=\"list\">\n<li class=\"product-features__item\" role=\"listitem\">\n<h3 class=\"product-features__label\">Nos services de livraison<\/h3>\n<ul role=\"list\">\n<li class=\"product-features__item-list__item\" role=\"listitem\"><span class=\"is--medium\">Livraison et reprise de votre ancien appareil offerts \u00e0 partir de 379 \u20ac :<\/span> <a href=\"https:\/\/www.boulanger.com\/evenement\/livraison-domicile\"> (voir conditions, en cliquant ici )<\/a><\/li>\n<\/ul>\n<\/li>\n<li class=\"product-features__item\" role=\"listitem\">\n<h3 class=\"product-features__label\">Modes de cuisson<\/h3>\n<ul role=\"list\">\n<li class=\"product-features__item-list__item\" role=\"listitem\"><span class=\"is--medium\">Mode de cuisson :<\/span> Chaleur tournante puls\u00e9e\t\t\t\t\t<\/li>\n<li class=\"product-features__item-list__item\" role=\"listitem\"><span class=\"is--medium\">Avantage de la chaleur tournante puls\u00e9e :<\/span> le four est \u00e9quip\u00e9 d&rsquo;un ventilateur et d&rsquo;une r\u00e9sistance circulaire situ\u00e9es sur la paroi arri\u00e8re du four, pour une cuisson simultan\u00e9e de diff\u00e9rents plats sur plusieurs niveaux\t\t\t\t\t<\/li>\n<li class=\"product-features__item-list__item\" role=\"listitem\"><span class=\"is--medium\">Nombre de programmes de cuisson :<\/span> 8\t\t\t\t\t<\/li>\n<li class=\"product-features__item-list__item\" role=\"listitem\"><span class=\"is--medium\">Fonctions sp\u00e9ciales pour r\u00e9pondre \u00e0 toutes vos envies :<\/span> pr\u00e9chauffage rapide, pizza\t\t\t\t\t<\/li>\n<li class=\"product-features__item-list__item\" role=\"listitem\"><span class=\"is--medium\">Nombre de recettes programm\u00e9es :<\/span> Non concern\u00e9\t\t\t\t\t<\/li>\n<li class=\"product-features__item-list__item\" role=\"listitem\"><span class=\"is--medium\">Nombre de programmes 100 % automatique :<\/span> 15 programmes, le four s&rsquo;occupe du calcul du poids, du temps de cuisson, du mode de cuisson et des temp\u00e9ratures\t\t\t\t\t<\/li>\n<\/ul>\n<\/li>\n<li class=\"product-features__item\" role=\"listitem\">\n<h3 class=\"product-features__label\">Connectivit\u00e9<\/h3>\n<ul role=\"list\">\n<li class=\"product-features__item-list__item\" role=\"listitem\"><span class=\"is--medium\">Connect\u00e9 :<\/span> Oui, contr\u00f4lez les fonctions de votre four \u00e0 distance, acc\u00e9dez \u00e0 de nombreuses recettes, des conseils d&rsquo;entretien et d&rsquo;utilisation au quotidien.\t\t\t\t\t<\/li>\n<li class=\"product-features__item-list__item\" role=\"listitem\"><span class=\"is--medium\">Compatibilit\u00e9 :<\/span> iOS et Android\t\t\t\t\t<\/li>\n<\/ul>\n<\/li>\n<li class=\"product-features__item\" role=\"listitem\">\n<h3 class=\"product-features__label\">Nettoyage et s\u00e9curit\u00e9<\/h3>\n<ul role=\"list\">\n<li class=\"product-features__item-list__item\" role=\"listitem\"><span class=\"is--medium\">Nettoyage :<\/span> Pyrolyse\t\t\t\t\t<\/li>\n<li class=\"product-features__item-list__item\" role=\"listitem\"><span class=\"is--medium\">Avantage pyrolyse :<\/span> La temp\u00e9rature int\u00e9rieure du four monte jusqu&rsquo;\u00e0 500\u00b0C et d\u00e9truit les graisses, vous n&rsquo;avez plus qu&rsquo;\u00e0 r\u00e9cup\u00e9rer les cendres \u00e0 l&rsquo;aide d&rsquo;un torchon et le tour est jou\u00e9 !\t\t\t\t\t<\/li>\n<li class=\"product-features__item-list__item\" role=\"listitem\"><span class=\"is--medium\">Conseils pyrolyse :<\/span> Sauf contre indication de la marque dans la notice, il est fortement conseill\u00e9 pendant le nettoyage pyrolyse d&rsquo;enlever le(s) grilles(s), lechefrite(s) et rails\t\t\t\t\t<\/li>\n<li class=\"product-features__item-list__item\" role=\"listitem\"><span class=\"is--medium\">Accessoires pyrolysables :<\/span> Non\t\t\t\t\t<\/li>\n<li class=\"product-features__item-list__item\" role=\"listitem\"><span class=\"is--medium\">Rev\u00eatement de la cavit\u00e9 :<\/span> Email\t\t\t\t\t<\/li>\n<li class=\"product-features__item-list__item\" role=\"listitem\"><span class=\"is--medium\">S\u00e9curit\u00e9 enfant :<\/span> Verrouillage des commandes\t\t\t\t\t<\/li>\n<li class=\"product-features__item-list__item\" role=\"listitem\"><span class=\"is--medium\">Type de porte :<\/span> Froide\t\t\t\t\t<\/li>\n<li class=\"product-features__item-list__item\" role=\"listitem\"><span class=\"is--medium\">Avantage porte froide :<\/span> C&rsquo;est un gage de s\u00e9curit\u00e9, il n&rsquo;y a aucun risque de br\u00fblure et l&rsquo;\u00e9paisseur des vitres offre une excellente isolation\t\t\t\t\t<\/li>\n<li class=\"product-features__item-list__item\" role=\"listitem\"><span class=\"is--medium\">Type d&rsquo;ouverture de porte :<\/span> Standard\t\t\t\t\t<\/li>\n<li class=\"product-features__item-list__item\" role=\"listitem\"><span class=\"is--medium\">Fermeture de porte :<\/span> Fermeture et ouverture douce\t\t\t\t\t<\/li>\n<li class=\"product-features__item-list__item\" role=\"listitem\"><span class=\"is--medium\">Vitre de porte d\u00e9montable :<\/span> Oui, pour un nettoyage complet et facilit\u00e9\t\t\t\t\t<\/li>\n<\/ul>\n<\/li>\n<li class=\"product-features__item\" role=\"listitem\">\n<h3 class=\"product-features__label\">Equipement<\/h3>\n<ul role=\"list\">\n<li class=\"product-features__item-list__item\" role=\"listitem\"><span class=\"is--medium\">Rails t\u00e9l\u00e9scopiques :<\/span> ils permettent d&rsquo;acc\u00e9der \u00e0 vos plats en les faisant coulisser en dehors de l&rsquo;enceinte de cuisson en \u00e9vitant les risques de basculement. Vous pourrez arroser confortablement votre r\u00f4ti ou retourner facilement vos plats sans risque de br\u00fblure.\t\t\t\t\t<\/li>\n<li class=\"product-features__item-list__item\" role=\"listitem\"><span class=\"is--medium\">Tournebroche :<\/span> Non\t\t\t\t\t<\/li>\n<\/ul>\n<\/li>\n<li class=\"product-features__item\" role=\"listitem\">\n<h3 class=\"product-features__label\">Bandeau de commandes<\/h3>\n<ul role=\"list\">\n<li class=\"product-features__item-list__item\" role=\"listitem\"><span class=\"is--medium\">Type de commande :<\/span> Boutons et touches tactiles\t\t\t\t\t<\/li>\n<li class=\"product-features__item-list__item\" role=\"listitem\"><span class=\"is--medium\">Type d&rsquo;\u00e9cran :<\/span> Ecran num\u00e9rique\t\t\t\t\t<\/li>\n<li class=\"product-features__item-list__item\" role=\"listitem\"><span class=\"is--medium\">Avantage de l&rsquo;\u00e9cran num\u00e9rique :<\/span> Lisibilit\u00e9 de l&rsquo;\u00e9cran avec informations supplementaires sur des conseils de cuisson. Facile d&rsquo;utilisation.\t\t\t\t\t<\/li>\n<li class=\"product-features__item-list__item\" role=\"listitem\"><span class=\"is--medium\">Couleur de l&rsquo;affichage :<\/span> BLANC\t\t\t\t\t<\/li>\n<\/ul>\n<\/li>\n<li class=\"product-features__item\" role=\"listitem\">\n<h3 class=\"product-features__label\">Consommations et \u00e9conomie d&rsquo;\u00e9nergie<\/h3>\n<ul role=\"list\">\n<li class=\"product-features__item-list__item\" role=\"listitem\"><span class=\"is--medium\">Label \u00e9nergie :<\/span> A+\t\t\t\t\t<\/li>\n<li class=\"product-features__item-list__item\" role=\"listitem\"><span class=\"is--medium\">Puissance totale :<\/span> 3.600 W\t\t\t\t\t<\/li>\n<li class=\"product-features__item-list__item\" role=\"listitem\"><span class=\"is--medium\">Consommation en convection naturelle :<\/span> 1,10 kW\t\t\t\t\t<\/li>\n<li class=\"product-features__item-list__item\" role=\"listitem\"><span class=\"is--medium\">Consommation en chaleur tournante :<\/span> 0,71 kW\t\t\t\t\t<\/li>\n<\/ul>\n<\/li>\n<li class=\"product-features__item\" role=\"listitem\">\n<h3 class=\"product-features__label\">Dimensions<\/h3>\n<ul role=\"list\">\n<li class=\"product-features__item-list__item\" role=\"listitem\"><span class=\"is--medium\">Type d&rsquo;encastrement :<\/span> Four standard (60 x 60 cm)\t\t\t\t\t<\/li>\n<li class=\"product-features__item-list__item\" role=\"listitem\"><span class=\"is--medium\">Dimensions l x h x p :<\/span> 59.5 x 59.6 x 56.9 cm\t\t\t\t\t<\/li>\n<li class=\"product-features__item-list__item\" role=\"listitem\"><span class=\"is--medium\">Longueur du cordon d&rsquo;alimentation :<\/span> 1,50 cm\t\t\t\t\t<\/li>\n<li class=\"product-features__item-list__item\" role=\"listitem\"><span class=\"is--medium\">Poids Net :<\/span> 47,00 Kg\t\t\t\t\t<\/li>\n<li class=\"product-features__item-list__item\" role=\"listitem\"><span class=\"is--medium\">Volume de la cavit\u00e9 en litre :<\/span> 76 L\t\t\t\t\t<\/li>\n<\/ul>\n<\/li>\n<li class=\"product-features__item\" role=\"listitem\">\n<h3 class=\"product-features__label\">Informations compl\u00e9mentaires<\/h3>\n<ul role=\"list\">\n<li class=\"product-features__item-list__item\" role=\"listitem\"><span class=\"is--medium\">Fabriqu\u00e9 en :<\/span> Allemagne\t\t\t\t\t<\/li>\n<li class=\"product-features__item-list__item\" role=\"listitem\"><span class=\"is--medium\">Garantie :<\/span> 2 ans\t\t\t\t\t<\/li>\n<li class=\"product-features__item-list__item\" role=\"listitem\"><span class=\"is--medium\">Disponibilit\u00e9 des pi\u00e8ces d\u00e9tach\u00e9es (donn\u00e9es fournisseur) :<\/span> Pendant 15 ans, \u00e0 compter de la date fin de fabrication\t\t\t\t\t<\/li>\n<li class=\"product-features__item-list__item\" role=\"listitem\"><span class=\"is--medium\">Bien installer son four :<\/span> <a href=\"https:\/\/www.boulanger.com\/info\/animation\/bcbu\/gros-menager\/four-encastrable\/installation.html\" target=\"_blank\">Cliquez ici <\/a><\/li>\n<\/ul>\n<\/li>\n<\/ul>\n<\/div>\n<div class=\"product__disclosure-content\">\n<div class=\"js-read-more product-description__content read-more read-more--truncated\" data-read-more-name=\"description\" style=\"max-height: 500px; overflow: hidden;\">\n<p>D\u00e9couvrez le four MIELE H 2761 BP, une merveille de technologie et d&rsquo;efficacit\u00e9. Con\u00e7u pour les cuisiniers passionn\u00e9s, il associera une chaleur tournante puls\u00e9e \u00e0 un nettoyage pyrolyse et \u00e0 des fonctionnalit\u00e9s connect\u00e9es pour vous offrir une exp\u00e9rience culinaire sans \u00e9quivoque.<\/p>\n<h3><img fetchpriority=\"high\" decoding=\"async\" ,=\"\" alt=\"Four Pyro MIELE H 2761 BP\" class=\"wy_tableau_gauche\" height=\"270\" src=\"https:\/\/boulanger.scene7.com\/is\/image\/Boulanger\/4002516605416_h_f_l_0?wid=400&amp;hei=270\" width=\"400\"\/>Une cuisson homog\u00e8ne gr\u00e2ce \u00e0 la chaleur tournante puls\u00e9e<\/h3>\n<p>Votre four MIELE H 2761 BP s&rsquo;appuiera sur <b>la chaleur tournante puls\u00e9e<\/b> pour assurer une cuisson uniforme et rapide de vos plats. Cette technologie distribuera la temp\u00e9rature de mani\u00e8re \u00e9quilibr\u00e9e au sein de la cavit\u00e9 afin de vous garantir des r\u00e9sultats de cuisson parfaits \u00e0 chaque utilisation : id\u00e9al pour pr\u00e9parer des g\u00e2teaux moelleux ou pour faire mijoter des r\u00f4tis juteux.<\/p>\n<p>Oubliez la corv\u00e9e de m\u00e9nage gr\u00e2ce au <b>syst\u00e8me de nettoyage pyrolyse<\/b> de votre four MIELE H 2761 BP ! Cette fonctionnalit\u00e9 se chargera de chauffer la cavit\u00e9 \u00e0 une temp\u00e9rature tr\u00e8s \u00e9lev\u00e9e pour r\u00e9duire les r\u00e9sidus alimentaires en cendres, que vous pourrez ensuite ramasser facilement : la promesse d&rsquo;un appareil impeccable sans effort.<\/p>\n<h3><img decoding=\"async\" ,=\"\" alt=\"Four Pyro MIELE H 2761 BP\" class=\"wy_tableau_right\" height=\"270\" src=\"https:\/\/boulanger.scene7.com\/is\/image\/Boulanger\/4002516605416_h_f_l_1?wid=400&amp;hei=270\" width=\"400\"\/>Une gestion et une utilisation simplifi\u00e9es<\/h3>\n<p>Que vous cuisiniez des mets d\u00e9licats ou un repas copieux, <b>les 15 programmes automatiques<\/b> int\u00e9gr\u00e9s \u00e0 votre four MIELE H 2761 BP X vous garantiront une alternative adapt\u00e9e \u00e0 une large vari\u00e9t\u00e9 de recettes. De plus, <b>son \u00e9quipement incluant des rails t\u00e9lescopiques<\/b> vous assurera une manipulation ais\u00e9e et s\u00e9curis\u00e9e de vos plats bouillonnants.<\/p>\n<p>Restez connect\u00e9 \u00e0 votre four MIELE H 2761 BP gr\u00e2ce \u00e0 <b>l&rsquo;application Miele@home<\/b> qui vous permettra de contr\u00f4ler et de surveiller vos cuissons \u00e0 distance pour vous offrir une flexibilit\u00e9 et une commodit\u00e9 in\u00e9gal\u00e9es : la certitude d&rsquo;une exp\u00e9rience d&rsquo;utilisation plus intuitive et plus agr\u00e9able.<\/p>\n<\/p>\n<p><a href=\"https:\/\/www.boulanger.com\/evenement\/livraison-domicile-gros-produits-service\" rel=\"noopener\" target=\"_blank\" title=\"Livraison \u00e0 domicile gros produits et service\"><img decoding=\"async\" height=\"160\" src=\"https:\/\/boulanger.scene7.com\/is\/image\/Boulanger\/Reprise ancien appareil?wid=1260\" width=\"1240\"\/><\/a><\/p>\n<\/div>\n<p><bl-button a11yexpanded=\"false\" arialabel=\"Afficher toute la description\" class=\"read-more__btn\" full=\"false\" link=\"true\">Voir plus<\/bl-button><\/div>","protected":false},"excerpt":{"rendered":"<div class=\"keypoints\">\n<h3 class=\"keypoints__title\">Les points cl\u00e9s<\/h3>\n<ul role=\"list\">\n<li class=\"keypoints__item\" role=\"listitem\">                          Chaleur tournante puls\u00e9e &#8211;                                                      Nettoyage pyrolyse                      <\/li>\n<li class=\"keypoints__item\" role=\"listitem\">                          Rails t\u00e9l\u00e9scopiques &#8211;                                                      Connect\u00e9                      <\/li>\n<li class=\"keypoints__item\" role=\"listitem\">                          Porte froide &#8211;                                                      Ouverture standard                      <\/li>\n<li class=\"keypoints__item\" role=\"listitem\">                                        Encastrement standard (60cm)                      <\/li>\n<li class=\"keypoints__item keypoints__item--advantage\" role=\"listitem\"><strong>Le + :<\/strong> programmes automatiques pour une cuisson toujours r\u00e9ussie. Four connect\u00e9 avec l&rsquo;appli Miele@home.      <\/li>\n<\/ul>","protected":false},"featured_media":9368,"template":"","meta":{"_glsr_average":0,"_glsr_ranking":0,"_glsr_reviews":0},"product_cat":[212],"product_tag":[213,131],"class_list":{"0":"post-37474","1":"product","2":"type-product","3":"status-publish","4":"has-post-thumbnail","6":"product_cat-four-encastrable","7":"product_tag-four-encastrable","8":"product_tag-gros-electromenager","10":"first","11":"instock","12":"sale","13":"shipping-taxable","14":"purchasable","15":"product-type-simple"},"_links":{"self":[{"href":"https:\/\/electromenagerexpress.com\/en\/wp-json\/wp\/v2\/product\/37474","targetHints":{"allow":["GET"]}}],"collection":[{"href":"https:\/\/electromenagerexpress.com\/en\/wp-json\/wp\/v2\/product"}],"about":[{"href":"https:\/\/electromenagerexpress.com\/en\/wp-json\/wp\/v2\/types\/product"}],"wp:featuredmedia":[{"embeddable":true,"href":"https:\/\/electromenagerexpress.com\/en\/wp-json\/wp\/v2\/media\/9368"}],"wp:attachment":[{"href":"https:\/\/electromenagerexpress.com\/en\/wp-json\/wp\/v2\/media?parent=37474"}],"wp:term":[{"taxonomy":"product_cat","embeddable":true,"href":"https:\/\/electromenagerexpress.com\/en\/wp-json\/wp\/v2\/product_cat?post=37474"},{"taxonomy":"product_tag","embeddable":true,"href":"https:\/\/electromenagerexpress.com\/en\/wp-json\/wp\/v2\/product_tag?post=37474"}],"curies":[{"name":"wp","href":"https:\/\/api.w.org\/{rel}","templated":true}]}}