{"id":37457,"date":"2024-11-21T13:18:33","date_gmt":"2024-11-21T13:18:33","guid":{"rendered":"https:\/\/electromenagerexpress.com\/product\/four-encastrable-smegso6302m2x\/"},"modified":"2024-11-21T13:18:35","modified_gmt":"2024-11-21T13:18:35","slug":"four-encastrable-smegso6302m2x","status":"publish","type":"product","link":"https:\/\/electromenagerexpress.com\/en\/product\/four-encastrable-smegso6302m2x\/","title":{"rendered":"Four encastrable \t\t\t\t\t\t\tSMEG\t\t\t\tSO6302M2X"},"content":{"rendered":"<div class=\"product-features__content\">\n<ul role=\"list\">\n<li class=\"product-features__item\" role=\"listitem\">\n<h3 class=\"product-features__label\">Nos services de livraison<\/h3>\n<ul role=\"list\">\n<li class=\"product-features__item-list__item\" role=\"listitem\"><span class=\"is--medium\">Livraison et reprise de votre ancien appareil offerts \u00e0 partir de 379 \u20ac :<\/span> <a href=\"https:\/\/www.boulanger.com\/evenement\/livraison-domicile\"> (voir conditions, en cliquant ici )<\/a><\/li>\n<\/ul>\n<\/li>\n<li class=\"product-features__item\" role=\"listitem\">\n<h3 class=\"product-features__label\">Modes de cuisson<\/h3>\n<ul role=\"list\">\n<li class=\"product-features__item-list__item\" role=\"listitem\"><span class=\"is--medium\">Mode de cuisson :<\/span> Combin\u00e9 micro-ondes\t\t\t\t\t<\/li>\n<li class=\"product-features__item-list__item\" role=\"listitem\"><span class=\"is--medium\">Avantage de la convection naturelle combin\u00e9 micro-ondes :<\/span> d\u00e9congeler, r\u00f4tir, rechauffer,griller, toutes les cuissons sont \u00e0 port\u00e9e de main et elles se combinent pour gagner du temps.\t\t\t\t\t<\/li>\n<li class=\"product-features__item-list__item\" role=\"listitem\"><span class=\"is--medium\">Nombre de programmes de cuisson :<\/span> 11\t\t\t\t\t<\/li>\n<li class=\"product-features__item-list__item\" role=\"listitem\"><span class=\"is--medium\">Fonctions sp\u00e9ciales pour r\u00e9pondre \u00e0 toutes vos envies :<\/span> sabbat, pr\u00e9chauffage rapide, basse temp\u00e9rature, d\u00e9cong\u00e9lation, maintien au chaud, levage de p\u00e2te, pizza\t\t\t\t\t<\/li>\n<li class=\"product-features__item-list__item\" role=\"listitem\"><span class=\"is--medium\">Nombre de recettes programm\u00e9es :<\/span> Non concern\u00e9\t\t\t\t\t<\/li>\n<li class=\"product-features__item-list__item\" role=\"listitem\"><span class=\"is--medium\">Nombre de programmes 100 % automatique :<\/span> Non concern\u00e9\t\t\t\t\t<\/li>\n<\/ul>\n<\/li>\n<li class=\"product-features__item\" role=\"listitem\">\n<h3 class=\"product-features__label\">Connectivit\u00e9<\/h3>\n<ul role=\"list\">\n<li class=\"product-features__item-list__item\" role=\"listitem\"><span class=\"is--medium\">Connect\u00e9 :<\/span> Non concern\u00e9\t\t\t\t\t<\/li>\n<\/ul>\n<\/li>\n<li class=\"product-features__item\" role=\"listitem\">\n<h3 class=\"product-features__label\">Nettoyage et s\u00e9curit\u00e9<\/h3>\n<ul role=\"list\">\n<li class=\"product-features__item-list__item\" role=\"listitem\"><span class=\"is--medium\">Nettoyage :<\/span> Vapeur (hydrolyse)\t\t\t\t\t<\/li>\n<li class=\"product-features__item-list__item\" role=\"listitem\"><span class=\"is--medium\">Avantage vapeur (hydrolyse) :<\/span> Il suffit de verser au fond la cavit\u00e9 de l&rsquo;eau et du liquide vaisselle. Le four chauffe quelques minutes, l&rsquo;eau se transforme en vapeur et ramollit les graisses. Un coup d&rsquo;\u00e9ponge pour retirer les r\u00e9sidus tomb\u00e9s dans la cavit\u00e9. Ce syst\u00e8me est \u00e9cologique et \u00e9conomique.\t\t\t\t\t<\/li>\n<li class=\"product-features__item-list__item\" role=\"listitem\"><span class=\"is--medium\">Pr\u00e9conisation de nettoyage :<\/span> Non\t\t\t\t\t<\/li>\n<li class=\"product-features__item-list__item\" role=\"listitem\"><span class=\"is--medium\">Accessoires pyrolysables :<\/span> Non\t\t\t\t\t<\/li>\n<li class=\"product-features__item-list__item\" role=\"listitem\"><span class=\"is--medium\">Rev\u00eatement de la cavit\u00e9 :<\/span> Email\t\t\t\t\t<\/li>\n<li class=\"product-features__item-list__item\" role=\"listitem\"><span class=\"is--medium\">S\u00e9curit\u00e9 enfant :<\/span> Verrouillage des commandes\t\t\t\t\t<\/li>\n<li class=\"product-features__item-list__item\" role=\"listitem\"><span class=\"is--medium\">Type de porte :<\/span> Froide\t\t\t\t\t<\/li>\n<li class=\"product-features__item-list__item\" role=\"listitem\"><span class=\"is--medium\">Avantage porte froide :<\/span> C&rsquo;est un gage de s\u00e9curit\u00e9, il n&rsquo;y a aucun risque de br\u00fblure et l&rsquo;\u00e9paisseur des vitres offre une excellente isolation\t\t\t\t\t<\/li>\n<li class=\"product-features__item-list__item\" role=\"listitem\"><span class=\"is--medium\">Type d&rsquo;ouverture de porte :<\/span> Standard\t\t\t\t\t<\/li>\n<li class=\"product-features__item-list__item\" role=\"listitem\"><span class=\"is--medium\">Fermeture de porte :<\/span> Fermeture et ouverture douce\t\t\t\t\t<\/li>\n<li class=\"product-features__item-list__item\" role=\"listitem\"><span class=\"is--medium\">Vitre de porte d\u00e9montable :<\/span> Non\t\t\t\t\t<\/li>\n<\/ul>\n<\/li>\n<li class=\"product-features__item\" role=\"listitem\">\n<h3 class=\"product-features__label\">Equipement<\/h3>\n<ul role=\"list\">\n<li class=\"product-features__item-list__item\" role=\"listitem\"><span class=\"is--medium\">Programmateur :<\/span> Electronique\t\t\t\t\t<\/li>\n<li class=\"product-features__item-list__item\" role=\"listitem\"><span class=\"is--medium\">Rails t\u00e9l\u00e9scopiques :<\/span> ils permettent d&rsquo;acc\u00e9der \u00e0 vos plats en les faisant coulisser en dehors de l&rsquo;enceinte de cuisson en \u00e9vitant les risques de basculement. Vous pourrez arroser confortablement votre r\u00f4ti ou retourner facilement vos plats sans risque de br\u00fblure.\t\t\t\t\t<\/li>\n<li class=\"product-features__item-list__item\" role=\"listitem\"><span class=\"is--medium\">Tournebroche :<\/span> Non\t\t\t\t\t<\/li>\n<li class=\"product-features__item-list__item\" role=\"listitem\"><span class=\"is--medium\">Plat cuisson Air Fry :<\/span> Non\t\t\t\t\t<\/li>\n<\/ul>\n<\/li>\n<li class=\"product-features__item\" role=\"listitem\">\n<h3 class=\"product-features__label\">Bandeau de commandes<\/h3>\n<ul role=\"list\">\n<li class=\"product-features__item-list__item\" role=\"listitem\"><span class=\"is--medium\">Type de commande :<\/span> Boutons et touches tactiles\t\t\t\t\t<\/li>\n<li class=\"product-features__item-list__item\" role=\"listitem\"><span class=\"is--medium\">Taille de l&rsquo;\u00e9cran (cm) :<\/span> 10,9 cm\t\t\t\t\t<\/li>\n<li class=\"product-features__item-list__item\" role=\"listitem\"><span class=\"is--medium\">Type d&rsquo;\u00e9cran :<\/span> Ecran num\u00e9rique\t\t\t\t\t<\/li>\n<li class=\"product-features__item-list__item\" role=\"listitem\"><span class=\"is--medium\">Avantage de l&rsquo;\u00e9cran num\u00e9rique :<\/span> Lisibilit\u00e9 de l&rsquo;\u00e9cran avec informations supplementaires sur des conseils de cuisson. Facile d&rsquo;utilisation.\t\t\t\t\t<\/li>\n<li class=\"product-features__item-list__item\" role=\"listitem\"><span class=\"is--medium\">Couleur de l&rsquo;affichage :<\/span> Blanc\t\t\t\t\t<\/li>\n<\/ul>\n<\/li>\n<li class=\"product-features__item\" role=\"listitem\">\n<h3 class=\"product-features__label\">Consommations et \u00e9conomie d&rsquo;\u00e9nergie<\/h3>\n<ul role=\"list\">\n<li class=\"product-features__item-list__item\" role=\"listitem\"><span class=\"is--medium\">Label \u00e9nergie :<\/span> Non concern\u00e9\t\t\t\t\t<\/li>\n<li class=\"product-features__item-list__item\" role=\"listitem\"><span class=\"is--medium\">Puissance totale :<\/span> 3.000 W\t\t\t\t\t<\/li>\n<li class=\"product-features__item-list__item\" role=\"listitem\"><span class=\"is--medium\">Puissance du gril :<\/span> 1.700 W\t\t\t\t\t<\/li>\n<\/ul>\n<\/li>\n<li class=\"product-features__item\" role=\"listitem\">\n<h3 class=\"product-features__label\">Dimensions<\/h3>\n<ul role=\"list\">\n<li class=\"product-features__item-list__item\" role=\"listitem\"><span class=\"is--medium\">Type d&rsquo;encastrement :<\/span> Four standard (60 x 60 cm)\t\t\t\t\t<\/li>\n<li class=\"product-features__item-list__item\" role=\"listitem\"><span class=\"is--medium\">Dimensions l x h x p :<\/span> 59.7 x 59.2 x 54.8 cm\t\t\t\t\t<\/li>\n<li class=\"product-features__item-list__item\" role=\"listitem\"><span class=\"is--medium\">Longueur du cordon d&rsquo;alimentation :<\/span> 1,50 m\t\t\t\t\t<\/li>\n<li class=\"product-features__item-list__item\" role=\"listitem\"><span class=\"is--medium\">Poids Net :<\/span> 40,20 Kg\t\t\t\t\t<\/li>\n<li class=\"product-features__item-list__item\" role=\"listitem\"><span class=\"is--medium\">Volume de la cavit\u00e9 en litre :<\/span> 68 L\t\t\t\t\t<\/li>\n<\/ul>\n<\/li>\n<li class=\"product-features__item\" role=\"listitem\">\n<h3 class=\"product-features__label\">Informations compl\u00e9mentaires<\/h3>\n<ul role=\"list\">\n<li class=\"product-features__item-list__item\" role=\"listitem\"><span class=\"is--medium\">Fabriqu\u00e9 en :<\/span> Italie\t\t\t\t\t<\/li>\n<li class=\"product-features__item-list__item\" role=\"listitem\"><span class=\"is--medium\">Garantie :<\/span> 2 ans\t\t\t\t\t<\/li>\n<li class=\"product-features__item-list__item\" role=\"listitem\"><span class=\"is--medium\">Disponibilit\u00e9 des pi\u00e8ces d\u00e9tach\u00e9es (donn\u00e9es fournisseur) :<\/span> Pendant 10 ans, \u00e0 compter de la date d&rsquo;achat\t\t\t\t\t<\/li>\n<li class=\"product-features__item-list__item\" role=\"listitem\"><span class=\"is--medium\">Bien installer son four :<\/span> <a href=\"https:\/\/www.boulanger.com\/info\/animation\/bcbu\/gros-menager\/four-encastrable\/installation.html\" target=\"_blank\">Cliquez ici <\/a><\/li>\n<\/ul>\n<\/li>\n<\/ul>\n<\/div>\n<div class=\"product__disclosure-content\">\n<div class=\"js-read-more product-description__content read-more read-more--truncated\" data-read-more-name=\"description\" style=\"max-height: 500px; overflow: hidden;\">\n<p>Lib\u00e9rez vos id\u00e9es cr\u00e9atives en cuisine avec l&rsquo;\u00e9l\u00e9gant four combin\u00e9 SO6302M2X de Smeg.<\/p>\n<h3><img fetchpriority=\"high\" decoding=\"async\" ,=\"\" alt=\"Four SMEG SO6302M2X\" class=\"wy_tableau_gauche\" height=\"270\" src=\"https:\/\/boulanger.scene7.com\/is\/image\/Boulanger\/8017709295103_h_f_l_0?wid=400&amp;hei=270\" width=\"400\"\/>Des performances professionnelles<\/h3>\n<p>\u00c0 vous les repas gastronomiques dans le confort de votre domicile ! Avec le four SO6302M2X, Smeg met \u00e0 votre disposition <b>un appareil ultra-performant et intuitif qui s&rsquo;occupe de tout<\/b>. Son <b>mode chaleur tournante d\u00e9livre une puissance constante et homog\u00e8ne<\/b>, tandis que sa fonction micro-ondes s&rsquo;adapte \u00e0 votre quotidien pour des performances rapides comme l&rsquo;\u00e9clair.<\/p>\n<p>Avec sept fonctions de cuisson au four, quatre programmes micro-ondes et 6 fonctions suppl\u00e9mentaires, <b>les possibilit\u00e9s sont infinies avec votre four SO6302M2X<\/b>. Smeg met \u00e0 votre disposition toute son innovation pour vous offrir des fonctions vari\u00e9es : chaleur tournante ou brass\u00e9e, pizza, micro-ondes, gril, d\u00e9cong\u00e9lation et bien d&rsquo;autres sont au rendez-vous pour vous <b>laisser carte blanche en cuisine.<\/b><\/p>\n<h3><img decoding=\"async\" ,=\"\" alt=\"Four SMEG SO6302M2X\" class=\"wy_tableau_right\" height=\"270\" src=\"https:\/\/boulanger.scene7.com\/is\/image\/Boulanger\/8017709295103_h_f_l_1?wid=400&amp;hei=270\" width=\"400\"\/>La performance au service de la cuisine<\/h3>\n<p>Smeg a pens\u00e9 \u00e0 tout pour que son four SO6302M2X s&rsquo;adapte \u00e0 toutes vos envies et vos besoins : sa <b>fonction VaporClean garantit un entretien simple et intuitif<\/b> \u00e0 votre four pour des performances durables et solides. La puissance de 3000 watts de votre four Smeg vous garantit, quant \u00e0 elle, des performances en cuisine dignes des meilleures tables.<\/p>\n<p>Le design de votre four combin\u00e9 SO6302M2X puise son inspiration dans <b>le style intemporel et inimitable de Smeg<\/b>. Des lignes nettes, un verre noir ultra-lisse et des finitions chrom\u00e9es donnent <b>un look \u00e9pur\u00e9, \u00e9l\u00e9gant et styl\u00e9 \u00e0 votre cuisine<\/b>.<\/p>\n<\/p>\n<p><a href=\"https:\/\/www.boulanger.com\/evenement\/livraison-domicile-gros-produits-service\" rel=\"noopener\" target=\"_blank\" title=\"Livraison \u00e0 domicile gros produits et service\"><img decoding=\"async\" height=\"160\" src=\"https:\/\/boulanger.scene7.com\/is\/image\/Boulanger\/Reprise ancien appareil?wid=1260\" width=\"1240\"\/><\/a><\/p>\n<\/div>\n<p><bl-button a11yexpanded=\"false\" arialabel=\"Afficher toute la description\" class=\"read-more__btn\" full=\"false\" link=\"true\">Voir plus<\/bl-button><\/div>","protected":false},"excerpt":{"rendered":"<div class=\"keypoints\">\n<h3 class=\"keypoints__title\">Les points cl\u00e9s<\/h3>\n<ul role=\"list\">\n<li class=\"keypoints__item\" role=\"listitem\">                          Combin\u00e9 micro-ondes &#8211;                                                      Nettoyage vapeur (hydrolyse)                      <\/li>\n<li class=\"keypoints__item\" role=\"listitem\">                                        Rails t\u00e9l\u00e9scopiques                      <\/li>\n<li class=\"keypoints__item\" role=\"listitem\">                          Porte froide &#8211;                                                      Ouverture standard                      <\/li>\n<li class=\"keypoints__item\" role=\"listitem\">                                        Encastrement standard (60cm)                      <\/li>\n<li class=\"keypoints__item keypoints__item--advantage\" role=\"listitem\"><strong>Le + :<\/strong> Le mode micro-ondes multiplient les possibilit\u00e9s de cuisson pour une polyvalence maximale      <\/li>\n<\/ul>","protected":false},"featured_media":9099,"template":"","meta":{"_glsr_average":0,"_glsr_ranking":0,"_glsr_reviews":0},"product_cat":[212],"product_tag":[213,131],"class_list":{"0":"post-37457","1":"product","2":"type-product","3":"status-publish","4":"has-post-thumbnail","6":"product_cat-four-encastrable","7":"product_tag-four-encastrable","8":"product_tag-gros-electromenager","10":"first","11":"instock","12":"sale","13":"shipping-taxable","14":"purchasable","15":"product-type-simple"},"_links":{"self":[{"href":"https:\/\/electromenagerexpress.com\/en\/wp-json\/wp\/v2\/product\/37457","targetHints":{"allow":["GET"]}}],"collection":[{"href":"https:\/\/electromenagerexpress.com\/en\/wp-json\/wp\/v2\/product"}],"about":[{"href":"https:\/\/electromenagerexpress.com\/en\/wp-json\/wp\/v2\/types\/product"}],"wp:featuredmedia":[{"embeddable":true,"href":"https:\/\/electromenagerexpress.com\/en\/wp-json\/wp\/v2\/media\/9099"}],"wp:attachment":[{"href":"https:\/\/electromenagerexpress.com\/en\/wp-json\/wp\/v2\/media?parent=37457"}],"wp:term":[{"taxonomy":"product_cat","embeddable":true,"href":"https:\/\/electromenagerexpress.com\/en\/wp-json\/wp\/v2\/product_cat?post=37457"},{"taxonomy":"product_tag","embeddable":true,"href":"https:\/\/electromenagerexpress.com\/en\/wp-json\/wp\/v2\/product_tag?post=37457"}],"curies":[{"name":"wp","href":"https:\/\/api.w.org\/{rel}","templated":true}]}}