{"id":37396,"date":"2024-11-21T13:14:52","date_gmt":"2024-11-21T13:14:52","guid":{"rendered":"https:\/\/electromenagerexpress.com\/product\/four-encastrable-samsung-nv7b4550uab-serie-4\/"},"modified":"2024-11-21T13:14:58","modified_gmt":"2024-11-21T13:14:58","slug":"four-encastrable-samsung-nv7b4550uab-serie-4","status":"publish","type":"product","link":"https:\/\/electromenagerexpress.com\/en\/product\/four-encastrable-samsung-nv7b4550uab-serie-4\/","title":{"rendered":"Four encastrable \t\t\t\t\t\t\tSAMSUNG \t\t\t\tNV7B4550UAB S\u00e9rie 4"},"content":{"rendered":"<div class=\"product-features__content\">\n<ul role=\"list\">\n<li class=\"product-features__item\" role=\"listitem\">\n<h3 class=\"product-features__label\">Bien choisir<\/h3>\n<ul role=\"list\">\n<li class=\"product-features__item-list__item\" role=\"listitem\"><span class=\"is--medium\">Choisissez le mod\u00e8le Samsung qu&rsquo;il vous faut :<\/span> <a href=\"https:\/\/www.boulanger.com\/evenement\/comparateur-four-samsung\" target=\"_blank\">Cliquez ici <\/a><\/li>\n<\/ul>\n<\/li>\n<li class=\"product-features__item\" role=\"listitem\">\n<h3 class=\"product-features__label\">Nos services de livraison<\/h3>\n<ul role=\"list\">\n<li class=\"product-features__item-list__item\" role=\"listitem\"><span class=\"is--medium\">Livraison et reprise de votre ancien appareil offerts \u00e0 partir de 379 \u20ac :<\/span> <a href=\"https:\/\/www.boulanger.com\/evenement\/livraison-domicile\"> (voir conditions, en cliquant ici )<\/a><\/li>\n<\/ul>\n<\/li>\n<li class=\"product-features__item\" role=\"listitem\">\n<h3 class=\"product-features__label\">Modes de cuisson<\/h3>\n<ul role=\"list\">\n<li class=\"product-features__item-list__item\" role=\"listitem\"><span class=\"is--medium\">Mode de cuisson :<\/span> Chaleur tournante puls\u00e9e\t\t\t\t\t<\/li>\n<li class=\"product-features__item-list__item\" role=\"listitem\"><span class=\"is--medium\">Avantage de la chaleur tournante puls\u00e9e :<\/span> le four est \u00e9quip\u00e9 d&rsquo;un ventilateur et d&rsquo;une r\u00e9sistance circulaire situ\u00e9es sur la paroi arri\u00e8re du four, pour une cuisson simultan\u00e9e de diff\u00e9rents plats sur plusieurs niveaux\t\t\t\t\t<\/li>\n<li class=\"product-features__item-list__item\" role=\"listitem\"><span class=\"is--medium\">Nombre de programmes de cuisson :<\/span> 23\t\t\t\t\t<\/li>\n<li class=\"product-features__item-list__item\" role=\"listitem\"><span class=\"is--medium\">Fonctions sp\u00e9ciales pour r\u00e9pondre \u00e0 toutes vos envies :<\/span> pr\u00e9chauffage rapide, basse temp\u00e9rature, d\u00e9cong\u00e9lation, maintien au chaud, pizza, cuisson sous vide\t\t\t\t\t<\/li>\n<li class=\"product-features__item-list__item\" role=\"listitem\"><span class=\"is--medium\">Avantage de la cuisson sous vide :<\/span> Garantie une cuisson uniforme, sans que les aliments ne dess\u00e8chent tout en conservant leurs nutriments et saveurs\t\t\t\t\t<\/li>\n<li class=\"product-features__item-list__item\" role=\"listitem\"><span class=\"is--medium\">Nombre de recettes programm\u00e9es :<\/span> 40 aides aux choix des modes de cuisson et des temps de cuisson.\t\t\t\t\t<\/li>\n<li class=\"product-features__item-list__item\" role=\"listitem\"><span class=\"is--medium\">Nombre de programmes 100 % automatique :<\/span> 40 programmes, le four s&rsquo;occupe du calcul du poids, du temps de cuisson, du mode de cuisson et des temp\u00e9ratures\t\t\t\t\t<\/li>\n<\/ul>\n<\/li>\n<li class=\"product-features__item\" role=\"listitem\">\n<h3 class=\"product-features__label\">Cuisson vapeur<\/h3>\n<ul role=\"list\">\n<li class=\"product-features__item-list__item\" role=\"listitem\"><span class=\"is--medium\">Type de cuisson vapeur :<\/span> Ajout vapeur\t\t\t\t\t<\/li>\n<li class=\"product-features__item-list__item\" role=\"listitem\"><span class=\"is--medium\">Mode d&rsquo;ajout d&rsquo;eau :<\/span> Dans la cavit\u00e9 en bas du four\t\t\t\t\t<\/li>\n<li class=\"product-features__item-list__item\" role=\"listitem\"><span class=\"is--medium\">Avantage du mode avec ajout de vapeur :<\/span> La cuisson vapeur assist\u00e9e permet de cuisiner \u00e0 l&rsquo;aide de la vapeur, afin d&rsquo;obtenir des performances de cuisson am\u00e9lior\u00e9es. Elle est tout particuli\u00e8rement recommand\u00e9e pour le pain et la p\u00e2tisserie\t\t\t\t\t<\/li>\n<\/ul>\n<\/li>\n<li class=\"product-features__item\" role=\"listitem\">\n<h3 class=\"product-features__label\">Connectivit\u00e9<\/h3>\n<ul role=\"list\">\n<li class=\"product-features__item-list__item\" role=\"listitem\"><span class=\"is--medium\">Connect\u00e9 :<\/span> Oui, contr\u00f4lez les fonctions de votre four \u00e0 distance, acc\u00e9dez \u00e0 de nombreuses recettes, des conseils d&rsquo;entretien et d&rsquo;utilisation au quotidien.\t\t\t\t\t<\/li>\n<li class=\"product-features__item-list__item\" role=\"listitem\"><span class=\"is--medium\">Compatibilit\u00e9 :<\/span> iOS et Android\t\t\t\t\t<\/li>\n<li class=\"product-features__item-list__item\" role=\"listitem\"><span class=\"is--medium\">Assistant vocal :<\/span> Compatible Alexa\/Assistant Google\t\t\t\t\t<\/li>\n<li class=\"product-features__item-list__item\" role=\"listitem\"><span class=\"is--medium\">Programmes :<\/span> recettes, pilotable \u00e0 la voix\t\t\t\t\t<\/li>\n<\/ul>\n<\/li>\n<li class=\"product-features__item\" role=\"listitem\">\n<h3 class=\"product-features__label\">Nettoyage et s\u00e9curit\u00e9<\/h3>\n<ul role=\"list\">\n<li class=\"product-features__item-list__item\" role=\"listitem\"><span class=\"is--medium\">Nettoyage :<\/span> Pyrolyse\t\t\t\t\t<\/li>\n<li class=\"product-features__item-list__item\" role=\"listitem\"><span class=\"is--medium\">Avantage pyrolyse :<\/span> La temp\u00e9rature int\u00e9rieure du four monte jusqu&rsquo;\u00e0 500\u00b0C et d\u00e9truit les graisses, vous n&rsquo;avez plus qu&rsquo;\u00e0 r\u00e9cup\u00e9rer les cendres \u00e0 l&rsquo;aide d&rsquo;un torchon et le tour est jou\u00e9 !\t\t\t\t\t<\/li>\n<li class=\"product-features__item-list__item\" role=\"listitem\"><span class=\"is--medium\">Conseils pyrolyse :<\/span> Sauf contre indication de la marque dans la notice, il est fortement conseill\u00e9 pendant le nettoyage pyrolyse d&rsquo;enlever le(s) grilles(s), lechefrite(s) et rails\t\t\t\t\t<\/li>\n<li class=\"product-features__item-list__item\" role=\"listitem\"><span class=\"is--medium\">Accessoires pyrolysables :<\/span> Non\t\t\t\t\t<\/li>\n<li class=\"product-features__item-list__item\" role=\"listitem\"><span class=\"is--medium\">Rev\u00eatement de la cavit\u00e9 :<\/span> Email\t\t\t\t\t<\/li>\n<li class=\"product-features__item-list__item\" role=\"listitem\"><span class=\"is--medium\">S\u00e9curit\u00e9 enfant :<\/span> Verrouillage porte et commandes\t\t\t\t\t<\/li>\n<li class=\"product-features__item-list__item\" role=\"listitem\"><span class=\"is--medium\">Type de porte :<\/span> Froide\t\t\t\t\t<\/li>\n<li class=\"product-features__item-list__item\" role=\"listitem\"><span class=\"is--medium\">Avantage porte froide :<\/span> C&rsquo;est un gage de s\u00e9curit\u00e9, il n&rsquo;y a aucun risque de br\u00fblure et l&rsquo;\u00e9paisseur des vitres offre une excellente isolation\t\t\t\t\t<\/li>\n<li class=\"product-features__item-list__item\" role=\"listitem\"><span class=\"is--medium\">Type d&rsquo;ouverture de porte :<\/span> Standard\t\t\t\t\t<\/li>\n<li class=\"product-features__item-list__item\" role=\"listitem\"><span class=\"is--medium\">Fermeture de porte :<\/span> Fermeture simple\t\t\t\t\t<\/li>\n<li class=\"product-features__item-list__item\" role=\"listitem\"><span class=\"is--medium\">Vitre de porte d\u00e9montable :<\/span> Non\t\t\t\t\t<\/li>\n<\/ul>\n<\/li>\n<li class=\"product-features__item\" role=\"listitem\">\n<h3 class=\"product-features__label\">Equipement<\/h3>\n<ul role=\"list\">\n<li class=\"product-features__item-list__item\" role=\"listitem\"><span class=\"is--medium\">Rails t\u00e9l\u00e9scopiques :<\/span> ils permettent d&rsquo;acc\u00e9der \u00e0 vos plats en les faisant coulisser en dehors de l&rsquo;enceinte de cuisson en \u00e9vitant les risques de basculement. Vous pourrez arroser confortablement votre r\u00f4ti ou retourner facilement vos plats sans risque de br\u00fblure.\t\t\t\t\t<\/li>\n<li class=\"product-features__item-list__item\" role=\"listitem\"><span class=\"is--medium\">Tournebroche :<\/span> Non\t\t\t\t\t<\/li>\n<li class=\"product-features__item-list__item\" role=\"listitem\"><span class=\"is--medium\">Sonde de cuisson :<\/span> la sonde de cuisson permet de surveiller la temp\u00e9rature \u00e0 coeur de votre plat. Elle met fin au programme une fois la temp\u00e9rature atteinte. Vous avez la certitude de r\u00e9ussir vos cuissons m\u00eame d\u00e9licates\t\t\t\t\t<\/li>\n<li class=\"product-features__item-list__item\" role=\"listitem\"><span class=\"is--medium\">S\u00e9parateur de cavit\u00e9 :<\/span> Oui, permet de cuire 2 plats avec des modes de cuisson diff\u00e9rents et des temp\u00e9ratures distinctes. Gagnez du temps et de la flexibilit\u00e9.\t\t\t\t\t<\/li>\n<li class=\"product-features__item-list__item\" role=\"listitem\"><span class=\"is--medium\">Plat cuisson Air Fry :<\/span> Non\t\t\t\t\t<\/li>\n<\/ul>\n<\/li>\n<li class=\"product-features__item\" role=\"listitem\">\n<h3 class=\"product-features__label\">Bandeau de commandes<\/h3>\n<ul role=\"list\">\n<li class=\"product-features__item-list__item\" role=\"listitem\"><span class=\"is--medium\">Type de commande :<\/span> Boutons\t\t\t\t\t<\/li>\n<li class=\"product-features__item-list__item\" role=\"listitem\"><span class=\"is--medium\">Type d&rsquo;\u00e9cran :<\/span> Ecran num\u00e9rique\t\t\t\t\t<\/li>\n<li class=\"product-features__item-list__item\" role=\"listitem\"><span class=\"is--medium\">Avantage de l&rsquo;\u00e9cran num\u00e9rique :<\/span> Lisibilit\u00e9 de l&rsquo;\u00e9cran avec informations supplementaires sur des conseils de cuisson. Facile d&rsquo;utilisation.\t\t\t\t\t<\/li>\n<li class=\"product-features__item-list__item\" role=\"listitem\"><span class=\"is--medium\">Couleur de l&rsquo;affichage :<\/span> Blanc\t\t\t\t\t<\/li>\n<\/ul>\n<\/li>\n<li class=\"product-features__item\" role=\"listitem\">\n<h3 class=\"product-features__label\">Consommations et \u00e9conomie d&rsquo;\u00e9nergie<\/h3>\n<ul role=\"list\">\n<li class=\"product-features__item-list__item\" role=\"listitem\"><span class=\"is--medium\">Label \u00e9nergie :<\/span> A+\t\t\t\t\t<\/li>\n<li class=\"product-features__item-list__item\" role=\"listitem\"><span class=\"is--medium\">Puissance totale :<\/span> 3.950 W\t\t\t\t\t<\/li>\n<li class=\"product-features__item-list__item\" role=\"listitem\"><span class=\"is--medium\">Puissance du gril :<\/span> 1.600 W\t\t\t\t\t<\/li>\n<li class=\"product-features__item-list__item\" role=\"listitem\"><span class=\"is--medium\">Consommation en convection naturelle :<\/span> 1,05 kW\t\t\t\t\t<\/li>\n<li class=\"product-features__item-list__item\" role=\"listitem\"><span class=\"is--medium\">Consommation en chaleur tournante :<\/span> 0,71 kW\t\t\t\t\t<\/li>\n<\/ul>\n<\/li>\n<li class=\"product-features__item\" role=\"listitem\">\n<h3 class=\"product-features__label\">Dimensions<\/h3>\n<ul role=\"list\">\n<li class=\"product-features__item-list__item\" role=\"listitem\"><span class=\"is--medium\">Type d&rsquo;encastrement :<\/span> Four standard (60 x 60 cm)\t\t\t\t\t<\/li>\n<li class=\"product-features__item-list__item\" role=\"listitem\"><span class=\"is--medium\">Dimensions l x h x p :<\/span> 59.6 x 59.5 x 57 cm\t\t\t\t\t<\/li>\n<li class=\"product-features__item-list__item\" role=\"listitem\"><span class=\"is--medium\">Poids Net :<\/span> 44,50 Kg\t\t\t\t\t<\/li>\n<li class=\"product-features__item-list__item\" role=\"listitem\"><span class=\"is--medium\">Volume de la cavit\u00e9 en litre :<\/span> 76 L\t\t\t\t\t<\/li>\n<\/ul>\n<\/li>\n<li class=\"product-features__item\" role=\"listitem\">\n<h3 class=\"product-features__label\">Informations compl\u00e9mentaires<\/h3>\n<ul role=\"list\">\n<li class=\"product-features__item-list__item\" role=\"listitem\"><span class=\"is--medium\">Fabriqu\u00e9 en :<\/span> Malaisie\t\t\t\t\t<\/li>\n<li class=\"product-features__item-list__item\" role=\"listitem\"><span class=\"is--medium\">Garantie :<\/span> 2 ans\t\t\t\t\t<\/li>\n<li class=\"product-features__item-list__item\" role=\"listitem\"><span class=\"is--medium\">Disponibilit\u00e9 des pi\u00e8ces d\u00e9tach\u00e9es (donn\u00e9es fournisseur) :<\/span> Pendant 10 ans, \u00e0 compter de la date d&rsquo;achat\t\t\t\t\t<\/li>\n<li class=\"product-features__item-list__item\" role=\"listitem\"><span class=\"is--medium\">Bien installer son four :<\/span> <a href=\"https:\/\/www.boulanger.com\/info\/animation\/bcbu\/gros-menager\/four-encastrable\/installation.html\" target=\"_blank\">Cliquez ici <\/a><\/li>\n<\/ul>\n<\/li>\n<\/ul>\n<\/div>\n<div class=\"product__disclosure-content\">\n<div class=\"js-read-more product-description__content read-more read-more--truncated\" data-read-more-name=\"description\" style=\"max-height: 500px; overflow: hidden;\">\n<p>Samsung NV7B4550UAB : un four pyrolyse grande capacit\u00e9 alliant modularit\u00e9, performance et design.<\/p>\n<h3><img fetchpriority=\"high\" decoding=\"async\" alt=\"Four pyrolyse Samsung NV7B4550UAB Dual Cook Flex\u2122\" class=\"wy_tableau_gauche\" height=\"291\" src=\"https:\/\/boulanger.scene7.com\/is\/image\/Boulanger\/8806094337440_h_f_l_3?wid=400&amp;hei=270\" width=\"427\"\/>Samsung NV7B4550UAB: le four 3-en-1<\/h3>\n<p>Avec ses deux cavit\u00e9s s\u00e9par\u00e9es (une sup\u00e9rieure, une inf\u00e9rieure), la technologie <strong>Dual Cook Flex\u2122<\/strong> vous fait gagner du temps et de la flexibilit\u00e9 car chaque cavit\u00e9 peut fonctionner ind\u00e9pendamment (temp\u00e9rature et dur\u00e9e de cuisson). En mode <strong>Twin Convection\u2122<\/strong>, vous pouvez utiliser le syst\u00e8me d&rsquo;ouverture \u00e0 deux portes de ce four pyrolyse pour suivre la cuisson de la cavit\u00e9 sup\u00e9rieure sans perturber la cuisson de la cavit\u00e9 inf\u00e9rieure. Mais ces deux cavit\u00e9s peuvent ne faire qu&rsquo;une, vous donnant ainsi un grand espace de <strong>76 litres<\/strong>, id\u00e9al pour pr\u00e9parer des plats volumineux. Chargez et d\u00e9chargez-les sans prendre le risque de vous br\u00fbler \u00e0 l&rsquo;aide du <strong>rail t\u00e9lescopique.<\/strong> \u00a0<\/p>\n<h3><img decoding=\"async\" alt=\"Four pyrolyse Samsung NV7B4550UAB cuisson air sous-vide\" class=\"wy_tableau_right\" height=\"302\" src=\"https:\/\/boulanger.scene7.com\/is\/image\/Boulanger\/8806094337440_h_f_l_4?wid=400&amp;hei=270\" width=\"448\"\/>Tout un catalogue de cuissons \u00e0 votre disposition<\/h3>\n<p>Avec un \u00e9ventail de <strong>40 programmes automatiques<\/strong>, le four pyrolyse Samsung NV7B4550UAB vous offre une solution compl\u00e8te pour satisfaire toutes vos envies culinaires. La <strong>cuisson \u00a0\u00bb\u00a0vapeur naturelle\u00a0\u00ab\u00a0<\/strong> vous permet, en versant de l&rsquo;eau sur le plateau d\u00e9di\u00e9, de conserver l&rsquo;humidit\u00e9 naturelle de vos aliments, qui restent ainsi moelleux et tendres \u00e0 l&rsquo;int\u00e9rieur. En combinant la technologie de contr\u00f4le de temp\u00e9rature statique et de double capteur de temp\u00e9rature dans les cavit\u00e9s sup\u00e9rieure et inf\u00e9rieure, la <strong>cuisson \u00a0\u00bb\u00a0air sous-vide\u00a0\u00ab\u00a0<\/strong> cuit d\u00e9licatement vos aliments qui gardent ainsi tout leur tendret\u00e9 et leur jus.\u00a0 La <strong>sonde de cuisson<\/strong> vous indiquera si la cuisson de votre viande est bien \u00e0 coeur\u00a0!<\/p>\n<h3><img decoding=\"async\" alt=\"Four pyrolyse Samsung NV7B4550UAB Wi-Fi\" class=\"wy_tableau_gauche\" height=\"272\" src=\"https:\/\/boulanger.scene7.com\/is\/image\/Boulanger\/8806094337440_h_b_l_0?wid=400&amp;hei=270\" width=\"362\"\/>Un contr\u00f4le simplifi\u00e9, partout, tout le temps<\/h3>\n<p>Comme votre <strong>four Samsung NV7B4550UAB<\/strong> se connecte \u00e0 votre Wi-Fi, vous pouvez le contr\u00f4ler n&rsquo;importe o\u00f9 et n&rsquo;importe quand depuis l&rsquo;application <strong>SmartThings<\/strong> de votre smartphone. Pr\u00e9chauffez-le quand vous sortez du travail, \u00e9teignez-le \u00e0 la fin de son nettoyage, r\u00e9glez la temp\u00e9rature quand vous allez chercher du pain ou choisissez encore la dur\u00e9e de cuisson sans m\u00eame \u00eatre dans votre cuisine. Vous avez les mains prises\u00a0? Utilisez les commandes vocales <strong>Bixby et Google Assistant<\/strong>\u00a0!\u00a0 <\/p>\n<h3><img loading=\"lazy\" decoding=\"async\" alt=\"Four pyrolyse Samsung NV7B4550UAB Design Premium\" class=\"wy_tableau_right\" height=\"255\" src=\"https:\/\/boulanger.scene7.com\/is\/image\/Boulanger\/8806094337440_h_f_l_0?wid=400&amp;hei=270\" width=\"445\"\/>Un nouveau design sobre et moderne<\/h3>\n<p>D\u00e9couvrez un four au design innovant. Sobre de par son coloris noir inox, ses doubles boutons rotatifs et son \u00e9cran LED sont aussi intuitifs que discret. Avec cette esth\u00e9tique premium, le four pyrolyse Samsung NV7B4550UAB s&rsquo;int\u00e8gre \u00e0 merveille dans votre cuisine.<\/p>\n<\/p>\n<p><a href=\"https:\/\/www.boulanger.com\/evenement\/comparateur-four-samsung\" rel=\"noopener\" target=\"_blank\" title=\"Comparateur four samsung\"><img loading=\"lazy\" decoding=\"async\" height=\"160\" src=\"https:\/\/boulanger.scene7.com\/is\/image\/Boulanger\/comparateur-cuisson-samsung_d?wid=1260\" width=\"1240\"\/><\/a><a href=\"https:\/\/www.boulanger.com\/evenement\/livraison-domicile-gros-produits-service\" rel=\"noopener\" target=\"_blank\" title=\"Livraison \u00e0 domicile gros produits et service\"><img loading=\"lazy\" decoding=\"async\" height=\"160\" src=\"https:\/\/boulanger.scene7.com\/is\/image\/Boulanger\/Reprise ancien appareil?wid=1260\" width=\"1240\"\/><\/a><\/p>\n<\/div>\n<p><bl-button a11yexpanded=\"false\" arialabel=\"Afficher toute la description\" class=\"read-more__btn\" full=\"false\" link=\"true\">Voir plus<\/bl-button><\/div>","protected":false},"excerpt":{"rendered":"<div class=\"keypoints\">\n<h3 class=\"keypoints__title\">Les points cl\u00e9s<\/h3>\n<ul role=\"list\">\n<li class=\"keypoints__item\" role=\"listitem\">                          Chaleur tournante puls\u00e9e &#8211;                                                      Nettoyage pyrolyse                      <\/li>\n<li class=\"keypoints__item\" role=\"listitem\">                          Sonde cuisson, Rails t\u00e9l\u00e9scopiques &#8211;                                                      Connect\u00e9                      <\/li>\n<li class=\"keypoints__item\" role=\"listitem\">                          Porte froide &#8211;                                                      Ouverture standard                      <\/li>\n<li class=\"keypoints__item\" role=\"listitem\">                                        Encastrement standard (60cm)                      <\/li>\n<li class=\"keypoints__item keypoints__item--advantage\" role=\"listitem\"><strong>Le + :<\/strong> 2 cavit\u00e9s ind\u00e9pendantes, double porte, vapeur naturelle, sous-vide, connect\u00e9      <\/li>\n<\/ul>","protected":false},"featured_media":8245,"template":"","meta":{"_glsr_average":0,"_glsr_ranking":0,"_glsr_reviews":0},"product_cat":[212],"product_tag":[213,131],"class_list":{"0":"post-37396","1":"product","2":"type-product","3":"status-publish","4":"has-post-thumbnail","6":"product_cat-four-encastrable","7":"product_tag-four-encastrable","8":"product_tag-gros-electromenager","10":"first","11":"instock","12":"sale","13":"shipping-taxable","14":"purchasable","15":"product-type-simple"},"_links":{"self":[{"href":"https:\/\/electromenagerexpress.com\/en\/wp-json\/wp\/v2\/product\/37396","targetHints":{"allow":["GET"]}}],"collection":[{"href":"https:\/\/electromenagerexpress.com\/en\/wp-json\/wp\/v2\/product"}],"about":[{"href":"https:\/\/electromenagerexpress.com\/en\/wp-json\/wp\/v2\/types\/product"}],"wp:featuredmedia":[{"embeddable":true,"href":"https:\/\/electromenagerexpress.com\/en\/wp-json\/wp\/v2\/media\/8245"}],"wp:attachment":[{"href":"https:\/\/electromenagerexpress.com\/en\/wp-json\/wp\/v2\/media?parent=37396"}],"wp:term":[{"taxonomy":"product_cat","embeddable":true,"href":"https:\/\/electromenagerexpress.com\/en\/wp-json\/wp\/v2\/product_cat?post=37396"},{"taxonomy":"product_tag","embeddable":true,"href":"https:\/\/electromenagerexpress.com\/en\/wp-json\/wp\/v2\/product_tag?post=37396"}],"curies":[{"name":"wp","href":"https:\/\/api.w.org\/{rel}","templated":true}]}}