{"id":37387,"date":"2024-11-21T13:14:13","date_gmt":"2024-11-21T13:14:13","guid":{"rendered":"https:\/\/electromenagerexpress.com\/product\/four-encastrable-whirlpoolakz9626ix-6eme-sens\/"},"modified":"2024-11-21T13:14:20","modified_gmt":"2024-11-21T13:14:20","slug":"four-encastrable-whirlpoolakz9626ix-6eme-sens","status":"publish","type":"product","link":"https:\/\/electromenagerexpress.com\/en\/product\/four-encastrable-whirlpoolakz9626ix-6eme-sens\/","title":{"rendered":"Four encastrable \t\t\t\t\t\t\tWHIRLPOOL\t\t\t\tAKZ9626IX 6\u00e8me sens"},"content":{"rendered":"<div class=\"product-features__content\">\n<ul role=\"list\">\n<li class=\"product-features__item\" role=\"listitem\">\n<h3 class=\"product-features__label\">Nos services de livraison<\/h3>\n<ul role=\"list\">\n<li class=\"product-features__item-list__item\" role=\"listitem\"><span class=\"is--medium\">Livraison et reprise de votre ancien appareil offerts \u00e0 partir de 379 \u20ac :<\/span> <a href=\"https:\/\/www.boulanger.com\/evenement\/livraison-domicile\"> (voir conditions, en cliquant ici )<\/a><\/li>\n<\/ul>\n<\/li>\n<li class=\"product-features__item\" role=\"listitem\">\n<h3 class=\"product-features__label\">Modes de cuisson<\/h3>\n<ul role=\"list\">\n<li class=\"product-features__item-list__item\" role=\"listitem\"><span class=\"is--medium\">Mode de cuisson :<\/span> Chaleur tournante puls\u00e9e\t\t\t\t\t<\/li>\n<li class=\"product-features__item-list__item\" role=\"listitem\"><span class=\"is--medium\">Avantage de la chaleur tournante puls\u00e9e :<\/span> le four est \u00e9quip\u00e9 d&rsquo;un ventilateur et d&rsquo;une r\u00e9sistance circulaire situ\u00e9es sur la paroi arri\u00e8re du four, pour une cuisson simultan\u00e9e de diff\u00e9rents plats sur plusieurs niveaux\t\t\t\t\t<\/li>\n<li class=\"product-features__item-list__item\" role=\"listitem\"><span class=\"is--medium\">Nombre de programmes de cuisson :<\/span> 10\t\t\t\t\t<\/li>\n<li class=\"product-features__item-list__item\" role=\"listitem\"><span class=\"is--medium\">Fonctions sp\u00e9ciales pour r\u00e9pondre \u00e0 toutes vos envies :<\/span> pr\u00e9chauffage rapide, maintien au chaud, levage de p\u00e2te, pizza\t\t\t\t\t<\/li>\n<li class=\"product-features__item-list__item\" role=\"listitem\"><span class=\"is--medium\">Nombre de recettes programm\u00e9es :<\/span> Non communiqu\u00e9\t\t\t\t\t<\/li>\n<li class=\"product-features__item-list__item\" role=\"listitem\"><span class=\"is--medium\">Nombre de programmes 100 % automatique :<\/span> Non concern\u00e9\t\t\t\t\t<\/li>\n<\/ul>\n<\/li>\n<li class=\"product-features__item\" role=\"listitem\">\n<h3 class=\"product-features__label\">Connectivit\u00e9<\/h3>\n<ul role=\"list\">\n<li class=\"product-features__item-list__item\" role=\"listitem\"><span class=\"is--medium\">Connect\u00e9 :<\/span> Non concern\u00e9\t\t\t\t\t<\/li>\n<\/ul>\n<\/li>\n<li class=\"product-features__item\" role=\"listitem\">\n<h3 class=\"product-features__label\">Nettoyage et s\u00e9curit\u00e9<\/h3>\n<ul role=\"list\">\n<li class=\"product-features__item-list__item\" role=\"listitem\"><span class=\"is--medium\">Nettoyage :<\/span> Pyrolyse\t\t\t\t\t<\/li>\n<li class=\"product-features__item-list__item\" role=\"listitem\"><span class=\"is--medium\">Avantage pyrolyse :<\/span> La temp\u00e9rature int\u00e9rieure du four monte jusqu&rsquo;\u00e0 500\u00b0C et d\u00e9truit les graisses, vous n&rsquo;avez plus qu&rsquo;\u00e0 r\u00e9cup\u00e9rer les cendres \u00e0 l&rsquo;aide d&rsquo;un torchon et le tour est jou\u00e9 !\t\t\t\t\t<\/li>\n<li class=\"product-features__item-list__item\" role=\"listitem\"><span class=\"is--medium\">Conseils pyrolyse :<\/span> Sauf contre indication de la marque dans la notice, il est fortement conseill\u00e9 pendant le nettoyage pyrolyse d&rsquo;enlever le(s) grilles(s), lechefrite(s) et rails\t\t\t\t\t<\/li>\n<li class=\"product-features__item-list__item\" role=\"listitem\"><span class=\"is--medium\">Nettoyage express :<\/span> Pyrolyse express\t\t\t\t\t<\/li>\n<li class=\"product-features__item-list__item\" role=\"listitem\"><span class=\"is--medium\">Accessoires pyrolysables :<\/span> Non\t\t\t\t\t<\/li>\n<li class=\"product-features__item-list__item\" role=\"listitem\"><span class=\"is--medium\">S\u00e9curit\u00e9 enfant :<\/span> Non\t\t\t\t\t<\/li>\n<li class=\"product-features__item-list__item\" role=\"listitem\"><span class=\"is--medium\">Type de porte :<\/span> Froide\t\t\t\t\t<\/li>\n<li class=\"product-features__item-list__item\" role=\"listitem\"><span class=\"is--medium\">Avantage porte froide :<\/span> C&rsquo;est un gage de s\u00e9curit\u00e9, il n&rsquo;y a aucun risque de br\u00fblure et l&rsquo;\u00e9paisseur des vitres offre une excellente isolation\t\t\t\t\t<\/li>\n<li class=\"product-features__item-list__item\" role=\"listitem\"><span class=\"is--medium\">Type d&rsquo;ouverture de porte :<\/span> Standard\t\t\t\t\t<\/li>\n<li class=\"product-features__item-list__item\" role=\"listitem\"><span class=\"is--medium\">Fermeture de porte :<\/span> Fermeture simple\t\t\t\t\t<\/li>\n<li class=\"product-features__item-list__item\" role=\"listitem\"><span class=\"is--medium\">Vitre de porte d\u00e9montable :<\/span> Non\t\t\t\t\t<\/li>\n<\/ul>\n<\/li>\n<li class=\"product-features__item\" role=\"listitem\">\n<h3 class=\"product-features__label\">Equipement<\/h3>\n<ul role=\"list\">\n<li class=\"product-features__item-list__item\" role=\"listitem\"><span class=\"is--medium\">Programmateur :<\/span> Electronique\t\t\t\t\t<\/li>\n<li class=\"product-features__item-list__item\" role=\"listitem\"><span class=\"is--medium\">Rails t\u00e9l\u00e9scopiques :<\/span> ils permettent d&rsquo;acc\u00e9der \u00e0 vos plats en les faisant coulisser en dehors de l&rsquo;enceinte de cuisson en \u00e9vitant les risques de basculement. Vous pourrez arroser confortablement votre r\u00f4ti ou retourner facilement vos plats sans risque de br\u00fblure.\t\t\t\t\t<\/li>\n<li class=\"product-features__item-list__item\" role=\"listitem\"><span class=\"is--medium\">Tournebroche :<\/span> Non\t\t\t\t\t<\/li>\n<\/ul>\n<\/li>\n<li class=\"product-features__item\" role=\"listitem\">\n<h3 class=\"product-features__label\">Bandeau de commandes<\/h3>\n<ul role=\"list\">\n<li class=\"product-features__item-list__item\" role=\"listitem\"><span class=\"is--medium\">Type de commande :<\/span> Boutons et touches tactiles\t\t\t\t\t<\/li>\n<\/ul>\n<\/li>\n<li class=\"product-features__item\" role=\"listitem\">\n<h3 class=\"product-features__label\">Dans la m\u00eame collection<\/h3>\n<ul role=\"list\">\n<li class=\"product-features__item-list__item\" role=\"listitem\"><span class=\"is--medium\">Micro-ondes du m\u00eame design :<\/span> <a href=\"https:\/\/www.boulanger.com\/ref\/1048536\/\" target=\"_blank\">WHIRLPOOL AMW730IX<\/a><\/li>\n<\/ul>\n<\/li>\n<li class=\"product-features__item\" role=\"listitem\">\n<h3 class=\"product-features__label\">Consommations et \u00e9conomie d&rsquo;\u00e9nergie<\/h3>\n<ul role=\"list\">\n<li class=\"product-features__item-list__item\" role=\"listitem\"><span class=\"is--medium\">Label \u00e9nergie :<\/span> A+\t\t\t\t\t<\/li>\n<li class=\"product-features__item-list__item\" role=\"listitem\"><span class=\"is--medium\">Puissance totale :<\/span> 2.500 W\t\t\t\t\t<\/li>\n<li class=\"product-features__item-list__item\" role=\"listitem\"><span class=\"is--medium\">Puissance du gril :<\/span> 3.650 W\t\t\t\t\t<\/li>\n<li class=\"product-features__item-list__item\" role=\"listitem\"><span class=\"is--medium\">Consommation en convection naturelle :<\/span> 0,91 kW\t\t\t\t\t<\/li>\n<li class=\"product-features__item-list__item\" role=\"listitem\"><span class=\"is--medium\">Consommation en chaleur tournante :<\/span> 0,70 kW\t\t\t\t\t<\/li>\n<li class=\"product-features__item-list__item\" role=\"listitem\"><span class=\"is--medium\">Consommation en convection naturelle du deuxi\u00e8me four :<\/span> 0\t\t\t\t\t<\/li>\n<li class=\"product-features__item-list__item\" role=\"listitem\"><span class=\"is--medium\">Consommation en chaleur tournante du deuxi\u00e8me four :<\/span> 0\t\t\t\t\t<\/li>\n<\/ul>\n<\/li>\n<li class=\"product-features__item\" role=\"listitem\">\n<h3 class=\"product-features__label\">Dimensions<\/h3>\n<ul role=\"list\">\n<li class=\"product-features__item-list__item\" role=\"listitem\"><span class=\"is--medium\">Type d&rsquo;encastrement :<\/span> Four standard (60 x 60 cm)\t\t\t\t\t<\/li>\n<li class=\"product-features__item-list__item\" role=\"listitem\"><span class=\"is--medium\">Dimensions l x h x p :<\/span> 59.5 x 59.5 x 56.4 cm\t\t\t\t\t<\/li>\n<li class=\"product-features__item-list__item\" role=\"listitem\"><span class=\"is--medium\">Longueur du cordon d&rsquo;alimentation :<\/span> 39,00 cm\t\t\t\t\t<\/li>\n<li class=\"product-features__item-list__item\" role=\"listitem\"><span class=\"is--medium\">Poids Net :<\/span> 37,00 Kg\t\t\t\t\t<\/li>\n<li class=\"product-features__item-list__item\" role=\"listitem\"><span class=\"is--medium\">Dimensions d&rsquo;encastrement mini l x h x p :<\/span> NC x 58.2 x 53.8 cm\t\t\t\t\t<\/li>\n<li class=\"product-features__item-list__item\" role=\"listitem\"><span class=\"is--medium\">Volume de la cavit\u00e9 en litre :<\/span> 73 L\t\t\t\t\t<\/li>\n<li class=\"product-features__item-list__item\" role=\"listitem\"><span class=\"is--medium\">Volume de la cavit\u00e9 en litre du deuxi\u00e8me four :<\/span> 0\t\t\t\t\t<\/li>\n<\/ul>\n<\/li>\n<li class=\"product-features__item\" role=\"listitem\">\n<h3 class=\"product-features__label\">Informations compl\u00e9mentaires<\/h3>\n<ul role=\"list\">\n<li class=\"product-features__item-list__item\" role=\"listitem\"><span class=\"is--medium\">Fabriqu\u00e9 en :<\/span> Italie\t\t\t\t\t<\/li>\n<li class=\"product-features__item-list__item\" role=\"listitem\"><span class=\"is--medium\">Les experts B&rsquo;dom vous accompagnent :<\/span> <a href=\"http:\/\/www.boulanger.com\/ref\/9000036330\" target=\"_blank\"> Pour l&rsquo;installation de votre four, cliquez ici !<\/a><\/li>\n<li class=\"product-features__item-list__item\" role=\"listitem\"><span class=\"is--medium\">Garantie :<\/span> 2 ans\t\t\t\t\t<\/li>\n<li class=\"product-features__item-list__item\" role=\"listitem\"><span class=\"is--medium\">Disponibilit\u00e9 des pi\u00e8ces d\u00e9tach\u00e9es (donn\u00e9es fournisseur) :<\/span> Pendant 10 ans, \u00e0 compter de la date d&rsquo;achat\t\t\t\t\t<\/li>\n<li class=\"product-features__item-list__item\" role=\"listitem\"><span class=\"is--medium\">Bien installer son four :<\/span> <a href=\"https:\/\/www.boulanger.com\/info\/animation\/bcbu\/gros-menager\/four-encastrable\/installation.html\" target=\"_blank\">Cliquez ici <\/a><\/li>\n<\/ul>\n<\/li>\n<li class=\"product-features__item\" role=\"listitem\">\n<h3 class=\"product-features__label\">Et en plus<\/h3>\n<ul role=\"list\">\n<li class=\"product-features__item-list__item\" role=\"listitem\"><span class=\"is--medium\">Comme un Chef blog culinaire :<\/span> \u00a0<a target=\"_blank\"> Cliquez-ici<\/a><\/li>\n<\/ul>\n<\/li>\n<li class=\"product-features__item\" role=\"listitem\">\n<h3 class=\"product-features__label\">Pour vous aider \u00e0 mieux choisir<\/h3>\n<ul role=\"list\">\n<li class=\"product-features__item-list__item\" role=\"listitem\"><span class=\"is--medium\">Cliquez ici :<\/span> <a target=\"_blank\"> Guide d&rsquo;achat four <\/a><\/li>\n<li class=\"product-features__item-list__item\" role=\"listitem\"><span class=\"is--medium\">Vous souhaitez rencontrer un de nos conseillers expert ? :<\/span> <a href=\"http:\/\/www.boulanger.fr\/content\/bfr\/engagements\/rdv-conseil.htm\" target=\"_blank\"> Prenez rendez-vous ici <\/a><\/li>\n<\/ul>\n<\/li>\n<\/ul>\n<\/div>\n<div class=\"product__disclosure-content\">\n<div class=\"js-read-more product-description__content read-more read-more--truncated\" data-read-more-name=\"description\" style=\"max-height: 500px; overflow: hidden;\">\n<p>\u00c0 vous les bons petits plats avec le four pyrolyse WHIRLPOOL EX AKZ9626IX\u00a0! Gr\u00e2ce \u00e0 lui, vous \u00eates libre de g\u00e9rer la cuisson comme bon vous semble ou de laisser le four choisir pour vous la bonne temp\u00e9rature et le temps de cuisson.<\/p>\n<h3>La technologie 6\u00e8me Sens pour vous simplifier la vie\u00a0!<img fetchpriority=\"high\" decoding=\"async\" alt=\"\" class=\"wy_tableau_gauche\" height=\"270\" src=\"https:\/\/boulanger.scene7.com\/is\/image\/Boulanger\/8003437834202_p1?wid=400&amp;hei=270\" width=\"400\"\/><\/h3>\n<p>Le four pyrolyse WHIRLPOOL EX AKZ9626IX\u00a0vous offre <b>10 fonctions et 5 niveaux de cuisson<\/b>. Chaleur tournante, gril, maintien au chaud, levage des p\u00e2tes&#8230; Vous allez pouvoir cuisiner ce que vous voulez. De plus, le mode <b>chaleur puls\u00e9e<\/b> vous permet de cuire sur 3 niveaux sans m\u00e9lange d&rsquo;odeurs\u00a0!<\/p>\n<p>Vous pouvez aussi choisir de vous simplifier la vie en utilisant la <b>technologie 6\u00e8me Sens<\/b>. Celle-ci vous propose 6 cat\u00e9gories de plats. En fonction de sa nature, elle optera pour le mode de cuisson optimal et la temp\u00e9rature id\u00e9ale. Ainsi, gr\u00e2ce \u00e0 votre four WHIRLPOOL, vous r\u00e9ussirez toutes vos cr\u00e9ations culinaires\u00a0!<\/p>\n<h3>Un grand four pratique \u00e0 utiliser<img decoding=\"async\" alt=\"\" class=\"wy_tableau_right\" height=\"270\" src=\"https:\/\/boulanger.scene7.com\/is\/image\/Boulanger\/8003437834202_p2?wid=400&amp;hei=270\" width=\"400\"\/><\/h3>\n<p>Ce four pyrolyse WHIRLPOOL EX AKZ9626IX\u00a0se compose d&rsquo;une grande <b>cavit\u00e9 avec un volume de 73 litres<\/b>. Il est id\u00e9al pour pr\u00e9parer les repas d&rsquo;une famille au quotidien ou si vous avez l&rsquo;habitude d&rsquo;inviter r\u00e9guli\u00e8rement des amis chez vous. Pour l&rsquo;utiliser, rien de plus simple, car il est dot\u00e9 d&rsquo;un <b>bouton de commande centrale<\/b>, simple et rapide.<\/p>\n<p>\u00c0 l&rsquo;int\u00e9rieur de ce four WHIRLPOOL, vous serez ravi de pouvoir utiliser les <b>rails t\u00e9lescopiques<\/b> qui garantissent une manipulation des plats sans risque de basculement ou de br\u00fblure. Enfin, son mode nettoyage <b>pyrolyse<\/b> d\u00e9truit les graisses \u00e0 tr\u00e8s hautes temp\u00e9ratures, vous \u00e9vitant ainsi cette corv\u00e9e.<\/p>\n<\/p>\n<p><video class=\"s7Video\" controls=\"\" controlslist=\"nodownload\" poster=\"https:\/\/boulanger.scene7.com\/is\/image\/Boulanger\/garantiegam5ans?scl=1\" preload=\"metadata\" src=\"https:\/\/boulanger.scene7.com\/is\/content\/Boulanger\/garantiegam5ans\" width=\"100%\"><\/video><\/p>\n<p><a href=\"https:\/\/www.boulanger.com\/evenement\/livraison-domicile-gros-produits-service\" rel=\"noopener\" target=\"_blank\" title=\"Livraison \u00e0 domicile gros produits et service\"><img decoding=\"async\" height=\"160\" src=\"https:\/\/boulanger.scene7.com\/is\/image\/Boulanger\/Reprise ancien appareil?wid=1260\" width=\"1240\"\/><\/a><\/p>\n<\/div>\n<p><bl-button a11yexpanded=\"false\" arialabel=\"Afficher toute la description\" class=\"read-more__btn\" full=\"false\" link=\"true\">Voir plus<\/bl-button><\/div>","protected":false},"excerpt":{"rendered":"<div class=\"keypoints\">\n<h3 class=\"keypoints__title\">Les points cl\u00e9s<\/h3>\n<ul role=\"list\">\n<li class=\"keypoints__item\" role=\"listitem\">                          Chaleur tournante puls\u00e9e &#8211;                                                      Nettoyage pyrolyse                      <\/li>\n<li class=\"keypoints__item\" role=\"listitem\">                                        Rails t\u00e9l\u00e9scopiques                      <\/li>\n<li class=\"keypoints__item\" role=\"listitem\">                          Porte froide &#8211;                                                      Ouverture standard                      <\/li>\n<li class=\"keypoints__item\" role=\"listitem\">                                        Encastrement standard (60cm)                      <\/li>\n<li class=\"keypoints__item keypoints__item--advantage\" role=\"listitem\"><strong>Le + :<\/strong> Sa programmation assist\u00e9e et ses rails t\u00e9lescopiques coulissants pour un confort d&rsquo;utilisation      <\/li>\n<\/ul>","protected":false},"featured_media":8072,"template":"","meta":{"_glsr_average":0,"_glsr_ranking":0,"_glsr_reviews":0},"product_cat":[212],"product_tag":[213,131],"class_list":{"0":"post-37387","1":"product","2":"type-product","3":"status-publish","4":"has-post-thumbnail","6":"product_cat-four-encastrable","7":"product_tag-four-encastrable","8":"product_tag-gros-electromenager","10":"first","11":"instock","12":"sale","13":"shipping-taxable","14":"purchasable","15":"product-type-simple"},"_links":{"self":[{"href":"https:\/\/electromenagerexpress.com\/en\/wp-json\/wp\/v2\/product\/37387","targetHints":{"allow":["GET"]}}],"collection":[{"href":"https:\/\/electromenagerexpress.com\/en\/wp-json\/wp\/v2\/product"}],"about":[{"href":"https:\/\/electromenagerexpress.com\/en\/wp-json\/wp\/v2\/types\/product"}],"wp:featuredmedia":[{"embeddable":true,"href":"https:\/\/electromenagerexpress.com\/en\/wp-json\/wp\/v2\/media\/8072"}],"wp:attachment":[{"href":"https:\/\/electromenagerexpress.com\/en\/wp-json\/wp\/v2\/media?parent=37387"}],"wp:term":[{"taxonomy":"product_cat","embeddable":true,"href":"https:\/\/electromenagerexpress.com\/en\/wp-json\/wp\/v2\/product_cat?post=37387"},{"taxonomy":"product_tag","embeddable":true,"href":"https:\/\/electromenagerexpress.com\/en\/wp-json\/wp\/v2\/product_tag?post=37387"}],"curies":[{"name":"wp","href":"https:\/\/api.w.org\/{rel}","templated":true}]}}