{"id":37381,"date":"2024-11-21T13:13:41","date_gmt":"2024-11-21T13:13:41","guid":{"rendered":"https:\/\/electromenagerexpress.com\/product\/four-encastrable-samsung-nv7b45502ak-dualcookflex\/"},"modified":"2026-04-07T12:31:09","modified_gmt":"2026-04-07T12:31:09","slug":"four-encastrable-samsung-nv7b45502ak-dualcookflex","status":"publish","type":"product","link":"https:\/\/electromenagerexpress.com\/en\/product\/four-encastrable-samsung-nv7b45502ak-dualcookflex\/","title":{"rendered":"Four encastrable \tSAMSUNG \tNV7B45502AK DualCookFlex"},"content":{"rendered":"<div class=\"product-features__content\">\n<h3 class=\"product-features__label\">\u00a0 \u00a0Modes de cuisson<\/h3>\n<ul role=\"list\">\n<li style=\"list-style-type: none;\">\n<ul>\n<li style=\"list-style-type: none;\">\n<ul role=\"list\">\n<li class=\"product-features__item-list__item\" role=\"listitem\"><span class=\"is--medium\">Mode de cuisson :<\/span> Chaleur tournante puls\u00e9e<\/li>\n<li class=\"product-features__item-list__item\" role=\"listitem\"><span class=\"is--medium\">Avantage de la chaleur tournante puls\u00e9e :<\/span> le four est \u00e9quip\u00e9 d&rsquo;un ventilateur et d&rsquo;une r\u00e9sistance circulaire situ\u00e9es sur la paroi arri\u00e8re du four, pour une cuisson simultan\u00e9e de diff\u00e9rents plats sur plusieurs niveaux<\/li>\n<li class=\"product-features__item-list__item\" role=\"listitem\"><span class=\"is--medium\">Nombre de programmes de cuisson :<\/span> 25<\/li>\n<li class=\"product-features__item-list__item\" role=\"listitem\"><span class=\"is--medium\">Fonctions sp\u00e9ciales pour r\u00e9pondre \u00e0 toutes vos envies :<\/span> pr\u00e9chauffage rapide, maintien au chaud, s\u00e9chage\/d\u00e9shydratation<\/li>\n<li class=\"product-features__item-list__item\" role=\"listitem\"><span class=\"is--medium\">Nombre de recettes programm\u00e9es :<\/span> 40 aides aux choix des modes de cuisson et des temps de cuisson.<\/li>\n<li class=\"product-features__item-list__item\" role=\"listitem\"><span class=\"is--medium\">Nombre de programmes 100 % automatique :<\/span> 40 programmes, le four s&rsquo;occupe du calcul du poids, du temps de cuisson, du mode de cuisson et des temp\u00e9ratures<br \/>\n<h3 class=\"product-features__label\">Cuisson vapeur<\/h3>\n<ul role=\"list\">\n<li class=\"product-features__item-list__item\" role=\"listitem\"><span class=\"is--medium\">Type de cuisson vapeur :<\/span> Ajout vapeur<\/li>\n<li class=\"product-features__item-list__item\" role=\"listitem\"><span class=\"is--medium\">Mode d&rsquo;ajout d&rsquo;eau :<\/span> Dans la cavit\u00e9 en bas du four<\/li>\n<li class=\"product-features__item-list__item\" role=\"listitem\"><span class=\"is--medium\">Avantage du mode avec ajout de vapeur :<\/span> La cuisson vapeur assist\u00e9e permet de cuisiner \u00e0 l&rsquo;aide de la vapeur, afin d&rsquo;obtenir des performances de cuisson am\u00e9lior\u00e9es. Elle est tout particuli\u00e8rement recommand\u00e9e pour le pain et la p\u00e2tisserie<\/li>\n<\/ul>\n<\/li>\n<\/ul>\n<\/li>\n<\/ul>\n<\/li>\n<li class=\"product-features__item\" role=\"listitem\">\n<h3 class=\"product-features__label\">Connectivit\u00e9<\/h3>\n<ul role=\"list\">\n<li class=\"product-features__item-list__item\" role=\"listitem\"><span class=\"is--medium\">Connect\u00e9 :<\/span> Oui, contr\u00f4lez les fonctions de votre four \u00e0 distance, acc\u00e9dez \u00e0 de nombreuses recettes, des conseils d&rsquo;entretien et d&rsquo;utilisation au quotidien.<\/li>\n<li class=\"product-features__item-list__item\" role=\"listitem\"><span class=\"is--medium\">Compatibilit\u00e9 :<\/span> iOS et Android<\/li>\n<li class=\"product-features__item-list__item\" role=\"listitem\"><span class=\"is--medium\">Assistant vocal :<\/span> Compatible Alexa\/Assistant Google<\/li>\n<\/ul>\n<\/li>\n<li class=\"product-features__item\" role=\"listitem\">\n<h3 class=\"product-features__label\">Nettoyage et s\u00e9curit\u00e9<\/h3>\n<ul role=\"list\">\n<li class=\"product-features__item-list__item\" role=\"listitem\"><span class=\"is--medium\">Nettoyage :<\/span> Pyrolyse<\/li>\n<li class=\"product-features__item-list__item\" role=\"listitem\"><span class=\"is--medium\">Avantage pyrolyse :<\/span> La temp\u00e9rature int\u00e9rieure du four monte jusqu&rsquo;\u00e0 500\u00b0C et d\u00e9truit les graisses, vous n&rsquo;avez plus qu&rsquo;\u00e0 r\u00e9cup\u00e9rer les cendres \u00e0 l&rsquo;aide d&rsquo;un torchon et le tour est jou\u00e9 !<\/li>\n<li class=\"product-features__item-list__item\" role=\"listitem\"><span class=\"is--medium\">Conseils pyrolyse :<\/span> Sauf contre indication de la marque dans la notice, il est fortement conseill\u00e9 pendant le nettoyage pyrolyse d&rsquo;enlever le(s) grilles(s), lechefrite(s) et rails<\/li>\n<li class=\"product-features__item-list__item\" role=\"listitem\"><span class=\"is--medium\">Accessoires pyrolysables :<\/span> Non<\/li>\n<li class=\"product-features__item-list__item\" role=\"listitem\"><span class=\"is--medium\">Rev\u00eatement de la cavit\u00e9 :<\/span> Email<\/li>\n<li class=\"product-features__item-list__item\" role=\"listitem\"><span class=\"is--medium\">S\u00e9curit\u00e9 enfant :<\/span> Verrouillage des commandes<\/li>\n<li class=\"product-features__item-list__item\" role=\"listitem\"><span class=\"is--medium\">Type de porte :<\/span> Froide<\/li>\n<li class=\"product-features__item-list__item\" role=\"listitem\"><span class=\"is--medium\">Avantage porte froide :<\/span> C&rsquo;est un gage de s\u00e9curit\u00e9, il n&rsquo;y a aucun risque de br\u00fblure et l&rsquo;\u00e9paisseur des vitres offre une excellente isolation<\/li>\n<li class=\"product-features__item-list__item\" role=\"listitem\"><span class=\"is--medium\">Type d&rsquo;ouverture de porte :<\/span> Standard<\/li>\n<li class=\"product-features__item-list__item\" role=\"listitem\"><span class=\"is--medium\">Fermeture de porte :<\/span> Fermeture simple<\/li>\n<li class=\"product-features__item-list__item\" role=\"listitem\"><span class=\"is--medium\">Vitre de porte d\u00e9montable :<\/span> Non<\/li>\n<\/ul>\n<\/li>\n<li class=\"product-features__item\" role=\"listitem\">\n<h3 class=\"product-features__label\">Equipement<\/h3>\n<ul role=\"list\">\n<li class=\"product-features__item-list__item\" role=\"listitem\"><span class=\"is--medium\">Tournebroche :<\/span> Non<\/li>\n<li class=\"product-features__item-list__item\" role=\"listitem\"><span class=\"is--medium\">Sonde de cuisson :<\/span> la sonde de cuisson permet de surveiller la temp\u00e9rature \u00e0 coeur de votre plat. Elle met fin au programme une fois la temp\u00e9rature atteinte. Vous avez la certitude de r\u00e9ussir vos cuissons m\u00eame d\u00e9licates<\/li>\n<li class=\"product-features__item-list__item\" role=\"listitem\"><span class=\"is--medium\">S\u00e9parateur de cavit\u00e9 :<\/span> Oui, permet de cuire 2 plats avec des modes de cuisson diff\u00e9rents et des temp\u00e9ratures distinctes. Gagnez du temps et de la flexibilit\u00e9.<\/li>\n<\/ul>\n<\/li>\n<li class=\"product-features__item\" role=\"listitem\">\n<h3 class=\"product-features__label\">Bandeau de commandes<\/h3>\n<ul role=\"list\">\n<li class=\"product-features__item-list__item\" role=\"listitem\"><span class=\"is--medium\">Type de commande :<\/span> Boutons<\/li>\n<li class=\"product-features__item-list__item\" role=\"listitem\"><span class=\"is--medium\">Couleur de l&rsquo;affichage :<\/span> Blanc<\/li>\n<\/ul>\n<\/li>\n<li class=\"product-features__item\" role=\"listitem\">\n<h3 class=\"product-features__label\">Consommations et \u00e9conomie d&rsquo;\u00e9nergie<\/h3>\n<ul role=\"list\">\n<li class=\"product-features__item-list__item\" role=\"listitem\"><span class=\"is--medium\">Label \u00e9nergie :<\/span> A+<\/li>\n<li class=\"product-features__item-list__item\" role=\"listitem\"><span class=\"is--medium\">Puissance totale :<\/span> 3.950 W<\/li>\n<li class=\"product-features__item-list__item\" role=\"listitem\"><span class=\"is--medium\">Puissance du gril :<\/span> 1.100 W<\/li>\n<li class=\"product-features__item-list__item\" role=\"listitem\"><span class=\"is--medium\">Consommation en convection naturelle :<\/span> 1,05 kW<\/li>\n<li class=\"product-features__item-list__item\" role=\"listitem\"><span class=\"is--medium\">Consommation en chaleur tournante :<\/span> 0,71 kW<\/li>\n<\/ul>\n<\/li>\n<li class=\"product-features__item\" role=\"listitem\">\n<h3 class=\"product-features__label\">Dimensions<\/h3>\n<ul role=\"list\">\n<li class=\"product-features__item-list__item\" role=\"listitem\"><span class=\"is--medium\">Type d&rsquo;encastrement :<\/span> Four standard (60 x 60 cm)<\/li>\n<li class=\"product-features__item-list__item\" role=\"listitem\"><span class=\"is--medium\">Dimensions l x h x p :<\/span> 59.6 x 59.5 x 57 cm<\/li>\n<li class=\"product-features__item-list__item\" role=\"listitem\"><span class=\"is--medium\">Poids Net :<\/span> 43,70 Kg<\/li>\n<li class=\"product-features__item-list__item\" role=\"listitem\"><span class=\"is--medium\">Volume de la cavit\u00e9 en litre :<\/span> 76 L<\/li>\n<\/ul>\n<\/li>\n<li class=\"product-features__item\" role=\"listitem\">\n<h3 class=\"product-features__label\">Informations compl\u00e9mentaires<\/h3>\n<ul role=\"list\">\n<li class=\"product-features__item-list__item\" role=\"listitem\"><span class=\"is--medium\">Fabriqu\u00e9 en :<\/span> Malaisie<\/li>\n<li class=\"product-features__item-list__item\" role=\"listitem\"><span class=\"is--medium\">Garantie :<\/span> 2 ans<\/li>\n<li class=\"product-features__item-list__item\" role=\"listitem\"><span class=\"is--medium\">Disponibilit\u00e9 des pi\u00e8ces d\u00e9tach\u00e9es (donn\u00e9es fournisseur) :<\/span> Pendant 10 ans, \u00e0 compter de la date d&rsquo;achat<\/li>\n<\/ul>\n<\/li>\n<\/ul>\n<\/div>\n<div class=\"product__disclosure-content\">\n<div class=\"js-read-more product-description__content read-more read-more--truncated\" style=\"max-height: 500px; overflow: hidden;\" data-read-more-name=\"description\">\n<p><strong>Samsung NV7B45502AK<\/strong> : un four pyrolyse grande capacit\u00e9 alliant modularit\u00e9, performance et design.<\/p>\n<h3>Samsung NV7B45502AK : le four 3-en-1<\/h3>\n<p>Pourquoi cuisiner un plat quand on peut en faire\u00a0deux\u00a0? Avec ses deux cavit\u00e9s s\u00e9par\u00e9es (une sup\u00e9rieure, une inf\u00e9rieure), <strong>Dual Cook Flex\u2122<\/strong> vous offre une libert\u00e9 compl\u00e8te. Chaque cavit\u00e9 peut<\/p>\n<\/div>\n<p>&nbsp;<\/p>\n<div class=\"js-read-more product-description__content read-more read-more--truncated\" style=\"max-height: 500px; overflow: hidden;\" data-read-more-name=\"description\">\n<p>&nbsp;<\/p>\n<p>avoir sa propre temp\u00e9rature et sa propre dur\u00e9e de cuisson. En mode <strong>Twin Convection\u2122<\/strong>, suivez la cuisson de la cavit\u00e9 sup\u00e9rieure sans alt\u00e9rer la cuisson de la cavit\u00e9 inf\u00e9rieure gr\u00e2ce au syst\u00e8me d&rsquo;ouverture \u00e0 deux portes de ce four pyrolyse. Vous pouvez \u00e9galement utiliser uniquement une des deux cavit\u00e9s afin de consommer moins d&rsquo;\u00e9nergie, en utilisant la cavit\u00e9 sup\u00e9rieure, vous b\u00e9n\u00e9ficiez jusqu&rsquo;\u00e0 -25,3% * d&rsquo;\u00e9conomie d&rsquo;\u00e9nergie.<br \/>\nEt si vous voulez mettre les petits plats dans les grands et utiliser les<strong> 76 litres<\/strong> de ce four pyrolyse Samsung, retirez tout simplement le s\u00e9parateur de cavit\u00e9\u00a0!<\/p>\n<h3><\/h3>\n<h3>une cuisson digne des plus grands restaurants<\/h3>\n<p>Cuisine et technicit\u00e9 vont de pair. Ce <strong>four pyrolyse Samsung<\/strong> va bien au-del\u00e0 des m\u00e9thodes de cuisson standards puisque son catalogue contient <strong>40 programmes automatiques<\/strong>. Par exemple, versez de l&rsquo;eau sur le plateau d\u00e9di\u00e9 du <strong>Samsung NV7B45502AK<\/strong> et mettez en route la cuisson \u00a0\u00bb\u00a0<strong>vapeur naturelle<\/strong>\u00a0\u00ab\u00a0. La vapeur ainsi g\u00e9n\u00e9r\u00e9e permet de conserver l&rsquo;humidit\u00e9 naturelle de vos aliments, qui restent juteux et tendres \u00e0 l&rsquo;int\u00e9rieur. De son c\u00f4t\u00e9, la <strong>cuisson air sous-vide<\/strong> combine<\/p>\n<\/div>\n<p>&nbsp;<\/p>\n<div class=\"js-read-more product-description__content read-more read-more--truncated\" style=\"max-height: 500px; overflow: hidden;\" data-read-more-name=\"description\">\n<p>&nbsp;<\/p>\n<p>la technologie de contr\u00f4le de temp\u00e9rature statique et de double capteur de temp\u00e9rature dans les cavit\u00e9s sup\u00e9rieure et inf\u00e9rieure. Vos aliments cuisent d\u00e9licatement et gardent ainsi toute leur tendret\u00e9 et leur jus. La<strong> sonde de cuisson<\/strong> vous indiquera si la cuisson de votre viande est bien \u00e0 coeur.<\/p>\n<h3><\/h3>\n<h3><\/h3>\n<h3>Un contr\u00f4le simplifi\u00e9, partout, tout le temps<\/h3>\n<p>Pr\u00e9chauffez votre <strong>four Samsung NV7B45502AK<\/strong> avant m\u00eame d&rsquo;arriver \u00e0 la maison\u00a0! Gr\u00e2ce \u00e0 sa connectivit\u00e9 <strong>Wi-Fi,<\/strong> vous pouvez le contr\u00f4ler n&rsquo;importe o\u00f9, n&rsquo;importe quand depuis l&rsquo;application <strong>SmartThings<\/strong> de votre smartphone. Allumez, pr\u00e9chauffez, \u00e9teignez, r\u00e9glez la temp\u00e9rature, choisissez la dur\u00e9e de cuisson ou s\u00e9lectionnez rapidement des r\u00e9glages pr\u00e9programm\u00e9s et mettez les pieds sous la table \u00e0 votre arriv\u00e9e\u00a0! Votre t\u00e9l\u00e9phone portable n&rsquo;est pas \u00e0 port\u00e9e de main ou vos mains sont occup\u00e9es \u00e0 cuisiner\u00a0? Utilisez les commandes vocales <strong>Bixby et Google Assistant<\/strong>\u00a0!<\/p>\n<\/div>\n<p>&nbsp;<\/p>\n<div class=\"js-read-more product-description__content read-more read-more--truncated\" style=\"max-height: 500px; overflow: hidden;\" data-read-more-name=\"description\">\n<h3><\/h3>\n<h3><img fetchpriority=\"high\" decoding=\"async\" class=\"wy_tableau_right\" src=\"https:\/\/boulanger.scene7.com\/is\/image\/Boulanger\/8806094337426_h_f_l_0?wid=400&amp;hei=270\" alt=\"Four pyrolyse Samsung NV7B45502AK Design Premium\" width=\"399\" height=\"269\" \/>Un nouveau design sobre et moderne<\/h3>\n<p>&nbsp;<\/p>\n<p>Avec son coloris verre noir, son<strong> \u00e9cran LED<\/strong> et ses doubles boutons rotatifs discrets, le four pyrolyse <strong>Samsung NV7B45502AK<\/strong> affiche un design \u00e0 la fois innovant et premium qui s&rsquo;int\u00e8grera \u00e0 merveille dans votre cuisine.<\/p>\n<\/div>\n<p>&nbsp;<\/p>\n<div class=\"js-read-more product-description__content read-more read-more--truncated\" style=\"max-height: 500px; overflow: hidden;\" data-read-more-name=\"description\">\n<p>\u00a0* Test\u00e9 sur le mod\u00e8le NV7B5675LAK. La consommation totale d&rsquo;\u00e9nergie est r\u00e9duite de 25,3% et le temps de cuisson de 22,7%, selon les r\u00e9sultats de tests internes bas\u00e9s sur le protocole de test IEC- 60350 (petits g\u00e2teaux, convection 165\u2103, par rapport au compartiment entier). Les\u00a0\u00e9conomies r\u00e9elles varient en fonction de l&rsquo;article\u00a0\u00e0\u00a0cuire, de l&rsquo;utilisation et d&rsquo;autres facteurs.<\/p>\n<\/div>\n<p>&nbsp;<\/p>\n<p>&nbsp;<\/p>\n<\/div>","protected":false},"excerpt":{"rendered":"<div class=\"keypoints\">\n<h3 class=\"keypoints__title\">Les points cl\u00e9s<\/h3>\n<ul role=\"list\">\n<li class=\"keypoints__item\" role=\"listitem\">Chaleur tournante puls\u00e9e &#8211; Nettoyage pyrolyse<\/li>\n<li class=\"keypoints__item\" role=\"listitem\">Sonde cuisson &#8211; Connect\u00e9<\/li>\n<li class=\"keypoints__item\" role=\"listitem\">Porte froide &#8211; Ouverture standard<\/li>\n<li class=\"keypoints__item\" role=\"listitem\">Encastrement standard (60cm)<\/li>\n<li class=\"keypoints__item keypoints__item--advantage\" role=\"listitem\"><strong>Le + :<\/strong> 2 cavit\u00e9s ind\u00e9pendantes, double porte, vapeur naturelle, sous-vide, connect\u00e9<\/li>\n<\/ul>\n<p>&nbsp;<\/p>\n<\/div>","protected":false},"featured_media":7917,"template":"","meta":{"_glsr_average":0,"_glsr_ranking":0,"_glsr_reviews":0},"product_cat":[212],"product_tag":[213,131],"class_list":{"0":"post-37381","1":"product","2":"type-product","3":"status-publish","4":"has-post-thumbnail","6":"product_cat-four-encastrable","7":"product_tag-four-encastrable","8":"product_tag-gros-electromenager","10":"first","11":"instock","12":"sale","13":"shipping-taxable","14":"purchasable","15":"product-type-simple"},"_links":{"self":[{"href":"https:\/\/electromenagerexpress.com\/en\/wp-json\/wp\/v2\/product\/37381","targetHints":{"allow":["GET"]}}],"collection":[{"href":"https:\/\/electromenagerexpress.com\/en\/wp-json\/wp\/v2\/product"}],"about":[{"href":"https:\/\/electromenagerexpress.com\/en\/wp-json\/wp\/v2\/types\/product"}],"wp:featuredmedia":[{"embeddable":true,"href":"https:\/\/electromenagerexpress.com\/en\/wp-json\/wp\/v2\/media\/7917"}],"wp:attachment":[{"href":"https:\/\/electromenagerexpress.com\/en\/wp-json\/wp\/v2\/media?parent=37381"}],"wp:term":[{"taxonomy":"product_cat","embeddable":true,"href":"https:\/\/electromenagerexpress.com\/en\/wp-json\/wp\/v2\/product_cat?post=37381"},{"taxonomy":"product_tag","embeddable":true,"href":"https:\/\/electromenagerexpress.com\/en\/wp-json\/wp\/v2\/product_tag?post=37381"}],"curies":[{"name":"wp","href":"https:\/\/api.w.org\/{rel}","templated":true}]}}