{"id":37372,"date":"2024-11-21T13:12:59","date_gmt":"2024-11-21T13:12:59","guid":{"rendered":"https:\/\/electromenagerexpress.com\/product\/four-encastrable-fonction-vapeurwhirlpoolomsr58ru1sb-steam\/"},"modified":"2024-11-21T13:13:02","modified_gmt":"2024-11-21T13:13:02","slug":"four-encastrable-fonction-vapeurwhirlpoolomsr58ru1sb-steam","status":"publish","type":"product","link":"https:\/\/electromenagerexpress.com\/en\/product\/four-encastrable-fonction-vapeurwhirlpoolomsr58ru1sb-steam\/","title":{"rendered":"Four encastrable  fonction vapeur\t\t\t\t\t\t\tWHIRLPOOL\t\t\t\tOMSR58RU1SB Steam+"},"content":{"rendered":"<div class=\"product-features__content\">\n<ul role=\"list\">\n<li class=\"product-features__item\" role=\"listitem\">\n<h3 class=\"product-features__label\">Nos services de livraison<\/h3>\n<ul role=\"list\">\n<li class=\"product-features__item-list__item\" role=\"listitem\"><span class=\"is--medium\">Livraison et reprise de votre ancien appareil offerts \u00e0 partir de 379 \u20ac :<\/span> <a href=\"https:\/\/www.boulanger.com\/evenement\/livraison-domicile\"> (voir conditions, en cliquant ici )<\/a><\/li>\n<\/ul>\n<\/li>\n<li class=\"product-features__item\" role=\"listitem\">\n<h3 class=\"product-features__label\">Modes de cuisson<\/h3>\n<ul role=\"list\">\n<li class=\"product-features__item-list__item\" role=\"listitem\"><span class=\"is--medium\">Mode de cuisson :<\/span> Chaleur tournante avec ajout de vapeur\t\t\t\t\t<\/li>\n<li class=\"product-features__item-list__item\" role=\"listitem\"><span class=\"is--medium\">Avantage de la chaleur tournante avec ajout de vapeur :<\/span> le four est \u00e9quip\u00e9 d&rsquo;un r\u00e9servoir d&rsquo;eau de quelques centilitres, pour apporter l&rsquo;humidit\u00e9 pendant la cuisson des aliments. Il permet de garantir une cuisson a\u00e9r\u00e9e et souple avec une finition croustillante et croquante.\t\t\t\t\t<\/li>\n<li class=\"product-features__item-list__item\" role=\"listitem\"><span class=\"is--medium\">Nombre de programmes de cuisson :<\/span> 10\t\t\t\t\t<\/li>\n<li class=\"product-features__item-list__item\" role=\"listitem\"><span class=\"is--medium\">Fonctions sp\u00e9ciales pour r\u00e9pondre \u00e0 toutes vos envies :<\/span> basse temp\u00e9rature, levage de p\u00e2te, pizza\t\t\t\t\t<\/li>\n<li class=\"product-features__item-list__item\" role=\"listitem\"><span class=\"is--medium\">Nombre de recettes programm\u00e9es :<\/span> 1 aide aux choix des modes de cuisson et des temps de cuisson\t\t\t\t\t<\/li>\n<li class=\"product-features__item-list__item\" role=\"listitem\"><span class=\"is--medium\">Nombre de programmes 100 % automatique :<\/span> Non concern\u00e9\t\t\t\t\t<\/li>\n<\/ul>\n<\/li>\n<li class=\"product-features__item\" role=\"listitem\">\n<h3 class=\"product-features__label\">Cuisson vapeur<\/h3>\n<ul role=\"list\">\n<li class=\"product-features__item-list__item\" role=\"listitem\"><span class=\"is--medium\">Type de cuisson vapeur :<\/span> Ajout vapeur\t\t\t\t\t<\/li>\n<li class=\"product-features__item-list__item\" role=\"listitem\"><span class=\"is--medium\">Mode d&rsquo;ajout d&rsquo;eau :<\/span> Dans la cavit\u00e9 en bas du four\t\t\t\t\t<\/li>\n<li class=\"product-features__item-list__item\" role=\"listitem\"><span class=\"is--medium\">Capacit\u00e9 r\u00e9servoir d&rsquo;eau :<\/span> 200 ml\t\t\t\t\t<\/li>\n<li class=\"product-features__item-list__item\" role=\"listitem\"><span class=\"is--medium\">Avantage du mode avec ajout de vapeur :<\/span> La cuisson vapeur assist\u00e9e permet de cuisiner \u00e0 l&rsquo;aide de la vapeur, afin d&rsquo;obtenir des performances de cuisson am\u00e9lior\u00e9es. Elle est tout particuli\u00e8rement recommand\u00e9e pour le pain et la p\u00e2tisserie\t\t\t\t\t<\/li>\n<\/ul>\n<\/li>\n<li class=\"product-features__item\" role=\"listitem\">\n<h3 class=\"product-features__label\">Connectivit\u00e9<\/h3>\n<ul role=\"list\">\n<li class=\"product-features__item-list__item\" role=\"listitem\"><span class=\"is--medium\">Connect\u00e9 :<\/span> Non concern\u00e9\t\t\t\t\t<\/li>\n<\/ul>\n<\/li>\n<li class=\"product-features__item\" role=\"listitem\">\n<h3 class=\"product-features__label\">Nettoyage et s\u00e9curit\u00e9<\/h3>\n<ul role=\"list\">\n<li class=\"product-features__item-list__item\" role=\"listitem\"><span class=\"is--medium\">Nettoyage :<\/span> Hydrolyse et pyrolyse\t\t\t\t\t<\/li>\n<li class=\"product-features__item-list__item\" role=\"listitem\"><span class=\"is--medium\">Avantage pyrolyse :<\/span> La temp\u00e9rature int\u00e9rieure du four monte jusqu&rsquo;\u00e0 500\u00b0C et d\u00e9truit les graisses, vous n&rsquo;avez plus qu&rsquo;\u00e0 r\u00e9cup\u00e9rer les cendres \u00e0 l&rsquo;aide d&rsquo;un torchon et le tour est jou\u00e9 !\t\t\t\t\t<\/li>\n<li class=\"product-features__item-list__item\" role=\"listitem\"><span class=\"is--medium\">Conseils pyrolyse :<\/span> Sauf contre indication de la marque dans la notice, il est fortement conseill\u00e9 pendant le nettoyage pyrolyse d&rsquo;enlever le(s) grilles(s), lechefrite(s) et rails\t\t\t\t\t<\/li>\n<li class=\"product-features__item-list__item\" role=\"listitem\"><span class=\"is--medium\">Avantage vapeur (hydrolyse) :<\/span> Il suffit de verser au fond la cavit\u00e9 de l&rsquo;eau et du liquide vaisselle. Le four chauffe quelques minutes, l&rsquo;eau se transforme en vapeur et ramollit les graisses. Un coup d&rsquo;\u00e9ponge pour retirer les r\u00e9sidus tomb\u00e9s dans la cavit\u00e9. Ce syst\u00e8me est \u00e9cologique et \u00e9conomique.\t\t\t\t\t<\/li>\n<li class=\"product-features__item-list__item\" role=\"listitem\"><span class=\"is--medium\">Pr\u00e9conisation de nettoyage :<\/span> Non\t\t\t\t\t<\/li>\n<li class=\"product-features__item-list__item\" role=\"listitem\"><span class=\"is--medium\">Accessoires pyrolysables :<\/span> Non\t\t\t\t\t<\/li>\n<li class=\"product-features__item-list__item\" role=\"listitem\"><span class=\"is--medium\">S\u00e9curit\u00e9 enfant :<\/span> Non\t\t\t\t\t<\/li>\n<li class=\"product-features__item-list__item\" role=\"listitem\"><span class=\"is--medium\">Type de porte :<\/span> Froide\t\t\t\t\t<\/li>\n<li class=\"product-features__item-list__item\" role=\"listitem\"><span class=\"is--medium\">Avantage porte froide :<\/span> C&rsquo;est un gage de s\u00e9curit\u00e9, il n&rsquo;y a aucun risque de br\u00fblure et l&rsquo;\u00e9paisseur des vitres offre une excellente isolation\t\t\t\t\t<\/li>\n<li class=\"product-features__item-list__item\" role=\"listitem\"><span class=\"is--medium\">Type d&rsquo;ouverture de porte :<\/span> Standard\t\t\t\t\t<\/li>\n<li class=\"product-features__item-list__item\" role=\"listitem\"><span class=\"is--medium\">Fermeture de porte :<\/span> Fermeture douce\t\t\t\t\t<\/li>\n<li class=\"product-features__item-list__item\" role=\"listitem\"><span class=\"is--medium\">Vitre de porte d\u00e9montable :<\/span> Oui, pour un nettoyage complet et facilit\u00e9\t\t\t\t\t<\/li>\n<\/ul>\n<\/li>\n<li class=\"product-features__item\" role=\"listitem\">\n<h3 class=\"product-features__label\">Equipement<\/h3>\n<ul role=\"list\">\n<li class=\"product-features__item-list__item\" role=\"listitem\"><span class=\"is--medium\">Programmateur :<\/span> Electronique\t\t\t\t\t<\/li>\n<li class=\"product-features__item-list__item\" role=\"listitem\"><span class=\"is--medium\">Tournebroche :<\/span> Non\t\t\t\t\t<\/li>\n<li class=\"product-features__item-list__item\" role=\"listitem\"><span class=\"is--medium\">S\u00e9parateur de cavit\u00e9 :<\/span> Non concern\u00e9\t\t\t\t\t<\/li>\n<\/ul>\n<\/li>\n<li class=\"product-features__item\" role=\"listitem\">\n<h3 class=\"product-features__label\">Bandeau de commandes<\/h3>\n<ul role=\"list\">\n<li class=\"product-features__item-list__item\" role=\"listitem\"><span class=\"is--medium\">Type de commande :<\/span> Boutons et touches tactiles\t\t\t\t\t<\/li>\n<li class=\"product-features__item-list__item\" role=\"listitem\"><span class=\"is--medium\">Type d&rsquo;\u00e9cran :<\/span> Ecran standard\t\t\t\t\t<\/li>\n<\/ul>\n<\/li>\n<li class=\"product-features__item\" role=\"listitem\">\n<h3 class=\"product-features__label\">Dans la m\u00eame collection<\/h3>\n<ul role=\"list\">\n<li class=\"product-features__item-list__item\" role=\"listitem\"><span class=\"is--medium\">Micro-ondes du m\u00eame design :<\/span> <a href=\"https:\/\/www.boulanger.com\/ref\/1190442\/\" target=\"_blank\">Whirlpool MBNA920B<\/a>, <br \/> <a href=\"https:\/\/www.boulanger.com\/ref\/1154967\/\" target=\"_blank\">Whirlpool WMF200GNB <\/a><\/li>\n<\/ul>\n<\/li>\n<li class=\"product-features__item\" role=\"listitem\">\n<h3 class=\"product-features__label\">Consommations et \u00e9conomie d&rsquo;\u00e9nergie<\/h3>\n<ul role=\"list\">\n<li class=\"product-features__item-list__item\" role=\"listitem\"><span class=\"is--medium\">Label \u00e9nergie :<\/span> A+\t\t\t\t\t<\/li>\n<li class=\"product-features__item-list__item\" role=\"listitem\"><span class=\"is--medium\">Puissance totale :<\/span> 2.200 W\t\t\t\t\t<\/li>\n<li class=\"product-features__item-list__item\" role=\"listitem\"><span class=\"is--medium\">Puissance du gril :<\/span> 2.200 W\t\t\t\t\t<\/li>\n<li class=\"product-features__item-list__item\" role=\"listitem\"><span class=\"is--medium\">Consommation en convection naturelle :<\/span> 0,89 kW\t\t\t\t\t<\/li>\n<li class=\"product-features__item-list__item\" role=\"listitem\"><span class=\"is--medium\">Consommation en chaleur tournante :<\/span> 0,69 kW\t\t\t\t\t<\/li>\n<\/ul>\n<\/li>\n<li class=\"product-features__item\" role=\"listitem\">\n<h3 class=\"product-features__label\">Dimensions<\/h3>\n<ul role=\"list\">\n<li class=\"product-features__item-list__item\" role=\"listitem\"><span class=\"is--medium\">Type d&rsquo;encastrement :<\/span> Four standard (60 x 60 cm)\t\t\t\t\t<\/li>\n<li class=\"product-features__item-list__item\" role=\"listitem\"><span class=\"is--medium\">Dimensions l x h x p :<\/span> 59.5 x 59.5 x 55.1 cm\t\t\t\t\t<\/li>\n<li class=\"product-features__item-list__item\" role=\"listitem\"><span class=\"is--medium\">Longueur du cordon d&rsquo;alimentation :<\/span> 1,00 m\t\t\t\t\t<\/li>\n<li class=\"product-features__item-list__item\" role=\"listitem\"><span class=\"is--medium\">Poids Net :<\/span> 26,90 Kg\t\t\t\t\t<\/li>\n<li class=\"product-features__item-list__item\" role=\"listitem\"><span class=\"is--medium\">Volume de la cavit\u00e9 en litre :<\/span> 71 L\t\t\t\t\t<\/li>\n<\/ul>\n<\/li>\n<li class=\"product-features__item\" role=\"listitem\">\n<h3 class=\"product-features__label\">Informations compl\u00e9mentaires<\/h3>\n<ul role=\"list\">\n<li class=\"product-features__item-list__item\" role=\"listitem\"><span class=\"is--medium\">Fabriqu\u00e9 en :<\/span> Pologne\t\t\t\t\t<\/li>\n<li class=\"product-features__item-list__item\" role=\"listitem\"><span class=\"is--medium\">Garantie :<\/span> 2 ans\t\t\t\t\t<\/li>\n<li class=\"product-features__item-list__item\" role=\"listitem\"><span class=\"is--medium\">Disponibilit\u00e9 des pi\u00e8ces d\u00e9tach\u00e9es (donn\u00e9es fournisseur) :<\/span> Pendant 10 ans, \u00e0 compter de la date d&rsquo;achat\t\t\t\t\t<\/li>\n<li class=\"product-features__item-list__item\" role=\"listitem\"><span class=\"is--medium\">Bien installer son four :<\/span> <a href=\"https:\/\/www.boulanger.com\/info\/animation\/bcbu\/gros-menager\/four-encastrable\/installation.html\" target=\"_blank\">Cliquez ici <\/a><\/li>\n<\/ul>\n<\/li>\n<li class=\"product-features__item\" role=\"listitem\">\n<h3 class=\"product-features__label\">Pour vous aider \u00e0 mieux choisir<\/h3>\n<ul role=\"list\">\n<li class=\"product-features__item-list__item\" role=\"listitem\"><span class=\"is--medium\">Cliquez ici :<\/span> <a target=\"_blank\"> Guide d&rsquo;achat four <\/a><\/li>\n<li class=\"product-features__item-list__item\" role=\"listitem\"><span class=\"is--medium\">Vous souhaitez rencontrer un de nos conseillers expert ? :<\/span> <a href=\"http:\/\/www.boulanger.fr\/content\/bfr\/engagements\/rdv-conseil.htm\" target=\"_blank\"> Prenez rendez-vous ici <\/a><\/li>\n<\/ul>\n<\/li>\n<\/ul>\n<\/div>\n<div class=\"product__disclosure-content\">\n<div class=\"js-read-more product-description__content read-more read-more--truncated\" data-read-more-name=\"description\" style=\"max-height: 500px; overflow: hidden;\">\n<p>Le four multifonction pyrolyse <strong>71 litres<\/strong> est dot\u00e9 de la chaleur puls\u00e9e pour cuire des plats sur <strong>3 niveaux<\/strong> sans m\u00e9lange de go\u00fbts ni d&rsquo;odeurs. Il dispose \u00e9galement d&rsquo;un <strong>cycle de nettoyage hydrolyse int\u00e9gr\u00e9<\/strong> et d&rsquo;une <strong>fonction de cuisson vapeur<\/strong> pour encore plus de facilit\u00e9 d&rsquo;utilisation<\/p>\n<h3><img fetchpriority=\"high\" decoding=\"async\" alt=\"Four Pyro WHIRLPOOL OMSR58RU1SB Steam+\" class=\"wy_tableau_gauche\" height=\"270\" src=\"https:\/\/boulanger.scene7.com\/is\/image\/Boulanger\/8003437939556_h_f_l_1?wid=400&amp;hei=270\" width=\"400\"\/>Chaleur puls\u00e9e et Pack Flexiclean :<\/h3>\n<p>La <strong>chaleur puls\u00e9e<\/strong> permet de cuire sur 3 niveaux simultan\u00e9ment, des plats diff\u00e9rents, sans m\u00e9lange d&rsquo;odeurs ni de go\u00fbts gr\u00e2ce \u00e0 une distribution uniforme de la chaleur.<\/p>\n<p>Le <strong>pack Flexiclean<\/strong> est deux options de nettoyage dans le m\u00eame four, vous permettant de le <strong>nettoyer sans effort<\/strong> quelle que soit l&rsquo;occasion. L&rsquo;utilisateur peut choisir entre un cycle<strong> SmartClean (hydrolyse)<\/strong> ou <strong>pyrolyse.<\/strong><\/p>\n<p>\u00a0<\/p>\n<h3><img decoding=\"async\" alt=\"Four Pyro WHIRLPOOL OMSR58RU1SB\" class=\"wy_tableau_right\" height=\"270\" src=\"https:\/\/boulanger.scene7.com\/is\/image\/Boulanger\/8003437939556_h_f_l_3?wid=400&amp;hei=270\" width=\"400\"\/>Steam +\u00a0 et sa Fonction automatique p\u00e2tisserie :<\/h3>\n<p><strong>Steam +<\/strong> est le moyen id\u00e9al de cuisiner des plats sains en pr\u00e9servant les nutriments et en am\u00e9liorant le go\u00fbt, avec la touche de vapeur.<\/p>\n<p>Pour faires <strong>cuire facilement vos p\u00e2tisseries<\/strong>, une fois la fonction s\u00e9lectionn\u00e9e en tournant le bouton, le temps et la temp\u00e9rature se r\u00e8glent automatiquement. <strong>Le four s&rsquo;arr\u00eate au bout de 45 minutes.<\/strong><\/p>\n<\/p>\n<p><video class=\"s7Video\" controls=\"\" controlslist=\"nodownload\" poster=\"https:\/\/boulanger.scene7.com\/is\/image\/Boulanger\/8003437939556_v_0?scl=1\" preload=\"metadata\" src=\"https:\/\/boulanger.scene7.com\/is\/content\/Boulanger\/8003437939556_v_0\" width=\"100%\"><\/video><\/p>\n<\/div>\n<p><bl-button a11yexpanded=\"false\" arialabel=\"Afficher toute la description\" class=\"read-more__btn\" full=\"false\" link=\"true\">Voir plus<\/bl-button><\/div>","protected":false},"excerpt":{"rendered":"<div class=\"keypoints\">\n<h3 class=\"keypoints__title\">Les points cl\u00e9s<\/h3>\n<ul role=\"list\">\n<li class=\"keypoints__item\" role=\"listitem\">                          Chaleur tournante avec ajout de vapeur &#8211;                                                      Nettoyage pyrolyse ou hydrolyse (vapeur)                      <\/li>\n<li class=\"keypoints__item\" role=\"listitem\">                          Porte froide &#8211;                                                      Ouverture standard                      <\/li>\n<li class=\"keypoints__item\" role=\"listitem\">                                        Encastrement standard (60cm)                      <\/li>\n<li class=\"keypoints__item keypoints__item--advantage\" role=\"listitem\"><strong>Le + :<\/strong> Fonction ajout de vapeur pour plus de saveur et 2 options de nettoyages pyrolyse ou hydrolyse      <\/li>\n<\/ul>","protected":false},"featured_media":7735,"template":"","meta":{"_glsr_average":0,"_glsr_ranking":0,"_glsr_reviews":0},"product_cat":[212],"product_tag":[213,131],"class_list":{"0":"post-37372","1":"product","2":"type-product","3":"status-publish","4":"has-post-thumbnail","6":"product_cat-four-encastrable","7":"product_tag-four-encastrable","8":"product_tag-gros-electromenager","10":"first","11":"instock","12":"sale","13":"shipping-taxable","14":"purchasable","15":"product-type-simple"},"_links":{"self":[{"href":"https:\/\/electromenagerexpress.com\/en\/wp-json\/wp\/v2\/product\/37372","targetHints":{"allow":["GET"]}}],"collection":[{"href":"https:\/\/electromenagerexpress.com\/en\/wp-json\/wp\/v2\/product"}],"about":[{"href":"https:\/\/electromenagerexpress.com\/en\/wp-json\/wp\/v2\/types\/product"}],"wp:featuredmedia":[{"embeddable":true,"href":"https:\/\/electromenagerexpress.com\/en\/wp-json\/wp\/v2\/media\/7735"}],"wp:attachment":[{"href":"https:\/\/electromenagerexpress.com\/en\/wp-json\/wp\/v2\/media?parent=37372"}],"wp:term":[{"taxonomy":"product_cat","embeddable":true,"href":"https:\/\/electromenagerexpress.com\/en\/wp-json\/wp\/v2\/product_cat?post=37372"},{"taxonomy":"product_tag","embeddable":true,"href":"https:\/\/electromenagerexpress.com\/en\/wp-json\/wp\/v2\/product_tag?post=37372"}],"curies":[{"name":"wp","href":"https:\/\/api.w.org\/{rel}","templated":true}]}}