{"id":37365,"date":"2024-11-21T13:12:22","date_gmt":"2024-11-21T13:12:22","guid":{"rendered":"https:\/\/electromenagerexpress.com\/product\/four-encastrable-samsung-nv7b4550vas-bespoke\/"},"modified":"2024-11-21T13:12:25","modified_gmt":"2024-11-21T13:12:25","slug":"four-encastrable-samsung-nv7b4550vas-bespoke","status":"publish","type":"product","link":"https:\/\/electromenagerexpress.com\/en\/product\/four-encastrable-samsung-nv7b4550vas-bespoke\/","title":{"rendered":"Four encastrable \t\t\t\t\t\t\tSAMSUNG \t\t\t\tNV7B4550VAS Bespoke"},"content":{"rendered":"<div class=\"product-features__content\">\n<ul role=\"list\">\n<li class=\"product-features__item\" role=\"listitem\">\n<h3 class=\"product-features__label\">Bien choisir<\/h3>\n<ul role=\"list\">\n<li class=\"product-features__item-list__item\" role=\"listitem\"><span class=\"is--medium\">Choisissez le mod\u00e8le Samsung qu&rsquo;il vous faut :<\/span> <a href=\"https:\/\/www.boulanger.com\/evenement\/comparateur-four-samsung\" target=\"_blank\">Cliquez ici <\/a><\/li>\n<\/ul>\n<\/li>\n<li class=\"product-features__item\" role=\"listitem\">\n<h3 class=\"product-features__label\">Nos services de livraison<\/h3>\n<ul role=\"list\">\n<li class=\"product-features__item-list__item\" role=\"listitem\"><span class=\"is--medium\">Livraison et reprise de votre ancien appareil offerts \u00e0 partir de 379 \u20ac :<\/span> <a href=\"https:\/\/www.boulanger.com\/evenement\/livraison-domicile\"> (voir conditions, en cliquant ici )<\/a><\/li>\n<\/ul>\n<\/li>\n<li class=\"product-features__item\" role=\"listitem\">\n<h3 class=\"product-features__label\">Modes de cuisson<\/h3>\n<ul role=\"list\">\n<li class=\"product-features__item-list__item\" role=\"listitem\"><span class=\"is--medium\">Mode de cuisson :<\/span> Chaleur tournante puls\u00e9e\t\t\t\t\t<\/li>\n<li class=\"product-features__item-list__item\" role=\"listitem\"><span class=\"is--medium\">Avantage de la chaleur tournante puls\u00e9e :<\/span> le four est \u00e9quip\u00e9 d&rsquo;un ventilateur et d&rsquo;une r\u00e9sistance circulaire situ\u00e9es sur la paroi arri\u00e8re du four, pour une cuisson simultan\u00e9e de diff\u00e9rents plats sur plusieurs niveaux\t\t\t\t\t<\/li>\n<li class=\"product-features__item-list__item\" role=\"listitem\"><span class=\"is--medium\">Nombre de programmes de cuisson :<\/span> 11\t\t\t\t\t<\/li>\n<li class=\"product-features__item-list__item\" role=\"listitem\"><span class=\"is--medium\">Fonctions sp\u00e9ciales pour r\u00e9pondre \u00e0 toutes vos envies :<\/span> pr\u00e9chauffage rapide, maintien au chaud\t\t\t\t\t<\/li>\n<li class=\"product-features__item-list__item\" role=\"listitem\"><span class=\"is--medium\">Nombre de recettes programm\u00e9es :<\/span> Non concern\u00e9\t\t\t\t\t<\/li>\n<li class=\"product-features__item-list__item\" role=\"listitem\"><span class=\"is--medium\">Nombre de programmes 100 % automatique :<\/span> 40 programmes, le four s&rsquo;occupe du calcul du poids, du temps de cuisson, du mode de cuisson et des temp\u00e9ratures\t\t\t\t\t<\/li>\n<li class=\"product-features__item-list__item\" role=\"listitem\"><span class=\"is--medium\">pas de fonction sp\u00e9ciale :<\/span> Non\t\t\t\t\t<\/li>\n<\/ul>\n<\/li>\n<li class=\"product-features__item\" role=\"listitem\">\n<h3 class=\"product-features__label\">Cuisson vapeur<\/h3>\n<ul role=\"list\">\n<li class=\"product-features__item-list__item\" role=\"listitem\"><span class=\"is--medium\">Type de cuisson vapeur :<\/span> Ajout vapeur\t\t\t\t\t<\/li>\n<li class=\"product-features__item-list__item\" role=\"listitem\"><span class=\"is--medium\">Avantage du mode avec ajout de vapeur :<\/span> La cuisson vapeur assist\u00e9e permet de cuisiner \u00e0 l&rsquo;aide de la vapeur, afin d&rsquo;obtenir des performances de cuisson am\u00e9lior\u00e9es. Elle est tout particuli\u00e8rement recommand\u00e9e pour le pain et la p\u00e2tisserie\t\t\t\t\t<\/li>\n<\/ul>\n<\/li>\n<li class=\"product-features__item\" role=\"listitem\">\n<h3 class=\"product-features__label\">Connectivit\u00e9<\/h3>\n<ul role=\"list\">\n<li class=\"product-features__item-list__item\" role=\"listitem\"><span class=\"is--medium\">Connect\u00e9 :<\/span> Oui, contr\u00f4lez les fonctions de votre four \u00e0 distance, acc\u00e9dez \u00e0 de nombreuses recettes, des conseils d&rsquo;entretien et d&rsquo;utilisation au quotidien.\t\t\t\t\t<\/li>\n<li class=\"product-features__item-list__item\" role=\"listitem\"><span class=\"is--medium\">Compatibilit\u00e9 :<\/span> iOS et Android\t\t\t\t\t<\/li>\n<li class=\"product-features__item-list__item\" role=\"listitem\"><span class=\"is--medium\">Assistant vocal :<\/span> Compatible Alexa\/Assistant Google\t\t\t\t\t<\/li>\n<\/ul>\n<\/li>\n<li class=\"product-features__item\" role=\"listitem\">\n<h3 class=\"product-features__label\">Nettoyage et s\u00e9curit\u00e9<\/h3>\n<ul role=\"list\">\n<li class=\"product-features__item-list__item\" role=\"listitem\"><span class=\"is--medium\">Nettoyage :<\/span> Pyrolyse\t\t\t\t\t<\/li>\n<li class=\"product-features__item-list__item\" role=\"listitem\"><span class=\"is--medium\">Avantage pyrolyse :<\/span> La temp\u00e9rature int\u00e9rieure du four monte jusqu&rsquo;\u00e0 500\u00b0C et d\u00e9truit les graisses, vous n&rsquo;avez plus qu&rsquo;\u00e0 r\u00e9cup\u00e9rer les cendres \u00e0 l&rsquo;aide d&rsquo;un torchon et le tour est jou\u00e9 !\t\t\t\t\t<\/li>\n<li class=\"product-features__item-list__item\" role=\"listitem\"><span class=\"is--medium\">Conseils pyrolyse :<\/span> Sauf contre indication de la marque dans la notice, il est fortement conseill\u00e9 pendant le nettoyage pyrolyse d&rsquo;enlever le(s) grilles(s), lechefrite(s) et rails\t\t\t\t\t<\/li>\n<li class=\"product-features__item-list__item\" role=\"listitem\"><span class=\"is--medium\">Pr\u00e9conisation de nettoyage :<\/span> Non\t\t\t\t\t<\/li>\n<li class=\"product-features__item-list__item\" role=\"listitem\"><span class=\"is--medium\">Accessoires pyrolysables :<\/span> Non\t\t\t\t\t<\/li>\n<li class=\"product-features__item-list__item\" role=\"listitem\"><span class=\"is--medium\">Rev\u00eatement de la cavit\u00e9 :<\/span> Email\t\t\t\t\t<\/li>\n<li class=\"product-features__item-list__item\" role=\"listitem\"><span class=\"is--medium\">S\u00e9curit\u00e9 enfant :<\/span> Verrouillage des commandes\t\t\t\t\t<\/li>\n<li class=\"product-features__item-list__item\" role=\"listitem\"><span class=\"is--medium\">Type de porte :<\/span> Froide\t\t\t\t\t<\/li>\n<li class=\"product-features__item-list__item\" role=\"listitem\"><span class=\"is--medium\">Avantage porte froide :<\/span> C&rsquo;est un gage de s\u00e9curit\u00e9, il n&rsquo;y a aucun risque de br\u00fblure et l&rsquo;\u00e9paisseur des vitres offre une excellente isolation\t\t\t\t\t<\/li>\n<li class=\"product-features__item-list__item\" role=\"listitem\"><span class=\"is--medium\">Type d&rsquo;ouverture de porte :<\/span> Double ouverture\t\t\t\t\t<\/li>\n<li class=\"product-features__item-list__item\" role=\"listitem\"><span class=\"is--medium\">Fermeture de porte :<\/span> Fermeture simple\t\t\t\t\t<\/li>\n<li class=\"product-features__item-list__item\" role=\"listitem\"><span class=\"is--medium\">Vitre de porte d\u00e9montable :<\/span> Non\t\t\t\t\t<\/li>\n<\/ul>\n<\/li>\n<li class=\"product-features__item\" role=\"listitem\">\n<h3 class=\"product-features__label\">Equipement<\/h3>\n<ul role=\"list\">\n<li class=\"product-features__item-list__item\" role=\"listitem\"><span class=\"is--medium\">Programmateur :<\/span> Electronique\t\t\t\t\t<\/li>\n<li class=\"product-features__item-list__item\" role=\"listitem\"><span class=\"is--medium\">Rails t\u00e9l\u00e9scopiques :<\/span> ils permettent d&rsquo;acc\u00e9der \u00e0 vos plats en les faisant coulisser en dehors de l&rsquo;enceinte de cuisson en \u00e9vitant les risques de basculement. Vous pourrez arroser confortablement votre r\u00f4ti ou retourner facilement vos plats sans risque de br\u00fblure.\t\t\t\t\t<\/li>\n<li class=\"product-features__item-list__item\" role=\"listitem\"><span class=\"is--medium\">Tournebroche :<\/span> Non\t\t\t\t\t<\/li>\n<li class=\"product-features__item-list__item\" role=\"listitem\"><span class=\"is--medium\">S\u00e9parateur de cavit\u00e9 :<\/span> Oui, permet de cuire 2 plats avec des modes de cuisson diff\u00e9rents et des temp\u00e9ratures distinctes. Gagnez du temps et de la flexibilit\u00e9.\t\t\t\t\t<\/li>\n<li class=\"product-features__item-list__item\" role=\"listitem\"><span class=\"is--medium\">Plat cuisson Air Fry :<\/span> Non\t\t\t\t\t<\/li>\n<\/ul>\n<\/li>\n<li class=\"product-features__item\" role=\"listitem\">\n<h3 class=\"product-features__label\">Bandeau de commandes<\/h3>\n<ul role=\"list\">\n<li class=\"product-features__item-list__item\" role=\"listitem\"><span class=\"is--medium\">Type de commande :<\/span> Boutons et touches tactiles\t\t\t\t\t<\/li>\n<li class=\"product-features__item-list__item\" role=\"listitem\"><span class=\"is--medium\">Type d&rsquo;\u00e9cran :<\/span> Ecran standard\t\t\t\t\t<\/li>\n<\/ul>\n<\/li>\n<li class=\"product-features__item\" role=\"listitem\">\n<h3 class=\"product-features__label\">Consommations et \u00e9conomie d&rsquo;\u00e9nergie<\/h3>\n<ul role=\"list\">\n<li class=\"product-features__item-list__item\" role=\"listitem\"><span class=\"is--medium\">Label \u00e9nergie :<\/span> A+\t\t\t\t\t<\/li>\n<li class=\"product-features__item-list__item\" role=\"listitem\"><span class=\"is--medium\">Puissance totale :<\/span> 3.950 W\t\t\t\t\t<\/li>\n<li class=\"product-features__item-list__item\" role=\"listitem\"><span class=\"is--medium\">Puissance du gril :<\/span> 1.600 W\t\t\t\t\t<\/li>\n<li class=\"product-features__item-list__item\" role=\"listitem\"><span class=\"is--medium\">Consommation en convection naturelle :<\/span> 1,05 kW\t\t\t\t\t<\/li>\n<li class=\"product-features__item-list__item\" role=\"listitem\"><span class=\"is--medium\">Consommation en chaleur tournante :<\/span> 0,71 kW\t\t\t\t\t<\/li>\n<li class=\"product-features__item-list__item\" role=\"listitem\"><span class=\"is--medium\">Consommation en convection naturelle du deuxi\u00e8me four :<\/span> 0\t\t\t\t\t<\/li>\n<li class=\"product-features__item-list__item\" role=\"listitem\"><span class=\"is--medium\">Consommation en chaleur tournante du deuxi\u00e8me four :<\/span> 0\t\t\t\t\t<\/li>\n<\/ul>\n<\/li>\n<li class=\"product-features__item\" role=\"listitem\">\n<h3 class=\"product-features__label\">Dimensions<\/h3>\n<ul role=\"list\">\n<li class=\"product-features__item-list__item\" role=\"listitem\"><span class=\"is--medium\">Type d&rsquo;encastrement :<\/span> Four standard (60 x 60 cm)\t\t\t\t\t<\/li>\n<li class=\"product-features__item-list__item\" role=\"listitem\"><span class=\"is--medium\">Dimensions l x h x p :<\/span> 59.5 x 59.6 x 57 cm\t\t\t\t\t<\/li>\n<li class=\"product-features__item-list__item\" role=\"listitem\"><span class=\"is--medium\">Poids Net :<\/span> 42,40 Kg\t\t\t\t\t<\/li>\n<li class=\"product-features__item-list__item\" role=\"listitem\"><span class=\"is--medium\">Volume de la cavit\u00e9 en litre :<\/span> 76 L\t\t\t\t\t<\/li>\n<li class=\"product-features__item-list__item\" role=\"listitem\"><span class=\"is--medium\">Volume de la cavit\u00e9 en litre du deuxi\u00e8me four :<\/span> 0\t\t\t\t\t<\/li>\n<\/ul>\n<\/li>\n<li class=\"product-features__item\" role=\"listitem\">\n<h3 class=\"product-features__label\">Informations compl\u00e9mentaires<\/h3>\n<ul role=\"list\">\n<li class=\"product-features__item-list__item\" role=\"listitem\"><span class=\"is--medium\">Fabriqu\u00e9 en :<\/span> Malaisie\t\t\t\t\t<\/li>\n<li class=\"product-features__item-list__item\" role=\"listitem\"><span class=\"is--medium\">Garantie :<\/span> 2 ans\t\t\t\t\t<\/li>\n<li class=\"product-features__item-list__item\" role=\"listitem\"><span class=\"is--medium\">Disponibilit\u00e9 des pi\u00e8ces d\u00e9tach\u00e9es (donn\u00e9es fournisseur) :<\/span> Pendant 10 ans, \u00e0 compter de la date d&rsquo;achat\t\t\t\t\t<\/li>\n<li class=\"product-features__item-list__item\" role=\"listitem\"><span class=\"is--medium\">Bien installer son four :<\/span> <a href=\"https:\/\/www.boulanger.com\/info\/animation\/bcbu\/gros-menager\/four-encastrable\/installation.html\" target=\"_blank\">Cliquez ici <\/a><\/li>\n<\/ul>\n<\/li>\n<\/ul>\n<\/div>\n<div class=\"product__disclosure-content\">\n<div class=\"js-read-more product-description__content read-more read-more--truncated\" data-read-more-name=\"description\" style=\"max-height: 500px; overflow: hidden;\">\n<div class=\"product__description-content read-more\" style=\"\">\n<p>Four encastrable SAMSUNG NV7B4550VAS Bespoke : Performance et \u00e9l\u00e9gance<\/p>\n<h3> <img fetchpriority=\"high\" decoding=\"async\" ,=\"\" alt=\"Four encastrable SAMSUNG NV7B4550VAS Bespoke\" class=\"wy_tableau_gauche\" height=\"270\" src=\"https:\/\/boulanger.scene7.com\/is\/image\/Boulanger\/8806094337471_h_f_l_0?wid=400&amp;hei=270\" width=\"400\"\/>Une cuisson ma\u00eetris\u00e9e avec la chaleur tournante puls\u00e9e                    <\/h3>\n<p>                        Le Four encastrable SAMSUNG NV7B4550VAS Bespoke, dot\u00e9 d&rsquo;une cavit\u00e9 XXL de 76 litres, est con\u00e7u pour les amateurs de cuisine recherchant pr\u00e9cision et polyvalence. Sa classe \u00e9nerg\u00e9tique A+ garantit une consommation optimis\u00e9e, avec une consommation en convection naturelle de 1.05 kWh\/cycle et en chaleur tournante de 0.71 kWh\/cycle. La technologie de chaleur tournante puls\u00e9e assure une r\u00e9partition homog\u00e8ne de la chaleur, permettant la cuisson simultan\u00e9e sur plusieurs niveaux sans m\u00e9lange d&rsquo;odeurs ni de saveurs, id\u00e9ale pour les plats d\u00e9licats.                    <\/p>\n<\/p>\n<h3> <img decoding=\"async\" ,=\"\" alt=\"Four encastrable SAMSUNG NV7B4550VAS Bespoke\" class=\"wy_tableau_right\" height=\"270\" src=\"https:\/\/boulanger.scene7.com\/is\/image\/Boulanger\/8806094337471_h_f_l_1?wid=400&amp;hei=270\" width=\"400\"\/>Confort et connectivit\u00e9 au service de l&rsquo;utilisateur                    <\/h3>\n<p>                        Le confort d&rsquo;utilisation est au coeur de la conception du SAMSUNG NV7B4550VAS Bespoke. Avec ses rails t\u00e9lescopiques, l&rsquo;acc\u00e8s aux plats est s\u00e9curis\u00e9 et pratique. La porte froide et le verrouillage des commandes offrent une s\u00e9curit\u00e9 accrue, particuli\u00e8rement pour les foyers avec enfants. De plus, ce four premium s&rsquo;inscrit dans l&rsquo;\u00e8re du num\u00e9rique gr\u00e2ce \u00e0 sa connectivit\u00e9 avanc\u00e9e. Contr\u00f4lez votre four \u00e0 distance et acc\u00e9dez \u00e0 de nombreuses recettes et conseils via l&rsquo;application SmartThings. Fabriqu\u00e9 en Malaisie, ce mod\u00e8le gris encastrable s&rsquo;int\u00e8gre parfaitement dans toute cuisine moderne.                    <\/p>\n<\/p><\/div>\n<\/p>\n<\/div>\n<p><bl-button a11yexpanded=\"false\" arialabel=\"Afficher toute la description\" class=\"read-more__btn\" full=\"false\" link=\"true\">Voir plus<\/bl-button><\/div>","protected":false},"excerpt":{"rendered":"<div class=\"keypoints\">\n<h3 class=\"keypoints__title\">Les points cl\u00e9s<\/h3>\n<ul role=\"list\">\n<li class=\"keypoints__item\" role=\"listitem\">                          Chaleur tournante puls\u00e9e &#8211;                                                      Nettoyage pyrolyse                      <\/li>\n<li class=\"keypoints__item\" role=\"listitem\">                          Rails t\u00e9l\u00e9scopiques &#8211;                                                      Connect\u00e9                      <\/li>\n<li class=\"keypoints__item\" role=\"listitem\">                          Porte froide &#8211;                                                      Ouverture standard                      <\/li>\n<li class=\"keypoints__item\" role=\"listitem\">                                        Encastrement standard (60cm)                      <\/li>\n<li class=\"keypoints__item keypoints__item--advantage\" role=\"listitem\"><strong>Le + :<\/strong> Dual Cook Flex pour 2 cuissons diff\u00e9rents en m\u00eame temps et une vraie facilit\u00e9 d&rsquo;utilisation      <\/li>\n<\/ul>","protected":false},"featured_media":7574,"template":"","meta":{"_glsr_average":0,"_glsr_ranking":0,"_glsr_reviews":0},"product_cat":[212],"product_tag":[213,131],"class_list":{"0":"post-37365","1":"product","2":"type-product","3":"status-publish","4":"has-post-thumbnail","6":"product_cat-four-encastrable","7":"product_tag-four-encastrable","8":"product_tag-gros-electromenager","10":"first","11":"instock","12":"sale","13":"shipping-taxable","14":"purchasable","15":"product-type-simple"},"_links":{"self":[{"href":"https:\/\/electromenagerexpress.com\/en\/wp-json\/wp\/v2\/product\/37365","targetHints":{"allow":["GET"]}}],"collection":[{"href":"https:\/\/electromenagerexpress.com\/en\/wp-json\/wp\/v2\/product"}],"about":[{"href":"https:\/\/electromenagerexpress.com\/en\/wp-json\/wp\/v2\/types\/product"}],"wp:featuredmedia":[{"embeddable":true,"href":"https:\/\/electromenagerexpress.com\/en\/wp-json\/wp\/v2\/media\/7574"}],"wp:attachment":[{"href":"https:\/\/electromenagerexpress.com\/en\/wp-json\/wp\/v2\/media?parent=37365"}],"wp:term":[{"taxonomy":"product_cat","embeddable":true,"href":"https:\/\/electromenagerexpress.com\/en\/wp-json\/wp\/v2\/product_cat?post=37365"},{"taxonomy":"product_tag","embeddable":true,"href":"https:\/\/electromenagerexpress.com\/en\/wp-json\/wp\/v2\/product_tag?post=37365"}],"curies":[{"name":"wp","href":"https:\/\/api.w.org\/{rel}","templated":true}]}}