{"id":37353,"date":"2024-11-21T13:11:49","date_gmt":"2024-11-21T13:11:49","guid":{"rendered":"https:\/\/electromenagerexpress.com\/product\/congelateur-propolargp898\/"},"modified":"2025-01-13T10:30:56","modified_gmt":"2025-01-13T10:30:56","slug":"congelateur-propolargp898","status":"publish","type":"product","link":"https:\/\/electromenagerexpress.com\/en\/product\/congelateur-propolargp898\/","title":{"rendered":"Cong\u00e9lateur pro\tPOLAR\tGP898"},"content":{"rendered":"<div class=\"product-features__content\">\n<h3 class=\"product-features__label\"><\/h3>\n<ul role=\"list\">\n<li class=\"product-features__item\" role=\"listitem\">\n<h3 class=\"product-features__label\">Cong\u00e9lateur<\/h3>\n<ul role=\"list\">\n<li class=\"product-features__item-list__item\" role=\"listitem\"><span class=\"is--medium\">Format :<\/span> cong\u00e9lateur professionnel<\/li>\n<li class=\"product-features__item-list__item\" role=\"listitem\"><span class=\"is--medium\">Id\u00e9al pour :<\/span> les professionnels ayant besoin d&rsquo;un produit sp\u00e9cifique<\/li>\n<li class=\"product-features__item-list__item\" role=\"listitem\"><span class=\"is--medium\">Type de froid :<\/span> statique, demande un d\u00e9givrage manuel r\u00e9gulier<\/li>\n<li class=\"product-features__item-list__item\" role=\"listitem\"><span class=\"is--medium\">Couleur :<\/span> blanc<\/li>\n<\/ul>\n<\/li>\n<li class=\"product-features__item\" role=\"listitem\">\n<h3 class=\"product-features__label\">Type d&rsquo;installation<\/h3>\n<ul role=\"list\">\n<li class=\"product-features__item-list__item\" role=\"listitem\"><span class=\"is--medium\">Pose de l&rsquo;appareil :<\/span> pose libre, peut \u00eatre install\u00e9 librement dans n&rsquo;importe quelle pi\u00e8ce de la maison<\/li>\n<li class=\"product-features__item-list__item\" role=\"listitem\"><span class=\"is--medium\">Classe climatique ( temp\u00e9rature de la pi\u00e8ce ) :<\/span> la classe climatique SN (de 10\u00b0C \u00e0 32\u00b0C) permet un fonctionnement optimum dans cette plage de temp\u00e9ratures<\/li>\n<li class=\"product-features__item-list__item\" role=\"listitem\"><span class=\"is--medium\">Convient pour une pi\u00e8ce non chauff\u00e9e :<\/span> oui, jusqu&rsquo;\u00e0 0\u00b0C<\/li>\n<li class=\"product-features__item-list__item\" role=\"listitem\"><span class=\"is--medium\">Installation contre un mur :<\/span> le cong\u00e9lateur peut \u00eatre install\u00e9 contre le mur<\/li>\n<li class=\"product-features__item-list__item\" role=\"listitem\"><span class=\"is--medium\">N\u00e9cessite une arriv\u00e9e d&rsquo;eau :<\/span> oui<\/li>\n<li class=\"product-features__item-list__item\" role=\"listitem\"><span class=\"is--medium\">Filtre antibact\u00e9rien d&rsquo;alimentation d&rsquo;eau :<\/span> A changer tous les 6 mois. Le filtre anti-bact\u00e9rien d&rsquo;alimentation d&rsquo;eau permet de lutter contre les bact\u00e9ries .<\/li>\n<li class=\"product-features__item-list__item\" role=\"listitem\"><span class=\"is--medium\">Porte(s) r\u00e9versible(s) :<\/span> Non<\/li>\n<\/ul>\n<\/li>\n<li class=\"product-features__item\" role=\"listitem\">\n<h3 class=\"product-features__label\">Fonctionnalit\u00e9s et s\u00e9curit\u00e9<\/h3>\n<ul role=\"list\">\n<li class=\"product-features__item-list__item\" role=\"listitem\"><span class=\"is--medium\">Capacit\u00e9 de cong\u00e9lation :<\/span> 581 kg\/24h<\/li>\n<li class=\"product-features__item-list__item\" role=\"listitem\"><span class=\"is--medium\">Alarme d&rsquo;ouverture de porte :<\/span> non<\/li>\n<li class=\"product-features__item-list__item\" role=\"listitem\"><span class=\"is--medium\">Alarme de remont\u00e9e en temp\u00e9rature :<\/span> non<\/li>\n<li class=\"product-features__item-list__item\" role=\"listitem\"><span class=\"is--medium\">Serrure :<\/span> non<\/li>\n<li class=\"product-features__item-list__item\" role=\"listitem\"><span class=\"is--medium\">Connect\u00e9 :<\/span> non connect\u00e9<\/li>\n<\/ul>\n<\/li>\n<li class=\"product-features__item\" role=\"listitem\">\n<h3 class=\"product-features__label\">Consommation<\/h3>\n<ul role=\"list\">\n<li class=\"product-features__item-list__item\" role=\"listitem\"><span class=\"is--medium\">Consommation :<\/span> E<\/li>\n<li class=\"product-features__item-list__item\" role=\"listitem\"><span class=\"is--medium\">Economie d&rsquo;\u00e9nergie :<\/span> Un changement de classe repr\u00e9sente 20% d&rsquo;\u00e9conomies sur la consommation d&rsquo;\u00e9nergie : source ADEME<\/li>\n<li class=\"product-features__item-list__item\" role=\"listitem\"><span class=\"is--medium\">Consommation annuelle :<\/span> 273 kWh\/an<\/li>\n<li class=\"product-features__item-list__item\" role=\"listitem\"><span class=\"is--medium\">Co\u00fbt unitaire en \u00e9lectricit\u00e9 :<\/span> 0,25 euros<\/li>\n<li class=\"product-features__item-list__item\" role=\"listitem\"><span class=\"is--medium\">Co\u00fbt annuel d&rsquo;utilisation :<\/span> 69 euros<\/li>\n<\/ul>\n<\/li>\n<li class=\"product-features__item\" role=\"listitem\">\n<h3 class=\"product-features__label\">Dimensions<\/h3>\n<ul role=\"list\">\n<li class=\"product-features__item-list__item\" role=\"listitem\"><span class=\"is--medium\">LxHxP :<\/span> 203.5 x 97 x 73 cm<\/li>\n<li class=\"product-features__item-list__item\" role=\"listitem\"><span class=\"is--medium\">Poids net \u00a0 :<\/span> 97 kg<\/li>\n<li class=\"product-features__item-list__item\" role=\"listitem\"><span class=\"is--medium\">Poids brut :<\/span> 1 kg<\/li>\n<\/ul>\n<\/li>\n<li class=\"product-features__item\" role=\"listitem\">\n<h3 class=\"product-features__label\">Informations compl\u00e9mentaires<\/h3>\n<ul role=\"list\">\n<li class=\"product-features__item-list__item\" role=\"listitem\"><span class=\"is--medium\">Fabriqu\u00e9 en :<\/span> France<\/li>\n<li class=\"product-features__item-list__item\" role=\"listitem\"><span class=\"is--medium\">Disponibilit\u00e9 des pi\u00e8ces d\u00e9tach\u00e9es\u00a0 :<\/span> Non communiqu\u00e9e<\/li>\n<\/ul>\n<\/li>\n<\/ul>\n<\/div>\n<div class=\"product__disclosure-content\">\n<div class=\"js-read-more product-description__content\" style=\"max-height: 500px; overflow: hidden;\" data-read-more-name=\"description\">\n<p>Cong\u00e9lateur coffre professionnel couvercle inox 581 litres | Avec une \u00e9norme capacit\u00e9 de stockage de 581 litres, le cong\u00e9lateur coffre Polar s\u00e9rie G est parfait pour les \u00e9tablissements professionnels ayant besoin d&rsquo;un espace de cong\u00e9lation fiable. Le cong\u00e9lateur est dot\u00e9 d&rsquo;un couvercle robuste en acier inoxydable qui sert \u00e9galement de surface de travail. Fourni sur roulettes pour faciliter le d\u00e9placement du cong\u00e9lateur pour le positionnement et le nettoyage. Capacit\u00e9: 581 LDimensions: 970(H) x 2035(L) x 730(P) mmMat\u00e9riel: Acier peintR\u00e9frig\u00e9rant: R600aPlage de Temp\u00e9rature: -18 \u00b0C \u00e0 -25 \u00b0CAlimentation: 220-240VPoids: 97 kgPrise: OuiCapacit\u00e9 de 581 litresAfin de r\u00e9duire les d\u00e9chets alimentaires dus \u00e0 la d\u00e9composition ou \u00e0 la d\u00e9shydratation, cet appareil doit \u00eatre utilis\u00e9 dans sa plage de fonctionnement d\u00e9sign\u00e9e. Temp\u00e9rature optimale pour la conservation des aliments : -18\u00b0CBlanc. Ext\u00e9rieur : acier. Int\u00e9rieur : aluminiumRefroidissement statique silencieux (40db)2 paniers pour une organisation efficace des stocksD\u00e9givrage manuel facileLe couvercle en acier inoxydable offre un espace suppl\u00e9mentaire vital pour la pr\u00e9paration des alimentsAffichage permanent de la temp\u00e9rature par LED avec r\u00e9gulateur num\u00e9rique intuitifL&rsquo;isolation de 90 mm am\u00e9liore l&rsquo;efficacit\u00e9 et r\u00e9duit les co\u00fbts de fonctionnementClasse \u00e9nerg\u00e9tique: EConsommation \u00e9nerg\u00e9tique annuelle: Consommation d&rsquo;\u00e9nergie 273kWh par an, bas\u00e9e sur les r\u00e9sultats des tests standards europ\u00e9ens effectu\u00e9s sur 24 heures. La consommation d&rsquo;\u00e9nergie r\u00e9elle d\u00e9pendra de l&rsquo;utilisation de l&rsquo;appareil et de son emplacement.Classe climatique: T = Tropicale : Cet appareil est destin\u00e9 \u00e0 \u00eatre utilis\u00e9 \u00e0 une temp\u00e9rature ambiante comprise entre + 16 \u00b0C et + 43 \u00b0C.<\/p>\n<\/div>\n<p>&nbsp;<\/p>\n<\/div>","protected":false},"excerpt":{"rendered":"<div class=\"keypoints\">\n<h3 class=\"keypoints__title\">Les points cl\u00e9s<\/h3>\n<ul role=\"list\">\n<li class=\"keypoints__item\" role=\"listitem\">LxHxP : 203.5 x 97 x 73 cm &#8211; d\u00e9givrage manuel occasionnel<\/li>\n<li class=\"keypoints__item\" role=\"listitem\">Consommation : E<\/li>\n<li class=\"keypoints__item\" role=\"listitem\">Pouvoir de cong\u00e9lation : 581 kg\/24h<\/li>\n<li class=\"keypoints__item\" role=\"listitem\">1 compartiment &#8211; Pi\u00e8ce jusqu&rsquo;\u00e0 0\u00b0C<\/li>\n<\/ul>\n<\/div>","protected":false},"featured_media":7460,"template":"","meta":{"_glsr_average":0,"_glsr_ranking":0,"_glsr_reviews":0},"product_cat":[206],"product_tag":[207,131,199],"class_list":{"0":"post-37353","1":"product","2":"type-product","3":"status-publish","4":"has-post-thumbnail","6":"product_cat-congelateur-pro","7":"product_tag-congelateur-pro","8":"product_tag-gros-electromenager","9":"product_tag-gros-electromenager-professionnel","11":"first","12":"instock","13":"sale","14":"shipping-taxable","15":"purchasable","16":"product-type-simple"},"_links":{"self":[{"href":"https:\/\/electromenagerexpress.com\/en\/wp-json\/wp\/v2\/product\/37353","targetHints":{"allow":["GET"]}}],"collection":[{"href":"https:\/\/electromenagerexpress.com\/en\/wp-json\/wp\/v2\/product"}],"about":[{"href":"https:\/\/electromenagerexpress.com\/en\/wp-json\/wp\/v2\/types\/product"}],"wp:featuredmedia":[{"embeddable":true,"href":"https:\/\/electromenagerexpress.com\/en\/wp-json\/wp\/v2\/media\/7460"}],"wp:attachment":[{"href":"https:\/\/electromenagerexpress.com\/en\/wp-json\/wp\/v2\/media?parent=37353"}],"wp:term":[{"taxonomy":"product_cat","embeddable":true,"href":"https:\/\/electromenagerexpress.com\/en\/wp-json\/wp\/v2\/product_cat?post=37353"},{"taxonomy":"product_tag","embeddable":true,"href":"https:\/\/electromenagerexpress.com\/en\/wp-json\/wp\/v2\/product_tag?post=37353"}],"curies":[{"name":"wp","href":"https:\/\/api.w.org\/{rel}","templated":true}]}}