{"id":37340,"date":"2024-11-21T13:11:18","date_gmt":"2024-11-21T13:11:18","guid":{"rendered":"https:\/\/electromenagerexpress.com\/product\/mini-congelateurklarsteingarfield-eco-34l-blanc\/"},"modified":"2024-11-21T13:11:19","modified_gmt":"2024-11-21T13:11:19","slug":"mini-congelateurklarsteingarfield-eco-34l-blanc","status":"publish","type":"product","link":"https:\/\/electromenagerexpress.com\/en\/product\/mini-congelateurklarsteingarfield-eco-34l-blanc\/","title":{"rendered":"Mini cong\u00e9lateur\t\t\t\t\t\t\tKLARSTEIN\t\t\t\tGarfield Eco 34L &#8211; Blanc"},"content":{"rendered":"<div class=\"product-features__content\">\n<ul role=\"list\">\n<li class=\"product-features__item\" role=\"listitem\">\n<h3 class=\"product-features__label\">Nos services de livraison<\/h3>\n<ul role=\"list\">\n<li class=\"product-features__item-list__item\" role=\"listitem\"><span class=\"is--medium\">Livraison et reprise de votre ancien appareil offerts \u00e0 partir de 379 \u20ac :<\/span> <a href=\"https:\/\/www.boulanger.com\/evenement\/livraison-domicile\" target=\"_blank\">en sa<\/a><\/li>\n<\/ul>\n<\/li>\n<li class=\"product-features__item\" role=\"listitem\">\n<h3 class=\"product-features__label\">Cong\u00e9lateur<\/h3>\n<ul role=\"list\">\n<li class=\"product-features__item-list__item\" role=\"listitem\"><span class=\"is--medium\">Format :<\/span> mini cong\u00e9lateur, petite capacit\u00e9 permettant de conserver l&rsquo;essentiel, et peut \u00eatre superpos\u00e9 sur un autre appareil ou un meuble pour gagner de la place\t\t\t\t\t<\/li>\n<li class=\"product-features__item-list__item\" role=\"listitem\"><span class=\"is--medium\">Id\u00e9al pour :<\/span> les personnes ayant besoin d&rsquo;un petit espace cong\u00e9lation suppl\u00e9mentaire\t\t\t\t\t<\/li>\n<li class=\"product-features__item-list__item\" role=\"listitem\"><span class=\"is--medium\">Type de froid :<\/span> statique, demande un d\u00e9givrage manuel r\u00e9gulier\t\t\t\t\t<\/li>\n<li class=\"product-features__item-list__item\" role=\"listitem\"><span class=\"is--medium\">Volume total :<\/span> petit 34L\t\t\t\t\t<\/li>\n<li class=\"product-features__item-list__item\" role=\"listitem\"><span class=\"is--medium\">Nombre de clayettes (\u00e9tag\u00e8res) :<\/span> 1\t\t\t\t\t<\/li>\n<li class=\"product-features__item-list__item\" role=\"listitem\"><span class=\"is--medium\">Couleur :<\/span> blanc\t\t\t\t\t<\/li>\n<li class=\"product-features__item-list__item\" role=\"listitem\"><span class=\"is--medium\">Rev\u00eatement ext\u00e9rieur de la porte :<\/span> inox anti trace\t\t\t\t\t<\/li>\n<\/ul>\n<\/li>\n<li class=\"product-features__item\" role=\"listitem\">\n<h3 class=\"product-features__label\">Type d&rsquo;installation<\/h3>\n<ul role=\"list\">\n<li class=\"product-features__item-list__item\" role=\"listitem\"><span class=\"is--medium\">Pose de l&rsquo;appareil :<\/span> pose libre, peut \u00eatre install\u00e9 librement dans n&rsquo;importe quelle pi\u00e8ce de la maison\t\t\t\t\t<\/li>\n<li class=\"product-features__item-list__item\" role=\"listitem\"><span class=\"is--medium\">Classe climatique ( temp\u00e9rature de la pi\u00e8ce ) :<\/span> la classe climatique N\/ST (de 16\u00b0C \u00e0 38\u00b0C) permet un fonctionnement optimum dans cette plage de temp\u00e9ratures\t\t\t\t\t<\/li>\n<li class=\"product-features__item-list__item\" role=\"listitem\"><span class=\"is--medium\">Convient pour une pi\u00e8ce non chauff\u00e9e :<\/span> oui, sup\u00e9rieure \u00e0 10\u00b0C\t\t\t\t\t<\/li>\n<li class=\"product-features__item-list__item\" role=\"listitem\"><span class=\"is--medium\">Installation contre un mur :<\/span> le cong\u00e9lateur peut \u00eatre install\u00e9 contre le mur\t\t\t\t\t<\/li>\n<li class=\"product-features__item-list__item\" role=\"listitem\"><span class=\"is--medium\">Type de poign\u00e9e :<\/span> poign\u00e9e traditionnelle\t\t\t\t\t<\/li>\n<li class=\"product-features__item-list__item\" role=\"listitem\"><span class=\"is--medium\">N\u00e9cessite une arriv\u00e9e d&rsquo;eau :<\/span> non\t\t\t\t\t<\/li>\n<li class=\"product-features__item-list__item\" role=\"listitem\"><span class=\"is--medium\">Porte(s) r\u00e9versible(s) :<\/span> Non\t\t\t\t\t<\/li>\n<\/ul>\n<\/li>\n<li class=\"product-features__item\" role=\"listitem\">\n<h3 class=\"product-features__label\">Fonctionnalit\u00e9s et s\u00e9curit\u00e9<\/h3>\n<ul role=\"list\">\n<li class=\"product-features__item-list__item\" role=\"listitem\"><span class=\"is--medium\">Capacit\u00e9 de cong\u00e9lation :<\/span> 2 kg\/24h\t\t\t\t\t<\/li>\n<li class=\"product-features__item-list__item\" role=\"listitem\"><span class=\"is--medium\">Alarme d&rsquo;ouverture de porte :<\/span> non\t\t\t\t\t<\/li>\n<li class=\"product-features__item-list__item\" role=\"listitem\"><span class=\"is--medium\">Alarme de remont\u00e9e en temp\u00e9rature :<\/span> non\t\t\t\t\t<\/li>\n<li class=\"product-features__item-list__item\" role=\"listitem\"><span class=\"is--medium\">Serrure :<\/span> non\t\t\t\t\t<\/li>\n<li class=\"product-features__item-list__item\" role=\"listitem\"><span class=\"is--medium\">Connect\u00e9 :<\/span> non connect\u00e9\t\t\t\t\t<\/li>\n<\/ul>\n<\/li>\n<li class=\"product-features__item\" role=\"listitem\">\n<h3 class=\"product-features__label\">Confort d&rsquo;utilisation<\/h3>\n<ul role=\"list\">\n<li class=\"product-features__item-list__item\" role=\"listitem\"><span class=\"is--medium\">Niveau sonore :<\/span> standard 41 dB\t\t\t\t\t<\/li>\n<li class=\"product-features__item-list__item\" role=\"listitem\"><span class=\"is--medium\">Syst\u00e8me \u00e0 gla\u00e7ons :<\/span> bac \u00e0 gla\u00e7ons\t\t\t\t\t<\/li>\n<\/ul>\n<\/li>\n<li class=\"product-features__item\" role=\"listitem\">\n<h3 class=\"product-features__label\">Consommation<\/h3>\n<ul role=\"list\">\n<li class=\"product-features__item-list__item\" role=\"listitem\"><span class=\"is--medium\">Consommation :<\/span> E\t\t\t\t\t<\/li>\n<li class=\"product-features__item-list__item\" role=\"listitem\"><span class=\"is--medium\">Economie d&rsquo;\u00e9nergie :<\/span> Un changement de classe repr\u00e9sente 20% d&rsquo;\u00e9conomies sur la consommation d&rsquo;\u00e9nergie : source ADEME\t\t\t\t\t<\/li>\n<li class=\"product-features__item-list__item\" role=\"listitem\"><span class=\"is--medium\">Consommation annuelle :<\/span> 148 kWh\/an\t\t\t\t\t<\/li>\n<li class=\"product-features__item-list__item\" role=\"listitem\"><span class=\"is--medium\">Co\u00fbt unitaire en \u00e9lectricit\u00e9 :<\/span> 0,25 euros\t\t\t\t\t<\/li>\n<li class=\"product-features__item-list__item\" role=\"listitem\"><span class=\"is--medium\">Co\u00fbt annuel d&rsquo;utilisation :<\/span> 37 euros\t\t\t\t\t<\/li>\n<\/ul>\n<\/li>\n<li class=\"product-features__item\" role=\"listitem\">\n<h3 class=\"product-features__label\">Dimensions<\/h3>\n<ul role=\"list\">\n<li class=\"product-features__item-list__item\" role=\"listitem\"><span class=\"is--medium\">LxHxP :<\/span> 44 x 51 x 47 cm\t\t\t\t\t<\/li>\n<li class=\"product-features__item-list__item\" role=\"listitem\"><span class=\"is--medium\">Poids net \u00a0 :<\/span> 14 kg\t\t\t\t\t<\/li>\n<li class=\"product-features__item-list__item\" role=\"listitem\"><span class=\"is--medium\">Poids brut :<\/span> 14 kg\t\t\t\t\t<\/li>\n<\/ul>\n<\/li>\n<li class=\"product-features__item\" role=\"listitem\">\n<h3 class=\"product-features__label\">Informations compl\u00e9mentaires<\/h3>\n<ul role=\"list\">\n<li class=\"product-features__item-list__item\" role=\"listitem\"><span class=\"is--medium\">Fabriqu\u00e9 en :<\/span> Chine\t\t\t\t\t<\/li>\n<li class=\"product-features__item-list__item\" role=\"listitem\"><span class=\"is--medium\">Disponibilit\u00e9 des pi\u00e8ces d\u00e9tach\u00e9es (donn\u00e9es fournisseur) :<\/span> Non communiqu\u00e9e\t\t\t\t\t<\/li>\n<\/ul>\n<\/li>\n<\/ul>\n<\/div>\n<div class=\"product__disclosure-content\">\n<div class=\"js-read-more product-description__content read-more read-more--truncated\" data-read-more-name=\"description\" style=\"max-height: 500px; overflow: hidden;\">\n<p>Le <b>Klarstein<\/b> Garfield Eco est un <b>cong\u00e9lateur<\/b> compact et \u00e9conomique qui apporte un<br \/>vent de fra\u00eecheur dans les cuisines des c\u00e9libataires et des m\u00e9nages de petite et<br \/>moyenne taille. C&rsquo;est le moyen id\u00e9al de congeler vos aliments, m\u00eame lorsque l&rsquo;espace<br \/>est limit\u00e9, tout en ajoutant un \u00e9l\u00e9ment de design moderne \u00e0 votre cuisine.<\/p>\n<p>Cong\u00e9lateur 4 \u00e9toiles au look design : l&rsquo;\u00e9conomique Garfield Eco de <b> Klarstein. <\/b><\/p>\n<p><b>Top Features:<\/b><\/p>\n<p>\u2022 <b>\u00c9conomique :<\/b> cong\u00e9lateur \u00e9cologique<b>Compact : <\/b>compact et id\u00e9al pour les<br \/>c\u00e9libataires<b>\u00c9l\u00e9gance simple :<\/b> Design clair<b>Cong\u00e9lateur 4 \u00e9toiles :<\/b> deux compartiments<br \/>g\u00e9n\u00e9reux<b>Capacit\u00e9 utile de 34 l :<\/b> beaucoup d&rsquo;espace pour les aliments<br \/>congel\u00e9s<b>Int\u00e9rieur flexible : <\/b>avec clayette grillag\u00e9e amovible<b>Boisson fra\u00eeches : <\/b>avec<br \/>bac \u00e0 gla\u00e7ons<\/p>\n<p><b>Caract\u00e9ristiques:<\/b><\/p>\n<p>\u2022 Volume total : 34 litres<br \/>\u2022 Niveau sonore : 41 dB<br \/>\u2022 Classe d&rsquo;efficacit\u00e9 \u00e9nerg\u00e9tique : E<br \/>\u2022 Temp\u00e9rature ambiante id\u00e9ale : 16 \u00e0 38 \u00b0C<br \/>\u2022 Pieds r\u00e9glables en hauteur<br \/>\u2022 Sens de fermeture : vers la droite<br \/>\u2022 Facile \u00e0 nettoyer<br \/>\u2022 R\u00e9frig\u00e9rant : R600a<br \/>\u2022 1 grille d&rsquo;insertion<br \/>\u2022 Thermostat \u00e0 l&rsquo;arri\u00e8re<br \/>\u2022 Appareil encastr\u00e9 : non<br \/>\u2022 Espace utile \u00e0 2 niveaux : petit et grand compartiment<br \/>\u2022 Bac \u00e0 gla\u00e7ons inclus<br \/>\u2022 disponible en blanc et argent<\/p>\n<p><b>Inclus dans la livraison:<\/b><\/p>\n<p>\u2022 1 x\u00a0cong\u00e9lateur1 x\u00a0machine\u00a0\u00e0\u00a0gla\u00e7ons2 x\u00a0espaceursManuel d&rsquo;utilisation inclus<\/p>\n<p><b>Dimensions:<\/b><\/p>\n<p>\u2022 Dimensions : env. 44 x 52 x 47 cm (LxHxP)<br \/>\u2022 Poids : env. 14,5 kg<br \/>\u2022 Consommation \u00e9lectrique : 148 kWh\/an<br \/>\u2022 Alimentation \u00e9lectrique : CA 220-240 V, 50 Hz<\/p>\n<\/div>\n<p><bl-button a11yexpanded=\"false\" arialabel=\"Afficher toute la description\" class=\"read-more__btn\" full=\"false\" link=\"true\"><\/bl-button><\/div>","protected":false},"excerpt":{"rendered":"<div class=\"keypoints\">\n<h3 class=\"keypoints__title\">Les points cl\u00e9s<\/h3>\n<ul role=\"list\">\n<li class=\"keypoints__item\" role=\"listitem\">                          LxHxP : 44 x 51 x 47 cm &#8211;                                                      d\u00e9givrage manuel                      <\/li>\n<li class=\"keypoints__item\" role=\"listitem\">                          Volume total : petit 34L &#8211;                                                      Consommation : E                      <\/li>\n<li class=\"keypoints__item\" role=\"listitem\">                                        Pouvoir de cong\u00e9lation : 2 kg\/24h                      <\/li>\n<li class=\"keypoints__item\" role=\"listitem\">                                        Pi\u00e8ce sup\u00e9rieure \u00e0 10\u00b0C                      <\/li>\n<\/ul>","protected":false},"featured_media":7367,"template":"","meta":{"_glsr_average":0,"_glsr_ranking":0,"_glsr_reviews":0},"product_cat":[208],"product_tag":[182,131,209],"class_list":{"0":"post-37340","1":"product","2":"type-product","3":"status-publish","4":"has-post-thumbnail","6":"product_cat-mini-congelateur","7":"product_tag-congelateur","8":"product_tag-gros-electromenager","9":"product_tag-mini-congelateur","11":"first","12":"instock","13":"sale","14":"shipping-taxable","15":"purchasable","16":"product-type-simple"},"_links":{"self":[{"href":"https:\/\/electromenagerexpress.com\/en\/wp-json\/wp\/v2\/product\/37340","targetHints":{"allow":["GET"]}}],"collection":[{"href":"https:\/\/electromenagerexpress.com\/en\/wp-json\/wp\/v2\/product"}],"about":[{"href":"https:\/\/electromenagerexpress.com\/en\/wp-json\/wp\/v2\/types\/product"}],"wp:featuredmedia":[{"embeddable":true,"href":"https:\/\/electromenagerexpress.com\/en\/wp-json\/wp\/v2\/media\/7367"}],"wp:attachment":[{"href":"https:\/\/electromenagerexpress.com\/en\/wp-json\/wp\/v2\/media?parent=37340"}],"wp:term":[{"taxonomy":"product_cat","embeddable":true,"href":"https:\/\/electromenagerexpress.com\/en\/wp-json\/wp\/v2\/product_cat?post=37340"},{"taxonomy":"product_tag","embeddable":true,"href":"https:\/\/electromenagerexpress.com\/en\/wp-json\/wp\/v2\/product_tag?post=37340"}],"curies":[{"name":"wp","href":"https:\/\/api.w.org\/{rel}","templated":true}]}}