{"id":37339,"date":"2024-11-21T13:11:15","date_gmt":"2024-11-21T13:11:15","guid":{"rendered":"https:\/\/electromenagerexpress.com\/product\/congelateur-coffreklarsteiniceblokk-100-98l-blanc\/"},"modified":"2025-01-02T15:24:02","modified_gmt":"2025-01-02T15:24:02","slug":"congelateur-coffreklarsteiniceblokk-100-98l-blanc","status":"publish","type":"product","link":"https:\/\/electromenagerexpress.com\/en\/product\/congelateur-coffreklarsteiniceblokk-100-98l-blanc\/","title":{"rendered":"Cong\u00e9lateur coffre\t KLARSTEIN\tIceblokk 100 98L &#8211; Blanc"},"content":{"rendered":"<div class=\"product-features__content\">\n<ul role=\"list\">\n<li class=\"product-features__item\" role=\"listitem\">\n<h3 class=\"product-features__label\">Cong\u00e9lateur<\/h3>\n<ul role=\"list\">\n<li class=\"product-features__item-list__item\" role=\"listitem\"><span class=\"is--medium\">Format :<\/span> coffre, permet de conserver des aliments volumineux et\/ou en grosse quantit\u00e9 dans un cong\u00e9lateur de moins de 1 m\u00e8tre de hauteur<\/li>\n<li class=\"product-features__item-list__item\" role=\"listitem\"><span class=\"is--medium\">Id\u00e9al pour :<\/span> les professionnels et les personnes souhaitant conserver des grosses pi\u00e8ces de viande, poissons&#8230;<\/li>\n<li class=\"product-features__item-list__item\" role=\"listitem\"><span class=\"is--medium\">Type de froid :<\/span> statique, demande un d\u00e9givrage manuel r\u00e9gulier<\/li>\n<li class=\"product-features__item-list__item\" role=\"listitem\"><span class=\"is--medium\">Volume total :<\/span> petit 98L<\/li>\n<li class=\"product-features__item-list__item\" role=\"listitem\"><span class=\"is--medium\">Nombre de paniers :<\/span> 1<\/li>\n<li class=\"product-features__item-list__item\" role=\"listitem\"><span class=\"is--medium\">Couleur :<\/span> blanc<\/li>\n<\/ul>\n<\/li>\n<li class=\"product-features__item\" role=\"listitem\">\n<h3 class=\"product-features__label\">Type d&rsquo;installation<\/h3>\n<ul role=\"list\">\n<li class=\"product-features__item-list__item\" role=\"listitem\"><span class=\"is--medium\">Pose de l&rsquo;appareil :<\/span> pose libre, peut \u00eatre install\u00e9 librement dans n&rsquo;importe quelle pi\u00e8ce de la maison<\/li>\n<li class=\"product-features__item-list__item\" role=\"listitem\"><span class=\"is--medium\">Classe climatique ( temp\u00e9rature de la pi\u00e8ce ) :<\/span> la classe climatique SN\/ST (de 10\u00b0C \u00e0 38\u00b0C) permet un fonctionnement optimum dans cette plage de temp\u00e9ratures<\/li>\n<li class=\"product-features__item-list__item\" role=\"listitem\"><span class=\"is--medium\">Convient pour une pi\u00e8ce non chauff\u00e9e :<\/span> oui, sup\u00e9rieure \u00e0 10\u00b0C<\/li>\n<li class=\"product-features__item-list__item\" role=\"listitem\"><span class=\"is--medium\">Installation contre un mur :<\/span> le cong\u00e9lateur peut \u00eatre install\u00e9 contre le mur<\/li>\n<li class=\"product-features__item-list__item\" role=\"listitem\"><span class=\"is--medium\">Type de poign\u00e9e :<\/span> poign\u00e9e traditionnelle<\/li>\n<li class=\"product-features__item-list__item\" role=\"listitem\"><span class=\"is--medium\">N\u00e9cessite une arriv\u00e9e d&rsquo;eau :<\/span> non<\/li>\n<li class=\"product-features__item-list__item\" role=\"listitem\"><span class=\"is--medium\">Porte(s) r\u00e9versible(s) :<\/span> Non<\/li>\n<\/ul>\n<\/li>\n<li class=\"product-features__item\" role=\"listitem\">\n<h3 class=\"product-features__label\">Fonctionnalit\u00e9s et s\u00e9curit\u00e9<\/h3>\n<ul role=\"list\">\n<li class=\"product-features__item-list__item\" role=\"listitem\"><span class=\"is--medium\">Capacit\u00e9 de cong\u00e9lation :<\/span> 6 kg\/24h<\/li>\n<li class=\"product-features__item-list__item\" role=\"listitem\"><span class=\"is--medium\">Alarme d&rsquo;ouverture de porte :<\/span> visuelle<\/li>\n<li class=\"product-features__item-list__item\" role=\"listitem\"><span class=\"is--medium\">Alarme de remont\u00e9e en temp\u00e9rature :<\/span> non<\/li>\n<li class=\"product-features__item-list__item\" role=\"listitem\"><span class=\"is--medium\">Serrure :<\/span> non<\/li>\n<li class=\"product-features__item-list__item\" role=\"listitem\"><span class=\"is--medium\">Connect\u00e9 :<\/span> non connect\u00e9<\/li>\n<\/ul>\n<\/li>\n<li class=\"product-features__item\" role=\"listitem\">\n<h3 class=\"product-features__label\">Confort d&rsquo;utilisation<\/h3>\n<ul role=\"list\">\n<li class=\"product-features__item-list__item\" role=\"listitem\"><span class=\"is--medium\">Niveau sonore :<\/span> standard 40 dB<\/li>\n<\/ul>\n<\/li>\n<li class=\"product-features__item\" role=\"listitem\">\n<h3 class=\"product-features__label\">Consommation<\/h3>\n<ul role=\"list\">\n<li class=\"product-features__item-list__item\" role=\"listitem\"><span class=\"is--medium\">Consommation :<\/span> E<\/li>\n<li class=\"product-features__item-list__item\" role=\"listitem\"><span class=\"is--medium\">Economie d&rsquo;\u00e9nergie :<\/span> Un changement de classe repr\u00e9sente 20% d&rsquo;\u00e9conomies sur la consommation d&rsquo;\u00e9nergie : source ADEME<\/li>\n<li class=\"product-features__item-list__item\" role=\"listitem\"><span class=\"is--medium\">Consommation annuelle :<\/span> 168 kWh\/an<\/li>\n<li class=\"product-features__item-list__item\" role=\"listitem\"><span class=\"is--medium\">Co\u00fbt unitaire en \u00e9lectricit\u00e9 :<\/span> 0,25 euros<\/li>\n<li class=\"product-features__item-list__item\" role=\"listitem\"><span class=\"is--medium\">Co\u00fbt annuel d&rsquo;utilisation :<\/span> 42 euros<\/li>\n<\/ul>\n<\/li>\n<li class=\"product-features__item\" role=\"listitem\">\n<h3 class=\"product-features__label\">Dimensions<\/h3>\n<ul role=\"list\">\n<li class=\"product-features__item-list__item\" role=\"listitem\"><span class=\"is--medium\">LxHxP :<\/span> 54.5 x 84.5 x 56 cm<\/li>\n<li class=\"product-features__item-list__item\" role=\"listitem\"><span class=\"is--medium\">Poids net \u00a0 :<\/span> 26 kg<\/li>\n<li class=\"product-features__item-list__item\" role=\"listitem\"><span class=\"is--medium\">Poids brut :<\/span> 26 kg<\/li>\n<\/ul>\n<\/li>\n<li class=\"product-features__item\" role=\"listitem\">\n<h3 class=\"product-features__label\">Informations compl\u00e9mentaires<\/h3>\n<ul role=\"list\">\n<li class=\"product-features__item-list__item\" role=\"listitem\"><span class=\"is--medium\">Fabriqu\u00e9 en :<\/span> Chine<\/li>\n<li class=\"product-features__item-list__item\" role=\"listitem\"><span class=\"is--medium\">Disponibilit\u00e9 des pi\u00e8ces d\u00e9tach\u00e9es (donn\u00e9es fournisseur) :<\/span> Non communiqu\u00e9e<\/li>\n<\/ul>\n<\/li>\n<\/ul>\n<\/div>\n<div class=\"product__disclosure-content\">\n<div class=\"js-read-more product-description__content read-more read-more--truncated\" style=\"max-height: 500px; overflow: hidden;\" data-read-more-name=\"description\">\n<p>Simple et pr\u00e9cis, le <b>cong\u00e9lateur Iceblokk 100 <\/b>de haute qualit\u00e9 de<b> Klarstein<\/b> s&rsquo;int\u00e8gre<br \/>\ndans toutes les cuisines. Son design convainc par sa clart\u00e9 et sa fra\u00eecheur, sa<br \/>\nperformance par le froid glacial r\u00e9glable en continu entre -15 et -26 \u00b0C. Le plus<br \/>\ngrand confort est assur\u00e9 au quotidien : gr\u00e2ce aux roulettes, d\u00e9placez facilement le<br \/>\n<b>cong\u00e9lateur<\/b> moderne et acc\u00e9dez rapidement \u00e0 vos surgel\u00e9s avec le couvercle sup\u00e9rieur.<br \/>\nDeux niveaux d&rsquo;espace utile vous permettent d&rsquo;avoir une bonne vue d&rsquo;ensemble et<br \/>\nd&rsquo;organiser vos r\u00e9serves tandis que les petits objets du panier suspendu sont<br \/>\nrapidement \u00e0 port\u00e9e de main.<\/p>\n<p>Viande, l\u00e9gumes, p\u00e2tisserie, tarte, esquimaux : le <b>cong\u00e9lateur Iceblokk 100<\/b> de<br \/>\n<b>Klarstein<\/b> les conserve longtemps avec beaucoup de style.<\/p>\n<p><b>Top Features:<\/b><\/p>\n<p>\u2022 <b>Compartiment cong\u00e9lateur 4 \u00e9toiles :<\/b> Compartiment de 98 litres de capacit\u00e9<b> -15\u00a0\u00b0C<br \/>\net -26\u00a0\u00b0C :<\/b> Temp\u00e9rature de cong\u00e9lation r\u00e9glable en continu<b>Acc\u00e8s facile : <\/b>ouverture<br \/>\nconfortable par le haut<b>Bien rang\u00e9 : <\/b>avec un panier pratique \u00e0 accrocher<b>Flexible :<br \/>\n<\/b>Roulettes pour un d\u00e9placement facile<b>Pr\u00e9cis : <\/b>Conception conviviale et \u00e9l\u00e9gante du<\/p>\n<\/div>\n<p>cong\u00e9lateur coffre<\/p>\n<p><b>Caract\u00e9ristiques:<\/b><\/p>\n<p>\u2022 Type d&rsquo;installation : sur pied<br \/>\n\u2022 Interrupteur marche\/arr\u00eat \u00e0 l&rsquo;avant de l&rsquo;appareil<br \/>\n\u2022 Niveau sonore : 40 dB<br \/>\n\u2022 Classe d&rsquo;efficacit\u00e9 \u00e9nerg\u00e9tique : E<br \/>\n\u2022 Temp\u00e9rature de cong\u00e9lation : entre -15 et -26 \u00b0C<br \/>\n\u2022 R\u00e9glage en continu de la temp\u00e9rature avec 7 rep\u00e8res de puissance<br \/>\n\u2022 panier suspendu amovible pour un rangement pratique des petits objets<br \/>\n\u2022 Espace utile divis\u00e9 en deux niveaux : grand espace global de cong\u00e9lation avec<br \/>\ncoffre de cong\u00e9lation plus petit<br \/>\n\u2022 Roulettes pour un d\u00e9placement facile, m\u00eame \u00e0 pleine charge<br \/>\n\u2022 Soupape de vidange en bas pour un d\u00e9givrage facile<br \/>\n\u2022 acc\u00e8s facile gr\u00e2ce \u00e0 une ouverture sur le dessus<br \/>\n\u2022 R\u00e9frig\u00e9rant : R600a<br \/>\n\u2022 Design mince et \u00e9l\u00e9gant<\/p>\n<p><b>Inclus dans la livraison:<\/b><\/p>\n<p>\u2022 1 x cong\u00e9lateur1 x panier de cong\u00e9lationMode d&#8217;emploi en fran\u00e7ais<\/p>\n<p><b>Dimensions:<\/b><\/p>\n<p>\u2022 Dimensions de l&rsquo;appareil : environ 54,5 x 84,5 x 56 cm (LxHxP)<br \/>\n\u2022 Dimensions int\u00e9rieures du grand compartiment cong\u00e9lateur : environ 41,5 x 46 x 39,5<br \/>\ncm (LxHxP)<br \/>\n\u2022 Dimensions int\u00e9rieures du coffre cong\u00e9lateur : environ 21 x 21 x 39,5 cm (LxHxP)<br \/>\n\u2022 Dimensions du panier suspendu : environ 20 x 17 x 36,5 cm (LxHxP)<br \/>\n\u2022 Poids : env. 25,8 kg<br \/>\n\u2022 Consommation annuelle d&rsquo;\u00e9nergie : 168,1 (kWh\/an)<br \/>\n\u2022 Consommation : 220-240 V, 50 Hz<\/p>\n<p>&nbsp;<\/p>\n<\/div>","protected":false},"excerpt":{"rendered":"<div class=\"keypoints\">\n<h3 class=\"keypoints__title\">Les points cl\u00e9s<\/h3>\n<ul role=\"list\">\n<li class=\"keypoints__item\" role=\"listitem\">LxHxP : 54.5 x 84.5 x 56 cm &#8211; d\u00e9givrage manuel<\/li>\n<li class=\"keypoints__item\" role=\"listitem\">Volume total : petit 98L &#8211; Consommation : E<\/li>\n<li class=\"keypoints__item\" role=\"listitem\">Pouvoir de cong\u00e9lation : 6 kg\/24h<\/li>\n<li class=\"keypoints__item\" role=\"listitem\">Nombre de paniers : 1 &#8211; Pi\u00e8ce sup\u00e9rieure \u00e0 10\u00b0C<\/li>\n<\/ul>\n<\/div>","protected":false},"featured_media":7359,"template":"","meta":{"_glsr_average":0,"_glsr_ranking":0,"_glsr_reviews":0},"product_cat":[200],"product_tag":[182,201,131],"class_list":{"0":"post-37339","1":"product","2":"type-product","3":"status-publish","4":"has-post-thumbnail","6":"product_cat-congelateur-coffre","7":"product_tag-congelateur","8":"product_tag-congelateur-coffre","9":"product_tag-gros-electromenager","11":"first","12":"instock","13":"sale","14":"shipping-taxable","15":"purchasable","16":"product-type-simple"},"_links":{"self":[{"href":"https:\/\/electromenagerexpress.com\/en\/wp-json\/wp\/v2\/product\/37339","targetHints":{"allow":["GET"]}}],"collection":[{"href":"https:\/\/electromenagerexpress.com\/en\/wp-json\/wp\/v2\/product"}],"about":[{"href":"https:\/\/electromenagerexpress.com\/en\/wp-json\/wp\/v2\/types\/product"}],"wp:featuredmedia":[{"embeddable":true,"href":"https:\/\/electromenagerexpress.com\/en\/wp-json\/wp\/v2\/media\/7359"}],"wp:attachment":[{"href":"https:\/\/electromenagerexpress.com\/en\/wp-json\/wp\/v2\/media?parent=37339"}],"wp:term":[{"taxonomy":"product_cat","embeddable":true,"href":"https:\/\/electromenagerexpress.com\/en\/wp-json\/wp\/v2\/product_cat?post=37339"},{"taxonomy":"product_tag","embeddable":true,"href":"https:\/\/electromenagerexpress.com\/en\/wp-json\/wp\/v2\/product_tag?post=37339"}],"curies":[{"name":"wp","href":"https:\/\/api.w.org\/{rel}","templated":true}]}}