{"id":37335,"date":"2024-11-21T13:11:04","date_gmt":"2024-11-21T13:11:04","guid":{"rendered":"https:\/\/electromenagerexpress.com\/product\/congelateur-armoireboschgsn36vwep\/"},"modified":"2024-11-29T07:36:26","modified_gmt":"2024-11-29T07:36:26","slug":"congelateur-armoireboschgsn36vwep","status":"publish","type":"product","link":"https:\/\/electromenagerexpress.com\/en\/product\/congelateur-armoireboschgsn36vwep\/","title":{"rendered":"Cong\u00e9lateur armoire BOSCH\tGSN36VWEP"},"content":{"rendered":"<div class=\"product-features__content\">\n<p>&nbsp;<\/p>\n<h3 class=\"product-features__label\">\u00a0 \u00a0 \u00a0 \u00a0 \u00a0 Cong\u00e9lateur<\/h3>\n<ul role=\"list\">\n<li style=\"list-style-type: none;\">\n<ul role=\"list\">\n<li class=\"product-features__item-list__item\" role=\"listitem\"><span class=\"is--medium\">Format :<\/span> armoire (\u00e0 tiroirs) permet d&rsquo;organiser id\u00e9alement le rangement des aliments et d&rsquo;acc\u00e9der facilement \u00e0 chaque compartiment<\/li>\n<li class=\"product-features__item-list__item\" role=\"listitem\"><span class=\"is--medium\">Id\u00e9al pour :<\/span> un acc\u00e8s r\u00e9gulier et organis\u00e9 au cong\u00e9lateur<\/li>\n<li class=\"product-features__item-list__item\" role=\"listitem\"><span class=\"is--medium\">Type de froid :<\/span> ventil\u00e9 (no frost), permet une r\u00e9partition homog\u00e8ne du froid. Il offre un d\u00e9givrage automatique pour ne jamais avoir \u00e0 le faire manuellement<\/li>\n<li class=\"product-features__item-list__item\" role=\"listitem\"><span class=\"is--medium\">Volume total :<\/span> standard 242L<\/li>\n<li class=\"product-features__item-list__item\" role=\"listitem\"><span class=\"is--medium\">Nombre de Bigbox :<\/span> 1 bigbox<\/li>\n<li class=\"product-features__item-list__item\" role=\"listitem\"><span class=\"is--medium\">Nombre de clayettes (\u00e9tag\u00e8res) :<\/span> 3<\/li>\n<li class=\"product-features__item-list__item\" role=\"listitem\"><span class=\"is--medium\">Espace modulable :<\/span> oui, possibilit\u00e9 d&rsquo;optimiser l&rsquo;espace en retirant un ou des tiroirs et les clayettes<\/li>\n<li class=\"product-features__item-list__item\" role=\"listitem\"><span class=\"is--medium\">Couleur :<\/span> blanc<br \/>\n<h3 class=\"product-features__label\">Type d&rsquo;installation<\/h3>\n<ul role=\"list\">\n<li class=\"product-features__item-list__item\" role=\"listitem\"><span class=\"is--medium\">Pose de l&rsquo;appareil :<\/span> pose libre, peut \u00eatre install\u00e9 librement dans n&rsquo;importe quelle pi\u00e8ce de la maison<\/li>\n<li class=\"product-features__item-list__item\" role=\"listitem\"><span class=\"is--medium\">Classe climatique ( temp\u00e9rature de la pi\u00e8ce ) :<\/span> la classe climatique SN-T,ou classe tropicale \u00e9largie (de 10\u00b0C \u00e0 43 C ), permet un fonctionnement optimum dans des pi\u00e8ces \u00e0 temp\u00e9ratures basses ou \u00e9lev\u00e9es. Id\u00e9ale pour une installation dans un garage, une v\u00e9randa ou une cave<\/li>\n<li class=\"product-features__item-list__item\" role=\"listitem\"><span class=\"is--medium\">Convient pour une pi\u00e8ce non chauff\u00e9e :<\/span> oui, sup\u00e9rieure \u00e0 10\u00b0C<\/li>\n<li class=\"product-features__item-list__item\" role=\"listitem\"><span class=\"is--medium\">Installation contre un mur :<\/span> le cong\u00e9lateur n\u00e9cessite d&rsquo;\u00eatre install\u00e9 \u00e0 3 &#8211; 4 cm du mur pour acc\u00e9der facilement aux tiroirs<\/li>\n<li class=\"product-features__item-list__item\" role=\"listitem\"><span class=\"is--medium\">Sens d&rsquo;ouverture de la porte :<\/span> fixation \u00e0 droite r\u00e9versible, permet de changer le sens d&rsquo;ouverture de la porte pour faciliter l&rsquo;acc\u00e8s au cong\u00e9lateur selon l&rsquo;agencement de la pi\u00e8ce. Ce changement peut s&rsquo;effectuer lors de l&rsquo;installation ( \u00e0 signaler au moment de la commande).<\/li>\n<li class=\"product-features__item-list__item\" role=\"listitem\"><span class=\"is--medium\">Type de poign\u00e9e :<\/span> poign\u00e9e traditionnelle<\/li>\n<li class=\"product-features__item-list__item\" role=\"listitem\"><span class=\"is--medium\">N\u00e9cessite une arriv\u00e9e d&rsquo;eau :<\/span> non<\/li>\n<li class=\"product-features__item-list__item\" role=\"listitem\"><span class=\"is--medium\">Porte d&rsquo;habillage :<\/span> Elle n&rsquo;est pas n\u00e9cessaire pour cet appareil<\/li>\n<li class=\"product-features__item-list__item\" role=\"listitem\"><span class=\"is--medium\">Porte(s) r\u00e9versible(s) :<\/span> Oui. Vous permet de changer le sens d&rsquo;ouverture de la porte mais uniquement avec un kit qui est fourni avec le produit<br \/>\n<h3 class=\"product-features__label\">Fonctionnalit\u00e9s et s\u00e9curit\u00e9<\/h3>\n<ul role=\"list\">\n<li class=\"product-features__item-list__item\" role=\"listitem\"><span class=\"is--medium\">Capacit\u00e9 de cong\u00e9lation :<\/span> 242 kg\/24h<\/li>\n<li class=\"product-features__item-list__item\" role=\"listitem\"><span class=\"is--medium\">Super cong\u00e9lation :<\/span> oui, la cong\u00e9lation rapide permet d&rsquo;acc\u00e9l\u00e9rer la baisse de la temp\u00e9rature pour congeler rapidement les aliments en conservant leurs saveurs et nutriments<\/li>\n<li class=\"product-features__item-list__item\" role=\"listitem\"><span class=\"is--medium\">Autonomie en cas de coupure de courant :<\/span> 9 h<\/li>\n<li class=\"product-features__item-list__item\" role=\"listitem\"><span class=\"is--medium\">Alarme d&rsquo;ouverture de porte :<\/span> visuelle et sonore<\/li>\n<li class=\"product-features__item-list__item\" role=\"listitem\"><span class=\"is--medium\">Alarme de remont\u00e9e en temp\u00e9rature :<\/span> visuelle et sonore<\/li>\n<li class=\"product-features__item-list__item\" role=\"listitem\"><span class=\"is--medium\">Serrure :<\/span> non<\/li>\n<li class=\"product-features__item-list__item\" role=\"listitem\"><span class=\"is--medium\">Connect\u00e9 :<\/span> non connect\u00e9<\/li>\n<\/ul>\n<\/li>\n<\/ul>\n<\/li>\n<\/ul>\n<\/li>\n<li class=\"product-features__item\" role=\"listitem\">\n<h3 class=\"product-features__label\">Confort d&rsquo;utilisation<\/h3>\n<ul role=\"list\">\n<li class=\"product-features__item-list__item\" role=\"listitem\"><span class=\"is--medium\">Niveau sonore :<\/span> silencieux 39 dB<\/li>\n<li class=\"product-features__item-list__item\" role=\"listitem\"><span class=\"is--medium\">Eclairage int\u00e9rieur :<\/span> non<\/li>\n<li class=\"product-features__item-list__item\" role=\"listitem\"><span class=\"is--medium\">Syst\u00e8me \u00e0 gla\u00e7ons :<\/span> bac \u00e0 gla\u00e7ons<\/li>\n<li class=\"product-features__item-list__item\" role=\"listitem\"><span class=\"is--medium\">Panneau de commandes :<\/span> int\u00e9rieur m\u00e9canique<\/li>\n<\/ul>\n<\/li>\n<li class=\"product-features__item\" role=\"listitem\">\n<h3 class=\"product-features__label\">Consommation<\/h3>\n<ul role=\"list\">\n<li class=\"product-features__item-list__item\" role=\"listitem\"><span class=\"is--medium\">Consommation :<\/span> E<\/li>\n<li class=\"product-features__item-list__item\" role=\"listitem\"><span class=\"is--medium\">Economie d&rsquo;\u00e9nergie :<\/span> Un changement de classe repr\u00e9sente 20% d&rsquo;\u00e9conomies sur la consommation d&rsquo;\u00e9nergie : source ADEME<\/li>\n<li class=\"product-features__item-list__item\" role=\"listitem\"><span class=\"is--medium\">Consommation annuelle :<\/span> 234 kWh\/an<\/li>\n<li class=\"product-features__item-list__item\" role=\"listitem\"><span class=\"is--medium\">Co\u00fbt unitaire en \u00e9lectricit\u00e9 :<\/span> 0,25 euros<\/li>\n<li class=\"product-features__item-list__item\" role=\"listitem\"><span class=\"is--medium\">Co\u00fbt annuel d&rsquo;utilisation :<\/span> 59 euros<\/li>\n<\/ul>\n<\/li>\n<li class=\"product-features__item\" role=\"listitem\">\n<h3 class=\"product-features__label\">Dimensions<\/h3>\n<ul role=\"list\">\n<li class=\"product-features__item-list__item\" role=\"listitem\"><span class=\"is--medium\">LxHxP :<\/span> 60 x 186 x 65 cm<\/li>\n<li class=\"product-features__item-list__item\" role=\"listitem\"><span class=\"is--medium\">Poids net \u00a0 :<\/span> 69 kg<\/li>\n<li class=\"product-features__item-list__item\" role=\"listitem\"><span class=\"is--medium\">Poids brut :<\/span> 74 kg<\/li>\n<\/ul>\n<\/li>\n<li class=\"product-features__item\" role=\"listitem\">\n<h3 class=\"product-features__label\">Informations compl\u00e9mentaires<\/h3>\n<ul role=\"list\">\n<li class=\"product-features__item-list__item\" role=\"listitem\"><span class=\"is--medium\">Garantie :<\/span> 2 ans<\/li>\n<li class=\"product-features__item-list__item\" role=\"listitem\"><span class=\"is--medium\">Fabriqu\u00e9 en :<\/span> Pologne<\/li>\n<li class=\"product-features__item-list__item\" role=\"listitem\"><span class=\"is--medium\">Disponibilit\u00e9 des pi\u00e8ces d\u00e9tach\u00e9es\u00a0 :<\/span> Pendant 15 ans, \u00e0 compter de la date d&rsquo;achat<\/li>\n<\/ul>\n<\/li>\n<\/ul>\n<\/div>\n<div class=\"product__disclosure-content\">\n<div class=\"js-read-more product-description__content read-more read-more--truncated\" style=\"max-height: 500px; overflow: hidden;\" data-read-more-name=\"description\">\n<div class=\"product__description-content read-more\">\n<p>Cong\u00e9lateur armoire BOSCH GSN36VWEP : l&rsquo;alliance de l&rsquo;efficacit\u00e9 et de la modernit\u00e9<\/p>\n<h3>Innovation et confort d&rsquo;utilisation<\/h3>\n<p>Le Cong\u00e9lateur armoire BOSCH GSN36VWEP, issu de la S\u00e9rie 4, se distingue par son syst\u00e8me No Frost qui \u00e9limine la corv\u00e9e de d\u00e9givrage, garantissant ainsi une efficacit\u00e9 \u00e9nerg\u00e9tique optimale avec une classe E. Avec un volume utile de 242 litres et un agencement int\u00e9rieur pens\u00e9 pour la commodit\u00e9, ce mod\u00e8le pose-libre de dimensions 186 x 60 cm offre une excellente visibilit\u00e9 et un acc\u00e8s ais\u00e9 \u00e0 vos produits gr\u00e2ce \u00e0 ses 4 tiroirs transparents, dont 2 BigBox pour les articles volumineux. La technologie MultiAirflow assure une temp\u00e9rature constante et homog\u00e8ne, pr\u00e9servant la qualit\u00e9 de vos aliments. De plus, la fonction Super-cong\u00e9lation avec arr\u00eat automatique est id\u00e9ale pour conserver rapidement vos denr\u00e9es sans alt\u00e9rer celles d\u00e9j\u00e0 stock\u00e9es.<\/p>\n<h3>Design et performance technique<\/h3>\n<p>Le design \u00e9pur\u00e9 du BOSCH GSN36VWEP avec sa porte blanche et ses poign\u00e9es verticales ext\u00e9rieures s&rsquo;int\u00e8gre parfaitement dans toute cuisine moderne. La r\u00e9gulation \u00e9lectronique avec indicateur LED, le signal d&rsquo;alarme visuel et sonore en cas de dysfonctionnement, et la technologie FreshSense contribuent \u00e0 une gestion simplifi\u00e9e et s\u00e9curis\u00e9e. Sur le plan technique, ce cong\u00e9lateur vertical affiche un niveau sonore de seulement 39 dB(A), se situant dans la classe C pour le bruit, et offre une autonomie de 9 heures en cas de coupure \u00e9lectrique. Les dimensions pratiques et les pieds ajustables en hauteur facilitent son installation, tandis que les charni\u00e8res de porte r\u00e9versibles permettent une adaptation \u00e0 tout agencement de pi\u00e8ce. Avec le BOSCH GSN36VWEP, b\u00e9n\u00e9ficiez d&rsquo;une conservation performante et d&rsquo;un appareil fiable qui s&rsquo;adapte \u00e0 vos besoins.<\/p>\n<\/div>\n<\/div>\n<p>&nbsp;<\/p>\n<\/div>","protected":false},"excerpt":{"rendered":"<div class=\"keypoints\">\n<h3 class=\"keypoints__title\">Les points cl\u00e9s<\/h3>\n<ul role=\"list\">\n<li class=\"keypoints__item\" role=\"listitem\">LxHxP : 60 x 186 x 65 cm &#8211; d\u00e9givrage automatique<\/li>\n<li class=\"keypoints__item\" role=\"listitem\">Volume total : standard 242L &#8211; Consommation : E<\/li>\n<li class=\"keypoints__item\" role=\"listitem\">Autonomie en cas de coupure de courant : 9 h &#8211; Pouvoir de cong\u00e9lation : 242 kg\/24h<\/li>\n<li class=\"keypoints__item\" role=\"listitem\">3 compartiments &#8211; Pi\u00e8ce sup\u00e9rieure \u00e0 10\u00b0C<\/li>\n<li class=\"keypoints__item keypoints__item--advantage\" role=\"listitem\"><strong>Le + :<\/strong> FreshSense, temp\u00e9rature constante par technologie de capteurs intelligents<\/li>\n<\/ul>\n<\/div>","protected":false},"featured_media":7330,"template":"","meta":{"_glsr_average":0,"_glsr_ranking":0,"_glsr_reviews":0},"product_cat":[181],"product_tag":[182,183,131],"class_list":{"0":"post-37335","1":"product","2":"type-product","3":"status-publish","4":"has-post-thumbnail","6":"product_cat-congelateur-armoire","7":"product_tag-congelateur","8":"product_tag-congelateur-armoire","9":"product_tag-gros-electromenager","11":"first","12":"instock","13":"sale","14":"shipping-taxable","15":"purchasable","16":"product-type-simple"},"_links":{"self":[{"href":"https:\/\/electromenagerexpress.com\/en\/wp-json\/wp\/v2\/product\/37335","targetHints":{"allow":["GET"]}}],"collection":[{"href":"https:\/\/electromenagerexpress.com\/en\/wp-json\/wp\/v2\/product"}],"about":[{"href":"https:\/\/electromenagerexpress.com\/en\/wp-json\/wp\/v2\/types\/product"}],"wp:featuredmedia":[{"embeddable":true,"href":"https:\/\/electromenagerexpress.com\/en\/wp-json\/wp\/v2\/media\/7330"}],"wp:attachment":[{"href":"https:\/\/electromenagerexpress.com\/en\/wp-json\/wp\/v2\/media?parent=37335"}],"wp:term":[{"taxonomy":"product_cat","embeddable":true,"href":"https:\/\/electromenagerexpress.com\/en\/wp-json\/wp\/v2\/product_cat?post=37335"},{"taxonomy":"product_tag","embeddable":true,"href":"https:\/\/electromenagerexpress.com\/en\/wp-json\/wp\/v2\/product_tag?post=37335"}],"curies":[{"name":"wp","href":"https:\/\/api.w.org\/{rel}","templated":true}]}}