{"id":37268,"date":"2024-11-21T13:07:47","date_gmt":"2024-11-21T13:07:47","guid":{"rendered":"https:\/\/electromenagerexpress.com\/product\/congelateur-armoiregorenjefn4172cw\/"},"modified":"2024-11-29T09:46:34","modified_gmt":"2024-11-29T09:46:34","slug":"congelateur-armoiregorenjefn4172cw","status":"publish","type":"product","link":"https:\/\/electromenagerexpress.com\/en\/product\/congelateur-armoiregorenjefn4172cw\/","title":{"rendered":"Cong\u00e9lateur armoire GORENJE FN4172CW"},"content":{"rendered":"<div class=\"product-features__content\">\n<h3 class=\"product-features__label\">\u00a0 \u00a0 \u00a0 \u00a0 \u00a0Cong\u00e9lateur<\/h3>\n<ul role=\"list\">\n<li style=\"list-style-type: none;\">\n<ul role=\"list\">\n<li class=\"product-features__item-list__item\" role=\"listitem\"><span class=\"is--medium\">Format :<\/span> armoire (\u00e0 tiroirs) permet d&rsquo;organiser id\u00e9alement le rangement des aliments et d&rsquo;acc\u00e9der facilement \u00e0 chaque compartiment<\/li>\n<li class=\"product-features__item-list__item\" role=\"listitem\"><span class=\"is--medium\">Id\u00e9al pour :<\/span> un acc\u00e8s r\u00e9gulier et organis\u00e9 au cong\u00e9lateur<\/li>\n<li class=\"product-features__item-list__item\" role=\"listitem\"><span class=\"is--medium\">Type de froid :<\/span> ventil\u00e9 (no frost), permet une r\u00e9partition homog\u00e8ne du froid. Il offre un d\u00e9givrage automatique pour ne jamais avoir \u00e0 le faire manuellement<\/li>\n<li class=\"product-features__item-list__item\" role=\"listitem\"><span class=\"is--medium\">Volume total :<\/span> petit 194L<\/li>\n<li class=\"product-features__item-list__item\" role=\"listitem\"><span class=\"is--medium\">Couleur :<\/span> blanc<br \/>\n<h3 class=\"product-features__label\">Type d&rsquo;installation<\/h3>\n<ul role=\"list\">\n<li class=\"product-features__item-list__item\" role=\"listitem\"><span class=\"is--medium\">Pose de l&rsquo;appareil :<\/span> pose libre, peut \u00eatre install\u00e9 librement dans n&rsquo;importe quelle pi\u00e8ce de la maison<\/li>\n<li class=\"product-features__item-list__item\" role=\"listitem\"><span class=\"is--medium\">Classe climatique ( temp\u00e9rature de la pi\u00e8ce ) :<\/span> la classe climatique ST (de 16\u00b0C \u00e0 38\u00b0C) permet un fonctionnement optimum dans cette plage de temp\u00e9ratures<\/li>\n<li class=\"product-features__item-list__item\" role=\"listitem\"><span class=\"is--medium\">Le saviez-vous ? :<\/span> en fonction de la temp\u00e9rature de votre habitat, choisissez la classe climatique id\u00e9ale. En dehors de ces temp\u00e9ratures , le cong\u00e9lateur risque de disfonctionner<\/li>\n<li class=\"product-features__item-list__item\" role=\"listitem\"><span class=\"is--medium\">Convient pour une pi\u00e8ce non chauff\u00e9e :<\/span> oui, sup\u00e9rieure \u00e0 10\u00b0C<\/li>\n<li class=\"product-features__item-list__item\" role=\"listitem\"><span class=\"is--medium\">Installation contre un mur :<\/span> le cong\u00e9lateur n\u00e9cessite d&rsquo;\u00eatre install\u00e9 \u00e0 3 &#8211; 4 cm du mur pour acc\u00e9der facilement aux tiroirs<\/li>\n<li class=\"product-features__item-list__item\" role=\"listitem\"><span class=\"is--medium\">Sens d&rsquo;ouverture de la porte :<\/span> fixation \u00e0 droite r\u00e9versible, permet de changer le sens d&rsquo;ouverture de la porte pour faciliter l&rsquo;acc\u00e8s au cong\u00e9lateur selon l&rsquo;agencement de la pi\u00e8ce. Ce changement peut s&rsquo;effectuer lors de l&rsquo;installation ( \u00e0 signaler au moment de la commande).<\/li>\n<li class=\"product-features__item-list__item\" role=\"listitem\"><span class=\"is--medium\">Type de poign\u00e9e :<\/span> poign\u00e9e traditionnelle<\/li>\n<li class=\"product-features__item-list__item\" role=\"listitem\"><span class=\"is--medium\">N\u00e9cessite une arriv\u00e9e d&rsquo;eau :<\/span> non<\/li>\n<li class=\"product-features__item-list__item\" role=\"listitem\"><span class=\"is--medium\">Porte d&rsquo;habillage :<\/span> Elle n&rsquo;est pas n\u00e9cessaire pour cet appareil<\/li>\n<li class=\"product-features__item-list__item\" role=\"listitem\"><span class=\"is--medium\">Porte(s) r\u00e9versible(s) :<\/span> Oui. Vous permet de changer le sens d&rsquo;ouverture de la porte. Ce changement peut s&rsquo;effectuer lors de l&rsquo;installation (\u00e0 demander au moment de votre commande) ou par vous-m\u00eame par la suite<br \/>\n<h3 class=\"product-features__label\">Fonctionnalit\u00e9s et s\u00e9curit\u00e9<\/h3>\n<ul role=\"list\">\n<li class=\"product-features__item-list__item\" role=\"listitem\"><span class=\"is--medium\">Capacit\u00e9 de cong\u00e9lation :<\/span> 9 kg\/24h<\/li>\n<li class=\"product-features__item-list__item\" role=\"listitem\"><span class=\"is--medium\">Le saviez-vous ? :<\/span> plus la capacit\u00e9 de cong\u00e9lation est importante, plus le cong\u00e9lateur cong\u00e8le rapidement les aliments. Les aliments frais se conserveront plus longtemps, et garderont toutes leurs saveurs et nutriments<\/li>\n<li class=\"product-features__item-list__item\" role=\"listitem\"><span class=\"is--medium\">Super cong\u00e9lation :<\/span> oui, la cong\u00e9lation rapide permet d&rsquo;acc\u00e9l\u00e9rer la baisse de la temp\u00e9rature pour congeler rapidement les aliments en conservant leurs saveurs et nutriments<\/li>\n<li class=\"product-features__item-list__item\" role=\"listitem\"><span class=\"is--medium\">Autonomie en cas de coupure de courant :<\/span> 10 h<\/li>\n<li class=\"product-features__item-list__item\" role=\"listitem\"><span class=\"is--medium\">Alarme d&rsquo;ouverture de porte :<\/span> sonore<\/li>\n<li class=\"product-features__item-list__item\" role=\"listitem\"><span class=\"is--medium\">Alarme de remont\u00e9e en temp\u00e9rature :<\/span> non<\/li>\n<li class=\"product-features__item-list__item\" role=\"listitem\"><span class=\"is--medium\">Serrure :<\/span> non<\/li>\n<li class=\"product-features__item-list__item\" role=\"listitem\"><span class=\"is--medium\">Connect\u00e9 :<\/span> non connect\u00e9<br \/>\n<h3 class=\"product-features__label\">Confort d&rsquo;utilisation<\/h3>\n<ul role=\"list\">\n<li class=\"product-features__item-list__item\" role=\"listitem\"><span class=\"is--medium\">Niveau sonore :<\/span> standard 41 dB<\/li>\n<li class=\"product-features__item-list__item\" role=\"listitem\"><span class=\"is--medium\">Panneau de commandes :<\/span> int\u00e9rieur tactile<br \/>\n<h3 class=\"product-features__label\">Consommation<\/h3>\n<ul role=\"list\">\n<li class=\"product-features__item-list__item\" role=\"listitem\"><span class=\"is--medium\">Consommation :<\/span> E<\/li>\n<li class=\"product-features__item-list__item\" role=\"listitem\"><span class=\"is--medium\">Economie d&rsquo;\u00e9nergie :<\/span> Un changement de classe repr\u00e9sente 20% d&rsquo;\u00e9conomies sur la consommation d&rsquo;\u00e9nergie : source ADEME<\/li>\n<li class=\"product-features__item-list__item\" role=\"listitem\"><span class=\"is--medium\">Consommation annuelle :<\/span> 219 kWh\/an<\/li>\n<li class=\"product-features__item-list__item\" role=\"listitem\"><span class=\"is--medium\">Co\u00fbt unitaire en \u00e9lectricit\u00e9 :<\/span> 0,25 euros<\/li>\n<li class=\"product-features__item-list__item\" role=\"listitem\"><span class=\"is--medium\">Co\u00fbt annuel d&rsquo;utilisation :<\/span> 55 euros<br \/>\n<h3 class=\"product-features__label\">Dimensions<\/h3>\n<ul role=\"list\">\n<li class=\"product-features__item-list__item\" role=\"listitem\"><span class=\"is--medium\">LxHxP :<\/span> 55 x 169.1 x 55.7 cm<\/li>\n<li class=\"product-features__item-list__item\" role=\"listitem\"><span class=\"is--medium\">Poids net \u00a0 :<\/span> 54 kg<\/li>\n<li class=\"product-features__item-list__item\" role=\"listitem\"><span class=\"is--medium\">Poids brut :<\/span> 58 kg<br \/>\n<h3 class=\"product-features__label\">Informations compl\u00e9mentaires<\/h3>\n<ul role=\"list\">\n<li class=\"product-features__item-list__item\" role=\"listitem\"><span class=\"is--medium\">Garantie :<\/span> 2 ans<\/li>\n<li class=\"product-features__item-list__item\" role=\"listitem\"><span class=\"is--medium\">Fabriqu\u00e9 en :<\/span> Chine<\/li>\n<li class=\"product-features__item-list__item\" role=\"listitem\"><span class=\"is--medium\">Disponibilit\u00e9 des pi\u00e8ces d\u00e9tach\u00e9es :<\/span> Pendant 10 ans, \u00e0 compter de la Date de fin de fabrication<\/li>\n<\/ul>\n<\/li>\n<\/ul>\n<\/li>\n<\/ul>\n<\/li>\n<\/ul>\n<\/li>\n<\/ul>\n<\/li>\n<\/ul>\n<\/li>\n<\/ul>\n<\/li>\n<\/ul>\n<\/div>\n<div class=\"product__disclosure-content\">\n<div class=\"js-read-more product-description__content read-more read-more--truncated\" style=\"max-height: 500px; overflow: hidden;\" data-read-more-name=\"description\">\n<div class=\"product__description-content read-more\">\n<p>Cong\u00e9lateur armoire GORENJE FN4172CW : Performance et Design au Service de la Conservation<\/p>\n<h3>Efficacit\u00e9 \u00e9nerg\u00e9tique et capacit\u00e9 optimale<\/h3>\n<p>Le Cong\u00e9lateur armoire GORENJE FN4172CW se distingue par son efficacit\u00e9 \u00e9nerg\u00e9tique, s&rsquo;int\u00e9grant parfaitement dans une d\u00e9marche \u00e9co-responsable tout en offrant une capacit\u00e9 de stockage g\u00e9n\u00e9reuse. Avec ses dimensions de 550 mm de largeur, 1691 mm de hauteur et 557 mm de profondeur, il s&rsquo;adapte ais\u00e9ment \u00e0 l&rsquo;espace de votre cuisine ou cellier. La capacit\u00e9 de 194 litres permet de conserver une grande quantit\u00e9 d&rsquo;aliments, facilitant ainsi la gestion des provisions pour les familles ou ceux qui aiment pr\u00e9parer leurs repas \u00e0 l&rsquo;avance.<\/p>\n<h3>Conception moderne et fonctionnalit\u00e9s avanc\u00e9es<\/h3>\n<p>Le design \u00e9pur\u00e9 du GORENJE FN4172CW s&rsquo;harmonise avec les cuisines modernes tout en offrant des fonctionnalit\u00e9s pratiques pour une utilisation quotidienne simplifi\u00e9e. La structure interne est con\u00e7ue pour maximiser l&rsquo;espace de rangement et l&rsquo;organisation des produits, permettant un acc\u00e8s facile et une vue d&rsquo;ensemble de vos provisions congel\u00e9es. La combinaison de la technologie de pointe et du design fonctionnel fait de ce cong\u00e9lateur un choix judicieux pour ceux qui recherchent \u00e0 la fois esth\u00e9tique et performance dans l&rsquo;\u00e9lectrom\u00e9nager de leur foyer.<\/p>\n<\/div>\n<\/div>\n<\/div>\n<p>&nbsp;<\/p>\n<div class=\"product__disclosure-content\">\n<p>&nbsp;<\/p>\n<\/div>","protected":false},"excerpt":{"rendered":"<div class=\"keypoints\">\n<h3 class=\"keypoints__title\">Les points cl\u00e9s<\/h3>\n<ul role=\"list\">\n<li class=\"keypoints__item\" role=\"listitem\">LxHxP : 55 x 169.1 x 55.7 cm &#8211; d\u00e9givrage automatique<\/li>\n<li class=\"keypoints__item\" role=\"listitem\">Volume total : petit 194L &#8211; Consommation : E<\/li>\n<li class=\"keypoints__item\" role=\"listitem\">Autonomie en cas de coupure de courant : 10 h &#8211; Pouvoir de cong\u00e9lation : 9 kg\/24h<\/li>\n<li class=\"keypoints__item\" role=\"listitem\">1 compartiment &#8211; Pi\u00e8ce sup\u00e9rieure \u00e0 10\u00b0C<\/li>\n<li class=\"keypoints__item keypoints__item--advantage\" role=\"listitem\"><strong>Le + :<\/strong> La fonction cong\u00e9lation rapide cong\u00e8le les aliments \u00e0 -24\u00b0C pour pr\u00e9server au mieux leurs min\u00e9raux<\/li>\n<\/ul>\n<\/div>","protected":false},"featured_media":6599,"template":"","meta":{"_glsr_average":0,"_glsr_ranking":0,"_glsr_reviews":0},"product_cat":[181],"product_tag":[182,183,131],"class_list":{"0":"post-37268","1":"product","2":"type-product","3":"status-publish","4":"has-post-thumbnail","6":"product_cat-congelateur-armoire","7":"product_tag-congelateur","8":"product_tag-congelateur-armoire","9":"product_tag-gros-electromenager","11":"first","12":"instock","13":"sale","14":"shipping-taxable","15":"purchasable","16":"product-type-simple"},"_links":{"self":[{"href":"https:\/\/electromenagerexpress.com\/en\/wp-json\/wp\/v2\/product\/37268","targetHints":{"allow":["GET"]}}],"collection":[{"href":"https:\/\/electromenagerexpress.com\/en\/wp-json\/wp\/v2\/product"}],"about":[{"href":"https:\/\/electromenagerexpress.com\/en\/wp-json\/wp\/v2\/types\/product"}],"wp:featuredmedia":[{"embeddable":true,"href":"https:\/\/electromenagerexpress.com\/en\/wp-json\/wp\/v2\/media\/6599"}],"wp:attachment":[{"href":"https:\/\/electromenagerexpress.com\/en\/wp-json\/wp\/v2\/media?parent=37268"}],"wp:term":[{"taxonomy":"product_cat","embeddable":true,"href":"https:\/\/electromenagerexpress.com\/en\/wp-json\/wp\/v2\/product_cat?post=37268"},{"taxonomy":"product_tag","embeddable":true,"href":"https:\/\/electromenagerexpress.com\/en\/wp-json\/wp\/v2\/product_tag?post=37268"}],"curies":[{"name":"wp","href":"https:\/\/api.w.org\/{rel}","templated":true}]}}