{"id":37267,"date":"2024-11-21T13:07:42","date_gmt":"2024-11-21T13:07:42","guid":{"rendered":"https:\/\/electromenagerexpress.com\/product\/congelateur-armoirewhirlpooluw8f2ywbif2\/"},"modified":"2024-11-29T09:50:13","modified_gmt":"2024-11-29T09:50:13","slug":"congelateur-armoirewhirlpooluw8f2ywbif2","status":"publish","type":"product","link":"https:\/\/electromenagerexpress.com\/en\/product\/congelateur-armoirewhirlpooluw8f2ywbif2\/","title":{"rendered":"Cong\u00e9lateur armoire WHIRLPOOL\tUW8F2YWBIF2"},"content":{"rendered":"<div class=\"product-features__content\">\n<h3 class=\"product-features__label\">\u00a0 \u00a0 \u00a0 \u00a0 \u00a0Cong\u00e9lateur<\/h3>\n<ul role=\"list\">\n<li style=\"list-style-type: none;\">\n<ul role=\"list\">\n<li class=\"product-features__item-list__item\" role=\"listitem\"><span class=\"is--medium\">Format :<\/span> armoire (\u00e0 tiroirs) permet d&rsquo;organiser id\u00e9alement le rangement des aliments et d&rsquo;acc\u00e9der facilement \u00e0 chaque compartiment<\/li>\n<li class=\"product-features__item-list__item\" role=\"listitem\"><span class=\"is--medium\">Id\u00e9al pour :<\/span> un acc\u00e8s r\u00e9gulier et organis\u00e9 au cong\u00e9lateur<\/li>\n<li class=\"product-features__item-list__item\" role=\"listitem\"><span class=\"is--medium\">Type de froid :<\/span> ventil\u00e9 (no frost), permet une r\u00e9partition homog\u00e8ne du froid. Il offre un d\u00e9givrage automatique pour ne jamais avoir \u00e0 le faire manuellement<\/li>\n<li class=\"product-features__item-list__item\" role=\"listitem\"><span class=\"is--medium\">Volume total :<\/span> standard 263L<\/li>\n<li class=\"product-features__item-list__item\" role=\"listitem\"><span class=\"is--medium\">Nombre de tiroirs (hors bigbox) :<\/span> 5 tiroirs<\/li>\n<li class=\"product-features__item-list__item\" role=\"listitem\"><span class=\"is--medium\">Nombre d&rsquo;abattant(s) :<\/span> 2 abattants<\/li>\n<li class=\"product-features__item-list__item\" role=\"listitem\"><span class=\"is--medium\">Espace modulable :<\/span> non<\/li>\n<li class=\"product-features__item-list__item\" role=\"listitem\"><span class=\"is--medium\">Couleur :<\/span> blanc<br \/>\n<h3 class=\"product-features__label\">Type d&rsquo;installation<\/h3>\n<ul role=\"list\">\n<li class=\"product-features__item-list__item\" role=\"listitem\"><span class=\"is--medium\">Pose de l&rsquo;appareil :<\/span> pose libre, peut \u00eatre install\u00e9 librement dans n&rsquo;importe quelle pi\u00e8ce de la maison<\/li>\n<li class=\"product-features__item-list__item\" role=\"listitem\"><span class=\"is--medium\">Classe climatique ( temp\u00e9rature de la pi\u00e8ce ) :<\/span> la classe climatique SN-T,ou classe tropicale \u00e9largie (de 10\u00b0C \u00e0 43 C ), permet un fonctionnement optimum dans des pi\u00e8ces \u00e0 temp\u00e9ratures basses ou \u00e9lev\u00e9es. Id\u00e9ale pour une installation dans un garage, une v\u00e9randa ou une cave<\/li>\n<li class=\"product-features__item-list__item\" role=\"listitem\"><span class=\"is--medium\">Le saviez-vous ? :<\/span> en fonction de la temp\u00e9rature de votre habitat, choisissez la classe climatique id\u00e9ale. En dehors de ces temp\u00e9ratures , le cong\u00e9lateur risque de disfonctionner<\/li>\n<li class=\"product-features__item-list__item\" role=\"listitem\"><span class=\"is--medium\">Convient pour une pi\u00e8ce non chauff\u00e9e :<\/span> oui, sup\u00e9rieure \u00e0 10\u00b0C<\/li>\n<li class=\"product-features__item-list__item\" role=\"listitem\"><span class=\"is--medium\">Installation contre un mur :<\/span> le cong\u00e9lateur n\u00e9cessite d&rsquo;\u00eatre install\u00e9 \u00e0 3 &#8211; 4 cm du mur pour acc\u00e9der facilement aux tiroirs<\/li>\n<li class=\"product-features__item-list__item\" role=\"listitem\"><span class=\"is--medium\">Sens d&rsquo;ouverture de la porte :<\/span> fixation \u00e0 gauche r\u00e9versible, permet de changer le sens d&rsquo;ouverture de la porte pour faciliter l&rsquo;acc\u00e8s au cong\u00e9lateur selon l&rsquo;agencement de la pi\u00e8ce. Ce changement peut s&rsquo;effectuer lors de l&rsquo;installation ( \u00e0 signaler au moment de la commande).<\/li>\n<li class=\"product-features__item-list__item\" role=\"listitem\"><span class=\"is--medium\">Type de poign\u00e9e :<\/span> poign\u00e9e traditionnelle<\/li>\n<li class=\"product-features__item-list__item\" role=\"listitem\"><span class=\"is--medium\">N\u00e9cessite une arriv\u00e9e d&rsquo;eau :<\/span> non<\/li>\n<li class=\"product-features__item-list__item\" role=\"listitem\"><span class=\"is--medium\">Porte d&rsquo;habillage :<\/span> Elle n&rsquo;est pas n\u00e9cessaire pour cet appareil<\/li>\n<li class=\"product-features__item-list__item\" role=\"listitem\"><span class=\"is--medium\">Porte(s) r\u00e9versible(s) :<\/span> Oui. Vous permet de changer le sens d&rsquo;ouverture de la porte mais uniquement avec un kit qui est fourni avec le produit<br \/>\n<h3 class=\"product-features__label\">Fonctionnalit\u00e9s et s\u00e9curit\u00e9<\/h3>\n<ul role=\"list\">\n<li class=\"product-features__item-list__item\" role=\"listitem\"><span class=\"is--medium\">Capacit\u00e9 de cong\u00e9lation :<\/span> 26 kg\/24h<\/li>\n<li class=\"product-features__item-list__item\" role=\"listitem\"><span class=\"is--medium\">Le saviez-vous ? :<\/span> plus la capacit\u00e9 de cong\u00e9lation est importante, plus le cong\u00e9lateur cong\u00e8le rapidement les aliments. Les aliments frais se conserveront plus longtemps, et garderont toutes leurs saveurs et nutriments<\/li>\n<li class=\"product-features__item-list__item\" role=\"listitem\"><span class=\"is--medium\">Super cong\u00e9lation :<\/span> oui, la cong\u00e9lation rapide permet d&rsquo;acc\u00e9l\u00e9rer la baisse de la temp\u00e9rature pour congeler rapidement les aliments en conservant leurs saveurs et nutriments<\/li>\n<li class=\"product-features__item-list__item\" role=\"listitem\"><span class=\"is--medium\">Autonomie en cas de coupure de courant :<\/span> 11 h<\/li>\n<li class=\"product-features__item-list__item\" role=\"listitem\"><span class=\"is--medium\">Alarme d&rsquo;ouverture de porte :<\/span> visuelle et sonore<\/li>\n<li class=\"product-features__item-list__item\" role=\"listitem\"><span class=\"is--medium\">Alarme de remont\u00e9e en temp\u00e9rature :<\/span> visuelle et sonore<\/li>\n<li class=\"product-features__item-list__item\" role=\"listitem\"><span class=\"is--medium\">Serrure :<\/span> non<\/li>\n<li class=\"product-features__item-list__item\" role=\"listitem\"><span class=\"is--medium\">Connect\u00e9 :<\/span> non connect\u00e9<br \/>\n<h3 class=\"product-features__label\">Confort d&rsquo;utilisation<\/h3>\n<h3 class=\"product-features__label\">Consommation<\/h3>\n<ul role=\"list\">\n<li class=\"product-features__item-list__item\" role=\"listitem\"><span class=\"is--medium\">Consommation :<\/span> E<\/li>\n<li class=\"product-features__item-list__item\" role=\"listitem\"><span class=\"is--medium\">Economie d&rsquo;\u00e9nergie :<\/span> Un changement de classe repr\u00e9sente 20% d&rsquo;\u00e9conomies sur la consommation d&rsquo;\u00e9nergie : source ADEME<\/li>\n<li class=\"product-features__item-list__item\" role=\"listitem\"><span class=\"is--medium\">Consommation annuelle :<\/span> 242 kWh\/an<\/li>\n<li class=\"product-features__item-list__item\" role=\"listitem\"><span class=\"is--medium\">Co\u00fbt unitaire en \u00e9lectricit\u00e9 :<\/span> 0,25 euros<\/li>\n<li class=\"product-features__item-list__item\" role=\"listitem\"><span class=\"is--medium\">Co\u00fbt annuel d&rsquo;utilisation :<\/span> 61 euros<\/li>\n<\/ul>\n<h3 class=\"product-features__label\">Dimensions<\/h3>\n<ul role=\"list\">\n<li class=\"product-features__item-list__item\" role=\"listitem\"><span class=\"is--medium\">LxHxP :<\/span> 59.5 x 187.5 x 63 cm<\/li>\n<li class=\"product-features__item-list__item\" role=\"listitem\"><span class=\"is--medium\">Poids net \u00a0 :<\/span> 69 kg<\/li>\n<li class=\"product-features__item-list__item\" role=\"listitem\"><span class=\"is--medium\">Poids brut :<\/span> 71 kg<\/li>\n<\/ul>\n<h3 class=\"product-features__label\">Informations compl\u00e9mentaires<\/h3>\n<ul role=\"list\">\n<li class=\"product-features__item-list__item\" role=\"listitem\"><span class=\"is--medium\">Garantie :<\/span> 2 ans<\/li>\n<li class=\"product-features__item-list__item\" role=\"listitem\"><span class=\"is--medium\">Fabriqu\u00e9 en :<\/span> Turquie<\/li>\n<li class=\"product-features__item-list__item\" role=\"listitem\"><span class=\"is--medium\">Disponibilit\u00e9 des pi\u00e8ces d\u00e9tach\u00e9es\u00a0 :<\/span> Pendant 10 ans, \u00e0 compter de la date d&rsquo;achat<\/li>\n<\/ul>\n<ul role=\"list\">\n<li style=\"list-style-type: none;\">\n<ul role=\"list\">\n<li class=\"product-features__item-list__item\" role=\"listitem\"><span class=\"is--medium\">Niveau sonore :<\/span> standard 41 dB<\/li>\n<li class=\"product-features__item-list__item\" role=\"listitem\"><span class=\"is--medium\">Eclairage int\u00e9rieur :<\/span> oui LED basse consommation<\/li>\n<li class=\"product-features__item-list__item\" role=\"listitem\"><span class=\"is--medium\">Syst\u00e8me \u00e0 gla\u00e7ons :<\/span> twist&amp;ice pour r\u00e9cup\u00e9rer facilement les gla\u00e7ons<\/li>\n<li class=\"product-features__item-list__item\" role=\"listitem\"><span class=\"is--medium\">Panneau de commandes :<\/span> int\u00e9rieur tactile<\/li>\n<li class=\"product-features__item-list__item\" role=\"listitem\"><span class=\"is--medium\">Roulettes :<\/span> non<\/li>\n<\/ul>\n<\/li>\n<\/ul>\n<\/li>\n<\/ul>\n<\/li>\n<\/ul>\n<\/li>\n<\/ul>\n<\/li>\n<\/ul>\n<\/div>\n<div class=\"product__disclosure-content\">\n<div class=\"js-read-more product-description__content read-more read-more--truncated\" style=\"max-height: 500px; overflow: hidden;\" data-read-more-name=\"description\">\n<p>Conservez tous vos produits surgel\u00e9s et vos plats pr\u00e9par\u00e9s de mani\u00e8re optimis\u00e9e avec le cong\u00e9lateur vertical WHIRLPOOL UW8F2YWBIF2.<\/p>\n<h3>Des technologies avanc\u00e9es pour une meilleure conservation<\/h3>\n<p>\u00c9quip\u00e9 d&rsquo;un impressionnant volume utile de 263 L, le cong\u00e9lateur WHIRLPOOL UW8F2YWBIF2 est id\u00e9al pour stocker des provisions pendant plusieurs semaines, voire plusieurs mois. Le <b>syst\u00e8me NoFrost<\/b> vous d\u00e9barrasse de la corv\u00e9e de d\u00e9grivage avec une technologie qui emp\u00eache la formation de givre.<\/p>\n<p>En utilisant un froid de meilleure qualit\u00e9, le processus de cong\u00e9lation est acc\u00e9l\u00e9r\u00e9. La <b>technologie Freeze Control<\/b> r\u00e9duit les \u00e9carts de temp\u00e9rature dans l&rsquo;appareil, ce qui permet de mieux pr\u00e9server la couleur et la saveur des aliments. Le cong\u00e9lateur comprend \u00e9galement une fonction de cong\u00e9lation rapide, pour une efficacit\u00e9 redoutable.<\/p>\n<h3>Un cong\u00e9lateur performant et bien pens\u00e9<\/h3>\n<p>Le cong\u00e9lateur WHIRLPOOL UW8F2YWBIF2 sait s&rsquo;adapter \u00e0 tous les facteurs environnants. Son <b>thermostat intelligent 6\u00e8me Sens<\/b>, une technologie propre \u00e0 la marque, d\u00e9tecte et corrige les \u00e9carts de temp\u00e9rature. Vous aurez l&rsquo;assurance que vos produits sont bien conserv\u00e9s avec cet appareil.<\/p>\n<p>&nbsp;<\/p>\n<p>&nbsp;<\/p>\n<p>&nbsp;<\/p>\n<p>&nbsp;<\/p>\n<p>&nbsp;<\/p>\n<p>&nbsp;<\/p>\n<p>&nbsp;<\/p>\n<p>Cet appareil est \u00e9quip\u00e9 de technologies pratiques et utiles au quotidien. En effet, en cas de coupure de courant, il d\u00e9tient notamment une <b>autonomie de 11h<\/b>, pour que vos aliments n&rsquo;aient pas le temps de se d\u00e9congeler en attendant que l&rsquo;\u00e9lectricit\u00e9 revienne. Il poss\u00e8de aussi un autre aspect pratique, sa porte est r\u00e9versible pour s&rsquo;adapter \u00e0 votre pi\u00e8ce.<\/p>\n<p><video class=\"s7Video\" src=\"https:\/\/boulanger.scene7.com\/is\/content\/Boulanger\/garantiegam5ans\" poster=\"https:\/\/boulanger.scene7.com\/is\/image\/Boulanger\/garantiegam5ans?scl=1\" preload=\"metadata\" controls=\"controls\" width=\"100%\" height=\"150\"><\/video><\/p>\n<p><a title=\"Livraison \u00e0 domicile gros produits et service\" href=\"https:\/\/www.boulanger.com\/evenement\/livraison-domicile-gros-produits-service\" target=\"_blank\" rel=\"noopener\"><img fetchpriority=\"high\" decoding=\"async\" src=\"https:\/\/boulanger.scene7.com\/is\/image\/Boulanger\/Reprise ancien appareil?wid=1260\" width=\"1240\" height=\"160\" \/><\/a><\/p>\n<\/div>\n<p>&nbsp;<\/p>\n<\/div>","protected":false},"excerpt":{"rendered":"<div class=\"keypoints\">\n<h3 class=\"keypoints__title\">Les points cl\u00e9s<\/h3>\n<ul role=\"list\">\n<li class=\"keypoints__item\" role=\"listitem\">LxHxP : 59.5 x 187.5 x 63 cm &#8211; d\u00e9givrage automatique<\/li>\n<li class=\"keypoints__item\" role=\"listitem\">Volume total : standard 263L &#8211; Consommation : E<\/li>\n<li class=\"keypoints__item\" role=\"listitem\">Autonomie en cas de coupure de courant : 11 h &#8211; Pouvoir de cong\u00e9lation : 26 kg\/24h<\/li>\n<li class=\"keypoints__item\" role=\"listitem\">7 compartiments &#8211; Pi\u00e8ce sup\u00e9rieure \u00e0 10\u00b0C<\/li>\n<li class=\"keypoints__item keypoints__item--advantage\" role=\"listitem\"><strong>Le + :<\/strong> 6\u00e8me sens, permet de maintenir la bonne temp\u00e9rature en toute condition<\/li>\n<\/ul>\n<\/div>","protected":false},"featured_media":6574,"template":"","meta":{"_glsr_average":0,"_glsr_ranking":0,"_glsr_reviews":0},"product_cat":[181],"product_tag":[182,183,131],"class_list":{"0":"post-37267","1":"product","2":"type-product","3":"status-publish","4":"has-post-thumbnail","6":"product_cat-congelateur-armoire","7":"product_tag-congelateur","8":"product_tag-congelateur-armoire","9":"product_tag-gros-electromenager","11":"first","12":"instock","13":"sale","14":"shipping-taxable","15":"purchasable","16":"product-type-simple"},"_links":{"self":[{"href":"https:\/\/electromenagerexpress.com\/en\/wp-json\/wp\/v2\/product\/37267","targetHints":{"allow":["GET"]}}],"collection":[{"href":"https:\/\/electromenagerexpress.com\/en\/wp-json\/wp\/v2\/product"}],"about":[{"href":"https:\/\/electromenagerexpress.com\/en\/wp-json\/wp\/v2\/types\/product"}],"wp:featuredmedia":[{"embeddable":true,"href":"https:\/\/electromenagerexpress.com\/en\/wp-json\/wp\/v2\/media\/6574"}],"wp:attachment":[{"href":"https:\/\/electromenagerexpress.com\/en\/wp-json\/wp\/v2\/media?parent=37267"}],"wp:term":[{"taxonomy":"product_cat","embeddable":true,"href":"https:\/\/electromenagerexpress.com\/en\/wp-json\/wp\/v2\/product_cat?post=37267"},{"taxonomy":"product_tag","embeddable":true,"href":"https:\/\/electromenagerexpress.com\/en\/wp-json\/wp\/v2\/product_tag?post=37267"}],"curies":[{"name":"wp","href":"https:\/\/api.w.org\/{rel}","templated":true}]}}