{"id":37239,"date":"2024-11-21T13:06:25","date_gmt":"2024-11-21T13:06:25","guid":{"rendered":"https:\/\/electromenagerexpress.com\/product\/armoire-refrigereeliebherrmrfvc5511\/"},"modified":"2024-11-21T13:06:27","modified_gmt":"2024-11-21T13:06:27","slug":"armoire-refrigereeliebherrmrfvc5511","status":"publish","type":"product","link":"https:\/\/electromenagerexpress.com\/en\/product\/armoire-refrigereeliebherrmrfvc5511\/","title":{"rendered":"Armoire r\u00e9frig\u00e9r\u00e9e\t\t\t\t\t\t\tLIEBHERR\t\t\t\tMRFVC5511"},"content":{"rendered":"<div class=\"product-features__content\">\n<ul role=\"list\">\n<li class=\"product-features__item\" role=\"listitem\">\n<h3 class=\"product-features__label\">Caract\u00e9ristiques g\u00e9n\u00e9rales<\/h3>\n<ul role=\"list\">\n<li class=\"product-features__item-list__item\" role=\"listitem\"><span class=\"is--medium\">Type d&rsquo;appareil :<\/span> Armoire r\u00e9frig\u00e9r\u00e9e\t\t\t\t\t<\/li>\n<li class=\"product-features__item-list__item\" role=\"listitem\"><span class=\"is--medium\">Type d&rsquo;installation :<\/span> A poser\t\t\t\t\t<\/li>\n<li class=\"product-features__item-list__item\" role=\"listitem\"><span class=\"is--medium\">Conception de l&rsquo;appareil :<\/span> Sans freezer\t\t\t\t\t<\/li>\n<li class=\"product-features__item-list__item\" role=\"listitem\"><span class=\"is--medium\">Couleur produit :<\/span> Blanc Vitr\u00e9\t\t\t\t\t<\/li>\n<li class=\"product-features__item-list__item\" role=\"listitem\"><span class=\"is--medium\">Ecran d&rsquo;affichage :<\/span> Non\t\t\t\t\t<\/li>\n<li class=\"product-features__item-list__item\" role=\"listitem\"><span class=\"is--medium\">Alarme d&rsquo;ouverture de porte :<\/span> Non\t\t\t\t\t<\/li>\n<li class=\"product-features__item-list__item\" role=\"listitem\"><span class=\"is--medium\">M\u00e9moire des temp\u00e9ratures :<\/span> Non\t\t\t\t\t<\/li>\n<li class=\"product-features__item-list__item\" role=\"listitem\"><span class=\"is--medium\">Volume utile total :<\/span> 432\t\t\t\t\t<\/li>\n<li class=\"product-features__item-list__item\" role=\"listitem\"><span class=\"is--medium\">Classe climatique :<\/span> SN\/T (de 10\u00b0C \u00e0 43\u00b0C)\t\t\t\t\t<\/li>\n<li class=\"product-features__item-list__item\" role=\"listitem\"><span class=\"is--medium\">Eclairage :<\/span> Oui\t\t\t\t\t<\/li>\n<li class=\"product-features__item-list__item\" role=\"listitem\"><span class=\"is--medium\">Type d&rsquo;\u00e9clairage :<\/span> LED\t\t\t\t\t<\/li>\n<li class=\"product-features__item-list__item\" role=\"listitem\"><span class=\"is--medium\">Plages de temp\u00e9ratures (en C\u00b0) :<\/span> +2\u00b0C \u00e0 +9\u00b0C\t\t\t\t\t<\/li>\n<li class=\"product-features__item-list__item\" role=\"listitem\"><span class=\"is--medium\">Serrure :<\/span> Oui\t\t\t\t\t<\/li>\n<\/ul>\n<\/li>\n<li class=\"product-features__item\" role=\"listitem\">\n<h3 class=\"product-features__label\">R\u00e9frig\u00e9rateur<\/h3>\n<ul role=\"list\">\n<li class=\"product-features__item-list__item\" role=\"listitem\"><span class=\"is--medium\">Froid du r\u00e9frig\u00e9rateur :<\/span> ventil\u00e9\t\t\t\t\t<\/li>\n<li class=\"product-features__item-list__item\" role=\"listitem\"><span class=\"is--medium\">D\u00e9givrage automatique :<\/span> Oui\t\t\t\t\t<\/li>\n<li class=\"product-features__item-list__item\" role=\"listitem\"><span class=\"is--medium\">Type de clayettes :<\/span> Fil\t\t\t\t\t<\/li>\n<li class=\"product-features__item-list__item\" role=\"listitem\"><span class=\"is--medium\">Syst\u00e8me anti-bact\u00e9rien :<\/span> Non\t\t\t\t\t<\/li>\n<\/ul>\n<\/li>\n<li class=\"product-features__item\" role=\"listitem\">\n<h3 class=\"product-features__label\">Cong\u00e9lateur<\/h3>\n<ul role=\"list\">\n<li class=\"product-features__item-list__item\" role=\"listitem\"><span class=\"is--medium\">D\u00e9givrage automatique :<\/span> Non\t\t\t\t\t<\/li>\n<li class=\"product-features__item-list__item\" role=\"listitem\"><span class=\"is--medium\">Cong\u00e9lation rapide :<\/span> Non\t\t\t\t\t<\/li>\n<\/ul>\n<\/li>\n<li class=\"product-features__item\" role=\"listitem\">\n<h3 class=\"product-features__label\">Consommation<\/h3>\n<ul role=\"list\">\n<li class=\"product-features__item-list__item\" role=\"listitem\"><span class=\"is--medium\">Classe \u00e9nerg\u00e9tique :<\/span> C\t\t\t\t\t<\/li>\n<li class=\"product-features__item-list__item\" role=\"listitem\"><span class=\"is--medium\">Consommation d&rsquo;\u00e9nergie annuelle (kW\/an) :<\/span> 536\t\t\t\t\t<\/li>\n<li class=\"product-features__item-list__item\" role=\"listitem\"><span class=\"is--medium\">Co\u00fbt unitaire en \u00e9l\u00e9ctricit\u00e9 :<\/span> 0.2516\t\t\t\t\t<\/li>\n<li class=\"product-features__item-list__item\" role=\"listitem\"><span class=\"is--medium\">Co\u00fbt annuel d&rsquo;utilisation :<\/span> 135\t\t\t\t\t<\/li>\n<\/ul>\n<\/li>\n<li class=\"product-features__item\" role=\"listitem\">\n<h3 class=\"product-features__label\">Confort<\/h3>\n<ul role=\"list\">\n<li class=\"product-features__item-list__item\" role=\"listitem\"><span class=\"is--medium\">Niveau sonore (dB) :<\/span> 50\t\t\t\t\t<\/li>\n<li class=\"product-features__item-list__item\" role=\"listitem\"><span class=\"is--medium\">Porte(s) r\u00e9versible(s) :<\/span> Oui\t\t\t\t\t<\/li>\n<li class=\"product-features__item-list__item\" role=\"listitem\"><span class=\"is--medium\">Ouverture de la porte par d\u00e9faut :<\/span> Fixation \u00e0 droite\t\t\t\t\t<\/li>\n<\/ul>\n<\/li>\n<li class=\"product-features__item\" role=\"listitem\">\n<h3 class=\"product-features__label\">Points forts<\/h3>\n<ul role=\"list\">\n<li class=\"product-features__item-list__item\" role=\"listitem\"><span class=\"is--medium\">1 :<\/span> Grande surface d&rsquo;exposition vitr\u00e9e pour une parfaite visibilit\u00e9 des produits.\t\t\t\t\t<\/li>\n<li class=\"product-features__item-list__item\" role=\"listitem\"><span class=\"is--medium\">2 :<\/span> Grande modularit\u00e9 des surfaces de rangement pour une capacit\u00e9 de stockage optimale.\t\t\t\t\t<\/li>\n<li class=\"product-features__item-list__item\" role=\"listitem\"><span class=\"is--medium\">3 :<\/span> Fiabilit\u00e9 et robustesse adapt\u00e9e aux contraintes et \u00e0 l&rsquo;usage intensif des professionnels.\t\t\t\t\t<\/li>\n<li class=\"product-features__item-list__item\" role=\"listitem\"><span class=\"is--medium\">4 :<\/span> Faibles co\u00fbts d&rsquo;exploitation gr\u00e2ce aux basses consommations et aux op\u00e9rations de maintenance r\u00e9duites.\t\t\t\t\t<\/li>\n<\/ul>\n<\/li>\n<li class=\"product-features__item\" role=\"listitem\">\n<h3 class=\"product-features__label\">Dimensions<\/h3>\n<ul role=\"list\">\n<li class=\"product-features__item-list__item\" role=\"listitem\"><span class=\"is--medium\">L x H x P :<\/span> 74.7 x 168.4 x 76.9 cm\t\t\t\t\t<\/li>\n<li class=\"product-features__item-list__item\" role=\"listitem\"><span class=\"is--medium\">Poids Net (kg) :<\/span> 92\t\t\t\t\t<\/li>\n<li class=\"product-features__item-list__item\" role=\"listitem\"><span class=\"is--medium\">Poids Brut (kg) :<\/span> 99\t\t\t\t\t<\/li>\n<\/ul>\n<\/li>\n<li class=\"product-features__item\" role=\"listitem\">\n<h3 class=\"product-features__label\">Informations compl\u00e9mentaires<\/h3>\n<ul role=\"list\">\n<li class=\"product-features__item-list__item\" role=\"listitem\"><span class=\"is--medium\">Garantie :<\/span> 2 ans\t\t\t\t\t<\/li>\n<li class=\"product-features__item-list__item\" role=\"listitem\"><span class=\"is--medium\">Disponibilit\u00e9 des pi\u00e8ces d\u00e9tach\u00e9es (donn\u00e9es fournisseur) :<\/span> Pendant 15 ans, \u00e0 compter de la date d&rsquo;achat\t\t\t\t\t<\/li>\n<li class=\"product-features__item-list__item\" role=\"listitem\"><span class=\"is--medium\">Fabriqu\u00e9 en :<\/span> Autriche\t\t\t\t\t<\/li>\n<li class=\"product-features__item-list__item\" role=\"listitem\"><span class=\"is--medium\">R\u00e9f\u00e9rence constructeur :<\/span> MRFVC5511\t\t\t\t\t<\/li>\n<li class=\"product-features__item-list__item\" role=\"listitem\"><span class=\"is--medium\">Marque :<\/span> LIEBHERR\t\t\t\t\t<\/li>\n<\/ul>\n<\/li>\n<\/ul>\n<\/div>\n<div class=\"product__disclosure-content\">\n<div class=\"js-read-more product-description__content read-more read-more--truncated\" data-read-more-name=\"description\" style=\"max-height: 500px; overflow: hidden;\">\n<div class=\"product__description-content read-more\" style=\"\">\n<p>Armoire r\u00e9frig\u00e9r\u00e9e LIEBHERR MRFVC5511 : Performance et capacit\u00e9 au service de la fra\u00eecheur<\/p>\n<h3> <img fetchpriority=\"high\" decoding=\"async\" ,=\"\" alt=\"Armoire r\u00e9frig\u00e9r\u00e9e LIEBHERR MRFVC5511\" class=\"wy_tableau_gauche\" height=\"270\" src=\"https:\/\/boulanger.scene7.com\/is\/image\/Boulanger\/9005382232538_h_f_l_0?wid=400&amp;hei=270\" width=\"400\"\/>Conception optimis\u00e9e pour une conservation parfaite                    <\/h3>\n<p>                        L&rsquo;armoire r\u00e9frig\u00e9r\u00e9e LIEBHERR MRFVC5511, dot\u00e9e d&rsquo;un syst\u00e8me de r\u00e9frig\u00e9ration dynamique et d&rsquo;un froid ventil\u00e9, garantit une temp\u00e9rature homog\u00e8ne pour une conservation id\u00e9ale des aliments et des boissons. Avec un volume utile impressionnant de 432 litres et des dimensions int\u00e9rieures g\u00e9n\u00e9reuses de 625 x 539 x 1459 mm, cet \u00e9quipement est parfait pour les professionnels exigeants. La r\u00e9gulation \u00e9lectronique avec bouton rotatif et l&rsquo;affichage analogique de la temp\u00e9rature permettent un contr\u00f4le facile et pr\u00e9cis, tandis que le d\u00e9givrage automatique assure un entretien minimal. La classe climatique 5 confirme que l&rsquo;armoire fonctionne de mani\u00e8re optimale dans des temp\u00e9ratures ambiantes allant de +10 \u00b0C \u00e0 +40 \u00b0C, s&rsquo;adaptant ainsi \u00e0 divers environnements.                    <\/p>\n<\/p>\n<h3> <img decoding=\"async\" ,=\"\" alt=\"Armoire r\u00e9frig\u00e9r\u00e9e LIEBHERR MRFVC5511\" class=\"wy_tableau_right\" height=\"270\" src=\"https:\/\/boulanger.scene7.com\/is\/image\/Boulanger\/9005382232538_h_f_l_2?wid=400&amp;hei=270\" width=\"400\"\/>D\u00e9tails techniques et fonctionnalit\u00e9s avanc\u00e9es                    <\/h3>\n<p>                        Le mod\u00e8le MRFVC5511 se distingue par ses caract\u00e9ristiques techniques avanc\u00e9es, telles que son \u00e9clairage int\u00e9rieur \u00e0 LED et ses quatre tablettes de rangement r\u00e9glables supportant jusqu&rsquo;\u00e0 60 kg chacune, offrant une flexibilit\u00e9 maximale pour l&rsquo;organisation des espaces. Les grilles plastifi\u00e9es facilitent le nettoyage et la porte vitr\u00e9e isolante permet de visualiser le contenu sans ouvrir l&rsquo;armoire, r\u00e9duisant ainsi les pertes d&rsquo;\u00e9nergie. La porte \u00e0 fermeture automatique, \u00e9quip\u00e9e d&rsquo;une serrure m\u00e9canique et d&rsquo;une poign\u00e9e concave, ajoute une s\u00e9curit\u00e9 suppl\u00e9mentaire. Avec une consommation \u00e9lectrique annuelle de 536 kWh et un niveau sonore de seulement 50 dB(A), cette armoire r\u00e9frig\u00e9r\u00e9e combine efficacit\u00e9 \u00e9nerg\u00e9tique et discr\u00e9tion. De plus, la possibilit\u00e9 de changer le sens d&rsquo;ouverture de la porte rend cet appareil adaptable \u00e0 tout agencement de cuisine ou d&rsquo;espace de vente.                    <\/p>\n<\/p><\/div>\n<\/p>\n<\/div>\n<p><bl-button a11yexpanded=\"false\" arialabel=\"Afficher toute la description\" class=\"read-more__btn\" full=\"false\" link=\"true\">Voir plus<\/bl-button><\/div>","protected":false},"excerpt":{"rendered":"<div class=\"keypoints\">\n<h3 class=\"keypoints__title\">Les points cl\u00e9s<\/h3>\n<ul role=\"list\">\n<li class=\"keypoints__item\" role=\"listitem\">                                        Volume utile total : 432                      <\/li>\n<li class=\"keypoints__item\" role=\"listitem\">                                        Classe climatique : SN\/T (de 10\u00b0C \u00e0 43\u00b0C)                      <\/li>\n<li class=\"keypoints__item\" role=\"listitem\">                                        Classe \u00e9nerg\u00e9tique : C                      <\/li>\n<li class=\"keypoints__item\" role=\"listitem\">                                        L x H x P : 74.7 x 168.4 x 76.9 cm                      <\/li>\n<li class=\"keypoints__item keypoints__item--advantage\" role=\"listitem\"><strong>Le + :<\/strong> Porte vitr\u00e9e isolante      <\/li>\n<\/ul>","protected":false},"featured_media":6311,"template":"","meta":{"_glsr_average":0,"_glsr_ranking":0,"_glsr_reviews":0},"product_cat":[198],"product_tag":[131,199],"class_list":{"0":"post-37239","1":"product","2":"type-product","3":"status-publish","4":"has-post-thumbnail","6":"product_cat-gros-electromenager-professionnel","7":"product_tag-gros-electromenager","8":"product_tag-gros-electromenager-professionnel","10":"first","11":"instock","12":"sale","13":"shipping-taxable","14":"purchasable","15":"product-type-simple"},"_links":{"self":[{"href":"https:\/\/electromenagerexpress.com\/en\/wp-json\/wp\/v2\/product\/37239","targetHints":{"allow":["GET"]}}],"collection":[{"href":"https:\/\/electromenagerexpress.com\/en\/wp-json\/wp\/v2\/product"}],"about":[{"href":"https:\/\/electromenagerexpress.com\/en\/wp-json\/wp\/v2\/types\/product"}],"wp:featuredmedia":[{"embeddable":true,"href":"https:\/\/electromenagerexpress.com\/en\/wp-json\/wp\/v2\/media\/6311"}],"wp:attachment":[{"href":"https:\/\/electromenagerexpress.com\/en\/wp-json\/wp\/v2\/media?parent=37239"}],"wp:term":[{"taxonomy":"product_cat","embeddable":true,"href":"https:\/\/electromenagerexpress.com\/en\/wp-json\/wp\/v2\/product_cat?post=37239"},{"taxonomy":"product_tag","embeddable":true,"href":"https:\/\/electromenagerexpress.com\/en\/wp-json\/wp\/v2\/product_tag?post=37239"}],"curies":[{"name":"wp","href":"https:\/\/api.w.org\/{rel}","templated":true}]}}