{"id":37225,"date":"2024-11-21T13:05:37","date_gmt":"2024-11-21T13:05:37","guid":{"rendered":"https:\/\/electromenagerexpress.com\/product\/refrigerateur-americainliebherrxrfsd5265-22-biofresh\/"},"modified":"2025-03-06T08:08:25","modified_gmt":"2025-03-06T08:08:25","slug":"refrigerateur-americainliebherrxrfsd5265-22-biofresh","status":"publish","type":"product","link":"https:\/\/electromenagerexpress.com\/en\/product\/refrigerateur-americainliebherrxrfsd5265-22-biofresh\/","title":{"rendered":"R\u00e9frig\u00e9rateur Am\u00e9ricain\tLIEBHERR XRFsd5265-22 BioFresh"},"content":{"rendered":"<div class=\"product-features__content\">\n<ul role=\"list\">\n<li class=\"product-features__item\" role=\"listitem\">\n<h3 class=\"product-features__label\">Type de r\u00e9frig\u00e9rateur<\/h3>\n<ul role=\"list\">\n<li class=\"product-features__item-list__item\" role=\"listitem\"><span class=\"is--medium\">Format :<\/span> am\u00e9ricain avec cong\u00e9lateur sur le cot\u00e9<\/li>\n<li class=\"product-features__item-list__item\" role=\"listitem\"><span class=\"is--medium\">Volume total :<\/span> 662,0 L<\/li>\n<li class=\"product-features__item-list__item\" role=\"listitem\"><span class=\"is--medium\">Niveau sonore :<\/span> ultra silencieux (35 db)<\/li>\n<li class=\"product-features__item-list__item\" role=\"listitem\"><span class=\"is--medium\">Classe d&rsquo;\u00e9mission de bruit acoustique dans l&rsquo;air :<\/span> B<\/li>\n<li class=\"product-features__item-list__item\" role=\"listitem\"><span class=\"is--medium\">Couleur du produit :<\/span> argent\u00e9<\/li>\n<li class=\"product-features__item-list__item\" role=\"listitem\"><span class=\"is--medium\">Rev\u00eatement ext\u00e9rieur de la porte :<\/span> acier<\/li>\n<\/ul>\n<\/li>\n<li class=\"product-features__item\" role=\"listitem\">\n<h3 class=\"product-features__label\">Type d&rsquo;installation<\/h3>\n<ul role=\"list\">\n<li class=\"product-features__item-list__item\" role=\"listitem\"><span class=\"is--medium\">Pose de l&rsquo;appareil :<\/span> pose libre, peut \u00eatre install\u00e9 librement dans n&rsquo;importe quelle pi\u00e8ce de la maison<\/li>\n<li class=\"product-features__item-list__item\" role=\"listitem\"><span class=\"is--medium\">Installation :<\/span> porte avec d\u00e9bord, le r\u00e9frig\u00e9rateur n\u00e9cessite d&rsquo;\u00eatre install\u00e9 \u00e0 quelques centim\u00e8tres du mur pour acc\u00e9der facilement aux bacs et aux clayettes<\/li>\n<li class=\"product-features__item-list__item\" role=\"listitem\"><span class=\"is--medium\">Type de poign\u00e9e(s) :<\/span> \u00e0 d\u00e9pression permet une ouverture de la porte sans effort<\/li>\n<li class=\"product-features__item-list__item\" role=\"listitem\"><span class=\"is--medium\">Classe climatique :<\/span> la classe climatique SN-T,ou classe tropicale \u00e9largie (de 10\u00b0C \u00e0 43 C ), permet un fonctionnement optimum dans des pi\u00e8ces \u00e0 temp\u00e9ratures basses ou \u00e9lev\u00e9es. Id\u00e9ale pour une installation dans un garage, une v\u00e9randa ou une cave<\/li>\n<\/ul>\n<\/li>\n<li class=\"product-features__item\" role=\"listitem\">\n<h3 class=\"product-features__label\">R\u00e9frig\u00e9rateur<\/h3>\n<ul role=\"list\">\n<li class=\"product-features__item-list__item\" role=\"listitem\"><span class=\"is--medium\">Volume r\u00e9frig\u00e9rateur :<\/span> 245,0 L<\/li>\n<li class=\"product-features__item-list__item\" role=\"listitem\"><span class=\"is--medium\">Froid du r\u00e9frig\u00e9rateur :<\/span> le froid brass\u00e9 permet de r\u00e9partir le froid de mani\u00e8re homog\u00e8ne avec une humidit\u00e9 id\u00e9ale pour les produits frais<\/li>\n<li class=\"product-features__item-list__item\" role=\"listitem\"><span class=\"is--medium\">D\u00e9givrage du r\u00e9frig\u00e9rateur :<\/span> automatique<\/li>\n<li class=\"product-features__item-list__item\" role=\"listitem\"><span class=\"is--medium\">Type de thermostat :<\/span> \u00e9lectronique, permet un r\u00e9glage pr\u00e9cis de la temp\u00e9rature du r\u00e9frig\u00e9rateur. Esth\u00e9tique, intuitif et nettoyage facile<\/li>\n<\/ul>\n<\/li>\n<li class=\"product-features__item\" role=\"listitem\">\n<h3 class=\"product-features__label\">Cong\u00e9lateur<\/h3>\n<ul role=\"list\">\n<li class=\"product-features__item-list__item\" role=\"listitem\"><span class=\"is--medium\">Volume du cong\u00e9lateur :<\/span> 278 L<\/li>\n<li class=\"product-features__item-list__item\" role=\"listitem\"><span class=\"is--medium\">D\u00e9givrage du cong\u00e9lateur :<\/span> automatique (pas besoin de d\u00e9givrer)<\/li>\n<li class=\"product-features__item-list__item\" role=\"listitem\"><span class=\"is--medium\">Pouvoir de cong\u00e9lation :<\/span> 18kg \/ 24h<\/li>\n<li class=\"product-features__item-list__item\" role=\"listitem\"><span class=\"is--medium\">Le saviez-vous ? :<\/span> plus la capacit\u00e9 de cong\u00e9lation est importante, plus le cong\u00e9lateur cong\u00e8le rapidement les aliments. Les aliments frais se conserveront plus longtemps, et garderont mieux toutes leurs saveurs et nutriments.<\/li>\n<li class=\"product-features__item-list__item\" role=\"listitem\"><span class=\"is--medium\">Autonomie en cas de coupure de courant :<\/span> 16h<\/li>\n<\/ul>\n<\/li>\n<li class=\"product-features__item\" role=\"listitem\">\n<h3 class=\"product-features__label\">Agencement<\/h3>\n<ul role=\"list\">\n<li class=\"product-features__item-list__item\" role=\"listitem\"><span class=\"is--medium\">Nombre de clayettes r\u00e9frig\u00e9rateur :<\/span> 5<\/li>\n<li class=\"product-features__item-list__item\" role=\"listitem\"><span class=\"is--medium\">Mati\u00e8re des clayettes :<\/span> verre<\/li>\n<li class=\"product-features__item-list__item\" role=\"listitem\"><span class=\"is--medium\">Clayette porte bouteille :<\/span> Non<\/li>\n<li class=\"product-features__item-list__item\" role=\"listitem\"><span class=\"is--medium\">Rangement dans la porte :<\/span> modulables en hauteur pour adapter votre rangement<\/li>\n<li class=\"product-features__item-list__item\" role=\"listitem\"><span class=\"is--medium\">Nombre de tiroirs dans le r\u00e9frig\u00e9rateur :<\/span> 4<\/li>\n<li class=\"product-features__item-list__item\" role=\"listitem\"><span class=\"is--medium\">Type d&rsquo;alimentation d&rsquo;eau :<\/span> alimentation d&rsquo;eau classique: L&rsquo;utilisation de la fabrique de gla\u00e7on n\u00e9cessite le branchement du r\u00e9frig\u00e9rateur \u00e0 une arriv\u00e9e d&rsquo;eau froide (le tuyau de raccordement est fourni)<\/li>\n<li class=\"product-features__item-list__item\" role=\"listitem\"><span class=\"is--medium\">N\u00e9cessite une arriv\u00e9e d&rsquo;eau :<\/span> oui<\/li>\n<li class=\"product-features__item-list__item\" role=\"listitem\"><span class=\"is--medium\">Carafe d&rsquo;eau int\u00e9gr\u00e9e :<\/span> Non<\/li>\n<li class=\"product-features__item-list__item\" role=\"listitem\"><span class=\"is--medium\">Bac \/ tiroir XL dans le cong\u00e9lateur :<\/span> Non<\/li>\n<li class=\"product-features__item-list__item\" role=\"listitem\"><span class=\"is--medium\">Syst\u00e8me \u00e0 gla\u00e7ons :<\/span> fabrique de glace automatique<\/li>\n<li class=\"product-features__item-list__item\" role=\"listitem\"><span class=\"is--medium\">Zone r\u00e9versible :<\/span> ne poss\u00e8de pas de zone r\u00e9versible<\/li>\n<li class=\"product-features__item-list__item\" role=\"listitem\"><span class=\"is--medium\">Panneau de commandes :<\/span> int\u00e9rieur tactile<\/li>\n<li class=\"product-features__item-list__item\" role=\"listitem\"><span class=\"is--medium\">Mode vacances :<\/span> permet de conserver des denr\u00e9es non p\u00e9rissables ( oeufs, boissons,&#8230;) \u00e0 une temp\u00e9rature d&rsquo;environ 15\u00b0C en r\u00e9alisant une \u00e9conomie d&rsquo;\u00e9nergie<\/li>\n<li class=\"product-features__item-list__item\" role=\"listitem\"><span class=\"is--medium\">Fonction \u00e9co :<\/span> ajuste automatiquement la temp\u00e9rature la plus \u00e9conomique en \u00e9nergie<\/li>\n<li class=\"product-features__item-list__item\" role=\"listitem\"><span class=\"is--medium\">Alarme d&rsquo;ouverture de porte :<\/span> permet de signaler une ouverture accidentelle de la porte pour \u00e9viter la d\u00e9perdition de froid<\/li>\n<li class=\"product-features__item-list__item\" role=\"listitem\"><span class=\"is--medium\">Alarme de remont\u00e9e en temp\u00e9rature :<\/span> permet de signaler une remont\u00e9e anormale de la temp\u00e9rature pour garantir une conservation optimale des aliments<\/li>\n<li class=\"product-features__item-list__item\" role=\"listitem\"><span class=\"is--medium\">Eclairage :<\/span> LED<\/li>\n<li class=\"product-features__item-list__item\" role=\"listitem\"><span class=\"is--medium\">Nombre de tiroirs dans le cong\u00e9lateur :<\/span> 7<\/li>\n<li class=\"product-features__item-list__item\" role=\"listitem\"><span class=\"is--medium\">Mode shabbat :<\/span> Une fois le mode Sabbat activ\u00e9, vous n&rsquo;avez plus \u00e0 vous soucier des lumi\u00e8res, chiffres, icones, signaux sonores, alarmes ou ventilateurs. Le d\u00e9givrage fonctionne uniquement avec une horloge et n&rsquo;a aucune incidence sur l&rsquo;utilisation du r\u00e9frig\u00e9rateur<\/li>\n<li class=\"product-features__item-list__item\" role=\"listitem\"><span class=\"is--medium\">Type de distributeur d&rsquo;eau :<\/span> gla\u00e7ons uniquement<\/li>\n<\/ul>\n<\/li>\n<li class=\"product-features__item\" role=\"listitem\">\n<h3 class=\"product-features__label\">Conservation<\/h3>\n<ul role=\"list\">\n<li class=\"product-features__item-list__item\" role=\"listitem\"><span class=\"is--medium\">Zone fra\u00eecheur pour les fruits et l\u00e9gumes :<\/span> oui, la ma\u00eetrise du taux d&rsquo;humidit\u00e9 dans le compartiment permet une conservation parfaite des fruits et l\u00e9gumes<\/li>\n<li class=\"product-features__item-list__item\" role=\"listitem\"><span class=\"is--medium\">Zone fra\u00eecheur pour les viandes et poissons :<\/span> oui, une temp\u00e9rature constante proche de 0\u00b0C et un contr\u00f4le de l&rsquo;humidit\u00e9 permettent une conservation parfaite des viandes et poissons<\/li>\n<li class=\"product-features__item-list__item\" role=\"listitem\"><span class=\"is--medium\">Fonction r\u00e9frig\u00e9ration rapide :<\/span> oui, la r\u00e9frig\u00e9ration rapide permet d&rsquo;acc\u00e9l\u00e9rer la baisse de la temp\u00e9rature dans votre r\u00e9frig\u00e9rateur pour refroidir les aliments dans un d\u00e9lai tr\u00e8s court pour conserver saveurs et nutriments<\/li>\n<li class=\"product-features__item-list__item\" role=\"listitem\"><span class=\"is--medium\">Fonction cong\u00e9lation rapide :<\/span> oui, elle permet d&rsquo;acc\u00e9l\u00e9rer la baisse de la temp\u00e9rature pour congeler rapidement les aliments en conservant leurs saveurs et nutriments<\/li>\n<li class=\"product-features__item-list__item\" role=\"listitem\"><span class=\"is--medium\">Am\u00e9lioration du refroidissement :<\/span> oui, une plaque de m\u00e9tal permet de capturer l&rsquo;air frais et le redistribuer de mani\u00e8re homog\u00e8ne pour un refroidissement plus rapide des aliments<\/li>\n<\/ul>\n<\/li>\n<li class=\"product-features__item\" role=\"listitem\">\n<h3 class=\"product-features__label\">Technologie<\/h3>\n<ul role=\"list\">\n<li class=\"product-features__item-list__item\" role=\"listitem\"><span class=\"is--medium\">Type de moteur :<\/span> inverter, un compresseur \u00e0 induction plus silencieux et qui permet aussi de limiter la consommation d&rsquo;\u00e9nergie<\/li>\n<li class=\"product-features__item-list__item\" role=\"listitem\"><span class=\"is--medium\">Ecran interactif :<\/span> L&rsquo;\u00e9cran en fa\u00e7ade permet d&rsquo;accc\u00e9der \u00e0 de nombreux r\u00e9glages tels que les temp\u00e9ratures, mode vacances, fonction cong\u00e9lation rapide&#8230;<\/li>\n<li class=\"product-features__item-list__item\" role=\"listitem\"><span class=\"is--medium\">BLUPerformance :<\/span> permet de r\u00e9duire la consommation d&rsquo;\u00e9nergie et de gagner de l&rsquo;espace \u00e0 l&rsquo;int\u00e9rieur gr\u00e2ce au moteur int\u00e9gr\u00e9 dans le socle.<\/li>\n<li class=\"product-features__item-list__item\" role=\"listitem\"><span class=\"is--medium\">Connectivit\u00e9 wifi :<\/span> oui, permet de contr\u00f4ler \u00e0 distance la temp\u00e9rature et de diagnostiquer une panne<\/li>\n<li class=\"product-features__item-list__item\" role=\"listitem\"><span class=\"is--medium\">Compatibilit\u00e9 :<\/span> iOs et Android<\/li>\n<li class=\"product-features__item-list__item\" role=\"listitem\"><span class=\"is--medium\">Application d\u00e9di\u00e9e :<\/span> SmartDevice Liebherr<\/li>\n<\/ul>\n<\/li>\n<li class=\"product-features__item\" role=\"listitem\">\n<h3 class=\"product-features__label\">Consommation<\/h3>\n<ul role=\"list\">\n<li class=\"product-features__item-list__item\" role=\"listitem\"><span class=\"is--medium\">Co\u00fbt annuel d&rsquo;utilisation :<\/span> 84 euros<\/li>\n<li class=\"product-features__item-list__item\" role=\"listitem\"><span class=\"is--medium\">Consommation d&rsquo;\u00e9nergie annuelle :<\/span> 333 kWh\/an<\/li>\n<li class=\"product-features__item-list__item\" role=\"listitem\"><span class=\"is--medium\">Label \u00e9nergie :<\/span> D<\/li>\n<li class=\"product-features__item-list__item\" role=\"listitem\"><span class=\"is--medium\">Economie d&rsquo;\u00e9nergie :<\/span> jusqu&rsquo;\u00e0 32% d&rsquo;\u00e9conomie d&rsquo;\u00e9nergie par rapport \u00e0 la classe F<\/li>\n<\/ul>\n<\/li>\n<li class=\"product-features__item\" role=\"listitem\">\n<h3 class=\"product-features__label\">Dimensions<\/h3>\n<ul role=\"list\">\n<li class=\"product-features__item-list__item\" role=\"listitem\"><span class=\"is--medium\">LxHxP :<\/span> 120.4 x 185.5 x 67.5 cm<\/li>\n<li class=\"product-features__item-list__item\" role=\"listitem\"><span class=\"is--medium\">Poids net :<\/span> 128 kg<\/li>\n<li class=\"product-features__item-list__item\" role=\"listitem\"><span class=\"is--medium\">Poids brut :<\/span> 137 kg<\/li>\n<\/ul>\n<\/li>\n<li class=\"product-features__item\" role=\"listitem\">\n<h3 class=\"product-features__label\">Informations compl\u00e9mentaires<\/h3>\n<ul role=\"list\">\n<li class=\"product-features__item-list__item\" role=\"listitem\"><span class=\"is--medium\">Garantie :<\/span> 2 ans<\/li>\n<li class=\"product-features__item-list__item\" role=\"listitem\"><span class=\"is--medium\">Disponibilit\u00e9 des pi\u00e8ces d\u00e9tach\u00e9es\u00a0 :<\/span> Pendant 15 ans, \u00e0 compter de la date d&rsquo;achat<\/li>\n<li class=\"product-features__item-list__item\" role=\"listitem\"><span class=\"is--medium\">Fabriqu\u00e9 en :<\/span> Allemagne<\/li>\n<\/ul>\n<\/li>\n<\/ul>\n<\/div>\n<div class=\"product__disclosure-content\">\n<div class=\"js-read-more product-description__content read-more read-more--truncated\" style=\"max-height: 500px; overflow: hidden;\" data-read-more-name=\"description\">\n<div class=\"product__description-content read-more\">\n<p>R\u00e9frig\u00e9rateur Am\u00e9ricain LIEBHERR XRFsd5265-22 : Un concentr\u00e9 de technologie et de design<\/p>\n<h3>Innovation et performance au service de la conservation<\/h3>\n<p>Le R\u00e9frig\u00e9rateur Am\u00e9ricain LIEBHERR XRFsd5265-22 se distingue par ses fonctionnalit\u00e9s avanc\u00e9es et son efficacit\u00e9 \u00e9nerg\u00e9tique. Avec une classe \u00e9nerg\u00e9tique optimis\u00e9e et une consommation \u00e9lectrique annuelle de seulement 199 kWh, il allie \u00e9conomie et respect de l&rsquo;environnement. Son volume total de 277 litres, r\u00e9parti en un espace r\u00e9frig\u00e9rateur et un cong\u00e9lateur NoFrost, offre une conservation sans givre et une fra\u00eecheur prolong\u00e9e des aliments. La technologie NoFrost assure une absence totale de formation de glace, \u00e9vitant les d\u00e9givrages manuels et pr\u00e9servant la qualit\u00e9 des produits congel\u00e9s. Le niveau sonore de 34 dB(A) garantit un fonctionnement SuperSilent, pour une int\u00e9gration discr\u00e8te dans tout espace de vie.<\/p>\n<h3>Confort d&rsquo;utilisation et connectivit\u00e9<\/h3>\n<p>Le LIEBHERR XRFsd5265-22 est \u00e9quip\u00e9 d&rsquo;un \u00e9cran TFT couleur 2,4&Prime; avec commande Touch &amp; Swipe, offrant une interface intuitive pour une gestion ais\u00e9e des r\u00e9glages. La connectivit\u00e9 Smart Home via la SmartDeviceBox int\u00e9gr\u00e9e permet de contr\u00f4ler l&rsquo;appareil \u00e0 distance, assurant une interaction moderne<\/p>\n<\/div>\n<\/div>\n<\/div>\n<div class=\"product__disclosure-content\">\n<div class=\"js-read-more product-description__content read-more read-more--truncated\" style=\"max-height: 500px; overflow: hidden;\" data-read-more-name=\"description\">\n<div class=\"product__description-content read-more\">\n<p>avec votre r\u00e9frig\u00e9rateur. L&rsquo;\u00e9clairage LED int\u00e9rieur illumine chaque recoin, tandis que l&rsquo;IceMaker raccord\u00e9 \u00e0 l&rsquo;eau produit jusqu&rsquo;\u00e0 0,8 kg de glace en 24h, avec une capacit\u00e9 de stockage de 8 kg, id\u00e9al pour les amateurs de boissons fra\u00eeches. La finition inox anti-traces et les c\u00f4t\u00e9s silver ajoutent une touche d&rsquo;\u00e9l\u00e9gance et de praticit\u00e9, r\u00e9duisant les marques de doigts et facilitant l&rsquo;entretien pour un aspect toujours impeccable.<\/p>\n<\/div>\n<\/div>\n<p>&nbsp;<\/p>\n<\/div>","protected":false},"excerpt":{"rendered":"<div class=\"keypoints\">\n<h3 class=\"keypoints__title\">Les points cl\u00e9s<\/h3>\n<ul role=\"list\">\n<li class=\"keypoints__item\" role=\"listitem\">LxHxP : 120.4 x 185.5 x 67.5 cm<\/li>\n<li class=\"keypoints__item\" role=\"listitem\">Silencieux (35dB) &#8211; Label \u00e9nergie D<\/li>\n<li class=\"keypoints__item\" role=\"listitem\">Volume total : 662,0 L &#8211; D\u00e9givrage automatique du cong\u00e9lateur<\/li>\n<li class=\"keypoints__item\" role=\"listitem\">Frigo de : 245 L (id\u00e9al pour 2 personnes) &#8211; cong\u00e9lateur de 278L<\/li>\n<li class=\"keypoints__item keypoints__item--advantage\" role=\"listitem\"><strong>Le + :<\/strong> Son innovation HydroBreeze diffuse une brume fra\u00eeche qui enveloppe les fruits et l\u00e9gumes<\/li>\n<\/ul>\n<p>&nbsp;<\/p>\n<\/div>","protected":false},"featured_media":6114,"template":"","meta":{"_glsr_average":0,"_glsr_ranking":0,"_glsr_reviews":0},"product_cat":[171],"product_tag":[131,172,173],"class_list":{"0":"post-37225","1":"product","2":"type-product","3":"status-publish","4":"has-post-thumbnail","6":"product_cat-refrigerateur-congelateur","7":"product_tag-gros-electromenager","8":"product_tag-refrigerateur","9":"product_tag-refrigerateur-congelateur","11":"first","12":"instock","13":"sale","14":"shipping-taxable","15":"purchasable","16":"product-type-simple"},"_links":{"self":[{"href":"https:\/\/electromenagerexpress.com\/en\/wp-json\/wp\/v2\/product\/37225","targetHints":{"allow":["GET"]}}],"collection":[{"href":"https:\/\/electromenagerexpress.com\/en\/wp-json\/wp\/v2\/product"}],"about":[{"href":"https:\/\/electromenagerexpress.com\/en\/wp-json\/wp\/v2\/types\/product"}],"wp:featuredmedia":[{"embeddable":true,"href":"https:\/\/electromenagerexpress.com\/en\/wp-json\/wp\/v2\/media\/6114"}],"wp:attachment":[{"href":"https:\/\/electromenagerexpress.com\/en\/wp-json\/wp\/v2\/media?parent=37225"}],"wp:term":[{"taxonomy":"product_cat","embeddable":true,"href":"https:\/\/electromenagerexpress.com\/en\/wp-json\/wp\/v2\/product_cat?post=37225"},{"taxonomy":"product_tag","embeddable":true,"href":"https:\/\/electromenagerexpress.com\/en\/wp-json\/wp\/v2\/product_tag?post=37225"}],"curies":[{"name":"wp","href":"https:\/\/api.w.org\/{rel}","templated":true}]}}