{"id":37220,"date":"2024-11-21T13:05:17","date_gmt":"2024-11-21T13:05:17","guid":{"rendered":"https:\/\/electromenagerexpress.com\/product\/refrigerateur-combinelggbb72swvdn\/"},"modified":"2025-02-21T20:36:01","modified_gmt":"2025-02-21T20:36:01","slug":"refrigerateur-combinelggbb72swvdn","status":"publish","type":"product","link":"https:\/\/electromenagerexpress.com\/en\/product\/refrigerateur-combinelggbb72swvdn\/","title":{"rendered":"R\u00e9frig\u00e9rateur combin\u00e9\tLG\tGBB72SWVDN"},"content":{"rendered":"<div class=\"product-features__content\">\n<ul role=\"list\">\n<li class=\"product-features__item\" role=\"listitem\">\n<h3 class=\"product-features__label\">Type de r\u00e9frig\u00e9rateur<\/h3>\n<ul role=\"list\">\n<li class=\"product-features__item-list__item\" role=\"listitem\"><span class=\"is--medium\">Format :<\/span> combin\u00e9 avec cong\u00e9lateur en bas<\/li>\n<li class=\"product-features__item-list__item\" role=\"listitem\"><span class=\"is--medium\">Volume total :<\/span> 384,0 L<\/li>\n<li class=\"product-features__item-list__item\" role=\"listitem\"><span class=\"is--medium\">Niveau sonore :<\/span> ultra silencieux (35 db)<\/li>\n<li class=\"product-features__item-list__item\" role=\"listitem\"><span class=\"is--medium\">Classe d&rsquo;\u00e9mission de bruit acoustique dans l&rsquo;air :<\/span> B<\/li>\n<li class=\"product-features__item-list__item\" role=\"listitem\"><span class=\"is--medium\">Couleur du produit :<\/span> blanc<\/li>\n<li class=\"product-features__item-list__item\" role=\"listitem\"><span class=\"is--medium\">Rev\u00eatement ext\u00e9rieur de la porte :<\/span> plastique<\/li>\n<\/ul>\n<\/li>\n<li class=\"product-features__item\" role=\"listitem\">\n<h3 class=\"product-features__label\">Type d&rsquo;installation<\/h3>\n<ul role=\"list\">\n<li class=\"product-features__item-list__item\" role=\"listitem\"><span class=\"is--medium\">Pose de l&rsquo;appareil :<\/span> pose libre, peut \u00eatre install\u00e9 librement dans n&rsquo;importe quelle pi\u00e8ce de la maison<\/li>\n<li class=\"product-features__item-list__item\" role=\"listitem\"><span class=\"is--medium\">Installation :<\/span> porte sans d\u00e9bord, le r\u00e9frig\u00e9rateur peut \u00eatre install\u00e9 contre le mur<\/li>\n<li class=\"product-features__item-list__item\" role=\"listitem\"><span class=\"is--medium\">Sens d&rsquo;ouverture de la porte :<\/span> fixation \u00e0 droite r\u00e9versible<\/li>\n<li class=\"product-features__item-list__item\" role=\"listitem\"><span class=\"is--medium\">Type de poign\u00e9e(s) :<\/span> int\u00e9gr\u00e9e(s), elles sont invisibles pour un rendu esth\u00e9tique<\/li>\n<li class=\"product-features__item-list__item\" role=\"listitem\"><span class=\"is--medium\">Classe climatique :<\/span> la classe climatique SN-T,ou classe tropicale \u00e9largie (de 10\u00b0C \u00e0 43 C ), permet un fonctionnement optimum dans des pi\u00e8ces \u00e0 temp\u00e9ratures basses ou \u00e9lev\u00e9es. Id\u00e9ale pour une installation dans un garage, une v\u00e9randa ou une cave<\/li>\n<\/ul>\n<\/li>\n<li class=\"product-features__item\" role=\"listitem\">\n<h3 class=\"product-features__label\">R\u00e9frig\u00e9rateur<\/h3>\n<ul role=\"list\">\n<li class=\"product-features__item-list__item\" role=\"listitem\"><span class=\"is--medium\">Volume r\u00e9frig\u00e9rateur :<\/span> 277,0 L<\/li>\n<li class=\"product-features__item-list__item\" role=\"listitem\"><span class=\"is--medium\">Froid du r\u00e9frig\u00e9rateur :<\/span> le froid ventil\u00e9 permet une r\u00e9partition du froid de mani\u00e8re homog\u00e8ne et un rangement libre, sans contrainte, des aliments dans le r\u00e9frig\u00e9rateur<\/li>\n<li class=\"product-features__item-list__item\" role=\"listitem\"><span class=\"is--medium\">D\u00e9givrage du r\u00e9frig\u00e9rateur :<\/span> automatique<\/li>\n<li class=\"product-features__item-list__item\" role=\"listitem\"><span class=\"is--medium\">Type de thermostat :<\/span> \u00e9lectronique, permet un r\u00e9glage pr\u00e9cis de la temp\u00e9rature du r\u00e9frig\u00e9rateur. Esth\u00e9tique, intuitif et nettoyage facile<\/li>\n<\/ul>\n<\/li>\n<li class=\"product-features__item\" role=\"listitem\">\n<h3 class=\"product-features__label\">Cong\u00e9lateur<\/h3>\n<ul role=\"list\">\n<li class=\"product-features__item-list__item\" role=\"listitem\"><span class=\"is--medium\">Volume du cong\u00e9lateur :<\/span> 107 L<\/li>\n<li class=\"product-features__item-list__item\" role=\"listitem\"><span class=\"is--medium\">D\u00e9givrage du cong\u00e9lateur :<\/span> automatique (pas besoin de d\u00e9givrer)<\/li>\n<li class=\"product-features__item-list__item\" role=\"listitem\"><span class=\"is--medium\">Pouvoir de cong\u00e9lation :<\/span> 10kg \/ 24h<\/li>\n<li class=\"product-features__item-list__item\" role=\"listitem\"><span class=\"is--medium\">Le saviez-vous ? :<\/span> plus la capacit\u00e9 de cong\u00e9lation est importante, plus le cong\u00e9lateur cong\u00e8le rapidement les aliments. Les aliments frais se conserveront plus longtemps, et garderont mieux toutes leurs saveurs et nutriments.<\/li>\n<li class=\"product-features__item-list__item\" role=\"listitem\"><span class=\"is--medium\">Autonomie en cas de coupure de courant :<\/span> 9h<\/li>\n<\/ul>\n<\/li>\n<li class=\"product-features__item\" role=\"listitem\">\n<h3 class=\"product-features__label\">Agencement<\/h3>\n<ul role=\"list\">\n<li class=\"product-features__item-list__item\" role=\"listitem\"><span class=\"is--medium\">Nombre de clayettes r\u00e9frig\u00e9rateur :<\/span> 4<\/li>\n<li class=\"product-features__item-list__item\" role=\"listitem\"><span class=\"is--medium\">Mati\u00e8re des clayettes :<\/span> verre<\/li>\n<li class=\"product-features__item-list__item\" role=\"listitem\"><span class=\"is--medium\">Clayette porte bouteille :<\/span> Oui<\/li>\n<li class=\"product-features__item-list__item\" role=\"listitem\"><span class=\"is--medium\">Nombre de tiroirs dans le r\u00e9frig\u00e9rateur :<\/span> 2<\/li>\n<li class=\"product-features__item-list__item\" role=\"listitem\"><span class=\"is--medium\">Type d&rsquo;alimentation d&rsquo;eau :<\/span> ne poss\u00e8de pas cette fonction<\/li>\n<li class=\"product-features__item-list__item\" role=\"listitem\"><span class=\"is--medium\">N\u00e9cessite une arriv\u00e9e d&rsquo;eau :<\/span> non<\/li>\n<li class=\"product-features__item-list__item\" role=\"listitem\"><span class=\"is--medium\">Carafe d&rsquo;eau int\u00e9gr\u00e9e :<\/span> Non<\/li>\n<li class=\"product-features__item-list__item\" role=\"listitem\"><span class=\"is--medium\">Bac \/ tiroir XL dans le cong\u00e9lateur :<\/span> Non<\/li>\n<li class=\"product-features__item-list__item\" role=\"listitem\"><span class=\"is--medium\">Zone r\u00e9versible :<\/span> ne poss\u00e8de pas de zone r\u00e9versible<\/li>\n<li class=\"product-features__item-list__item\" role=\"listitem\"><span class=\"is--medium\">Panneau de commandes :<\/span> int\u00e9rieur tactile<\/li>\n<li class=\"product-features__item-list__item\" role=\"listitem\"><span class=\"is--medium\">Mode vacances :<\/span> permet de conserver des denr\u00e9es non p\u00e9rissables ( oeufs, boissons,&#8230;) \u00e0 une temp\u00e9rature d&rsquo;environ 15\u00b0C en r\u00e9alisant une \u00e9conomie d&rsquo;\u00e9nergie<\/li>\n<li class=\"product-features__item-list__item\" role=\"listitem\"><span class=\"is--medium\">Fonction \u00e9co :<\/span> ajuste automatiquement la temp\u00e9rature la plus \u00e9conomique en \u00e9nergie<\/li>\n<li class=\"product-features__item-list__item\" role=\"listitem\"><span class=\"is--medium\">Alarme d&rsquo;ouverture de porte :<\/span> permet de signaler une ouverture accidentelle de la porte pour \u00e9viter la d\u00e9perdition de froid<\/li>\n<li class=\"product-features__item-list__item\" role=\"listitem\"><span class=\"is--medium\">Eclairage :<\/span> LED<\/li>\n<li class=\"product-features__item-list__item\" role=\"listitem\"><span class=\"is--medium\">Nombre de tiroirs dans le cong\u00e9lateur :<\/span> 3<\/li>\n<\/ul>\n<\/li>\n<li class=\"product-features__item\" role=\"listitem\">\n<h3 class=\"product-features__label\">Conservation<\/h3>\n<ul role=\"list\">\n<li class=\"product-features__item-list__item\" role=\"listitem\"><span class=\"is--medium\">Zone fra\u00eecheur pour les fruits et l\u00e9gumes :<\/span> oui, la ma\u00eetrise du taux d&rsquo;humidit\u00e9 dans le compartiment permet une conservation parfaite des fruits et l\u00e9gumes<\/li>\n<li class=\"product-features__item-list__item\" role=\"listitem\"><span class=\"is--medium\">Zone fra\u00eecheur pour les viandes et poissons :<\/span> oui, une temp\u00e9rature constante proche de 0\u00b0C et un contr\u00f4le de l&rsquo;humidit\u00e9 permettent une conservation parfaite des viandes et poissons<\/li>\n<li class=\"product-features__item-list__item\" role=\"listitem\"><span class=\"is--medium\">Fonction cong\u00e9lation rapide :<\/span> oui, elle permet d&rsquo;acc\u00e9l\u00e9rer la baisse de la temp\u00e9rature pour congeler rapidement les aliments en conservant leurs saveurs et nutriments<\/li>\n<li class=\"product-features__item-list__item\" role=\"listitem\"><span class=\"is--medium\">Am\u00e9lioration du refroidissement :<\/span> oui, le Door Cooling est un rideau d&rsquo;air frais situ\u00e9 \u00e0 l&rsquo;avant du r\u00e9frig\u00e9rateur qui permet de limiter la d\u00e9perdition de froid \u00e0 chaque ouverture de porte, pour une meilleure conservation des aliments<\/li>\n<\/ul>\n<\/li>\n<li class=\"product-features__item\" role=\"listitem\">\n<h3 class=\"product-features__label\">Technologie<\/h3>\n<ul role=\"list\">\n<li class=\"product-features__item-list__item\" role=\"listitem\"><span class=\"is--medium\">Type de moteur :<\/span> inverter, un compresseur \u00e0 induction plus silencieux et qui permet aussi de limiter la consommation d&rsquo;\u00e9nergie<\/li>\n<li class=\"product-features__item-list__item\" role=\"listitem\"><span class=\"is--medium\">Connectivit\u00e9 wifi :<\/span> non connect\u00e9<\/li>\n<\/ul>\n<\/li>\n<li class=\"product-features__item\" role=\"listitem\">\n<h3 class=\"product-features__label\">Consommation<\/h3>\n<ul role=\"list\">\n<li class=\"product-features__item-list__item\" role=\"listitem\"><span class=\"is--medium\">Co\u00fbt annuel d&rsquo;utilisation :<\/span> 54 euros<\/li>\n<li class=\"product-features__item-list__item\" role=\"listitem\"><span class=\"is--medium\">Consommation d&rsquo;\u00e9nergie annuelle :<\/span> 215 kWh\/an<\/li>\n<li class=\"product-features__item-list__item\" role=\"listitem\"><span class=\"is--medium\">Label \u00e9nergie :<\/span> D<\/li>\n<li class=\"product-features__item-list__item\" role=\"listitem\"><span class=\"is--medium\">Economie d&rsquo;\u00e9nergie :<\/span> jusqu&rsquo;\u00e0 32% d&rsquo;\u00e9conomie d&rsquo;\u00e9nergie par rapport \u00e0 la classe F<\/li>\n<\/ul>\n<\/li>\n<li class=\"product-features__item\" role=\"listitem\">\n<h3 class=\"product-features__label\">Dimensions<\/h3>\n<ul role=\"list\">\n<li class=\"product-features__item-list__item\" role=\"listitem\"><span class=\"is--medium\">LxHxP :<\/span> 59.5 x 203 x 68.2 cm<\/li>\n<li class=\"product-features__item-list__item\" role=\"listitem\"><span class=\"is--medium\">Poids net :<\/span> 78 kg<\/li>\n<li class=\"product-features__item-list__item\" role=\"listitem\"><span class=\"is--medium\">Poids brut :<\/span> 82 kg<\/li>\n<\/ul>\n<\/li>\n<li class=\"product-features__item\" role=\"listitem\">\n<h3 class=\"product-features__label\">Informations compl\u00e9mentaires<\/h3>\n<ul role=\"list\">\n<li class=\"product-features__item-list__item\" role=\"listitem\"><span class=\"is--medium\">Garantie :<\/span> 2 ans<\/li>\n<li class=\"product-features__item-list__item\" role=\"listitem\"><span class=\"is--medium\">Disponibilit\u00e9 des pi\u00e8ces d\u00e9tach\u00e9es\u00a0 :<\/span> Pendant 10 ans, \u00e0 compter de la date d&rsquo;achat<\/li>\n<li class=\"product-features__item-list__item\" role=\"listitem\"><span class=\"is--medium\">Fabriqu\u00e9 en :<\/span> Pologne<\/li>\n<\/ul>\n<\/li>\n<\/ul>\n<\/div>\n<div class=\"product__disclosure-content\">\n<div class=\"js-read-more product-description__content read-more read-more--truncated\" style=\"max-height: 500px; overflow: hidden;\" data-read-more-name=\"description\">\n<p>Conservez parfaitement vos aliments et vos courses \u00e0 l&rsquo;int\u00e9rieur d&rsquo;un r\u00e9frig\u00e9rateur performant et puissant, facilitateur du quotidien. Gr\u00e2ce \u00e0 de nombreuses technologies mises en place pour vous simplifier la vie, votre r\u00e9frig\u00e9rateur prend soin de la conservation de vos aliments, tout en garantissant une grande praticit\u00e9.<\/p>\n<h3>Une conservation \u00e9cologique et p\u00e9renne<\/h3>\n<p>Votre r\u00e9frig\u00e9rateur combin\u00e9 LG GBB72SWVDN est id\u00e9al pour conserver votre nourriture gr\u00e2ce \u00e0 une <b>technologie Door Cooling<\/b> con\u00e7ue sp\u00e9cifiquement pour <b>refroidir jusqu&rsquo;\u00e0 32%<\/b> plus rapidement l&rsquo;int\u00e9rieur de votre appareil. En <b>r\u00e9partissant uniform\u00e9ment le froid<\/b> dans tout le r\u00e9frig\u00e9rateur, vous b\u00e9n\u00e9ficiez d&rsquo;une conservation parfaite de vos aliments.<\/p>\n<p>D\u00e9couvrez la technologie <b>Linear Cooling<\/b>, sp\u00e9cialement con\u00e7ue pour garder un froid r\u00e9gulier dans l&rsquo;int\u00e9rieur de votre appareil, <b>\u00e0 plus ou moins 0,5\u00b0C<\/b>. Cette technologie a pour objectif de <b>garder la fra\u00eecheur et les nutriments de vos aliments plus longtemps<\/b> dans votre r\u00e9frig\u00e9rateur combin\u00e9 LG GBB72SWVDN.<\/p>\n<\/div>\n<\/div>\n<p>&nbsp;<\/p>\n<p>&nbsp;<\/p>\n<div class=\"product__disclosure-content\">\n<div class=\"js-read-more product-description__content read-more read-more--truncated\" style=\"max-height: 500px; overflow: hidden;\" data-read-more-name=\"description\">\n<h3>Un confort pens\u00e9 juste pour vous !<\/h3>\n<p>Dot\u00e9 d&rsquo;un niveau sonore de <b>seulement 35dB<\/b>, le r\u00e9frig\u00e9rateur combin\u00e9 LG GBB72SWVDN rend vos espaces beaucoup plus conviviaux. Ainsi, vous pouvez profiter de votre cuisine en toute simplicit\u00e9. L&rsquo;<b>\u00e9clairage LED<\/b> de l&rsquo;int\u00e9rieur de votre appareil est \u00e9galement id\u00e9al pour gagner en clart\u00e9 et en praticit\u00e9 lors de l&rsquo;utilisation de votre r\u00e9frig\u00e9rateur.<\/p>\n<p>Parce qu&rsquo;un confort quotidien est essentiel en cuisine, le r\u00e9frig\u00e9rateur combin\u00e9 LG GBB72SWVDN est \u00e9quip\u00e9 de la technologie <b>No Frost<\/b>. Ainsi, oubliez les corv\u00e9es de <b>d\u00e9givrage<\/b>, gagnez du temps et profitez d&rsquo;une <b>baisse de la consommation \u00e9nerg\u00e9tique<\/b> de votre r\u00e9frig\u00e9rateur au quotidien.<\/p>\n<p>&nbsp;<\/p>\n<\/div>\n<p>&nbsp;<\/p>\n<\/div>","protected":false},"excerpt":{"rendered":"<div class=\"keypoints\">\n<h3 class=\"keypoints__title\">Les points cl\u00e9s<\/h3>\n<ul role=\"list\">\n<li class=\"keypoints__item\" role=\"listitem\">LxHxP : 59.5 x 203 x 68.2 cm<\/li>\n<li class=\"keypoints__item\" role=\"listitem\">Silencieux (35dB) &#8211; Label \u00e9nergie D<\/li>\n<li class=\"keypoints__item\" role=\"listitem\">Volume total : 384,0 L &#8211; D\u00e9givrage automatique du cong\u00e9lateur<\/li>\n<li class=\"keypoints__item\" role=\"listitem\">Frigo de : 277 L (id\u00e9al pour 3 personnes) &#8211; cong\u00e9lateur de 107L<\/li>\n<li class=\"keypoints__item keypoints__item--advantage\" role=\"listitem\"><strong>Le + :<\/strong> Son coloris blanc pur et sa classe \u00e9nerg\u00e9tique \u00e9conome<\/li>\n<\/ul>\n<\/div>","protected":false},"featured_media":6030,"template":"","meta":{"_glsr_average":0,"_glsr_ranking":0,"_glsr_reviews":0},"product_cat":[171],"product_tag":[131,172,173],"class_list":{"0":"post-37220","1":"product","2":"type-product","3":"status-publish","4":"has-post-thumbnail","6":"product_cat-refrigerateur-congelateur","7":"product_tag-gros-electromenager","8":"product_tag-refrigerateur","9":"product_tag-refrigerateur-congelateur","11":"first","12":"instock","13":"sale","14":"shipping-taxable","15":"purchasable","16":"product-type-simple"},"_links":{"self":[{"href":"https:\/\/electromenagerexpress.com\/en\/wp-json\/wp\/v2\/product\/37220","targetHints":{"allow":["GET"]}}],"collection":[{"href":"https:\/\/electromenagerexpress.com\/en\/wp-json\/wp\/v2\/product"}],"about":[{"href":"https:\/\/electromenagerexpress.com\/en\/wp-json\/wp\/v2\/types\/product"}],"wp:featuredmedia":[{"embeddable":true,"href":"https:\/\/electromenagerexpress.com\/en\/wp-json\/wp\/v2\/media\/6030"}],"wp:attachment":[{"href":"https:\/\/electromenagerexpress.com\/en\/wp-json\/wp\/v2\/media?parent=37220"}],"wp:term":[{"taxonomy":"product_cat","embeddable":true,"href":"https:\/\/electromenagerexpress.com\/en\/wp-json\/wp\/v2\/product_cat?post=37220"},{"taxonomy":"product_tag","embeddable":true,"href":"https:\/\/electromenagerexpress.com\/en\/wp-json\/wp\/v2\/product_tag?post=37220"}],"curies":[{"name":"wp","href":"https:\/\/api.w.org\/{rel}","templated":true}]}}