{"id":37217,"date":"2024-11-21T13:05:09","date_gmt":"2024-11-21T13:05:09","guid":{"rendered":"https:\/\/electromenagerexpress.com\/product\/mini-refrigerateurklarsteinscooby-argent\/"},"modified":"2025-01-13T13:03:00","modified_gmt":"2025-01-13T13:03:00","slug":"mini-refrigerateurklarsteinscooby-argent","status":"publish","type":"product","link":"https:\/\/electromenagerexpress.com\/en\/product\/mini-refrigerateurklarsteinscooby-argent\/","title":{"rendered":"Mini r\u00e9frig\u00e9rateur\tKLARSTEIN\tScooby &#8211; Argent"},"content":{"rendered":"<div class=\"product-features__content\">\n<ul role=\"list\">\n<li class=\"product-features__item\" role=\"listitem\">\n<h3 class=\"product-features__label\">Type de r\u00e9frig\u00e9rateur<\/h3>\n<ul role=\"list\">\n<li class=\"product-features__item-list__item\" role=\"listitem\"><span class=\"is--medium\">Format :<\/span> mini bar<\/li>\n<li class=\"product-features__item-list__item\" role=\"listitem\"><span class=\"is--medium\">Volume total :<\/span> 40,0 L<\/li>\n<li class=\"product-features__item-list__item\" role=\"listitem\"><span class=\"is--medium\">Niveau sonore :<\/span> silencieux (39 db)<\/li>\n<li class=\"product-features__item-list__item\" role=\"listitem\"><span class=\"is--medium\">Couleur du produit :<\/span> silver\/Argent<\/li>\n<li class=\"product-features__item-list__item\" role=\"listitem\"><span class=\"is--medium\">Rev\u00eatement ext\u00e9rieur de la porte :<\/span> inox<\/li>\n<\/ul>\n<\/li>\n<li class=\"product-features__item\" role=\"listitem\">\n<h3 class=\"product-features__label\">Type d&rsquo;installation<\/h3>\n<ul role=\"list\">\n<li class=\"product-features__item-list__item\" role=\"listitem\"><span class=\"is--medium\">Pose de l&rsquo;appareil :<\/span> pose libre, peut \u00eatre install\u00e9 librement dans n&rsquo;importe quelle pi\u00e8ce de la maison<\/li>\n<li class=\"product-features__item-list__item\" role=\"listitem\"><span class=\"is--medium\">Installation :<\/span> porte sans d\u00e9bord, le r\u00e9frig\u00e9rateur peut \u00eatre install\u00e9 contre le mur<\/li>\n<li class=\"product-features__item-list__item\" role=\"listitem\"><span class=\"is--medium\">Sens d&rsquo;ouverture de la porte :<\/span> fixation \u00e0 droite non r\u00e9versible<\/li>\n<li class=\"product-features__item-list__item\" role=\"listitem\"><span class=\"is--medium\">Classe climatique :<\/span> la classe climatique N (de 16\u00b0C \u00e0 38\u00b0C) permet un fonctionnement optimum dans cette plage de temp\u00e9ratures<\/li>\n<\/ul>\n<\/li>\n<li class=\"product-features__item\" role=\"listitem\">\n<h3 class=\"product-features__label\">R\u00e9frig\u00e9rateur<\/h3>\n<ul role=\"list\">\n<li class=\"product-features__item-list__item\" role=\"listitem\"><span class=\"is--medium\">Volume r\u00e9frig\u00e9rateur :<\/span> 40,0 L<\/li>\n<li class=\"product-features__item-list__item\" role=\"listitem\"><span class=\"is--medium\">Froid du r\u00e9frig\u00e9rateur :<\/span> le froid statique permet de r\u00e9partir le froid de fa\u00e7on naturelle, chaque zone est d\u00e9di\u00e9e \u00e0 un type d&rsquo;aliment<\/li>\n<li class=\"product-features__item-list__item\" role=\"listitem\"><span class=\"is--medium\">D\u00e9givrage du r\u00e9frig\u00e9rateur :<\/span> manuel<\/li>\n<\/ul>\n<\/li>\n<li class=\"product-features__item\" role=\"listitem\">\n<h3 class=\"product-features__label\">Cong\u00e9lateur<\/h3>\n<ul role=\"list\">\n<li class=\"product-features__item-list__item\" role=\"listitem\"><span class=\"is--medium\">D\u00e9givrage du cong\u00e9lateur :<\/span> manuel<\/li>\n<\/ul>\n<\/li>\n<li class=\"product-features__item\" role=\"listitem\">\n<h3 class=\"product-features__label\">Agencement<\/h3>\n<ul role=\"list\">\n<li class=\"product-features__item-list__item\" role=\"listitem\"><span class=\"is--medium\">Nombre de clayettes r\u00e9frig\u00e9rateur :<\/span> 1<\/li>\n<li class=\"product-features__item-list__item\" role=\"listitem\"><span class=\"is--medium\">Mati\u00e8re des clayettes :<\/span> verre<\/li>\n<li class=\"product-features__item-list__item\" role=\"listitem\"><span class=\"is--medium\">Type d&rsquo;alimentation d&rsquo;eau :<\/span> ne poss\u00e8de pas cette fonction<\/li>\n<li class=\"product-features__item-list__item\" role=\"listitem\"><span class=\"is--medium\">N\u00e9cessite une arriv\u00e9e d&rsquo;eau :<\/span> non<\/li>\n<li class=\"product-features__item-list__item\" role=\"listitem\"><span class=\"is--medium\">Panneau de commandes :<\/span> non concern\u00e9<\/li>\n<\/ul>\n<\/li>\n<li class=\"product-features__item\" role=\"listitem\">\n<h3 class=\"product-features__label\">Consommation<\/h3>\n<ul role=\"list\">\n<li class=\"product-features__item-list__item\" role=\"listitem\"><span class=\"is--medium\">Co\u00fbt annuel d&rsquo;utilisation :<\/span> 20 euros<\/li>\n<li class=\"product-features__item-list__item\" role=\"listitem\"><span class=\"is--medium\">Consommation d&rsquo;\u00e9nergie annuelle :<\/span> 79 kWh\/an<\/li>\n<li class=\"product-features__item-list__item\" role=\"listitem\"><span class=\"is--medium\">Label \u00e9nergie :<\/span> E<\/li>\n<\/ul>\n<\/li>\n<li class=\"product-features__item\" role=\"listitem\">\n<h3 class=\"product-features__label\">Dimensions<\/h3>\n<ul role=\"list\">\n<li class=\"product-features__item-list__item\" role=\"listitem\"><span class=\"is--medium\">LxHxP :<\/span> 43.5 x 50.5 x 47 cm<\/li>\n<li class=\"product-features__item-list__item\" role=\"listitem\"><span class=\"is--medium\">Poids net :<\/span> 14 kg<\/li>\n<li class=\"product-features__item-list__item\" role=\"listitem\"><span class=\"is--medium\">Poids brut :<\/span> 14 kg<\/li>\n<\/ul>\n<\/li>\n<li class=\"product-features__item\" role=\"listitem\">\n<h3 class=\"product-features__label\">Informations compl\u00e9mentaires<\/h3>\n<ul role=\"list\">\n<li class=\"product-features__item-list__item\" role=\"listitem\"><span class=\"is--medium\">Disponibilit\u00e9 des pi\u00e8ces d\u00e9tach\u00e9es (donn\u00e9es fournisseur) :<\/span> Non communiqu\u00e9e<\/li>\n<li class=\"product-features__item-list__item\" role=\"listitem\"><span class=\"is--medium\">Fabriqu\u00e9 en :<\/span> Chine<\/li>\n<\/ul>\n<\/li>\n<\/ul>\n<\/div>\n<div class=\"product__disclosure-content\">\n<div class=\"js-read-more product-description__content read-more read-more--truncated\" style=\"max-height: 500px; overflow: hidden;\" data-read-more-name=\"description\">\n<p>Le <b>r\u00e9frig\u00e9rateur<\/b>Scooby de <b>Klarstein<\/b> am\u00e8ne les boissons \u00e0 une temp\u00e9rature id\u00e9ale et se<br \/>\nglisse partout gr\u00e2ce \u00e0 son format compact. Il est agr\u00e9ablement silencieux, car son<br \/>\nsyst\u00e8me de refroidissement est \u00e0 la pointe de la technique : gr\u00e2ce au refroidissement<br \/>\npar compression, il atteint des temp\u00e9ratures de refroidissement agr\u00e9ablement basses<br \/>\navec peu d&rsquo;efforts. Sur ses deux niveaux, il accueille des boissons ou des snacks,<br \/>\ntandis que le tr\u00e8s grand compartiment de la porte peut m\u00eame accueillir sans probl\u00e8me<br \/>\ndes bouteilles allant jusqu&rsquo;\u00e0 2 litres.<\/p>\n<p>L&rsquo;expert de la r\u00e9frig\u00e9ration peu encombrant : le <b>mini-r\u00e9frig\u00e9rateur<\/b> Scooby de<br \/>\n<b>Klarstein<\/b> vous approvisionne en boissons et snacks rafra\u00eechissants.<\/p>\n<p><b>Top Features:<\/b><\/p>\n<p>\u2022 <b>Dimensions compactes\u00a0:<\/b> mini cong\u00e9lateur gain de place<b>D\u00e9salt\u00e9rant :<\/b> porte-boissons<br \/>\ndans la porte<b>40 litres :<\/b> grande capacit\u00e9<b>Pour les amoureux du rangement :<\/b> avec grille<\/p>\n<\/div>\n<\/div>\n<p><b>Caract\u00e9ristiques:<\/b><\/p>\n<p>\u2022 Contr\u00f4le\u00a0: par thermostat \u00e0 l&rsquo;arri\u00e8re<br \/>\n\u2022 Classe d&rsquo;efficacit\u00e9 \u00e9nerg\u00e9tique\u00a0: E<br \/>\n\u2022 Niveau sonore\u00a0: 39\u00a0dB max.<br \/>\n\u2022 Appareil encastr\u00e9\u00a0: non<br \/>\n\u2022 R\u00e9frig\u00e9rateur \u00e0 compression<br \/>\n\u2022 Capacit\u00e9 (litres) : 40<br \/>\n\u2022 Zones de refroidissement : 1<br \/>\n\u2022 Nombre de clayettes : 1<br \/>\n\u2022 Mat\u00e9riau des clayettes\u00a0: grille<br \/>\n\u2022 Sens de fermeture de porte : vers la droite, modifiable<br \/>\n\u2022 Temp\u00e9rature ambiante id\u00e9ale\u00a0: 16 \u00e0 38\u00a0\u00b0C<br \/>\n\u2022 Compartiment pour canettes et bouteilles dans la porte<br \/>\n\u2022 Pieds r\u00e9glables en hauteur<br \/>\n\u2022 R\u00e9frig\u00e9rant\u00a0: R600a<\/p>\n<p><b>Dimensions:<\/b><\/p>\n<p>\u2022 Dimensions : env. 43,5 x 50,5 x 47 cm (LxHxP)<br \/>\n\u2022 Dimensions int\u00e9rieures\u00a0: env. 36 x 22 x 35,5\u00a0cm (lxHxP)<br \/>\n\u2022 Compartiment inf\u00e9rieur : env. 36 x 19 x 19 cm (l x h x p)<br \/>\n\u2022 Compartiment de porte (grand) : env. 30 x 37\/21 x 10,5 cm (LxHxP)<br \/>\n\u2022 Compartiment de porte (petit) : env. 16,5 x 15,5 x 6,5 (LxHxP)<br \/>\n\u2022 Poids : env. 14 kg<br \/>\n\u2022 Puissance consomm\u00e9e : 50 watts<br \/>\n\u2022 Consommation annuelle d&rsquo;\u00e9nergie : 79 kWh\/an<br \/>\n\u2022 Alimentation \u00e9lectrique\u00a0: 220-240\u00a0V~ | 50\/60\u00a0Hz<\/p>\n<p>&nbsp;<\/p>\n<p>&nbsp;<\/p>\n<p>&nbsp;<\/p>\n<div class=\"product__disclosure-content\">\n<p>&nbsp;<\/p>\n<\/div>","protected":false},"excerpt":{"rendered":"<div class=\"keypoints\">\n<h3 class=\"keypoints__title\">Les points cl\u00e9s<\/h3>\n<ul role=\"list\">\n<li class=\"keypoints__item\" role=\"listitem\">LxHxP : 43.5 x 50.5 x 47 cm<\/li>\n<li class=\"keypoints__item\" role=\"listitem\">Silencieux (39dB) &#8211; Label \u00e9nergie E<\/li>\n<li class=\"keypoints__item\" role=\"listitem\">Volume total : 40,0 L &#8211; D\u00e9givrage manuel du cong\u00e9lateur<\/li>\n<li class=\"keypoints__item\" role=\"listitem\">Frigo de : 40 L (id\u00e9al pour 1 personne)<\/li>\n<\/ul>\n<\/div>\n<p>&nbsp;<\/p>\n<p>&nbsp;<\/p>","protected":false},"featured_media":6003,"template":"","meta":{"_glsr_average":0,"_glsr_ranking":0,"_glsr_reviews":0},"product_cat":[178],"product_tag":[131,179,172],"class_list":{"0":"post-37217","1":"product","2":"type-product","3":"status-publish","4":"has-post-thumbnail","6":"product_cat-petit-refrigerateur","7":"product_tag-gros-electromenager","8":"product_tag-petit-refrigerateur","9":"product_tag-refrigerateur","11":"first","12":"instock","13":"shipping-taxable","14":"purchasable","15":"product-type-simple"},"_links":{"self":[{"href":"https:\/\/electromenagerexpress.com\/en\/wp-json\/wp\/v2\/product\/37217","targetHints":{"allow":["GET"]}}],"collection":[{"href":"https:\/\/electromenagerexpress.com\/en\/wp-json\/wp\/v2\/product"}],"about":[{"href":"https:\/\/electromenagerexpress.com\/en\/wp-json\/wp\/v2\/types\/product"}],"wp:featuredmedia":[{"embeddable":true,"href":"https:\/\/electromenagerexpress.com\/en\/wp-json\/wp\/v2\/media\/6003"}],"wp:attachment":[{"href":"https:\/\/electromenagerexpress.com\/en\/wp-json\/wp\/v2\/media?parent=37217"}],"wp:term":[{"taxonomy":"product_cat","embeddable":true,"href":"https:\/\/electromenagerexpress.com\/en\/wp-json\/wp\/v2\/product_cat?post=37217"},{"taxonomy":"product_tag","embeddable":true,"href":"https:\/\/electromenagerexpress.com\/en\/wp-json\/wp\/v2\/product_tag?post=37217"}],"curies":[{"name":"wp","href":"https:\/\/api.w.org\/{rel}","templated":true}]}}