{"id":37196,"date":"2024-11-21T13:04:10","date_gmt":"2024-11-21T13:04:10","guid":{"rendered":"https:\/\/electromenagerexpress.com\/product\/refrigerateur-topklarsteinbeersafe-xxl-80l-argent\/"},"modified":"2025-01-13T12:49:28","modified_gmt":"2025-01-13T12:49:28","slug":"refrigerateur-topklarsteinbeersafe-xxl-80l-argent","status":"publish","type":"product","link":"https:\/\/electromenagerexpress.com\/en\/product\/refrigerateur-topklarsteinbeersafe-xxl-80l-argent\/","title":{"rendered":"R\u00e9frig\u00e9rateur top   KLARSTEIN\tBeersafe XXL 80L &#8211; Argent"},"content":{"rendered":"<div class=\"product-features__content\">\n<h3 class=\"product-features__label\"><\/h3>\n<ul role=\"list\">\n<li class=\"product-features__item\" role=\"listitem\">\n<h3 class=\"product-features__label\">Type de r\u00e9frig\u00e9rateur<\/h3>\n<ul role=\"list\">\n<li class=\"product-features__item-list__item\" role=\"listitem\"><span class=\"is--medium\">Format :<\/span> table top<\/li>\n<li class=\"product-features__item-list__item\" role=\"listitem\"><span class=\"is--medium\">Volume total :<\/span> 80,0 L<\/li>\n<li class=\"product-features__item-list__item\" role=\"listitem\"><span class=\"is--medium\">Niveau sonore :<\/span> niveau sonore standard (41 db)<\/li>\n<li class=\"product-features__item-list__item\" role=\"listitem\"><span class=\"is--medium\">Classe d&rsquo;\u00e9mission de bruit acoustique dans l&rsquo;air :<\/span> C<\/li>\n<\/ul>\n<\/li>\n<li class=\"product-features__item\" role=\"listitem\">\n<h3 class=\"product-features__label\">Type d&rsquo;installation<\/h3>\n<ul role=\"list\">\n<li class=\"product-features__item-list__item\" role=\"listitem\"><span class=\"is--medium\">Pose de l&rsquo;appareil :<\/span> pose libre, peut \u00eatre install\u00e9 librement dans n&rsquo;importe quelle pi\u00e8ce de la maison<\/li>\n<li class=\"product-features__item-list__item\" role=\"listitem\"><span class=\"is--medium\">Installation :<\/span> porte sans d\u00e9bord, le r\u00e9frig\u00e9rateur peut \u00eatre install\u00e9 contre le mur<\/li>\n<li class=\"product-features__item-list__item\" role=\"listitem\"><span class=\"is--medium\">Sens d&rsquo;ouverture de la porte :<\/span> fixation \u00e0 droite non r\u00e9versible<\/li>\n<li class=\"product-features__item-list__item\" role=\"listitem\"><span class=\"is--medium\">Type de poign\u00e9e(s) :<\/span> poign\u00e9e(s) traditionnelle(s)<\/li>\n<li class=\"product-features__item-list__item\" role=\"listitem\"><span class=\"is--medium\">Classe climatique :<\/span> la classe climatique T (de 16\u00b0C \u00e0 43\u00b0C) permet un fonctionnement optimum dans cette plage de temp\u00e9ratures<\/li>\n<\/ul>\n<\/li>\n<li class=\"product-features__item\" role=\"listitem\">\n<h3 class=\"product-features__label\">R\u00e9frig\u00e9rateur<\/h3>\n<ul role=\"list\">\n<li class=\"product-features__item-list__item\" role=\"listitem\"><span class=\"is--medium\">Volume r\u00e9frig\u00e9rateur :<\/span> 80,0 L<\/li>\n<li class=\"product-features__item-list__item\" role=\"listitem\"><span class=\"is--medium\">Froid du r\u00e9frig\u00e9rateur :<\/span> le froid statique permet de r\u00e9partir le froid de fa\u00e7on naturelle, chaque zone est d\u00e9di\u00e9e \u00e0 un type d&rsquo;aliment<\/li>\n<li class=\"product-features__item-list__item\" role=\"listitem\"><span class=\"is--medium\">D\u00e9givrage du r\u00e9frig\u00e9rateur :<\/span> manuel<\/li>\n<\/ul>\n<\/li>\n<li class=\"product-features__item\" role=\"listitem\">\n<h3 class=\"product-features__label\">Agencement<\/h3>\n<ul role=\"list\">\n<li class=\"product-features__item-list__item\" role=\"listitem\"><span class=\"is--medium\">Nombre de clayettes r\u00e9frig\u00e9rateur :<\/span> 3<\/li>\n<li class=\"product-features__item-list__item\" role=\"listitem\"><span class=\"is--medium\">Mati\u00e8re des clayettes :<\/span> aluminium<\/li>\n<li class=\"product-features__item-list__item\" role=\"listitem\"><span class=\"is--medium\">Clayette porte bouteille :<\/span> Non<\/li>\n<li class=\"product-features__item-list__item\" role=\"listitem\"><span class=\"is--medium\">Nombre de tiroirs dans le r\u00e9frig\u00e9rateur :<\/span> 0<\/li>\n<li class=\"product-features__item-list__item\" role=\"listitem\"><span class=\"is--medium\">Type d&rsquo;alimentation d&rsquo;eau :<\/span> ne poss\u00e8de pas cette fonction<\/li>\n<li class=\"product-features__item-list__item\" role=\"listitem\"><span class=\"is--medium\">N\u00e9cessite une arriv\u00e9e d&rsquo;eau :<\/span> non<\/li>\n<li class=\"product-features__item-list__item\" role=\"listitem\"><span class=\"is--medium\">Carafe d&rsquo;eau int\u00e9gr\u00e9e :<\/span> Non<\/li>\n<li class=\"product-features__item-list__item\" role=\"listitem\"><span class=\"is--medium\">Bac \/ tiroir XL dans le cong\u00e9lateur :<\/span> Non<\/li>\n<li class=\"product-features__item-list__item\" role=\"listitem\"><span class=\"is--medium\">Zone r\u00e9versible :<\/span> ne poss\u00e8de pas de zone r\u00e9versible<\/li>\n<li class=\"product-features__item-list__item\" role=\"listitem\"><span class=\"is--medium\">Panneau de commandes :<\/span> non concern\u00e9<\/li>\n<\/ul>\n<\/li>\n<li class=\"product-features__item\" role=\"listitem\">\n<h3 class=\"product-features__label\">Technologie<\/h3>\n<ul role=\"list\">\n<li class=\"product-features__item-list__item\" role=\"listitem\"><span class=\"is--medium\">Connectivit\u00e9 wifi :<\/span> non connect\u00e9<\/li>\n<\/ul>\n<\/li>\n<li class=\"product-features__item\" role=\"listitem\">\n<h3 class=\"product-features__label\">Consommation<\/h3>\n<ul role=\"list\">\n<li class=\"product-features__item-list__item\" role=\"listitem\"><span class=\"is--medium\">Co\u00fbt annuel d&rsquo;utilisation :<\/span> 18 euros<\/li>\n<li class=\"product-features__item-list__item\" role=\"listitem\"><span class=\"is--medium\">Consommation d&rsquo;\u00e9nergie annuelle :<\/span> 70 kWh\/an<\/li>\n<li class=\"product-features__item-list__item\" role=\"listitem\"><span class=\"is--medium\">Label \u00e9nergie :<\/span> E<\/li>\n<\/ul>\n<\/li>\n<li class=\"product-features__item\" role=\"listitem\">\n<h3 class=\"product-features__label\">Dimensions<\/h3>\n<ul role=\"list\">\n<li class=\"product-features__item-list__item\" role=\"listitem\"><span class=\"is--medium\">LxHxP :<\/span> 47.5 x 83 x 48 cm<\/li>\n<li class=\"product-features__item-list__item\" role=\"listitem\"><span class=\"is--medium\">Poids net :<\/span> 29 kg<\/li>\n<li class=\"product-features__item-list__item\" role=\"listitem\"><span class=\"is--medium\">Poids brut :<\/span> 29 kg<\/li>\n<\/ul>\n<\/li>\n<li class=\"product-features__item\" role=\"listitem\">\n<h3 class=\"product-features__label\">Informations compl\u00e9mentaires<\/h3>\n<ul role=\"list\">\n<li class=\"product-features__item-list__item\" role=\"listitem\"><span class=\"is--medium\">Disponibilit\u00e9 des pi\u00e8ces d\u00e9tach\u00e9es\u00a0 :<\/span> Non communiqu\u00e9e<\/li>\n<li class=\"product-features__item-list__item\" role=\"listitem\"><span class=\"is--medium\">Fabriqu\u00e9 en :<\/span> Chine<\/li>\n<\/ul>\n<\/li>\n<\/ul>\n<\/div>\n<div class=\"product__disclosure-content\">\n<div class=\"js-read-more product-description__content read-more read-more--truncated\" style=\"max-height: 500px; overflow: hidden;\" data-read-more-name=\"description\">\n<p>Bien refroidir, c&rsquo;est mieux : le <b>Klarstein<\/b> Beersafe XXL Crystal White est un <b><br \/>\nr\u00e9frig\u00e9rateur \u00e0 boissons<\/b> compact d&rsquo;une capacit\u00e9 de 80 litres.<\/p>\n<p>Trois \u00e9tag\u00e8res grillag\u00e9es en m\u00e9tal chrom\u00e9 offrent beaucoup d&rsquo;espace pour les aliments<br \/>\net les boissons. La porte en verre panoramique \u00e0 double isolation emp\u00eache le froid<br \/>\nd&rsquo;entrer et la chaleur de sortir. La fa\u00e7ade en acier inoxydable bross\u00e9 s&rsquo;harmonise<br \/>\nid\u00e9alement avec l&rsquo;int\u00e9rieur blanc. Un autre point fort est l&rsquo;\u00e9clairage int\u00e9rieur \u00e0<br \/>\nLED, qui donne au Beersafe XXL Crystal White la touche finale. La temp\u00e9rature de<br \/>\nrefroidissement est r\u00e9glable de mani\u00e8re pratique par molette sur 5 niveaux.<\/p>\n<p>Le <b>r\u00e9frig\u00e9rateur<\/b><b>Klarstein<\/b> Beersafe XXL Crystal White am\u00e8ne les boissons \u00e0 une<br \/>\ntemp\u00e9rature rafra\u00eechissante.<\/p>\n<p><b>Top Features:<\/b><\/p>\n<p>\u2022 <b>Clair comme du cristal :<\/b> r\u00e9frig\u00e9rateur \u00e0 boissons \u00e9l\u00e9gant avec porte en double<br \/>\nvitrage panoramique<b>Tr\u00e8s spacieux :<\/b> capacit\u00e9 de 80 litres <b>Haute qualit\u00e9 :<\/b> fa\u00e7ade et<br \/>\npoign\u00e9e en acier inoxydable<b>Attire le regard<\/b> : int\u00e9rieur blanc neige <b>Point fort :<\/b><br \/>\n\u00e9clairage int\u00e9rieur \u00e0 LED<\/p>\n<\/div>\n<\/div>\n<div class=\"product__disclosure-content\">\n<div class=\"js-read-more product-description__content read-more read-more--truncated\" style=\"max-height: 500px; overflow: hidden;\" data-read-more-name=\"description\">\n<p><b>Caract\u00e9ristiques:<\/b><\/p>\n<p>\u2022 Capacit\u00e9 : 80 litres<br \/>\n\u2022 Plage de refroidissement : 3 \u00e0 10 \u00b0C par paliers de 1 \u00b0C<br \/>\n\u2022 R\u00e9frig\u00e9rant : R600a<br \/>\n\u2022 Classe d&rsquo;efficacit\u00e9 \u00e9nerg\u00e9tique : G<br \/>\n\u2022 Niveau sonore : jusqu&rsquo;\u00e0 42 dB max.<br \/>\n\u2022 Temp\u00e9rature ambiante id\u00e9ale : 16 &#8211; 32 \u00b0C<br \/>\n\u2022 \u00c9clairage int\u00e9rieur LED blanc<br \/>\n\u2022 3 clayettes : utilisation flexible<br \/>\n\u2022 Pieds r\u00e9glables en hauteur pour compenser les in\u00e9galit\u00e9s du sol<br \/>\n\u2022 Installation : autonome<br \/>\n\u2022 Sens de fermeture de porte : vers la droite (non modifiable)<\/p>\n<p><b>Dimensions:<\/b><\/p>\n<p>\u2022 Dimensions : environ 47,5 x 83 x 48 cm (LxHxP)<br \/>\n\u2022 Dimensions int\u00e9rieures : environ 40 x 72,5 x 16,5-33 cm (LxHxP)<br \/>\n\u2022 Insert (grand) : environ 38,5 x 32 cm (LxP)<br \/>\n\u2022 Insert (petit) : environ 39 x 18 cm (LxP)<\/p>\n<\/div>\n<\/div>\n<div class=\"product__disclosure-content\">\n<div class=\"js-read-more product-description__content read-more read-more--truncated\" style=\"max-height: 500px; overflow: hidden;\" data-read-more-name=\"description\">\n<p>\u2022 Longueur du c\u00e2ble : environ 175 cm<br \/>\n\u2022 Poids : env. 29 kg<br \/>\n\u2022 Mat\u00e9riau du bo\u00eetier : plastique<br \/>\n\u2022 Mat\u00e9riau de la porte : verre et acier inoxydable<br \/>\n\u2022 Mat\u00e9riau de la clayette grillag\u00e9e : m\u00e9tal<br \/>\n\u2022 Alimentation : 220 &#8211; 240 V~ | 50\/60 Hz<\/p>\n<\/div>\n<p>&nbsp;<\/p>\n<\/div>","protected":false},"excerpt":{"rendered":"<div class=\"keypoints\">\n<h3 class=\"keypoints__title\">Les points cl\u00e9s<\/h3>\n<ul role=\"list\">\n<li class=\"keypoints__item\" role=\"listitem\">LxHxP : 47.5 x 83 x 48 cm<\/li>\n<li class=\"keypoints__item\" role=\"listitem\">Niveau sonore de 41dB &#8211; Label \u00e9nergie E<\/li>\n<li class=\"keypoints__item\" role=\"listitem\">Volume total : 80,0 L<\/li>\n<li class=\"keypoints__item\" role=\"listitem\">Frigo de : 80 L (id\u00e9al pour 1 personne)<\/li>\n<\/ul>\n<\/div>","protected":false},"featured_media":5790,"template":"","meta":{"_glsr_average":0,"_glsr_ranking":0,"_glsr_reviews":0},"product_cat":[178],"product_tag":[131,179,172],"class_list":{"0":"post-37196","1":"product","2":"type-product","3":"status-publish","4":"has-post-thumbnail","6":"product_cat-petit-refrigerateur","7":"product_tag-gros-electromenager","8":"product_tag-petit-refrigerateur","9":"product_tag-refrigerateur","11":"first","12":"instock","13":"sale","14":"shipping-taxable","15":"purchasable","16":"product-type-simple"},"_links":{"self":[{"href":"https:\/\/electromenagerexpress.com\/en\/wp-json\/wp\/v2\/product\/37196","targetHints":{"allow":["GET"]}}],"collection":[{"href":"https:\/\/electromenagerexpress.com\/en\/wp-json\/wp\/v2\/product"}],"about":[{"href":"https:\/\/electromenagerexpress.com\/en\/wp-json\/wp\/v2\/types\/product"}],"wp:featuredmedia":[{"embeddable":true,"href":"https:\/\/electromenagerexpress.com\/en\/wp-json\/wp\/v2\/media\/5790"}],"wp:attachment":[{"href":"https:\/\/electromenagerexpress.com\/en\/wp-json\/wp\/v2\/media?parent=37196"}],"wp:term":[{"taxonomy":"product_cat","embeddable":true,"href":"https:\/\/electromenagerexpress.com\/en\/wp-json\/wp\/v2\/product_cat?post=37196"},{"taxonomy":"product_tag","embeddable":true,"href":"https:\/\/electromenagerexpress.com\/en\/wp-json\/wp\/v2\/product_tag?post=37196"}],"curies":[{"name":"wp","href":"https:\/\/api.w.org\/{rel}","templated":true}]}}