{"id":37178,"date":"2024-11-21T13:03:09","date_gmt":"2024-11-21T13:03:09","guid":{"rendered":"https:\/\/electromenagerexpress.com\/product\/refrigerateur-prol2gaw-rcx400\/"},"modified":"2025-01-13T10:57:49","modified_gmt":"2025-01-13T10:57:49","slug":"refrigerateur-prol2gaw-rcx400","status":"publish","type":"product","link":"https:\/\/electromenagerexpress.com\/en\/product\/refrigerateur-prol2gaw-rcx400\/","title":{"rendered":"R\u00e9frig\u00e9rateur pro\tL2G\tAW-RCX400"},"content":{"rendered":"<div class=\"product-features__content\">\n<p>&nbsp;<\/p>\n<ul role=\"list\">\n<li class=\"product-features__item\" role=\"listitem\">\n<h3 class=\"product-features__label\">Caract\u00e9ristiques g\u00e9n\u00e9rales<\/h3>\n<ul role=\"list\">\n<li class=\"product-features__item-list__item\" role=\"listitem\"><span class=\"is--medium\">Type d&rsquo;appareil :<\/span> R\u00e9frig\u00e9rateur pro<\/li>\n<li class=\"product-features__item-list__item\" role=\"listitem\"><span class=\"is--medium\">Type d&rsquo;installation :<\/span> A poser<\/li>\n<li class=\"product-features__item-list__item\" role=\"listitem\"><span class=\"is--medium\">Alarme d&rsquo;ouverture de porte :<\/span> Non<\/li>\n<li class=\"product-features__item-list__item\" role=\"listitem\"><span class=\"is--medium\">Classe climatique :<\/span> SN (de 10\u00b0C \u00e0 32\u00b0C)<\/li>\n<\/ul>\n<\/li>\n<li class=\"product-features__item\" role=\"listitem\">\n<h3 class=\"product-features__label\">R\u00e9frig\u00e9rateur<\/h3>\n<ul role=\"list\">\n<li class=\"product-features__item-list__item\" role=\"listitem\"><span class=\"is--medium\">Volume utile :<\/span> 400<\/li>\n<li class=\"product-features__item-list__item\" role=\"listitem\"><span class=\"is--medium\">Froid du r\u00e9frig\u00e9rateur :<\/span> ventil\u00e9 (no frost)<\/li>\n<\/ul>\n<\/li>\n<li class=\"product-features__item\" role=\"listitem\">\n<h3 class=\"product-features__label\">Cong\u00e9lateur<\/h3>\n<ul role=\"list\">\n<li class=\"product-features__item-list__item\" role=\"listitem\"><span class=\"is--medium\">Volume utile :<\/span> 400<\/li>\n<li class=\"product-features__item-list__item\" role=\"listitem\"><span class=\"is--medium\">Froid du cong\u00e9lateur :<\/span> ventil\u00e9 (no frost)<\/li>\n<\/ul>\n<\/li>\n<li class=\"product-features__item\" role=\"listitem\">\n<h3 class=\"product-features__label\">Consommation<\/h3>\n<ul role=\"list\">\n<li class=\"product-features__item-list__item\" role=\"listitem\"><span class=\"is--medium\">Classe \u00e9nerg\u00e9tique :<\/span> B<\/li>\n<li class=\"product-features__item-list__item\" role=\"listitem\"><span class=\"is--medium\">Consommation d&rsquo;\u00e9nergie annuelle (kW\/an) :<\/span> 1<\/li>\n<li class=\"product-features__item-list__item\" role=\"listitem\"><span class=\"is--medium\">Co\u00fbt unitaire en \u00e9l\u00e9ctricit\u00e9 :<\/span> 0.2516<\/li>\n<li class=\"product-features__item-list__item\" role=\"listitem\"><span class=\"is--medium\">Co\u00fbt annuel d&rsquo;utilisation :<\/span> 0<\/li>\n<\/ul>\n<\/li>\n<li class=\"product-features__item\" role=\"listitem\">\n<h3 class=\"product-features__label\">Confort<\/h3>\n<ul role=\"list\">\n<li class=\"product-features__item-list__item\" role=\"listitem\"><span class=\"is--medium\">Niveau sonore (dB) :<\/span> 1<\/li>\n<\/ul>\n<\/li>\n<li class=\"product-features__item\" role=\"listitem\">\n<h3 class=\"product-features__label\">Dimensions<\/h3>\n<ul role=\"list\">\n<li class=\"product-features__item-list__item\" role=\"listitem\"><span class=\"is--medium\">L x H x P :<\/span> NC x 185.4 x 59.5 cm<\/li>\n<li class=\"product-features__item-list__item\" role=\"listitem\"><span class=\"is--medium\">Poids Net (kg) :<\/span> 69<\/li>\n<\/ul>\n<\/li>\n<li class=\"product-features__item\" role=\"listitem\">\n<h3 class=\"product-features__label\">Informations compl\u00e9mentaires<\/h3>\n<ul role=\"list\">\n<li class=\"product-features__item-list__item\" role=\"listitem\"><span class=\"is--medium\">Disponibilit\u00e9 des pi\u00e8ces d\u00e9tach\u00e9es\u00a0 :<\/span> Non communiqu\u00e9e<\/li>\n<li class=\"product-features__item-list__item\" role=\"listitem\"><span class=\"is--medium\">Fabriqu\u00e9 en :<\/span> UE<\/li>\n<li class=\"product-features__item-list__item\" role=\"listitem\"><span class=\"is--medium\">R\u00e9f\u00e9rence constructeur :<\/span> AW-RCX400<\/li>\n<li class=\"product-features__item-list__item\" role=\"listitem\"><span class=\"is--medium\">Marque :<\/span> L2G<\/li>\n<\/ul>\n<\/li>\n<\/ul>\n<\/div>\n<div class=\"product__disclosure-content\">\n<div class=\"js-read-more product-description__content\" style=\"max-height: 500px; overflow: hidden;\" data-read-more-name=\"description\">\n<p>Armoire r\u00e9frig\u00e9r\u00e9e positive de 400 litres, ext\u00e9rieur inox et int\u00e9rieur ABS avec glissi\u00e8res moul\u00e9es. R\u00e9frig\u00e9ration ventil\u00e9e, +2\u00b0C\/+8\u00b0C \u00e0 32\u00b0C, avec fermeture \u00e0 cl\u00e9. 3 + 1 clayettes. Top rapport qualit\u00e9 prix pour cette armoire positive en inox \u00e0 froid ventil\u00e9 et gaz r\u00e9frig\u00e9rant Eco Responsable R600A. Roulettes arri\u00e8re et v\u00e9rins de r\u00e9glage avant. D\u00e9givrage automatique. Thermostat digital ELITECH. Gaz r\u00e9frig\u00e9rant : R600a Marque : L2G | Dimensions (L x P x H) mm : 600 x 595 x 1.854Tension : 230V MONOPuissance : 0.185 KwPoids net : 69 kgArmoire r\u00e9frig\u00e9r\u00e9e positive de 400 litres,Ext\u00e9rieur inox et int\u00e9rieur ABS avec glissi\u00e8res moul\u00e9es. R\u00e9frig\u00e9ration ventil\u00e9e, +2\u00b0C\/+8\u00b0C \u00e0 32\u00b0C, avec fermeture \u00e0 cl\u00e9. 3 + 1 clayettes.Top rapport qualit\u00e9 prix pour cette armoire positive en inox \u00e0 froid ventil\u00e9Roulettes arri\u00e8re et v\u00e9rins de r\u00e9glage avant. D\u00e9givrage automatique. Thermostat digital ELITECH. Gaz r\u00e9frig\u00e9rant : R600aMarque : L2G<\/p>\n<\/div>\n<p>&nbsp;<\/p>\n<\/div>","protected":false},"excerpt":{"rendered":"<div class=\"keypoints\">\n<h3 class=\"keypoints__title\">Les points cl\u00e9s<\/h3>\n<ul role=\"list\">\n<li class=\"keypoints__item\" role=\"listitem\">Classe climatique : SN (de 10\u00b0C \u00e0 32\u00b0C)<\/li>\n<li class=\"keypoints__item\" role=\"listitem\">Classe \u00e9nerg\u00e9tique : B<\/li>\n<li class=\"keypoints__item\" role=\"listitem\">L x H x P : NC x 185.4 x 59.5 cm<\/li>\n<\/ul>\n<\/div>","protected":false},"featured_media":5539,"template":"","meta":{"_glsr_average":0,"_glsr_ranking":0,"_glsr_reviews":0},"product_cat":[198],"product_tag":[131,199],"class_list":{"0":"post-37178","1":"product","2":"type-product","3":"status-publish","4":"has-post-thumbnail","6":"product_cat-gros-electromenager-professionnel","7":"product_tag-gros-electromenager","8":"product_tag-gros-electromenager-professionnel","10":"first","11":"instock","12":"sale","13":"shipping-taxable","14":"purchasable","15":"product-type-simple"},"_links":{"self":[{"href":"https:\/\/electromenagerexpress.com\/en\/wp-json\/wp\/v2\/product\/37178","targetHints":{"allow":["GET"]}}],"collection":[{"href":"https:\/\/electromenagerexpress.com\/en\/wp-json\/wp\/v2\/product"}],"about":[{"href":"https:\/\/electromenagerexpress.com\/en\/wp-json\/wp\/v2\/types\/product"}],"wp:featuredmedia":[{"embeddable":true,"href":"https:\/\/electromenagerexpress.com\/en\/wp-json\/wp\/v2\/media\/5539"}],"wp:attachment":[{"href":"https:\/\/electromenagerexpress.com\/en\/wp-json\/wp\/v2\/media?parent=37178"}],"wp:term":[{"taxonomy":"product_cat","embeddable":true,"href":"https:\/\/electromenagerexpress.com\/en\/wp-json\/wp\/v2\/product_cat?post=37178"},{"taxonomy":"product_tag","embeddable":true,"href":"https:\/\/electromenagerexpress.com\/en\/wp-json\/wp\/v2\/product_tag?post=37178"}],"curies":[{"name":"wp","href":"https:\/\/api.w.org\/{rel}","templated":true}]}}