{"id":37165,"date":"2024-11-21T13:02:35","date_gmt":"2024-11-21T13:02:35","guid":{"rendered":"https:\/\/electromenagerexpress.com\/product\/l2grj-360\/"},"modified":"2024-11-21T13:02:35","modified_gmt":"2024-11-21T13:02:35","slug":"l2grj-360","status":"publish","type":"product","link":"https:\/\/electromenagerexpress.com\/en\/product\/l2grj-360\/","title":{"rendered":"L2G\t\t\t\tRJ-360"},"content":{"rendered":"<div class=\"product-features__content\">\n<ul role=\"list\">\n<li class=\"product-features__item\" role=\"listitem\">\n<h3 class=\"product-features__label\">Consommation<\/h3>\n<ul role=\"list\">\n<li class=\"product-features__item-list__item\" role=\"listitem\"><span class=\"is--medium\">Co\u00fbt unitaire en \u00e9l\u00e9ctricit\u00e9 :<\/span> 0.2516\t\t\t\t\t<\/li>\n<\/ul>\n<\/li>\n<li class=\"product-features__item\" role=\"listitem\">\n<h3 class=\"product-features__label\">Informations compl\u00e9mentaires<\/h3>\n<ul role=\"list\">\n<li class=\"product-features__item-list__item\" role=\"listitem\"><span class=\"is--medium\">Disponibilit\u00e9 des pi\u00e8ces d\u00e9tach\u00e9es (donn\u00e9es fournisseur) :<\/span> Non communiqu\u00e9e\t\t\t\t\t<\/li>\n<li class=\"product-features__item-list__item\" role=\"listitem\"><span class=\"is--medium\">Fabriqu\u00e9 en :<\/span> Europe\t\t\t\t\t<\/li>\n<li class=\"product-features__item-list__item\" role=\"listitem\"><span class=\"is--medium\">R\u00e9f\u00e9rence constructeur :<\/span> RJ-360\t\t\t\t\t<\/li>\n<li class=\"product-features__item-list__item\" role=\"listitem\"><span class=\"is--medium\">Marque :<\/span> L2G\t\t\t\t\t<\/li>\n<\/ul>\n<\/li>\n<\/ul>\n<\/div>\n<div class=\"product__disclosure-content\">\n<div class=\"js-read-more product-description__content\" data-read-more-name=\"description\" style=\"max-height: 500px; overflow: hidden;\">\n<p>Vitrine a boissons r\u00e9frig\u00e9r\u00e9e avec une 1 porte battante  | Construction ext\u00e9rieure inox, peinte en noir, int\u00e9rieur ABS peint en noir Porte avec serrure5 clayettes ajustables en hauteur2 pieds ajustables en hauteur \u00e0 l&rsquo;avant, 2 roulettes pivotante \u00e0 l&rsquo;arri\u00e8reRefroidissement statique, avec ventilateur int\u00e9gr\u00e9 0\/+10\u2103Eclairage interne LEDContr\u00f4le de la temp\u00e9rature analogiqueD\u00e9givrage automatique<\/p>\n<\/div>\n<\/div>","protected":false},"excerpt":{"rendered":"<p>None<\/p>","protected":false},"featured_media":5423,"template":"","meta":{"_glsr_average":0,"_glsr_ranking":0,"_glsr_reviews":0},"product_cat":[198],"product_tag":[131,199],"class_list":{"0":"post-37165","1":"product","2":"type-product","3":"status-publish","4":"has-post-thumbnail","6":"product_cat-gros-electromenager-professionnel","7":"product_tag-gros-electromenager","8":"product_tag-gros-electromenager-professionnel","10":"first","11":"instock","12":"sale","13":"shipping-taxable","14":"purchasable","15":"product-type-simple"},"_links":{"self":[{"href":"https:\/\/electromenagerexpress.com\/en\/wp-json\/wp\/v2\/product\/37165","targetHints":{"allow":["GET"]}}],"collection":[{"href":"https:\/\/electromenagerexpress.com\/en\/wp-json\/wp\/v2\/product"}],"about":[{"href":"https:\/\/electromenagerexpress.com\/en\/wp-json\/wp\/v2\/types\/product"}],"wp:featuredmedia":[{"embeddable":true,"href":"https:\/\/electromenagerexpress.com\/en\/wp-json\/wp\/v2\/media\/5423"}],"wp:attachment":[{"href":"https:\/\/electromenagerexpress.com\/en\/wp-json\/wp\/v2\/media?parent=37165"}],"wp:term":[{"taxonomy":"product_cat","embeddable":true,"href":"https:\/\/electromenagerexpress.com\/en\/wp-json\/wp\/v2\/product_cat?post=37165"},{"taxonomy":"product_tag","embeddable":true,"href":"https:\/\/electromenagerexpress.com\/en\/wp-json\/wp\/v2\/product_tag?post=37165"}],"curies":[{"name":"wp","href":"https:\/\/api.w.org\/{rel}","templated":true}]}}