{"id":36997,"date":"2024-11-21T11:00:26","date_gmt":"2024-11-21T11:00:26","guid":{"rendered":"https:\/\/electromenagerexpress.com\/product\/refrigerateur-1-porte-encastrable-smegs8c1721e\/"},"modified":"2024-11-21T11:00:28","modified_gmt":"2024-11-21T11:00:28","slug":"refrigerateur-1-porte-encastrable-smegs8c1721e","status":"publish","type":"product","link":"https:\/\/electromenagerexpress.com\/en\/product\/refrigerateur-1-porte-encastrable-smegs8c1721e\/","title":{"rendered":"R\u00e9frig\u00e9rateur 1 porte encastrable \t\t\t\t\t\t\tSMEG\t\t\t\tS8C1721E"},"content":{"rendered":"<div class=\"product-features__content\">\n<ul role=\"list\">\n<li class=\"product-features__item\" role=\"listitem\">\n<h3 class=\"product-features__label\">Nos services de livraison<\/h3>\n<ul role=\"list\">\n<li class=\"product-features__item-list__item\" role=\"listitem\"><span class=\"is--medium\">Livraison et reprise de votre ancien appareil offerts \u00e0 partir de 379 \u20ac :<\/span> <a href=\"https:\/\/www.boulanger.com\/evenement\/livraison-domicile\"> en sa<\/a><\/li>\n<\/ul>\n<\/li>\n<li class=\"product-features__item\" role=\"listitem\">\n<h3 class=\"product-features__label\">Type de r\u00e9frig\u00e9rateur<\/h3>\n<ul role=\"list\">\n<li class=\"product-features__item-list__item\" role=\"listitem\"><span class=\"is--medium\">Format :<\/span> 1 porte\t\t\t\t\t<\/li>\n<li class=\"product-features__item-list__item\" role=\"listitem\"><span class=\"is--medium\">Volume total :<\/span> 282,0 L\t\t\t\t\t<\/li>\n<li class=\"product-features__item-list__item\" role=\"listitem\"><span class=\"is--medium\">Niveau sonore :<\/span> ultra silencieux (32 db)\t\t\t\t\t<\/li>\n<li class=\"product-features__item-list__item\" role=\"listitem\"><span class=\"is--medium\">Classe d&rsquo;\u00e9mission de bruit acoustique dans l&rsquo;air :<\/span> B\t\t\t\t\t<\/li>\n<li class=\"product-features__item-list__item\" role=\"listitem\"><span class=\"is--medium\">Couleur du produit :<\/span> blanc\t\t\t\t\t<\/li>\n<li class=\"product-features__item-list__item\" role=\"listitem\"><span class=\"is--medium\">Rev\u00eatement ext\u00e9rieur de la porte :<\/span> acier\t\t\t\t\t<\/li>\n<\/ul>\n<\/li>\n<li class=\"product-features__item\" role=\"listitem\">\n<h3 class=\"product-features__label\">Type d&rsquo;installation<\/h3>\n<ul role=\"list\">\n<li class=\"product-features__item-list__item\" role=\"listitem\"><span class=\"is--medium\">Pose de l&rsquo;appareil :<\/span> int\u00e9grable, pour l&rsquo;encastrer dans une niche et l&rsquo;habiller d&rsquo;une porte assortie aux meubles de cuisine\t\t\t\t\t<\/li>\n<li class=\"product-features__item-list__item\" role=\"listitem\"><span class=\"is--medium\">Porte d&rsquo;habillage :<\/span> non incluse, il faut venir fixer la porte de votre cuisine \u00e9quip\u00e9e\t\t\t\t\t<\/li>\n<li class=\"product-features__item-list__item\" role=\"listitem\"><span class=\"is--medium\">Installation :<\/span> porte sans d\u00e9bord, le r\u00e9frig\u00e9rateur peut \u00eatre install\u00e9 contre le mur\t\t\t\t\t<\/li>\n<li class=\"product-features__item-list__item\" role=\"listitem\"><span class=\"is--medium\">Type de porte :<\/span> \u00e0 glissi\u00e8re, la porte d&rsquo;habillage est fix\u00e9e au meuble et suit le mouvement de la porte de l&rsquo;appareil. Avec ce syst\u00e8me de porte coulissante, le panneau avant et la porte du r\u00e9frig\u00e9rateur ont leur propres charni\u00e8res. La porte s&rsquo;ouvre en coulissant sur les glissi\u00e8res\t\t\t\t\t<\/li>\n<li class=\"product-features__item-list__item\" role=\"listitem\"><span class=\"is--medium\">Sens d&rsquo;ouverture de la porte :<\/span> fixation \u00e0 droite r\u00e9versible\t\t\t\t\t<\/li>\n<li class=\"product-features__item-list__item\" role=\"listitem\"><span class=\"is--medium\">Classe climatique :<\/span> la classe climatique SN-T,ou classe tropicale \u00e9largie (de 10\u00b0C \u00e0 43 C ), permet un fonctionnement optimum dans des pi\u00e8ces \u00e0 temp\u00e9ratures basses ou \u00e9lev\u00e9es. Id\u00e9ale pour une installation dans un garage, une v\u00e9randa ou une cave\t\t\t\t\t<\/li>\n<li class=\"product-features__item-list__item\" role=\"listitem\"><span class=\"is--medium\">Service d&rsquo;installation de l&rsquo;habillage :<\/span> non inclus dans la livraison &#8211; disponible \u00e0 partir de 119\u20ac (hors produits marketplace). <a href=\"https:\/\/www.boulanger.com\/evenement\/installation-encastrable\" target=\"_blank\">En sa<\/a><\/li>\n<\/ul>\n<\/li>\n<li class=\"product-features__item\" role=\"listitem\">\n<h3 class=\"product-features__label\">R\u00e9frig\u00e9rateur<\/h3>\n<ul role=\"list\">\n<li class=\"product-features__item-list__item\" role=\"listitem\"><span class=\"is--medium\">Volume r\u00e9frig\u00e9rateur :<\/span> 260,0 L\t\t\t\t\t<\/li>\n<li class=\"product-features__item-list__item\" role=\"listitem\"><span class=\"is--medium\">Froid du r\u00e9frig\u00e9rateur :<\/span> le froid brass\u00e9 permet de r\u00e9partir le froid de mani\u00e8re homog\u00e8ne avec une humidit\u00e9 id\u00e9ale pour les produits frais\t\t\t\t\t<\/li>\n<li class=\"product-features__item-list__item\" role=\"listitem\"><span class=\"is--medium\">D\u00e9givrage du r\u00e9frig\u00e9rateur :<\/span> automatique\t\t\t\t\t<\/li>\n<li class=\"product-features__item-list__item\" role=\"listitem\"><span class=\"is--medium\">Type de thermostat :<\/span> \u00e9lectronique, permet un r\u00e9glage pr\u00e9cis de la temp\u00e9rature du r\u00e9frig\u00e9rateur. Esth\u00e9tique, intuitif et nettoyage facile\t\t\t\t\t<\/li>\n<\/ul>\n<\/li>\n<li class=\"product-features__item\" role=\"listitem\">\n<h3 class=\"product-features__label\">Cong\u00e9lateur<\/h3>\n<ul role=\"list\">\n<li class=\"product-features__item-list__item\" role=\"listitem\"><span class=\"is--medium\">Volume du cong\u00e9lateur :<\/span> 22 L\t\t\t\t\t<\/li>\n<li class=\"product-features__item-list__item\" role=\"listitem\"><span class=\"is--medium\">D\u00e9givrage du cong\u00e9lateur :<\/span> manuel\t\t\t\t\t<\/li>\n<li class=\"product-features__item-list__item\" role=\"listitem\"><span class=\"is--medium\">Pouvoir de cong\u00e9lation :<\/span> 5kg \/ 24h\t\t\t\t\t<\/li>\n<li class=\"product-features__item-list__item\" role=\"listitem\"><span class=\"is--medium\">Le saviez-vous ? :<\/span> plus la capacit\u00e9 de cong\u00e9lation est importante, plus le cong\u00e9lateur cong\u00e8le rapidement les aliments. Les aliments frais se conserveront plus longtemps, et garderont mieux toutes leurs saveurs et nutriments.\t\t\t\t\t<\/li>\n<li class=\"product-features__item-list__item\" role=\"listitem\"><span class=\"is--medium\">Autonomie en cas de coupure de courant :<\/span> 14h\t\t\t\t\t<\/li>\n<\/ul>\n<\/li>\n<li class=\"product-features__item\" role=\"listitem\">\n<h3 class=\"product-features__label\">Agencement<\/h3>\n<ul role=\"list\">\n<li class=\"product-features__item-list__item\" role=\"listitem\"><span class=\"is--medium\">Nombre de clayettes r\u00e9frig\u00e9rateur :<\/span> 4\t\t\t\t\t<\/li>\n<li class=\"product-features__item-list__item\" role=\"listitem\"><span class=\"is--medium\">Mati\u00e8re des clayettes :<\/span> verre\t\t\t\t\t<\/li>\n<li class=\"product-features__item-list__item\" role=\"listitem\"><span class=\"is--medium\">Clayette porte bouteille :<\/span> Non\t\t\t\t\t<\/li>\n<li class=\"product-features__item-list__item\" role=\"listitem\"><span class=\"is--medium\">Nombre de tiroirs dans le r\u00e9frig\u00e9rateur :<\/span> 1\t\t\t\t\t<\/li>\n<li class=\"product-features__item-list__item\" role=\"listitem\"><span class=\"is--medium\">Type d&rsquo;alimentation d&rsquo;eau :<\/span> ne poss\u00e8de pas cette fonction\t\t\t\t\t<\/li>\n<li class=\"product-features__item-list__item\" role=\"listitem\"><span class=\"is--medium\">N\u00e9cessite une arriv\u00e9e d&rsquo;eau :<\/span> non\t\t\t\t\t<\/li>\n<li class=\"product-features__item-list__item\" role=\"listitem\"><span class=\"is--medium\">Carafe d&rsquo;eau int\u00e9gr\u00e9e :<\/span> Non\t\t\t\t\t<\/li>\n<li class=\"product-features__item-list__item\" role=\"listitem\"><span class=\"is--medium\">Bac \/ tiroir XL dans le cong\u00e9lateur :<\/span> Non\t\t\t\t\t<\/li>\n<li class=\"product-features__item-list__item\" role=\"listitem\"><span class=\"is--medium\">Zone r\u00e9versible :<\/span> ne poss\u00e8de pas de zone r\u00e9versible\t\t\t\t\t<\/li>\n<li class=\"product-features__item-list__item\" role=\"listitem\"><span class=\"is--medium\">Panneau de commandes :<\/span> int\u00e9rieur tactile\t\t\t\t\t<\/li>\n<li class=\"product-features__item-list__item\" role=\"listitem\"><span class=\"is--medium\">Alarme d&rsquo;ouverture de porte :<\/span> permet de signaler une ouverture accidentelle de la porte pour \u00e9viter la d\u00e9perdition de froid\t\t\t\t\t<\/li>\n<li class=\"product-features__item-list__item\" role=\"listitem\"><span class=\"is--medium\">Eclairage :<\/span> LED\t\t\t\t\t<\/li>\n<\/ul>\n<\/li>\n<li class=\"product-features__item\" role=\"listitem\">\n<h3 class=\"product-features__label\">Conservation<\/h3>\n<ul role=\"list\">\n<li class=\"product-features__item-list__item\" role=\"listitem\"><span class=\"is--medium\">Zone fra\u00eecheur pour les fruits et l\u00e9gumes :<\/span> oui, la ma\u00eetrise du taux d&rsquo;humidit\u00e9 dans le compartiment permet une conservation parfaite des fruits et l\u00e9gumes\t\t\t\t\t<\/li>\n<li class=\"product-features__item-list__item\" role=\"listitem\"><span class=\"is--medium\">Fonction r\u00e9frig\u00e9ration rapide :<\/span> oui, la r\u00e9frig\u00e9ration rapide permet d&rsquo;acc\u00e9l\u00e9rer la baisse de la temp\u00e9rature dans votre r\u00e9frig\u00e9rateur pour refroidir les aliments dans un d\u00e9lai tr\u00e8s court pour conserver saveurs et nutriments\t\t\t\t\t<\/li>\n<li class=\"product-features__item-list__item\" role=\"listitem\"><span class=\"is--medium\">Fonction cong\u00e9lation rapide :<\/span> oui, elle permet d&rsquo;acc\u00e9l\u00e9rer la baisse de la temp\u00e9rature pour congeler rapidement les aliments en conservant leurs saveurs et nutriments\t\t\t\t\t<\/li>\n<\/ul>\n<\/li>\n<li class=\"product-features__item\" role=\"listitem\">\n<h3 class=\"product-features__label\">Technologie<\/h3>\n<ul role=\"list\">\n<li class=\"product-features__item-list__item\" role=\"listitem\"><span class=\"is--medium\">Connectivit\u00e9 wifi :<\/span> non connect\u00e9\t\t\t\t\t<\/li>\n<\/ul>\n<\/li>\n<li class=\"product-features__item\" role=\"listitem\">\n<h3 class=\"product-features__label\">Consommation<\/h3>\n<ul role=\"list\">\n<li class=\"product-features__item-list__item\" role=\"listitem\"><span class=\"is--medium\">Nous avons calcul\u00e9 pour vous :<\/span> Boulanger se base sur une moyenne du co\u00fbt unitaire de 0,2276 \u20ac\/ KWh pour l&rsquo;\u00e9lectricit\u00e9 au tarif bleu EDF d&rsquo;un contrat de 6kVa\t\t\t\t\t<\/li>\n<li class=\"product-features__item-list__item\" role=\"listitem\"><span class=\"is--medium\">Co\u00fbt annuel d&rsquo;utilisation :<\/span> 42 euros\t\t\t\t\t<\/li>\n<li class=\"product-features__item-list__item\" role=\"listitem\"><span class=\"is--medium\">Consommation d&rsquo;\u00e9nergie annuelle :<\/span> 165 kWh\/an\t\t\t\t\t<\/li>\n<li class=\"product-features__item-list__item\" role=\"listitem\"><span class=\"is--medium\">Label \u00e9nergie :<\/span> E\t\t\t\t\t<\/li>\n<li class=\"product-features__item-list__item\" role=\"listitem\"><span class=\"is--medium\">Economie d&rsquo;\u00e9nergie :<\/span> un changement de classe \u00e9nerg\u00e9tique repr\u00e9sente environ 16% d&rsquo;\u00e9conomie sur votre consommation d&rsquo;\u00e9nergie <a href=\"https:\/\/boulanger.scene7.com\/is\/content\/Boulanger\/1.Produit\/Fiches%20techniques\/depliant-nouvelle-etiquette-energie.pdf\" target=\"_blank\">Source ADEME<\/a><\/li>\n<\/ul>\n<\/li>\n<li class=\"product-features__item\" role=\"listitem\">\n<h3 class=\"product-features__label\">Dimensions<\/h3>\n<ul role=\"list\">\n<li class=\"product-features__item-list__item\" role=\"listitem\"><span class=\"is--medium\">LxHxP :<\/span> 54.8 x 177.2 x 54.9 cm\t\t\t\t\t<\/li>\n<li class=\"product-features__item-list__item\" role=\"listitem\"><span class=\"is--medium\">Dimensions d&rsquo;encastrement l x h x p :<\/span> 56 x 178 x 55 cm\t\t\t\t\t<\/li>\n<li class=\"product-features__item-list__item\" role=\"listitem\"><span class=\"is--medium\">Poids net :<\/span> 55 kg\t\t\t\t\t<\/li>\n<li class=\"product-features__item-list__item\" role=\"listitem\"><span class=\"is--medium\">Poids brut :<\/span> 57 kg\t\t\t\t\t<\/li>\n<\/ul>\n<\/li>\n<li class=\"product-features__item\" role=\"listitem\">\n<h3 class=\"product-features__label\">Informations compl\u00e9mentaires<\/h3>\n<ul role=\"list\">\n<li class=\"product-features__item-list__item\" role=\"listitem\"><span class=\"is--medium\">Garantie :<\/span> 2 ans\t\t\t\t\t<\/li>\n<li class=\"product-features__item-list__item\" role=\"listitem\"><span class=\"is--medium\">Disponibilit\u00e9 des pi\u00e8ces d\u00e9tach\u00e9es (donn\u00e9es fournisseur) :<\/span> Pendant 10 ans, \u00e0 compter de la date d&rsquo;achat\t\t\t\t\t<\/li>\n<li class=\"product-features__item-list__item\" role=\"listitem\"><span class=\"is--medium\">Fabriqu\u00e9 en :<\/span> Italie\t\t\t\t\t<\/li>\n<\/ul>\n<\/li>\n<li class=\"product-features__item\" role=\"listitem\">\n<h3 class=\"product-features__label\">Nos conseils<\/h3>\n<ul role=\"list\">\n<li class=\"product-features__item-list__item\" role=\"listitem\"><span class=\"is--medium\">Guides et tutoriels d&rsquo;entretiens :<\/span> D\u00e9couvrez nos conseils et \u00e9co-gestes pour entretenir votre r\u00e9frig\u00e9rateur <a href=\"https:\/\/www.boulanger.com\/evenement\/guide-entretien-refrigerateur\" target=\"_blank\">en sa<\/a><\/li>\n<\/ul>\n<\/li>\n<li class=\"product-features__item\" role=\"listitem\">\n<h3 class=\"product-features__label\">Boulanger INFINITY<\/h3>\n<ul role=\"list\">\n<li class=\"product-features__item-list__item\" role=\"listitem\"><span class=\"is--medium\">R\u00e9parez en illimit\u00e9* vos appareils achet\u00e9s chez Boulanger ou ailleurs (*conditions d\u00e9taill\u00e9es dans la notice d&rsquo;information de la garantie Boulanger INFINITY) :<\/span> <a href=\"http:\/\/www.boulanger.com\/evenement\/boulanger-infinity\" target=\"_blank\">en sa<\/a><\/li>\n<\/ul>\n<\/li>\n<\/ul>\n<\/div>","protected":false},"excerpt":{"rendered":"<div class=\"keypoints\">\n<h3 class=\"keypoints__title\">Les points cl\u00e9s<\/h3>\n<ul role=\"list\">\n<li class=\"keypoints__item\" role=\"listitem\">                                        LxHxP : 54.8 x 177.2 x 54.9 cm                      <\/li>\n<li class=\"keypoints__item\" role=\"listitem\">                          Silencieux (32dB) &#8211;                                                      Label \u00e9nergie E                      <\/li>\n<li class=\"keypoints__item\" role=\"listitem\">                          Volume total : 282,0 L &#8211;                                                      D\u00e9givrage manuel du cong\u00e9lateur                      <\/li>\n<li class=\"keypoints__item\" role=\"listitem\">                          Frigo de : 260 L (id\u00e9al pour 3 personnes) &#8211;                                                      cong\u00e9lateur de 22L                      <\/li>\n<li class=\"keypoints__item keypoints__item--advantage\" role=\"listitem\"><strong>Le + :<\/strong> La fonction cong\u00e9lation rapide qui permet de congeler de grandes quantit\u00e9s d&rsquo;aliments frais      <\/li>\n<\/ul>","protected":false},"featured_media":3737,"template":"","meta":{"_glsr_average":0,"_glsr_ranking":0,"_glsr_reviews":0},"product_cat":[176],"product_tag":[131,172,177],"class_list":{"0":"post-36997","1":"product","2":"type-product","3":"status-publish","4":"has-post-thumbnail","6":"product_cat-refrigerateur-encastrable","7":"product_tag-gros-electromenager","8":"product_tag-refrigerateur","9":"product_tag-refrigerateur-encastrable","11":"first","12":"instock","13":"sale","14":"shipping-taxable","15":"purchasable","16":"product-type-simple"},"_links":{"self":[{"href":"https:\/\/electromenagerexpress.com\/en\/wp-json\/wp\/v2\/product\/36997","targetHints":{"allow":["GET"]}}],"collection":[{"href":"https:\/\/electromenagerexpress.com\/en\/wp-json\/wp\/v2\/product"}],"about":[{"href":"https:\/\/electromenagerexpress.com\/en\/wp-json\/wp\/v2\/types\/product"}],"wp:featuredmedia":[{"embeddable":true,"href":"https:\/\/electromenagerexpress.com\/en\/wp-json\/wp\/v2\/media\/3737"}],"wp:attachment":[{"href":"https:\/\/electromenagerexpress.com\/en\/wp-json\/wp\/v2\/media?parent=36997"}],"wp:term":[{"taxonomy":"product_cat","embeddable":true,"href":"https:\/\/electromenagerexpress.com\/en\/wp-json\/wp\/v2\/product_cat?post=36997"},{"taxonomy":"product_tag","embeddable":true,"href":"https:\/\/electromenagerexpress.com\/en\/wp-json\/wp\/v2\/product_tag?post=36997"}],"curies":[{"name":"wp","href":"https:\/\/api.w.org\/{rel}","templated":true}]}}