{"id":36921,"date":"2024-11-21T10:56:42","date_gmt":"2024-11-21T10:56:42","guid":{"rendered":"https:\/\/electromenagerexpress.com\/product\/refrigerateur-americainsamsung-rh65dg54r3b1\/"},"modified":"2025-03-06T07:52:58","modified_gmt":"2025-03-06T07:52:58","slug":"refrigerateur-americainsamsung-rh65dg54r3b1","status":"publish","type":"product","link":"https:\/\/electromenagerexpress.com\/en\/product\/refrigerateur-americainsamsung-rh65dg54r3b1\/","title":{"rendered":"R\u00e9frig\u00e9rateur Am\u00e9ricain\tSAMSUNG \tRH65DG54R3B1"},"content":{"rendered":"<div class=\"product-features__content\">\n<ul role=\"list\">\n<li class=\"product-features__item\" role=\"listitem\">\n<h3 class=\"product-features__label\">Type de r\u00e9frig\u00e9rateur<\/h3>\n<ul role=\"list\">\n<li class=\"product-features__item-list__item\" role=\"listitem\"><span class=\"is--medium\">Format :<\/span> am\u00e9ricain avec cong\u00e9lateur sur le cot\u00e9<\/li>\n<li class=\"product-features__item-list__item\" role=\"listitem\"><span class=\"is--medium\">Volume total :<\/span> 628,0 L<\/li>\n<li class=\"product-features__item-list__item\" role=\"listitem\"><span class=\"is--medium\">Niveau sonore :<\/span> silencieux (37 db)<\/li>\n<li class=\"product-features__item-list__item\" role=\"listitem\"><span class=\"is--medium\">Classe d&rsquo;\u00e9mission de bruit acoustique dans l&rsquo;air :<\/span> C<\/li>\n<li class=\"product-features__item-list__item\" role=\"listitem\"><span class=\"is--medium\">Couleur du produit :<\/span> noir carbone (peut \u00eatre gris\u00e9 selon la lumi\u00e8re)<\/li>\n<li class=\"product-features__item-list__item\" role=\"listitem\"><span class=\"is--medium\">Rev\u00eatement ext\u00e9rieur de la porte :<\/span> inox<\/li>\n<\/ul>\n<\/li>\n<li class=\"product-features__item\" role=\"listitem\">\n<h3 class=\"product-features__label\">Type d&rsquo;installation<\/h3>\n<ul role=\"list\">\n<li class=\"product-features__item-list__item\" role=\"listitem\"><span class=\"is--medium\">Pose de l&rsquo;appareil :<\/span> pose libre, peut \u00eatre install\u00e9 librement dans n&rsquo;importe quelle pi\u00e8ce de la maison<\/li>\n<li class=\"product-features__item-list__item\" role=\"listitem\"><span class=\"is--medium\">Installation :<\/span> porte avec d\u00e9bord, le r\u00e9frig\u00e9rateur n\u00e9cessite d&rsquo;\u00eatre install\u00e9 \u00e0 quelques centim\u00e8tres du mur pour acc\u00e9der facilement aux bacs et aux clayettes<\/li>\n<li class=\"product-features__item-list__item\" role=\"listitem\"><span class=\"is--medium\">Type de poign\u00e9e(s) :<\/span> int\u00e9gr\u00e9e(s), elles sont invisibles pour un rendu esth\u00e9tique<\/li>\n<li class=\"product-features__item-list__item\" role=\"listitem\"><span class=\"is--medium\">Classe climatique :<\/span> la classe climatique SN-T,ou classe tropicale \u00e9largie (de 10\u00b0C \u00e0 43 C ), permet un fonctionnement optimum dans des pi\u00e8ces \u00e0 temp\u00e9ratures basses ou \u00e9lev\u00e9es. Id\u00e9ale pour une installation dans un garage, une v\u00e9randa ou une cave<\/li>\n<\/ul>\n<\/li>\n<li class=\"product-features__item\" role=\"listitem\">\n<h3 class=\"product-features__label\">R\u00e9frig\u00e9rateur<\/h3>\n<ul role=\"list\">\n<li class=\"product-features__item-list__item\" role=\"listitem\"><span class=\"is--medium\">Volume r\u00e9frig\u00e9rateur :<\/span> 410,0 L<\/li>\n<li class=\"product-features__item-list__item\" role=\"listitem\"><span class=\"is--medium\">Froid du r\u00e9frig\u00e9rateur :<\/span> le froid ventil\u00e9 permet une r\u00e9partition du froid de mani\u00e8re homog\u00e8ne et un rangement libre, sans contrainte, des aliments dans le r\u00e9frig\u00e9rateur<\/li>\n<li class=\"product-features__item-list__item\" role=\"listitem\"><span class=\"is--medium\">D\u00e9givrage du r\u00e9frig\u00e9rateur :<\/span> automatique<\/li>\n<li class=\"product-features__item-list__item\" role=\"listitem\"><span class=\"is--medium\">Type de thermostat :<\/span> \u00e9lectronique, permet un r\u00e9glage pr\u00e9cis de la temp\u00e9rature du r\u00e9frig\u00e9rateur. Esth\u00e9tique, intuitif et nettoyage facile<\/li>\n<\/ul>\n<\/li>\n<li class=\"product-features__item\" role=\"listitem\">\n<h3 class=\"product-features__label\">Cong\u00e9lateur<\/h3>\n<ul role=\"list\">\n<li class=\"product-features__item-list__item\" role=\"listitem\"><span class=\"is--medium\">Volume du cong\u00e9lateur :<\/span> 218 L<\/li>\n<li class=\"product-features__item-list__item\" role=\"listitem\"><span class=\"is--medium\">D\u00e9givrage du cong\u00e9lateur :<\/span> automatique (pas besoin de d\u00e9givrer)<\/li>\n<li class=\"product-features__item-list__item\" role=\"listitem\"><span class=\"is--medium\">Pouvoir de cong\u00e9lation :<\/span> 15kg \/ 24h<\/li>\n<li class=\"product-features__item-list__item\" role=\"listitem\"><span class=\"is--medium\">Le saviez-vous ? :<\/span> plus la capacit\u00e9 de cong\u00e9lation est importante, plus le cong\u00e9lateur cong\u00e8le rapidement les aliments. Les aliments frais se conserveront plus longtemps, et garderont mieux toutes leurs saveurs et nutriments.<\/li>\n<li class=\"product-features__item-list__item\" role=\"listitem\"><span class=\"is--medium\">Autonomie en cas de coupure de courant :<\/span> 6h<\/li>\n<\/ul>\n<\/li>\n<li class=\"product-features__item\" role=\"listitem\">\n<h3 class=\"product-features__label\">Agencement<\/h3>\n<ul role=\"list\">\n<li class=\"product-features__item-list__item\" role=\"listitem\"><span class=\"is--medium\">Acc\u00e8s rapide dans le refrig\u00e9rateur :<\/span> le food showcase est un syst\u00e8me de double porte, qui permet un acc\u00e9s direct aux aliments du quotidien, tout en limitant la d\u00e9perdition de froid<\/li>\n<li class=\"product-features__item-list__item\" role=\"listitem\"><span class=\"is--medium\">Nombre de clayettes r\u00e9frig\u00e9rateur :<\/span> 5<\/li>\n<li class=\"product-features__item-list__item\" role=\"listitem\"><span class=\"is--medium\">Mati\u00e8re des clayettes :<\/span> verre<\/li>\n<li class=\"product-features__item-list__item\" role=\"listitem\"><span class=\"is--medium\">Clayette porte bouteille :<\/span> Oui<\/li>\n<li class=\"product-features__item-list__item\" role=\"listitem\"><span class=\"is--medium\">Nombre de tiroirs dans le r\u00e9frig\u00e9rateur :<\/span> 2<\/li>\n<li class=\"product-features__item-list__item\" role=\"listitem\"><span class=\"is--medium\">Type d&rsquo;alimentation d&rsquo;eau :<\/span> alimentation d&rsquo;eau classique : L&rsquo;utilisation du distributeur n\u00e9cessite le branchement du r\u00e9frig\u00e9rateur \u00e0 une arriv\u00e9e d&rsquo;eau froide (le tuyau de raccordement est fourni)<\/li>\n<li class=\"product-features__item-list__item\" role=\"listitem\"><span class=\"is--medium\">N\u00e9cessite une arriv\u00e9e d&rsquo;eau :<\/span> oui<\/li>\n<li class=\"product-features__item-list__item\" role=\"listitem\"><span class=\"is--medium\">Syst\u00e8me \u00e0 gla\u00e7ons :<\/span> fabrique de glace automatique<\/li>\n<li class=\"product-features__item-list__item\" role=\"listitem\"><span class=\"is--medium\">Zone r\u00e9versible :<\/span> ne poss\u00e8de pas de zone r\u00e9versible<\/li>\n<li class=\"product-features__item-list__item\" role=\"listitem\"><span class=\"is--medium\">Panneau de commandes :<\/span> int\u00e9rieur m\u00e9canique<\/li>\n<li class=\"product-features__item-list__item\" role=\"listitem\"><span class=\"is--medium\">Mode vacances :<\/span> permet de conserver des denr\u00e9es non p\u00e9rissables ( oeufs, boissons,&#8230;) \u00e0 une temp\u00e9rature d&rsquo;environ 15\u00b0C en r\u00e9alisant une \u00e9conomie d&rsquo;\u00e9nergie<\/li>\n<li class=\"product-features__item-list__item\" role=\"listitem\"><span class=\"is--medium\">Alarme d&rsquo;ouverture de porte :<\/span> permet de signaler une ouverture accidentelle de la porte pour \u00e9viter la d\u00e9perdition de froid<\/li>\n<li class=\"product-features__item-list__item\" role=\"listitem\"><span class=\"is--medium\">Eclairage :<\/span> LED<\/li>\n<li class=\"product-features__item-list__item\" role=\"listitem\"><span class=\"is--medium\">Nombre de clayettes cong\u00e9lateur :<\/span> 4<\/li>\n<li class=\"product-features__item-list__item\" role=\"listitem\"><span class=\"is--medium\">Nombre de tiroirs dans le cong\u00e9lateur :<\/span> 2<\/li>\n<li class=\"product-features__item-list__item\" role=\"listitem\"><span class=\"is--medium\">Type de distributeur d&rsquo;eau :<\/span> eau, gla\u00e7ons et glace pil\u00e9e<\/li>\n<\/ul>\n<\/li>\n<li class=\"product-features__item\" role=\"listitem\">\n<h3 class=\"product-features__label\">Conservation<\/h3>\n<ul role=\"list\">\n<li class=\"product-features__item-list__item\" role=\"listitem\"><span class=\"is--medium\">Fonction r\u00e9frig\u00e9ration rapide :<\/span> oui, la r\u00e9frig\u00e9ration rapide permet d&rsquo;acc\u00e9l\u00e9rer la baisse de la temp\u00e9rature dans votre r\u00e9frig\u00e9rateur pour refroidir les aliments dans un d\u00e9lai tr\u00e8s court pour conserver saveurs et nutriments<\/li>\n<li class=\"product-features__item-list__item\" role=\"listitem\"><span class=\"is--medium\">Fonction cong\u00e9lation rapide :<\/span> oui, elle permet d&rsquo;acc\u00e9l\u00e9rer la baisse de la temp\u00e9rature pour congeler rapidement les aliments en conservant leurs saveurs et nutriments<\/li>\n<\/ul>\n<\/li>\n<li class=\"product-features__item\" role=\"listitem\">\n<h3 class=\"product-features__label\">Technologie<\/h3>\n<ul role=\"list\">\n<li class=\"product-features__item-list__item\" role=\"listitem\"><span class=\"is--medium\">Type de moteur :<\/span> inverter, un compresseur \u00e0 induction plus silencieux et qui permet aussi de limiter la consommation d&rsquo;\u00e9nergie<\/li>\n<li class=\"product-features__item-list__item\" role=\"listitem\"><span class=\"is--medium\">Connectivit\u00e9 wifi :<\/span> oui, permet de contr\u00f4ler \u00e0 distance la temp\u00e9rature et de diagnostiquer une panne<\/li>\n<li class=\"product-features__item-list__item\" role=\"listitem\"><span class=\"is--medium\">Compatibilit\u00e9 :<\/span> iOs et Android<\/li>\n<li class=\"product-features__item-list__item\" role=\"listitem\"><span class=\"is--medium\">Application d\u00e9di\u00e9e :<\/span> SmartThings<\/li>\n<\/ul>\n<\/li>\n<li class=\"product-features__item\" role=\"listitem\">\n<h3 class=\"product-features__label\">Consommation<\/h3>\n<ul role=\"list\">\n<li class=\"product-features__item-list__item\" role=\"listitem\"><span class=\"is--medium\">Co\u00fbt annuel d&rsquo;utilisation :<\/span> 87 euros<\/li>\n<li class=\"product-features__item-list__item\" role=\"listitem\"><span class=\"is--medium\">Consommation d&rsquo;\u00e9nergie annuelle :<\/span> 344 kWh\/an<\/li>\n<li class=\"product-features__item-list__item\" role=\"listitem\"><span class=\"is--medium\">Label \u00e9nergie :<\/span> E<\/li>\n<li class=\"product-features__item-list__item\" role=\"listitem\"><span class=\"is--medium\">Economie d&rsquo;\u00e9nergie :<\/span> un changement de classe \u00e9nerg\u00e9tique repr\u00e9sente environ 16% d&rsquo;\u00e9conomie sur votre consommation d&rsquo;\u00e9nergie<\/li>\n<\/ul>\n<\/li>\n<li class=\"product-features__item\" role=\"listitem\">\n<h3 class=\"product-features__label\">Dimensions<\/h3>\n<ul role=\"list\">\n<li class=\"product-features__item-list__item\" role=\"listitem\"><span class=\"is--medium\">LxHxP :<\/span> 91.2 x 178 x 71.6 cm<\/li>\n<li class=\"product-features__item-list__item\" role=\"listitem\"><span class=\"is--medium\">Poids net :<\/span> 123 kg<\/li>\n<li class=\"product-features__item-list__item\" role=\"listitem\"><span class=\"is--medium\">Poids brut :<\/span> 130 kg<\/li>\n<\/ul>\n<\/li>\n<li class=\"product-features__item\" role=\"listitem\">\n<h3 class=\"product-features__label\">Informations compl\u00e9mentaires<\/h3>\n<ul role=\"list\">\n<li class=\"product-features__item-list__item\" role=\"listitem\"><span class=\"is--medium\">Garantie :<\/span> 2 ans<\/li>\n<li class=\"product-features__item-list__item\" role=\"listitem\"><span class=\"is--medium\">Disponibilit\u00e9 des pi\u00e8ces d\u00e9tach\u00e9es :<\/span> Pendant 10 ans, \u00e0 compter de la date d&rsquo;achat<\/li>\n<li class=\"product-features__item-list__item\" role=\"listitem\"><span class=\"is--medium\">Fabriqu\u00e9 en :<\/span> Chine<\/li>\n<\/ul>\n<\/li>\n<\/ul>\n<\/div>\n<div class=\"product__disclosure-content\">\n<div class=\"js-read-more product-description__content read-more read-more--truncated\" style=\"max-height: 500px; overflow: hidden;\" data-read-more-name=\"description\">\n<div class=\"product__description-content read-more\">\n<p>R\u00e9frig\u00e9rateur Am\u00e9ricain SAMSUNG RH65DG54R3B1 : Capacit\u00e9 et Innovation \u00e0 Port\u00e9e de Main<\/p>\n<h3>Conception Spacieuse et Technologie Avanc\u00e9e<\/h3>\n<p>Le R\u00e9frig\u00e9rateur Am\u00e9ricain SAMSUNG RH65DG54R3B1 se distingue par sa capacit\u00e9 exceptionnelle de 628 litres, id\u00e9ale pour les familles nombreuses ou ceux qui aiment stocker en grande quantit\u00e9. Gr\u00e2ce \u00e0 la technologie SpaceMax, ce mod\u00e8le offre un espace de rangement optimal sans compromettre ses dimensions ext\u00e9rieures. Les poign\u00e9es int\u00e9gr\u00e9es et la porte Food Showcase apportent une touche d&rsquo;\u00e9l\u00e9gance et de praticit\u00e9, permettant un acc\u00e8s rapide aux produits du quotidien tout en pr\u00e9servant la fra\u00eecheur des aliments. La classe \u00e9nerg\u00e9tique E et le compresseur Digital Inverter garantissent une efficacit\u00e9 \u00e9nerg\u00e9tique et une durabilit\u00e9 accrues, tandis que le distributeur d&rsquo;eau, de gla\u00e7ons et de glace pil\u00e9e enrichit l&rsquo;exp\u00e9rience utilisateur.<\/p>\n<h3>Connectivit\u00e9 Intelligente et Fonctionnalit\u00e9s Pratiques<\/h3>\n<p>Dot\u00e9 d&rsquo;une connectivit\u00e9 Wi-Fi via SmartThingsTM, le r\u00e9frig\u00e9rateur SAMSUNG RH65DG54R3B1 permet de g\u00e9rer et de surveiller \u00e0 distance ses fonctionnalit\u00e9s, offrant ainsi un contr\u00f4le total sur votre appareil. L&rsquo;\u00e9cran interne facilite la gestion des r\u00e9glages, tandis que la fonction r\u00e9frig\u00e9ration rapide et la fabrique<\/p>\n<\/div>\n<\/div>\n<div class=\"js-read-more product-description__content read-more read-more--truncated\" style=\"max-height: 500px; overflow: hidden;\" data-read-more-name=\"description\">\n<div class=\"product__description-content read-more\">\n<p>de glace int\u00e9gr\u00e9e \u00e0 la porte sont des atouts majeurs pour une conservation et une pr\u00e9paration des aliments optimales. Le Mode AI Energy contribue \u00e0 r\u00e9duire la consommation d&rsquo;\u00e9nergie en adaptant le fonctionnement de l&rsquo;appareil \u00e0 vos habitudes. Enfin, l&rsquo;alarme sonore de porte ouverte et la fonction vacances sont des d\u00e9tails qui soulignent l&rsquo;attention port\u00e9e par SAMSUNG \u00e0 la commodit\u00e9 et \u00e0 l&rsquo;efficience \u00e9nerg\u00e9tique.<\/p>\n<\/div>\n<\/div>\n<p>&nbsp;<\/p>\n<\/div>","protected":false},"excerpt":{"rendered":"<div class=\"keypoints\">\n<h3 class=\"keypoints__title\">Les points cl\u00e9s<\/h3>\n<ul role=\"list\">\n<li class=\"keypoints__item\" role=\"listitem\">LxHxP : 91.2 x 178 x 71.6 cm<\/li>\n<li class=\"keypoints__item\" role=\"listitem\">Silencieux (37dB) &#8211; Label \u00e9nergie E<\/li>\n<li class=\"keypoints__item\" role=\"listitem\">Volume total : 628,0 L &#8211; D\u00e9givrage automatique du cong\u00e9lateur<\/li>\n<li class=\"keypoints__item\" role=\"listitem\">Frigo de : 410 L (id\u00e9al pour 4 personnes et +) &#8211; cong\u00e9lateur de 218L<\/li>\n<li class=\"keypoints__item keypoints__item--advantage\" role=\"listitem\"><strong>Le + :<\/strong> La porte Food Showcase vous permet d\u2019acc\u00e9der en un seul geste aux aliments du quotidien<\/li>\n<\/ul>\n<\/div>","protected":false},"featured_media":2989,"template":"","meta":{"_glsr_average":0,"_glsr_ranking":0,"_glsr_reviews":0},"product_cat":[171],"product_tag":[131,172,173],"class_list":{"0":"post-36921","1":"product","2":"type-product","3":"status-publish","4":"has-post-thumbnail","6":"product_cat-refrigerateur-congelateur","7":"product_tag-gros-electromenager","8":"product_tag-refrigerateur","9":"product_tag-refrigerateur-congelateur","11":"first","12":"instock","13":"sale","14":"shipping-taxable","15":"purchasable","16":"product-type-simple"},"_links":{"self":[{"href":"https:\/\/electromenagerexpress.com\/en\/wp-json\/wp\/v2\/product\/36921","targetHints":{"allow":["GET"]}}],"collection":[{"href":"https:\/\/electromenagerexpress.com\/en\/wp-json\/wp\/v2\/product"}],"about":[{"href":"https:\/\/electromenagerexpress.com\/en\/wp-json\/wp\/v2\/types\/product"}],"wp:featuredmedia":[{"embeddable":true,"href":"https:\/\/electromenagerexpress.com\/en\/wp-json\/wp\/v2\/media\/2989"}],"wp:attachment":[{"href":"https:\/\/electromenagerexpress.com\/en\/wp-json\/wp\/v2\/media?parent=36921"}],"wp:term":[{"taxonomy":"product_cat","embeddable":true,"href":"https:\/\/electromenagerexpress.com\/en\/wp-json\/wp\/v2\/product_cat?post=36921"},{"taxonomy":"product_tag","embeddable":true,"href":"https:\/\/electromenagerexpress.com\/en\/wp-json\/wp\/v2\/product_tag?post=36921"}],"curies":[{"name":"wp","href":"https:\/\/api.w.org\/{rel}","templated":true}]}}