{"id":36901,"date":"2024-11-21T10:55:45","date_gmt":"2024-11-21T10:55:45","guid":{"rendered":"https:\/\/electromenagerexpress.com\/product\/refrigerateur-1-porte-encastrable-liebherrirbd4550-20-biofresh\/"},"modified":"2025-01-26T15:46:59","modified_gmt":"2025-01-26T15:46:59","slug":"refrigerateur-1-porte-encastrable-liebherrirbd4550-20-biofresh","status":"publish","type":"product","link":"https:\/\/electromenagerexpress.com\/en\/product\/refrigerateur-1-porte-encastrable-liebherrirbd4550-20-biofresh\/","title":{"rendered":"R\u00e9frig\u00e9rateur 1 porte encastrable \tLIEBHERR IRBD4550-20 BioFresh"},"content":{"rendered":"<div class=\"product-features__content\">\n<p>&nbsp;<\/p>\n<ul role=\"list\">\n<li class=\"product-features__item\" role=\"listitem\">\n<h3 class=\"product-features__label\">Type de r\u00e9frig\u00e9rateur<\/h3>\n<ul role=\"list\">\n<li class=\"product-features__item-list__item\" role=\"listitem\"><span class=\"is--medium\">Format :<\/span> 1 porte<\/li>\n<li class=\"product-features__item-list__item\" role=\"listitem\"><span class=\"is--medium\">Volume total :<\/span> 225,0 L<\/li>\n<li class=\"product-features__item-list__item\" role=\"listitem\"><span class=\"is--medium\">Niveau sonore :<\/span> ultra silencieux (33 db)<\/li>\n<li class=\"product-features__item-list__item\" role=\"listitem\"><span class=\"is--medium\">Classe d&rsquo;\u00e9mission de bruit acoustique dans l&rsquo;air :<\/span> B<\/li>\n<li class=\"product-features__item-list__item\" role=\"listitem\"><span class=\"is--medium\">Couleur du produit :<\/span> personnalisable<\/li>\n<li class=\"product-features__item-list__item\" role=\"listitem\"><span class=\"is--medium\">Rev\u00eatement ext\u00e9rieur de la porte :<\/span> personnalisable<\/li>\n<\/ul>\n<\/li>\n<li class=\"product-features__item\" role=\"listitem\">\n<h3 class=\"product-features__label\">Type d&rsquo;installation<\/h3>\n<ul role=\"list\">\n<li class=\"product-features__item-list__item\" role=\"listitem\"><span class=\"is--medium\">Pose de l&rsquo;appareil :<\/span> int\u00e9grable, pour l&rsquo;encastrer dans une niche et l&rsquo;habiller d&rsquo;une porte assortie aux meubles de cuisine<\/li>\n<li class=\"product-features__item-list__item\" role=\"listitem\"><span class=\"is--medium\">Porte d&rsquo;habillage :<\/span> non incluse, il faut venir fixer la porte de votre cuisine \u00e9quip\u00e9e<\/li>\n<li class=\"product-features__item-list__item\" role=\"listitem\"><span class=\"is--medium\">Installation :<\/span> porte sans d\u00e9bord, le r\u00e9frig\u00e9rateur peut \u00eatre install\u00e9 contre le mur<\/li>\n<li class=\"product-features__item-list__item\" role=\"listitem\"><span class=\"is--medium\">Type de porte :<\/span> \u00e0 charni\u00e8re auto porteuse( ou \u00e0 pantographe ), l&rsquo;habillage d\u00e9coratif est fix\u00e9 directement sur la porte du r\u00e9frig\u00e9rateur. Avec ce syst\u00e8me porte-sur-porte, elle peut s&rsquo;ouvrir davantage et le syst\u00e8me est plus robuste.<\/li>\n<li class=\"product-features__item-list__item\" role=\"listitem\"><span class=\"is--medium\">Sens d&rsquo;ouverture de la porte :<\/span> fixation \u00e0 droite r\u00e9versible<\/li>\n<li class=\"product-features__item-list__item\" role=\"listitem\"><span class=\"is--medium\">Classe climatique :<\/span> la classe climatique SN-T,ou classe tropicale \u00e9largie (de 10\u00b0C \u00e0 43 C ), permet un fonctionnement optimum dans des pi\u00e8ces \u00e0 temp\u00e9ratures basses ou \u00e9lev\u00e9es. Id\u00e9ale pour une installation dans un garage, une v\u00e9randa ou une cave<\/li>\n<li class=\"product-features__item-list__item\" role=\"listitem\"><span class=\"is--medium\">Porte(s) r\u00e9versible(s) :<\/span> oui, le changement de sens d&rsquo;ouverture de(s) porte(s) peut \u00eatre effectu\u00e9 par nos \u00e9quipes ou par vous-m\u00eame avec le kit de r\u00e9versibilit\u00e9 fourni avec le produit<\/li>\n<\/ul>\n<\/li>\n<li class=\"product-features__item\" role=\"listitem\">\n<h3 class=\"product-features__label\">R\u00e9frig\u00e9rateur<\/h3>\n<ul role=\"list\">\n<li class=\"product-features__item-list__item\" role=\"listitem\"><span class=\"is--medium\">Volume r\u00e9frig\u00e9rateur :<\/span> 225,0 L<\/li>\n<li class=\"product-features__item-list__item\" role=\"listitem\"><span class=\"is--medium\">Froid du r\u00e9frig\u00e9rateur :<\/span> le froid brass\u00e9 permet de r\u00e9partir le froid de mani\u00e8re homog\u00e8ne avec une humidit\u00e9 id\u00e9ale pour les produits frais<\/li>\n<li class=\"product-features__item-list__item\" role=\"listitem\"><span class=\"is--medium\">D\u00e9givrage du r\u00e9frig\u00e9rateur :<\/span> automatique<\/li>\n<li class=\"product-features__item-list__item\" role=\"listitem\"><span class=\"is--medium\">Type de thermostat :<\/span> \u00e9lectronique, permet un r\u00e9glage pr\u00e9cis de la temp\u00e9rature du r\u00e9frig\u00e9rateur. Esth\u00e9tique, intuitif et nettoyage facile<\/li>\n<\/ul>\n<\/li>\n<li class=\"product-features__item\" role=\"listitem\">\n<h3 class=\"product-features__label\">Agencement<\/h3>\n<ul role=\"list\">\n<li class=\"product-features__item-list__item\" role=\"listitem\"><span class=\"is--medium\">Nombre de clayettes r\u00e9frig\u00e9rateur :<\/span> 5<\/li>\n<li class=\"product-features__item-list__item\" role=\"listitem\"><span class=\"is--medium\">Mati\u00e8re des clayettes :<\/span> verre<\/li>\n<li class=\"product-features__item-list__item\" role=\"listitem\"><span class=\"is--medium\">Clayette porte bouteille :<\/span> Oui<\/li>\n<li class=\"product-features__item-list__item\" role=\"listitem\"><span class=\"is--medium\">Rangement dans la porte :<\/span> modulables en hauteur pour adapter votre rangement<\/li>\n<li class=\"product-features__item-list__item\" role=\"listitem\"><span class=\"is--medium\">Nombre de tiroirs dans le r\u00e9frig\u00e9rateur :<\/span> 2<\/li>\n<li class=\"product-features__item-list__item\" role=\"listitem\"><span class=\"is--medium\">Type d&rsquo;alimentation d&rsquo;eau :<\/span> ne poss\u00e8de pas cette fonction<\/li>\n<li class=\"product-features__item-list__item\" role=\"listitem\"><span class=\"is--medium\">N\u00e9cessite une arriv\u00e9e d&rsquo;eau :<\/span> non<\/li>\n<li class=\"product-features__item-list__item\" role=\"listitem\"><span class=\"is--medium\">Carafe d&rsquo;eau int\u00e9gr\u00e9e :<\/span> Non<\/li>\n<li class=\"product-features__item-list__item\" role=\"listitem\"><span class=\"is--medium\">Bac \/ tiroir XL dans le cong\u00e9lateur :<\/span> Non<\/li>\n<li class=\"product-features__item-list__item\" role=\"listitem\"><span class=\"is--medium\">Zone r\u00e9versible :<\/span> ne poss\u00e8de pas de zone r\u00e9versible<\/li>\n<li class=\"product-features__item-list__item\" role=\"listitem\"><span class=\"is--medium\">Panneau de commandes :<\/span> int\u00e9rieur tactile<\/li>\n<li class=\"product-features__item-list__item\" role=\"listitem\"><span class=\"is--medium\">Fonction \u00e9co :<\/span> ajuste automatiquement la temp\u00e9rature la plus \u00e9conomique en \u00e9nergie<\/li>\n<li class=\"product-features__item-list__item\" role=\"listitem\"><span class=\"is--medium\">Alarme d&rsquo;ouverture de porte :<\/span> permet de signaler une ouverture accidentelle de la porte pour \u00e9viter la d\u00e9perdition de froid<\/li>\n<li class=\"product-features__item-list__item\" role=\"listitem\"><span class=\"is--medium\">Eclairage :<\/span> LED<\/li>\n<li class=\"product-features__item-list__item\" role=\"listitem\"><span class=\"is--medium\">Mode shabbat :<\/span> Une fois le mode Sabbat activ\u00e9, vous n&rsquo;avez plus \u00e0 vous soucier des lumi\u00e8res, chiffres, icones, signaux sonores, alarmes ou ventilateurs. Le d\u00e9givrage fonctionne uniquement avec une horloge et n&rsquo;a aucune incidence sur l&rsquo;utilisation du r\u00e9frig\u00e9rateur<\/li>\n<\/ul>\n<\/li>\n<li class=\"product-features__item\" role=\"listitem\">\n<h3 class=\"product-features__label\">Conservation<\/h3>\n<ul role=\"list\">\n<li class=\"product-features__item-list__item\" role=\"listitem\"><span class=\"is--medium\">Zone fra\u00eecheur pour les fruits et l\u00e9gumes :<\/span> oui, la ma\u00eetrise du taux d&rsquo;humidit\u00e9 dans le compartiment permet une conservation parfaite des fruits et l\u00e9gumes<\/li>\n<li class=\"product-features__item-list__item\" role=\"listitem\"><span class=\"is--medium\">Zone fra\u00eecheur pour les viandes et poissons :<\/span> oui, une temp\u00e9rature constante proche de 0\u00b0C et un contr\u00f4le de l&rsquo;humidit\u00e9 permettent une conservation parfaite des viandes et poissons<\/li>\n<li class=\"product-features__item-list__item\" role=\"listitem\"><span class=\"is--medium\">Fonction r\u00e9frig\u00e9ration rapide :<\/span> oui, la r\u00e9frig\u00e9ration rapide permet d&rsquo;acc\u00e9l\u00e9rer la baisse de la temp\u00e9rature dans votre r\u00e9frig\u00e9rateur pour refroidir les aliments dans un d\u00e9lai tr\u00e8s court pour conserver saveurs et nutriments<\/li>\n<li class=\"product-features__item-list__item\" role=\"listitem\"><span class=\"is--medium\">Am\u00e9lioration du refroidissement :<\/span> oui, une plaque de m\u00e9tal permet de capturer l&rsquo;air frais et le redistribuer de mani\u00e8re homog\u00e8ne pour un refroidissement plus rapide des aliments<\/li>\n<\/ul>\n<\/li>\n<li class=\"product-features__item\" role=\"listitem\">\n<h3 class=\"product-features__label\">Technologie<\/h3>\n<ul role=\"list\">\n<li class=\"product-features__item-list__item\" role=\"listitem\"><span class=\"is--medium\">Type de moteur :<\/span> inverter, un compresseur \u00e0 induction plus silencieux et qui permet aussi de limiter la consommation d&rsquo;\u00e9nergie<\/li>\n<li class=\"product-features__item-list__item\" role=\"listitem\"><span class=\"is--medium\">Ecran interactif :<\/span> L&rsquo;\u00e9cran en fa\u00e7ade permet d&rsquo;accc\u00e9der \u00e0 de nombreux r\u00e9glages tels que les temp\u00e9ratures, mode vacances, fonction cong\u00e9lation rapide&#8230;<\/li>\n<li class=\"product-features__item-list__item\" role=\"listitem\"><span class=\"is--medium\">Connectivit\u00e9 wifi :<\/span> en option, permet de contr\u00f4ler \u00e0 distance la temp\u00e9rature et de diagnostiquer une panne<\/li>\n<li class=\"product-features__item-list__item\" role=\"listitem\"><span class=\"is--medium\">Compatibilit\u00e9 :<\/span> iOs et Android<\/li>\n<li class=\"product-features__item-list__item\" role=\"listitem\"><span class=\"is--medium\">Application d\u00e9di\u00e9e :<\/span> Smart Device Box<\/li>\n<\/ul>\n<\/li>\n<li class=\"product-features__item\" role=\"listitem\">\n<h3 class=\"product-features__label\">Consommation<\/h3>\n<ul role=\"list\">\n<li class=\"product-features__item-list__item\" role=\"listitem\"><span class=\"is--medium\">Co\u00fbt annuel d&rsquo;utilisation :<\/span> 29 euros<\/li>\n<li class=\"product-features__item-list__item\" role=\"listitem\"><span class=\"is--medium\">Consommation d&rsquo;\u00e9nergie annuelle :<\/span> 114 kWh\/an<\/li>\n<li class=\"product-features__item-list__item\" role=\"listitem\"><span class=\"is--medium\">Label \u00e9nergie :<\/span> D<\/li>\n<li class=\"product-features__item-list__item\" role=\"listitem\"><span class=\"is--medium\">Economie d&rsquo;\u00e9nergie :<\/span> jusqu&rsquo;\u00e0 32% d&rsquo;\u00e9conomie d&rsquo;\u00e9nergie par rapport \u00e0 la classe F<\/li>\n<\/ul>\n<\/li>\n<li class=\"product-features__item\" role=\"listitem\">\n<h3 class=\"product-features__label\">Dimensions<\/h3>\n<ul role=\"list\">\n<li class=\"product-features__item-list__item\" role=\"listitem\"><span class=\"is--medium\">LxHxP :<\/span> 55.9 x 139.5 x 54.6 cm<\/li>\n<li class=\"product-features__item-list__item\" role=\"listitem\"><span class=\"is--medium\">Dimensions d&rsquo;encastrement l x h x p :<\/span> 56 x 139.7 x 55 cm<\/li>\n<li class=\"product-features__item-list__item\" role=\"listitem\"><span class=\"is--medium\">Poids net :<\/span> 58 kg<\/li>\n<li class=\"product-features__item-list__item\" role=\"listitem\"><span class=\"is--medium\">Poids brut :<\/span> 74 kg<\/li>\n<\/ul>\n<\/li>\n<li class=\"product-features__item\" role=\"listitem\">\n<h3 class=\"product-features__label\">Informations compl\u00e9mentaires<\/h3>\n<ul role=\"list\">\n<li class=\"product-features__item-list__item\" role=\"listitem\"><span class=\"is--medium\">Garantie :<\/span> 2 ans<\/li>\n<li class=\"product-features__item-list__item\" role=\"listitem\"><span class=\"is--medium\">Disponibilit\u00e9 des pi\u00e8ces d\u00e9tach\u00e9es (donn\u00e9es fournisseur) :<\/span> Pendant 15 ans, \u00e0 compter de la date d&rsquo;achat<\/li>\n<li class=\"product-features__item-list__item\" role=\"listitem\"><span class=\"is--medium\">Fabriqu\u00e9 en :<\/span> Allemagne<br \/>\n<h3 class=\"product-features__label\"><\/h3>\n<\/li>\n<\/ul>\n<\/li>\n<\/ul>\n<\/div>\n<div class=\"product__disclosure-content\">\n<div class=\"js-read-more product-description__content read-more read-more--truncated\" style=\"max-height: 500px; overflow: hidden;\" data-read-more-name=\"description\">\n<h3>Des fonctionnalit\u00e9s dernier cri pour la conservation des produits frais<\/h3>\n<p>Le r\u00e9frig\u00e9rateur LIEBHERR IRBD4550-20 repr\u00e9sente une valeur s\u00fbre pour les cuisines am\u00e9nag\u00e9es et conserve vos courses \u00e0 l&rsquo;aide de technologies innovantes. Encastrable et fix\u00e9 \u00e0 une porte gr\u00e2ce \u00e0 des charni\u00e8res autoporteuses, il ne se fera pas remarquer. Il est \u00e9galement dot\u00e9 de la <b>fonction Super Silent<\/b> qui lui conf\u00e8re un volume sonore de 33 dB.<\/p>\n<p>Avec son volume total de 156 L, ce r\u00e9frig\u00e9rateur est adapt\u00e9 aux petits espaces. Il comporte <b>4 clayettes en verre dont 1 repliable<\/b>, ce qui offre de nombreuses possibilit\u00e9s de rangement pour les produits volumineux. Toutes les clayettes sont r\u00e9glables en hauteur, pour encore de praticit\u00e9.<br \/>\nUn espace lumineux et bien organis\u00e9<\/p>\n<p>Le r\u00e9frig\u00e9rateur LIEBHERR IRBD4550-20 est dot\u00e9 d&rsquo;un <b>\u00e9clairage LED Light Tower<\/b> afin de vous aider \u00e0 rep\u00e9rer vos plats et vos ingr\u00e9dients en un coup d&rsquo;oeil, m\u00eame s&rsquo;ils sont rang\u00e9s dans le fond. Ces colonnes LED situ\u00e9es sur les c\u00f4t\u00e9s de l&rsquo;appareil ont la particularit\u00e9 de consommer peu d&rsquo;\u00e9lectricit\u00e9 tout en conservant une excellente luminosit\u00e9.<\/p>\n<p>Ce r\u00e9frig\u00e9rateur se d\u00e9marque par la pr\u00e9sence d&rsquo;un tiroir VarioSafe qui se trouve au milieu de la cavit\u00e9. Il permet de retrouver facilement les articles de petite taille comme les condiments. Enfin, l&rsquo;appareil<\/p>\n<\/div>\n<\/div>\n<p>dispose du <b>syst\u00e8me BioFresh<\/b> qui am\u00e9liore le taux d&rsquo;humidit\u00e9 et la temp\u00e9rature dans les bacs.<\/p>\n<p>&nbsp;<\/p>\n<p>&nbsp;<\/p>\n<div class=\"product__disclosure-content\">\n<div class=\"js-read-more product-description__content read-more read-more--truncated\" style=\"max-height: 500px; overflow: hidden;\" data-read-more-name=\"description\">\n<p>&nbsp;<\/p>\n<\/div>\n<p>&nbsp;<\/p>\n<\/div>","protected":false},"excerpt":{"rendered":"<div class=\"keypoints\">\n<h3 class=\"keypoints__title\">Les points cl\u00e9s<\/h3>\n<ul role=\"list\">\n<li class=\"keypoints__item\" role=\"listitem\">LxHxP : 55.9 x 139.5 x 54.6 cm<\/li>\n<li class=\"keypoints__item\" role=\"listitem\">Silencieux 33dB &#8211; Label \u00e9nergie D<\/li>\n<li class=\"keypoints__item\" role=\"listitem\">Volume total : 225,0 L<\/li>\n<li class=\"keypoints__item\" role=\"listitem\">Frigo de : 225 L (id\u00e9al pour 2 personnes)<\/li>\n<li class=\"keypoints__item keypoints__item--advantage\" role=\"listitem\"><strong>Le + :<\/strong> ses clayettes modulables offrent un maximum de flexibilit\u00e9 pour organiser le rangement.<\/li>\n<\/ul>\n<\/div>\n<p>&nbsp;<\/p>","protected":false},"featured_media":2804,"template":"","meta":{"_glsr_average":0,"_glsr_ranking":0,"_glsr_reviews":0},"product_cat":[176],"product_tag":[131,172,177],"class_list":{"0":"post-36901","1":"product","2":"type-product","3":"status-publish","4":"has-post-thumbnail","6":"product_cat-refrigerateur-encastrable","7":"product_tag-gros-electromenager","8":"product_tag-refrigerateur","9":"product_tag-refrigerateur-encastrable","11":"first","12":"instock","13":"sale","14":"shipping-taxable","15":"purchasable","16":"product-type-simple"},"_links":{"self":[{"href":"https:\/\/electromenagerexpress.com\/en\/wp-json\/wp\/v2\/product\/36901","targetHints":{"allow":["GET"]}}],"collection":[{"href":"https:\/\/electromenagerexpress.com\/en\/wp-json\/wp\/v2\/product"}],"about":[{"href":"https:\/\/electromenagerexpress.com\/en\/wp-json\/wp\/v2\/types\/product"}],"wp:featuredmedia":[{"embeddable":true,"href":"https:\/\/electromenagerexpress.com\/en\/wp-json\/wp\/v2\/media\/2804"}],"wp:attachment":[{"href":"https:\/\/electromenagerexpress.com\/en\/wp-json\/wp\/v2\/media?parent=36901"}],"wp:term":[{"taxonomy":"product_cat","embeddable":true,"href":"https:\/\/electromenagerexpress.com\/en\/wp-json\/wp\/v2\/product_cat?post=36901"},{"taxonomy":"product_tag","embeddable":true,"href":"https:\/\/electromenagerexpress.com\/en\/wp-json\/wp\/v2\/product_tag?post=36901"}],"curies":[{"name":"wp","href":"https:\/\/api.w.org\/{rel}","templated":true}]}}