{"id":36871,"date":"2024-11-21T10:53:56","date_gmt":"2024-11-21T10:53:56","guid":{"rendered":"https:\/\/electromenagerexpress.com\/product\/refrigerateur-combineboschkgn36micf\/"},"modified":"2025-02-20T20:37:20","modified_gmt":"2025-02-20T20:37:20","slug":"refrigerateur-combineboschkgn36micf","status":"publish","type":"product","link":"https:\/\/electromenagerexpress.com\/en\/product\/refrigerateur-combineboschkgn36micf\/","title":{"rendered":"R\u00e9frig\u00e9rateur combin\u00e9\tBOSCH\tKGN36MICF"},"content":{"rendered":"<div class=\"product-features__content\">\n<ul role=\"list\">\n<li class=\"product-features__item\" role=\"listitem\">\n<h3 class=\"product-features__label\">Type de r\u00e9frig\u00e9rateur<\/h3>\n<ul role=\"list\">\n<li class=\"product-features__item-list__item\" role=\"listitem\"><span class=\"is--medium\">Format :<\/span> combin\u00e9 avec cong\u00e9lateur en bas<\/li>\n<li class=\"product-features__item-list__item\" role=\"listitem\"><span class=\"is--medium\">Volume total :<\/span> 321,0 L<\/li>\n<li class=\"product-features__item-list__item\" role=\"listitem\"><span class=\"is--medium\">Niveau sonore :<\/span> ultra silencieux (35 db)<\/li>\n<li class=\"product-features__item-list__item\" role=\"listitem\"><span class=\"is--medium\">Classe d&rsquo;\u00e9mission de bruit acoustique dans l&rsquo;air :<\/span> B<\/li>\n<li class=\"product-features__item-list__item\" role=\"listitem\"><span class=\"is--medium\">Couleur du produit :<\/span> gris<\/li>\n<li class=\"product-features__item-list__item\" role=\"listitem\"><span class=\"is--medium\">Rev\u00eatement ext\u00e9rieur de la porte :<\/span> inox anti trace<\/li>\n<\/ul>\n<\/li>\n<li class=\"product-features__item\" role=\"listitem\">\n<h3 class=\"product-features__label\">Type d&rsquo;installation<\/h3>\n<ul role=\"list\">\n<li class=\"product-features__item-list__item\" role=\"listitem\"><span class=\"is--medium\">Pose de l&rsquo;appareil :<\/span> pose libre, peut \u00eatre install\u00e9 librement dans n&rsquo;importe quelle pi\u00e8ce de la maison<\/li>\n<li class=\"product-features__item-list__item\" role=\"listitem\"><span class=\"is--medium\">Installation :<\/span> porte sans d\u00e9bord, le r\u00e9frig\u00e9rateur peut \u00eatre install\u00e9 contre le mur<\/li>\n<li class=\"product-features__item-list__item\" role=\"listitem\"><span class=\"is--medium\">Sens d&rsquo;ouverture de la porte :<\/span> fixation \u00e0 droite r\u00e9versible<\/li>\n<li class=\"product-features__item-list__item\" role=\"listitem\"><span class=\"is--medium\">Type de poign\u00e9e(s) :<\/span> int\u00e9gr\u00e9e(s), elles sont invisibles pour un rendu esth\u00e9tique<\/li>\n<li class=\"product-features__item-list__item\" role=\"listitem\"><span class=\"is--medium\">Classe climatique :<\/span> la classe climatique SN-T,ou classe tropicale \u00e9largie (de 10\u00b0C \u00e0 43 C ), permet un fonctionnement optimum dans des pi\u00e8ces \u00e0 temp\u00e9ratures basses ou \u00e9lev\u00e9es. Id\u00e9ale pour une installation dans un garage, une v\u00e9randa ou une cave<\/li>\n<\/ul>\n<\/li>\n<li class=\"product-features__item\" role=\"listitem\">\n<h3 class=\"product-features__label\">R\u00e9frig\u00e9rateur<\/h3>\n<ul role=\"list\">\n<li class=\"product-features__item-list__item\" role=\"listitem\"><span class=\"is--medium\">Volume r\u00e9frig\u00e9rateur :<\/span> 218,0 L<\/li>\n<li class=\"product-features__item-list__item\" role=\"listitem\"><span class=\"is--medium\">Froid du r\u00e9frig\u00e9rateur :<\/span> le froid ventil\u00e9 permet une r\u00e9partition du froid de mani\u00e8re homog\u00e8ne et un rangement libre, sans contrainte, des aliments dans le r\u00e9frig\u00e9rateur<\/li>\n<li class=\"product-features__item-list__item\" role=\"listitem\"><span class=\"is--medium\">D\u00e9givrage du r\u00e9frig\u00e9rateur :<\/span> automatique<\/li>\n<li class=\"product-features__item-list__item\" role=\"listitem\"><span class=\"is--medium\">Type de thermostat :<\/span> \u00e9lectronique, permet un r\u00e9glage pr\u00e9cis de la temp\u00e9rature du r\u00e9frig\u00e9rateur. Esth\u00e9tique, intuitif et nettoyage facile<\/li>\n<\/ul>\n<\/li>\n<li class=\"product-features__item\" role=\"listitem\">\n<h3 class=\"product-features__label\">Cong\u00e9lateur<\/h3>\n<ul role=\"list\">\n<li class=\"product-features__item-list__item\" role=\"listitem\"><span class=\"is--medium\">Volume du cong\u00e9lateur :<\/span> 103 L<\/li>\n<li class=\"product-features__item-list__item\" role=\"listitem\"><span class=\"is--medium\">D\u00e9givrage du cong\u00e9lateur :<\/span> automatique (pas besoin de d\u00e9givrer)<\/li>\n<li class=\"product-features__item-list__item\" role=\"listitem\"><span class=\"is--medium\">Pouvoir de cong\u00e9lation :<\/span> 9kg \/ 24h<\/li>\n<li class=\"product-features__item-list__item\" role=\"listitem\"><span class=\"is--medium\">Le saviez-vous ? :<\/span> plus la capacit\u00e9 de cong\u00e9lation est importante, plus le cong\u00e9lateur cong\u00e8le rapidement les aliments. Les aliments frais se conserveront plus longtemps, et garderont mieux toutes leurs saveurs et nutriments.<\/li>\n<li class=\"product-features__item-list__item\" role=\"listitem\"><span class=\"is--medium\">Autonomie en cas de coupure de courant :<\/span> 14h<\/li>\n<\/ul>\n<\/li>\n<li class=\"product-features__item\" role=\"listitem\">\n<h3 class=\"product-features__label\">Agencement<\/h3>\n<ul role=\"list\">\n<li class=\"product-features__item-list__item\" role=\"listitem\"><span class=\"is--medium\">Nombre de clayettes r\u00e9frig\u00e9rateur :<\/span> 3<\/li>\n<li class=\"product-features__item-list__item\" role=\"listitem\"><span class=\"is--medium\">Mati\u00e8re des clayettes :<\/span> verre<\/li>\n<li class=\"product-features__item-list__item\" role=\"listitem\"><span class=\"is--medium\">Clayette porte bouteille :<\/span> Oui<\/li>\n<li class=\"product-features__item-list__item\" role=\"listitem\"><span class=\"is--medium\">Nombre de tiroirs dans le r\u00e9frig\u00e9rateur :<\/span> 2<\/li>\n<li class=\"product-features__item-list__item\" role=\"listitem\"><span class=\"is--medium\">Type d&rsquo;alimentation d&rsquo;eau :<\/span> ne poss\u00e8de pas cette fonction<\/li>\n<li class=\"product-features__item-list__item\" role=\"listitem\"><span class=\"is--medium\">N\u00e9cessite une arriv\u00e9e d&rsquo;eau :<\/span> non<\/li>\n<li class=\"product-features__item-list__item\" role=\"listitem\"><span class=\"is--medium\">Carafe d&rsquo;eau int\u00e9gr\u00e9e :<\/span> Non<\/li>\n<li class=\"product-features__item-list__item\" role=\"listitem\"><span class=\"is--medium\">Bac \/ tiroir XL dans le cong\u00e9lateur :<\/span> Non<\/li>\n<li class=\"product-features__item-list__item\" role=\"listitem\"><span class=\"is--medium\">Syst\u00e8me \u00e0 gla\u00e7ons :<\/span> bac \u00e0 gla\u00e7ons<\/li>\n<li class=\"product-features__item-list__item\" role=\"listitem\"><span class=\"is--medium\">Zone r\u00e9versible :<\/span> ne poss\u00e8de pas de zone r\u00e9versible<\/li>\n<li class=\"product-features__item-list__item\" role=\"listitem\"><span class=\"is--medium\">Panneau de commandes :<\/span> int\u00e9rieur tactile<\/li>\n<li class=\"product-features__item-list__item\" role=\"listitem\"><span class=\"is--medium\">Fonction \u00e9co :<\/span> ajuste automatiquement la temp\u00e9rature la plus \u00e9conomique en \u00e9nergie<\/li>\n<li class=\"product-features__item-list__item\" role=\"listitem\"><span class=\"is--medium\">Alarme d&rsquo;ouverture de porte :<\/span> permet de signaler une ouverture accidentelle de la porte pour \u00e9viter la d\u00e9perdition de froid<\/li>\n<li class=\"product-features__item-list__item\" role=\"listitem\"><span class=\"is--medium\">Eclairage :<\/span> LED<\/li>\n<li class=\"product-features__item-list__item\" role=\"listitem\"><span class=\"is--medium\">Nombre de tiroirs dans le cong\u00e9lateur :<\/span> 3<\/li>\n<\/ul>\n<\/li>\n<li class=\"product-features__item\" role=\"listitem\">\n<h3 class=\"product-features__label\">Conservation<\/h3>\n<ul role=\"list\">\n<li class=\"product-features__item-list__item\" role=\"listitem\"><span class=\"is--medium\">Zone fra\u00eecheur pour les fruits et l\u00e9gumes :<\/span> oui, la ma\u00eetrise du taux d&rsquo;humidit\u00e9 dans le compartiment permet une conservation parfaite des fruits et l\u00e9gumes<\/li>\n<li class=\"product-features__item-list__item\" role=\"listitem\"><span class=\"is--medium\">Zone fra\u00eecheur pour les viandes et poissons :<\/span> oui, une temp\u00e9rature constante proche de 0\u00b0C et un contr\u00f4le de l&rsquo;humidit\u00e9 permettent une conservation parfaite des viandes et poissons<\/li>\n<\/ul>\n<\/li>\n<li class=\"product-features__item\" role=\"listitem\">\n<h3 class=\"product-features__label\">Technologie<\/h3>\n<ul role=\"list\">\n<li class=\"product-features__item-list__item\" role=\"listitem\"><span class=\"is--medium\">Type de moteur :<\/span> un moteur \u00e0 induction plus silencieux et qui permet aussi de limiter la consommation d&rsquo;\u00e9nergie<\/li>\n<li class=\"product-features__item-list__item\" role=\"listitem\"><span class=\"is--medium\">Connectivit\u00e9 wifi :<\/span> non connect\u00e9<\/li>\n<\/ul>\n<\/li>\n<li class=\"product-features__item\" role=\"listitem\">\n<h3 class=\"product-features__label\">Consommation<\/h3>\n<ul role=\"list\">\n<li class=\"product-features__item-list__item\" role=\"listitem\"><span class=\"is--medium\">Co\u00fbt annuel d&rsquo;utilisation :<\/span> 40 euros<\/li>\n<li class=\"product-features__item-list__item\" role=\"listitem\"><span class=\"is--medium\">Consommation d&rsquo;\u00e9nergie annuelle :<\/span> 159 kWh\/an<\/li>\n<li class=\"product-features__item-list__item\" role=\"listitem\"><span class=\"is--medium\">Label \u00e9nergie :<\/span> C<\/li>\n<li class=\"product-features__item-list__item\" role=\"listitem\"><span class=\"is--medium\">Economie d&rsquo;\u00e9nergie :<\/span> jusqu&rsquo;\u00e0 48% d&rsquo;\u00e9conomie d&rsquo;\u00e9nergie par rapport \u00e0 la classe F<\/li>\n<\/ul>\n<\/li>\n<li class=\"product-features__item\" role=\"listitem\">\n<h3 class=\"product-features__label\">Dimensions<\/h3>\n<ul role=\"list\">\n<li class=\"product-features__item-list__item\" role=\"listitem\"><span class=\"is--medium\">LxHxP :<\/span> 60 x 186 x 66.5 cm<\/li>\n<li class=\"product-features__item-list__item\" role=\"listitem\"><span class=\"is--medium\">Poids net :<\/span> 66 kg<\/li>\n<li class=\"product-features__item-list__item\" role=\"listitem\"><span class=\"is--medium\">Poids brut :<\/span> 72 kg<\/li>\n<\/ul>\n<\/li>\n<li class=\"product-features__item\" role=\"listitem\">\n<h3 class=\"product-features__label\">Informations compl\u00e9mentaires<\/h3>\n<ul role=\"list\">\n<li class=\"product-features__item-list__item\" role=\"listitem\"><span class=\"is--medium\">Garantie :<\/span> 2 ans<\/li>\n<li class=\"product-features__item-list__item\" role=\"listitem\"><span class=\"is--medium\">Disponibilit\u00e9 des pi\u00e8ces d\u00e9tach\u00e9es\u00a0 :<\/span> Pendant 15 ans, \u00e0 compter de la date de fabrication<\/li>\n<li class=\"product-features__item-list__item\" role=\"listitem\"><span class=\"is--medium\">Fabriqu\u00e9 en :<\/span> Pologne<\/li>\n<\/ul>\n<\/li>\n<\/ul>\n<\/div>\n<div class=\"product__disclosure-content\">\n<div class=\"js-read-more product-description__content read-more read-more--truncated\" style=\"max-height: 500px; overflow: hidden;\" data-read-more-name=\"description\"><center><\/center><\/p>\n<div class=\"product__description-content read-more\">\n<p>BOSCH KGN36MICF : L&rsquo;excellence du froid combin\u00e9<\/p>\n<h3>Conservation optimale et design \u00e9l\u00e9gant<\/h3>\n<p>Le r\u00e9frig\u00e9rateur combin\u00e9 BOSCH KGN36MICF, de la s\u00e9rie 4, est un mod\u00e8le pose-libre de 186 x 60 cm, con\u00e7u pour sublimer votre cuisine avec son inox anti-trace de doigts. Dot\u00e9 d&rsquo;un volume total de 321 litres, r\u00e9partis entre 218 litres pour la r\u00e9frig\u00e9ration et 103 litres pour la cong\u00e9lation, il r\u00e9pond aux besoins des m\u00e9nages recherchant \u00e0 la fois capacit\u00e9 et performance. La technologie No Frost assure une conservation sans givre, tandis que les tiroirs VitaFresh XXL &lt;0 \u00b0C&gt; cr\u00e9ent des conditions id\u00e9ales pour prolonger la fra\u00eecheur de vos aliments. La classe d&rsquo;efficacit\u00e9 \u00e9nerg\u00e9tique C et un niveau sonore de seulement 35 dB font de ce r\u00e9frig\u00e9rateur un choix \u00e9co-responsable et discret pour votre foyer.<\/p>\n<h3>Fonctionnalit\u00e9s avanc\u00e9es pour un confort quotidien<\/h3>\n<p>Ce r\u00e9frig\u00e9rateur BOSCH ne se contente pas de conserver vos aliments ; il int\u00e8gre des fonctionnalit\u00e9s avanc\u00e9es pour une utilisation simplifi\u00e9e et s\u00e9curis\u00e9e. La paroi arri\u00e8re profil\u00e9e Multi Airflow distribue l&rsquo;air frais de mani\u00e8re uniforme, assurant une temp\u00e9rature constante. L&rsquo;alarme de porte ouverte vous<\/p>\n<\/div>\n<\/div>\n<\/div>\n<div class=\"product__disclosure-content\">\n<div class=\"js-read-more product-description__content read-more read-more--truncated\" style=\"max-height: 500px; overflow: hidden;\" data-read-more-name=\"description\">\n<div class=\"product__description-content read-more\">\n<p>alerte en cas d&rsquo;oubli, \u00e9vitant ainsi les pertes d&rsquo;\u00e9nergie et la d\u00e9t\u00e9rioration des aliments. Avec le syst\u00e8me Perfect Fit, le r\u00e9frig\u00e9rateur s&rsquo;installe ais\u00e9ment contre un mur ou dans une niche, sans compromettre la circulation de l&rsquo;air. Enfin, la porte r\u00e9versible et les pieds ajustables offrent une flexibilit\u00e9 d&rsquo;installation, tandis que l&rsquo;\u00e9clairage LED et le rack \u00e0 bouteilles chrom\u00e9 ajoutent une touche de raffinement \u00e0 l&rsquo;exp\u00e9rience utilisateur.<\/p>\n<\/div>\n<\/div>\n<p>&nbsp;<\/p>\n<\/div>","protected":false},"excerpt":{"rendered":"<div class=\"keypoints\">\n<h3 class=\"keypoints__title\">Les points cl\u00e9s<\/h3>\n<ul role=\"list\">\n<li class=\"keypoints__item\" role=\"listitem\">LxHxP : 60 x 186 x 66.5 cm<\/li>\n<li class=\"keypoints__item\" role=\"listitem\">Silencieux (35dB) &#8211; Label \u00e9nergie C<\/li>\n<li class=\"keypoints__item\" role=\"listitem\">Volume total : 321,0 L &#8211; D\u00e9givrage automatique du cong\u00e9lateur<\/li>\n<li class=\"keypoints__item\" role=\"listitem\">Frigo de : 218 L (id\u00e9al pour 2 personnes) &#8211; cong\u00e9lateur de 103L<\/li>\n<li class=\"keypoints__item keypoints__item--advantage\" role=\"listitem\"><strong>Le + :<\/strong> VitaFresh XXL &lt;0 \u00b0C&gt;, les conditions id\u00e9ales pour prolonger la fra\u00eecheur de vos aliments<\/li>\n<\/ul>\n<\/div>","protected":false},"featured_media":21128,"template":"","meta":{"_glsr_average":0,"_glsr_ranking":0,"_glsr_reviews":0},"product_cat":[171],"product_tag":[131,172,173],"class_list":{"0":"post-36871","1":"product","2":"type-product","3":"status-publish","4":"has-post-thumbnail","6":"product_cat-refrigerateur-congelateur","7":"product_tag-gros-electromenager","8":"product_tag-refrigerateur","9":"product_tag-refrigerateur-congelateur","11":"first","12":"instock","13":"sale","14":"shipping-taxable","15":"purchasable","16":"product-type-simple"},"_links":{"self":[{"href":"https:\/\/electromenagerexpress.com\/en\/wp-json\/wp\/v2\/product\/36871","targetHints":{"allow":["GET"]}}],"collection":[{"href":"https:\/\/electromenagerexpress.com\/en\/wp-json\/wp\/v2\/product"}],"about":[{"href":"https:\/\/electromenagerexpress.com\/en\/wp-json\/wp\/v2\/types\/product"}],"wp:featuredmedia":[{"embeddable":true,"href":"https:\/\/electromenagerexpress.com\/en\/wp-json\/wp\/v2\/media\/21128"}],"wp:attachment":[{"href":"https:\/\/electromenagerexpress.com\/en\/wp-json\/wp\/v2\/media?parent=36871"}],"wp:term":[{"taxonomy":"product_cat","embeddable":true,"href":"https:\/\/electromenagerexpress.com\/en\/wp-json\/wp\/v2\/product_cat?post=36871"},{"taxonomy":"product_tag","embeddable":true,"href":"https:\/\/electromenagerexpress.com\/en\/wp-json\/wp\/v2\/product_tag?post=36871"}],"curies":[{"name":"wp","href":"https:\/\/api.w.org\/{rel}","templated":true}]}}