{"id":36665,"date":"2024-11-21T09:43:31","date_gmt":"2024-11-21T09:43:31","guid":{"rendered":"https:\/\/electromenagerexpress.com\/product\/refrigerateur-combine-encastrable-hisenserb3b250sawe\/"},"modified":"2026-02-20T12:20:37","modified_gmt":"2026-02-20T12:20:37","slug":"refrigerateur-combine-encastrable-hisenserb3b250sawe","status":"publish","type":"product","link":"https:\/\/electromenagerexpress.com\/en\/product\/refrigerateur-combine-encastrable-hisenserb3b250sawe\/","title":{"rendered":"R\u00e9frig\u00e9rateur combin\u00e9 encastrable \tHISENSE\t\tRB3B250SAWE"},"content":{"rendered":"<div class=\"product-features__content\">\n<p>&nbsp;<\/p>\n<ul role=\"list\">\n<li class=\"product-features__item\" role=\"listitem\">\n<h3 class=\"product-features__label\">Type de r\u00e9frig\u00e9rateur<\/h3>\n<ul role=\"list\">\n<li class=\"product-features__item-list__item\" role=\"listitem\"><span class=\"is--medium\">Format :<\/span> combin\u00e9 avec cong\u00e9lateur en bas<\/li>\n<li class=\"product-features__item-list__item\" role=\"listitem\"><span class=\"is--medium\">Volume total :<\/span> 252,0 L<\/li>\n<li class=\"product-features__item-list__item\" role=\"listitem\"><span class=\"is--medium\">Niveau sonore :<\/span> ultra silencieux (35 db)<\/li>\n<li class=\"product-features__item-list__item\" role=\"listitem\"><span class=\"is--medium\">Classe d&rsquo;\u00e9mission de bruit acoustique dans l&rsquo;air :<\/span> B<\/li>\n<li class=\"product-features__item-list__item\" role=\"listitem\"><span class=\"is--medium\">Couleur du produit :<\/span> produit encastrable, seul votre habillage de porte sera visible<\/li>\n<li class=\"product-features__item-list__item\" role=\"listitem\"><span class=\"is--medium\">Rev\u00eatement ext\u00e9rieur de la porte :<\/span> acier<\/li>\n<\/ul>\n<ul role=\"list\">\n<li class=\"product-features__item-list__item\" role=\"listitem\"><span class=\"is--medium\">Pose de l&rsquo;appareil :<\/span> int\u00e9grable, pour l&rsquo;encastrer dans une niche et l&rsquo;habiller d&rsquo;une porte assortie aux meubles de cuisine<\/li>\n<li class=\"product-features__item-list__item\" role=\"listitem\"><span class=\"is--medium\">Porte d&rsquo;habillage :<\/span> non incluse, il faut venir fixer la porte de votre cuisine \u00e9quip\u00e9e<\/li>\n<li class=\"product-features__item-list__item\" role=\"listitem\"><span class=\"is--medium\">Installation :<\/span> porte sans d\u00e9bord, le r\u00e9frig\u00e9rateur peut \u00eatre install\u00e9 contre le mur<\/li>\n<li class=\"product-features__item-list__item\" role=\"listitem\"><span class=\"is--medium\">Type de porte :<\/span> \u00e0 charni\u00e8re auto porteuse( ou \u00e0 pantographe ), l&rsquo;habillage d\u00e9coratif est fix\u00e9 directement sur la porte du r\u00e9frig\u00e9rateur. Avec ce syst\u00e8me porte-sur-porte, elle peut s&rsquo;ouvrir davantage et le syst\u00e8me est plus robuste.<\/li>\n<li class=\"product-features__item-list__item\" role=\"listitem\"><span class=\"is--medium\">Sens d&rsquo;ouverture de la porte :<\/span> fixation \u00e0 droite r\u00e9versible<\/li>\n<li class=\"product-features__item-list__item\" role=\"listitem\"><span class=\"is--medium\">Classe climatique :<\/span> la classe climatique SN-T,ou classe tropicale \u00e9largie (de 10\u00b0C \u00e0 43 C ), permet un fonctionnement optimum dans des pi\u00e8ces \u00e0 temp\u00e9ratures basses ou \u00e9lev\u00e9es. Id\u00e9ale pour une installation dans un garage, une v\u00e9randa ou une cave<br \/>\n<h3 class=\"product-features__label\">Type d&rsquo;installation<\/h3>\n<\/li>\n<li class=\"product-features__item-list__item\" role=\"listitem\"><span class=\"is--medium\">Porte(s) r\u00e9versible(s) :<\/span> oui, le changement de sens d&rsquo;ouverture de(s) porte(s) peut \u00eatre effectu\u00e9 par nos \u00e9quipes ou par vous-m\u00eame avec le kit de r\u00e9versibilit\u00e9 fourni avec le produit<\/li>\n<\/ul>\n<\/li>\n<li class=\"product-features__item\" role=\"listitem\">\n<h3 class=\"product-features__label\">R\u00e9frig\u00e9rateur<\/h3>\n<ul role=\"list\">\n<li class=\"product-features__item-list__item\" role=\"listitem\"><span class=\"is--medium\">Volume r\u00e9frig\u00e9rateur :<\/span> 176,0 L<\/li>\n<li class=\"product-features__item-list__item\" role=\"listitem\"><span class=\"is--medium\">Froid du r\u00e9frig\u00e9rateur :<\/span> le froid ventil\u00e9 permet une r\u00e9partition du froid de mani\u00e8re homog\u00e8ne et un rangement libre, sans contrainte, des aliments dans le r\u00e9frig\u00e9rateur<\/li>\n<li class=\"product-features__item-list__item\" role=\"listitem\"><span class=\"is--medium\">D\u00e9givrage du r\u00e9frig\u00e9rateur :<\/span> automatique<\/li>\n<li class=\"product-features__item-list__item\" role=\"listitem\"><span class=\"is--medium\">Type de thermostat :<\/span> \u00e9lectronique, permet un r\u00e9glage pr\u00e9cis de la temp\u00e9rature du r\u00e9frig\u00e9rateur. Esth\u00e9tique, intuitif et nettoyage facile<\/li>\n<\/ul>\n<\/li>\n<li class=\"product-features__item\" role=\"listitem\">\n<h3 class=\"product-features__label\">Cong\u00e9lateur<\/h3>\n<ul role=\"list\">\n<li class=\"product-features__item-list__item\" role=\"listitem\"><span class=\"is--medium\">Volume du cong\u00e9lateur :<\/span> 76 L<\/li>\n<li class=\"product-features__item-list__item\" role=\"listitem\"><span class=\"is--medium\">D\u00e9givrage du cong\u00e9lateur :<\/span> automatique (pas besoin de d\u00e9givrer)<\/li>\n<li class=\"product-features__item-list__item\" role=\"listitem\"><span class=\"is--medium\">Pouvoir de cong\u00e9lation :<\/span> 6kg \/ 24h<\/li>\n<li class=\"product-features__item-list__item\" role=\"listitem\"><span class=\"is--medium\">Le saviez-vous ? :<\/span> plus la capacit\u00e9 de cong\u00e9lation est importante, plus le cong\u00e9lateur cong\u00e8le rapidement les aliments. Les aliments frais se conserveront plus longtemps, et garderont mieux toutes leurs saveurs et nutriments.<\/li>\n<li class=\"product-features__item-list__item\" role=\"listitem\"><span class=\"is--medium\">Autonomie en cas de coupure de courant :<\/span> 10h<\/li>\n<\/ul>\n<\/li>\n<li class=\"product-features__item\" role=\"listitem\">\n<h3 class=\"product-features__label\">Agencement<\/h3>\n<ul role=\"list\">\n<li class=\"product-features__item-list__item\" role=\"listitem\"><span class=\"is--medium\">Nombre de clayettes r\u00e9frig\u00e9rateur :<\/span> 2<\/li>\n<li class=\"product-features__item-list__item\" role=\"listitem\"><span class=\"is--medium\">Mati\u00e8re des clayettes :<\/span> verre<\/li>\n<li class=\"product-features__item-list__item\" role=\"listitem\"><span class=\"is--medium\">Clayette porte bouteille :<\/span> Oui<\/li>\n<li class=\"product-features__item-list__item\" role=\"listitem\"><span class=\"is--medium\">Nombre de tiroirs dans le r\u00e9frig\u00e9rateur :<\/span> 2<\/li>\n<li class=\"product-features__item-list__item\" role=\"listitem\"><span class=\"is--medium\">Type d&rsquo;alimentation d&rsquo;eau :<\/span> ne poss\u00e8de pas cette fonction<\/li>\n<li class=\"product-features__item-list__item\" role=\"listitem\"><span class=\"is--medium\">N\u00e9cessite une arriv\u00e9e d&rsquo;eau :<\/span> non<\/li>\n<li class=\"product-features__item-list__item\" role=\"listitem\"><span class=\"is--medium\">Zone r\u00e9versible :<\/span> le compartiment cong\u00e9lateur peut se convertir en r\u00e9frig\u00e9rateur selon vos besoins<\/li>\n<li class=\"product-features__item-list__item\" role=\"listitem\"><span class=\"is--medium\">Panneau de commandes :<\/span> int\u00e9rieur tactile<\/li>\n<li class=\"product-features__item-list__item\" role=\"listitem\"><span class=\"is--medium\">Alarme d&rsquo;ouverture de porte :<\/span> permet de signaler une ouverture accidentelle de la porte pour \u00e9viter la d\u00e9perdition de froid<\/li>\n<li class=\"product-features__item-list__item\" role=\"listitem\"><span class=\"is--medium\">Eclairage :<\/span> LED<\/li>\n<li class=\"product-features__item-list__item\" role=\"listitem\"><span class=\"is--medium\">Nombre de tiroirs dans le cong\u00e9lateur :<\/span> 3<\/li>\n<\/ul>\n<\/li>\n<li class=\"product-features__item\" role=\"listitem\">\n<h3 class=\"product-features__label\">Conservation<\/h3>\n<ul role=\"list\">\n<li class=\"product-features__item-list__item\" role=\"listitem\"><span class=\"is--medium\">Zone fra\u00eecheur pour les fruits et l\u00e9gumes :<\/span> oui, la ma\u00eetrise du taux d&rsquo;humidit\u00e9 dans le compartiment permet une conservation parfaite des fruits et l\u00e9gumes<\/li>\n<li class=\"product-features__item-list__item\" role=\"listitem\"><span class=\"is--medium\">Zone fra\u00eecheur pour les viandes et poissons :<\/span> oui, une temp\u00e9rature constante proche de 0\u00b0C et un contr\u00f4le de l&rsquo;humidit\u00e9 permettent une conservation parfaite des viandes et poissons<\/li>\n<li class=\"product-features__item-list__item\" role=\"listitem\"><span class=\"is--medium\">Fonction r\u00e9frig\u00e9ration rapide :<\/span> oui, la r\u00e9frig\u00e9ration rapide permet d&rsquo;acc\u00e9l\u00e9rer la baisse de la temp\u00e9rature dans votre r\u00e9frig\u00e9rateur pour refroidir les aliments dans un d\u00e9lai tr\u00e8s court pour conserver saveurs et nutriments<\/li>\n<li class=\"product-features__item-list__item\" role=\"listitem\"><span class=\"is--medium\">Fonction cong\u00e9lation rapide :<\/span> oui, elle permet d&rsquo;acc\u00e9l\u00e9rer la baisse de la temp\u00e9rature pour congeler rapidement les aliments en conservant leurs saveurs et nutriments<\/li>\n<li class=\"product-features__item-list__item\" role=\"listitem\"><span class=\"is--medium\">Am\u00e9lioration du refroidissement :<\/span> oui, une plaque de m\u00e9tal permet de capturer l&rsquo;air frais et le redistribuer de mani\u00e8re homog\u00e8ne pour un refroidissement plus rapide des aliments<\/li>\n<\/ul>\n<\/li>\n<li class=\"product-features__item\" role=\"listitem\">\n<h3 class=\"product-features__label\">Technologie<\/h3>\n<ul role=\"list\">\n<li class=\"product-features__item-list__item\" role=\"listitem\"><span class=\"is--medium\">Type de moteur :<\/span> inverter, un compresseur \u00e0 induction plus silencieux et qui permet aussi de limiter la consommation d&rsquo;\u00e9nergie<\/li>\n<li class=\"product-features__item-list__item\" role=\"listitem\"><span class=\"is--medium\">Multi Air Flow :<\/span> dispose d&rsquo;a\u00e9rations qui injectent de l&rsquo;air frais de mani\u00e8re homog\u00e8ne dans l&rsquo;appareil.<\/li>\n<li class=\"product-features__item-list__item\" role=\"listitem\"><span class=\"is--medium\">Dual Tech Cooling :<\/span> deux syst\u00e8mes de froid ind\u00e9pendants pour garder plus d&rsquo;humidit\u00e9 dans le r\u00e9frig\u00e9rateur et \u00e9viter les m\u00e9langes d&rsquo;odeurs.<\/li>\n<li class=\"product-features__item-list__item\" role=\"listitem\"><span class=\"is--medium\">Connectivit\u00e9 wifi :<\/span> oui, permet de contr\u00f4ler \u00e0 distance la temp\u00e9rature et de diagnostiquer une panne<\/li>\n<li class=\"product-features__item-list__item\" role=\"listitem\"><span class=\"is--medium\">Compatibilit\u00e9 :<\/span> iOs et Android<\/li>\n<li class=\"product-features__item-list__item\" role=\"listitem\"><span class=\"is--medium\">Application d\u00e9di\u00e9e :<\/span> ConnectLife<\/li>\n<\/ul>\n<\/li>\n<li class=\"product-features__item\" role=\"listitem\">\n<h3 class=\"product-features__label\">Consommation<\/h3>\n<ul role=\"list\">\n<li class=\"product-features__item-list__item\" role=\"listitem\"><span class=\"is--medium\">Co\u00fbt annuel d&rsquo;utilisation :<\/span> 59 euros<\/li>\n<li class=\"product-features__item-list__item\" role=\"listitem\"><span class=\"is--medium\">Consommation d&rsquo;\u00e9nergie annuelle :<\/span> 235 kWh\/an<\/li>\n<li class=\"product-features__item-list__item\" role=\"listitem\"><span class=\"is--medium\">Label \u00e9nergie :<\/span> E<\/li>\n<li class=\"product-features__item-list__item\" role=\"listitem\"><span class=\"is--medium\">Economie d&rsquo;\u00e9nergie :<\/span> un changement de classe \u00e9nerg\u00e9tique repr\u00e9sente environ 16% d&rsquo;\u00e9conomie sur votre consommation d&rsquo;\u00e9nergie<\/li>\n<\/ul>\n<\/li>\n<li class=\"product-features__item\" role=\"listitem\">\n<h3 class=\"product-features__label\">Dimensions<\/h3>\n<ul role=\"list\">\n<li class=\"product-features__item-list__item\" role=\"listitem\"><span class=\"is--medium\">LxHxP :<\/span> 54 x 177.2 x 54.5 cm<\/li>\n<li class=\"product-features__item-list__item\" role=\"listitem\"><span class=\"is--medium\">Dimensions d&rsquo;encastrement l x h x p :<\/span> 56 x 177.6 x 55 cm<\/li>\n<li class=\"product-features__item-list__item\" role=\"listitem\"><span class=\"is--medium\">Poids net :<\/span> 57 kg<\/li>\n<li class=\"product-features__item-list__item\" role=\"listitem\"><span class=\"is--medium\">Poids brut :<\/span> 61 kg<\/li>\n<\/ul>\n<ul role=\"list\">\n<li class=\"product-features__item-list__item\" role=\"listitem\"><span class=\"is--medium\">Garantie :<\/span> 2 ans<\/li>\n<li class=\"product-features__item-list__item\" role=\"listitem\"><span class=\"is--medium\">Disponibilit\u00e9 des pi\u00e8ces d\u00e9tach\u00e9es (donn\u00e9es fournisseur) :<\/span> Pendant 10 ans, \u00e0 compter de la date d&rsquo;achat<\/li>\n<li class=\"product-features__item-list__item\" role=\"listitem\"><span class=\"is--medium\">Fabriqu\u00e9 en :<\/span> Chine<br \/>\n<h3 class=\"product-features__label\">Informations compl\u00e9mentaires<\/h3>\n<\/li>\n<\/ul>\n<ul role=\"list\">\n<li class=\"product-features__item-list__item\" role=\"listitem\"><\/li>\n<\/ul>\n<\/li>\n<\/ul>\n<\/div>\n<div class=\"product__disclosure-content\">\n<div class=\"js-read-more product-description__content read-more read-more--truncated\" style=\"max-height: 500px; overflow: hidden;\" data-read-more-name=\"description\">\n<div class=\"product__description-content read-more\">\n<p>Optimisez votre espace avec le R\u00e9frig\u00e9rateur combin\u00e9 encastrable HISENSE RB3B250SAWE<\/p>\n<h3><img fetchpriority=\"high\" decoding=\"async\" class=\"wy_tableau_gauche\" src=\"https:\/\/boulanger.scene7.com\/is\/image\/Boulanger\/6921727081957_h_f_l_0?wid=400&amp;hei=270\" alt=\"R\u00e9frig\u00e9rateur combin\u00e9 encastrable HISENSE RB3B250SAWE\" width=\"400\" height=\"270\" \/>Conception ing\u00e9nieuse et capacit\u00e9 optimale<\/h3>\n<p>Le HISENSE RB3B250SAWE se distingue par son design encastrable \u00e9l\u00e9gant, s&rsquo;int\u00e9grant parfaitement \u00e0 votre cuisine avec une porte blanche personnalisable selon le meuble. Avec un volume net total de 252L, dont 176L pour le r\u00e9frig\u00e9rateur et 76L pour le cong\u00e9lateur, ce mod\u00e8le r\u00e9pond aux besoins des m\u00e9nages souhaitant maximiser leur espace de conservation. Les deux clayettes en verre,<\/p>\n<\/div>\n<\/div>\n<p>&nbsp;<\/p>\n<div class=\"js-read-more product-description__content read-more read-more--truncated\" style=\"max-height: 500px; overflow: hidden;\" data-read-more-name=\"description\">\n<div class=\"product__description-content read-more\">\n<p>&nbsp;<\/p>\n<p>la clayette porte bouteilles d\u00e9di\u00e9e et le tiroir zone fra\u00eecheur trait\u00e9 antibact\u00e9rien garantissent une organisation efficace et hygi\u00e9nique de vos aliments. La technologie No Frost \u00e9vite la formation de givre, assurant ainsi un entretien simplifi\u00e9 et une conservation optimale.<\/p>\n<h3><img decoding=\"async\" class=\"wy_tableau_right\" src=\"https:\/\/boulanger.scene7.com\/is\/image\/Boulanger\/6921727081957_h_f_l_1?wid=400&amp;hei=270\" alt=\"R\u00e9frig\u00e9rateur combin\u00e9 encastrable HISENSE RB3B250SAWE\" width=\"400\" height=\"270\" \/>Technologie avanc\u00e9e et performances \u00e9nerg\u00e9tiques<\/h3>\n<p>Dot\u00e9 de la technologie Dual Tech Cooling et MetalTechCooling, le r\u00e9frig\u00e9rateur HISENSE RB3B250SAWE maintient un contr\u00f4le pr\u00e9cis de la temp\u00e9rature et de l&rsquo;humidit\u00e9, pr\u00e9servant la fra\u00eecheur des aliments plus longtemps. Le panneau de contr\u00f4le LED tactile sous verre, l&rsquo;\u00e9clairage LED progressif et le syst\u00e8me Multi Air Flow contribuent \u00e0 une utilisation intuitive et \u00e0 une visibilit\u00e9 parfaite. Avec une classe \u00e9nerg\u00e9tique E, une consommation annuelle de 235 kWh et un niveau sonore de seulement 35 dB(A), ce combin\u00e9 est con\u00e7u pour une efficacit\u00e9 \u00e9nerg\u00e9tique et un fonctionnement silencieux. Les fonctions ConvertActive, Eco et cong\u00e9lation rapide offrent une flexibilit\u00e9 accrue, tandis que l&rsquo;alarme de porte ouverte et la possibilit\u00e9 d&rsquo;inverser les portes assurent une s\u00e9curit\u00e9 et une adaptabilit\u00e9 maximales.<\/p>\n<\/div>\n<\/div>\n<p>&nbsp;<\/p>\n<\/div>","protected":false},"excerpt":{"rendered":"<div class=\"keypoints\">\n<h3 class=\"keypoints__title\">Les points cl\u00e9s<\/h3>\n<ul role=\"list\">\n<li class=\"keypoints__item\" role=\"listitem\">LxHxP : 54 x 177.2 x 54.5 cm<\/li>\n<li class=\"keypoints__item\" role=\"listitem\">Silencieux (35dB) &#8211; Label \u00e9nergie E<\/li>\n<li class=\"keypoints__item\" role=\"listitem\">Volume total : 252,0 L &#8211; D\u00e9givrage automatique du cong\u00e9lateur<\/li>\n<li class=\"keypoints__item\" role=\"listitem\">Frigo de : 176 L (id\u00e9al pour 2 personnes) &#8211; cong\u00e9lateur de 76L<\/li>\n<li class=\"keypoints__item keypoints__item--advantage\" role=\"listitem\"><strong>Le + :<\/strong> MetalTechCooling, descente en temp\u00e9rature plus rapide pour moins de rupture de la cha\u00eene du froid<\/li>\n<\/ul>\n<\/div>","protected":false},"featured_media":18830,"template":"","meta":{"_glsr_average":0,"_glsr_ranking":0,"_glsr_reviews":0},"product_cat":[171],"product_tag":[131,172,173],"class_list":{"0":"post-36665","1":"product","2":"type-product","3":"status-publish","4":"has-post-thumbnail","6":"product_cat-refrigerateur-congelateur","7":"product_tag-gros-electromenager","8":"product_tag-refrigerateur","9":"product_tag-refrigerateur-congelateur","11":"first","12":"instock","13":"sale","14":"shipping-taxable","15":"purchasable","16":"product-type-simple"},"_links":{"self":[{"href":"https:\/\/electromenagerexpress.com\/en\/wp-json\/wp\/v2\/product\/36665","targetHints":{"allow":["GET"]}}],"collection":[{"href":"https:\/\/electromenagerexpress.com\/en\/wp-json\/wp\/v2\/product"}],"about":[{"href":"https:\/\/electromenagerexpress.com\/en\/wp-json\/wp\/v2\/types\/product"}],"wp:featuredmedia":[{"embeddable":true,"href":"https:\/\/electromenagerexpress.com\/en\/wp-json\/wp\/v2\/media\/18830"}],"wp:attachment":[{"href":"https:\/\/electromenagerexpress.com\/en\/wp-json\/wp\/v2\/media?parent=36665"}],"wp:term":[{"taxonomy":"product_cat","embeddable":true,"href":"https:\/\/electromenagerexpress.com\/en\/wp-json\/wp\/v2\/product_cat?post=36665"},{"taxonomy":"product_tag","embeddable":true,"href":"https:\/\/electromenagerexpress.com\/en\/wp-json\/wp\/v2\/product_tag?post=36665"}],"curies":[{"name":"wp","href":"https:\/\/api.w.org\/{rel}","templated":true}]}}