{"id":36583,"date":"2024-11-21T09:38:56","date_gmt":"2024-11-21T09:38:56","guid":{"rendered":"https:\/\/electromenagerexpress.com\/product\/refrigerateur-combinehisenserb372n4ccd\/"},"modified":"2026-03-18T14:51:53","modified_gmt":"2026-03-18T14:51:53","slug":"refrigerateur-combinehisenserb372n4ccd","status":"publish","type":"product","link":"https:\/\/electromenagerexpress.com\/en\/product\/refrigerateur-combinehisenserb372n4ccd\/","title":{"rendered":"R\u00e9frig\u00e9rateur combin\u00e9\tHISENSE\tRB372N4CCD"},"content":{"rendered":"<div class=\"product-features__content\">\n<p>&nbsp;<\/p>\n<ul role=\"list\">\n<li class=\"product-features__item\" role=\"listitem\">\n<h3 class=\"product-features__label\">Type de r\u00e9frig\u00e9rateur<\/h3>\n<ul role=\"list\">\n<li class=\"product-features__item-list__item\" role=\"listitem\"><span class=\"is--medium\">Format :<\/span> combin\u00e9 avec cong\u00e9lateur en bas<\/li>\n<li class=\"product-features__item-list__item\" role=\"listitem\"><span class=\"is--medium\">Volume total :<\/span> 292,0 L<\/li>\n<li class=\"product-features__item-list__item\" role=\"listitem\"><span class=\"is--medium\">Niveau sonore :<\/span> silencieux (36 db)<\/li>\n<li class=\"product-features__item-list__item\" role=\"listitem\"><span class=\"is--medium\">Classe d&rsquo;\u00e9mission de bruit acoustique dans l&rsquo;air :<\/span> C<\/li>\n<li class=\"product-features__item-list__item\" role=\"listitem\"><span class=\"is--medium\">Couleur du produit :<\/span> argent\u00e9<\/li>\n<li class=\"product-features__item-list__item\" role=\"listitem\"><span class=\"is--medium\">Rev\u00eatement ext\u00e9rieur de la porte :<\/span> inox<\/li>\n<\/ul>\n<\/li>\n<li class=\"product-features__item\" role=\"listitem\">\n<h3 class=\"product-features__label\">Type d&rsquo;installation<\/h3>\n<ul role=\"list\">\n<li class=\"product-features__item-list__item\" role=\"listitem\"><span class=\"is--medium\">Pose de l&rsquo;appareil :<\/span> pose libre, peut \u00eatre install\u00e9 librement dans n&rsquo;importe quelle pi\u00e8ce de la maison<\/li>\n<li class=\"product-features__item-list__item\" role=\"listitem\"><span class=\"is--medium\">Installation :<\/span> porte sans d\u00e9bord, le r\u00e9frig\u00e9rateur peut \u00eatre install\u00e9 contre le mur<\/li>\n<li class=\"product-features__item-list__item\" role=\"listitem\"><span class=\"is--medium\">Sens d&rsquo;ouverture de la porte :<\/span> fixation \u00e0 droite r\u00e9versible<\/li>\n<li class=\"product-features__item-list__item\" role=\"listitem\"><span class=\"is--medium\">Type de poign\u00e9e(s) :<\/span> int\u00e9gr\u00e9e(s), elles sont invisibles pour un rendu esth\u00e9tique<\/li>\n<li class=\"product-features__item-list__item\" role=\"listitem\"><span class=\"is--medium\">Classe climatique :<\/span> la classe climatique SN\/ST (de 10\u00b0C \u00e0 38\u00b0C) permet un fonctionnement optimum dans cette plage de temp\u00e9ratures<\/li>\n<li class=\"product-features__item-list__item\" role=\"listitem\"><span class=\"is--medium\">Porte(s) r\u00e9versible(s) :<\/span> oui, le changement de sens d&rsquo;ouverture de(s) porte(s) peut \u00eatre effectu\u00e9 par nos \u00e9quipes ou par vous-m\u00eame avec le kit de r\u00e9versibilit\u00e9 fourni avec le produit<\/li>\n<\/ul>\n<\/li>\n<li class=\"product-features__item\" role=\"listitem\">\n<h3 class=\"product-features__label\">R\u00e9frig\u00e9rateur<\/h3>\n<ul role=\"list\">\n<li class=\"product-features__item-list__item\" role=\"listitem\"><span class=\"is--medium\">Volume r\u00e9frig\u00e9rateur :<\/span> 207,0 L<\/li>\n<li class=\"product-features__item-list__item\" role=\"listitem\"><span class=\"is--medium\">Froid du r\u00e9frig\u00e9rateur :<\/span> le froid ventil\u00e9 permet une r\u00e9partition du froid de mani\u00e8re homog\u00e8ne et un rangement libre, sans contrainte, des aliments dans le r\u00e9frig\u00e9rateur<\/li>\n<li class=\"product-features__item-list__item\" role=\"listitem\"><span class=\"is--medium\">D\u00e9givrage du r\u00e9frig\u00e9rateur :<\/span> automatique<\/li>\n<\/ul>\n<\/li>\n<li class=\"product-features__item\" role=\"listitem\">\n<h3 class=\"product-features__label\">Cong\u00e9lateur<\/h3>\n<ul role=\"list\">\n<li class=\"product-features__item-list__item\" role=\"listitem\"><span class=\"is--medium\">Volume du cong\u00e9lateur :<\/span> 85 L<\/li>\n<li class=\"product-features__item-list__item\" role=\"listitem\"><span class=\"is--medium\">D\u00e9givrage du cong\u00e9lateur :<\/span> automatique (pas besoin de d\u00e9givrer)<\/li>\n<li class=\"product-features__item-list__item\" role=\"listitem\"><span class=\"is--medium\">Pouvoir de cong\u00e9lation :<\/span> 6kg \/ 24h<\/li>\n<li class=\"product-features__item-list__item\" role=\"listitem\"><span class=\"is--medium\">Le saviez-vous ? :<\/span> plus la capacit\u00e9 de cong\u00e9lation est importante, plus le cong\u00e9lateur cong\u00e8le rapidement les aliments. Les aliments frais se conserveront plus longtemps, et garderont mieux toutes leurs saveurs et nutriments.<\/li>\n<li class=\"product-features__item-list__item\" role=\"listitem\"><span class=\"is--medium\">Autonomie en cas de coupure de courant :<\/span> 10h<\/li>\n<\/ul>\n<\/li>\n<li class=\"product-features__item\" role=\"listitem\">\n<h3 class=\"product-features__label\">Agencement<\/h3>\n<ul role=\"list\">\n<li class=\"product-features__item-list__item\" role=\"listitem\"><span class=\"is--medium\">Nombre de clayettes r\u00e9frig\u00e9rateur :<\/span> 2<\/li>\n<li class=\"product-features__item-list__item\" role=\"listitem\"><span class=\"is--medium\">Mati\u00e8re des clayettes :<\/span> verre<\/li>\n<li class=\"product-features__item-list__item\" role=\"listitem\"><span class=\"is--medium\">Clayette porte bouteille :<\/span> Oui<\/li>\n<li class=\"product-features__item-list__item\" role=\"listitem\"><span class=\"is--medium\">Nombre de tiroirs dans le r\u00e9frig\u00e9rateur :<\/span> 2<\/li>\n<li class=\"product-features__item-list__item\" role=\"listitem\"><span class=\"is--medium\">Type d&rsquo;alimentation d&rsquo;eau :<\/span> ne poss\u00e8de pas cette fonction<\/li>\n<li class=\"product-features__item-list__item\" role=\"listitem\"><span class=\"is--medium\">N\u00e9cessite une arriv\u00e9e d&rsquo;eau :<\/span> non<\/li>\n<li class=\"product-features__item-list__item\" role=\"listitem\"><span class=\"is--medium\">Carafe d&rsquo;eau int\u00e9gr\u00e9e :<\/span> Non<\/li>\n<li class=\"product-features__item-list__item\" role=\"listitem\"><span class=\"is--medium\">Bac \/ tiroir XL dans le cong\u00e9lateur :<\/span> Oui<\/li>\n<li class=\"product-features__item-list__item\" role=\"listitem\"><span class=\"is--medium\">Syst\u00e8me \u00e0 gla\u00e7ons :<\/span> bac \u00e0 gla\u00e7ons<\/li>\n<li class=\"product-features__item-list__item\" role=\"listitem\"><span class=\"is--medium\">Zone r\u00e9versible :<\/span> ne poss\u00e8de pas de zone r\u00e9versible<\/li>\n<li class=\"product-features__item-list__item\" role=\"listitem\"><span class=\"is--medium\">Panneau de commandes :<\/span> ext\u00e9rieur tactile<\/li>\n<li class=\"product-features__item-list__item\" role=\"listitem\"><span class=\"is--medium\">Mode vacances :<\/span> permet de conserver des denr\u00e9es non p\u00e9rissables ( oeufs, boissons,&#8230;) \u00e0 une temp\u00e9rature d&rsquo;environ 15\u00b0C en r\u00e9alisant une \u00e9conomie d&rsquo;\u00e9nergie<\/li>\n<li class=\"product-features__item-list__item\" role=\"listitem\"><span class=\"is--medium\">Eclairage :<\/span> LED<\/li>\n<li class=\"product-features__item-list__item\" role=\"listitem\"><span class=\"is--medium\">Nombre de clayettes cong\u00e9lateur :<\/span> 0<\/li>\n<li class=\"product-features__item-list__item\" role=\"listitem\"><span class=\"is--medium\">Nombre de tiroirs dans le cong\u00e9lateur :<\/span> 3<\/li>\n<\/ul>\n<\/li>\n<li class=\"product-features__item\" role=\"listitem\">\n<h3 class=\"product-features__label\">Conservation<\/h3>\n<ul role=\"list\">\n<li class=\"product-features__item-list__item\" role=\"listitem\"><span class=\"is--medium\">Zone fra\u00eecheur pour les fruits et l\u00e9gumes :<\/span> oui, la ma\u00eetrise du taux d&rsquo;humidit\u00e9 dans le compartiment permet une conservation parfaite des fruits et l\u00e9gumes<\/li>\n<li class=\"product-features__item-list__item\" role=\"listitem\"><span class=\"is--medium\">Fonction cong\u00e9lation rapide :<\/span> oui, elle permet d&rsquo;acc\u00e9l\u00e9rer la baisse de la temp\u00e9rature pour congeler rapidement les aliments en conservant leurs saveurs et nutriments<\/li>\n<\/ul>\n<\/li>\n<li class=\"product-features__item\" role=\"listitem\">\n<h3 class=\"product-features__label\">Technologie<\/h3>\n<ul role=\"list\">\n<li class=\"product-features__item-list__item\" role=\"listitem\"><span class=\"is--medium\">Type de moteur :<\/span> inverter, un compresseur \u00e0 induction plus silencieux et qui permet aussi de limiter la consommation d&rsquo;\u00e9nergie<\/li>\n<li class=\"product-features__item-list__item\" role=\"listitem\"><span class=\"is--medium\">Multi Air Flow :<\/span> dispose d&rsquo;a\u00e9rations qui injectent de l&rsquo;air frais de mani\u00e8re homog\u00e8ne dans l&rsquo;appareil.<\/li>\n<li class=\"product-features__item-list__item\" role=\"listitem\"><span class=\"is--medium\">Connectivit\u00e9 wifi :<\/span> non connect\u00e9<\/li>\n<\/ul>\n<\/li>\n<li class=\"product-features__item\" role=\"listitem\">\n<h3 class=\"product-features__label\">Consommation<\/h3>\n<ul role=\"list\">\n<li class=\"product-features__item-list__item\" role=\"listitem\"><span class=\"is--medium\">Co\u00fbt annuel d&rsquo;utilisation :<\/span> 47 euros<\/li>\n<li class=\"product-features__item-list__item\" role=\"listitem\"><span class=\"is--medium\">Consommation d&rsquo;\u00e9nergie annuelle :<\/span> 188 kWh\/an<\/li>\n<li class=\"product-features__item-list__item\" role=\"listitem\"><span class=\"is--medium\">Label \u00e9nergie :<\/span> D<\/li>\n<li class=\"product-features__item-list__item\" role=\"listitem\"><span class=\"is--medium\">Economie d&rsquo;\u00e9nergie :<\/span> jusqu&rsquo;\u00e0 32% d&rsquo;\u00e9conomie d&rsquo;\u00e9nergie par rapport \u00e0 la classe F<\/li>\n<\/ul>\n<\/li>\n<li class=\"product-features__item\" role=\"listitem\">\n<h3 class=\"product-features__label\">Dimensions<\/h3>\n<ul role=\"list\">\n<li class=\"product-features__item-list__item\" role=\"listitem\"><span class=\"is--medium\">LxHxP :<\/span> 59.5 x 178.5 x 59 cm<\/li>\n<li class=\"product-features__item-list__item\" role=\"listitem\"><span class=\"is--medium\">Poids net :<\/span> 60 kg<\/li>\n<li class=\"product-features__item-list__item\" role=\"listitem\"><span class=\"is--medium\">Poids brut :<\/span> 65 kg<\/li>\n<\/ul>\n<\/li>\n<li class=\"product-features__item\" role=\"listitem\">\n<h3 class=\"product-features__label\">Informations compl\u00e9mentaires<\/h3>\n<ul role=\"list\">\n<li class=\"product-features__item-list__item\" role=\"listitem\"><span class=\"is--medium\">Garantie :<\/span> 2 ans<\/li>\n<li class=\"product-features__item-list__item\" role=\"listitem\"><span class=\"is--medium\">Disponibilit\u00e9 des pi\u00e8ces d\u00e9tach\u00e9es (donn\u00e9es fournisseur) :<\/span> Pendant 10 ans, \u00e0 compter de la Date de fin de fabrication<\/li>\n<li class=\"product-features__item-list__item\" role=\"listitem\"><span class=\"is--medium\">Fabriqu\u00e9 en :<\/span> Chine<\/li>\n<\/ul>\n<\/li>\n<\/ul>\n<\/div>\n<div class=\"product__disclosure-content\">\n<div class=\"js-read-more product-description__content read-more read-more--truncated\" style=\"max-height: 500px; overflow: hidden;\" data-read-more-name=\"description\">\n<p>Le r\u00e9frig\u00e9rateur HISENSE RB372N4CCD est id\u00e9al pour les petits espaces, sans perdre de vue les fonctionnalit\u00e9s essentielles.<\/p>\n<h3><img fetchpriority=\"high\" decoding=\"async\" class=\"wy_tableau_gauche\" src=\"https:\/\/boulanger.scene7.com\/is\/image\/Boulanger\/6921727062819_h_f_l_0?wid=400&amp;hei=270\" alt=\"Combi HISENSE RB372N4CCD\" width=\"400\" height=\"270\" \/>Un r\u00e9frig\u00e9rateur qui fait tout, et qui \u00e9vite de givrer vos aliments<\/h3>\n<p>Ce r\u00e9frig\u00e9rateur HISENSE RB372N4CCD vous propose un combin\u00e9 r\u00e9frig\u00e9rateur et cong\u00e9lateur tr\u00e8s pratique avec une capacit\u00e9 de 292 L au total. Le syst\u00e8me <b>Multi Air Flow a \u00e9t\u00e9 con\u00e7u pour r\u00e9partir l&rsquo;air ventil\u00e9 de fa\u00e7on homog\u00e8ne<\/b> dans le compartiment de r\u00e9frig\u00e9ration.<\/p>\n<p>Gr\u00e2ce \u00e0 la technologie \u00ab\u00a0No Frost\u00a0\u00bb dans les 2 compartiments, le r\u00e9frig\u00e9rateur HISENSE RB372N4CCD <b>\u00e9vitera la formation de givre sur vos aliments<\/b>. Vos l\u00e9gumes appr\u00e9cieront et l&rsquo;entretien sera d&rsquo;autant plus facile. De plus, cette technologie vous \u00e9vitera du gaspillage d&rsquo;\u00e9nergie.<\/p>\n<h3><img decoding=\"async\" class=\"wy_tableau_right\" src=\"https:\/\/boulanger.scene7.com\/is\/image\/Boulanger\/6921727062819_h_f_l_1?wid=400&amp;hei=270\" alt=\"Combi HISENSE RB372N4CCD\" width=\"400\" height=\"270\" \/>Silencieux et adapt\u00e9 aux petits espaces<\/h3>\n<p>Ce r\u00e9frig\u00e9rateur HISENSE RB372N4CCD est hyper silencieux, il ne produit <b>que 39 dB en fonctionnement<\/b>. Il s&rsquo;int\u00e9grera donc parfaitement dans une cuisine ouverte ou dans un petit appartement, son bruit de fonctionnement ne vous d\u00e9rangera pas au quotidien, m\u00eame dans une pi\u00e8ce calme.<\/p>\n<p>Gr\u00e2ce \u00e0 l&rsquo;ouverture de porte \u00e0 90 degr\u00e9s sans d\u00e9bord, le r\u00e9frig\u00e9rateur HISENSE RB372N4CCD <b>peut \u00eatre install\u00e9 directement contre un mur<\/b>. Vous n&rsquo;avez donc pas besoin de pr\u00e9voir un espace pour l&rsquo;ouverture de la porte. Si l&rsquo;orientation ne convient pas, vous avez aussi l&rsquo;option d&rsquo;inverser le sens d&rsquo;ouverture de la porte.<\/p>\n<\/div>\n<p>&nbsp;<\/p>\n<\/div>","protected":false},"excerpt":{"rendered":"<div class=\"keypoints\">\n<h3 class=\"keypoints__title\">Les points cl\u00e9s<\/h3>\n<ul role=\"list\">\n<li class=\"keypoints__item\" role=\"listitem\">LxHxP : 59.5 x 178.5 x 59 cm<\/li>\n<li class=\"keypoints__item\" role=\"listitem\">Silencieux (36dB) &#8211; Label \u00e9nergie D<\/li>\n<li class=\"keypoints__item\" role=\"listitem\">Volume total : 292,0 L &#8211; D\u00e9givrage automatique du cong\u00e9lateur<\/li>\n<li class=\"keypoints__item\" role=\"listitem\">Frigo de : 207 L (id\u00e9al pour 2 personnes) &#8211; cong\u00e9lateur de 85L<\/li>\n<li class=\"keypoints__item keypoints__item--advantage\" role=\"listitem\"><strong>Le + :<\/strong> Multi Air Flow, une r\u00e9frig\u00e9ration innovante pour unefra\u00eecheur optimis\u00e9e.<\/li>\n<\/ul>\n<\/div>","protected":false},"featured_media":17695,"template":"","meta":{"_glsr_average":0,"_glsr_ranking":0,"_glsr_reviews":0},"product_cat":[171],"product_tag":[131,172,173],"class_list":{"0":"post-36583","1":"product","2":"type-product","3":"status-publish","4":"has-post-thumbnail","6":"product_cat-refrigerateur-congelateur","7":"product_tag-gros-electromenager","8":"product_tag-refrigerateur","9":"product_tag-refrigerateur-congelateur","11":"first","12":"instock","13":"sale","14":"shipping-taxable","15":"purchasable","16":"product-type-simple"},"_links":{"self":[{"href":"https:\/\/electromenagerexpress.com\/en\/wp-json\/wp\/v2\/product\/36583","targetHints":{"allow":["GET"]}}],"collection":[{"href":"https:\/\/electromenagerexpress.com\/en\/wp-json\/wp\/v2\/product"}],"about":[{"href":"https:\/\/electromenagerexpress.com\/en\/wp-json\/wp\/v2\/types\/product"}],"wp:featuredmedia":[{"embeddable":true,"href":"https:\/\/electromenagerexpress.com\/en\/wp-json\/wp\/v2\/media\/17695"}],"wp:attachment":[{"href":"https:\/\/electromenagerexpress.com\/en\/wp-json\/wp\/v2\/media?parent=36583"}],"wp:term":[{"taxonomy":"product_cat","embeddable":true,"href":"https:\/\/electromenagerexpress.com\/en\/wp-json\/wp\/v2\/product_cat?post=36583"},{"taxonomy":"product_tag","embeddable":true,"href":"https:\/\/electromenagerexpress.com\/en\/wp-json\/wp\/v2\/product_tag?post=36583"}],"curies":[{"name":"wp","href":"https:\/\/api.w.org\/{rel}","templated":true}]}}