{"id":36551,"date":"2024-11-21T09:37:07","date_gmt":"2024-11-21T09:37:07","guid":{"rendered":"https:\/\/electromenagerexpress.com\/product\/lave-vaisselle-60-cmbekobdfn36642xc\/"},"modified":"2025-02-08T20:08:15","modified_gmt":"2025-02-08T20:08:15","slug":"lave-vaisselle-60-cmbekobdfn36642xc","status":"publish","type":"product","link":"https:\/\/electromenagerexpress.com\/en\/product\/lave-vaisselle-60-cmbekobdfn36642xc\/","title":{"rendered":"Lave vaisselle 60 cm BEKO BDFN36642XC"},"content":{"rendered":"<div class=\"product-features__content\">\n<h3 class=\"product-features__label\"><\/h3>\n<ul role=\"list\">\n<li class=\"product-features__item\" role=\"listitem\">\n<h3 class=\"product-features__label\">Installation<\/h3>\n<ul role=\"list\">\n<li class=\"product-features__item-list__item\" role=\"listitem\"><span class=\"is--medium\">Pour une niche de (l x h x p) :<\/span> 59.8 x 85 x 60 cm<\/li>\n<li class=\"product-features__item-list__item\" role=\"listitem\"><span class=\"is--medium\">Avantage pose libre :<\/span> il peut \u00eatre pos\u00e9 librement dans la cuisine et poss\u00e8de sa propre fa\u00e7ade.<\/li>\n<li class=\"product-features__item-list__item\" role=\"listitem\"><span class=\"is--medium\">Fa\u00e7ade d\u00e9corative :<\/span> Elle n&rsquo;est pas n\u00e9cessaire pour cet appareil<\/li>\n<li class=\"product-features__item-list__item\" role=\"listitem\"><span class=\"is--medium\">Top amovibles :<\/span> Non<\/li>\n<\/ul>\n<\/li>\n<li class=\"product-features__item\" role=\"listitem\">\n<h3 class=\"product-features__label\">Confort sonore<\/h3>\n<ul role=\"list\">\n<li class=\"product-features__item-list__item\" role=\"listitem\"><span class=\"is--medium\">Niveau sonore mesur\u00e9 en d\u00e9cibels :<\/span> 38 dB<\/li>\n<li class=\"product-features__item-list__item\" role=\"listitem\"><span class=\"is--medium\">Classe d&rsquo;efficacit\u00e9 du niveau sonore :<\/span> A<\/li>\n<li class=\"product-features__item-list__item\" role=\"listitem\"><span class=\"is--medium\">Programme diff\u00e9r\u00e9 :<\/span> 24 heures<\/li>\n<li class=\"product-features__item-list__item\" role=\"listitem\"><span class=\"is--medium\">Avantage du programme diff\u00e9r\u00e9 :<\/span> Permet de programmer un cycle de lavage aux heures creuses ou quand vous n&rsquo;\u00eates pas pr\u00e9sent<\/li>\n<\/ul>\n<\/li>\n<li class=\"product-features__item\" role=\"listitem\">\n<h3 class=\"product-features__label\">S\u00e9chage<\/h3>\n<ul role=\"list\">\n<li class=\"product-features__item-list__item\" role=\"listitem\"><span class=\"is--medium\">Type de s\u00e9chage :<\/span> standard, porte ferm\u00e9e<\/li>\n<li class=\"product-features__item-list__item\" role=\"listitem\"><span class=\"is--medium\">Ouverture automatique de la porte :<\/span> Oui<\/li>\n<li class=\"product-features__item-list__item\" role=\"listitem\"><span class=\"is--medium\">Avantage de l&rsquo;ouverture automatique de la porte :<\/span> Apr\u00e8s le cycle de lavage , la porte du lave vaisselle s&rsquo;ouvre automatiquement pour laisser la vapeur s&rsquo;\u00e9chapper. Cela permet \u00e0 l&rsquo;air de p\u00e9n\u00e9trer \u00e0 l&rsquo;int\u00e9rieur et de s\u00e9cher les ustensiles, plats et couverts.<\/li>\n<\/ul>\n<\/li>\n<li class=\"product-features__item\" role=\"listitem\">\n<h3 class=\"product-features__label\">Am\u00e9nagement int\u00e9rieur<\/h3>\n<ul role=\"list\">\n<li class=\"product-features__item-list__item\" role=\"listitem\"><span class=\"is--medium\">Nombre de couverts standard :<\/span> 15 couverts<\/li>\n<li class=\"product-features__item-list__item\" role=\"listitem\"><span class=\"is--medium\">Emplacement du panier \u00e0 couverts :<\/span> Modulable<\/li>\n<li class=\"product-features__item-list__item\" role=\"listitem\"><span class=\"is--medium\">Tiroir \u00e0 couverts :<\/span> Oui, il est plac\u00e9 dans la partie haute du lave-vaisselle et permet de b\u00e9n\u00e9ficier de 25% d&rsquo;espace suppl\u00e9mentaire dans le panier inf\u00e9rieur<\/li>\n<li class=\"product-features__item-list__item\" role=\"listitem\"><span class=\"is--medium\">Panier sup\u00e9rieur r\u00e9glable en hauteur :<\/span> Oui, charg\u00e9<\/li>\n<li class=\"product-features__item-list__item\" role=\"listitem\"><span class=\"is--medium\">Avantage du panier sup\u00e9rieur r\u00e9glable en hauteur :<\/span> Permet de laver des plats de grandes tailles ou de grands verres \u00e0 pieds.<\/li>\n<li class=\"product-features__item-list__item\" role=\"listitem\"><span class=\"is--medium\">Picots rabattables :<\/span> Oui<\/li>\n<li class=\"product-features__item-list__item\" role=\"listitem\"><span class=\"is--medium\">Boite \u00e0 produits maxiPerformance :<\/span> Non<\/li>\n<\/ul>\n<\/li>\n<li class=\"product-features__item\" role=\"listitem\">\n<h3 class=\"product-features__label\">Programmes<\/h3>\n<ul role=\"list\">\n<li class=\"product-features__item-list__item\" role=\"listitem\"><span class=\"is--medium\">Nombre de programmes :<\/span> 6<\/li>\n<li class=\"product-features__item-list__item\" role=\"listitem\"><span class=\"is--medium\">D\u00e9tails des programmes et temp\u00e9ratures :<\/span> 35 40 50 65 70<\/li>\n<li class=\"product-features__item-list__item\" role=\"listitem\"><span class=\"is--medium\">Programme demi charge :<\/span> Oui<\/li>\n<\/ul>\n<\/li>\n<li class=\"product-features__item\" role=\"listitem\">\n<h3 class=\"product-features__label\">Praticit\u00e9<\/h3>\n<ul role=\"list\">\n<li class=\"product-features__item-list__item\" role=\"listitem\"><span class=\"is--medium\">Affichage au sol :<\/span> Non<\/li>\n<li class=\"product-features__item-list__item\" role=\"listitem\"><span class=\"is--medium\">Affichage du temps restant :<\/span> Non<\/li>\n<li class=\"product-features__item-list__item\" role=\"listitem\"><span class=\"is--medium\">Connect\u00e9 :<\/span> Non<\/li>\n<li class=\"product-features__item-list__item\" role=\"listitem\"><span class=\"is--medium\">Dosage automatique :<\/span> Non<\/li>\n<\/ul>\n<\/li>\n<li class=\"product-features__item\" role=\"listitem\">\n<h3 class=\"product-features__label\">Connect\u00e9<\/h3>\n<ul role=\"list\">\n<li class=\"product-features__item-list__item\" role=\"listitem\"><span class=\"is--medium\">Demandez des conseils directement \u00e0 votre assistant (via App ou vocal selon compatibilit\u00e9) :<\/span> Non<\/li>\n<li class=\"product-features__item-list__item\" role=\"listitem\"><span class=\"is--medium\">Alertes sur les consommations, le niveau de sel et de liquide de rin\u00e7age :<\/span> Oui<\/li>\n<li class=\"product-features__item-list__item\" role=\"listitem\"><span class=\"is--medium\">Acc\u00e9dez \u00e0 des astuces, manuels d&rsquo;utilisation et un support maintenance :<\/span> Oui<\/li>\n<\/ul>\n<\/li>\n<li class=\"product-features__item\" role=\"listitem\">\n<h3 class=\"product-features__label\">Consommation et \u00e9conomie d&rsquo;\u00e9nergie<\/h3>\n<ul role=\"list\">\n<li class=\"product-features__item-list__item\" role=\"listitem\"><span class=\"is--medium\">Nous avons calcul\u00e9 pour vous :<\/span> les consommations des appareils m\u00e9nagers (lave linge, lave-linge s\u00e9chant, lave-vaisselle, s\u00e8che linge) sont calcul\u00e9es avec le programme \u00e9co 40 60\u00b0<\/li>\n<li class=\"product-features__item-list__item\" role=\"listitem\"><span class=\"is--medium\">Dur\u00e9e du cylce du programme de r\u00e9f\u00e9rence (programme \u00e9co) :<\/span> 4 h<\/li>\n<li class=\"product-features__item-list__item\" role=\"listitem\"><span class=\"is--medium\">Consommation en \u00e9lectricit\u00e9 pour 100 cycles (programme \u00e9co) :<\/span> 76 kWh<\/li>\n<li class=\"product-features__item-list__item\" role=\"listitem\"><span class=\"is--medium\">Consommation en eau (programme eco) :<\/span> 9,9 litres \/ cycle<\/li>\n<li class=\"product-features__item-list__item\" role=\"listitem\"><span class=\"is--medium\">Co\u00fbt annuel \u00e9lectricit\u00e9 (bas\u00e9 sur 280 cycles) :<\/span> 54 euros par an<\/li>\n<li class=\"product-features__item-list__item\" role=\"listitem\"><span class=\"is--medium\">Co\u00fbt annuel eau (bas\u00e9 sur 280 cycles) :<\/span> 12 euros par an<\/li>\n<li class=\"product-features__item-list__item\" role=\"listitem\"><span class=\"is--medium\">Co\u00fbt annuel d&rsquo;utilisation (bas\u00e9 sur 280 cycles) :<\/span> 66 euros par an<\/li>\n<li class=\"product-features__item-list__item\" role=\"listitem\"><span class=\"is--medium\">Label \u00e9nergie :<\/span> C<\/li>\n<li class=\"product-features__item-list__item\" role=\"listitem\"><span class=\"is--medium\">Basse consommation :<\/span> un changement de classe repr\u00e9sente 10% d&rsquo;\u00e9conomies sur la consommation d&rsquo;\u00e9nergie<\/li>\n<li class=\"product-features__item-list__item\" role=\"listitem\"><span class=\"is--medium\">Compatible raccordement eau chaude :<\/span> Oui<\/li>\n<\/ul>\n<\/li>\n<li class=\"product-features__item\" role=\"listitem\">\n<h3 class=\"product-features__label\">Conception<\/h3>\n<ul role=\"list\">\n<li class=\"product-features__item-list__item\" role=\"listitem\"><span class=\"is--medium\">Type de moteur :<\/span> Induction<\/li>\n<li class=\"product-features__item-list__item\" role=\"listitem\"><span class=\"is--medium\">Avantage de ce moteur :<\/span> Ultra-plat, permet d&rsquo;augmenter la hauteur de la cuve et l&rsquo;espace d\u00e9di\u00e9 au lavage sans changer l&rsquo;encombrement de l&rsquo;appareil. Vous b\u00e9n\u00e9ficiez d&rsquo;un lave-vaisselle plus r\u00e9sistant, plus silencieux et moins gourmand en \u00e9nergie !<\/li>\n<li class=\"product-features__item-list__item\" role=\"listitem\"><span class=\"is--medium\">Paroi de la cuve :<\/span> Inox<\/li>\n<li class=\"product-features__item-list__item\" role=\"listitem\"><span class=\"is--medium\">Avantage de l&rsquo;inox :<\/span> L&rsquo;inox est un mat\u00e9riau de haute r\u00e9sistance gage de qualit\u00e9 et de durabilit\u00e9. En plus, l&rsquo;inox permet d&rsquo;\u00e9viter les mauvaises odeurs !<\/li>\n<li class=\"product-features__item-list__item\" role=\"listitem\"><span class=\"is--medium\">Fond de la cuve :<\/span> Inox<\/li>\n<\/ul>\n<\/li>\n<li class=\"product-features__item\" role=\"listitem\">\n<h3 class=\"product-features__label\">S\u00e9curit\u00e9<\/h3>\n<ul role=\"list\">\n<li class=\"product-features__item-list__item\" role=\"listitem\"><span class=\"is--medium\">S\u00e9curit\u00e9 enfant :<\/span> Oui<\/li>\n<li class=\"product-features__item-list__item\" role=\"listitem\"><span class=\"is--medium\">S\u00e9curit\u00e9 aquastop :<\/span> Non<\/li>\n<\/ul>\n<\/li>\n<li class=\"product-features__item\" role=\"listitem\">\n<h3 class=\"product-features__label\">Dimensions<\/h3>\n<ul role=\"list\">\n<li class=\"product-features__item-list__item\" role=\"listitem\"><span class=\"is--medium\">Poids net :<\/span> 49,4 kg<\/li>\n<li class=\"product-features__item-list__item\" role=\"listitem\"><span class=\"is--medium\">Poids brut :<\/span> 52,2 kg<\/li>\n<li class=\"product-features__item-list__item\" role=\"listitem\"><span class=\"is--medium\">L x H x P :<\/span> 59.8 x 85 x 60 cm<\/li>\n<\/ul>\n<\/li>\n<li class=\"product-features__item\" role=\"listitem\">\n<h3 class=\"product-features__label\">Informations compl\u00e9mentaires<\/h3>\n<ul role=\"list\">\n<li class=\"product-features__item-list__item\" role=\"listitem\"><span class=\"is--medium\">Fabriqu\u00e9 en :<\/span> Turquie<\/li>\n<li class=\"product-features__item-list__item\" role=\"listitem\"><span class=\"is--medium\">Garantie :<\/span> 2 ans<\/li>\n<li class=\"product-features__item-list__item\" role=\"listitem\"><span class=\"is--medium\">Disponibilit\u00e9 des pi\u00e8ces d\u00e9tach\u00e9es\u00a0 :<\/span> Pendant 12 ans, \u00e0 compter de la date d&rsquo;achat<\/li>\n<li class=\"product-features__item-list__item\" role=\"listitem\"><span class=\"is--medium\">R\u00e9f\u00e9rence constructeur :<\/span> BDFN36642XC<\/li>\n<li class=\"product-features__item-list__item\" role=\"listitem\"><span class=\"is--medium\">Marque :<\/span> BEKO<\/li>\n<li class=\"product-features__item-list__item\" role=\"listitem\"><span class=\"is--medium\">Indice de r\u00e9parabilit\u00e9 :<\/span> 9,1 \/10<\/li>\n<\/ul>\n<\/li>\n<\/ul>\n<\/div>\n<div class=\"product__disclosure-content\">\n<div class=\"js-read-more product-description__content read-more read-more--truncated\" style=\"max-height: 500px; overflow: hidden;\" data-read-more-name=\"description\">\n<div class=\"product__description-content read-more\">\n<p>Lave-vaisselle Beko BDFN36642XC : Performance et Silence au Quotidien<\/p>\n<h3>Silence et Capacit\u00e9 Optimale<\/h3>\n<p>Le lave-vaisselle Beko BDFN36642XC se distingue par son remarquable<strong> silence<\/strong> de fonctionnement \u00e0 <strong>seulement 38 dB(A)<\/strong>, offrant ainsi un confort in\u00e9gal\u00e9 pour toute la famille. Con\u00e7u pour les besoins des m\u00e9nages modernes, il propose une capacit\u00e9 g\u00e9n\u00e9reuse de 15 couverts dans un format standard de 60 cm de large, permettant de laver une grande quantit\u00e9 d&rsquo;ustensiles en une seule fois. La <strong>technologie Selfdry<\/strong> ajoute une touche de perfection au s\u00e9chage en <strong>ouvrant automatiquement la porte du lave-vaisselle en fin de cycle<\/strong>, garantissant ainsi un s\u00e9chage optimal de la vaisselle.<\/p>\n<h3>Technologie Avanc\u00e9e et Design Ergonomique<\/h3>\n<p>Le lave-vaisselle Beko BDFN36642XC int\u00e8gre la<strong> technologie CornerIntense<\/strong>, avec un <strong>triple bras de lavage innovant<\/strong> qui assure un nettoyage efficace m\u00eame dans les angles les plus difficiles \u00e0 atteindre. Le <strong>moteur ProSmart Inverter,<\/strong> robuste et silencieux, contribue \u00e0 la long\u00e9vit\u00e9 de l&rsquo;appareil tout en optimisant l&rsquo;efficacit\u00e9 de lavage. Le design int\u00e9rieur est tout aussi pens\u00e9 pour l&rsquo;efficacit\u00e9 avec des paniers r\u00e9glables, des picots rabattables et des supports sp\u00e9ciaux pour l\u00e8chefrites, offrant une flexibilit\u00e9<\/p>\n<\/div>\n<\/div>\n<\/div>\n<div class=\"product__disclosure-content\">\n<div class=\"js-read-more product-description__content read-more read-more--truncated\" style=\"max-height: 500px; overflow: hidden;\" data-read-more-name=\"description\">\n<div class=\"product__description-content read-more\">\n<p>maximale pour le chargement de la vaisselle. Avec un<strong> \u00e9clairage int\u00e9rieur<\/strong> pour une meilleure visibilit\u00e9 et un bandeau de commande noir \u00e9l\u00e9gant, ce lave-vaisselle allie fonctionnalit\u00e9 et style.<\/p>\n<\/div>\n<\/div>\n<p>&nbsp;<\/p>\n<\/div>","protected":false},"excerpt":{"rendered":"<div class=\"keypoints\">\n<h3 class=\"keypoints__title\">Les points cl\u00e9s<\/h3>\n<ul role=\"list\">\n<li class=\"keypoints__item\" role=\"listitem\">Pose libre avec panneau de commande apparent<\/li>\n<li class=\"keypoints__item\" role=\"listitem\">L x H x P : 59.8 x 85 x 60 cm<\/li>\n<li class=\"keypoints__item\" role=\"listitem\">ultra silencieux 38 dB &#8211; Label \u00e9nergie C<\/li>\n<li class=\"keypoints__item\" role=\"listitem\">Rangement couverts : Tiroir<\/li>\n<li class=\"keypoints__item keypoints__item--advantage\" role=\"listitem\"><strong>Le + :<\/strong> moteur ProSmart Inverter \u00e0 induction pour une long\u00e9vit\u00e9 garantie et plus silencieux avec 38dB.<\/li>\n<\/ul>\n<p>&nbsp;<\/p>\n<\/div>","protected":false},"featured_media":17228,"template":"","meta":{"_glsr_average":0,"_glsr_ranking":0,"_glsr_reviews":0},"product_cat":[157],"product_tag":[131,158,159],"class_list":{"0":"post-36551","1":"product","2":"type-product","3":"status-publish","4":"has-post-thumbnail","6":"product_cat-lave-vaisselle-pose-libre","7":"product_tag-gros-electromenager","8":"product_tag-lave-vaisselle","9":"product_tag-lave-vaisselle-pose-libre","11":"first","12":"instock","13":"sale","14":"shipping-taxable","15":"purchasable","16":"product-type-simple"},"_links":{"self":[{"href":"https:\/\/electromenagerexpress.com\/en\/wp-json\/wp\/v2\/product\/36551","targetHints":{"allow":["GET"]}}],"collection":[{"href":"https:\/\/electromenagerexpress.com\/en\/wp-json\/wp\/v2\/product"}],"about":[{"href":"https:\/\/electromenagerexpress.com\/en\/wp-json\/wp\/v2\/types\/product"}],"wp:featuredmedia":[{"embeddable":true,"href":"https:\/\/electromenagerexpress.com\/en\/wp-json\/wp\/v2\/media\/17228"}],"wp:attachment":[{"href":"https:\/\/electromenagerexpress.com\/en\/wp-json\/wp\/v2\/media?parent=36551"}],"wp:term":[{"taxonomy":"product_cat","embeddable":true,"href":"https:\/\/electromenagerexpress.com\/en\/wp-json\/wp\/v2\/product_cat?post=36551"},{"taxonomy":"product_tag","embeddable":true,"href":"https:\/\/electromenagerexpress.com\/en\/wp-json\/wp\/v2\/product_tag?post=36551"}],"curies":[{"name":"wp","href":"https:\/\/api.w.org\/{rel}","templated":true}]}}