{"id":36545,"date":"2024-11-21T09:36:47","date_gmt":"2024-11-21T09:36:47","guid":{"rendered":"https:\/\/electromenagerexpress.com\/product\/combine-four-lave-vaissellerosierestrv60norb-1-trio-vitro-w\/"},"modified":"2024-11-21T09:36:48","modified_gmt":"2024-11-21T09:36:48","slug":"combine-four-lave-vaissellerosierestrv60norb-1-trio-vitro-w","status":"publish","type":"product","link":"https:\/\/electromenagerexpress.com\/en\/product\/combine-four-lave-vaissellerosierestrv60norb-1-trio-vitro-w\/","title":{"rendered":"Combin\u00e9 four lave-vaisselle\t\t\t\t\t\t\tROSIERES\t\t\t\tTRV60NORB\/1 TRIO Vitro W"},"content":{"rendered":"<div class=\"product-features__content\">\n<ul role=\"list\">\n<li class=\"product-features__item\" role=\"listitem\">\n<h3 class=\"product-features__label\">Fonctions du lave vaisselle<\/h3>\n<ul role=\"list\">\n<li class=\"product-features__item-list__item\" role=\"listitem\"><span class=\"is--medium\">Nombre de couverts :<\/span> 6\t\t\t\t\t<\/li>\n<li class=\"product-features__item-list__item\" role=\"listitem\"><span class=\"is--medium\">Nombre de programmes :<\/span> 6\t\t\t\t\t<\/li>\n<li class=\"product-features__item-list__item\" role=\"listitem\"><span class=\"is--medium\">Nombre de temp\u00e9ratures :<\/span> 4\t\t\t\t\t<\/li>\n<li class=\"product-features__item-list__item\" role=\"listitem\"><span class=\"is--medium\">D\u00e9tail des temp\u00e9ratures :<\/span> Intensif 75\u00b0C \/ Universel 65\u00b0C \/ Eco 45\u00b0C \/ Rapide 32&rsquo;50\u00b0C \/ Eco+Express 70\u00b0C\t\t\t\t\t<\/li>\n<li class=\"product-features__item-list__item\" role=\"listitem\"><span class=\"is--medium\">D\u00e9part diff\u00e9r\u00e9 :<\/span> Oui\t\t\t\t\t<\/li>\n<li class=\"product-features__item-list__item\" role=\"listitem\"><span class=\"is--medium\">Synchronisation heures creuses :<\/span> Non\t\t\t\t\t<\/li>\n<li class=\"product-features__item-list__item\" role=\"listitem\"><span class=\"is--medium\">Affichage du niveau de sel :<\/span> Oui\t\t\t\t\t<\/li>\n<li class=\"product-features__item-list__item\" role=\"listitem\"><span class=\"is--medium\">Affichage du niveau du liquide de rin\u00e7age :<\/span> Oui\t\t\t\t\t<\/li>\n<li class=\"product-features__item-list__item\" role=\"listitem\"><span class=\"is--medium\">Affichage temps restant :<\/span> Non\t\t\t\t\t<\/li>\n<li class=\"product-features__item-list__item\" role=\"listitem\"><span class=\"is--medium\">Label energ\u00e9tique :<\/span> AAA\t\t\t\t\t<\/li>\n<li class=\"product-features__item-list__item\" role=\"listitem\"><span class=\"is--medium\">Classe energ\u00e9tique :<\/span> A\t\t\t\t\t<\/li>\n<li class=\"product-features__item-list__item\" role=\"listitem\"><span class=\"is--medium\">Efficacit\u00e9 de lavage :<\/span> A\t\t\t\t\t<\/li>\n<li class=\"product-features__item-list__item\" role=\"listitem\"><span class=\"is--medium\">Consommation d&rsquo;energie :<\/span> 0,61 kWh\t\t\t\t\t<\/li>\n<li class=\"product-features__item-list__item\" role=\"listitem\"><span class=\"is--medium\">Consommation d&rsquo;eau :<\/span> 8 L\t\t\t\t\t<\/li>\n<li class=\"product-features__item-list__item\" role=\"listitem\"><span class=\"is--medium\">Consommation annuelle d&rsquo;energie :<\/span> 196 kWh\/an\t\t\t\t\t<\/li>\n<li class=\"product-features__item-list__item\" role=\"listitem\"><span class=\"is--medium\">Consommation annuelle d&rsquo;eau :<\/span> 2.240 L\t\t\t\t\t<\/li>\n<li class=\"product-features__item-list__item\" role=\"listitem\"><span class=\"is--medium\">Niveau sonore :<\/span> 56 dB\t\t\t\t\t<\/li>\n<\/ul>\n<\/li>\n<li class=\"product-features__item\" role=\"listitem\">\n<h3 class=\"product-features__label\">Fonctions du four<\/h3>\n<ul role=\"list\">\n<li class=\"product-features__item-list__item\" role=\"listitem\"><span class=\"is--medium\">Type de four :<\/span> Chaleur tournante\t\t\t\t\t<\/li>\n<li class=\"product-features__item-list__item\" role=\"listitem\"><span class=\"is--medium\">Nombre de fonctions :<\/span> 5\t\t\t\t\t<\/li>\n<li class=\"product-features__item-list__item\" role=\"listitem\"><span class=\"is--medium\">D\u00e9tail des fonctions :<\/span> Chaleur tournante, Convection naturelle, Gril, Turbogril\t\t\t\t\t<\/li>\n<li class=\"product-features__item-list__item\" role=\"listitem\"><span class=\"is--medium\">Puissance totale \u00e9lectrique :<\/span> 6.500,0 W\t\t\t\t\t<\/li>\n<li class=\"product-features__item-list__item\" role=\"listitem\"><span class=\"is--medium\">Volume de la cavit\u00e9 :<\/span> 38 L\t\t\t\t\t<\/li>\n<li class=\"product-features__item-list__item\" role=\"listitem\"><span class=\"is--medium\">Type de nettoyage :<\/span> Manuel\t\t\t\t\t<\/li>\n<li class=\"product-features__item-list__item\" role=\"listitem\"><span class=\"is--medium\">Minuteur coupe circuit :<\/span> 120 minutes\t\t\t\t\t<\/li>\n<\/ul>\n<\/li>\n<li class=\"product-features__item\" role=\"listitem\">\n<h3 class=\"product-features__label\">Fonctions plaque de cuisson<\/h3>\n<ul role=\"list\">\n<li class=\"product-features__item-list__item\" role=\"listitem\"><span class=\"is--medium\">Type de table :<\/span> vitroc\u00e9ramique\t\t\t\t\t<\/li>\n<li class=\"product-features__item-list__item\" role=\"listitem\"><span class=\"is--medium\">Nombre de foyers :<\/span> 4 vitroc\u00e9ramiques\t\t\t\t\t<\/li>\n<li class=\"product-features__item-list__item\" role=\"listitem\"><span class=\"is--medium\">Puissance totale :<\/span> 6.500,0 W\t\t\t\t\t<\/li>\n<li class=\"product-features__item-list__item\" role=\"listitem\"><span class=\"is--medium\">Type de commandes :<\/span> Manettes\t\t\t\t\t<\/li>\n<li class=\"product-features__item-list__item\" role=\"listitem\"><span class=\"is--medium\">Emplacement des commandes :<\/span> Frontales\t\t\t\t\t<\/li>\n<li class=\"product-features__item-list__item\" role=\"listitem\"><span class=\"is--medium\">Puissance foyer 1 :<\/span> 1.800,0 W\t\t\t\t\t<\/li>\n<li class=\"product-features__item-list__item\" role=\"listitem\"><span class=\"is--medium\">Puissance foyer 2 :<\/span> 1.200,0 W\t\t\t\t\t<\/li>\n<li class=\"product-features__item-list__item\" role=\"listitem\"><span class=\"is--medium\">Puissance foyer 3 :<\/span> 2.300,0 W\t\t\t\t\t<\/li>\n<li class=\"product-features__item-list__item\" role=\"listitem\"><span class=\"is--medium\">Puissance foyer 4 :<\/span> 1.200,0 W\t\t\t\t\t<\/li>\n<\/ul>\n<\/li>\n<li class=\"product-features__item\" role=\"listitem\">\n<h3 class=\"product-features__label\">Esth\u00e9tique<\/h3>\n<ul role=\"list\">\n<li class=\"product-features__item-list__item\" role=\"listitem\"><span class=\"is--medium\">Couleur :<\/span> Blanc\t\t\t\t\t<\/li>\n<\/ul>\n<\/li>\n<li class=\"product-features__item\" role=\"listitem\">\n<h3 class=\"product-features__label\">Dimensions<\/h3>\n<ul role=\"list\">\n<li class=\"product-features__item-list__item\" role=\"listitem\"><span class=\"is--medium\">Hauteur produit (cm) :<\/span> 86.5\t\t\t\t\t<\/li>\n<li class=\"product-features__item-list__item\" role=\"listitem\"><span class=\"is--medium\">Largeur produit (cm) :<\/span> 59.6\t\t\t\t\t<\/li>\n<li class=\"product-features__item-list__item\" role=\"listitem\"><span class=\"is--medium\">Profondeur produit (cm) :<\/span> 60\t\t\t\t\t<\/li>\n<li class=\"product-features__item-list__item\" role=\"listitem\"><span class=\"is--medium\">L x H x P :<\/span> 59.6 x 86.5 x 60 cm\t\t\t\t\t<\/li>\n<li class=\"product-features__item-list__item\" role=\"listitem\"><span class=\"is--medium\">Longueur d\u00e9velopp\u00e9e :<\/span> 215\t\t\t\t\t<\/li>\n<li class=\"product-features__item-list__item\" role=\"listitem\"><span class=\"is--medium\">Poids Net (kg) :<\/span> 65\t\t\t\t\t<\/li>\n<li class=\"product-features__item-list__item\" role=\"listitem\"><span class=\"is--medium\">Poids Brut (kg) :<\/span> 68.2\t\t\t\t\t<\/li>\n<\/ul>\n<\/li>\n<li class=\"product-features__item\" role=\"listitem\">\n<h3 class=\"product-features__label\">Plus produit<\/h3>\n<ul role=\"list\">\n<li class=\"product-features__item-list__item\" role=\"listitem\"><span class=\"is--medium\">Description :<\/span> 3 produits (Table de cuisson, Lave-vaisselle, Four) en 1. Unique sur le march\u00e9\t\t\t\t\t<\/li>\n<\/ul>\n<\/li>\n<li class=\"product-features__item\" role=\"listitem\">\n<h3 class=\"product-features__label\">Informations compl\u00e9mentaires<\/h3>\n<ul role=\"list\">\n<li class=\"product-features__item-list__item\" role=\"listitem\"><span class=\"is--medium\">Garantie :<\/span> 2 ans\t\t\t\t\t<\/li>\n<li class=\"product-features__item-list__item\" role=\"listitem\"><span class=\"is--medium\">Disponibilit\u00e9 des pi\u00e8ces d\u00e9tach\u00e9es (donn\u00e9es fournisseur) :<\/span> Pendant 10 ans, \u00e0 compter de la date d&rsquo;achat\t\t\t\t\t<\/li>\n<li class=\"product-features__item-list__item\" role=\"listitem\"><span class=\"is--medium\">Fabriqu\u00e9 en :<\/span> Turquie\t\t\t\t\t<\/li>\n<li class=\"product-features__item-list__item\" role=\"listitem\"><span class=\"is--medium\">R\u00e9f\u00e9rence constructeur :<\/span> TRV60NORB\/1 TRIO Vitro W\t\t\t\t\t<\/li>\n<li class=\"product-features__item-list__item\" role=\"listitem\"><span class=\"is--medium\">Marque :<\/span> ROSIERES\t\t\t\t\t<\/li>\n<\/ul>\n<\/li>\n<\/ul>\n<\/div>\n<div class=\"product__disclosure-content\">\n<div class=\"js-read-more product-description__content read-more read-more--truncated\" data-read-more-name=\"description\" style=\"max-height: 500px; overflow: hidden;\">\n<p>\u00c0 vous les repas de chef avec la nouvelle cuisini\u00e8re Trio TRV60NORB\/1 \u00e9quip\u00e9e d&rsquo;un four et d&rsquo;un lave-vaisselle int\u00e9gr\u00e9\u00a0!<\/p>\n<h3><img fetchpriority=\"high\" decoding=\"async\" ,=\"\" alt=\"Cuis Mixte ROSIERES TRV60NORB\/1 TRIO Vit\" class=\"wy_tableau_gauche\" height=\"270\" src=\"https:\/\/boulanger.scene7.com\/is\/image\/Boulanger\/8059019016351_h_f_l_0?wid=400&amp;hei=270\" width=\"400\"\/>Des performances professionnelles<\/h3>\n<p>Les repas gastronomiques des meilleures tables sont entre vos mains ! Avec sa nouvelle cuisini\u00e8re Trio TRV60NORB\/1, Rosi\u00e8res met \u00e0 votre disposition <b>une table de cuisson vitroc\u00e9ramique ultra performante et un four puissant digne des meilleurs restaurants<\/b>. Cette double technologie cuit vos plats \u00e0 la perfection tandis que le lave-vaisselle int\u00e9gr\u00e9 de l&rsquo;appareil accueille confortablement 6 couverts et tous vos ustensiles.<\/p>\n<p>Dot\u00e9e d&rsquo;une technologie \u00e9lectrique, le four de votre cuisini\u00e8re Trio TRV60NORB\/1 se plie \u00e0 toutes vos recettes et vos envies. Intuitif, le four <b>dispose d&rsquo;une cavit\u00e9 large pour accueillir et sublimer toutes vos recettes<\/b>, aussi bien pour des plats de tous les jours que pour vos d\u00eeners de f\u00eate. Gr\u00e2ce \u00e0 <b>une grille, une l\u00e8che-frite et 5\u00a0fonctions de cuisson<\/b>, r\u00e9galez vos grandes tabl\u00e9es avec des quantit\u00e9s d\u00e9cupl\u00e9es. <\/p>\n<h3><img decoding=\"async\" ,=\"\" alt=\"Cuis Mixte ROSIERES TRV60NORB\/1 TRIO Vit\" class=\"wy_tableau_right\" height=\"270\" src=\"https:\/\/boulanger.scene7.com\/is\/image\/Boulanger\/8059019016351_h_f_l_1?wid=400&amp;hei=270\" width=\"400\"\/>Con\u00e7ue pour le quotidien<\/h3>\n<p>La <b>puissance de la cuisini\u00e8re Trio TRV60NORB\/1<\/b> de Rosi\u00e8res met \u00e0 votre disposition d&rsquo;\u00e9l\u00e9gantes molettes de commande, pour d\u00e9livrer une cuisson parfaite, quel que soit votre plat. Les <b>4\u00a0foyers de la table de cuisson s&rsquo;adaptent, quant \u00e0 eux, \u00e0 tous les r\u00e9cipients et toutes les recettes<\/b>. D&rsquo;un seul geste gr\u00e2ce \u00e0 <b>des commandes individuelles ergonomiques<\/b>, la table vitroc\u00e9ramique de votre cuisini\u00e8re Rosi\u00e8res fera mijoter, bouillir et r\u00e9chauffer tous vos plats.<\/p>\n<p><b>Les designers de Rosi\u00e8res ont une fois de plus confirm\u00e9 les standards d&rsquo;excellence de la marque<\/b> avec la cuisini\u00e8re Trio TRV60NORB\/1. <b>Une allure chic, des lignes franches et des finitions raffin\u00e9es<\/b> subliment votre cuisini\u00e8re pour en faire un appareil \u00e9l\u00e9gant. Des dimensions intelligentes et compactes compl\u00e8tent l&rsquo;allure de la cuisini\u00e8re Trio TRV60NORB\/1 pour l&rsquo;int\u00e9grer \u00e0 toutes les cuisines.<\/p>\n<\/p>\n<\/div>\n<p><bl-button a11yexpanded=\"false\" arialabel=\"Afficher toute la description\" class=\"read-more__btn\" full=\"false\" link=\"true\">Voir plus<\/bl-button><\/div>","protected":false},"excerpt":{"rendered":"<div class=\"keypoints\">\n<h3 class=\"keypoints__title\">Les points cl\u00e9s<\/h3>\n<ul role=\"list\">\n<li class=\"keypoints__item\" role=\"listitem\">                                        59.6 x 86.5 x 60 cm                      <\/li>\n<li class=\"keypoints__item\" role=\"listitem\">                                        Couverts : 6 \/ D\u00e9cibels : 56                      <\/li>\n<li class=\"keypoints__item\" role=\"listitem\">                                        Nombre de foyers : 4 vitroc\u00e9ramiques                      <\/li>\n<li class=\"keypoints__item keypoints__item--advantage\" role=\"listitem\"><strong>Le + :<\/strong> Fonction 3 en 1 avec lave-vaisselle, four, table de cuisson vitroc\u00e9ramique.      <\/li>\n<\/ul>","protected":false},"featured_media":17144,"template":"","meta":{"_glsr_average":0,"_glsr_ranking":0,"_glsr_reviews":0},"product_cat":[168],"product_tag":[169,131,158],"class_list":{"0":"post-36545","1":"product","2":"type-product","3":"status-publish","4":"has-post-thumbnail","6":"product_cat-combine-four-lave-vaisselle","7":"product_tag-combine-four-lave-vaisselle","8":"product_tag-gros-electromenager","9":"product_tag-lave-vaisselle","11":"first","12":"instock","13":"sale","14":"shipping-taxable","15":"purchasable","16":"product-type-simple"},"_links":{"self":[{"href":"https:\/\/electromenagerexpress.com\/en\/wp-json\/wp\/v2\/product\/36545","targetHints":{"allow":["GET"]}}],"collection":[{"href":"https:\/\/electromenagerexpress.com\/en\/wp-json\/wp\/v2\/product"}],"about":[{"href":"https:\/\/electromenagerexpress.com\/en\/wp-json\/wp\/v2\/types\/product"}],"wp:featuredmedia":[{"embeddable":true,"href":"https:\/\/electromenagerexpress.com\/en\/wp-json\/wp\/v2\/media\/17144"}],"wp:attachment":[{"href":"https:\/\/electromenagerexpress.com\/en\/wp-json\/wp\/v2\/media?parent=36545"}],"wp:term":[{"taxonomy":"product_cat","embeddable":true,"href":"https:\/\/electromenagerexpress.com\/en\/wp-json\/wp\/v2\/product_cat?post=36545"},{"taxonomy":"product_tag","embeddable":true,"href":"https:\/\/electromenagerexpress.com\/en\/wp-json\/wp\/v2\/product_tag?post=36545"}],"curies":[{"name":"wp","href":"https:\/\/api.w.org\/{rel}","templated":true}]}}