{"id":36536,"date":"2024-11-21T09:36:21","date_gmt":"2024-11-21T09:36:21","guid":{"rendered":"https:\/\/electromenagerexpress.com\/product\/lave-vaisselle-60-cmlgdf365fws-truesteam\/"},"modified":"2025-03-13T09:02:37","modified_gmt":"2025-03-13T09:02:37","slug":"lave-vaisselle-60-cmlgdf365fws-truesteam","status":"publish","type":"product","link":"https:\/\/electromenagerexpress.com\/en\/product\/lave-vaisselle-60-cmlgdf365fws-truesteam\/","title":{"rendered":"Lave vaisselle 60 cm LG\tDF365FWS TrueSteam"},"content":{"rendered":"<div class=\"product-features__content\">\n<ul role=\"list\">\n<li class=\"product-features__item\" role=\"listitem\">\n<h3 class=\"product-features__label\">Installation<\/h3>\n<ul role=\"list\">\n<li class=\"product-features__item-list__item\" role=\"listitem\"><span class=\"is--medium\">Avantage pose libre :<\/span> il peut \u00eatre pos\u00e9 librement dans la cuisine et poss\u00e8de sa propre fa\u00e7ade.<\/li>\n<li class=\"product-features__item-list__item\" role=\"listitem\"><span class=\"is--medium\">Fa\u00e7ade d\u00e9corative :<\/span> Elle n&rsquo;est pas n\u00e9cessaire pour cet appareil<\/li>\n<\/ul>\n<\/li>\n<li class=\"product-features__item\" role=\"listitem\">\n<h3 class=\"product-features__label\">Confort sonore<\/h3>\n<ul role=\"list\">\n<li class=\"product-features__item-list__item\" role=\"listitem\"><span class=\"is--medium\">Niveau sonore mesur\u00e9 en d\u00e9cibels :<\/span> 43 dB<\/li>\n<li class=\"product-features__item-list__item\" role=\"listitem\"><span class=\"is--medium\">Classe d&rsquo;efficacit\u00e9 du niveau sonore :<\/span> B<\/li>\n<li class=\"product-features__item-list__item\" role=\"listitem\"><span class=\"is--medium\">Programme diff\u00e9r\u00e9 :<\/span> 12 heures<\/li>\n<li class=\"product-features__item-list__item\" role=\"listitem\"><span class=\"is--medium\">Avantage du programme diff\u00e9r\u00e9 :<\/span> Permet de programmer un cycle de lavage aux heures creuses ou quand vous n&rsquo;\u00eates pas pr\u00e9sent<\/li>\n<li class=\"product-features__item-list__item\" role=\"listitem\"><span class=\"is--medium\">Programme silence :<\/span> Oui<\/li>\n<li class=\"product-features__item-list__item\" role=\"listitem\"><span class=\"is--medium\">Avantage du programme silence :<\/span> Permet de fonctionner avec un niveau de bruit r\u00e9duit<\/li>\n<\/ul>\n<\/li>\n<li class=\"product-features__item\" role=\"listitem\">\n<h3 class=\"product-features__label\">S\u00e9chage<\/h3>\n<ul role=\"list\">\n<li class=\"product-features__item-list__item\" role=\"listitem\"><span class=\"is--medium\">Type de s\u00e9chage :<\/span> naturel gr\u00e2ce \u00e0 l&rsquo;ouverture de la porte du lave-vaisselle en fin de programme<\/li>\n<li class=\"product-features__item-list__item\" role=\"listitem\"><span class=\"is--medium\">Ouverture automatique de la porte :<\/span> Oui<\/li>\n<li class=\"product-features__item-list__item\" role=\"listitem\"><span class=\"is--medium\">Avantage de l&rsquo;ouverture automatique de la porte :<\/span> Apr\u00e8s le cycle de lavage , la porte du lave vaisselle s&rsquo;ouvre automatiquement pour laisser la vapeur s&rsquo;\u00e9chapper. Cela permet \u00e0 l&rsquo;air de p\u00e9n\u00e9trer \u00e0 l&rsquo;int\u00e9rieur et de s\u00e9cher les ustensiles, plats et couverts.<\/li>\n<\/ul>\n<\/li>\n<li class=\"product-features__item\" role=\"listitem\">\n<h3 class=\"product-features__label\">Am\u00e9nagement int\u00e9rieur<\/h3>\n<ul role=\"list\">\n<li class=\"product-features__item-list__item\" role=\"listitem\"><span class=\"is--medium\">Nombre de couverts standard :<\/span> 14 couverts<\/li>\n<li class=\"product-features__item-list__item\" role=\"listitem\"><span class=\"is--medium\">Panier \u00e0 couverts :<\/span> Sans panier<\/li>\n<li class=\"product-features__item-list__item\" role=\"listitem\"><span class=\"is--medium\">Tiroir \u00e0 couverts :<\/span> Oui, il est plac\u00e9 dans la partie haute du lave-vaisselle et permet de b\u00e9n\u00e9ficier de 25% d&rsquo;espace suppl\u00e9mentaire dans le panier inf\u00e9rieur<\/li>\n<li class=\"product-features__item-list__item\" role=\"listitem\"><span class=\"is--medium\">Panier sup\u00e9rieur r\u00e9glable en hauteur :<\/span> Oui, charg\u00e9<\/li>\n<li class=\"product-features__item-list__item\" role=\"listitem\"><span class=\"is--medium\">Avantage du panier sup\u00e9rieur r\u00e9glable en hauteur :<\/span> Permet de laver des plats de grandes tailles ou de grands verres \u00e0 pieds.<\/li>\n<li class=\"product-features__item-list__item\" role=\"listitem\"><span class=\"is--medium\">Picots rabattables :<\/span> Oui<\/li>\n<li class=\"product-features__item-list__item\" role=\"listitem\"><span class=\"is--medium\">Support \u00e0 verres rabattable :<\/span> Oui<\/li>\n<li class=\"product-features__item-list__item\" role=\"listitem\"><span class=\"is--medium\">Am\u00e9nagement sp\u00e9cifique verres :<\/span> Oui<\/li>\n<li class=\"product-features__item-list__item\" role=\"listitem\"><span class=\"is--medium\">Avantage de l&rsquo;am\u00e9nagament sp\u00e9cifique verres :<\/span> Permet de prot\u00e9ger les verres fragiles lors d&rsquo;un cycle de lavage.<\/li>\n<\/ul>\n<\/li>\n<li class=\"product-features__item\" role=\"listitem\">\n<h3 class=\"product-features__label\">Programmes<\/h3>\n<ul role=\"list\">\n<li class=\"product-features__item-list__item\" role=\"listitem\"><span class=\"is--medium\">Nombre de programmes :<\/span> 10<\/li>\n<li class=\"product-features__item-list__item\" role=\"listitem\"><span class=\"is--medium\">D\u00e9tails des programmes et temp\u00e9ratures :<\/span> Auto IntensifD\u00e9licatRafraichissement \u00c9co Turbo Programme t\u00e9l\u00e9charg\u00e9Autonettoyage Rin\u00e7age Express<\/li>\n<li class=\"product-features__item-list__item\" role=\"listitem\"><span class=\"is--medium\">Nettoyage vapeur :<\/span> Une vaisselle impeccable avec moins de r\u00e9sidus d&rsquo;eau et sans bact\u00e9ries. La vapeur vous permet un lavage en douceur de votre vaisselle fragile tout en venant \u00e0 bout des t\u00e2ches.<\/li>\n<\/ul>\n<\/li>\n<li class=\"product-features__item\" role=\"listitem\">\n<h3 class=\"product-features__label\">Praticit\u00e9<\/h3>\n<ul role=\"list\">\n<li class=\"product-features__item-list__item\" role=\"listitem\"><span class=\"is--medium\">Affichage du temps restant :<\/span> Oui<\/li>\n<li class=\"product-features__item-list__item\" role=\"listitem\"><span class=\"is--medium\">Connect\u00e9 :<\/span> Oui<\/li>\n<\/ul>\n<\/li>\n<li class=\"product-features__item\" role=\"listitem\">\n<h3 class=\"product-features__label\">Connect\u00e9<\/h3>\n<ul role=\"list\">\n<li class=\"product-features__item-list__item\" role=\"listitem\"><span class=\"is--medium\">Demandez des conseils directement \u00e0 votre assistant (via App ou vocal selon compatibilit\u00e9) :<\/span> Oui<\/li>\n<li class=\"product-features__item-list__item\" role=\"listitem\"><span class=\"is--medium\">Alertes sur les consommations, le niveau de sel et de liquide de rin\u00e7age :<\/span> Oui<\/li>\n<li class=\"product-features__item-list__item\" role=\"listitem\"><span class=\"is--medium\">Acc\u00e9dez \u00e0 des astuces, manuels d&rsquo;utilisation et un support maintenance :<\/span> Oui<\/li>\n<li class=\"product-features__item-list__item\" role=\"listitem\"><span class=\"is--medium\">Des programmes additionnels disponibles (dont souvent un programme Silence) :<\/span> Oui<\/li>\n<\/ul>\n<\/li>\n<li class=\"product-features__item\" role=\"listitem\">\n<h3 class=\"product-features__label\">Consommation et \u00e9conomie d&rsquo;\u00e9nergie<\/h3>\n<ul role=\"list\">\n<li class=\"product-features__item-list__item\" role=\"listitem\"><span class=\"is--medium\">Nous avons calcul\u00e9 pour vous :<\/span> les consommations des appareils m\u00e9nagers (lave linge, lave-linge s\u00e9chant, lave-vaisselle, s\u00e8che linge) sont calcul\u00e9es avec le programme \u00e9co 40 60\u00b0<\/li>\n<li class=\"product-features__item-list__item\" role=\"listitem\"><span class=\"is--medium\">Dur\u00e9e du cylce du programme de r\u00e9f\u00e9rence (programme \u00e9co) :<\/span> 4 h<\/li>\n<li class=\"product-features__item-list__item\" role=\"listitem\"><span class=\"is--medium\">Consommation en \u00e9lectricit\u00e9 pour 100 cycles (programme \u00e9co) :<\/span> 65 kWh<\/li>\n<li class=\"product-features__item-list__item\" role=\"listitem\"><span class=\"is--medium\">Consommation en eau (programme eco) :<\/span> 9,5 litres \/ cycle<\/li>\n<li class=\"product-features__item-list__item\" role=\"listitem\"><span class=\"is--medium\">Co\u00fbt annuel \u00e9lectricit\u00e9 (bas\u00e9 sur 280 cycles) :<\/span> 46 euros par an<\/li>\n<li class=\"product-features__item-list__item\" role=\"listitem\"><span class=\"is--medium\">Co\u00fbt annuel eau (bas\u00e9 sur 280 cycles) :<\/span> 12 euros par an<\/li>\n<li class=\"product-features__item-list__item\" role=\"listitem\"><span class=\"is--medium\">Co\u00fbt annuel d&rsquo;utilisation (bas\u00e9 sur 280 cycles) :<\/span> 58 euros par an<\/li>\n<li class=\"product-features__item-list__item\" role=\"listitem\"><span class=\"is--medium\">Label \u00e9nergie :<\/span> B<\/li>\n<li class=\"product-features__item-list__item\" role=\"listitem\"><span class=\"is--medium\">Basse consommation :<\/span> jusqu&rsquo;\u00e0 40% d&rsquo;\u00e9conomie d&rsquo;\u00e9nergie par rapport \u00e0 la classe F<\/li>\n<li class=\"product-features__item-list__item\" role=\"listitem\"><span class=\"is--medium\">Compatible raccordement eau chaude :<\/span> Oui<\/li>\n<\/ul>\n<\/li>\n<li class=\"product-features__item\" role=\"listitem\">\n<h3 class=\"product-features__label\">Conception<\/h3>\n<ul role=\"list\">\n<li class=\"product-features__item-list__item\" role=\"listitem\"><span class=\"is--medium\">Type de moteur :<\/span> Induction<\/li>\n<li class=\"product-features__item-list__item\" role=\"listitem\"><span class=\"is--medium\">Avantage de ce moteur :<\/span> Ultra-plat, permet d&rsquo;augmenter la hauteur de la cuve et l&rsquo;espace d\u00e9di\u00e9 au lavage sans changer l&rsquo;encombrement de l&rsquo;appareil. Vous b\u00e9n\u00e9ficiez d&rsquo;un lave-vaisselle plus r\u00e9sistant, plus silencieux et moins gourmand en \u00e9nergie !<\/li>\n<li class=\"product-features__item-list__item\" role=\"listitem\"><span class=\"is--medium\">Paroi de la cuve :<\/span> Inox<\/li>\n<li class=\"product-features__item-list__item\" role=\"listitem\"><span class=\"is--medium\">Avantage de l&rsquo;inox :<\/span> L&rsquo;inox est un mat\u00e9riau de haute r\u00e9sistance gage de qualit\u00e9 et de durabilit\u00e9. En plus, l&rsquo;inox permet d&rsquo;\u00e9viter les mauvaises odeurs !<\/li>\n<li class=\"product-features__item-list__item\" role=\"listitem\"><span class=\"is--medium\">Fond de la cuve :<\/span> Inox<\/li>\n<li class=\"product-features__item-list__item\" role=\"listitem\"><span class=\"is--medium\">G\u00e9n\u00e9rateur de vapeur :<\/span> Oui, gr\u00e2ce au lavage vapeur, profitez d&rsquo;une vaisselle encore plus propre, fini les t\u00e2ches tenaces !<\/li>\n<\/ul>\n<\/li>\n<li class=\"product-features__item\" role=\"listitem\">\n<h3 class=\"product-features__label\">S\u00e9curit\u00e9<\/h3>\n<ul role=\"list\">\n<li class=\"product-features__item-list__item\" role=\"listitem\"><span class=\"is--medium\">S\u00e9curit\u00e9 enfant :<\/span> Oui<\/li>\n<li class=\"product-features__item-list__item\" role=\"listitem\"><span class=\"is--medium\">S\u00e9curit\u00e9 aquastop :<\/span> Oui<\/li>\n<li class=\"product-features__item-list__item\" role=\"listitem\"><span class=\"is--medium\">Principe de l&rsquo;aquastop :<\/span> Coupe l&rsquo;arriv\u00e9e d&rsquo;eau dans le lave-vaisselle en cas de d\u00e9tection de fuite ou de d\u00e9bordement<\/li>\n<\/ul>\n<\/li>\n<li class=\"product-features__item\" role=\"listitem\">\n<h3 class=\"product-features__label\">Dimensions<\/h3>\n<ul role=\"list\">\n<li class=\"product-features__item-list__item\" role=\"listitem\"><span class=\"is--medium\">Poids net :<\/span> 51,0 kg<\/li>\n<li class=\"product-features__item-list__item\" role=\"listitem\"><span class=\"is--medium\">Poids brut :<\/span> 55,0 kg<\/li>\n<li class=\"product-features__item-list__item\" role=\"listitem\"><span class=\"is--medium\">L x H x P :<\/span> 60 x 85 x 60 cm<\/li>\n<\/ul>\n<\/li>\n<li class=\"product-features__item\" role=\"listitem\">\n<h3 class=\"product-features__label\">Informations compl\u00e9mentaires<\/h3>\n<ul role=\"list\">\n<li class=\"product-features__item-list__item\" role=\"listitem\"><span class=\"is--medium\">Fabriqu\u00e9 en :<\/span> Cor\u00e9e du Sud<\/li>\n<li class=\"product-features__item-list__item\" role=\"listitem\"><span class=\"is--medium\">Garantie :<\/span> 2 ans<\/li>\n<li class=\"product-features__item-list__item\" role=\"listitem\"><span class=\"is--medium\">Disponibilit\u00e9 des pi\u00e8ces d\u00e9tach\u00e9es\u00a0 :<\/span> Pendant 14 ans, \u00e0 compter de la date d&rsquo;achat<\/li>\n<li class=\"product-features__item-list__item\" role=\"listitem\"><span class=\"is--medium\">R\u00e9f\u00e9rence constructeur :<\/span> DF365FWS TrueSteam<\/li>\n<li class=\"product-features__item-list__item\" role=\"listitem\"><span class=\"is--medium\">Marque :<\/span> LG<\/li>\n<li class=\"product-features__item-list__item\" role=\"listitem\"><span class=\"is--medium\">Indice de r\u00e9parabilit\u00e9 :<\/span> 9,2 \/10<\/li>\n<\/ul>\n<\/li>\n<\/ul>\n<\/div>\n<div class=\"product__disclosure-content\">\n<div class=\"js-read-more product-description__content read-more read-more--truncated\" style=\"max-height: 500px; overflow: hidden;\" data-read-more-name=\"description\">\n<p>Obtenez une vaisselle \u00e9clatante jour apr\u00e8s jour gr\u00e2ce \u00e0 l&rsquo;excellence de LG et son lave-vaisselle DF365FWS TrueSteam.<\/p>\n<h3>Une technologie de pointe<\/h3>\n<p>Avec un moteur Inverter DirectDrive, <b>le lave-vaisselle DB475TXS TrueSteam ajuste l&rsquo;intensit\u00e9 du lavage pour s&rsquo;adapter \u00e0 tous les types de vaisselle<\/b>, de la plus fragile \u00e0 la plus incrust\u00e9e. l&rsquo;excellence de LG dote le lave-vaisselle DB475TXS TrueSteam de l&rsquo;innovation QuadWash : <b>quatre bras de lavage pens\u00e9s pour atteindre tous les recoins de la vaisselle<\/b>, pour un nettoyage impeccable sous toutes les coutures.<\/p>\n<p>Intelligent gr\u00e2ce \u00e0 une technologie de pointe sign\u00e9e LG, <b>votre lave-vaisselle DB475TXS TrueSteam est \u00e9quip\u00e9 de LG ThinQ <\/b>: <b>pilotez votre lave-vaisselle depuis votre smartphone<\/b> et personnalisez les param\u00e8tres de votre machine. Le plus : <b>un g\u00e9n\u00e9rateur de vapeur TrueSteam<\/b> int\u00e9gr\u00e9 \u00e0 la machine vous assure un nettoyage et une hygi\u00e8ne parfaits.<\/p>\n<\/div>\n<p>&nbsp;<\/p>\n<div class=\"js-read-more product-description__content read-more read-more--truncated\" style=\"max-height: 500px; overflow: hidden;\" data-read-more-name=\"description\">\n<h3>Une conception flexible et performante<\/h3>\n<p>Le tiroir \u00e0 couverts de votre DB475TXS TrueSteam est pens\u00e9 pour devenir un panier : boostez la capacit\u00e9 de votre machine. <b>Modulable selon vos besoins et vos envies<\/b>, le lave-vaisselle DB475TXS TrueSteam dispose de paniers ajustables EasyRack Plus pour accueillir 14 couverts : organisez les compartiments de votre lave-vaisselle selon vos besoins !<\/p>\n<p>C\u00f4t\u00e9 design, LG signe <b>une machine sobre, lisse et \u00e9l\u00e9gante<\/b> : un bandeau de contr\u00f4le \u00e0 LEDs vous permet <b>une navigation intuitive<\/b>. LG a con\u00e7u son lave-vaisselle DB475TXS TrueSteam pour se plier \u00e0 tous vos besoins. <b>Avec 17 programmes et options, vous avez la garantie d&rsquo;une vaisselle \u00e9tincelante au quotidien<\/b> et en toute discr\u00e9tion, avec un <b>fonctionnement silencieux \u00e0 43 dB<\/b>.<\/p>\n<\/div>\n<p>&nbsp;<\/p>\n<div class=\"js-read-more product-description__content read-more read-more--truncated\" style=\"max-height: 500px; overflow: hidden;\" data-read-more-name=\"description\">\n<p>&nbsp;<\/p>\n<\/div>\n<p>&nbsp;<\/p>\n<\/div>","protected":false},"excerpt":{"rendered":"<div class=\"keypoints\">\n<h3 class=\"keypoints__title\">Les points cl\u00e9s<\/h3>\n<ul role=\"list\">\n<li class=\"keypoints__item\" role=\"listitem\">Pose libre avec panneau de commande apparent<\/li>\n<li class=\"keypoints__item\" role=\"listitem\">L x H x P : 60 x 85 x 60 cm<\/li>\n<li class=\"keypoints__item\" role=\"listitem\">tr\u00e8s silencieux 43 dB &#8211; Label \u00e9nergie B<\/li>\n<li class=\"keypoints__item\" role=\"listitem\">Rangement couverts : Tiroir<\/li>\n<li class=\"keypoints__item keypoints__item--advantage\" role=\"listitem\"><strong>Le + :<\/strong> hygi\u00e8ne renforc\u00e9e avec le g\u00e9n\u00e9rateur de vapeur. 4 bras de lavage multidirectionnels haute pression.<\/li>\n<\/ul>\n<\/div>","protected":false},"featured_media":17047,"template":"","meta":{"_glsr_average":0,"_glsr_ranking":0,"_glsr_reviews":0},"product_cat":[157],"product_tag":[131,158,159],"class_list":{"0":"post-36536","1":"product","2":"type-product","3":"status-publish","4":"has-post-thumbnail","6":"product_cat-lave-vaisselle-pose-libre","7":"product_tag-gros-electromenager","8":"product_tag-lave-vaisselle","9":"product_tag-lave-vaisselle-pose-libre","11":"first","12":"instock","13":"sale","14":"shipping-taxable","15":"purchasable","16":"product-type-simple"},"_links":{"self":[{"href":"https:\/\/electromenagerexpress.com\/en\/wp-json\/wp\/v2\/product\/36536","targetHints":{"allow":["GET"]}}],"collection":[{"href":"https:\/\/electromenagerexpress.com\/en\/wp-json\/wp\/v2\/product"}],"about":[{"href":"https:\/\/electromenagerexpress.com\/en\/wp-json\/wp\/v2\/types\/product"}],"wp:featuredmedia":[{"embeddable":true,"href":"https:\/\/electromenagerexpress.com\/en\/wp-json\/wp\/v2\/media\/17047"}],"wp:attachment":[{"href":"https:\/\/electromenagerexpress.com\/en\/wp-json\/wp\/v2\/media?parent=36536"}],"wp:term":[{"taxonomy":"product_cat","embeddable":true,"href":"https:\/\/electromenagerexpress.com\/en\/wp-json\/wp\/v2\/product_cat?post=36536"},{"taxonomy":"product_tag","embeddable":true,"href":"https:\/\/electromenagerexpress.com\/en\/wp-json\/wp\/v2\/product_tag?post=36536"}],"curies":[{"name":"wp","href":"https:\/\/api.w.org\/{rel}","templated":true}]}}