{"id":36509,"date":"2024-11-21T09:34:52","date_gmt":"2024-11-21T09:34:52","guid":{"rendered":"https:\/\/electromenagerexpress.com\/product\/lave-vaisselle-professionnelmielepfd-100-smartbiz\/"},"modified":"2024-11-21T09:34:53","modified_gmt":"2024-11-21T09:34:53","slug":"lave-vaisselle-professionnelmielepfd-100-smartbiz","status":"publish","type":"product","link":"https:\/\/electromenagerexpress.com\/en\/product\/lave-vaisselle-professionnelmielepfd-100-smartbiz\/","title":{"rendered":"Lave vaisselle professionnel\t\t\t\t\t\t\tMIELE\t\t\t\tPFD 100 SmartBiz"},"content":{"rendered":"<div class=\"product-features__content\">\n<ul role=\"list\">\n<li class=\"product-features__item\" role=\"listitem\">\n<h3 class=\"product-features__label\">Caract\u00e9ristiques principales<\/h3>\n<ul role=\"list\">\n<li class=\"product-features__item-list__item\" role=\"listitem\"><span class=\"is--medium\">Type de produit :<\/span> Lave vaisselle professionnel pose libre\t\t\t\t\t<\/li>\n<li class=\"product-features__item-list__item\" role=\"listitem\"><span class=\"is--medium\">Nombre de couverts :<\/span> 13\t\t\t\t\t<\/li>\n<li class=\"product-features__item-list__item\" role=\"listitem\"><span class=\"is--medium\">Niveau sonore :<\/span> 46 dB\t\t\t\t\t<\/li>\n<li class=\"product-features__item-list__item\" role=\"listitem\"><span class=\"is--medium\">Syst\u00e8me de vidange :<\/span> Pompe\t\t\t\t\t<\/li>\n<li class=\"product-features__item-list__item\" role=\"listitem\"><span class=\"is--medium\">Type de s\u00e9chage :<\/span> Assistance au s\u00e9chage AutoOpen, S\u00e9chage additionnel\t\t\t\t\t<\/li>\n<li class=\"product-features__item-list__item\" role=\"listitem\"><span class=\"is--medium\">Couleur :<\/span> Lave vaisselle blanc\t\t\t\t\t<\/li>\n<li class=\"product-features__item-list__item\" role=\"listitem\"><span class=\"is--medium\">Nombre de programmes :<\/span> 8\t\t\t\t\t<\/li>\n<li class=\"product-features__item-list__item\" role=\"listitem\"><span class=\"is--medium\">D\u00e9tails des programmes :<\/span> Universel, Court, Hygi\u00e8ne, Froid\/Pr\u00e9lavage, Verres, Plastiques, Eco, Intensif\t\t\t\t\t<\/li>\n<li class=\"product-features__item-list__item\" role=\"listitem\"><span class=\"is--medium\">D\u00e9part diff\u00e9r\u00e9 :<\/span> Permet \u00e0 chacun de programmer son lave-vaisselle en fonction des heures creuses EDF pour encore plus d&rsquo;\u00e9conomie.\t\t\t\t\t<\/li>\n<li class=\"product-features__item-list__item\" role=\"listitem\"><span class=\"is--medium\">D\u00e9lai maximum de d\u00e9part diff\u00e9r\u00e9 :<\/span> 24 heures\t\t\t\t\t<\/li>\n<\/ul>\n<\/li>\n<li class=\"product-features__item\" role=\"listitem\">\n<h3 class=\"product-features__label\">G\u00e9n\u00e9ral<\/h3>\n<ul role=\"list\">\n<li class=\"product-features__item-list__item\" role=\"listitem\"><span class=\"is--medium\">Pieds r\u00e9glables :<\/span> Oui\t\t\t\t\t<\/li>\n<\/ul>\n<\/li>\n<li class=\"product-features__item\" role=\"listitem\">\n<h3 class=\"product-features__label\">Raccordement \u00e9lectrique<\/h3>\n<ul role=\"list\">\n<li class=\"product-features__item-list__item\" role=\"listitem\"><span class=\"is--medium\">Type de branchement :<\/span> Monophas\u00e9\t\t\t\t\t<\/li>\n<li class=\"product-features__item-list__item\" role=\"listitem\"><span class=\"is--medium\">Puissance de chauffage :<\/span> 1.900 kW\t\t\t\t\t<\/li>\n<li class=\"product-features__item-list__item\" role=\"listitem\"><span class=\"is--medium\">Raccordement total :<\/span> 2.000 kW\t\t\t\t\t<\/li>\n<\/ul>\n<\/li>\n<li class=\"product-features__item\" role=\"listitem\">\n<h3 class=\"product-features__label\">Raccordement \u00e0 l&rsquo;eau\/\u00e9vacuation d&rsquo;eau<\/h3>\n<ul role=\"list\">\n<li class=\"product-features__item-list__item\" role=\"listitem\"><span class=\"is--medium\">Duret\u00e9 d&rsquo;eau brute max. (adm.) mmol :<\/span> 6.5\t\t\t\t\t<\/li>\n<li class=\"product-features__item-list__item\" role=\"listitem\"><span class=\"is--medium\">Raccordement eau chaude ou eau froide :<\/span> Gr\u00e2ce au branchement direct \u00e0 une arriv\u00e9e d&rsquo;eau chaude (60\u00b0C max), vous \u00e9conomisez la r\u00e9sistance de votre lave vaisselle et votre porte monnaie !\t\t\t\t\t<\/li>\n<\/ul>\n<\/li>\n<li class=\"product-features__item\" role=\"listitem\">\n<h3 class=\"product-features__label\">Bandeau de commandes<\/h3>\n<ul role=\"list\">\n<li class=\"product-features__item-list__item\" role=\"listitem\"><span class=\"is--medium\">Couleur du bandeau :<\/span> Bandeau inox\/Silver\t\t\t\t\t<\/li>\n<li class=\"product-features__item-list__item\" role=\"listitem\"><span class=\"is--medium\">Emplacement du bandeau :<\/span> Frontal\t\t\t\t\t<\/li>\n<li class=\"product-features__item-list__item\" role=\"listitem\"><span class=\"is--medium\">Indication(s) affich\u00e9e(s) :<\/span> Couleur du bandeau: Bandeau inox\/Silver, Emplacement du bandeau: Frontal\t\t\t\t\t<\/li>\n<\/ul>\n<\/li>\n<li class=\"product-features__item\" role=\"listitem\">\n<h3 class=\"product-features__label\">S\u00e9curit\u00e9<\/h3>\n<ul role=\"list\">\n<li class=\"product-features__item-list__item\" role=\"listitem\"><span class=\"is--medium\">D\u00e9tail :<\/span> S\u00e9curit\u00e9 enfant\t\t\t\t\t<\/li>\n<\/ul>\n<\/li>\n<li class=\"product-features__item\" role=\"listitem\">\n<h3 class=\"product-features__label\">Consommation<\/h3>\n<ul role=\"list\">\n<li class=\"product-features__item-list__item\" role=\"listitem\"><span class=\"is--medium\">Co\u00fbt unitaire \u00e9lectricit\u00e9 :<\/span> 0.2516\t\t\t\t\t<\/li>\n<li class=\"product-features__item-list__item\" role=\"listitem\"><span class=\"is--medium\">Co\u00fbt unitaire eau :<\/span> 0.0044\t\t\t\t\t<\/li>\n<\/ul>\n<\/li>\n<li class=\"product-features__item\" role=\"listitem\">\n<h3 class=\"product-features__label\">Dimensions<\/h3>\n<ul role=\"list\">\n<li class=\"product-features__item-list__item\" role=\"listitem\"><span class=\"is--medium\">Type de lave vaisselle :<\/span> 60 cm\t\t\t\t\t<\/li>\n<li class=\"product-features__item-list__item\" role=\"listitem\"><span class=\"is--medium\">Dimensions l x h x p :<\/span> 59.8 x 84.5 x 60 cm\t\t\t\t\t<\/li>\n<li class=\"product-features__item-list__item\" role=\"listitem\"><span class=\"is--medium\">Poids net :<\/span> 56,0 kg\t\t\t\t\t<\/li>\n<li class=\"product-features__item-list__item\" role=\"listitem\"><span class=\"is--medium\">Poids brut :<\/span> 64,0 kg\t\t\t\t\t<\/li>\n<\/ul>\n<\/li>\n<li class=\"product-features__item\" role=\"listitem\">\n<h3 class=\"product-features__label\">Informations compl\u00e9mentaires<\/h3>\n<ul role=\"list\">\n<li class=\"product-features__item-list__item\" role=\"listitem\"><span class=\"is--medium\">Disponibilit\u00e9 des pi\u00e8ces d\u00e9tach\u00e9es (donn\u00e9es fournisseur) :<\/span> Pendant 5 ans, \u00e0 compter de la date fin de fabrication\t\t\t\t\t<\/li>\n<li class=\"product-features__item-list__item\" role=\"listitem\"><span class=\"is--medium\">Fabriqu\u00e9 en :<\/span> ALLEMAGNE\t\t\t\t\t<\/li>\n<li class=\"product-features__item-list__item\" role=\"listitem\"><span class=\"is--medium\">Conforme \u00e0 la norme CE Directive Machine 2006\/42\/CE :<\/span> Oui\t\t\t\t\t<\/li>\n<li class=\"product-features__item-list__item\" role=\"listitem\"><span class=\"is--medium\">Plus d&rsquo;informations sur la Directive Machine :<\/span> <a href=\"https:\/\/boulanger.scene7.com\/is\/content\/Boulanger\/2.B.com\/Commerce\/EMS\/OP1022GAMJ.pdf\" target=\"_blank\">Cliquez ici<\/a><\/li>\n<li class=\"product-features__item-list__item\" role=\"listitem\"><span class=\"is--medium\">R\u00e9f\u00e9rence constructeur :<\/span> PFD 100 SmartBiz\t\t\t\t\t<\/li>\n<li class=\"product-features__item-list__item\" role=\"listitem\"><span class=\"is--medium\">Marque :<\/span> MIELE\t\t\t\t\t<\/li>\n<\/ul>\n<\/li>\n<\/ul>\n<\/div>\n<div class=\"product__disclosure-content\">\n<div class=\"js-read-more product-description__content read-more read-more--truncated\" data-read-more-name=\"description\" style=\"max-height: 500px; overflow: hidden;\">\n<p>Retrouvez une vaisselle \u00e9tincelante avec le Lave-Vaisselle 60 cm MIELE PFD 100 SmartBiz. Facile \u00e0 poser partout, il offre plusieurs cycles de lavage rapides et efficaces qui s&rsquo;adaptent aux besoins des professionnels.<\/p>\n<h3><img fetchpriority=\"high\" decoding=\"async\" ,=\"\" alt=\"LV 60cm MIELE PFD 100 SmartBiz\" class=\"wy_tableau_gauche\" height=\"270\" src=\"https:\/\/boulanger.scene7.com\/is\/image\/Boulanger\/4002516463597_h_f_l_0?wid=400&amp;hei=270\" width=\"400\"\/>Une machine intuitive et simple d&rsquo;utilisation<\/h3>\n<p>Assurez les services avec une grande efficacit\u00e9 gr\u00e2ce au Lave-Vaisselle 60 cm MIELE PFD 100 SmartBiz. Il peut laver <b>jusqu&rsquo;\u00e0 13 couverts<\/b> en seulement 36 minutes, pour vous faire gagner un temps pr\u00e9cieux. Son <b>bandeau de commande num\u00e9rique<\/b> permet de programmer l&rsquo;appareil du bout des doigts, gr\u00e2ce aux touches de s\u00e9lection rapide.<\/p>\n<p>Votre pause approche, mais vous n&rsquo;avez pas encore lanc\u00e9 de cycle ? All\u00e9gez-vous l&rsquo;esprit avec le <b>programme de d\u00e9part diff\u00e9r\u00e9<\/b>, pour planifier vos cycles de nettoyage jusqu&rsquo;\u00e0 24 heures \u00e0 l&rsquo;avance. S\u00fbre et \u00e9conomique, le Lave-Vaisselle 60 cm MIELE PFD 100 SmartBiz s&rsquo;occupe de tout en votre absence ! Les <b>fonctions AutoOpen et AutoClose<\/b> assurent m\u00eame une ouverture automatique de la porte.<\/p>\n<h3><img decoding=\"async\" ,=\"\" alt=\"LV 60cm MIELE PFD 100 SmartBiz\" class=\"wy_tableau_right\" height=\"270\" src=\"https:\/\/boulanger.scene7.com\/is\/image\/Boulanger\/4002516463597_h_f_l_1?wid=400&amp;hei=270\" width=\"400\"\/>Des modes de lavage performants<\/h3>\n<p>Toutes les fonctionnalit\u00e9s du Lave-Vaisselle 60 cm MIELE PFD 100 SmartBiz sont pens\u00e9es pour optimiser le nettoyage, <b>sans augmenter votre consommation d&rsquo;\u00e9nergie<\/b>. Gr\u00e2ce \u00e0 la porte qui s&rsquo;ouvre d\u00e8s la fin du cycle, le s\u00e9chage de la vaisselle est impeccable, m\u00eame sur des mati\u00e8res difficiles comme le plastique.<\/p>\n<p>Le calcaire ne sera plus qu&rsquo;un lointain souvenir avec l&rsquo;<b>adoucisseur d&rsquo;eau int\u00e9gr\u00e9<\/b> au Lave-Vaisselle 60 cm MIELE PFD 100 SmartBiz. Il limite aussi la consommation de d\u00e9tergent, pour augmenter la dur\u00e9e de vie de l&rsquo;appareil. Vous pouvez r\u00e9gler manuellement la duret\u00e9 de l&rsquo;eau : l&rsquo;adoucisseur s&rsquo;y adaptera. La machine poss\u00e8de aussi un <b>filtre performant<\/b>, qui capte toutes les impuret\u00e9s pr\u00e9sentes dans l&rsquo;eau. Le r\u00e9sultat est impeccable !<\/p>\n<\/p>\n<\/div>\n<p><bl-button a11yexpanded=\"false\" arialabel=\"Afficher toute la description\" class=\"read-more__btn\" full=\"false\" link=\"true\">Voir plus<\/bl-button><\/div>","protected":false},"excerpt":{"rendered":"<div class=\"keypoints\">\n<h3 class=\"keypoints__title\">Les points cl\u00e9s<\/h3>\n<ul role=\"list\">\n<li class=\"keypoints__item\" role=\"listitem\">                                        Conforme \u00e0 la norme CE Directive Machine 2006\/42\/CE                      <\/li>\n<li class=\"keypoints__item\" role=\"listitem\">                          13 couverts &#8211;                                                      Niveau sonore 46 dB                      <\/li>\n<li class=\"keypoints__item\" role=\"listitem\">                                        Programmes adapt\u00e9s pour les professionnels                      <\/li>\n<li class=\"keypoints__item keypoints__item--advantage\" role=\"listitem\"><strong>Le + :<\/strong> Cycle de lavage d\u2019une dur\u00e9e de 36 min pour 13 couverts      <\/li>\n<\/ul>","protected":false},"featured_media":16665,"template":"","meta":{"_glsr_average":0,"_glsr_ranking":0,"_glsr_reviews":0},"product_cat":[157],"product_tag":[131,158,159],"class_list":{"0":"post-36509","1":"product","2":"type-product","3":"status-publish","4":"has-post-thumbnail","6":"product_cat-lave-vaisselle-pose-libre","7":"product_tag-gros-electromenager","8":"product_tag-lave-vaisselle","9":"product_tag-lave-vaisselle-pose-libre","11":"first","12":"instock","13":"sale","14":"shipping-taxable","15":"purchasable","16":"product-type-simple"},"_links":{"self":[{"href":"https:\/\/electromenagerexpress.com\/en\/wp-json\/wp\/v2\/product\/36509","targetHints":{"allow":["GET"]}}],"collection":[{"href":"https:\/\/electromenagerexpress.com\/en\/wp-json\/wp\/v2\/product"}],"about":[{"href":"https:\/\/electromenagerexpress.com\/en\/wp-json\/wp\/v2\/types\/product"}],"wp:featuredmedia":[{"embeddable":true,"href":"https:\/\/electromenagerexpress.com\/en\/wp-json\/wp\/v2\/media\/16665"}],"wp:attachment":[{"href":"https:\/\/electromenagerexpress.com\/en\/wp-json\/wp\/v2\/media?parent=36509"}],"wp:term":[{"taxonomy":"product_cat","embeddable":true,"href":"https:\/\/electromenagerexpress.com\/en\/wp-json\/wp\/v2\/product_cat?post=36509"},{"taxonomy":"product_tag","embeddable":true,"href":"https:\/\/electromenagerexpress.com\/en\/wp-json\/wp\/v2\/product_tag?post=36509"}],"curies":[{"name":"wp","href":"https:\/\/api.w.org\/{rel}","templated":true}]}}