{"id":36482,"date":"2024-11-21T09:33:30","date_gmt":"2024-11-21T09:33:30","guid":{"rendered":"https:\/\/electromenagerexpress.com\/product\/lave-vaisselle-professionnelwhirlpooledm5du-lv-eco-line-50x50\/"},"modified":"2024-11-21T09:33:31","modified_gmt":"2024-11-21T09:33:31","slug":"lave-vaisselle-professionnelwhirlpooledm5du-lv-eco-line-50x50","status":"publish","type":"product","link":"https:\/\/electromenagerexpress.com\/en\/product\/lave-vaisselle-professionnelwhirlpooledm5du-lv-eco-line-50x50\/","title":{"rendered":"Lave vaisselle professionnel\t\t\t\t\t\t\tWHIRLPOOL\t\t\t\tEDM5DU LV ECO LINE 50X50"},"content":{"rendered":"<div class=\"product-features__content\">\n<ul role=\"list\">\n<li class=\"product-features__item\" role=\"listitem\">\n<h3 class=\"product-features__label\">Caract\u00e9ristiques principales<\/h3>\n<ul role=\"list\">\n<li class=\"product-features__item-list__item\" role=\"listitem\"><span class=\"is--medium\">Type de produit :<\/span> Lave vaisselle professionnel pose libre\t\t\t\t\t<\/li>\n<li class=\"product-features__item-list__item\" role=\"listitem\"><span class=\"is--medium\">Niveau sonore :<\/span> 62 dB\t\t\t\t\t<\/li>\n<li class=\"product-features__item-list__item\" role=\"listitem\"><span class=\"is--medium\">Capacit\u00e9 de la cuve :<\/span> 23,0 L\t\t\t\t\t<\/li>\n<li class=\"product-features__item-list__item\" role=\"listitem\"><span class=\"is--medium\">Dur\u00e9e de cycle :<\/span> 180 secondes\t\t\t\t\t<\/li>\n<li class=\"product-features__item-list__item\" role=\"listitem\"><span class=\"is--medium\">Nombre de casiers\/heure :<\/span> 20\t\t\t\t\t<\/li>\n<li class=\"product-features__item-list__item\" role=\"listitem\"><span class=\"is--medium\">Syst\u00e8me de vidange :<\/span> Pompe\t\t\t\t\t<\/li>\n<li class=\"product-features__item-list__item\" role=\"listitem\"><span class=\"is--medium\">Assiettes\/heure :<\/span> 540\t\t\t\t\t<\/li>\n<li class=\"product-features__item-list__item\" role=\"listitem\"><span class=\"is--medium\">Couleur :<\/span> Lave vaisselle inox\t\t\t\t\t<\/li>\n<li class=\"product-features__item-list__item\" role=\"listitem\"><span class=\"is--medium\">Nombre de temp\u00e9ratures de lavage :<\/span> 1\t\t\t\t\t<\/li>\n<li class=\"product-features__item-list__item\" role=\"listitem\"><span class=\"is--medium\">D\u00e9tails des temp\u00e9ratures :<\/span> 55\u00b0C\t\t\t\t\t<\/li>\n<li class=\"product-features__item-list__item\" role=\"listitem\"><span class=\"is--medium\">Nombre de programmes :<\/span> 1\t\t\t\t\t<\/li>\n<li class=\"product-features__item-list__item\" role=\"listitem\"><span class=\"is--medium\">Temp\u00e9rature de rin\u00e7age en C\u00b0 :<\/span> 85\t\t\t\t\t<\/li>\n<li class=\"product-features__item-list__item\" role=\"listitem\"><span class=\"is--medium\">Dur\u00e9e cycle de lavage :<\/span> 3 mn\t\t\t\t\t<\/li>\n<\/ul>\n<\/li>\n<li class=\"product-features__item\" role=\"listitem\">\n<h3 class=\"product-features__label\">Modularit\u00e9<\/h3>\n<ul role=\"list\">\n<li class=\"product-features__item-list__item\" role=\"listitem\"><span class=\"is--medium\">Nombre de panier \u00e0 couverts :<\/span> 1\t\t\t\t\t<\/li>\n<li class=\"product-features__item-list__item\" role=\"listitem\"><span class=\"is--medium\">Hauteur de passage utile :<\/span> 33\t\t\t\t\t<\/li>\n<li class=\"product-features__item-list__item\" role=\"listitem\"><span class=\"is--medium\">Dimensions panier :<\/span> 50\t\t\t\t\t<\/li>\n<\/ul>\n<\/li>\n<li class=\"product-features__item\" role=\"listitem\">\n<h3 class=\"product-features__label\">Raccordement \u00e9lectrique<\/h3>\n<ul role=\"list\">\n<li class=\"product-features__item-list__item\" role=\"listitem\"><span class=\"is--medium\">Type de branchement :<\/span> Monophas\u00e9\t\t\t\t\t<\/li>\n<li class=\"product-features__item-list__item\" role=\"listitem\"><span class=\"is--medium\">Tension :<\/span> 230 V\t\t\t\t\t<\/li>\n<li class=\"product-features__item-list__item\" role=\"listitem\"><span class=\"is--medium\">Puissance de chauffage :<\/span> 3.900 kW\t\t\t\t\t<\/li>\n<li class=\"product-features__item-list__item\" role=\"listitem\"><span class=\"is--medium\">R\u00e9sistance de cuve :<\/span> 3.000 kW\t\t\t\t\t<\/li>\n<li class=\"product-features__item-list__item\" role=\"listitem\"><span class=\"is--medium\">Tension :<\/span> 230 V\t\t\t\t\t<\/li>\n<li class=\"product-features__item-list__item\" role=\"listitem\"><span class=\"is--medium\">Fr\u00e9quence :<\/span> 50 Hz\t\t\t\t\t<\/li>\n<\/ul>\n<\/li>\n<li class=\"product-features__item\" role=\"listitem\">\n<h3 class=\"product-features__label\">Raccordement \u00e0 l&rsquo;eau\/\u00e9vacuation d&rsquo;eau<\/h3>\n<ul role=\"list\">\n<li class=\"product-features__item-list__item\" role=\"listitem\"><span class=\"is--medium\">Adoucisseur d&rsquo;eau int\u00e9gr\u00e9 :<\/span> Non\t\t\t\t\t<\/li>\n<li class=\"product-features__item-list__item\" role=\"listitem\"><span class=\"is--medium\">Raccordement eau chaude ou eau froide :<\/span> Gr\u00e2ce au branchement direct \u00e0 une arriv\u00e9e d&rsquo;eau chaude, vous \u00e9conomisez la r\u00e9sistance de votre lave vaisselle et votre porte monnaie !\t\t\t\t\t<\/li>\n<\/ul>\n<\/li>\n<li class=\"product-features__item\" role=\"listitem\">\n<h3 class=\"product-features__label\">Bandeau de commandes<\/h3>\n<ul role=\"list\">\n<li class=\"product-features__item-list__item\" role=\"listitem\"><span class=\"is--medium\">Couleur du bandeau :<\/span> Bandeau noir\t\t\t\t\t<\/li>\n<li class=\"product-features__item-list__item\" role=\"listitem\"><span class=\"is--medium\">Emplacement du bandeau :<\/span> Frontal\t\t\t\t\t<\/li>\n<li class=\"product-features__item-list__item\" role=\"listitem\"><span class=\"is--medium\">Type de touches :<\/span> Boutons\t\t\t\t\t<\/li>\n<li class=\"product-features__item-list__item\" role=\"listitem\"><span class=\"is--medium\">Affichage temps restant :<\/span> Non\t\t\t\t\t<\/li>\n<li class=\"product-features__item-list__item\" role=\"listitem\"><span class=\"is--medium\">Indication(s) affich\u00e9e(s) :<\/span> Couleur du bandeau: Bandeau noir, Emplacement du bandeau: Frontal, Type de touches: Boutons\t\t\t\t\t<\/li>\n<\/ul>\n<\/li>\n<li class=\"product-features__item\" role=\"listitem\">\n<h3 class=\"product-features__label\">Dimensions<\/h3>\n<ul role=\"list\">\n<li class=\"product-features__item-list__item\" role=\"listitem\"><span class=\"is--medium\">Dimensions l x h x p :<\/span> 56.5 x 82.5 x 61 cm\t\t\t\t\t<\/li>\n<li class=\"product-features__item-list__item\" role=\"listitem\"><span class=\"is--medium\">Poids net :<\/span> 47,0 kg\t\t\t\t\t<\/li>\n<li class=\"product-features__item-list__item\" role=\"listitem\"><span class=\"is--medium\">Poids brut :<\/span> 55,0 kg\t\t\t\t\t<\/li>\n<\/ul>\n<\/li>\n<li class=\"product-features__item\" role=\"listitem\">\n<h3 class=\"product-features__label\">Informations compl\u00e9mentaires<\/h3>\n<ul role=\"list\">\n<li class=\"product-features__item-list__item\" role=\"listitem\"><span class=\"is--medium\">Garantie constructeur :<\/span> 2 Ans Main-d&rsquo;oeuvre et D\u00e9placement\t\t\t\t\t<\/li>\n<li class=\"product-features__item-list__item\" role=\"listitem\"><span class=\"is--medium\">Disponibilit\u00e9 des pi\u00e8ces d\u00e9tach\u00e9es (donn\u00e9es fournisseur) :<\/span> Pendant 5 ans, \u00e0 compter de la date d&rsquo;achat\t\t\t\t\t<\/li>\n<li class=\"product-features__item-list__item\" role=\"listitem\"><span class=\"is--medium\">Fabriqu\u00e9 en :<\/span> Italie\t\t\t\t\t<\/li>\n<li class=\"product-features__item-list__item\" role=\"listitem\"><span class=\"is--medium\">Conforme \u00e0 la norme CE Directive Machine 2006\/42\/CE :<\/span> Oui\t\t\t\t\t<\/li>\n<li class=\"product-features__item-list__item\" role=\"listitem\"><span class=\"is--medium\">Plus d&rsquo;informations sur la Directive Machine :<\/span> <a href=\"https:\/\/boulanger.scene7.com\/is\/content\/Boulanger\/2.B.com\/Commerce\/EMS\/OP1022GAMJ.pdf\" target=\"_blank\">Cliquez ici<\/a><\/li>\n<li class=\"product-features__item-list__item\" role=\"listitem\"><span class=\"is--medium\">R\u00e9f\u00e9rence constructeur :<\/span> EDM5DU LV ECO LINE 50X50\t\t\t\t\t<\/li>\n<li class=\"product-features__item-list__item\" role=\"listitem\"><span class=\"is--medium\">Marque :<\/span> WHIRLPOOL\t\t\t\t\t<\/li>\n<\/ul>\n<\/li>\n<\/ul>\n<\/div>\n<div class=\"product__disclosure-content\">\n<div class=\"js-read-more product-description__content read-more read-more--truncated\" data-read-more-name=\"description\" style=\"max-height: 500px; overflow: hidden;\">\n<div class=\"product__description-content read-more\">\n<p>Lave-vaisselle professionnel WHIRLPOOL EDM5DU LV ECO LINE 50X50 : l&rsquo;efficacit\u00e9 au service des professionnels<\/p>\n<h3><img fetchpriority=\"high\" decoding=\"async\" alt=\"Lave vaisselle professionnel WHIRLPOOL EDM5DU LV ECO LINE 50X50\" class=\"wy_tableau_gauche\" height=\"270\" src=\"https:\/\/boulanger.scene7.com\/is\/image\/Boulanger\/8003437224256_h_f_l_0?wid=400&amp;hei=270\" width=\"400\"\/>Conception robuste et performance de lavage<\/h3>\n<p>Le lave-vaisselle professionnel WHIRLPOOL EDM5DU LV ECO LINE est con\u00e7u pour r\u00e9pondre aux exigences des cuisines professionnelles avec sa carrosserie double paroi en acier inoxydable AISI 304 et ses paniers emboutis dans la cuve. La robustesse de cet appareil est compl\u00e9t\u00e9e par un syst\u00e8me de double filtre, cylindrique et amovible, qui assure une r\u00e9cup\u00e9ration efficace des d\u00e9chets. Avec un unique cycle de lavage de 180 secondes et une capacit\u00e9 de 20 cycles par heure, ce lave-vaisselle garantit des performances de lavage optimales tout en r\u00e9duisant la consommation d&rsquo;eau \u00e0 seulement 3 litres par rin\u00e7age, ainsi que l&rsquo;utilisation d&rsquo;\u00e9nergie et de d\u00e9tergents. De plus, les deux bras de lavage et les deux bras de rin\u00e7age, rotatifs et ind\u00e9pendants, assurent une couverture compl\u00e8te et un nettoyage impeccable de la vaisselle.<\/p>\n<p>\u00a0<\/p>\n<p>\u00a0<\/p>\n<h3><img decoding=\"async\" alt=\"Lave vaisselle professionnel WHIRLPOOL EDM5DU LV ECO LINE 50X50\" class=\"wy_tableau_right\" height=\"270\" src=\"https:\/\/boulanger.scene7.com\/is\/image\/Boulanger\/8003437224256_h_f_l_2?wid=400&amp;hei=270\" width=\"400\"\/>Simplicit\u00e9 d&rsquo;utilisation et caract\u00e9ristiques techniques avanc\u00e9es<\/h3>\n<p>Le bandeau de commande m\u00e9canique du WHIRLPOOL EDM5DU LV ECO LINE avec un bouton on\/off et l&rsquo;activation du cycle offre une utilisation intuitive et sans effort. Les caract\u00e9ristiques techniques incluent une puissance de 3,9 kW, une temp\u00e9rature de lavage de 55\u00b0C et une temp\u00e9rature maximale de rin\u00e7age de 85\u00b0C, garantissant une d\u00e9sinfection efficace. La cuve a une capacit\u00e9 de 23 litres, et l&rsquo;appareil est \u00e9quip\u00e9 d&rsquo;une pompe de vidange. Avec un niveau sonore de 62 dBa, il reste discret dans un environnement professionnel. Enfin, il est fourni avec deux paniers \u00e0 vaisselle de 50 x 50 cm et un panier \u00e0 couverts, offrant une capacit\u00e9 de 18 assiettes par panier, ce qui le rend id\u00e9al pour les \u00e9tablissements \u00e0 fort d\u00e9bit de vaisselle.<\/p>\n<\/div>\n<\/div>\n<p><bl-button a11yexpanded=\"false\" arialabel=\"Afficher toute la description\" class=\"read-more__btn\" full=\"false\" link=\"true\">Voir plus<\/bl-button><\/div>","protected":false},"excerpt":{"rendered":"<div class=\"keypoints\">\n<h3 class=\"keypoints__title\">Les points cl\u00e9s<\/h3>\n<ul role=\"list\">\n<li class=\"keypoints__item\" role=\"listitem\">                                        Conforme \u00e0 la norme CE Directive Machine 2006\/42\/CE                      <\/li>\n<li class=\"keypoints__item\" role=\"listitem\">                                        Niveau sonore 62 dB                      <\/li>\n<li class=\"keypoints__item\" role=\"listitem\">                                        Programmes adapt\u00e9s pour les professionnels                      <\/li>\n<li class=\"keypoints__item keypoints__item--advantage\" role=\"listitem\"><strong>Le + :<\/strong> Cycle unique de lavage de 180 secondes qui permet de r\u00e9aliser 20 cycles par heure      <\/li>\n<\/ul>","protected":false},"featured_media":16336,"template":"","meta":{"_glsr_average":0,"_glsr_ranking":0,"_glsr_reviews":0},"product_cat":[157],"product_tag":[131,158,159],"class_list":{"0":"post-36482","1":"product","2":"type-product","3":"status-publish","4":"has-post-thumbnail","6":"product_cat-lave-vaisselle-pose-libre","7":"product_tag-gros-electromenager","8":"product_tag-lave-vaisselle","9":"product_tag-lave-vaisselle-pose-libre","11":"first","12":"instock","13":"sale","14":"shipping-taxable","15":"purchasable","16":"product-type-simple"},"_links":{"self":[{"href":"https:\/\/electromenagerexpress.com\/en\/wp-json\/wp\/v2\/product\/36482","targetHints":{"allow":["GET"]}}],"collection":[{"href":"https:\/\/electromenagerexpress.com\/en\/wp-json\/wp\/v2\/product"}],"about":[{"href":"https:\/\/electromenagerexpress.com\/en\/wp-json\/wp\/v2\/types\/product"}],"wp:featuredmedia":[{"embeddable":true,"href":"https:\/\/electromenagerexpress.com\/en\/wp-json\/wp\/v2\/media\/16336"}],"wp:attachment":[{"href":"https:\/\/electromenagerexpress.com\/en\/wp-json\/wp\/v2\/media?parent=36482"}],"wp:term":[{"taxonomy":"product_cat","embeddable":true,"href":"https:\/\/electromenagerexpress.com\/en\/wp-json\/wp\/v2\/product_cat?post=36482"},{"taxonomy":"product_tag","embeddable":true,"href":"https:\/\/electromenagerexpress.com\/en\/wp-json\/wp\/v2\/product_tag?post=36482"}],"curies":[{"name":"wp","href":"https:\/\/api.w.org\/{rel}","templated":true}]}}