{"id":36420,"date":"2024-11-21T09:29:41","date_gmt":"2024-11-21T09:29:41","guid":{"rendered":"https:\/\/electromenagerexpress.com\/product\/lave-vaisselle-60-cmwhirlpoolw7fhs41-maxispace\/"},"modified":"2025-03-13T10:46:07","modified_gmt":"2025-03-13T10:46:07","slug":"lave-vaisselle-60-cmwhirlpoolw7fhs41-maxispace","status":"publish","type":"product","link":"https:\/\/electromenagerexpress.com\/en\/product\/lave-vaisselle-60-cmwhirlpoolw7fhs41-maxispace\/","title":{"rendered":"Lave vaisselle 60 cm\tWHIRLPOOL\tW7FHS41 MaxiSpace"},"content":{"rendered":"<div class=\"product-features__content\">\n<ul role=\"list\">\n<li class=\"product-features__item\" role=\"listitem\">\n<h3 class=\"product-features__label\">Installation<\/h3>\n<ul role=\"list\">\n<li class=\"product-features__item-list__item\" role=\"listitem\"><span class=\"is--medium\">Avantage pose libre :<\/span> il peut \u00eatre pos\u00e9 librement dans la cuisine et poss\u00e8de sa propre fa\u00e7ade.<\/li>\n<li class=\"product-features__item-list__item\" role=\"listitem\"><span class=\"is--medium\">Fa\u00e7ade d\u00e9corative :<\/span> Elle n&rsquo;est pas n\u00e9cessaire pour cet appareil<\/li>\n<li class=\"product-features__item-list__item\" role=\"listitem\"><span class=\"is--medium\">Dimension hors top :<\/span> 82,0 cm<\/li>\n<li class=\"product-features__item-list__item\" role=\"listitem\"><span class=\"is--medium\">Pieds r\u00e9glables :<\/span> Oui<\/li>\n<li class=\"product-features__item-list__item\" role=\"listitem\"><span class=\"is--medium\">Top amovibles :<\/span> Oui, pr\u00e9vu pour une installation sous le plan de travail sans ajout de plaque de recouvrement suppl\u00e9mentaire<\/li>\n<\/ul>\n<\/li>\n<li class=\"product-features__item\" role=\"listitem\">\n<h3 class=\"product-features__label\">Confort sonore<\/h3>\n<ul role=\"list\">\n<li class=\"product-features__item-list__item\" role=\"listitem\"><span class=\"is--medium\">Niveau sonore mesur\u00e9 en d\u00e9cibels :<\/span> 41 dB<\/li>\n<li class=\"product-features__item-list__item\" role=\"listitem\"><span class=\"is--medium\">Classe d&rsquo;efficacit\u00e9 du niveau sonore :<\/span> B<\/li>\n<li class=\"product-features__item-list__item\" role=\"listitem\"><span class=\"is--medium\">Programme diff\u00e9r\u00e9 :<\/span> 24 heures<\/li>\n<li class=\"product-features__item-list__item\" role=\"listitem\"><span class=\"is--medium\">Avantage du programme diff\u00e9r\u00e9 :<\/span> Permet de programmer un cycle de lavage aux heures creuses ou quand vous n&rsquo;\u00eates pas pr\u00e9sent<\/li>\n<li class=\"product-features__item-list__item\" role=\"listitem\"><span class=\"is--medium\">Programme silence :<\/span> Non<\/li>\n<\/ul>\n<\/li>\n<li class=\"product-features__item\" role=\"listitem\">\n<h3 class=\"product-features__label\">S\u00e9chage<\/h3>\n<ul role=\"list\">\n<li class=\"product-features__item-list__item\" role=\"listitem\"><span class=\"is--medium\">Type de s\u00e9chage :<\/span> naturel gr\u00e2ce \u00e0 l&rsquo;ouverture de la porte du lave-vaisselle en fin de programme<\/li>\n<li class=\"product-features__item-list__item\" role=\"listitem\"><span class=\"is--medium\">Ouverture automatique de la porte :<\/span> Oui<\/li>\n<li class=\"product-features__item-list__item\" role=\"listitem\"><span class=\"is--medium\">Avantage de l&rsquo;ouverture automatique de la porte :<\/span> Apr\u00e8s le cycle de lavage , la porte du lave vaisselle s&rsquo;ouvre automatiquement pour laisser la vapeur s&rsquo;\u00e9chapper. Cela permet \u00e0 l&rsquo;air de p\u00e9n\u00e9trer \u00e0 l&rsquo;int\u00e9rieur et de s\u00e9cher les ustensiles, plats et couverts.<\/li>\n<\/ul>\n<\/li>\n<li class=\"product-features__item\" role=\"listitem\">\n<h3 class=\"product-features__label\">Am\u00e9nagement int\u00e9rieur<\/h3>\n<ul role=\"list\">\n<li class=\"product-features__item-list__item\" role=\"listitem\"><span class=\"is--medium\">Nombre de couverts standard :<\/span> 15 couverts<\/li>\n<li class=\"product-features__item-list__item\" role=\"listitem\"><span class=\"is--medium\">Tiroir \u00e0 couverts :<\/span> Oui, il est plac\u00e9 dans la partie haute du lave-vaisselle et permet de b\u00e9n\u00e9ficier de 25% d&rsquo;espace suppl\u00e9mentaire dans le panier inf\u00e9rieur<\/li>\n<li class=\"product-features__item-list__item\" role=\"listitem\"><span class=\"is--medium\">Panier sup\u00e9rieur r\u00e9glable en hauteur :<\/span> Oui, charg\u00e9<\/li>\n<li class=\"product-features__item-list__item\" role=\"listitem\"><span class=\"is--medium\">Avantage du panier sup\u00e9rieur r\u00e9glable en hauteur :<\/span> Permet de laver des plats de grandes tailles ou de grands verres \u00e0 pieds.<\/li>\n<li class=\"product-features__item-list__item\" role=\"listitem\"><span class=\"is--medium\">Picots rabattables :<\/span> Oui<\/li>\n<li class=\"product-features__item-list__item\" role=\"listitem\"><span class=\"is--medium\">Support \u00e0 verres rabattable :<\/span> Oui<\/li>\n<\/ul>\n<\/li>\n<li class=\"product-features__item\" role=\"listitem\">\n<h3 class=\"product-features__label\">Programmes<\/h3>\n<ul role=\"list\">\n<li class=\"product-features__item-list__item\" role=\"listitem\"><span class=\"is--medium\">Nombre de programmes :<\/span> 8<\/li>\n<li class=\"product-features__item-list__item\" role=\"listitem\"><span class=\"is--medium\">D\u00e9tails des programmes et temp\u00e9ratures :<\/span> Eco 50\u00b0C, Auto Rapide (50\u00b0C), Auto Mixte (55\u00b0C), Auto Intensif (65\u00b0C),Rapide 30&prime; (45\u00b0C), Cristal (45\u00b0C), Pr\u00e9lavage (froid), Auto-nettoyage (65\u00b0C)<\/li>\n<\/ul>\n<\/li>\n<li class=\"product-features__item\" role=\"listitem\">\n<h3 class=\"product-features__label\">Praticit\u00e9<\/h3>\n<ul role=\"list\">\n<li class=\"product-features__item-list__item\" role=\"listitem\"><span class=\"is--medium\">Affichage du temps restant :<\/span> Oui<\/li>\n<li class=\"product-features__item-list__item\" role=\"listitem\"><span class=\"is--medium\">Connect\u00e9 :<\/span> Non<\/li>\n<\/ul>\n<\/li>\n<li class=\"product-features__item\" role=\"listitem\">\n<h3 class=\"product-features__label\">Consommation et \u00e9conomie d&rsquo;\u00e9nergie<\/h3>\n<ul role=\"list\">\n<li class=\"product-features__item-list__item\" role=\"listitem\"><span class=\"is--medium\">Nous avons calcul\u00e9 pour vous :<\/span> les consommations des appareils m\u00e9nagers (lave linge, lave-linge s\u00e9chant, lave-vaisselle, s\u00e8che linge) sont calcul\u00e9es avec le programme \u00e9co 40 60\u00b0<\/li>\n<li class=\"product-features__item-list__item\" role=\"listitem\"><span class=\"is--medium\">Dur\u00e9e du cylce du programme de r\u00e9f\u00e9rence (programme \u00e9co) :<\/span> 4 h<\/li>\n<li class=\"product-features__item-list__item\" role=\"listitem\"><span class=\"is--medium\">Consommation en \u00e9lectricit\u00e9 pour 100 cycles (programme \u00e9co) :<\/span> 76 kWh<\/li>\n<li class=\"product-features__item-list__item\" role=\"listitem\"><span class=\"is--medium\">Consommation en eau (programme eco) :<\/span> 9,5 litres \/ cycle<\/li>\n<li class=\"product-features__item-list__item\" role=\"listitem\"><span class=\"is--medium\">Co\u00fbt annuel \u00e9lectricit\u00e9 (bas\u00e9 sur 280 cycles) :<\/span> 54 euros par an<\/li>\n<li class=\"product-features__item-list__item\" role=\"listitem\"><span class=\"is--medium\">Co\u00fbt annuel eau (bas\u00e9 sur 280 cycles) :<\/span> 12 euros par an<\/li>\n<li class=\"product-features__item-list__item\" role=\"listitem\"><span class=\"is--medium\">Co\u00fbt annuel d&rsquo;utilisation (bas\u00e9 sur 280 cycles) :<\/span> 66 euros par an<\/li>\n<li class=\"product-features__item-list__item\" role=\"listitem\"><span class=\"is--medium\">Label \u00e9nergie :<\/span> C<\/li>\n<li class=\"product-features__item-list__item\" role=\"listitem\"><span class=\"is--medium\">Basse consommation :<\/span> un changement de classe repr\u00e9sente 10% d&rsquo;\u00e9conomies sur la consommation d&rsquo;\u00e9nergie<\/li>\n<li class=\"product-features__item-list__item\" role=\"listitem\"><span class=\"is--medium\">Compatible raccordement eau chaude :<\/span> Oui<\/li>\n<\/ul>\n<\/li>\n<li class=\"product-features__item\" role=\"listitem\">\n<h3 class=\"product-features__label\">Conception<\/h3>\n<ul role=\"list\">\n<li class=\"product-features__item-list__item\" role=\"listitem\"><span class=\"is--medium\">Type de moteur :<\/span> Inverter<\/li>\n<li class=\"product-features__item-list__item\" role=\"listitem\"><span class=\"is--medium\">Avantage de ce moteur :<\/span> le moteur inverter offre plusieurs avantages. Il ajuste la vitesse du moteur selon les besoins, r\u00e9duisant le bruit et la consommation d&rsquo;\u00e9nergie. De plus, il assure un fonctionnement plus stable et prolonge la dur\u00e9e de vie de l&rsquo;appareil gr\u00e2ce \u00e0 une r\u00e9duction de l&rsquo;usure.<\/li>\n<li class=\"product-features__item-list__item\" role=\"listitem\"><span class=\"is--medium\">Paroi de la cuve :<\/span> Inox<\/li>\n<li class=\"product-features__item-list__item\" role=\"listitem\"><span class=\"is--medium\">Avantage de l&rsquo;inox :<\/span> L&rsquo;inox est un mat\u00e9riau de haute r\u00e9sistance gage de qualit\u00e9 et de durabilit\u00e9. En plus, l&rsquo;inox permet d&rsquo;\u00e9viter les mauvaises odeurs !<\/li>\n<\/ul>\n<\/li>\n<li class=\"product-features__item\" role=\"listitem\">\n<h3 class=\"product-features__label\">S\u00e9curit\u00e9<\/h3>\n<ul role=\"list\">\n<li class=\"product-features__item-list__item\" role=\"listitem\"><span class=\"is--medium\">S\u00e9curit\u00e9 enfant :<\/span> Oui<\/li>\n<li class=\"product-features__item-list__item\" role=\"listitem\"><span class=\"is--medium\">S\u00e9curit\u00e9 aquastop :<\/span> Oui<\/li>\n<li class=\"product-features__item-list__item\" role=\"listitem\"><span class=\"is--medium\">Principe de l&rsquo;aquastop :<\/span> Coupe l&rsquo;arriv\u00e9e d&rsquo;eau dans le lave-vaisselle en cas de d\u00e9tection de fuite ou de d\u00e9bordement<\/li>\n<\/ul>\n<\/li>\n<li class=\"product-features__item\" role=\"listitem\">\n<h3 class=\"product-features__label\">Dimensions<\/h3>\n<ul role=\"list\">\n<li class=\"product-features__item-list__item\" role=\"listitem\"><span class=\"is--medium\">Hauteur sans top :<\/span> 82,0 cm<\/li>\n<li class=\"product-features__item-list__item\" role=\"listitem\"><span class=\"is--medium\">Poids net :<\/span> 47,0 kg<\/li>\n<li class=\"product-features__item-list__item\" role=\"listitem\"><span class=\"is--medium\">Poids brut :<\/span> 52,0 kg<\/li>\n<li class=\"product-features__item-list__item\" role=\"listitem\"><span class=\"is--medium\">L x H x P :<\/span> 60 x 85 x 59 cm<\/li>\n<\/ul>\n<\/li>\n<li class=\"product-features__item\" role=\"listitem\">\n<h3 class=\"product-features__label\">Informations compl\u00e9mentaires<\/h3>\n<ul role=\"list\">\n<li class=\"product-features__item-list__item\" role=\"listitem\"><span class=\"is--medium\">Fabriqu\u00e9 en :<\/span> Chine<\/li>\n<li class=\"product-features__item-list__item\" role=\"listitem\"><span class=\"is--medium\">Garantie :<\/span> 2 ans<\/li>\n<li class=\"product-features__item-list__item\" role=\"listitem\"><span class=\"is--medium\">Disponibilit\u00e9 des pi\u00e8ces d\u00e9tach\u00e9es\u00a0 :<\/span> Pendant 15 ans, \u00e0 compter de la date d&rsquo;achat<\/li>\n<li class=\"product-features__item-list__item\" role=\"listitem\"><span class=\"is--medium\">R\u00e9f\u00e9rence constructeur :<\/span> W7FHS41 MaxiSpace<\/li>\n<li class=\"product-features__item-list__item\" role=\"listitem\"><span class=\"is--medium\">Marque :<\/span> WHIRLPOOL<\/li>\n<li class=\"product-features__item-list__item\" role=\"listitem\"><span class=\"is--medium\">Indice de r\u00e9parabilit\u00e9 :<\/span> 7,9 \/10<\/li>\n<\/ul>\n<\/li>\n<\/ul>\n<\/div>\n<div class=\"product__disclosure-content\">\n<div class=\"js-read-more product-description__content read-more read-more--truncated\" style=\"max-height: 500px; overflow: hidden;\" data-read-more-name=\"description\">\n<div class=\"product__description-content read-more\">\n<p>Lave-vaisselle 60 cm WHIRLPOOL W7FHS41 MaxiSpace : Innovation et Performance au Quotidien<\/p>\n<h3>Technologie Avanc\u00e9e pour un Lavage Sur-Mesure<\/h3>\n<p>Le lave-vaisselle WHIRLPOOL W7FHS41 MaxiSpace, dot\u00e9 de la technologie 6\u00e8me Sens, offre une exp\u00e9rience de lavage r\u00e9volutionnaire. Cette fonctionnalit\u00e9 intelligente ajuste automatiquement la dur\u00e9e du cycle, la temp\u00e9rature et la quantit\u00e9 d&rsquo;eau, permettant ainsi jusqu&rsquo;\u00e0 40% d&rsquo;\u00e9conomies d&rsquo;eau et de temps. En parall\u00e8le, la technologie PowerClean Pro utilise des jets haute pression pour venir \u00e0 bout des salissures les plus tenaces, tout en lib\u00e9rant 30% d&rsquo;espace suppl\u00e9mentaire dans le panier inf\u00e9rieur, optimisant ainsi le rangement de votre vaisselle.<\/p>\n<h3>Confort et Efficacit\u00e9 \u00c9nerg\u00e9tique<\/h3>\n<p>Le syst\u00e8me Natural Dry du WHIRLPOOL W7FHS41 MaxiSpace garantit un s\u00e9chage exceptionnel avec une am\u00e9lioration de +99%, gr\u00e2ce \u00e0 l&rsquo;ouverture automatique de la porte en fin de cycle. Cela favorise un s\u00e9chage naturel et \u00e9conomique. Pour des moments paisibles, l&rsquo;option Extra Silence r\u00e9duit le bruit jusqu&rsquo;\u00e0 3 d\u00e9cibels, offrant ainsi un environnement calme. La cuve MaxiSpace, spacieuse, accueille 15 couverts, offrant 10% d&rsquo;espace en plus pour une gestion ais\u00e9e de la vaisselle. Avec une classe d&rsquo;efficacit\u00e9<\/p>\n<\/div>\n<\/div>\n<div class=\"js-read-more product-description__content read-more read-more--truncated\" style=\"max-height: 500px; overflow: hidden;\" data-read-more-name=\"description\">\n<div class=\"product__description-content read-more\">\n<p>\u00e9nerg\u00e9tique C, ce lave-vaisselle est con\u00e7u pour une performance optimale tout en ma\u00eetrisant votre consommation \u00e9nerg\u00e9tique.<\/p>\n<\/div>\n<\/div>\n<p>&nbsp;<\/p>\n<\/div>","protected":false},"excerpt":{"rendered":"<div class=\"keypoints\">\n<h3 class=\"keypoints__title\">Les points cl\u00e9s<\/h3>\n<ul role=\"list\">\n<li class=\"keypoints__item\" role=\"listitem\">Pose libre avec panneau de commande apparent<\/li>\n<li class=\"keypoints__item\" role=\"listitem\">L x H x P : 60 x 85 x 59 cm<\/li>\n<li class=\"keypoints__item\" role=\"listitem\">tr\u00e8s silencieux 41 dB &#8211; Label \u00e9nergie C<\/li>\n<li class=\"keypoints__item\" role=\"listitem\">Rangement couverts : Tiroir<\/li>\n<li class=\"keypoints__item keypoints__item--advantage\" role=\"listitem\"><strong>Le + :<\/strong> technologie PowerClean Pro qui optimise l&rsquo;espace durant le lavage et \u00e9limine les salissures tenaces.<\/li>\n<\/ul>\n<\/div>","protected":false},"featured_media":15367,"template":"","meta":{"_glsr_average":0,"_glsr_ranking":0,"_glsr_reviews":0},"product_cat":[157],"product_tag":[131,158,159],"class_list":{"0":"post-36420","1":"product","2":"type-product","3":"status-publish","4":"has-post-thumbnail","6":"product_cat-lave-vaisselle-pose-libre","7":"product_tag-gros-electromenager","8":"product_tag-lave-vaisselle","9":"product_tag-lave-vaisselle-pose-libre","11":"first","12":"instock","13":"sale","14":"shipping-taxable","15":"purchasable","16":"product-type-simple"},"_links":{"self":[{"href":"https:\/\/electromenagerexpress.com\/en\/wp-json\/wp\/v2\/product\/36420","targetHints":{"allow":["GET"]}}],"collection":[{"href":"https:\/\/electromenagerexpress.com\/en\/wp-json\/wp\/v2\/product"}],"about":[{"href":"https:\/\/electromenagerexpress.com\/en\/wp-json\/wp\/v2\/types\/product"}],"wp:featuredmedia":[{"embeddable":true,"href":"https:\/\/electromenagerexpress.com\/en\/wp-json\/wp\/v2\/media\/15367"}],"wp:attachment":[{"href":"https:\/\/electromenagerexpress.com\/en\/wp-json\/wp\/v2\/media?parent=36420"}],"wp:term":[{"taxonomy":"product_cat","embeddable":true,"href":"https:\/\/electromenagerexpress.com\/en\/wp-json\/wp\/v2\/product_cat?post=36420"},{"taxonomy":"product_tag","embeddable":true,"href":"https:\/\/electromenagerexpress.com\/en\/wp-json\/wp\/v2\/product_tag?post=36420"}],"curies":[{"name":"wp","href":"https:\/\/api.w.org\/{rel}","templated":true}]}}