{"id":36371,"date":"2024-11-21T09:26:31","date_gmt":"2024-11-21T09:26:31","guid":{"rendered":"https:\/\/electromenagerexpress.com\/product\/lave-vaisselle-encastrable-whirlpoolwbo3t133pfx-6eme-sens\/"},"modified":"2025-02-16T18:01:33","modified_gmt":"2025-02-16T18:01:33","slug":"lave-vaisselle-encastrable-whirlpoolwbo3t133pfx-6eme-sens","status":"publish","type":"product","link":"https:\/\/electromenagerexpress.com\/en\/product\/lave-vaisselle-encastrable-whirlpoolwbo3t133pfx-6eme-sens\/","title":{"rendered":"Lave vaisselle encastrable \tWHIRLPOOL\tWBO3T133PFX 6\u00e8me sens"},"content":{"rendered":"<div class=\"product-features__content\">\n<ul role=\"list\">\n<li class=\"product-features__item\" role=\"listitem\">\n<h3 class=\"product-features__label\">Installation<\/h3>\n<ul role=\"list\">\n<li class=\"product-features__item-list__item\" role=\"listitem\"><span class=\"is--medium\">Pour une niche de (l x h x p) :<\/span> 60 x 90 x 56 cm<\/li>\n<li class=\"product-features__item-list__item\" role=\"listitem\"><span class=\"is--medium\">Avantage int\u00e9grable :<\/span> L&rsquo;appareil est sp\u00e9cialement con\u00e7u pour \u00eatre encastr\u00e9 dans une niche. Vous pouvez l&rsquo;habiller d&rsquo;une porte semblable au reste de votre cuisine.<\/li>\n<li class=\"product-features__item-list__item\" role=\"listitem\"><span class=\"is--medium\">Type d&rsquo;ouverture de porte :<\/span> si votre plinthe mesure 9 cm ou moins, seul un lave vaisselle porte \u00e0 glissi\u00e8re compatible plinthes basses sera adapt\u00e9 \u00e0 votre cuisine. Cependant, si votre plinthe mesure plus de 9 cm, tous les syst\u00e8mes d&rsquo;ouverture de porte seront compatibles avec votre cuisine.<\/li>\n<li class=\"product-features__item-list__item\" role=\"listitem\"><span class=\"is--medium\">Dimension hors top :<\/span> 82,0 cm<\/li>\n<li class=\"product-features__item-list__item\" role=\"listitem\"><span class=\"is--medium\">Pieds r\u00e9glables :<\/span> Oui<\/li>\n<li class=\"product-features__item-list__item\" role=\"listitem\"><span class=\"is--medium\">Top amovibles :<\/span> Non<\/li>\n<\/ul>\n<\/li>\n<li class=\"product-features__item\" role=\"listitem\">\n<h3 class=\"product-features__label\">Confort sonore<\/h3>\n<ul role=\"list\">\n<li class=\"product-features__item-list__item\" role=\"listitem\"><span class=\"is--medium\">Niveau sonore mesur\u00e9 en d\u00e9cibels :<\/span> 43 dB<\/li>\n<li class=\"product-features__item-list__item\" role=\"listitem\"><span class=\"is--medium\">Classe d&rsquo;efficacit\u00e9 du niveau sonore :<\/span> B<\/li>\n<li class=\"product-features__item-list__item\" role=\"listitem\"><span class=\"is--medium\">Programme diff\u00e9r\u00e9 :<\/span> 24 heures<\/li>\n<li class=\"product-features__item-list__item\" role=\"listitem\"><span class=\"is--medium\">Avantage du programme diff\u00e9r\u00e9 :<\/span> Permet de programmer un cycle de lavage aux heures creuses ou quand vous n&rsquo;\u00eates pas pr\u00e9sent<\/li>\n<li class=\"product-features__item-list__item\" role=\"listitem\"><span class=\"is--medium\">Programme silence :<\/span> Oui<\/li>\n<li class=\"product-features__item-list__item\" role=\"listitem\"><span class=\"is--medium\">Avantage du programme silence :<\/span> Permet de fonctionner avec un niveau de bruit r\u00e9duit<\/li>\n<\/ul>\n<\/li>\n<li class=\"product-features__item\" role=\"listitem\">\n<h3 class=\"product-features__label\">S\u00e9chage<\/h3>\n<ul role=\"list\">\n<li class=\"product-features__item-list__item\" role=\"listitem\"><span class=\"is--medium\">Type de s\u00e9chage :<\/span> naturel gr\u00e2ce \u00e0 l&rsquo;ouverture de la porte du lave-vaisselle en fin de programme<\/li>\n<li class=\"product-features__item-list__item\" role=\"listitem\"><span class=\"is--medium\">Ouverture automatique de la porte :<\/span> Oui<\/li>\n<li class=\"product-features__item-list__item\" role=\"listitem\"><span class=\"is--medium\">Avantage de l&rsquo;ouverture automatique de la porte :<\/span> Apr\u00e8s le cycle de lavage , la porte du lave vaisselle s&rsquo;ouvre automatiquement pour laisser la vapeur s&rsquo;\u00e9chapper. Cela permet \u00e0 l&rsquo;air de p\u00e9n\u00e9trer \u00e0 l&rsquo;int\u00e9rieur et de s\u00e9cher les ustensiles, plats et couverts.<\/li>\n<\/ul>\n<\/li>\n<li class=\"product-features__item\" role=\"listitem\">\n<h3 class=\"product-features__label\">Am\u00e9nagement int\u00e9rieur<\/h3>\n<ul role=\"list\">\n<li class=\"product-features__item-list__item\" role=\"listitem\"><span class=\"is--medium\">Nombre de couverts standard :<\/span> 14 couverts<\/li>\n<li class=\"product-features__item-list__item\" role=\"listitem\"><span class=\"is--medium\">Panier \u00e0 couverts :<\/span> Sans panier<\/li>\n<li class=\"product-features__item-list__item\" role=\"listitem\"><span class=\"is--medium\">Emplacement du panier \u00e0 couverts :<\/span> Modulable<\/li>\n<li class=\"product-features__item-list__item\" role=\"listitem\"><span class=\"is--medium\">Tiroir \u00e0 couverts :<\/span> Oui, il est plac\u00e9 dans la partie haute du lave-vaisselle et permet de b\u00e9n\u00e9ficier de 25% d&rsquo;espace suppl\u00e9mentaire dans le panier inf\u00e9rieur<\/li>\n<li class=\"product-features__item-list__item\" role=\"listitem\"><span class=\"is--medium\">Panier sup\u00e9rieur r\u00e9glable en hauteur :<\/span> Oui<\/li>\n<li class=\"product-features__item-list__item\" role=\"listitem\"><span class=\"is--medium\">Avantage du panier sup\u00e9rieur r\u00e9glable en hauteur :<\/span> Permet de laver des plats de grandes tailles ou de grands verres \u00e0 pieds.<\/li>\n<li class=\"product-features__item-list__item\" role=\"listitem\"><span class=\"is--medium\">Picots rabattables :<\/span> Oui<\/li>\n<li class=\"product-features__item-list__item\" role=\"listitem\"><span class=\"is--medium\">Support \u00e0 verres rabattable :<\/span> Oui<\/li>\n<li class=\"product-features__item-list__item\" role=\"listitem\"><span class=\"is--medium\">Am\u00e9nagement sp\u00e9cifique verres :<\/span> Oui<\/li>\n<li class=\"product-features__item-list__item\" role=\"listitem\"><span class=\"is--medium\">Avantage de l&rsquo;am\u00e9nagament sp\u00e9cifique verres :<\/span> Permet de prot\u00e9ger les verres fragiles lors d&rsquo;un cycle de lavage.<\/li>\n<\/ul>\n<\/li>\n<li class=\"product-features__item\" role=\"listitem\">\n<h3 class=\"product-features__label\">Programmes<\/h3>\n<ul role=\"list\">\n<li class=\"product-features__item-list__item\" role=\"listitem\"><span class=\"is--medium\">Nombre de programmes :<\/span> 10<\/li>\n<li class=\"product-features__item-list__item\" role=\"listitem\"><span class=\"is--medium\">D\u00e9tails des programmes et temp\u00e9ratures :<\/span> Eco (50\u00b0C)6\u00e8me Sens (50-60\u00b0C) Intensif (65\u00b0C) Mixte (50\u00b0C) Cristal (45\u00b0C) Rapide 30&prime; (50\u00b0C) Silence 42dB (50\u00b0C) Antibact\u00e9rien (65\u00b0C) Pr\u00e9lavage (froid) Autonettoyage (65\u00b0C)<\/li>\n<\/ul>\n<\/li>\n<li class=\"product-features__item\" role=\"listitem\">\n<h3 class=\"product-features__label\">Praticit\u00e9<\/h3>\n<ul role=\"list\">\n<li class=\"product-features__item-list__item\" role=\"listitem\"><span class=\"is--medium\">Affichage au sol :<\/span> Non<\/li>\n<li class=\"product-features__item-list__item\" role=\"listitem\"><span class=\"is--medium\">Affichage du temps restant :<\/span> Oui<\/li>\n<li class=\"product-features__item-list__item\" role=\"listitem\"><span class=\"is--medium\">Connect\u00e9 :<\/span> Non<\/li>\n<li class=\"product-features__item-list__item\" role=\"listitem\"><span class=\"is--medium\">Eclairage int\u00e9rieur :<\/span> Non<\/li>\n<li class=\"product-features__item-list__item\" role=\"listitem\"><span class=\"is--medium\">Dosage automatique :<\/span> Non<\/li>\n<\/ul>\n<\/li>\n<li class=\"product-features__item\" role=\"listitem\">\n<h3 class=\"product-features__label\">Consommation et \u00e9conomie d&rsquo;\u00e9nergie<\/h3>\n<ul role=\"list\">\n<li class=\"product-features__item-list__item\" role=\"listitem\"><span class=\"is--medium\">Nous avons calcul\u00e9 pour vous :<\/span> les consommations des appareils m\u00e9nagers (lave linge, lave-linge s\u00e9chant, lave-vaisselle, s\u00e8che linge) sont calcul\u00e9es avec le programme \u00e9co 40 60\u00b0<\/li>\n<li class=\"product-features__item-list__item\" role=\"listitem\"><span class=\"is--medium\">Dur\u00e9e du cylce du programme de r\u00e9f\u00e9rence (programme \u00e9co) :<\/span> 3 h<\/li>\n<li class=\"product-features__item-list__item\" role=\"listitem\"><span class=\"is--medium\">Consommation en \u00e9lectricit\u00e9 pour 100 cycles (programme \u00e9co) :<\/span> 85 kWh<\/li>\n<li class=\"product-features__item-list__item\" role=\"listitem\"><span class=\"is--medium\">Consommation en eau (programme eco) :<\/span> 9,5 litres \/ cycle<\/li>\n<li class=\"product-features__item-list__item\" role=\"listitem\"><span class=\"is--medium\">Co\u00fbt annuel \u00e9lectricit\u00e9 (bas\u00e9 sur 280 cycles) :<\/span> 60 euros par an<\/li>\n<li class=\"product-features__item-list__item\" role=\"listitem\"><span class=\"is--medium\">Co\u00fbt annuel eau (bas\u00e9 sur 280 cycles) :<\/span> 12 euros par an<\/li>\n<li class=\"product-features__item-list__item\" role=\"listitem\"><span class=\"is--medium\">Co\u00fbt annuel d&rsquo;utilisation (bas\u00e9 sur 280 cycles) :<\/span> 72 euros par an<\/li>\n<li class=\"product-features__item-list__item\" role=\"listitem\"><span class=\"is--medium\">Label \u00e9nergie :<\/span> D<\/li>\n<li class=\"product-features__item-list__item\" role=\"listitem\"><span class=\"is--medium\">Basse consommation :<\/span> un changement de classe repr\u00e9sente 10% d&rsquo;\u00e9conomies sur la consommation d&rsquo;\u00e9nergie<\/li>\n<li class=\"product-features__item-list__item\" role=\"listitem\"><span class=\"is--medium\">Compatible raccordement eau chaude :<\/span> Oui<\/li>\n<\/ul>\n<\/li>\n<li class=\"product-features__item\" role=\"listitem\">\n<h3 class=\"product-features__label\">Conception<\/h3>\n<ul role=\"list\">\n<li class=\"product-features__item-list__item\" role=\"listitem\"><span class=\"is--medium\">Type de moteur :<\/span> Inverter<\/li>\n<li class=\"product-features__item-list__item\" role=\"listitem\"><span class=\"is--medium\">Avantage de ce moteur :<\/span> le moteur inverter offre plusieurs avantages. Il ajuste la vitesse du moteur selon les besoins, r\u00e9duisant le bruit et la consommation d&rsquo;\u00e9nergie. De plus, il assure un fonctionnement plus stable et prolonge la dur\u00e9e de vie de l&rsquo;appareil gr\u00e2ce \u00e0 une r\u00e9duction de l&rsquo;usure.<\/li>\n<li class=\"product-features__item-list__item\" role=\"listitem\"><span class=\"is--medium\">Paroi de la cuve :<\/span> Inox<\/li>\n<li class=\"product-features__item-list__item\" role=\"listitem\"><span class=\"is--medium\">Avantage de l&rsquo;inox :<\/span> L&rsquo;inox est un mat\u00e9riau de haute r\u00e9sistance gage de qualit\u00e9 et de durabilit\u00e9. En plus, l&rsquo;inox permet d&rsquo;\u00e9viter les mauvaises odeurs !<\/li>\n<\/ul>\n<\/li>\n<li class=\"product-features__item\" role=\"listitem\">\n<h3 class=\"product-features__label\">S\u00e9curit\u00e9<\/h3>\n<ul role=\"list\">\n<li class=\"product-features__item-list__item\" role=\"listitem\"><span class=\"is--medium\">S\u00e9curit\u00e9 enfant :<\/span> Non<\/li>\n<li class=\"product-features__item-list__item\" role=\"listitem\"><span class=\"is--medium\">S\u00e9curit\u00e9 aquastop :<\/span> Oui<\/li>\n<li class=\"product-features__item-list__item\" role=\"listitem\"><span class=\"is--medium\">Principe de l&rsquo;aquastop :<\/span> Coupe l&rsquo;arriv\u00e9e d&rsquo;eau dans le lave-vaisselle en cas de d\u00e9tection de fuite ou de d\u00e9bordement<\/li>\n<\/ul>\n<\/li>\n<li class=\"product-features__item\" role=\"listitem\">\n<h3 class=\"product-features__label\">Dimensions<\/h3>\n<ul role=\"list\">\n<li class=\"product-features__item-list__item\" role=\"listitem\"><span class=\"is--medium\">Hauteur sans top :<\/span> 82,0 cm<\/li>\n<li class=\"product-features__item-list__item\" role=\"listitem\"><span class=\"is--medium\">Longueur du cordon \u00e9lectrique :<\/span> 130 cm<\/li>\n<li class=\"product-features__item-list__item\" role=\"listitem\"><span class=\"is--medium\">Poids net :<\/span> 35,5 kg<\/li>\n<li class=\"product-features__item-list__item\" role=\"listitem\"><span class=\"is--medium\">Poids brut :<\/span> 37,5 kg<\/li>\n<li class=\"product-features__item-list__item\" role=\"listitem\"><span class=\"is--medium\">L x H x P :<\/span> 59.8 x 82 x 59 cm<\/li>\n<\/ul>\n<\/li>\n<li class=\"product-features__item\" role=\"listitem\">\n<h3 class=\"product-features__label\">Informations compl\u00e9mentaires<\/h3>\n<ul role=\"list\">\n<li class=\"product-features__item-list__item\" role=\"listitem\"><span class=\"is--medium\">Fabriqu\u00e9 en :<\/span> Pologne<\/li>\n<li class=\"product-features__item-list__item\" role=\"listitem\"><span class=\"is--medium\">Garantie :<\/span> 2 ans<\/li>\n<li class=\"product-features__item-list__item\" role=\"listitem\"><span class=\"is--medium\">Disponibilit\u00e9 des pi\u00e8ces d\u00e9tach\u00e9es\u00a0 :<\/span> Pendant 15 ans, \u00e0 compter de la date d&rsquo;achat<\/li>\n<li class=\"product-features__item-list__item\" role=\"listitem\"><span class=\"is--medium\">R\u00e9f\u00e9rence constructeur :<\/span> WBO3T133PFX 6\u00e8me SENS<\/li>\n<li class=\"product-features__item-list__item\" role=\"listitem\"><span class=\"is--medium\">Marque :<\/span> WHIRLPOOL<\/li>\n<li class=\"product-features__item-list__item\" role=\"listitem\"><span class=\"is--medium\">Indice de r\u00e9parabilit\u00e9 :<\/span> 8,0 \/10<\/li>\n<\/ul>\n<\/li>\n<\/ul>\n<\/div>\n<div class=\"product__disclosure-content\">\n<div class=\"js-read-more product-description__content read-more read-more--truncated\" style=\"max-height: 500px; overflow: hidden;\" data-read-more-name=\"description\">\n<p>Vous ne le remarquerez m\u00eame pas, et pourtant le Lave-Vaisselle Int\u00e9grable 60 WHIRLPOOL WBO3T133PFX 6\u00e8me S deviendra indispensable au quotidien.<\/p>\n<h3>Une \u00e9l\u00e9gance hors pair<\/h3>\n<p>En mati\u00e8re de style, l&rsquo;inox est incontournable, et le Lave-Vaisselle Int\u00e9grable 60 WHIRLPOOL WBO3T133PFX 6\u00e8me S le prouve. Son <b>bandeau de commande en inox<\/b> et sa porte sans poign\u00e9e lui permettent de se fondre au sein de votre int\u00e9rieur et vous offriront une discr\u00e9tion totale. Notez qu&rsquo;il pr\u00e9sente des dimensions de 59,8 x 82 x 59 cm. Ce lave-vaisselle se distingue aussi par son <b>fonctionnement tr\u00e8s silencieux et ses 43 dB<\/b>, le must pour tourner en <b>heures creuses<\/b> sans vous d\u00e9ranger.<\/p>\n<p>Le Lave-Vaisselle Int\u00e9grable 60 WHIRLPOOL WBO3T133PFX 6\u00e8me S d\u00e9note aussi par sa qualit\u00e9 de lavage. Gr\u00e2ce \u00e0 la <b>technologie Power Clean Pro<\/b>, vous profiterez des <b>28 jets haute pression<\/b> qui iront au coeur de tous les r\u00e9sidus pour les d\u00e9coller. De plus, la technologie 6\u00e8me sens de ce lave-vaisselle <b>adaptera les param\u00e8tres de lavage au niveau de salissure et \u00e0 la quantit\u00e9 de vaisselle<\/b> pour que cette derni\u00e8re soit impeccable.<\/p>\n<\/div>\n<\/div>\n<p>&nbsp;<\/p>\n<div class=\"product__disclosure-content\">\n<div class=\"js-read-more product-description__content read-more read-more--truncated\" style=\"max-height: 500px; overflow: hidden;\" data-read-more-name=\"description\">\n<h3>De multiples programmes<\/h3>\n<p>Avec le Lave-Vaisselle Int\u00e9grable 60 WHIRLPOOL WBO3T133PFX 6\u00e8me S, vous profiterez de programmes complets qui r\u00e9pondront \u00e0 tous vos besoins. Au total, vous pourrez compter sur <b>10 programmes<\/b>, dont un <b>programme cristal pour la vaisselle fragile<\/b> ou encore le <b>programme \u00c9co pour r\u00e9duire votre consommation d&rsquo;\u00e9nergie<\/b>.<\/p>\n<p>Au niveau des options, le Lave-Vaisselle Int\u00e9grable 60 WHIRLPOOL WBO3T133PFX 6\u00e8me S dispose du Multizone qui adapte le lavage aux diff\u00e9rentes parties de la cavit\u00e9. Notez qu&rsquo;il pourra accueillir jusqu&rsquo;\u00e0 <b>14 couverts<\/b> et que l&rsquo;organisation sera simplifi\u00e9e par le <b>troisi\u00e8me tiroir r\u00e9serv\u00e9 aux ustensiles<\/b>. Enfin, votre vaisselle ressortira s\u00e8che gr\u00e2ce au Natural Dry, une <b>ouverture automatique de la porte en fin de cycle<\/b> qui laissera le s\u00e9chage se faire naturellement.<\/p>\n<\/div>\n<\/div>\n<p>&nbsp;<\/p>\n<p>&nbsp;<\/p>\n<p>&nbsp;<\/p>\n<div class=\"product__disclosure-content\">\n<div class=\"js-read-more product-description__content read-more read-more--truncated\" style=\"max-height: 500px; overflow: hidden;\" data-read-more-name=\"description\"><\/div>\n<p>&nbsp;<\/p>\n<\/div>","protected":false},"excerpt":{"rendered":"<div class=\"keypoints\">\n<h3 class=\"keypoints__title\">Les points cl\u00e9s<\/h3>\n<ul role=\"list\">\n<li class=\"keypoints__item\" role=\"listitem\">Encastrable avec panneau de commande apparent<\/li>\n<li class=\"keypoints__item\" role=\"listitem\">L x H x P : 59.8 x 82 x 59 cm<\/li>\n<li class=\"keypoints__item\" role=\"listitem\">tr\u00e8s silencieux 43 dB &#8211; Label \u00e9nergie D<\/li>\n<li class=\"keypoints__item\" role=\"listitem\">Rangement couverts : Tiroir<\/li>\n<li class=\"keypoints__item keypoints__item--advantage\" role=\"listitem\"><strong>Le + :<\/strong> La facilit\u00e9 d&rsquo;usage avec la technologie 6\u00e8me sens qui adapte les param\u00e8tres pour un lavage optimal.<\/li>\n<\/ul>\n<\/div>\n<p>&nbsp;<\/p>","protected":false},"featured_media":14570,"template":"","meta":{"_glsr_average":0,"_glsr_ranking":0,"_glsr_reviews":0},"product_cat":[160],"product_tag":[131,158,161],"class_list":{"0":"post-36371","1":"product","2":"type-product","3":"status-publish","4":"has-post-thumbnail","6":"product_cat-lave-vaisselle-encastrable","7":"product_tag-gros-electromenager","8":"product_tag-lave-vaisselle","9":"product_tag-lave-vaisselle-encastrable","11":"first","12":"instock","13":"shipping-taxable","14":"purchasable","15":"product-type-simple"},"_links":{"self":[{"href":"https:\/\/electromenagerexpress.com\/en\/wp-json\/wp\/v2\/product\/36371","targetHints":{"allow":["GET"]}}],"collection":[{"href":"https:\/\/electromenagerexpress.com\/en\/wp-json\/wp\/v2\/product"}],"about":[{"href":"https:\/\/electromenagerexpress.com\/en\/wp-json\/wp\/v2\/types\/product"}],"wp:featuredmedia":[{"embeddable":true,"href":"https:\/\/electromenagerexpress.com\/en\/wp-json\/wp\/v2\/media\/14570"}],"wp:attachment":[{"href":"https:\/\/electromenagerexpress.com\/en\/wp-json\/wp\/v2\/media?parent=36371"}],"wp:term":[{"taxonomy":"product_cat","embeddable":true,"href":"https:\/\/electromenagerexpress.com\/en\/wp-json\/wp\/v2\/product_cat?post=36371"},{"taxonomy":"product_tag","embeddable":true,"href":"https:\/\/electromenagerexpress.com\/en\/wp-json\/wp\/v2\/product_tag?post=36371"}],"curies":[{"name":"wp","href":"https:\/\/api.w.org\/{rel}","templated":true}]}}