{"id":36320,"date":"2024-11-21T09:23:26","date_gmt":"2024-11-21T09:23:26","guid":{"rendered":"https:\/\/electromenagerexpress.com\/product\/seche-linge-pompe-a-chaleuraegtr71a2g2co\/"},"modified":"2025-01-18T22:21:06","modified_gmt":"2025-01-18T22:21:06","slug":"seche-linge-pompe-a-chaleuraegtr71a2g2co","status":"publish","type":"product","link":"https:\/\/electromenagerexpress.com\/en\/product\/seche-linge-pompe-a-chaleuraegtr71a2g2co\/","title":{"rendered":"S\u00e8che linge pompe \u00e0 chaleur\tAEG\tTR71A2G2CO"},"content":{"rendered":"<div class=\"product-features__content\">\n<p>&nbsp;<\/p>\n<ul role=\"list\">\n<li class=\"product-features__item\" role=\"listitem\">\n<h3 class=\"product-features__label\">Installation<\/h3>\n<ul role=\"list\">\n<li class=\"product-features__item-list__item\" role=\"listitem\"><span class=\"is--medium\">Type de produit :<\/span> s\u00e8che linge pompe \u00e0 chaleur<\/li>\n<li class=\"product-features__item-list__item\" role=\"listitem\"><span class=\"is--medium\">Bon \u00e0 savoir :<\/span> Le s\u00e8che linge pompe \u00e0 chaleur prot\u00e8ge la qualit\u00e9 et les couleurs de votre linge en limitant la temp\u00e9rature \u00e0 l&rsquo;int\u00e9rieur du tambour. <u><\/u><\/li>\n<li class=\"product-features__item-list__item\" role=\"listitem\"><span class=\"is--medium\">Evacuation de l&rsquo;eau :<\/span> r\u00e9servoir et \u00e9vacuation directe possible par l&rsquo;\u00e9vacation d&rsquo;eau comme votre lave linge (Y d&rsquo;\u00e9vacuation non inclus)<\/li>\n<li class=\"product-features__item-list__item\" role=\"listitem\"><span class=\"is--medium\">Top amovible :<\/span> non<\/li>\n<li class=\"product-features__item-list__item\" role=\"listitem\"><span class=\"is--medium\">Sens d&rsquo;ouverture du hublot :<\/span> fixation \u00e0 droite r\u00e9versible<\/li>\n<li class=\"product-features__item-list__item\" role=\"listitem\"><span class=\"is--medium\">Coloris :<\/span> blanc<\/li>\n<li class=\"product-features__item-list__item\" role=\"listitem\"><span class=\"is--medium\">Vous installez votre s\u00e8che linge au dessus d&rsquo;une lave linge :<\/span> pour une installation s\u00e9curis\u00e9e, il est conseill\u00e9 d&rsquo;utiliser un kit de superposition. <u><\/u><\/li>\n<\/ul>\n<\/li>\n<li class=\"product-features__item\" role=\"listitem\">\n<h3 class=\"product-features__label\">Capacit\u00e9s<\/h3>\n<ul role=\"list\">\n<li class=\"product-features__item-list__item\" role=\"listitem\"><span class=\"is--medium\">Capacit\u00e9 de s\u00e9chage :<\/span> 8,0 kg<\/li>\n<li class=\"product-features__item-list__item\" role=\"listitem\"><span class=\"is--medium\">Volume tambour :<\/span> 118 L<\/li>\n<li class=\"product-features__item-list__item\" role=\"listitem\"><span class=\"is--medium\">Le saviez-vous ? :<\/span> plus le volume du tambour est important, plus le linge sera vite s\u00e9ch\u00e9. Nous vous conseillons de choisir un s\u00e8che linge qui a une capacit\u00e9 de s\u00e9chage proche de votre capacit\u00e9 de lavage.<\/li>\n<\/ul>\n<\/li>\n<li class=\"product-features__item\" role=\"listitem\">\n<h3 class=\"product-features__label\">Confort d&rsquo;utilisation<\/h3>\n<ul role=\"list\">\n<li class=\"product-features__item-list__item\" role=\"listitem\"><span class=\"is--medium\">Niveau sonore maximum :<\/span> silencieux (66 db)<\/li>\n<li class=\"product-features__item-list__item\" role=\"listitem\"><span class=\"is--medium\">Eclairage int\u00e9rieur du tambour :<\/span> non<\/li>\n<li class=\"product-features__item-list__item\" role=\"listitem\"><span class=\"is--medium\">Indicateur de saturation des filtres :<\/span> oui, filtre \u00e0 peluches et filtre \u00e0 condenseur<\/li>\n<li class=\"product-features__item-list__item\" role=\"listitem\"><span class=\"is--medium\">Comment nettoyer vos filtres ? :<\/span> Certains s\u00e8che linge ont un syst\u00e8me de nettoyage automatique. Pour les autres, il faut retirer le filtre et le nettoyer \u00e0 l&rsquo;eau claire r\u00e9guli\u00e8rement.<\/li>\n<li class=\"product-features__item-list__item\" role=\"listitem\"><span class=\"is--medium\">D\u00e9part diff\u00e9r\u00e9 ou fin diff\u00e9r\u00e9e :<\/span> D\u00e9part diff\u00e9r\u00e9 20 heures<\/li>\n<li class=\"product-features__item-list__item\" role=\"listitem\"><span class=\"is--medium\">Le saviez-vous ? :<\/span> Cela permet de s\u00e9cher le linge aux heures creuses ou pendant les heures durant lesquelles vous n&rsquo;\u00eates pas chez vous<\/li>\n<li class=\"product-features__item-list__item\" role=\"listitem\"><span class=\"is--medium\">Sonde d&rsquo;humidit\u00e9 :<\/span> oui, elle permet l&rsquo;arr\u00eat automatique du s\u00e8che linge quand le linge est sec.<\/li>\n<li class=\"product-features__item-list__item\" role=\"listitem\"><span class=\"is--medium\">Affichage du temps restant :<\/span> Oui<\/li>\n<li class=\"product-features__item-list__item\" role=\"listitem\"><span class=\"is--medium\">Sonnerie de fin de cycle :<\/span> Oui<\/li>\n<li class=\"product-features__item-list__item\" role=\"listitem\"><span class=\"is--medium\">Indicateur du r\u00e9servoir d&rsquo;eau plein :<\/span> Oui<\/li>\n<\/ul>\n<\/li>\n<li class=\"product-features__item\" role=\"listitem\">\n<h3 class=\"product-features__label\">Programmes<\/h3>\n<ul role=\"list\">\n<li class=\"product-features__item-list__item\" role=\"listitem\"><span class=\"is--medium\">Dur\u00e9e du programme \u00e9co :<\/span> 2,97 h<\/li>\n<li class=\"product-features__item-list__item\" role=\"listitem\"><span class=\"is--medium\">Programme s\u00e9chage rapide :<\/span> non<\/li>\n<li class=\"product-features__item-list__item\" role=\"listitem\"><span class=\"is--medium\">Programmes :<\/span> coton, couette, d\u00e9licat, synth\u00e9tique<\/li>\n<li class=\"product-features__item-list__item\" role=\"listitem\"><span class=\"is--medium\">Programme(s) vapeur :<\/span> non<\/li>\n<li class=\"product-features__item-list__item\" role=\"listitem\"><span class=\"is--medium\">Anti-allergie :<\/span> non<\/li>\n<li class=\"product-features__item-list__item\" role=\"listitem\"><span class=\"is--medium\">Refroidissement fin de cycle :<\/span> non<\/li>\n<li class=\"product-features__item-list__item\" role=\"listitem\"><span class=\"is--medium\">Parfumer le linge :<\/span> non<\/li>\n<\/ul>\n<\/li>\n<li class=\"product-features__item\" role=\"listitem\">\n<h3 class=\"product-features__label\">Connectivit\u00e9<\/h3>\n<ul role=\"list\">\n<li class=\"product-features__item-list__item\" role=\"listitem\"><span class=\"is--medium\">Produit connectable :<\/span> non<\/li>\n<\/ul>\n<\/li>\n<li class=\"product-features__item\" role=\"listitem\">\n<h3 class=\"product-features__label\">Consommation &amp; \u00e9conomie d&rsquo;\u00e9nergie<\/h3>\n<ul role=\"list\">\n<li class=\"product-features__item-list__item\" role=\"listitem\"><span class=\"is--medium\">Label \u00e9nergie :<\/span> A++<\/li>\n<li class=\"product-features__item-list__item\" role=\"listitem\"><span class=\"is--medium\">Consommation d&rsquo;energie annuelle :<\/span> 235 kWh\/an<\/li>\n<\/ul>\n<\/li>\n<li class=\"product-features__item\" role=\"listitem\">\n<h3 class=\"product-features__label\">Conception<\/h3>\n<ul role=\"list\">\n<li class=\"product-features__item-list__item\" role=\"listitem\"><span class=\"is--medium\">Type de moteur :<\/span> standard (moteur \u00e0 courroie)<\/li>\n<li class=\"product-features__item-list__item\" role=\"listitem\"><span class=\"is--medium\">Mati\u00e8re du tambour :<\/span> inox, ou acier inoxydable, r\u00e9siste parfaitement \u00e0 l&rsquo;humidit\u00e9 et ne rouille pas.<\/li>\n<li class=\"product-features__item-list__item\" role=\"listitem\"><span class=\"is--medium\">Emplacement du r\u00e9servoir d&rsquo;eau :<\/span> partie haute<\/li>\n<\/ul>\n<\/li>\n<li class=\"product-features__item\" role=\"listitem\">\n<h3 class=\"product-features__label\">Dimensions<\/h3>\n<ul role=\"list\">\n<li class=\"product-features__item-list__item\" role=\"listitem\"><span class=\"is--medium\">L x H x P :<\/span> 59.6 x 85 x 66.3 cm<\/li>\n<li class=\"product-features__item-list__item\" role=\"listitem\"><span class=\"is--medium\">Profondeur produit hors hublot :<\/span> 66,3 cm<\/li>\n<li class=\"product-features__item-list__item\" role=\"listitem\"><span class=\"is--medium\">Poids net :<\/span> 48,0 kg<\/li>\n<li class=\"product-features__item-list__item\" role=\"listitem\"><span class=\"is--medium\">Poids brut :<\/span> 50,5 kg<\/li>\n<\/ul>\n<\/li>\n<li class=\"product-features__item\" role=\"listitem\">\n<h3 class=\"product-features__label\">Informations compl\u00e9mentaires<\/h3>\n<ul role=\"list\">\n<li class=\"product-features__item-list__item\" role=\"listitem\"><span class=\"is--medium\">Disponibilit\u00e9 des pi\u00e8ces d\u00e9tach\u00e9es (donn\u00e9es fournisseur) :<\/span> Pendant 10 ans, \u00e0 compter de la date fin de fabrication<\/li>\n<li class=\"product-features__item-list__item\" role=\"listitem\"><span class=\"is--medium\">Fabriqu\u00e9 en :<\/span> Pologne<\/li>\n<\/ul>\n<\/li>\n<\/ul>\n<\/div>\n<div class=\"product__disclosure-content\">\n<div class=\"js-read-more product-description__content read-more read-more--truncated\" style=\"max-height: 500px; overflow: hidden;\" data-read-more-name=\"description\">\n<p>D\u00e9couvrez le s\u00e8che-linge AEG TR71A2G2CO, l&rsquo;outil parfait pour un s\u00e9chage optimal de votre linge : l&rsquo;assurance d&rsquo;obtenir des r\u00e9sultats parfaits tout en pr\u00e9servant vos v\u00eatements.<\/p>\n<h3>Simplifiez votre routine de s\u00e9chage<\/h3>\n<p>Avec votre nouveau s\u00e8che-linge AEG TR71A2G2CO et son programme MixDry, dites adieu aux probl\u00e8mes de s\u00e9chage excessif ! Con\u00e7u pour s\u00e9cher uniform\u00e9ment les tissus synth\u00e9tiques et ceux compos\u00e9s de coton, <b>il pr\u00e9servera la qualit\u00e9 de vos v\u00eatements les plus d\u00e9licats<\/b>. Ainsi, vous n&rsquo;aurez plus besoin de trier votre linge et vous gagnerez de pr\u00e9cieuses minutes.<\/p>\n<p>Gr\u00e2ce aux <b>capteurs d&rsquo;humidit\u00e9 PreciseDry<\/b> du s\u00e8che-linge AEG TR71A2G2CO, b\u00e9n\u00e9ficiez d&rsquo;un s\u00e9chage rapide et \u00e9conome en \u00e9nergie. Ils ajusteront automatiquement le temps de s\u00e9chage et la consommation d&rsquo;\u00e9nergie en fonction de la charge de linge, assurant ainsi des r\u00e9sultats optimaux tout en pr\u00e9servant vos v\u00eatements pour qu&rsquo;ils conservent leur aspect neuf plus longtemps.<\/p>\n<h3>Offrez \u00e0 votre linge le soin qu&rsquo;il m\u00e9rite avec ce s\u00e8che-linge performant<\/h3>\n<p>Profitez d&rsquo;une flexibilit\u00e9 d&rsquo;installation renforc\u00e9e tout au long de l&rsquo;ann\u00e9e. La porte r\u00e9versible de votre s\u00e8che-linge AEG TR71A2G2CO vous permettra de tester <b>4 positions diff\u00e9rentes<\/b>, ce qui sera parfait pour adapter la disposition de votre espace selon vos pr\u00e9f\u00e9rences. De plus, <b>sa technologie anti-<\/b><\/p>\n<\/div>\n<p><b>froissage<\/b> r\u00e9duira les plis de vos v\u00eatements, vous \u00e9vitant ainsi une corv\u00e9e de repassage suppl\u00e9mentaire.<\/p>\n<p>\u00c9quip\u00e9 du <b>filtre \u00e9cologique et facile \u00e0 nettoyer Ecoflow<\/b>, le s\u00e8che-linge AEG TR71A2G2CO vous permettra de b\u00e9n\u00e9ficier d&rsquo;une consommation \u00e9lectrique stable tout au long de sa dur\u00e9e de vie, gage d&rsquo;\u00e9conomies d&rsquo;\u00e9nergie renforc\u00e9es. En plus, pour optimiser davantage son fonctionnement dans le temps, vous pourrez le nettoyer facilement.<\/p>\n<div class=\"js-read-more product-description__content read-more read-more--truncated\" style=\"max-height: 500px; overflow: hidden;\" data-read-more-name=\"description\">\n<p>&nbsp;<\/p>\n<\/div>\n<p>&nbsp;<\/p>\n<\/div>","protected":false},"excerpt":{"rendered":"<div class=\"keypoints\">\n<h3 class=\"keypoints__title\">Les points cl\u00e9s<\/h3>\n<ul role=\"list\">\n<li class=\"keypoints__item\" role=\"listitem\">L x H x P : 59.6 x 85 x 66.3 cm<\/li>\n<li class=\"keypoints__item\" role=\"listitem\">Pompe \u00e0 chaleur &#8211; Label \u00e9nergie A++<\/li>\n<li class=\"keypoints__item\" role=\"listitem\">Capacit\u00e9 standard (8kg) &#8211; Tambour 118L<\/li>\n<li class=\"keypoints__item\" role=\"listitem\">Tambour inox &#8211; silencieux (66 db)<\/li>\n<li class=\"keypoints__item keypoints__item--advantage\" role=\"listitem\"><strong>Le + :<\/strong> sa fabrication europ\u00e9enne<\/li>\n<\/ul>\n<\/div>\n<p>&nbsp;<\/p>","protected":false},"featured_media":13854,"template":"","meta":{"_glsr_average":0,"_glsr_ranking":0,"_glsr_reviews":0},"product_cat":[143],"product_tag":[131,144,145],"class_list":{"0":"post-36320","1":"product","2":"type-product","3":"status-publish","4":"has-post-thumbnail","6":"product_cat-seche-linge-pompe-a-chaleur","7":"product_tag-gros-electromenager","8":"product_tag-seche-linge","9":"product_tag-seche-linge-pompe-a-chaleur","11":"first","12":"instock","13":"sale","14":"shipping-taxable","15":"purchasable","16":"product-type-simple"},"_links":{"self":[{"href":"https:\/\/electromenagerexpress.com\/en\/wp-json\/wp\/v2\/product\/36320","targetHints":{"allow":["GET"]}}],"collection":[{"href":"https:\/\/electromenagerexpress.com\/en\/wp-json\/wp\/v2\/product"}],"about":[{"href":"https:\/\/electromenagerexpress.com\/en\/wp-json\/wp\/v2\/types\/product"}],"wp:featuredmedia":[{"embeddable":true,"href":"https:\/\/electromenagerexpress.com\/en\/wp-json\/wp\/v2\/media\/13854"}],"wp:attachment":[{"href":"https:\/\/electromenagerexpress.com\/en\/wp-json\/wp\/v2\/media?parent=36320"}],"wp:term":[{"taxonomy":"product_cat","embeddable":true,"href":"https:\/\/electromenagerexpress.com\/en\/wp-json\/wp\/v2\/product_cat?post=36320"},{"taxonomy":"product_tag","embeddable":true,"href":"https:\/\/electromenagerexpress.com\/en\/wp-json\/wp\/v2\/product_tag?post=36320"}],"curies":[{"name":"wp","href":"https:\/\/api.w.org\/{rel}","templated":true}]}}