{"id":36315,"date":"2024-11-21T09:23:14","date_gmt":"2024-11-21T09:23:14","guid":{"rendered":"https:\/\/electromenagerexpress.com\/product\/seche-linge-pompe-a-chaleursamsung-dv16t8520bv\/"},"modified":"2025-01-18T23:08:41","modified_gmt":"2025-01-18T23:08:41","slug":"seche-linge-pompe-a-chaleursamsung-dv16t8520bv","status":"publish","type":"product","link":"https:\/\/electromenagerexpress.com\/en\/product\/seche-linge-pompe-a-chaleursamsung-dv16t8520bv\/","title":{"rendered":"S\u00e8che linge pompe \u00e0 chaleur\tSAMSUNG DV16T8520BV"},"content":{"rendered":"<div class=\"product-features__content\">\n<ul role=\"list\">\n<li class=\"product-features__item\" role=\"listitem\">\n<h3 class=\"product-features__label\">Installation<\/h3>\n<ul role=\"list\">\n<li class=\"product-features__item-list__item\" role=\"listitem\"><span class=\"is--medium\">Type de produit :<\/span> s\u00e8che linge pompe \u00e0 chaleur<\/li>\n<li class=\"product-features__item-list__item\" role=\"listitem\"><span class=\"is--medium\">Bon \u00e0 savoir :<\/span> Le s\u00e8che linge pompe \u00e0 chaleur prot\u00e8ge la qualit\u00e9 et les couleurs de votre linge en limitant la temp\u00e9rature \u00e0 l&rsquo;int\u00e9rieur du tambour.<u><\/u><\/li>\n<li class=\"product-features__item-list__item\" role=\"listitem\"><span class=\"is--medium\">Top amovible :<\/span> non<\/li>\n<li class=\"product-features__item-list__item\" role=\"listitem\"><span class=\"is--medium\">Sens d&rsquo;ouverture du hublot :<\/span> fixation \u00e0 droite non r\u00e9versible<\/li>\n<li class=\"product-features__item-list__item\" role=\"listitem\"><span class=\"is--medium\">Coloris :<\/span> noir<\/li>\n<li class=\"product-features__item-list__item\" role=\"listitem\"><span class=\"is--medium\">Vous installez votre s\u00e8che linge au dessus d&rsquo;une lave linge :<\/span> pour une installation s\u00e9curis\u00e9e, il est conseill\u00e9 d&rsquo;utiliser un kit de superposition. <u><\/u><\/li>\n<\/ul>\n<\/li>\n<li class=\"product-features__item\" role=\"listitem\">\n<h3 class=\"product-features__label\">Capacit\u00e9s<\/h3>\n<ul role=\"list\">\n<li class=\"product-features__item-list__item\" role=\"listitem\"><span class=\"is--medium\">Capacit\u00e9 de s\u00e9chage :<\/span> 16,0 kg<\/li>\n<li class=\"product-features__item-list__item\" role=\"listitem\"><span class=\"is--medium\">Volume tambour :<\/span> 212 L<\/li>\n<li class=\"product-features__item-list__item\" role=\"listitem\"><span class=\"is--medium\">Le saviez-vous ? :<\/span> plus le volume du tambour est important, plus le linge sera vite s\u00e9ch\u00e9. Nous vous conseillons de choisir un s\u00e8che linge qui a une capacit\u00e9 de s\u00e9chage proche de votre capacit\u00e9 de lavage.<\/li>\n<\/ul>\n<\/li>\n<li class=\"product-features__item\" role=\"listitem\">\n<h3 class=\"product-features__label\">Confort d&rsquo;utilisation<\/h3>\n<ul role=\"list\">\n<li class=\"product-features__item-list__item\" role=\"listitem\"><span class=\"is--medium\">Niveau sonore maximum :<\/span> silencieux (63 db)<\/li>\n<li class=\"product-features__item-list__item\" role=\"listitem\"><span class=\"is--medium\">Eclairage int\u00e9rieur du tambour :<\/span> oui<\/li>\n<li class=\"product-features__item-list__item\" role=\"listitem\"><span class=\"is--medium\">Indicateur de saturation des filtres :<\/span> oui<\/li>\n<li class=\"product-features__item-list__item\" role=\"listitem\"><span class=\"is--medium\">Comment nettoyer vos filtres ? :<\/span> Certains s\u00e8che linge ont un syst\u00e8me de nettoyage automatique. Pour les autres, il faut retirer le filtre et le nettoyer \u00e0 l&rsquo;eau claire r\u00e9guli\u00e8rement.<\/li>\n<li class=\"product-features__item-list__item\" role=\"listitem\"><span class=\"is--medium\">D\u00e9part diff\u00e9r\u00e9 ou fin diff\u00e9r\u00e9e :<\/span> Non concern\u00e9<\/li>\n<li class=\"product-features__item-list__item\" role=\"listitem\"><span class=\"is--medium\">Sonde d&rsquo;humidit\u00e9 :<\/span> oui, elle permet l&rsquo;arr\u00eat automatique du s\u00e8che linge quand le linge est sec.<\/li>\n<li class=\"product-features__item-list__item\" role=\"listitem\"><span class=\"is--medium\">Affichage du temps restant :<\/span> Oui<\/li>\n<li class=\"product-features__item-list__item\" role=\"listitem\"><span class=\"is--medium\">Sonnerie de fin de cycle :<\/span> Oui<\/li>\n<li class=\"product-features__item-list__item\" role=\"listitem\"><span class=\"is--medium\">Indicateur du r\u00e9servoir d&rsquo;eau plein :<\/span> Non<\/li>\n<\/ul>\n<\/li>\n<li class=\"product-features__item\" role=\"listitem\">\n<h3 class=\"product-features__label\">Programmes<\/h3>\n<ul role=\"list\">\n<li class=\"product-features__item-list__item\" role=\"listitem\"><span class=\"is--medium\">Dur\u00e9e du programme \u00e9co :<\/span> 5,67 h<\/li>\n<li class=\"product-features__item-list__item\" role=\"listitem\"><span class=\"is--medium\">Programme s\u00e9chage rapide :<\/span> non<\/li>\n<li class=\"product-features__item-list__item\" role=\"listitem\"><span class=\"is--medium\">Programmes :<\/span> b\u00e9b\u00e9, charge mixte, chemises, coton, couette, d\u00e9licat, draps, jeans, laine, synth\u00e9tique<\/li>\n<li class=\"product-features__item-list__item\" role=\"listitem\"><span class=\"is--medium\">Programme(s) vapeur :<\/span> non<\/li>\n<li class=\"product-features__item-list__item\" role=\"listitem\"><span class=\"is--medium\">Anti-allergie :<\/span> oui, il \u00e9limine la quasi totalit\u00e9 des pollens, acariens et bact\u00e9ries sur votre linge.<\/li>\n<li class=\"product-features__item-list__item\" role=\"listitem\"><span class=\"is--medium\">Refroidissement fin de cycle :<\/span> non<\/li>\n<li class=\"product-features__item-list__item\" role=\"listitem\"><span class=\"is--medium\">Parfumer le linge :<\/span> non<\/li>\n<\/ul>\n<\/li>\n<li class=\"product-features__item\" role=\"listitem\">\n<h3 class=\"product-features__label\">Technologies du produit<\/h3>\n<ul role=\"list\">\n<li class=\"product-features__item-list__item\" role=\"listitem\"><span class=\"is--medium\">Optimal Dry :<\/span> l&rsquo;arr\u00eat du s\u00e9chage est automatique gr\u00e2ce au capteur d&rsquo;humidit\u00e9, ce qui permet des \u00e9conomies d&rsquo;\u00e9nergies et un plus grand soin du linge.<\/li>\n<\/ul>\n<\/li>\n<li class=\"product-features__item\" role=\"listitem\">\n<h3 class=\"product-features__label\">Connectivit\u00e9<\/h3>\n<ul role=\"list\">\n<li class=\"product-features__item-list__item\" role=\"listitem\"><span class=\"is--medium\">Produit connectable :<\/span> oui, en Wifi pour une connexion m\u00eame en dehors de votre domicile afin de g\u00e9rer \u00e0 distance le bon d\u00e9roulement de votre cycle de lavage<\/li>\n<li class=\"product-features__item-list__item\" role=\"listitem\"><span class=\"is--medium\">Nom de l&rsquo;application :<\/span> SmartThings<\/li>\n<\/ul>\n<\/li>\n<li class=\"product-features__item\" role=\"listitem\">\n<h3 class=\"product-features__label\">Consommation &amp; \u00e9conomie d&rsquo;\u00e9nergie<\/h3>\n<ul role=\"list\">\n<li class=\"product-features__item-list__item\" role=\"listitem\"><span class=\"is--medium\">Label \u00e9nergie :<\/span> A+++<\/li>\n<li class=\"product-features__item-list__item\" role=\"listitem\"><span class=\"is--medium\">Consommation d&rsquo;\u00e9nergie moyenne par cycle :<\/span> 2,61 kWh<\/li>\n<li class=\"product-features__item-list__item\" role=\"listitem\"><span class=\"is--medium\">Consommation d&rsquo;energie annuelle :<\/span> 304 kWh\/an<\/li>\n<\/ul>\n<\/li>\n<li class=\"product-features__item\" role=\"listitem\">\n<h3 class=\"product-features__label\">Conception<\/h3>\n<ul role=\"list\">\n<li class=\"product-features__item-list__item\" role=\"listitem\"><span class=\"is--medium\">Type de moteur :<\/span> induction (avec courroie) faible consommation, silencieux<\/li>\n<li class=\"product-features__item-list__item\" role=\"listitem\"><span class=\"is--medium\">Mati\u00e8re du tambour :<\/span> inox, ou acier inoxydable, r\u00e9siste parfaitement \u00e0 l&rsquo;humidit\u00e9 et ne rouille pas.<\/li>\n<li class=\"product-features__item-list__item\" role=\"listitem\"><span class=\"is--medium\">Emplacement du r\u00e9servoir d&rsquo;eau :<\/span> partie basse<\/li>\n<\/ul>\n<\/li>\n<li class=\"product-features__item\" role=\"listitem\">\n<h3 class=\"product-features__label\">Dimensions<\/h3>\n<ul role=\"list\">\n<li class=\"product-features__item-list__item\" role=\"listitem\"><span class=\"is--medium\">L x H x P :<\/span> 68.6 x 98.4 x 84.4 cm<\/li>\n<li class=\"product-features__item-list__item\" role=\"listitem\"><span class=\"is--medium\">Profondeur produit hors hublot :<\/span> 84,4 cm<\/li>\n<li class=\"product-features__item-list__item\" role=\"listitem\"><span class=\"is--medium\">Poids net :<\/span> 74,0 kg<\/li>\n<li class=\"product-features__item-list__item\" role=\"listitem\"><span class=\"is--medium\">Poids brut :<\/span> 78,0 kg<\/li>\n<\/ul>\n<\/li>\n<li class=\"product-features__item\" role=\"listitem\">\n<h3 class=\"product-features__label\">Informations compl\u00e9mentaires<\/h3>\n<ul role=\"list\">\n<li class=\"product-features__item-list__item\" role=\"listitem\"><span class=\"is--medium\">Disponibilit\u00e9 des pi\u00e8ces d\u00e9tach\u00e9es\u00a0 :<\/span> Pendant 10 ans, \u00e0 compter de la date d&rsquo;achat<\/li>\n<li class=\"product-features__item-list__item\" role=\"listitem\"><span class=\"is--medium\">Fabriqu\u00e9 en :<\/span> Chine<\/li>\n<\/ul>\n<ul role=\"list\">\n<li class=\"product-features__item-list__item\" role=\"listitem\"><\/li>\n<\/ul>\n<\/li>\n<\/ul>\n<\/div>\n<div class=\"product__disclosure-content\">\n<div class=\"js-read-more product-description__content read-more read-more--truncated\" style=\"max-height: 500px; overflow: hidden;\" data-read-more-name=\"description\">\n<p>Le s\u00e8che-linge SAMSUNG DV16T8520BV est une merveille de technologie et de design. Il est con\u00e7u pour simplifier la vie des grandes familles et des professionnels.<\/p>\n<h3>R\u00e9volutionnez l&rsquo;entretien de votre linge<\/h3>\n<p>Dot\u00e9 d&rsquo;une <b>pompe \u00e0 chaleur hybride<\/b>, le s\u00e8che-linge SAMSUNG DV16T8520BV <b>r\u00e9chauffe l&rsquo;air \u00e0 la temp\u00e9rature id\u00e9ale et recycle la chaleur<\/b> pour r\u00e9duire la consommation d&rsquo;\u00e9nergie. Profitez d&rsquo;un s\u00e9chage optimal tout en r\u00e9alisant des \u00e9conomies significatives sur vos factures d&rsquo;\u00e9lectricit\u00e9, le <b>top pour les professionnels de l&rsquo;h\u00f4tellerie<\/b>.<\/p>\n<p>Avec sa <b>capacit\u00e9 XXL pouvant accueillir jusqu&rsquo;\u00e0 16 kg de linge<\/b>, le s\u00e8che-linge SAMSUNG DV16T8520BV est parfait pour les grandes familles ou les \u00e9tablissements comme <b>les petits h\u00f4tels et les auberges de jeunesse<\/b>. Finies les files d&rsquo;attente devant le s\u00e8che-linge, optimisez votre temps et votre confort au quotidien.<\/p>\n<h3>Une technologie qui s&rsquo;adapte \u00e0 vos besoins<\/h3>\n<p>Gr\u00e2ce \u00e0 son <b>capteur d&rsquo;humidit\u00e9 avanc\u00e9<\/b>, le s\u00e8che-linge SAMSUNG DV16T8520BV <b>ajuste automatiquement la dur\u00e9e et les param\u00e8tres de s\u00e9chage<\/b> en fonction de la charge. Accompagn\u00e9 d&rsquo;un <b>filtre 2-en-1 facile \u00e0 entretenir et d&rsquo;un \u00e9cran LED bleue intuitif<\/b>, il simplifie chaque \u00e9tape<\/p>\n<\/div>\n<p>du s\u00e9chage, tandis que l&rsquo;option anti-pli r\u00e9duit le temps de repassage.<\/p>\n<p>Avec <b>14 programmes d\u00e9di\u00e9s<\/b>, y compris un sp\u00e9cifique <b>pour les couettes<\/b>, le s\u00e8che-linge SAMSUNG DV16T8520BV r\u00e9pond \u00e0 tous vos besoins et vous \u00e9vitera les passages au pressing. Que ce soit pour des v\u00eatements d\u00e9licats ou des charges importantes, chaque cycle est con\u00e7u pour offrir les meilleurs r\u00e9sultats.<\/p>\n<div class=\"js-read-more product-description__content read-more read-more--truncated\" style=\"max-height: 500px; overflow: hidden;\" data-read-more-name=\"description\">\n<p>&nbsp;<\/p>\n<p>&nbsp;<\/p>\n<\/div>\n<p>&nbsp;<\/p>\n<\/div>","protected":false},"excerpt":{"rendered":"<div class=\"keypoints\">\n<h3 class=\"keypoints__title\">Les points cl\u00e9s<\/h3>\n<ul role=\"list\">\n<li class=\"keypoints__item\" role=\"listitem\">L x H x P : 68.6 x 98.4 x 84.4 cm<\/li>\n<li class=\"keypoints__item\" role=\"listitem\">Pompe \u00e0 chaleur &#8211; Label \u00e9nergie A+++<\/li>\n<li class=\"keypoints__item\" role=\"listitem\">Capacit\u00e9 XXL (16kg) &#8211; Tambour 211L<\/li>\n<li class=\"keypoints__item\" role=\"listitem\">Tambour inox &#8211; silencieux (63 db)<\/li>\n<li class=\"keypoints__item keypoints__item--advantage\" role=\"listitem\"><strong>Le + :<\/strong> sa capacit\u00e9 XXL de 16kg de linge<\/li>\n<\/ul>\n<p>&nbsp;<\/p>\n<\/div>","protected":false},"featured_media":13806,"template":"","meta":{"_glsr_average":0,"_glsr_ranking":0,"_glsr_reviews":0},"product_cat":[143],"product_tag":[131,144,145],"class_list":{"0":"post-36315","1":"product","2":"type-product","3":"status-publish","4":"has-post-thumbnail","6":"product_cat-seche-linge-pompe-a-chaleur","7":"product_tag-gros-electromenager","8":"product_tag-seche-linge","9":"product_tag-seche-linge-pompe-a-chaleur","11":"first","12":"instock","13":"sale","14":"shipping-taxable","15":"purchasable","16":"product-type-simple"},"_links":{"self":[{"href":"https:\/\/electromenagerexpress.com\/en\/wp-json\/wp\/v2\/product\/36315","targetHints":{"allow":["GET"]}}],"collection":[{"href":"https:\/\/electromenagerexpress.com\/en\/wp-json\/wp\/v2\/product"}],"about":[{"href":"https:\/\/electromenagerexpress.com\/en\/wp-json\/wp\/v2\/types\/product"}],"wp:featuredmedia":[{"embeddable":true,"href":"https:\/\/electromenagerexpress.com\/en\/wp-json\/wp\/v2\/media\/13806"}],"wp:attachment":[{"href":"https:\/\/electromenagerexpress.com\/en\/wp-json\/wp\/v2\/media?parent=36315"}],"wp:term":[{"taxonomy":"product_cat","embeddable":true,"href":"https:\/\/electromenagerexpress.com\/en\/wp-json\/wp\/v2\/product_cat?post=36315"},{"taxonomy":"product_tag","embeddable":true,"href":"https:\/\/electromenagerexpress.com\/en\/wp-json\/wp\/v2\/product_tag?post=36315"}],"curies":[{"name":"wp","href":"https:\/\/api.w.org\/{rel}","templated":true}]}}