{"id":36293,"date":"2024-11-21T09:21:54","date_gmt":"2024-11-21T09:21:54","guid":{"rendered":"https:\/\/electromenagerexpress.com\/product\/seche-linge-professionnelaskotdc1772c-t-pro\/"},"modified":"2024-11-21T09:21:54","modified_gmt":"2024-11-21T09:21:54","slug":"seche-linge-professionnelaskotdc1772c-t-pro","status":"publish","type":"product","link":"https:\/\/electromenagerexpress.com\/en\/product\/seche-linge-professionnelaskotdc1772c-t-pro\/","title":{"rendered":"S\u00e8che linge professionnel\t\t\t\t\t\t\tASKO\t\t\t\tTDC1772C.T PRO"},"content":{"rendered":"<div class=\"product-features__content\">\n<ul role=\"list\">\n<li class=\"product-features__item\" role=\"listitem\">\n<h3 class=\"product-features__label\">Convient aux activit\u00e9s professionnelles suivantes<\/h3>\n<ul role=\"list\">\n<li class=\"product-features__item-list__item\" role=\"listitem\"><span class=\"is--medium\">convient \u00e0 l&rsquo;h\u00f4tellerie, \u00e0 la restauration et aux caf\u00e9s :<\/span> Oui\t\t\t\t\t<\/li>\n<li class=\"product-features__item-list__item\" role=\"listitem\"><span class=\"is--medium\">convient aux coiffeurs ou aux barbiers :<\/span> Oui\t\t\t\t\t<\/li>\n<li class=\"product-features__item-list__item\" role=\"listitem\"><span class=\"is--medium\">convient aux universit\u00e9s, \u00e9coles et centres de loisirs\/sportifs :<\/span> Non\t\t\t\t\t<\/li>\n<li class=\"product-features__item-list__item\" role=\"listitem\"><span class=\"is--medium\">convient aux clubs de sport ? :<\/span> Oui\t\t\t\t\t<\/li>\n<li class=\"product-features__item-list__item\" role=\"listitem\"><span class=\"is--medium\">convient aux cr\u00e8ches, jardins d&rsquo;enfants et assistantes maternelles :<\/span> Oui\t\t\t\t\t<\/li>\n<li class=\"product-features__item-list__item\" role=\"listitem\"><span class=\"is--medium\">convient aux salons de beaut\u00e9, centres de bien-\u00eatre et de fitness :<\/span> Oui\t\t\t\t\t<\/li>\n<li class=\"product-features__item-list__item\" role=\"listitem\"><span class=\"is--medium\">convient aux r\u00e9sidences \u00e9tudiantes et\/ou seniors (collectifs) :<\/span> Oui\t\t\t\t\t<\/li>\n<li class=\"product-features__item-list__item\" role=\"listitem\"><span class=\"is--medium\">convient aux structures m\u00e9dicales (dentistes, EHPAD, maison m\u00e9dicale&#8230;) :<\/span> Non\t\t\t\t\t<\/li>\n<li class=\"product-features__item-list__item\" role=\"listitem\"><span class=\"is--medium\">convient \u00e0 l&rsquo;h\u00f4tellerie de plein air (camping, centre de vacances&#8230;.) :<\/span> Oui\t\t\t\t\t<\/li>\n<li class=\"product-features__item-list__item\" role=\"listitem\"><span class=\"is--medium\">Usage domestique (familles nombreuses) :<\/span> Oui\t\t\t\t\t<\/li>\n<li class=\"product-features__item-list__item\" role=\"listitem\"><span class=\"is--medium\">convient aux professionnels du sauvetage et de la s\u00e9curit\u00e9 :<\/span> Oui\t\t\t\t\t<\/li>\n<li class=\"product-features__item-list__item\" role=\"listitem\"><span class=\"is--medium\">convient aux services de s\u00e9crurit\u00e9s ou assistances :<\/span> Oui\t\t\t\t\t<\/li>\n<\/ul>\n<\/li>\n<li class=\"product-features__item\" role=\"listitem\">\n<h3 class=\"product-features__label\">Installation<\/h3>\n<ul role=\"list\">\n<li class=\"product-features__item-list__item\" role=\"listitem\"><span class=\"is--medium\">Type de pose :<\/span> pose libre\t\t\t\t\t<\/li>\n<li class=\"product-features__item-list__item\" role=\"listitem\"><span class=\"is--medium\">Sens d&rsquo;ouverture du hublot :<\/span> fixation \u00e0 droite\t\t\t\t\t<\/li>\n<li class=\"product-features__item-list__item\" role=\"listitem\"><span class=\"is--medium\">Pieds r\u00e9glables :<\/span> Oui\t\t\t\t\t<\/li>\n<li class=\"product-features__item-list__item\" role=\"listitem\"><span class=\"is--medium\">Hauteur des pieds r\u00e9glables :<\/span> 2,0 cm\t\t\t\t\t<\/li>\n<li class=\"product-features__item-list__item\" role=\"listitem\"><span class=\"is--medium\">Coloris :<\/span> gris\t\t\t\t\t<\/li>\n<li class=\"product-features__item-list__item\" role=\"listitem\"><span class=\"is--medium\">Syst\u00e8me de s\u00e9chage :<\/span> \u00e0 condensation classique\t\t\t\t\t<\/li>\n<li class=\"product-features__item-list__item\" role=\"listitem\"><span class=\"is--medium\">Type de branchement \u00e9lectrique :<\/span> monophas\u00e9 230V\t\t\t\t\t<\/li>\n<li class=\"product-features__item-list__item\" role=\"listitem\"><span class=\"is--medium\">Type d&rsquo;\u00e9vacuation :<\/span> r\u00e9servoir et \u00e9vacuation directe\t\t\t\t\t<\/li>\n<li class=\"product-features__item-list__item\" role=\"listitem\"><span class=\"is--medium\">Type de cordon :<\/span> cordon avec prise\t\t\t\t\t<\/li>\n<\/ul>\n<\/li>\n<li class=\"product-features__item\" role=\"listitem\">\n<h3 class=\"product-features__label\">Capacit\u00e9s<\/h3>\n<ul role=\"list\">\n<li class=\"product-features__item-list__item\" role=\"listitem\"><span class=\"is--medium\">Capacit\u00e9 de s\u00e9chage :<\/span> 7,00 Kg\t\t\t\t\t<\/li>\n<li class=\"product-features__item-list__item\" role=\"listitem\"><span class=\"is--medium\">Volume du tambour :<\/span> 117 L\t\t\t\t\t<\/li>\n<li class=\"product-features__item-list__item\" role=\"listitem\"><span class=\"is--medium\">Nombre de cycles de lavage maximum par jour :<\/span> 5\t\t\t\t\t<\/li>\n<li class=\"product-features__item-list__item\" role=\"listitem\"><span class=\"is--medium\">Test qualit\u00e9 :<\/span> 15000 cycles\t\t\t\t\t<\/li>\n<\/ul>\n<\/li>\n<li class=\"product-features__item\" role=\"listitem\">\n<h3 class=\"product-features__label\">Confort d&rsquo;utilisation<\/h3>\n<ul role=\"list\">\n<li class=\"product-features__item-list__item\" role=\"listitem\"><span class=\"is--medium\">Niveau sonore maximum en essorage :<\/span> ultra silencieux (65 db)\t\t\t\t\t<\/li>\n<li class=\"product-features__item-list__item\" role=\"listitem\"><span class=\"is--medium\">Tambour \u00e0 rotation altern\u00e9e :<\/span> Non\t\t\t\t\t<\/li>\n<li class=\"product-features__item-list__item\" role=\"listitem\"><span class=\"is--medium\">Eclairage int\u00e9rieur tambour :<\/span> Non\t\t\t\t\t<\/li>\n<li class=\"product-features__item-list__item\" role=\"listitem\"><span class=\"is--medium\">Ouverture de porte (diam\u00e8tre) en mm :<\/span> 340\t\t\t\t\t<\/li>\n<li class=\"product-features__item-list__item\" role=\"listitem\"><span class=\"is--medium\">Angle d&rsquo;ouverture de porte en degr\u00e9s :<\/span> 180\t\t\t\t\t<\/li>\n<li class=\"product-features__item-list__item\" role=\"listitem\"><span class=\"is--medium\">D\u00e9part diff\u00e9r\u00e9 ou fin diff\u00e9r\u00e9e :<\/span> D\u00e9part diff\u00e9r\u00e9 24 heures\t\t\t\t\t<\/li>\n<li class=\"product-features__item-list__item\" role=\"listitem\"><span class=\"is--medium\">Avantage du d\u00e9part diff\u00e9r\u00e9 :<\/span> oui, permet de laver votre linge aux heures creuses ou quand vous n&rsquo;\u00eates pas pr\u00e9sent\t\t\t\t\t<\/li>\n<li class=\"product-features__item-list__item\" role=\"listitem\"><span class=\"is--medium\">Affichage du temps restant :<\/span> Oui\t\t\t\t\t<\/li>\n<li class=\"product-features__item-list__item\" role=\"listitem\"><span class=\"is--medium\">Sonnerie :<\/span> oui, en fin de cycle\t\t\t\t\t<\/li>\n<li class=\"product-features__item-list__item\" role=\"listitem\"><span class=\"is--medium\">Porte :<\/span> pleine\t\t\t\t\t<\/li>\n<li class=\"product-features__item-list__item\" role=\"listitem\"><span class=\"is--medium\">Filtre condenseur autonettoyant :<\/span> Non\t\t\t\t\t<\/li>\n<li class=\"product-features__item-list__item\" role=\"listitem\"><span class=\"is--medium\">Indicateur bac plein :<\/span> Oui\t\t\t\t\t<\/li>\n<\/ul>\n<\/li>\n<li class=\"product-features__item\" role=\"listitem\">\n<h3 class=\"product-features__label\">Programmes<\/h3>\n<ul role=\"list\">\n<li class=\"product-features__item-list__item\" role=\"listitem\"><span class=\"is--medium\">Nombre de programmes :<\/span> 17\t\t\t\t\t<\/li>\n<li class=\"product-features__item-list__item\" role=\"listitem\"><span class=\"is--medium\">Programmes classiques :<\/span> charge mixte\t\t\t\t\t<\/li>\n<\/ul>\n<\/li>\n<li class=\"product-features__item\" role=\"listitem\">\n<h3 class=\"product-features__label\">Conception<\/h3>\n<ul role=\"list\">\n<li class=\"product-features__item-list__item\" role=\"listitem\"><span class=\"is--medium\">Type de moteur :<\/span> induction (avec courroie) faible consommation, silencieux\t\t\t\t\t<\/li>\n<li class=\"product-features__item-list__item\" role=\"listitem\"><span class=\"is--medium\">Mati\u00e8re du tambour :<\/span> inox\t\t\t\t\t<\/li>\n<\/ul>\n<\/li>\n<li class=\"product-features__item\" role=\"listitem\">\n<h3 class=\"product-features__label\">S\u00e9curit\u00e9<\/h3>\n<ul role=\"list\">\n<li class=\"product-features__item-list__item\" role=\"listitem\"><span class=\"is--medium\">Bouton d&rsquo;arr\u00eat d&rsquo;urgence :<\/span> Non\t\t\t\t\t<\/li>\n<li class=\"product-features__item-list__item\" role=\"listitem\"><span class=\"is--medium\">Anti-surchauffe :<\/span> Oui\t\t\t\t\t<\/li>\n<li class=\"product-features__item-list__item\" role=\"listitem\"><span class=\"is--medium\">Anti-d\u00e9bordement (bac plein) :<\/span> Oui\t\t\t\t\t<\/li>\n<li class=\"product-features__item-list__item\" role=\"listitem\"><span class=\"is--medium\">S\u00e9curit\u00e9 enfants \/ verrouillage bandeau de commandess :<\/span> Oui\t\t\t\t\t<\/li>\n<li class=\"product-features__item-list__item\" role=\"listitem\"><span class=\"is--medium\">Autodiagnostic SAV :<\/span> Oui\t\t\t\t\t<\/li>\n<\/ul>\n<\/li>\n<li class=\"product-features__item\" role=\"listitem\">\n<h3 class=\"product-features__label\">Connect\u00e9<\/h3>\n<ul role=\"list\">\n<li class=\"product-features__item-list__item\" role=\"listitem\"><span class=\"is--medium\">Produit connectable :<\/span> non\t\t\t\t\t<\/li>\n<li class=\"product-features__item-list__item\" role=\"listitem\"><span class=\"is--medium\">Programmes t\u00e9l\u00e9chargeables :<\/span> Non\t\t\t\t\t<\/li>\n<\/ul>\n<\/li>\n<li class=\"product-features__item\" role=\"listitem\">\n<h3 class=\"product-features__label\">Consommation &amp; \u00e9conomie d&rsquo;\u00e9nergie<\/h3>\n<ul role=\"list\">\n<li class=\"product-features__item-list__item\" role=\"listitem\"><span class=\"is--medium\">Energie label :<\/span> B\t\t\t\t\t<\/li>\n<li class=\"product-features__item-list__item\" role=\"listitem\"><span class=\"is--medium\">Consommation d&rsquo;\u00e9nergie annuelle :<\/span> 504,00 kWh\t\t\t\t\t<\/li>\n<li class=\"product-features__item-list__item\" role=\"listitem\"><span class=\"is--medium\">Dur\u00e9e du programme Eco :<\/span> 135 mn\t\t\t\t\t<\/li>\n<li class=\"product-features__item-list__item\" role=\"listitem\"><span class=\"is--medium\">Consommation d&rsquo;\u00e9nergie pour 100 cycles :<\/span> 414\t\t\t\t\t<\/li>\n<li class=\"product-features__item-list__item\" role=\"listitem\"><span class=\"is--medium\">Nombre de cycles\/semaine :<\/span> 35\t\t\t\t\t<\/li>\n<li class=\"product-features__item-list__item\" role=\"listitem\"><span class=\"is--medium\">Heures de fonctionnement test\u00e9es :<\/span> 22500\t\t\t\t\t<\/li>\n<li class=\"product-features__item-list__item\" role=\"listitem\"><span class=\"is--medium\">Temps de s\u00e9chage en min, charge pleine :<\/span> 107\t\t\t\t\t<\/li>\n<\/ul>\n<\/li>\n<li class=\"product-features__item\" role=\"listitem\">\n<h3 class=\"product-features__label\">Dimensions<\/h3>\n<ul role=\"list\">\n<li class=\"product-features__item-list__item\" role=\"listitem\"><span class=\"is--medium\">L x H x P : :<\/span> 59.5 x 85 x 56.8 cm\t\t\t\t\t<\/li>\n<li class=\"product-features__item-list__item\" role=\"listitem\"><span class=\"is--medium\">Profondeur hublot compris :<\/span> 65.4\t\t\t\t\t<\/li>\n<li class=\"product-features__item-list__item\" role=\"listitem\"><span class=\"is--medium\">Poids brut :<\/span> 49,40 Kg\t\t\t\t\t<\/li>\n<li class=\"product-features__item-list__item\" role=\"listitem\"><span class=\"is--medium\">Poids net :<\/span> 45,00 Kg\t\t\t\t\t<\/li>\n<\/ul>\n<\/li>\n<li class=\"product-features__item\" role=\"listitem\">\n<h3 class=\"product-features__label\">Informations compl\u00e9mentaires<\/h3>\n<ul role=\"list\">\n<li class=\"product-features__item-list__item\" role=\"listitem\"><span class=\"is--medium\">Conforme \u00e0 la norme CE Directive Machine 2006\/42\/CE :<\/span> Oui\t\t\t\t\t<\/li>\n<li class=\"product-features__item-list__item\" role=\"listitem\"><span class=\"is--medium\">Plus d&rsquo;informations sur la Directive Machine :<\/span> <u><a href=\"https:\/\/boulanger.scene7.com\/is\/image\/Boulanger\/OP1022GAMJ?wid=1000&amp;qlt=90\" target=\"_blank\">Cliquez ici<\/a><\/u><\/li>\n<li class=\"product-features__item-list__item\" role=\"listitem\"><span class=\"is--medium\">Garantie :<\/span> 2 ans\t\t\t\t\t<\/li>\n<li class=\"product-features__item-list__item\" role=\"listitem\"><span class=\"is--medium\">Disponibilit\u00e9 des pi\u00e8ces d\u00e9tach\u00e9es (donn\u00e9es fournisseur) :<\/span> Pendant 15 ans, \u00e0 compter de la date d&rsquo;achat\t\t\t\t\t<\/li>\n<\/ul>\n<\/li>\n<li class=\"product-features__item\" role=\"listitem\">\n<h3 class=\"product-features__label\">Sp\u00e9cifit\u00e9 concernant la livraison des produits professionnels vendus en marketplace<\/h3>\n<ul role=\"list\">\n<li class=\"product-features__item-list__item\" role=\"listitem\"><span class=\"is--medium\">Pour les produits professionnels vendus en marketplace :<\/span> la livraison sera effectu\u00e9e \u00e0 l&rsquo;entr\u00e9e du local ou au pied de l&rsquo;immeuble sans intallation, ni mise en service.\t\t\t\t\t<\/li>\n<\/ul>\n<\/li>\n<\/ul>\n<\/div>\n<div class=\"product__disclosure-content\">\n<div class=\"js-read-more product-description__content read-more read-more--truncated\" data-read-more-name=\"description\" style=\"max-height: 500px; overflow: hidden;\">\n<p>Capable d&rsquo;encha\u00eener jusqu&rsquo;\u00e0 5 cycles de s\u00e9chage dans une m\u00eame journ\u00e9e, le s\u00e8che-linge Front ASKO TDC1772C.T sera id\u00e9al pour les utilisations professionnelles intensives, du salon de coiffure au restaurant, en passant par la cr\u00e8che ou la salle de sport.<\/p>\n<h3><img fetchpriority=\"high\" decoding=\"async\" ,=\"\" alt=\"SL Front ASKO TDC1772C.T\" class=\"wy_tableau_gauche\" height=\"270\" src=\"https:\/\/boulanger.scene7.com\/is\/image\/Boulanger\/3838782485701_h_f_l_0?wid=400&amp;hei=270\" width=\"400\"\/>Un s\u00e8che-linge \u00e0 condensation id\u00e9al pour un usage professionnel<\/h3>\n<p>Chargez <b>jusqu&rsquo;\u00e0 7 kg de linge<\/b> dans le tambour de votre s\u00e8che-linge Front ASKO TDC1772C.T. Gr\u00e2ce \u00e0 <b>son volume de 117 L,<\/b> vous pourrez d\u00e9poser un maximum de textile en une seule fois, pour des \u00e9conomies de temps, d&rsquo;\u00e9nergie et d&rsquo;argent tout au long de l&rsquo;ann\u00e9e.<\/p>\n<p>Le s\u00e8che-linge Front ASKO TDC1772C.T respecte les normes en vigueur, conform\u00e9ment \u00e0 <b>la Directive europ\u00e9enne 2006 \/ 42 \/ CE.<\/b> En d&rsquo;autres termes, sa conception garantit un niveau \u00e9lev\u00e9 de protection pour la s\u00e9curit\u00e9 et la sant\u00e9 des personnes l&rsquo;utilisant dans un cadre professionnel : l&rsquo;assurance de renforcer votre tranquillit\u00e9 d&rsquo;esprit, et celle de vos \u00e9quipes.<\/p>\n<h3><img decoding=\"async\" ,=\"\" alt=\"SL Front ASKO TDC1772C.T\" class=\"wy_tableau_right\" height=\"270\" src=\"https:\/\/boulanger.scene7.com\/is\/image\/Boulanger\/3838782485701_h_f_l_1?wid=400&amp;hei=270\" width=\"400\"\/>Le meilleur de l&rsquo;innovation pour m\u00ealer \u00a0\u00bb rapidit\u00e9 \u00a0\u00bb et \u00a0\u00bb efficacit\u00e9 \u00ab\u00a0<\/h3>\n<p>\u00c9quip\u00e9 de <b>17 programmes de s\u00e9chage int\u00e9gr\u00e9s<b>, le s\u00e8che-linge Front ASKO TDC1772C.T vous laissera la possibilit\u00e9 de choisir le plus adapt\u00e9 \u00e0 vos besoins. Le cycle \u00a0\u00bb Extra sec auto \u00a0\u00bb sera redoutablement efficace si vous \u00eates press\u00e9, et le \u00a0\u00bb Repassage mixte \u00a0\u00bb laissera un l\u00e9ger voile d&rsquo;humidit\u00e9 sur les fibres de votre linge, pour un repassage tout en douceur.<\/p>\n<p>Avec <b>une dur\u00e9e moyenne de programme de s\u00e9chage de 107 min seulement,<\/b> le s\u00e8che-linge Front ASKO TDC1772C.T vous fera gagner un maximum de temps au quotidien. <b>Les capteurs d&rsquo;humidit\u00e9 automatiques Sensi Dry<\/b> de l&rsquo;appareil, quant \u00e0 eux, vous permettront d&rsquo;optimiser la dur\u00e9e de chaque cycle, pour intensifier ce gain de temps et d&rsquo;\u00e9nergie.<\/b><\/b><\/p>\n<\/p>\n<p><b><b><\/b><\/b><\/div>\n<p><b><b><\/b><\/b><bl-button a11yexpanded=\"false\" arialabel=\"Afficher toute la description\" class=\"read-more__btn\" full=\"false\" link=\"true\">Voir plus<\/bl-button><\/div>","protected":false},"excerpt":{"rendered":"<div class=\"keypoints\">\n<h3 class=\"keypoints__title\">Les points cl\u00e9s<\/h3>\n<ul role=\"list\">\n<li class=\"keypoints__item\" role=\"listitem\">                                        Conforme \u00e0 la norme CE Directive Machine 2006\/42\/CE                      <\/li>\n<li class=\"keypoints__item\" role=\"listitem\">                          Condensation &#8211;                                                      Capacit\u00e9 7kg                      <\/li>\n<li class=\"keypoints__item\" role=\"listitem\">                          Tambour 117 Litres &#8211;                                                      B                      <\/li>\n<li class=\"keypoints__item\" role=\"listitem\">                                        L x H x P : : 59.5 x 85 x 56.8 cm                      <\/li>\n<li class=\"keypoints__item keypoints__item--advantage\" role=\"listitem\"><strong>Le + :<\/strong> sa dur\u00e9e de s\u00e9chage plus rapide qu&rsquo;un s\u00e8che linge domestique      <\/li>\n<\/ul>","protected":false},"featured_media":13571,"template":"","meta":{"_glsr_average":0,"_glsr_ranking":0,"_glsr_reviews":0},"product_cat":[142],"product_tag":[131,144],"class_list":{"0":"post-36293","1":"product","2":"type-product","3":"status-publish","4":"has-post-thumbnail","6":"product_cat-seche-linge","7":"product_tag-gros-electromenager","8":"product_tag-seche-linge","10":"first","11":"instock","12":"sale","13":"shipping-taxable","14":"purchasable","15":"product-type-simple"},"_links":{"self":[{"href":"https:\/\/electromenagerexpress.com\/en\/wp-json\/wp\/v2\/product\/36293","targetHints":{"allow":["GET"]}}],"collection":[{"href":"https:\/\/electromenagerexpress.com\/en\/wp-json\/wp\/v2\/product"}],"about":[{"href":"https:\/\/electromenagerexpress.com\/en\/wp-json\/wp\/v2\/types\/product"}],"wp:featuredmedia":[{"embeddable":true,"href":"https:\/\/electromenagerexpress.com\/en\/wp-json\/wp\/v2\/media\/13571"}],"wp:attachment":[{"href":"https:\/\/electromenagerexpress.com\/en\/wp-json\/wp\/v2\/media?parent=36293"}],"wp:term":[{"taxonomy":"product_cat","embeddable":true,"href":"https:\/\/electromenagerexpress.com\/en\/wp-json\/wp\/v2\/product_cat?post=36293"},{"taxonomy":"product_tag","embeddable":true,"href":"https:\/\/electromenagerexpress.com\/en\/wp-json\/wp\/v2\/product_tag?post=36293"}],"curies":[{"name":"wp","href":"https:\/\/api.w.org\/{rel}","templated":true}]}}