{"id":36287,"date":"2024-11-21T09:21:38","date_gmt":"2024-11-21T09:21:38","guid":{"rendered":"https:\/\/electromenagerexpress.com\/product\/seche-linge-pompe-a-chaleuressentielbeslhp10-2b\/"},"modified":"2025-01-20T09:43:40","modified_gmt":"2025-01-20T09:43:40","slug":"seche-linge-pompe-a-chaleuressentielbeslhp10-2b","status":"publish","type":"product","link":"https:\/\/electromenagerexpress.com\/en\/product\/seche-linge-pompe-a-chaleuressentielbeslhp10-2b\/","title":{"rendered":"S\u00e8che linge pompe \u00e0 chaleur\tESSENTIELB\tESLHP10-2b"},"content":{"rendered":"<div class=\"product-features__content\">\n<ul role=\"list\">\n<li class=\"product-features__item\" role=\"listitem\">\n<h3 class=\"product-features__label\">Installation<\/h3>\n<ul role=\"list\">\n<li class=\"product-features__item-list__item\" role=\"listitem\"><span class=\"is--medium\">Type de produit :<\/span> s\u00e8che linge pompe \u00e0 chaleur<\/li>\n<li class=\"product-features__item-list__item\" role=\"listitem\"><span class=\"is--medium\">Bon \u00e0 savoir :<\/span> Le s\u00e8che linge pompe \u00e0 chaleur prot\u00e8ge la qualit\u00e9 et les couleurs de votre linge en limitant la temp\u00e9rature \u00e0 l&rsquo;int\u00e9rieur du tambour.<u><\/u><\/li>\n<li class=\"product-features__item-list__item\" role=\"listitem\"><span class=\"is--medium\">Top amovible :<\/span> non<\/li>\n<li class=\"product-features__item-list__item\" role=\"listitem\"><span class=\"is--medium\">Coloris :<\/span> blanc<\/li>\n<li class=\"product-features__item-list__item\" role=\"listitem\"><span class=\"is--medium\">Vous installez votre s\u00e8che linge au dessus d&rsquo;une lave linge :<\/span> pour une installation s\u00e9curis\u00e9e, il est conseill\u00e9 d&rsquo;utiliser un kit de superposition.<\/li>\n<\/ul>\n<\/li>\n<li class=\"product-features__item\" role=\"listitem\">\n<h3 class=\"product-features__label\">Capacit\u00e9s<\/h3>\n<ul role=\"list\">\n<li class=\"product-features__item-list__item\" role=\"listitem\"><span class=\"is--medium\">Capacit\u00e9 de s\u00e9chage :<\/span> 10,0 kg<\/li>\n<li class=\"product-features__item-list__item\" role=\"listitem\"><span class=\"is--medium\">Volume tambour :<\/span> 116 L<\/li>\n<li class=\"product-features__item-list__item\" role=\"listitem\"><span class=\"is--medium\">Le saviez-vous ? :<\/span> plus le volume du tambour est important, plus le linge sera vite s\u00e9ch\u00e9. Nous vous conseillons de choisir un s\u00e8che linge qui a une capacit\u00e9 de s\u00e9chage proche de votre capacit\u00e9 de lavage.<\/li>\n<\/ul>\n<\/li>\n<li class=\"product-features__item\" role=\"listitem\">\n<h3 class=\"product-features__label\">Confort d&rsquo;utilisation<\/h3>\n<ul role=\"list\">\n<li class=\"product-features__item-list__item\" role=\"listitem\"><span class=\"is--medium\">Niveau sonore maximum :<\/span> silencieux (66 db)<\/li>\n<li class=\"product-features__item-list__item\" role=\"listitem\"><span class=\"is--medium\">Indicateur de saturation des filtres :<\/span> oui<\/li>\n<li class=\"product-features__item-list__item\" role=\"listitem\"><span class=\"is--medium\">Comment nettoyer vos filtres ? :<\/span> Certains s\u00e8che linge ont un syst\u00e8me de nettoyage automatique. Pour les autres, il faut retirer le filtre et le nettoyer \u00e0 l&rsquo;eau claire r\u00e9guli\u00e8rement.<\/li>\n<li class=\"product-features__item-list__item\" role=\"listitem\"><span class=\"is--medium\">D\u00e9part diff\u00e9r\u00e9 ou fin diff\u00e9r\u00e9e :<\/span> D\u00e9part diff\u00e9r\u00e9 20 heures<\/li>\n<li class=\"product-features__item-list__item\" role=\"listitem\"><span class=\"is--medium\">Le saviez-vous ? :<\/span> Cela permet de s\u00e9cher le linge aux heures creuses ou pendant les heures durant lesquelles vous n&rsquo;\u00eates pas chez vous<\/li>\n<li class=\"product-features__item-list__item\" role=\"listitem\"><span class=\"is--medium\">Filtre de porte autonettoyant :<\/span> non, il faut retirer le filtre et le nettoyer \u00e0 l&rsquo;eau claire r\u00e9guli\u00e8rement<\/li>\n<li class=\"product-features__item-list__item\" role=\"listitem\"><span class=\"is--medium\">Panier de s\u00e9chage \u00e0 plat :<\/span> non<\/li>\n<li class=\"product-features__item-list__item\" role=\"listitem\"><span class=\"is--medium\">Sonde d&rsquo;humidit\u00e9 :<\/span> oui, elle permet l&rsquo;arr\u00eat automatique du s\u00e8che linge quand le linge est sec.<\/li>\n<li class=\"product-features__item-list__item\" role=\"listitem\"><span class=\"is--medium\">Affichage du temps restant :<\/span> Oui<\/li>\n<li class=\"product-features__item-list__item\" role=\"listitem\"><span class=\"is--medium\">Sonnerie de fin de cycle :<\/span> Non<\/li>\n<li class=\"product-features__item-list__item\" role=\"listitem\"><span class=\"is--medium\">Indicateur du r\u00e9servoir d&rsquo;eau plein :<\/span> Oui<\/li>\n<\/ul>\n<\/li>\n<li class=\"product-features__item\" role=\"listitem\">\n<h3 class=\"product-features__label\">Programmes<\/h3>\n<ul role=\"list\">\n<li class=\"product-features__item-list__item\" role=\"listitem\"><span class=\"is--medium\">Dur\u00e9e du programme \u00e9co :<\/span> 4,52 h<\/li>\n<li class=\"product-features__item-list__item\" role=\"listitem\"><span class=\"is--medium\">Programme s\u00e9chage rapide :<\/span> moins de 45 minutes<\/li>\n<li class=\"product-features__item-list__item\" role=\"listitem\"><span class=\"is--medium\">Programmes :<\/span> b\u00e9b\u00e9, charge mixte, jeans, sport, synth\u00e9tique<\/li>\n<li class=\"product-features__item-list__item\" role=\"listitem\"><span class=\"is--medium\">Programme(s) vapeur :<\/span> non<\/li>\n<li class=\"product-features__item-list__item\" role=\"listitem\"><span class=\"is--medium\">Anti-allergie :<\/span> non<\/li>\n<li class=\"product-features__item-list__item\" role=\"listitem\"><span class=\"is--medium\">Refroidissement fin de cycle :<\/span> non<\/li>\n<li class=\"product-features__item-list__item\" role=\"listitem\"><span class=\"is--medium\">Parfumer le linge :<\/span> non<\/li>\n<\/ul>\n<\/li>\n<li class=\"product-features__item\" role=\"listitem\">\n<h3 class=\"product-features__label\">Connectivit\u00e9<\/h3>\n<ul role=\"list\">\n<li class=\"product-features__item-list__item\" role=\"listitem\"><span class=\"is--medium\">Produit connectable :<\/span> non<\/li>\n<\/ul>\n<\/li>\n<li class=\"product-features__item\" role=\"listitem\">\n<h3 class=\"product-features__label\">Consommation &amp; \u00e9conomie d&rsquo;\u00e9nergie<\/h3>\n<ul role=\"list\">\n<li class=\"product-features__item-list__item\" role=\"listitem\"><span class=\"is--medium\">Label \u00e9nergie :<\/span> A++<\/li>\n<li class=\"product-features__item-list__item\" role=\"listitem\"><span class=\"is--medium\">Consommation d&rsquo;energie annuelle :<\/span> 282 kWh\/an<\/li>\n<\/ul>\n<\/li>\n<li class=\"product-features__item\" role=\"listitem\">\n<h3 class=\"product-features__label\">Conception<\/h3>\n<ul role=\"list\">\n<li class=\"product-features__item-list__item\" role=\"listitem\"><span class=\"is--medium\">Type de moteur :<\/span> standard (moteur \u00e0 courroie)<\/li>\n<li class=\"product-features__item-list__item\" role=\"listitem\"><span class=\"is--medium\">Mati\u00e8re du tambour :<\/span> inox, ou acier inoxydable, r\u00e9siste parfaitement \u00e0 l&rsquo;humidit\u00e9 et ne rouille pas.<\/li>\n<li class=\"product-features__item-list__item\" role=\"listitem\"><span class=\"is--medium\">Emplacement du r\u00e9servoir d&rsquo;eau :<\/span> dans la porte<\/li>\n<\/ul>\n<\/li>\n<li class=\"product-features__item\" role=\"listitem\">\n<h3 class=\"product-features__label\">Dimensions<\/h3>\n<ul role=\"list\">\n<li class=\"product-features__item-list__item\" role=\"listitem\"><span class=\"is--medium\">L x H x P :<\/span> 59.6 x 85 x 58.5 cm<\/li>\n<li class=\"product-features__item-list__item\" role=\"listitem\"><span class=\"is--medium\">Profondeur produit hors hublot :<\/span> 58,5 cm<\/li>\n<li class=\"product-features__item-list__item\" role=\"listitem\"><span class=\"is--medium\">Poids net :<\/span> 41,2 kg<\/li>\n<\/ul>\n<\/li>\n<li class=\"product-features__item\" role=\"listitem\">\n<h3 class=\"product-features__label\">Informations compl\u00e9mentaires<\/h3>\n<ul role=\"list\">\n<li class=\"product-features__item-list__item\" role=\"listitem\"><span class=\"is--medium\">Disponibilit\u00e9 des pi\u00e8ces d\u00e9tach\u00e9es\u00a0 :<\/span> Pendant 12 ans, \u00e0 compter de la date d&rsquo;achat<\/li>\n<li class=\"product-features__item-list__item\" role=\"listitem\"><span class=\"is--medium\">Fabriqu\u00e9 en :<\/span> Turquie<\/li>\n<\/ul>\n<\/li>\n<\/ul>\n<\/div>\n<div class=\"product__disclosure-content\">\n<div class=\"js-read-more product-description__content read-more read-more--truncated\" style=\"max-height: 500px; overflow: hidden;\" data-read-more-name=\"description\">\n<div class=\"product__description-content read-more\">\n<p>S\u00e8che-linge pompe \u00e0 chaleur ESSENTIELB ESLHP10-2b : efficacit\u00e9 et capacit\u00e9 au rendez-vous<\/p>\n<h3>Performance \u00e9nerg\u00e9tique et capacit\u00e9 optimale<\/h3>\n<p>Le s\u00e8che-linge ESSENTIELB ESLHP10-2b se distingue par sa classe d&rsquo;efficacit\u00e9 \u00e9nerg\u00e9tique A++, garantissant une consommation d&rsquo;\u00e9nergie ma\u00eetris\u00e9e de 282 kWh\/an. Avec une capacit\u00e9 de s\u00e9chage de 10 kg et un tambour spacieux de 116 litres, il r\u00e9pond parfaitement aux besoins des familles nombreuses. La technologie par pompe \u00e0 chaleur assure un s\u00e9chage \u00e0 basse temp\u00e9rature, pr\u00e9servant ainsi la qualit\u00e9 et les couleurs du linge tout en offrant une efficacit\u00e9 remarquable.<\/p>\n<h3>Confort d&rsquo;utilisation et respect du linge<\/h3>\n<p>Dot\u00e9 d&rsquo;un niveau sonore de 66 dB, le s\u00e8che-linge ESSENTIELB ESLHP10-2b offre un fonctionnement silencieux. Il est \u00e9quip\u00e9 d&rsquo;un indicateur de saturation des filtres et d&rsquo;un indicateur du r\u00e9servoir d&rsquo;eau plein pour une maintenance ais\u00e9e. La sonde d&rsquo;humidit\u00e9 int\u00e9gr\u00e9e permet un arr\u00eat automatique du cycle lorsque le linge est sec, \u00e9vitant ainsi un sur-s\u00e9chage inutile. Le d\u00e9part diff\u00e9r\u00e9 jusqu&rsquo;\u00e0 20 heures permet de planifier le s\u00e9chage selon vos besoins, et l&rsquo;affichage du temps restant vous informe pr\u00e9cis\u00e9ment de la fin du cycle.<\/p>\n<\/div>\n<\/div>\n<p>&nbsp;<\/p>\n<p>&nbsp;<\/p>\n<\/div>","protected":false},"excerpt":{"rendered":"<div class=\"keypoints\">\n<h3 class=\"keypoints__title\">Les points cl\u00e9s<\/h3>\n<ul role=\"list\">\n<li class=\"keypoints__item\" role=\"listitem\">L x H x P : 59.6 x 85 x 58.5 cm<\/li>\n<li class=\"keypoints__item\" role=\"listitem\">Pompe \u00e0 chaleur &#8211; Label \u00e9nergie A++<\/li>\n<li class=\"keypoints__item\" role=\"listitem\">Capacit\u00e9 XL (10kg) &#8211; Tambour 116L<\/li>\n<li class=\"keypoints__item\" role=\"listitem\">Tambour inox &#8211; silencieux (66 db)<\/li>\n<li class=\"keypoints__item keypoints__item--advantage\" role=\"listitem\"><strong>Le + :<\/strong> sa facilit\u00e9 d&rsquo;utilisation<\/li>\n<\/ul>\n<\/div>\n<p>&nbsp;<\/p>","protected":false},"featured_media":13530,"template":"","meta":{"_glsr_average":0,"_glsr_ranking":0,"_glsr_reviews":0},"product_cat":[143],"product_tag":[131,144,145],"class_list":{"0":"post-36287","1":"product","2":"type-product","3":"status-publish","4":"has-post-thumbnail","6":"product_cat-seche-linge-pompe-a-chaleur","7":"product_tag-gros-electromenager","8":"product_tag-seche-linge","9":"product_tag-seche-linge-pompe-a-chaleur","11":"first","12":"instock","13":"sale","14":"shipping-taxable","15":"purchasable","16":"product-type-simple"},"_links":{"self":[{"href":"https:\/\/electromenagerexpress.com\/en\/wp-json\/wp\/v2\/product\/36287","targetHints":{"allow":["GET"]}}],"collection":[{"href":"https:\/\/electromenagerexpress.com\/en\/wp-json\/wp\/v2\/product"}],"about":[{"href":"https:\/\/electromenagerexpress.com\/en\/wp-json\/wp\/v2\/types\/product"}],"wp:featuredmedia":[{"embeddable":true,"href":"https:\/\/electromenagerexpress.com\/en\/wp-json\/wp\/v2\/media\/13530"}],"wp:attachment":[{"href":"https:\/\/electromenagerexpress.com\/en\/wp-json\/wp\/v2\/media?parent=36287"}],"wp:term":[{"taxonomy":"product_cat","embeddable":true,"href":"https:\/\/electromenagerexpress.com\/en\/wp-json\/wp\/v2\/product_cat?post=36287"},{"taxonomy":"product_tag","embeddable":true,"href":"https:\/\/electromenagerexpress.com\/en\/wp-json\/wp\/v2\/product_tag?post=36287"}],"curies":[{"name":"wp","href":"https:\/\/api.w.org\/{rel}","templated":true}]}}