{"id":36282,"date":"2024-11-21T09:21:22","date_gmt":"2024-11-21T09:21:22","guid":{"rendered":"https:\/\/electromenagerexpress.com\/product\/seche-linge-pompe-a-chaleursamsung-dv90t7240bh\/"},"modified":"2025-01-20T09:59:50","modified_gmt":"2025-01-20T09:59:50","slug":"seche-linge-pompe-a-chaleursamsung-dv90t7240bh","status":"publish","type":"product","link":"https:\/\/electromenagerexpress.com\/en\/product\/seche-linge-pompe-a-chaleursamsung-dv90t7240bh\/","title":{"rendered":"S\u00e8che linge pompe \u00e0 chaleur\tSAMSUNG  DV90T7240BH"},"content":{"rendered":"<div class=\"product-features__content\">\n<p>&nbsp;<\/p>\n<ul role=\"list\">\n<li class=\"product-features__item\" role=\"listitem\">\n<h3 class=\"product-features__label\">Installation<\/h3>\n<ul role=\"list\">\n<li class=\"product-features__item-list__item\" role=\"listitem\"><span class=\"is--medium\">Type de produit :<\/span> s\u00e8che linge pompe \u00e0 chaleur<\/li>\n<li class=\"product-features__item-list__item\" role=\"listitem\"><span class=\"is--medium\">Bon \u00e0 savoir :<\/span> Le s\u00e8che linge pompe \u00e0 chaleur prot\u00e8ge la qualit\u00e9 et les couleurs de votre linge en limitant la temp\u00e9rature \u00e0 l&rsquo;int\u00e9rieur du tambour. <u><\/u><\/li>\n<li class=\"product-features__item-list__item\" role=\"listitem\"><span class=\"is--medium\">Top amovible :<\/span> non<\/li>\n<li class=\"product-features__item-list__item\" role=\"listitem\"><span class=\"is--medium\">Sens d&rsquo;ouverture du hublot :<\/span> fixation \u00e0 droite r\u00e9versible<\/li>\n<li class=\"product-features__item-list__item\" role=\"listitem\"><span class=\"is--medium\">Coloris :<\/span> blanc<\/li>\n<li class=\"product-features__item-list__item\" role=\"listitem\"><span class=\"is--medium\">Vous installez votre s\u00e8che linge au dessus d&rsquo;une lave linge :<\/span> pour une installation s\u00e9curis\u00e9e, il est conseill\u00e9 d&rsquo;utiliser un kit de superposition. <u><\/u><\/li>\n<\/ul>\n<\/li>\n<li class=\"product-features__item\" role=\"listitem\">\n<h3 class=\"product-features__label\">Capacit\u00e9s<\/h3>\n<ul role=\"list\">\n<li class=\"product-features__item-list__item\" role=\"listitem\"><span class=\"is--medium\">Capacit\u00e9 de s\u00e9chage :<\/span> 9,0 kg<\/li>\n<li class=\"product-features__item-list__item\" role=\"listitem\"><span class=\"is--medium\">Volume tambour :<\/span> 115 L<\/li>\n<li class=\"product-features__item-list__item\" role=\"listitem\"><span class=\"is--medium\">Le saviez-vous ? :<\/span> plus le volume du tambour est important, plus le linge sera vite s\u00e9ch\u00e9. Nous vous conseillons de choisir un s\u00e8che linge qui a une capacit\u00e9 de s\u00e9chage proche de votre capacit\u00e9 de lavage.<\/li>\n<\/ul>\n<\/li>\n<li class=\"product-features__item\" role=\"listitem\">\n<h3 class=\"product-features__label\">Confort d&rsquo;utilisation<\/h3>\n<ul role=\"list\">\n<li class=\"product-features__item-list__item\" role=\"listitem\"><span class=\"is--medium\">Niveau sonore maximum :<\/span> silencieux (63 db)<\/li>\n<li class=\"product-features__item-list__item\" role=\"listitem\"><span class=\"is--medium\">Eclairage int\u00e9rieur du tambour :<\/span> oui<\/li>\n<li class=\"product-features__item-list__item\" role=\"listitem\"><span class=\"is--medium\">Indicateur de saturation des filtres :<\/span> non<\/li>\n<li class=\"product-features__item-list__item\" role=\"listitem\"><span class=\"is--medium\">D\u00e9part diff\u00e9r\u00e9 ou fin diff\u00e9r\u00e9e :<\/span> Non concern\u00e9<\/li>\n<li class=\"product-features__item-list__item\" role=\"listitem\"><span class=\"is--medium\">Sonde d&rsquo;humidit\u00e9 :<\/span> oui, elle permet l&rsquo;arr\u00eat automatique du s\u00e8che linge quand le linge est sec.<\/li>\n<li class=\"product-features__item-list__item\" role=\"listitem\"><span class=\"is--medium\">Affichage du temps restant :<\/span> Oui<\/li>\n<li class=\"product-features__item-list__item\" role=\"listitem\"><span class=\"is--medium\">Sonnerie de fin de cycle :<\/span> Oui<\/li>\n<li class=\"product-features__item-list__item\" role=\"listitem\"><span class=\"is--medium\">Indicateur du r\u00e9servoir d&rsquo;eau plein :<\/span> Non<\/li>\n<\/ul>\n<\/li>\n<li class=\"product-features__item\" role=\"listitem\">\n<h3 class=\"product-features__label\">Programmes<\/h3>\n<ul role=\"list\">\n<li class=\"product-features__item-list__item\" role=\"listitem\"><span class=\"is--medium\">Dur\u00e9e du programme \u00e9co :<\/span> 3,67 h<\/li>\n<li class=\"product-features__item-list__item\" role=\"listitem\"><span class=\"is--medium\">Programme s\u00e9chage rapide :<\/span> moins de 45 minutes<\/li>\n<li class=\"product-features__item-list__item\" role=\"listitem\"><span class=\"is--medium\">Programmes :<\/span> chemises, coton, d\u00e9licat, laine, serviettes, sport, synth\u00e9tique<\/li>\n<li class=\"product-features__item-list__item\" role=\"listitem\"><span class=\"is--medium\">Programme(s) vapeur :<\/span> non<\/li>\n<li class=\"product-features__item-list__item\" role=\"listitem\"><span class=\"is--medium\">Anti-allergie :<\/span> oui, il \u00e9limine la quasi totalit\u00e9 des pollens, acariens et bact\u00e9ries sur votre linge.<\/li>\n<li class=\"product-features__item-list__item\" role=\"listitem\"><span class=\"is--medium\">Refroidissement fin de cycle :<\/span> non<\/li>\n<li class=\"product-features__item-list__item\" role=\"listitem\"><span class=\"is--medium\">Parfumer le linge :<\/span> non<\/li>\n<\/ul>\n<\/li>\n<li class=\"product-features__item\" role=\"listitem\">\n<h3 class=\"product-features__label\">Technologies du produit<\/h3>\n<ul role=\"list\">\n<li class=\"product-features__item-list__item\" role=\"listitem\"><span class=\"is--medium\">Optimal Dry :<\/span> l&rsquo;arr\u00eat du s\u00e9chage est automatique gr\u00e2ce au capteur d&rsquo;humidit\u00e9, ce qui permet des \u00e9conomies d&rsquo;\u00e9nergies et un plus grand soin du linge.<\/li>\n<\/ul>\n<\/li>\n<li class=\"product-features__item\" role=\"listitem\">\n<h3 class=\"product-features__label\">Connectivit\u00e9<\/h3>\n<ul role=\"list\">\n<li class=\"product-features__item-list__item\" role=\"listitem\"><span class=\"is--medium\">Produit connectable :<\/span> oui, en Wifi pour une connexion m\u00eame en dehors de votre domicile afin de g\u00e9rer \u00e0 distance le bon d\u00e9roulement de votre cycle de lavage<\/li>\n<li class=\"product-features__item-list__item\" role=\"listitem\"><span class=\"is--medium\">Nom de l&rsquo;application :<\/span> SmartThings<\/li>\n<\/ul>\n<\/li>\n<li class=\"product-features__item\" role=\"listitem\">\n<h3 class=\"product-features__label\">Consommation &amp; \u00e9conomie d&rsquo;\u00e9nergie<\/h3>\n<ul role=\"list\">\n<li class=\"product-features__item-list__item\" role=\"listitem\"><span class=\"is--medium\">Label \u00e9nergie :<\/span> A+++<\/li>\n<li class=\"product-features__item-list__item\" role=\"listitem\"><span class=\"is--medium\">Consommation d&rsquo;\u00e9nergie moyenne par cycle :<\/span> 1,54 kWh<\/li>\n<li class=\"product-features__item-list__item\" role=\"listitem\"><span class=\"is--medium\">Consommation d&rsquo;energie annuelle :<\/span> 194 kWh\/an<\/li>\n<\/ul>\n<\/li>\n<li class=\"product-features__item\" role=\"listitem\">\n<h3 class=\"product-features__label\">Conception<\/h3>\n<ul role=\"list\">\n<li class=\"product-features__item-list__item\" role=\"listitem\"><span class=\"is--medium\">Type de moteur :<\/span> induction (avec courroie) faible consommation, silencieux<\/li>\n<li class=\"product-features__item-list__item\" role=\"listitem\"><span class=\"is--medium\">Mati\u00e8re du tambour :<\/span> inox, ou acier inoxydable, r\u00e9siste parfaitement \u00e0 l&rsquo;humidit\u00e9 et ne rouille pas.<\/li>\n<li class=\"product-features__item-list__item\" role=\"listitem\"><span class=\"is--medium\">Emplacement du r\u00e9servoir d&rsquo;eau :<\/span> partie haute<\/li>\n<\/ul>\n<\/li>\n<li class=\"product-features__item\" role=\"listitem\">\n<h3 class=\"product-features__label\">Dimensions<\/h3>\n<ul role=\"list\">\n<li class=\"product-features__item-list__item\" role=\"listitem\"><span class=\"is--medium\">L x H x P :<\/span> 60 x 85 x 66 cm<\/li>\n<li class=\"product-features__item-list__item\" role=\"listitem\"><span class=\"is--medium\">Profondeur produit hors hublot :<\/span> 66,0 cm<\/li>\n<li class=\"product-features__item-list__item\" role=\"listitem\"><span class=\"is--medium\">Poids net :<\/span> 50,0 kg<\/li>\n<li class=\"product-features__item-list__item\" role=\"listitem\"><span class=\"is--medium\">Poids brut :<\/span> 54,0 kg<\/li>\n<\/ul>\n<\/li>\n<li class=\"product-features__item\" role=\"listitem\">\n<h3 class=\"product-features__label\">Informations compl\u00e9mentaires<\/h3>\n<ul role=\"list\">\n<li class=\"product-features__item-list__item\" role=\"listitem\"><span class=\"is--medium\">Disponibilit\u00e9 des pi\u00e8ces d\u00e9tach\u00e9es (donn\u00e9es fournisseur) :<\/span> Pendant 10 ans, \u00e0 compter de la date d&rsquo;achat<\/li>\n<li class=\"product-features__item-list__item\" role=\"listitem\"><span class=\"is--medium\">Fabriqu\u00e9 en :<\/span> Chine<\/li>\n<\/ul>\n<\/li>\n<\/ul>\n<\/div>\n<div class=\"product__disclosure-content\">\n<div class=\"js-read-more product-description__content read-more read-more--truncated\" style=\"max-height: 500px; overflow: hidden;\" data-read-more-name=\"description\">\n<p>Gagnez du temps lors du s\u00e9chage de votre linge avec le s\u00e8che-linge haute performance SAMSUNG DV90T7240BH dot\u00e9 d&rsquo;un syst\u00e8me de pompe \u00e0 chaleur.<\/p>\n<h3><img fetchpriority=\"high\" decoding=\"async\" class=\"wy_tableau_gauche\" src=\"https:\/\/boulanger.scene7.com\/is\/image\/Boulanger\/8806090665585_h_f_l_0?wid=400&amp;hei=270\" alt=\"SL Front SAMSUNG DV90T7240BH\" width=\"400\" height=\"270\" \/>Un s\u00e8che-linge \u00e9quip\u00e9 des derni\u00e8res technologies<\/h3>\n<p>\u00c9quip\u00e9 d&rsquo;un <b>syst\u00e8me de pompe \u00e0 chaleur<\/b>, le s\u00e8che-linge SAMSUNG DV90T7240BH recycle l&rsquo;air chaud et optimise la temp\u00e9rature \u00e0 l&rsquo;int\u00e9rieur du tambour, ce qui permet de mieux respecter les fibres textiles. Avec son efficacit\u00e9 \u00e9nerg\u00e9tique A+++, vous \u00e9conomiserez de l&rsquo;\u00e9nergie.<\/p>\n<p>Les utilisateurs press\u00e9s ne pourront plus se passer de ce s\u00e8che-linge. En \u00e0 peine 35 min, il est capable de s\u00e9cher 1 kg de linge et en moins de 1h30, il peut s\u00e9cher 3 kg de linge. Gr\u00e2ce \u00e0 la <b>technologie AirWash<\/b>, il rafra\u00eechit vos v\u00eatements et les d\u00e9barrasse des odeurs d\u00e9sagr\u00e9ables.<\/p>\n<h3><img decoding=\"async\" class=\"wy_tableau_right\" src=\"https:\/\/boulanger.scene7.com\/is\/image\/Boulanger\/8806090665585_h_f_l_1?wid=400&amp;hei=270\" alt=\"SL Front SAMSUNG DV90T7240BH\" width=\"400\" height=\"270\" \/>Un appareil indispensable et intuitif<\/h3>\n<p>Le s\u00e8che-linge SAMSUNG DV90T7240BH poss\u00e8de un <b>panneau de contr\u00f4le intelligent<\/b> con\u00e7u pour visualiser le temps restant en un coup d&rsquo;oeil, lancer un cycle de s\u00e9chage et m\u00eame communiquer avec votre lave-linge Samsung compatible pour optimiser le s\u00e9chage. Son interface \u00e9pur\u00e9e s&rsquo;utilise tr\u00e8s simplement.<\/p>\n<\/div>\n<p>Pour programmer ou lancer un cycle depuis votre smartphone, utilisez l&rsquo;<b>application SmartThings<\/b> compatible avec votre s\u00e8che-linge. Avec son interface intuitive, elle permet de contr\u00f4ler votre appareil tr\u00e8s facilement et m\u00eame d&rsquo;acc\u00e9der au diagnostic utilisation.<\/p>\n<\/div>\n<p>&nbsp;<\/p>\n<div class=\"product__disclosure-content\">\n<div class=\"js-read-more product-description__content read-more read-more--truncated\" style=\"max-height: 500px; overflow: hidden;\" data-read-more-name=\"description\">\n<p>&nbsp;<\/p>\n<\/div>\n<p>&nbsp;<\/p>\n<\/div>","protected":false},"excerpt":{"rendered":"<div class=\"keypoints\">\n<h3 class=\"keypoints__title\">Les points cl\u00e9s<\/h3>\n<ul role=\"list\">\n<li class=\"keypoints__item\" role=\"listitem\">L x H x P : 60 x 85 x 66 cm<\/li>\n<li class=\"keypoints__item\" role=\"listitem\">Pompe \u00e0 chaleur &#8211; Label \u00e9nergie A+++<\/li>\n<li class=\"keypoints__item\" role=\"listitem\">Capacit\u00e9 XL (9kg) &#8211; Tambour 115L<\/li>\n<li class=\"keypoints__item\" role=\"listitem\">Tambour inox &#8211; silencieux (63 db)<\/li>\n<li class=\"keypoints__item keypoints__item--advantage\" role=\"listitem\"><strong>Le + :<\/strong> son programme airwash rafraichit et assainit votre linge<\/li>\n<\/ul>\n<\/div>","protected":false},"featured_media":13465,"template":"","meta":{"_glsr_average":0,"_glsr_ranking":0,"_glsr_reviews":0},"product_cat":[143],"product_tag":[131,144,145],"class_list":{"0":"post-36282","1":"product","2":"type-product","3":"status-publish","4":"has-post-thumbnail","6":"product_cat-seche-linge-pompe-a-chaleur","7":"product_tag-gros-electromenager","8":"product_tag-seche-linge","9":"product_tag-seche-linge-pompe-a-chaleur","11":"first","12":"instock","13":"sale","14":"shipping-taxable","15":"purchasable","16":"product-type-simple"},"_links":{"self":[{"href":"https:\/\/electromenagerexpress.com\/en\/wp-json\/wp\/v2\/product\/36282","targetHints":{"allow":["GET"]}}],"collection":[{"href":"https:\/\/electromenagerexpress.com\/en\/wp-json\/wp\/v2\/product"}],"about":[{"href":"https:\/\/electromenagerexpress.com\/en\/wp-json\/wp\/v2\/types\/product"}],"wp:featuredmedia":[{"embeddable":true,"href":"https:\/\/electromenagerexpress.com\/en\/wp-json\/wp\/v2\/media\/13465"}],"wp:attachment":[{"href":"https:\/\/electromenagerexpress.com\/en\/wp-json\/wp\/v2\/media?parent=36282"}],"wp:term":[{"taxonomy":"product_cat","embeddable":true,"href":"https:\/\/electromenagerexpress.com\/en\/wp-json\/wp\/v2\/product_cat?post=36282"},{"taxonomy":"product_tag","embeddable":true,"href":"https:\/\/electromenagerexpress.com\/en\/wp-json\/wp\/v2\/product_tag?post=36282"}],"curies":[{"name":"wp","href":"https:\/\/api.w.org\/{rel}","templated":true}]}}