{"id":36256,"date":"2024-11-21T09:19:59","date_gmt":"2024-11-21T09:19:59","guid":{"rendered":"https:\/\/electromenagerexpress.com\/product\/essoreuse-dappointthomascentri-776-sek\/"},"modified":"2025-01-08T21:52:00","modified_gmt":"2025-01-08T21:52:00","slug":"essoreuse-dappointthomascentri-776-sek","status":"publish","type":"product","link":"https:\/\/electromenagerexpress.com\/en\/product\/essoreuse-dappointthomascentri-776-sek\/","title":{"rendered":"Essoreuse d&rsquo;appoint THOMAS CENTRI 776 SEK"},"content":{"rendered":"<div class=\"product-features__content\">\n<ul role=\"list\">\n<li class=\"product-features__item\" role=\"listitem\">\n<h3 class=\"product-features__label\">Caract\u00e9ristiques g\u00e9n\u00e9rales<\/h3>\n<ul role=\"list\">\n<li class=\"product-features__item-list__item\" role=\"listitem\"><span class=\"is--medium\">Fonction :<\/span> Essore<\/li>\n<li class=\"product-features__item-list__item\" role=\"listitem\"><span class=\"is--medium\">Capacit\u00e9 :<\/span> 3 kg<\/li>\n<li class=\"product-features__item-list__item\" role=\"listitem\"><span class=\"is--medium\">Puissance :<\/span> 350 W<\/li>\n<li class=\"product-features__item-list__item\" role=\"listitem\"><span class=\"is--medium\">Couleur :<\/span> blanc<\/li>\n<\/ul>\n<\/li>\n<li class=\"product-features__item\" role=\"listitem\">\n<h3 class=\"product-features__label\">Caract\u00e9ristique essoreuse<\/h3>\n<ul role=\"list\">\n<li class=\"product-features__item-list__item\" role=\"listitem\"><span class=\"is--medium\">Dur\u00e9e de cycle :<\/span> 3 \u00e0 5 minutes<\/li>\n<li class=\"product-features__item-list__item\" role=\"listitem\"><span class=\"is--medium\">Hauteur de l&#8217;embout de sortie :<\/span> 18,0 cm<\/li>\n<li class=\"product-features__item-list__item\" role=\"listitem\"><span class=\"is--medium\">Vitesse de rotation (trs\/min) :<\/span> 2800<\/li>\n<li class=\"product-features__item-list__item\" role=\"listitem\"><span class=\"is--medium\">Mati\u00e8re du tambour :<\/span> acier inoxydable<\/li>\n<\/ul>\n<\/li>\n<li class=\"product-features__item\" role=\"listitem\">\n<h3 class=\"product-features__label\">Dimensions<\/h3>\n<ul role=\"list\">\n<li class=\"product-features__item-list__item\" role=\"listitem\"><span class=\"is--medium\">Dimensions l x h x p :<\/span> 42 x 68.2 x 42 cm<\/li>\n<li class=\"product-features__item-list__item\" role=\"listitem\"><span class=\"is--medium\">Poids net :<\/span> 9,0 kg<\/li>\n<\/ul>\n<\/li>\n<li class=\"product-features__item\" role=\"listitem\">\n<h3 class=\"product-features__label\">Informations et Services<\/h3>\n<ul role=\"list\">\n<li class=\"product-features__item-list__item\" role=\"listitem\"><span class=\"is--medium\">Fabriqu\u00e9 en :<\/span> Allemagne<\/li>\n<li class=\"product-features__item-list__item\" role=\"listitem\"><span class=\"is--medium\">Garantie :<\/span> 2 ans<\/li>\n<li class=\"product-features__item-list__item\" role=\"listitem\"><span class=\"is--medium\">Disponibilit\u00e9 des pi\u00e8ces d\u00e9tach\u00e9es (donn\u00e9es fournisseur) :<\/span> Pas de pi\u00e8ce disponible<\/li>\n<li class=\"product-features__item-list__item\" role=\"listitem\"><span class=\"is--medium\">R\u00e9f\u00e9rence constructeur :<\/span> CENTRI 776 SEK<\/li>\n<li class=\"product-features__item-list__item\" role=\"listitem\"><span class=\"is--medium\">Marque :<\/span> THOMAS<\/li>\n<\/ul>\n<\/li>\n<\/ul>\n<\/div>\n<div class=\"product__disclosure-content\">\n<div class=\"js-read-more product-description__content read-more read-more--truncated\" style=\"max-height: 500px; overflow: hidden;\" data-read-more-name=\"description\">\n<div class=\"product__description-content read-more\">\n<p>Optimisez votre Linge avec l&rsquo;Essoreuse THOMAS CENTRI 776 SEK<\/p>\n<h3><img fetchpriority=\"high\" decoding=\"async\" class=\"wy_tableau_gauche\" src=\"https:\/\/boulanger.scene7.com\/is\/image\/Boulanger\/4005435103827_h_f_l_0?wid=400&amp;hei=270\" alt=\"Essoreuse d'appoint THOMAS CENTRI 776 SEK\" width=\"400\" height=\"270\" \/>Performance et efficacit\u00e9 au quotidien<\/h3>\n<p>L&rsquo;essoreuse THOMAS CENTRI 776 SEK est con\u00e7ue pour offrir une solution \u00e9conomique et \u00e9cologique \u00e0 la gestion de votre linge. Avec une capacit\u00e9 de 3 kg, elle est id\u00e9ale pour les petites charges et les v\u00eatements d\u00e9licats. La puissance de 350 Watt associ\u00e9e \u00e0 une vitesse de rotation impressionnante de 2 800 tours par minute garantit une r\u00e9duction significative de l&rsquo;humidit\u00e9 r\u00e9siduelle, atteignant environ 40 %. La dur\u00e9e de cycle rapide de 3 \u00e0 5 minutes permet de traiter efficacement votre linge sans perte de<\/p>\n<\/div>\n<p>&nbsp;<\/p>\n<div class=\"product__description-content read-more\">\n<p>&nbsp;<\/p>\n<p>&nbsp;<\/p>\n<p>&nbsp;<\/p>\n<p>&nbsp;<\/p>\n<p>&nbsp;<\/p>\n<p>&nbsp;<\/p>\n<p>temps, vous laissant plus de libert\u00e9 pour d&rsquo;autres activit\u00e9s.<\/p>\n<h3><img decoding=\"async\" class=\"wy_tableau_right\" src=\"https:\/\/boulanger.scene7.com\/is\/image\/Boulanger\/4005435103827_h_f_l_1?wid=400&amp;hei=270\" alt=\"Essoreuse d'appoint THOMAS CENTRI 776 SEK\" width=\"400\" height=\"270\" \/>Conception robuste et s\u00e9curis\u00e9e<\/h3>\n<p>La robustesse de l&rsquo;essoreuse THOMAS CENTRI 776 SEK est assur\u00e9e par un tambour en acier inoxydable et une bague d&rsquo;extr\u00e9mit\u00e9 en plastique \u00e0 haute r\u00e9sistance aux chocs. La s\u00e9curit\u00e9 est une priorit\u00e9 avec le couvercle dot\u00e9 d&rsquo;un verrouillage de s\u00e9curit\u00e9 et la fonctionnalit\u00e9 &lsquo;mise en arr\u00eat \u00e0 une main&rsquo;, qui assurent une utilisation sans risque. De plus, la hauteur de l&#8217;embout de sortie de 18 cm facilite le transfert du linge essor\u00e9. Avec son design compact (dimensions avec emballage : 420 x 682 mm) et son poids de 9 kg, cette essoreuse s&rsquo;int\u00e8gre facilement dans votre espace de buanderie, tout en arborant une esth\u00e9tique \u00e9pur\u00e9e en couleur blanche.<\/p>\n<\/div>\n<\/div>\n<p>&nbsp;<\/p>\n<\/div>","protected":false},"excerpt":{"rendered":"<div class=\"keypoints\">\n<h3 class=\"keypoints__title\">Les points cl\u00e9s<\/h3>\n<ul role=\"list\">\n<li class=\"keypoints__item\" role=\"listitem\">Fonction : Essore<\/li>\n<li class=\"keypoints__item\" role=\"listitem\">Capacit\u00e9 : 3 kg &#8211; Puissance : 350 W<\/li>\n<li class=\"keypoints__item\" role=\"listitem\">Vitesse de rotation (trs\/min) : 2800<\/li>\n<li class=\"keypoints__item\" role=\"listitem\">Dimensions l x h x p : 42 x 68.2 x 42 cm<\/li>\n<li class=\"keypoints__item keypoints__item--advantage\" role=\"listitem\"><strong>Le + :<\/strong> sa vitesse d&rsquo;essorage \u00e0 2800 tours par minute et son tambour en acier inoxydable<\/li>\n<\/ul>\n<\/div>","protected":false},"featured_media":13170,"template":"","meta":{"_glsr_average":0,"_glsr_ranking":0,"_glsr_reviews":0},"product_cat":[140],"product_tag":[131,132,141],"class_list":{"0":"post-36256","1":"product","2":"type-product","3":"status-publish","4":"has-post-thumbnail","6":"product_cat-mini-machine-a-laver-essoreuse","7":"product_tag-gros-electromenager","8":"product_tag-lave-linge","9":"product_tag-mini-machine-a-laver-essoreuse","11":"first","12":"instock","13":"sale","14":"shipping-taxable","15":"purchasable","16":"product-type-simple"},"_links":{"self":[{"href":"https:\/\/electromenagerexpress.com\/en\/wp-json\/wp\/v2\/product\/36256","targetHints":{"allow":["GET"]}}],"collection":[{"href":"https:\/\/electromenagerexpress.com\/en\/wp-json\/wp\/v2\/product"}],"about":[{"href":"https:\/\/electromenagerexpress.com\/en\/wp-json\/wp\/v2\/types\/product"}],"wp:featuredmedia":[{"embeddable":true,"href":"https:\/\/electromenagerexpress.com\/en\/wp-json\/wp\/v2\/media\/13170"}],"wp:attachment":[{"href":"https:\/\/electromenagerexpress.com\/en\/wp-json\/wp\/v2\/media?parent=36256"}],"wp:term":[{"taxonomy":"product_cat","embeddable":true,"href":"https:\/\/electromenagerexpress.com\/en\/wp-json\/wp\/v2\/product_cat?post=36256"},{"taxonomy":"product_tag","embeddable":true,"href":"https:\/\/electromenagerexpress.com\/en\/wp-json\/wp\/v2\/product_tag?post=36256"}],"curies":[{"name":"wp","href":"https:\/\/api.w.org\/{rel}","templated":true}]}}