{"id":36255,"date":"2024-11-21T09:19:58","date_gmt":"2024-11-21T09:19:58","guid":{"rendered":"https:\/\/electromenagerexpress.com\/product\/essoreuse-dappointthomas772-sek-287\/"},"modified":"2025-01-08T21:54:10","modified_gmt":"2025-01-08T21:54:10","slug":"essoreuse-dappointthomas772-sek-287","status":"publish","type":"product","link":"https:\/\/electromenagerexpress.com\/en\/product\/essoreuse-dappointthomas772-sek-287\/","title":{"rendered":"Essoreuse d&rsquo;appoint THOMAS 772 SEK-287"},"content":{"rendered":"<div class=\"product-features__content\">\n<ul role=\"list\">\n<li class=\"product-features__item\" role=\"listitem\">\n<h3 class=\"product-features__label\">Caract\u00e9ristiques g\u00e9n\u00e9rales<\/h3>\n<ul role=\"list\">\n<li class=\"product-features__item-list__item\" role=\"listitem\"><span class=\"is--medium\">Fonction :<\/span> Essore<\/li>\n<li class=\"product-features__item-list__item\" role=\"listitem\"><span class=\"is--medium\">Capacit\u00e9 :<\/span> 3 kg<\/li>\n<li class=\"product-features__item-list__item\" role=\"listitem\"><span class=\"is--medium\">Puissance :<\/span> 350 W<\/li>\n<li class=\"product-features__item-list__item\" role=\"listitem\"><span class=\"is--medium\">Couleur :<\/span> blanc<\/li>\n<\/ul>\n<\/li>\n<li class=\"product-features__item\" role=\"listitem\">\n<h3 class=\"product-features__label\">Caract\u00e9ristique essoreuse<\/h3>\n<ul role=\"list\">\n<li class=\"product-features__item-list__item\" role=\"listitem\"><span class=\"is--medium\">Dur\u00e9e de cycle :<\/span> 3 \u00e0 5 minutes<\/li>\n<li class=\"product-features__item-list__item\" role=\"listitem\"><span class=\"is--medium\">Hauteur de l&#8217;embout de sortie :<\/span> 18,0 cm<\/li>\n<li class=\"product-features__item-list__item\" role=\"listitem\"><span class=\"is--medium\">Vitesse de rotation (trs\/min) :<\/span> 2800<\/li>\n<li class=\"product-features__item-list__item\" role=\"listitem\"><span class=\"is--medium\">Mati\u00e8re du tambour :<\/span> acier inoxydable<\/li>\n<\/ul>\n<\/li>\n<li class=\"product-features__item\" role=\"listitem\">\n<h3 class=\"product-features__label\">Dimensions<\/h3>\n<ul role=\"list\">\n<li class=\"product-features__item-list__item\" role=\"listitem\"><span class=\"is--medium\">Dimensions l x h x p :<\/span> 42 x 59.7 x 42 cm<\/li>\n<li class=\"product-features__item-list__item\" role=\"listitem\"><span class=\"is--medium\">Poids net :<\/span> 9,0 kg<\/li>\n<\/ul>\n<\/li>\n<li class=\"product-features__item\" role=\"listitem\">\n<h3 class=\"product-features__label\">Informations et Services<\/h3>\n<ul role=\"list\">\n<li class=\"product-features__item-list__item\" role=\"listitem\"><span class=\"is--medium\">Fabriqu\u00e9 en :<\/span> Allemagne<\/li>\n<li class=\"product-features__item-list__item\" role=\"listitem\"><span class=\"is--medium\">Garantie :<\/span> 2 ans<\/li>\n<li class=\"product-features__item-list__item\" role=\"listitem\"><span class=\"is--medium\">R\u00e9f\u00e9rence constructeur :<\/span> 772 SEK-287<\/li>\n<li class=\"product-features__item-list__item\" role=\"listitem\"><span class=\"is--medium\">Marque :<\/span> THOMAS<\/li>\n<\/ul>\n<\/li>\n<\/ul>\n<\/div>\n<div class=\"product__disclosure-content\">\n<div class=\"js-read-more product-description__content read-more read-more--truncated\" style=\"max-height: 500px; overflow: hidden;\" data-read-more-name=\"description\">\n<div class=\"product__description-content read-more\">\n<p>Optimisez votre Linge avec l&rsquo;Essoreuse THOMAS 772 SEK<\/p>\n<h3><img fetchpriority=\"high\" decoding=\"async\" class=\"wy_tableau_gauche\" src=\"https:\/\/boulanger.scene7.com\/is\/image\/Boulanger\/4005435103803_h_f_l_0?wid=400&amp;hei=270\" alt=\"Essoreuse d'appoint THOMAS 772 SEK-287\" width=\"400\" height=\"270\" \/>Performance et efficacit\u00e9<\/h3>\n<p>L&rsquo;essoreuse THOMAS 772 SEK se distingue par sa capacit\u00e9 \u00e0 offrir une performance remarquable tout en restant \u00e9conomique. Avec une puissance de 350 Watt et une vitesse de rotation impressionnante de 2 800 tours par minute, elle garantit une humidit\u00e9 r\u00e9siduelle d&rsquo;environ 40 %, permettant ainsi \u00e0 vos v\u00eatements de s\u00e9cher plus rapidement. Son cycle de fonctionnement court, de 3 \u00e0 5 minutes, assure une efficience maximale, r\u00e9duisant le temps pass\u00e9 sur les corv\u00e9es de linge et augmentant le temps libre \u00e0 votre disposition.<\/p>\n<\/div>\n<\/div>\n<p>Conception robuste et s\u00e9curit\u00e9 optimale<\/p>\n<div class=\"js-read-more product-description__content read-more read-more--truncated\" style=\"max-height: 500px; overflow: hidden;\" data-read-more-name=\"description\">\n<div class=\"product__description-content read-more\">\n<p>La robustesse est au coeur de la conception de l&rsquo;essoreuse THOMAS 772 SEK, avec un tambour en acier inoxydable et une bague d&rsquo;extr\u00e9mit\u00e9 en plastique \u00e0 haute r\u00e9sistance aux chocs, assurant une long\u00e9vit\u00e9 accrue du produit. La s\u00e9curit\u00e9 n&rsquo;est pas en reste, gr\u00e2ce au couvercle dot\u00e9 d&rsquo;un verrouillage de s\u00e9curit\u00e9 et \u00e0 la fonction &lsquo;mise en arr\u00eat \u00e0 une main&rsquo;, qui contribuent \u00e0 une utilisation sereine. Avec un poids de 9 kg et des dimensions pratiques, cet appareil blanc \u00e9l\u00e9gant s&rsquo;int\u00e8gre facilement dans votre espace de vie tout en offrant une disponibilit\u00e9 des pi\u00e8ces de 10 ans, t\u00e9moignant de l&rsquo;engagement de THOMAS pour un service apr\u00e8s-vente de qualit\u00e9.<\/p>\n<\/div>\n<\/div>\n<\/div>\n<p>&nbsp;<\/p>\n<p>&nbsp;<\/p>\n<p>&nbsp;<\/p>\n<p>&nbsp;<\/p>\n<p>&nbsp;<\/p>\n<div class=\"product__disclosure-content\">\n<p>&nbsp;<\/p>\n<\/div>","protected":false},"excerpt":{"rendered":"<div class=\"keypoints\">\n<h3 class=\"keypoints__title\">Les points cl\u00e9s<\/h3>\n<ul role=\"list\">\n<li class=\"keypoints__item\" role=\"listitem\">Fonction : Essore<\/li>\n<li class=\"keypoints__item\" role=\"listitem\">Capacit\u00e9 : 3 kg &#8211; Puissance : 350 W<\/li>\n<li class=\"keypoints__item\" role=\"listitem\">Vitesse de rotation (trs\/min) : 2800<\/li>\n<li class=\"keypoints__item\" role=\"listitem\">Dimensions l x h x p : 42 x 59.7 x 42 cm<\/li>\n<li class=\"keypoints__item keypoints__item--advantage\" role=\"listitem\"><strong>Le + :<\/strong> son essorage \u00e0 2800 tours par minute et son tambour en acier inoxydable<\/li>\n<\/ul>\n<\/div>","protected":false},"featured_media":13166,"template":"","meta":{"_glsr_average":0,"_glsr_ranking":0,"_glsr_reviews":0},"product_cat":[140],"product_tag":[131,132,141],"class_list":{"0":"post-36255","1":"product","2":"type-product","3":"status-publish","4":"has-post-thumbnail","6":"product_cat-mini-machine-a-laver-essoreuse","7":"product_tag-gros-electromenager","8":"product_tag-lave-linge","9":"product_tag-mini-machine-a-laver-essoreuse","11":"first","12":"instock","13":"sale","14":"shipping-taxable","15":"purchasable","16":"product-type-simple"},"_links":{"self":[{"href":"https:\/\/electromenagerexpress.com\/en\/wp-json\/wp\/v2\/product\/36255","targetHints":{"allow":["GET"]}}],"collection":[{"href":"https:\/\/electromenagerexpress.com\/en\/wp-json\/wp\/v2\/product"}],"about":[{"href":"https:\/\/electromenagerexpress.com\/en\/wp-json\/wp\/v2\/types\/product"}],"wp:featuredmedia":[{"embeddable":true,"href":"https:\/\/electromenagerexpress.com\/en\/wp-json\/wp\/v2\/media\/13166"}],"wp:attachment":[{"href":"https:\/\/electromenagerexpress.com\/en\/wp-json\/wp\/v2\/media?parent=36255"}],"wp:term":[{"taxonomy":"product_cat","embeddable":true,"href":"https:\/\/electromenagerexpress.com\/en\/wp-json\/wp\/v2\/product_cat?post=36255"},{"taxonomy":"product_tag","embeddable":true,"href":"https:\/\/electromenagerexpress.com\/en\/wp-json\/wp\/v2\/product_tag?post=36255"}],"curies":[{"name":"wp","href":"https:\/\/api.w.org\/{rel}","templated":true}]}}