{"id":36202,"date":"2024-11-21T09:17:05","date_gmt":"2024-11-21T09:17:05","guid":{"rendered":"https:\/\/electromenagerexpress.com\/product\/lave-linge-hublot-whirlpoolffdb10469bvfr\/"},"modified":"2025-01-11T12:49:47","modified_gmt":"2025-01-11T12:49:47","slug":"lave-linge-hublot-whirlpoolffdb10469bvfr","status":"publish","type":"product","link":"https:\/\/electromenagerexpress.com\/en\/product\/lave-linge-hublot-whirlpoolffdb10469bvfr\/","title":{"rendered":"Lave linge hublot \tWHIRLPOOL\tFFDB10469BVFR"},"content":{"rendered":"<div class=\"product-features__content\">\n<ul role=\"list\">\n<li class=\"product-features__item\" role=\"listitem\">\n<h3 class=\"product-features__label\">Installation<\/h3>\n<ul role=\"list\">\n<li class=\"product-features__item-list__item\" role=\"listitem\"><span class=\"is--medium\">Type de produit :<\/span> Lave linge hublot<\/li>\n<li class=\"product-features__item-list__item\" role=\"listitem\"><span class=\"is--medium\">Avantage :<\/span> il peut \u00eatre install\u00e9 rapidement et simplement n&rsquo;importe o\u00f9. Pour une profondeur mini de 60 cm, vous pourrez y superposer un s\u00e9che-linge<\/li>\n<li class=\"product-features__item-list__item\" role=\"listitem\"><span class=\"is--medium\">Dessus amovible :<\/span> non<\/li>\n<li class=\"product-features__item-list__item\" role=\"listitem\"><span class=\"is--medium\">Conseils :<\/span> pr\u00e9voir 2 \u00e0 3 cms suppl\u00e9mentaires derri\u00e8re la machine pour le passage des tuyaux et c\u00e2bles<\/li>\n<li class=\"product-features__item-list__item\" role=\"listitem\"><span class=\"is--medium\">Sens d&rsquo;ouverture du hublot :<\/span> fixation \u00e0 gauche<\/li>\n<li class=\"product-features__item-list__item\" role=\"listitem\"><span class=\"is--medium\">Roulettes :<\/span> non<u><\/u><\/li>\n<\/ul>\n<\/li>\n<li class=\"product-features__item\" role=\"listitem\">\n<h3 class=\"product-features__label\">Capacit\u00e9s<\/h3>\n<ul role=\"list\">\n<li class=\"product-features__item-list__item\" role=\"listitem\"><span class=\"is--medium\">Capacit\u00e9 de lavage :<\/span> 10,0 kg<\/li>\n<li class=\"product-features__item-list__item\" role=\"listitem\"><span class=\"is--medium\">Id\u00e9al pour :<\/span> 4 personnes<\/li>\n<li class=\"product-features__item-list__item\" role=\"listitem\"><span class=\"is--medium\">Volume du tambour :<\/span> 71 L<\/li>\n<li class=\"product-features__item-list__item\" role=\"listitem\"><span class=\"is--medium\">Vitesse d&rsquo;essorage :<\/span> 1.400 tr\/mn<\/li>\n<\/ul>\n<\/li>\n<li class=\"product-features__item\" role=\"listitem\">\n<h3 class=\"product-features__label\">Confort d&rsquo;utilisation<\/h3>\n<ul role=\"list\">\n<li class=\"product-features__item-list__item\" role=\"listitem\"><span class=\"is--medium\">Niveau sonore en d\u00e9cibels max. en essorage :<\/span> standard (76 db)<\/li>\n<li class=\"product-features__item-list__item\" role=\"listitem\"><span class=\"is--medium\">Raccordement eau chaude ou eau froide :<\/span> Raccordement eau froide traditionnel (une seule arriv\u00e9e d&rsquo;eau)<\/li>\n<li class=\"product-features__item-list__item\" role=\"listitem\"><span class=\"is--medium\">Option d\u00e9part diff\u00e9r\u00e9 ou fin diff\u00e9r\u00e9e :<\/span> D\u00e9part diff\u00e9r\u00e9 24 heures<\/li>\n<li class=\"product-features__item-list__item\" role=\"listitem\"><span class=\"is--medium\">Avantage du d\u00e9part diff\u00e9r\u00e9 :<\/span> permet de laver votre linge aux heures creuses ou quand vous n&rsquo;\u00eates pas pr\u00e9sent<\/li>\n<li class=\"product-features__item-list__item\" role=\"listitem\"><span class=\"is--medium\">Ecran d&rsquo;affichage :<\/span> LCD<\/li>\n<li class=\"product-features__item-list__item\" role=\"listitem\"><span class=\"is--medium\">Distributeur automatique de lessive :<\/span> non, pas de dosage automatique.<\/li>\n<li class=\"product-features__item-list__item\" role=\"listitem\"><span class=\"is--medium\">Classe essorage :<\/span> B<\/li>\n<\/ul>\n<\/li>\n<li class=\"product-features__item\" role=\"listitem\">\n<h3 class=\"product-features__label\">Programmes et options<\/h3>\n<ul role=\"list\">\n<li class=\"product-features__item-list__item\" role=\"listitem\"><span class=\"is--medium\">Programmes :<\/span> charge mixte, coton, d\u00e9licat, \u00e9co, laine, sport, synth\u00e9tique<\/li>\n<li class=\"product-features__item-list__item\" role=\"listitem\"><span class=\"is--medium\">Dur\u00e9e du programme \u00e9co :<\/span> 3,92 h<\/li>\n<li class=\"product-features__item-list__item\" role=\"listitem\"><span class=\"is--medium\">Programme de lavage rapide :<\/span> moins de 30 minutes<\/li>\n<li class=\"product-features__item-list__item\" role=\"listitem\"><span class=\"is--medium\">Programme(s) vapeur :<\/span> oui<\/li>\n<li class=\"product-features__item-list__item\" role=\"listitem\"><span class=\"is--medium\">Lavage vapeur en profondeur :<\/span> non<\/li>\n<li class=\"product-features__item-list__item\" role=\"listitem\"><span class=\"is--medium\">Rafra\u00eechissement vapeur :<\/span> oui, programme d\u00e9di\u00e9 qui d\u00e9sodorise et donne une sensation de fra\u00eecheur \u00e0 votre linge<\/li>\n<li class=\"product-features__item-list__item\" role=\"listitem\"><span class=\"is--medium\">D\u00e9froissage vapeur :<\/span> oui, il agit en fin du cycle de lavage en adoucissant et d\u00e9froissant votre linge<\/li>\n<li class=\"product-features__item-list__item\" role=\"listitem\"><span class=\"is--medium\">Demi charge :<\/span> oui, permet de laver une charge de linge 2x moins importante que la capacit\u00e9 maxi du lave-linge, permettant un cycle plus court et une consommation adapt\u00e9e<\/li>\n<li class=\"product-features__item-list__item\" role=\"listitem\"><span class=\"is--medium\">Rin\u00e7age plus :<\/span> oui, indiqu\u00e9 pour les peaux sensibles et allergiques, ou pour la peau fragile des b\u00e9b\u00e9s.<\/li>\n<li class=\"product-features__item-list__item\" role=\"listitem\"><span class=\"is--medium\">Arr\u00eat cuve pleine :<\/span> oui, prot\u00e8ge le linge d\u00e9licat en le gardant dans la derni\u00e8re eau de rin\u00e7age et limite le froissage<\/li>\n<li class=\"product-features__item-list__item\" role=\"listitem\"><span class=\"is--medium\">Programme auto-nettoyant :<\/span> non<\/li>\n<\/ul>\n<\/li>\n<li class=\"product-features__item\" role=\"listitem\">\n<h3 class=\"product-features__label\">Technologies du lave linge<\/h3>\n<ul role=\"list\">\n<li class=\"product-features__item-list__item\" role=\"listitem\"><span class=\"is--medium\">6\u00e8me sens :<\/span> adapte la dur\u00e9e du cycle et la quantit\u00e9 d&rsquo;eau \u00e0 la charge de linge et \u00e0 son type de fibre, ce qui permet de r\u00e9aliser jusqu&rsquo;\u00e0 50% d&rsquo;\u00e9conomies d&rsquo;eau, d&rsquo;\u00e9lectricit\u00e9 et de temps.<\/li>\n<li class=\"product-features__item-list__item\" role=\"listitem\"><span class=\"is--medium\">FreshCare+ :<\/span> pr\u00e9serve votre linge et le garde frais et sans odeur jusqu&rsquo;\u00e0 6 heures apr\u00e8s la fin du cycle.<\/li>\n<li class=\"product-features__item-list__item\" role=\"listitem\"><span class=\"is--medium\">Steam hygi\u00e8ne :<\/span> option qui diffuse de la vapeur dans le tambour \u00e0 la fin du cycle de lavage en maintenant la temperature \u00e0 70-80\u00b0C pendant 20 minutes. Ce traitement \u00e9limine jusqu&rsquo;\u00e0 99,9% des virus et des bact\u00e9ries.<\/li>\n<li class=\"product-features__item-list__item\" role=\"listitem\"><span class=\"is--medium\">Steam refresh :<\/span> programme qui diffuse de la vapeur et r\u00e9g\u00e9n\u00e8re ainsi la fra\u00eecheur de vos v\u00eatements en \u00e9vitant les lavages inutiles. Les odeurs d\u00e9sagr\u00e9ables disparaissent et les plis sont liss\u00e9s. Vos v\u00eatements sont pr\u00eats \u00e0 porter en 20 minutes.<\/li>\n<\/ul>\n<\/li>\n<li class=\"product-features__item\" role=\"listitem\">\n<h3 class=\"product-features__label\">Connectivit\u00e9<\/h3>\n<ul role=\"list\">\n<li class=\"product-features__item-list__item\" role=\"listitem\"><span class=\"is--medium\">Produit connectable :<\/span> non<\/li>\n<\/ul>\n<\/li>\n<li class=\"product-features__item\" role=\"listitem\">\n<h3 class=\"product-features__label\">Consommation et \u00e9conomie d&rsquo;\u00e9nergie<\/h3>\n<ul role=\"list\">\n<li class=\"product-features__item-list__item\" role=\"listitem\"><span class=\"is--medium\">Label \u00e9nergie :<\/span> A<\/li>\n<li class=\"product-features__item-list__item\" role=\"listitem\"><span class=\"is--medium\">Basse consommation :<\/span> jusqu&rsquo;\u00e0 60% d&rsquo;\u00e9conomie d&rsquo;\u00e9nergie par rapport \u00e0 la classe F <u><\/u><\/li>\n<li class=\"product-features__item-list__item\" role=\"listitem\"><span class=\"is--medium\">Nous avons calcul\u00e9 pour vous :<\/span> les consommations des appareils m\u00e9nagers (lave linge, lave-linge s\u00e9chant, lave-vaisselle, s\u00e8che linge) sont calcul\u00e9es avec le programme \u00e9co 40 60\u00b0<\/li>\n<li class=\"product-features__item-list__item\" role=\"listitem\"><span class=\"is--medium\">Consommation d&rsquo;\u00e9lectricit\u00e9 pour 100 cycles (programme \u00e9co) :<\/span> 51,0 kW<\/li>\n<li class=\"product-features__item-list__item\" role=\"listitem\"><span class=\"is--medium\">Co\u00fbt annuel d&rsquo;\u00e9lectricit\u00e9 (bas\u00e9 sur 100 cycles) :<\/span> 13 euros par an<\/li>\n<li class=\"product-features__item-list__item\" role=\"listitem\"><span class=\"is--medium\">Consommation en eau (programme \u00e9co) :<\/span> 52,0 litres \/ cycle<\/li>\n<li class=\"product-features__item-list__item\" role=\"listitem\"><span class=\"is--medium\">Co\u00fbt annuel d&rsquo;eau (bas\u00e9 sur 100 cycles) :<\/span> 23 euros par an<\/li>\n<li class=\"product-features__item-list__item\" role=\"listitem\"><span class=\"is--medium\">Co\u00fbt annuel d&rsquo;utilisation (bas\u00e9 sur 100 cycles) :<\/span> 36 euros par an<u><\/u><\/li>\n<\/ul>\n<\/li>\n<li class=\"product-features__item\" role=\"listitem\">\n<h3 class=\"product-features__label\">Conception<\/h3>\n<ul role=\"list\">\n<li class=\"product-features__item-list__item\" role=\"listitem\"><span class=\"is--medium\">Type de moteur :<\/span> induction (avec courroie) faible consommation, silencieux<\/li>\n<li class=\"product-features__item-list__item\" role=\"listitem\"><span class=\"is--medium\">Mati\u00e8re du tambour :<\/span> polypropyl\u00e8ne<\/li>\n<li class=\"product-features__item-list__item\" role=\"listitem\"><span class=\"is--medium\">Mati\u00e8re de la cuve :<\/span> polypropyl\u00e8ne<\/li>\n<\/ul>\n<\/li>\n<li class=\"product-features__item\" role=\"listitem\">\n<h3 class=\"product-features__label\">S\u00e9curit\u00e9<\/h3>\n<ul role=\"list\">\n<li class=\"product-features__item-list__item\" role=\"listitem\"><span class=\"is--medium\">S\u00e9curit\u00e9 enfant :<\/span> non<\/li>\n<li class=\"product-features__item-list__item\" role=\"listitem\"><span class=\"is--medium\">Anti-balourd :<\/span> en cas de vitesse irr\u00e9guli\u00e8re et d\u00e9placement important du tambour pouvant \u00eatre provoqu\u00e9 par une mauvaise r\u00e9partition de linge, l&rsquo;essorage est stopp\u00e9, le linge est rebrass\u00e9 avant une nouvelle tentative d&rsquo;essorage.<\/li>\n<li class=\"product-features__item-list__item\" role=\"listitem\"><span class=\"is--medium\">Anti-mousse :<\/span> d\u00e9tecte un exc\u00e8s de mousse dans le tambour (provoqu\u00e9 g\u00e9n\u00e9ralement par un surdosage de lessive) et effectue un ou plusieurs rin\u00e7ages suppl\u00e9mentaires.<\/li>\n<li class=\"product-features__item-list__item\" role=\"listitem\"><\/li>\n<\/ul>\n<\/li>\n<li class=\"product-features__item\" role=\"listitem\">\n<h3 class=\"product-features__label\">Informations compl\u00e9mentaires<\/h3>\n<ul role=\"list\">\n<li class=\"product-features__item-list__item\" role=\"listitem\"><span class=\"is--medium\">Indice de r\u00e9parabilit\u00e9 :<\/span> 7,3 \/10<\/li>\n<li class=\"product-features__item-list__item\" role=\"listitem\"><span class=\"is--medium\">Fabriqu\u00e9 en :<\/span> Italie<\/li>\n<li class=\"product-features__item-list__item\" role=\"listitem\"><span class=\"is--medium\">Disponibilit\u00e9 des pi\u00e8ces d\u00e9tach\u00e9es\u00a0 :<\/span> Pendant 15 ans, \u00e0 compter de la date d&rsquo;achat<\/li>\n<\/ul>\n<\/li>\n<li class=\"product-features__item\" role=\"listitem\">\n<h3 class=\"product-features__label\">Dimensions<\/h3>\n<ul role=\"list\">\n<li class=\"product-features__item-list__item\" role=\"listitem\"><span class=\"is--medium\">L x H x P :<\/span> 59.5 x 85 x 60.5 cm<\/li>\n<li class=\"product-features__item-list__item\" role=\"listitem\"><span class=\"is--medium\">Profondeur produit hors hublot :<\/span> 60,5 cm<\/li>\n<li class=\"product-features__item-list__item\" role=\"listitem\"><span class=\"is--medium\">Profondeur avec hublot ferm\u00e9, d\u00e9bord arri\u00e8re compris :<\/span> 60,5 cm<\/li>\n<li class=\"product-features__item-list__item\" role=\"listitem\"><span class=\"is--medium\">Conseil :<\/span> pr\u00e9voir 2 \u00e0 3 centim\u00e8tres suppl\u00e9mentaires derri\u00e8re la machine pour le passage des tuyaux et c\u00e2bles.<\/li>\n<li class=\"product-features__item-list__item\" role=\"listitem\"><span class=\"is--medium\">Poids net :<\/span> 75,9 kg<\/li>\n<li class=\"product-features__item-list__item\" role=\"listitem\"><span class=\"is--medium\">Poids brut :<\/span> 77,4 kg<\/li>\n<\/ul>\n<\/li>\n<\/ul>\n<\/div>\n<div class=\"product__disclosure-content\">\n<div class=\"js-read-more product-description__content read-more read-more--truncated\" style=\"max-height: 500px; overflow: hidden;\" data-read-more-name=\"description\">\n<p>L&rsquo;alli\u00e9 de votre linge soign\u00e9, frais et impeccable en toute discr\u00e9tion, c&rsquo;est le lave-linge FFDB 10469 BVFR de Whirlpool.<\/p>\n<h3>Pens\u00e9 pour le confort<\/h3>\n<p>Les \u00e9quipes de Whirlpool ont \u00e9quip\u00e9 le lave-linge FFDB 10469 BVFR du syst\u00e8me FreshCare+, qui <b>combine les actions purifiantes de la vapeur et du brassage en fin de cycle<\/b>, pour pr\u00e9server votre linge et le garder <b>frais et sans odeur jusqu&rsquo;\u00e0 six heures apr\u00e8s la fin de votre programme !<\/b> Les odeurs d\u00e9sagr\u00e9ables disparaissent et les plis sont liss\u00e9s gr\u00e2ce \u00e0 la vapeur de la technologie vapeur, et <b>votre linge reste frais et parfum\u00e9 durablement<\/b>.<\/p>\n<p>Le moteur \u00e0 induction du lave-linge FFDB 10469 BVFR est <b>robuste, durable<\/b>, et vous permet de rafra\u00eechir vos v\u00eatements en quelques instants ! Profitez d&rsquo;un soin impeccable gr\u00e2ce \u00e0 SteamRefresh, un programme qui rafra\u00eechit vos textiles et vous \u00e9vite les lavages inutiles. Intelligent, le 6\u00e8me sens du FFDB 10469 BVFR de Whirlpool d\u00e9tecte automatiquement la charge de linge et adapte en cons\u00e9quence la quantit\u00e9 d&rsquo;eau. R\u00e9sultat, il vous fait r\u00e9aliser <b>jusqu&rsquo;\u00e0 50% d&rsquo;\u00e9conomies d&rsquo;eau, d&rsquo;\u00e9lectricit\u00e9 et de temps<\/b>.<\/p>\n<p>Avec sa capacit\u00e9 de 10 kg et ses 16 programmes de lavage, le lave-linge FFDB 10469 BVFR offre un <b>soin sur-mesure \u00e0 tous vos textiles, des plus d\u00e9licats aux plus r\u00e9sistants<\/b>. La conception Whirlpool du moteur \u00e0 induction, quant \u00e0 elle, vous <b>garantit \u00e9conomies et durabilit\u00e9<\/b>, pour un lavage z\u00e9ro<\/p>\n<\/div>\n<p>d\u00e9faut tout en respectant votre environnement et votre consommation.<\/p>\n<p>Les 11 options du FFDB 10469 BVFR s&rsquo;adaptent \u00e0 tous vos besoins et sont accessibles du bout des doigts sur <b>l&rsquo;\u00e9l\u00e9gant panneau de contr\u00f4le de la machine<\/b>. Son <b>bouton rotatif intuitif vous permet de naviguer facilement parmi les programmes<\/b> et options du lave-linge pour offrir \u00e0 votre linge le soin id\u00e9al.<\/p>\n<div class=\"js-read-more product-description__content read-more read-more--truncated\" style=\"max-height: 500px; overflow: hidden;\" data-read-more-name=\"description\">\n<p>&nbsp;<\/p>\n<p>&nbsp;<\/p>\n<\/div>\n<p>&nbsp;<\/p>\n<\/div>","protected":false},"excerpt":{"rendered":"<div class=\"keypoints\">\n<h3 class=\"keypoints__title\">Les points cl\u00e9s<\/h3>\n<ul role=\"list\">\n<li class=\"keypoints__item\" role=\"listitem\">L x H x P : 59.5 x 85 x 60.5 cm<\/li>\n<li class=\"keypoints__item\" role=\"listitem\">Capacit\u00e9 L (10kg) &#8211; Tambour 71L<\/li>\n<li class=\"keypoints__item\" role=\"listitem\">Label \u00e9nergie A &#8211; Niveau sonore de 76dB<\/li>\n<li class=\"keypoints__item\" role=\"listitem\">Essorage \u00e9lev\u00e9 (1400 trs)<\/li>\n<li class=\"keypoints__item keypoints__item--advantage\" role=\"listitem\"><strong>Le + :<\/strong> ses diff\u00e9rentes technologies vapeur assurent \u00e0 votre linge hygi\u00e8ne et fraicheur.<\/li>\n<\/ul>\n<p>&nbsp;<\/p>\n<\/div>","protected":false},"featured_media":12465,"template":"","meta":{"_glsr_average":0,"_glsr_ranking":0,"_glsr_reviews":0},"product_cat":[130],"product_tag":[131,132,133],"class_list":{"0":"post-36202","1":"product","2":"type-product","3":"status-publish","4":"has-post-thumbnail","6":"product_cat-lave-linge-hublot","7":"product_tag-gros-electromenager","8":"product_tag-lave-linge","9":"product_tag-lave-linge-hublot","11":"first","12":"instock","13":"sale","14":"shipping-taxable","15":"purchasable","16":"product-type-simple"},"_links":{"self":[{"href":"https:\/\/electromenagerexpress.com\/en\/wp-json\/wp\/v2\/product\/36202","targetHints":{"allow":["GET"]}}],"collection":[{"href":"https:\/\/electromenagerexpress.com\/en\/wp-json\/wp\/v2\/product"}],"about":[{"href":"https:\/\/electromenagerexpress.com\/en\/wp-json\/wp\/v2\/types\/product"}],"wp:featuredmedia":[{"embeddable":true,"href":"https:\/\/electromenagerexpress.com\/en\/wp-json\/wp\/v2\/media\/12465"}],"wp:attachment":[{"href":"https:\/\/electromenagerexpress.com\/en\/wp-json\/wp\/v2\/media?parent=36202"}],"wp:term":[{"taxonomy":"product_cat","embeddable":true,"href":"https:\/\/electromenagerexpress.com\/en\/wp-json\/wp\/v2\/product_cat?post=36202"},{"taxonomy":"product_tag","embeddable":true,"href":"https:\/\/electromenagerexpress.com\/en\/wp-json\/wp\/v2\/product_tag?post=36202"}],"curies":[{"name":"wp","href":"https:\/\/api.w.org\/{rel}","templated":true}]}}