{"id":36169,"date":"2024-11-21T09:15:24","date_gmt":"2024-11-21T09:15:24","guid":{"rendered":"https:\/\/electromenagerexpress.com\/product\/lave-linge-sechant-hublot-aeglwr98c166x\/"},"modified":"2026-03-12T11:58:42","modified_gmt":"2026-03-12T11:58:42","slug":"lave-linge-sechant-hublot-aeglwr98c166x","status":"publish","type":"product","link":"https:\/\/electromenagerexpress.com\/en\/product\/lave-linge-sechant-hublot-aeglwr98c166x\/","title":{"rendered":"Lave linge s\u00e9chant hublot \t\t\t\t\t\t\tAEG\t\t\t\tLWR98C166X"},"content":{"rendered":"<div class=\"product-features__content\">\n<ul role=\"list\">\n<li class=\"product-features__item\" role=\"listitem\">\n<h3 class=\"product-features__label\">Nos services de livraison<\/h3>\n<ul role=\"list\">\n<li class=\"product-features__item-list__item\" role=\"listitem\"><span class=\"is--medium\">Livraison et reprise de votre ancien appareil offerts \u00e0 partir de 379\u20ac :<\/span> <u><a href=\"https:\/\/www.boulanger.com\/evenement\/livraison-domicile\">en sa<\/a><\/u><\/li>\n<\/ul>\n<\/li>\n<li class=\"product-features__item\" role=\"listitem\">\n<h3 class=\"product-features__label\">Bien choisir votre mod\u00e8le<\/h3>\n<ul role=\"list\">\n<li class=\"product-features__item-list__item\" role=\"listitem\"><span class=\"is--medium\">Besoin d&rsquo;aide pour choisir ? :<\/span> <u><a href=\"https:\/\/www.boulanger.com\/guide\/choisir-lave-linge\" target=\"_blank\">en sa gr\u00e2ce \u00e0 notre guide d&rsquo;achat<\/a><\/u><\/li>\n<\/ul>\n<\/li>\n<li class=\"product-features__item\" role=\"listitem\">\n<h3 class=\"product-features__label\">Installation<\/h3>\n<ul role=\"list\">\n<li class=\"product-features__item-list__item\" role=\"listitem\"><span class=\"is--medium\">Dessus amovible :<\/span> non\t\t\t\t\t<\/li>\n<li class=\"product-features__item-list__item\" role=\"listitem\"><span class=\"is--medium\">Sens d&rsquo;ouverture du hublot :<\/span> fixation \u00e0 gauche\t\t\t\t\t<\/li>\n<li class=\"product-features__item-list__item\" role=\"listitem\"><span class=\"is--medium\">Coloris :<\/span> blanc\t\t\t\t\t<\/li>\n<li class=\"product-features__item-list__item\" role=\"listitem\"><span class=\"is--medium\">Guides et tutoriels d&rsquo;entretiens :<\/span> d\u00e9couvrez nos conseils, \u00e9co-gestes et tutoriels pour entretenir, nettoyer et pour prendre soin de votre lave-linge s\u00e9chant. <u><a href=\"https:\/\/www.boulanger.com\/evenement\/guide-entretien-lave-linge\" target=\"_blank\">En sa<\/a><\/u><\/li>\n<\/ul>\n<\/li>\n<li class=\"product-features__item\" role=\"listitem\">\n<h3 class=\"product-features__label\">Capacit\u00e9s<\/h3>\n<ul role=\"list\">\n<li class=\"product-features__item-list__item\" role=\"listitem\"><span class=\"is--medium\">Capacit\u00e9 de lavage :<\/span> 10,0 kg\t\t\t\t\t<\/li>\n<li class=\"product-features__item-list__item\" role=\"listitem\"><span class=\"is--medium\">Id\u00e9al pour :<\/span> 3 personnes\t\t\t\t\t<\/li>\n<li class=\"product-features__item-list__item\" role=\"listitem\"><span class=\"is--medium\">Capacit\u00e9 de s\u00e9chage :<\/span> 6,0 kg\t\t\t\t\t<\/li>\n<li class=\"product-features__item-list__item\" role=\"listitem\"><span class=\"is--medium\">Encha\u00eenement automatique lavage-s\u00e9chage :<\/span> maximum 6 Kg\t\t\t\t\t<\/li>\n<li class=\"product-features__item-list__item\" role=\"listitem\"><span class=\"is--medium\">Volume du tambour :<\/span> 69 L\t\t\t\t\t<\/li>\n<li class=\"product-features__item-list__item\" role=\"listitem\"><span class=\"is--medium\">Avantage de la taille de ce tambour :<\/span> id\u00e9al pour des grandes couettes\t\t\t\t\t<\/li>\n<li class=\"product-features__item-list__item\" role=\"listitem\"><span class=\"is--medium\">Vitesse d&rsquo;essorage (en tours\/min) :<\/span> 1.600 tr\/mn\t\t\t\t\t<\/li>\n<li class=\"product-features__item-list__item\" role=\"listitem\"><span class=\"is--medium\">Classe d&rsquo;efficacit\u00e9 \u00e0 l&rsquo;essorage :<\/span> B\t\t\t\t\t<\/li>\n<\/ul>\n<\/li>\n<li class=\"product-features__item\" role=\"listitem\">\n<h3 class=\"product-features__label\">Confort d&rsquo;utilisation<\/h3>\n<ul role=\"list\">\n<li class=\"product-features__item-list__item\" role=\"listitem\"><span class=\"is--medium\">Niveau sonore maximum en essorage :<\/span> standard (76 dB)\t\t\t\t\t<\/li>\n<li class=\"product-features__item-list__item\" role=\"listitem\"><span class=\"is--medium\">Ecran d&rsquo;affichage :<\/span> LED\t\t\t\t\t<\/li>\n<li class=\"product-features__item-list__item\" role=\"listitem\"><span class=\"is--medium\">Option d\u00e9part diff\u00e9r\u00e9 ou fin diff\u00e9r\u00e9e :<\/span> D\u00e9part diff\u00e9r\u00e9\t\t\t\t\t<\/li>\n<li class=\"product-features__item-list__item\" role=\"listitem\"><span class=\"is--medium\">Avantage du d\u00e9part diff\u00e9r\u00e9 :<\/span> permet de laver votre linge aux heures creuses ou quand vous n&rsquo;\u00eates pas pr\u00e9sent.\t\t\t\t\t<\/li>\n<li class=\"product-features__item-list__item\" role=\"listitem\"><span class=\"is--medium\">Distributeur automatique de lessive :<\/span> non, pas de dosage automatique.\t\t\t\t\t<\/li>\n<li class=\"product-features__item-list__item\" role=\"listitem\"><span class=\"is--medium\">Affichage du temps restant :<\/span> digital\t\t\t\t\t<\/li>\n<\/ul>\n<\/li>\n<li class=\"product-features__item\" role=\"listitem\">\n<h3 class=\"product-features__label\">Programmes et options de lavage<\/h3>\n<ul role=\"list\">\n<li class=\"product-features__item-list__item\" role=\"listitem\"><span class=\"is--medium\">Programmes de lavage :<\/span> laine, coton, d\u00e9licat, \u00e9co, synth\u00e9tiques\t\t\t\t\t<\/li>\n<li class=\"product-features__item-list__item\" role=\"listitem\"><span class=\"is--medium\">Programme rapide :<\/span> non\t\t\t\t\t<\/li>\n<li class=\"product-features__item-list__item\" role=\"listitem\"><span class=\"is--medium\">Programme(s) vapeur :<\/span> oui\t\t\t\t\t<\/li>\n<li class=\"product-features__item-list__item\" role=\"listitem\"><span class=\"is--medium\">Rafra\u00eechissement vapeur :<\/span> oui, programme d\u00e9di\u00e9 qui d\u00e9sodorise et donne une sensation de fra\u00eecheur \u00e0 votre linge\t\t\t\t\t<\/li>\n<li class=\"product-features__item-list__item\" role=\"listitem\"><span class=\"is--medium\">Dur\u00e9e du programme \u00e9co :<\/span> 3,92 h\t\t\t\t\t<\/li>\n<li class=\"product-features__item-list__item\" role=\"listitem\"><span class=\"is--medium\">Programme auto-nettoyant :<\/span> non\t\t\t\t\t<\/li>\n<\/ul>\n<\/li>\n<li class=\"product-features__item\" role=\"listitem\">\n<h3 class=\"product-features__label\">Programmes et options de s\u00e9chage<\/h3>\n<ul role=\"list\">\n<li class=\"product-features__item-list__item\" role=\"listitem\"><span class=\"is--medium\">Type de s\u00e9chage :<\/span> condensation par pompe \u00e0 chaleur\t\t\t\t\t<\/li>\n<li class=\"product-features__item-list__item\" role=\"listitem\"><span class=\"is--medium\">Avantage type de s\u00e9chage :<\/span> syst\u00e8me de cr\u00e9ation de chaleur innovant, il permet de r\u00e9aliser des \u00e9conomies d&rsquo;\u00e9nergies importantes et pr\u00e9serve vos linges, m\u00eame les plus d\u00e9licats\t\t\t\t\t<\/li>\n<li class=\"product-features__item-list__item\" role=\"listitem\"><span class=\"is--medium\">Programmes de s\u00e9chage :<\/span> d\u00e9licat\t\t\t\t\t<\/li>\n<\/ul>\n<\/li>\n<li class=\"product-features__item\" role=\"listitem\">\n<h3 class=\"product-features__label\">S\u00e9curit\u00e9<\/h3>\n<ul role=\"list\">\n<li class=\"product-features__item-list__item\" role=\"listitem\"><span class=\"is--medium\">S\u00e9curit\u00e9 enfant :<\/span> oui, le bandeau de commande se verrouille (automatiquement ou par une combinaison de touches). Une action involontaire sur le bandeau ne modifiera pas le d\u00e9roulement du cycle.\t\t\t\t\t<\/li>\n<\/ul>\n<\/li>\n<li class=\"product-features__item\" role=\"listitem\">\n<h3 class=\"product-features__label\">Connectivit\u00e9<\/h3>\n<ul role=\"list\">\n<li class=\"product-features__item-list__item\" role=\"listitem\"><span class=\"is--medium\">Produit connectable :<\/span> oui, en wifi pour une connexion m\u00eame en dehors de votre domicile afin de g\u00e9rer \u00e0 distance le bon d\u00e9roulement de votre cycle de lavage\t\t\t\t\t<\/li>\n<li class=\"product-features__item-list__item\" role=\"listitem\"><span class=\"is--medium\">Programmes additionnels t\u00e9l\u00e9chargeables via l&rsquo;application :<\/span> non\t\t\t\t\t<\/li>\n<li class=\"product-features__item-list__item\" role=\"listitem\"><span class=\"is--medium\">Acc\u00e9dez \u00e0 des astuces, manuels d&rsquo;utilisation et un support maintenance :<\/span> non concern\u00e9\t\t\t\t\t<\/li>\n<li class=\"product-features__item-list__item\" role=\"listitem\"><span class=\"is--medium\">Programmes t\u00e9l\u00e9chargeables : :<\/span> non\t\t\t\t\t<\/li>\n<\/ul>\n<\/li>\n<li class=\"product-features__item\" role=\"listitem\">\n<h3 class=\"product-features__label\">Conception de l&rsquo;appareil<\/h3>\n<ul role=\"list\">\n<li class=\"product-features__item-list__item\" role=\"listitem\"><span class=\"is--medium\">Type de moteur :<\/span> induction (avec courroie) faible consommation, silencieux\t\t\t\t\t<\/li>\n<li class=\"product-features__item-list__item\" role=\"listitem\"><span class=\"is--medium\">Mati\u00e8re du tambour :<\/span> polypropyl\u00e8ne\t\t\t\t\t<\/li>\n<li class=\"product-features__item-list__item\" role=\"listitem\"><span class=\"is--medium\">Mati\u00e8re de la cuve :<\/span> polypropyl\u00e8ne\t\t\t\t\t<\/li>\n<\/ul>\n<\/li>\n<li class=\"product-features__item\" role=\"listitem\">\n<h3 class=\"product-features__label\">Consommation &amp; \u00e9conomie d&rsquo;\u00e9nergie<\/h3>\n<ul role=\"list\">\n<li class=\"product-features__item-list__item\" role=\"listitem\"><span class=\"is--medium\">Raccordement eau chaude ou eau froide :<\/span> Raccordement eau froide traditionnel (une seule arriv\u00e9e d&rsquo;eau)\t\t\t\t\t<\/li>\n<li class=\"product-features__item-list__item\" role=\"listitem\"><span class=\"is--medium\">Label \u00e9nergie de lavage seul :<\/span> A\t\t\t\t\t<\/li>\n<li class=\"product-features__item-list__item\" role=\"listitem\"><span class=\"is--medium\">Label \u00e9nergie lavage et sechage :<\/span> C\t\t\t\t\t<\/li>\n<li class=\"product-features__item-list__item\" role=\"listitem\"><span class=\"is--medium\">Consommation en eau (programme \u00e9co, lavage et s\u00e9chage) :<\/span> 50,0 litres \/ cycle\t\t\t\t\t<\/li>\n<li class=\"product-features__item-list__item\" role=\"listitem\"><span class=\"is--medium\">Consommation d&rsquo;\u00e9lectricit\u00e9 pour 100 cycles (programme \u00e9co, lavage et s\u00e9chage) :<\/span> 252,0 kW\t\t\t\t\t<\/li>\n<li class=\"product-features__item-list__item\" role=\"listitem\"><span class=\"is--medium\">Dur\u00e9e du cycle de lavage et s\u00e9chage (programme \u00e9co) :<\/span> 9,67 h\t\t\t\t\t<\/li>\n<li class=\"product-features__item-list__item\" role=\"listitem\"><span class=\"is--medium\">Co\u00fbt annuel d&rsquo;\u00e9lectricit\u00e9 (bas\u00e9 sur 100 cycles) :<\/span> 63 euros par an\t\t\t\t\t<\/li>\n<li class=\"product-features__item-list__item\" role=\"listitem\"><span class=\"is--medium\">Co\u00fbt annuel d&rsquo;eau (bas\u00e9 sur 100 cycles) :<\/span> 22 euros par an\t\t\t\t\t<\/li>\n<li class=\"product-features__item-list__item\" role=\"listitem\"><span class=\"is--medium\">Co\u00fbt annuel d&rsquo;utilisation (bas\u00e9 sur 100 cycles) :<\/span> 85 euros par an\t\t\t\t\t<\/li>\n<\/ul>\n<\/li>\n<li class=\"product-features__item\" role=\"listitem\">\n<h3 class=\"product-features__label\">Dimensions<\/h3>\n<ul role=\"list\">\n<li class=\"product-features__item-list__item\" role=\"listitem\"><span class=\"is--medium\">L x H x P :<\/span> 59.7 x 87 x 63.6 cm\t\t\t\t\t<\/li>\n<li class=\"product-features__item-list__item\" role=\"listitem\"><span class=\"is--medium\">Profondeur produit hors hublot :<\/span> 63,6 cm\t\t\t\t\t<\/li>\n<li class=\"product-features__item-list__item\" role=\"listitem\"><span class=\"is--medium\">Profondeur avec hublot ferm\u00e9, d\u00e9bord arri\u00e8re compris :<\/span> 63,6 cm\t\t\t\t\t<\/li>\n<li class=\"product-features__item-list__item\" role=\"listitem\"><span class=\"is--medium\">Notre conseil :<\/span> pr\u00e9voir 2 \u00e0 3 centim\u00e8tres suppl\u00e9mentaires derri\u00e8re la machine pour le passage des tuyaux et c\u00e2bles.\t\t\t\t\t<\/li>\n<\/ul>\n<\/li>\n<li class=\"product-features__item\" role=\"listitem\">\n<h3 class=\"product-features__label\">Informations compl\u00e9mentaires<\/h3>\n<ul role=\"list\">\n<li class=\"product-features__item-list__item\" role=\"listitem\"><span class=\"is--medium\">Fabriqu\u00e9 en :<\/span> Italie\t\t\t\t\t<\/li>\n<li class=\"product-features__item-list__item\" role=\"listitem\"><span class=\"is--medium\">Garantie :<\/span> 2 ans\t\t\t\t\t<\/li>\n<li class=\"product-features__item-list__item\" role=\"listitem\"><span class=\"is--medium\">Disponibilit\u00e9 des pi\u00e8ces d\u00e9tach\u00e9es (donn\u00e9es fournisseur) :<\/span> Pendant 12 ans, \u00e0 compter de la date d&rsquo;achat\t\t\t\t\t<\/li>\n<li class=\"product-features__item-list__item\" role=\"listitem\"><span class=\"is--medium\">Installation, livraison et reprise de votre ancien appareil :<\/span> <u><a href=\"https:\/\/www.boulanger.com\/evenement\/portail-service\" target=\"_blank\">en sa<\/a><\/u><\/li>\n<li class=\"product-features__item-list__item\" role=\"listitem\"><span class=\"is--medium\">Les experts B&rsquo;dom vous accompagnent :<\/span> <u><a href=\"https:\/\/www.boulanger.com\/evenement\/formation-electromenager-connecte\" target=\"_blank\">en sa sur l&rsquo;installation de votre lave-linge s\u00e9chant<\/a><\/u><\/li>\n<\/ul>\n<\/li>\n<li class=\"product-features__item\" role=\"listitem\">\n<h3 class=\"product-features__label\">Boulanger INFINITY<\/h3>\n<ul role=\"list\">\n<li class=\"product-features__item-list__item\" role=\"listitem\"><span class=\"is--medium\">R\u00e9parez en illimit\u00e9* vos appareils achet\u00e9s chez Boulanger ou ailleurs (*conditions d\u00e9taill\u00e9es dans la notice d&rsquo;information de la garantie Boulanger INFINITY) :<\/span> <u><a href=\"http:\/\/www.boulanger.com\/evenement\/boulanger-infinity\" target=\"_blank\">en sa<\/a><\/u><\/li>\n<\/ul>\n<\/li>\n<\/ul>\n<\/div>\n<div class=\"product__disclosure-content\">\n<div class=\"js-read-more product-description__content read-more read-more--truncated\" data-read-more-name=\"description\" style=\"max-height: 500px; overflow: hidden;\">\n<div class=\"product__description-content read-more\" style=\"\">\n<p>Lave-linge s\u00e9chant AEG LWR98C166X : performance et soin du linge<\/p>\n<h3> <img fetchpriority=\"high\" decoding=\"async\" ,=\"\" alt=\"Lave linge s\u00e9chant hublot AEG LWR98C166X\" class=\"wy_tableau_gauche\" height=\"270\" src=\"https:\/\/boulanger.scene7.com\/is\/image\/Boulanger\/7333394012889_h_f_l_0?wid=400&amp;hei=270\" width=\"400\"\/>Technologie avanc\u00e9e pour un soin optimal                    <\/h3>\n<p>                        Le lave-linge s\u00e9chant AEG LWR98C166X red\u00e9finit les standards du soin du linge avec sa technologie SensiDry\u00ae, qui permet de s\u00e9cher les v\u00eatements \u00e0 une temp\u00e9rature deux fois moins \u00e9lev\u00e9e que les s\u00e8che-linges traditionnels. Gr\u00e2ce \u00e0 sa pompe \u00e0 chaleur innovante, il consomme jusqu&rsquo;\u00e0 55% d&rsquo;\u00e9nergie en moins, tout en offrant une protection maximale \u00e0 vos textiles. Avec sa certification Woolmark Blue en lavage et s\u00e9chage, ce mod\u00e8le garantit un traitement d\u00e9licat m\u00eame pour les tissus les plus fragiles. Le tambour Protex de 69 L et la fonction vapeur Steam Refresh, qui rafra\u00eechit les v\u00eatements en seulement 25 minutes, compl\u00e8tent l&rsquo;exp\u00e9rience de soin ultime pour vos v\u00eatements.                    <\/p>\n<\/p>\n<h3> <img decoding=\"async\" ,=\"\" alt=\"Lave linge s\u00e9chant hublot AEG LWR98C166X\" class=\"wy_tableau_right\" height=\"270\" src=\"https:\/\/boulanger.scene7.com\/is\/image\/Boulanger\/7333394012889_h_f_l_1?wid=400&amp;hei=270\" width=\"400\"\/>Intelligence et efficacit\u00e9 \u00e9nerg\u00e9tique                    <\/h3>\n<p>                        Dot\u00e9 de la connectivit\u00e9 Wi-Fi, le lave-linge s\u00e9chant AEG LWR98C166X offre une gestion \u00e0 distance via l&rsquo;application My AEG Care, permettant de personnaliser les programmes de lavage et de s\u00e9chage. La technologie PreciseLoad+ ajuste automatiquement la consommation d&rsquo;eau et d&rsquo;\u00e9nergie en fonction de la charge, assurant une efficacit\u00e9 optimale. Avec une capacit\u00e9 de lavage de 10 kg et de s\u00e9chage de 6 kg, ainsi qu&rsquo;une classe \u00e9nerg\u00e9tique A en lavage, ce mod\u00e8le est con\u00e7u pour r\u00e9pondre aux besoins des foyers modernes. Le programme Non-Stop 3 h\/3 kg est id\u00e9al pour obtenir des v\u00eatements pr\u00eats \u00e0 porter en un temps record, et le moteur Oko Inverter assure une performance durable et silencieuse.                    <\/p>\n<\/p><\/div>\n<\/p>\n<\/div>\n<p><bl-button a11yexpanded=\"false\" arialabel=\"Afficher toute la description\" class=\"read-more__btn\" full=\"false\" link=\"true\"><\/bl-button><\/div>","protected":false},"excerpt":{"rendered":"<div class=\"keypoints\">\n<h3 class=\"keypoints__title\">Les points cl\u00e9s<\/h3>\n<ul role=\"list\">\n<li class=\"keypoints__item\" role=\"listitem\">                                        L x H x P : 59.7 x 87 x 63.6 cm                      <\/li>\n<li class=\"keypoints__item\" role=\"listitem\">                          Capacit\u00e9 L (10kg) &#8211;                                                      S\u00e9chage (6Kg)                      <\/li>\n<li class=\"keypoints__item\" role=\"listitem\">                          Label \u00e9nergie C &#8211;                                                      Niveau sonore de 76dB                      <\/li>\n<li class=\"keypoints__item\" role=\"listitem\">                          Essorage tr\u00e8s \u00e9lev\u00e9 (1600 trs) &#8211;                                                      Tambour 69L                      <\/li>\n<li class=\"keypoints__item keypoints__item--advantage\" role=\"listitem\"><strong>Le + :<\/strong> son programme Steam Refresh neutralise les odeurs et r\u00e9duit les plis de votre linge      <\/li>\n<\/ul>","protected":false},"featured_media":10798,"template":"","meta":{"_glsr_average":0,"_glsr_ranking":0,"_glsr_reviews":0},"product_cat":[134],"product_tag":[131,132,135],"class_list":{"0":"post-36169","1":"product","2":"type-product","3":"status-publish","4":"has-post-thumbnail","6":"product_cat-lave-linge-sechant","7":"product_tag-gros-electromenager","8":"product_tag-lave-linge","9":"product_tag-lave-linge-sechant","11":"first","12":"instock","13":"sale","14":"shipping-taxable","15":"purchasable","16":"product-type-simple"},"_links":{"self":[{"href":"https:\/\/electromenagerexpress.com\/en\/wp-json\/wp\/v2\/product\/36169","targetHints":{"allow":["GET"]}}],"collection":[{"href":"https:\/\/electromenagerexpress.com\/en\/wp-json\/wp\/v2\/product"}],"about":[{"href":"https:\/\/electromenagerexpress.com\/en\/wp-json\/wp\/v2\/types\/product"}],"wp:featuredmedia":[{"embeddable":true,"href":"https:\/\/electromenagerexpress.com\/en\/wp-json\/wp\/v2\/media\/10798"}],"wp:attachment":[{"href":"https:\/\/electromenagerexpress.com\/en\/wp-json\/wp\/v2\/media?parent=36169"}],"wp:term":[{"taxonomy":"product_cat","embeddable":true,"href":"https:\/\/electromenagerexpress.com\/en\/wp-json\/wp\/v2\/product_cat?post=36169"},{"taxonomy":"product_tag","embeddable":true,"href":"https:\/\/electromenagerexpress.com\/en\/wp-json\/wp\/v2\/product_tag?post=36169"}],"curies":[{"name":"wp","href":"https:\/\/api.w.org\/{rel}","templated":true}]}}