{"id":36167,"date":"2024-11-21T09:15:20","date_gmt":"2024-11-21T09:15:20","guid":{"rendered":"https:\/\/electromenagerexpress.com\/product\/lave-linge-hublot-askow4096p-w-3\/"},"modified":"2026-03-12T10:43:51","modified_gmt":"2026-03-12T10:43:51","slug":"lave-linge-hublot-askow4096p-w-3","status":"publish","type":"product","link":"https:\/\/electromenagerexpress.com\/en\/product\/lave-linge-hublot-askow4096p-w-3\/","title":{"rendered":"Lave linge hublot \tASKO\tW4096P.W\/3"},"content":{"rendered":"<div class=\"product-features__content\">\n<ul role=\"list\">\n<li class=\"product-features__item\" role=\"listitem\">\n<h3 class=\"product-features__label\">Installation<\/h3>\n<ul role=\"list\">\n<li class=\"product-features__item-list__item\" role=\"listitem\"><span class=\"is--medium\">Type de produit :<\/span> Lave linge hublot<\/li>\n<li class=\"product-features__item-list__item\" role=\"listitem\"><span class=\"is--medium\">Avantage :<\/span> il peut \u00eatre install\u00e9 rapidement et simplement n&rsquo;importe o\u00f9. Pour une profondeur mini de 60 cm, vous pourrez y superposer un s\u00e9che-linge<\/li>\n<li class=\"product-features__item-list__item\" role=\"listitem\"><span class=\"is--medium\">Dessus amovible :<\/span> non<\/li>\n<li class=\"product-features__item-list__item\" role=\"listitem\"><span class=\"is--medium\">Conseils :<\/span> pr\u00e9voir 2 \u00e0 3 cms suppl\u00e9mentaires derri\u00e8re la machine pour le passage des tuyaux et c\u00e2bles<\/li>\n<li class=\"product-features__item-list__item\" role=\"listitem\"><span class=\"is--medium\">Sens d&rsquo;ouverture du hublot :<\/span> fixation \u00e0 gauche<\/li>\n<li class=\"product-features__item-list__item\" role=\"listitem\"><span class=\"is--medium\">Pieds r\u00e9glables :<\/span> non<\/li>\n<li class=\"product-features__item-list__item\" role=\"listitem\"><span class=\"is--medium\">Roulettes :<\/span> non<\/li>\n<\/ul>\n<\/li>\n<li class=\"product-features__item\" role=\"listitem\">\n<h3 class=\"product-features__label\">Capacit\u00e9s<\/h3>\n<ul role=\"list\">\n<li class=\"product-features__item-list__item\" role=\"listitem\"><span class=\"is--medium\">Capacit\u00e9 de lavage :<\/span> 9,0 kg<\/li>\n<li class=\"product-features__item-list__item\" role=\"listitem\"><span class=\"is--medium\">Id\u00e9al pour :<\/span> 3 personnes<\/li>\n<li class=\"product-features__item-list__item\" role=\"listitem\"><span class=\"is--medium\">Volume du tambour :<\/span> 60 L<\/li>\n<li class=\"product-features__item-list__item\" role=\"listitem\"><span class=\"is--medium\">Vitesse d&rsquo;essorage :<\/span> 1.600 tr\/mn<\/li>\n<\/ul>\n<\/li>\n<li class=\"product-features__item\" role=\"listitem\">\n<h3 class=\"product-features__label\">Confort d&rsquo;utilisation<\/h3>\n<ul role=\"list\">\n<li class=\"product-features__item-list__item\" role=\"listitem\"><span class=\"is--medium\">Niveau sonore en d\u00e9cibels max. en essorage :<\/span> standard (76 db)<\/li>\n<li class=\"product-features__item-list__item\" role=\"listitem\"><span class=\"is--medium\">Raccordement eau chaude ou eau froide :<\/span> Raccordement eau froide traditionnel (une seule arriv\u00e9e d&rsquo;eau)<\/li>\n<li class=\"product-features__item-list__item\" role=\"listitem\"><span class=\"is--medium\">Option d\u00e9part diff\u00e9r\u00e9 ou fin diff\u00e9r\u00e9e :<\/span> Non<\/li>\n<li class=\"product-features__item-list__item\" role=\"listitem\"><span class=\"is--medium\">Personnalisation du temps de lavage :<\/span> oui, apr\u00e8s s\u00e9lection de votre programme de lavage, ajustez la dur\u00e9e du programme selon vos besoins. Conseil : une dur\u00e9e courte est plus \u00e9nergivore !<\/li>\n<li class=\"product-features__item-list__item\" role=\"listitem\"><span class=\"is--medium\">Ecran d&rsquo;affichage :<\/span> LCD<\/li>\n<li class=\"product-features__item-list__item\" role=\"listitem\"><span class=\"is--medium\">Distributeur automatique de lessive :<\/span> non, pas de dosage automatique.<\/li>\n<li class=\"product-features__item-list__item\" role=\"listitem\"><span class=\"is--medium\">Sonnerie :<\/span> non<\/li>\n<li class=\"product-features__item-list__item\" role=\"listitem\"><span class=\"is--medium\">Classe essorage :<\/span> A<\/li>\n<\/ul>\n<\/li>\n<li class=\"product-features__item\" role=\"listitem\">\n<h3 class=\"product-features__label\">Programmes et options<\/h3>\n<ul role=\"list\">\n<li class=\"product-features__item-list__item\" role=\"listitem\"><span class=\"is--medium\">Programmes :<\/span> chemise, coton, d\u00e9licat, laine<\/li>\n<li class=\"product-features__item-list__item\" role=\"listitem\"><span class=\"is--medium\">Dur\u00e9e du programme \u00e9co :<\/span> 3,50 h<\/li>\n<li class=\"product-features__item-list__item\" role=\"listitem\"><span class=\"is--medium\">Programme de lavage rapide :<\/span> moins d&rsquo;une heure<\/li>\n<li class=\"product-features__item-list__item\" role=\"listitem\"><span class=\"is--medium\">Programme(s) vapeur :<\/span> oui<\/li>\n<li class=\"product-features__item-list__item\" role=\"listitem\"><span class=\"is--medium\">Lavage vapeur en profondeur :<\/span> non<\/li>\n<li class=\"product-features__item-list__item\" role=\"listitem\"><span class=\"is--medium\">Rafra\u00eechissement vapeur :<\/span> oui, programme d\u00e9di\u00e9 qui d\u00e9sodorise et donne une sensation de fra\u00eecheur \u00e0 votre linge<\/li>\n<li class=\"product-features__item-list__item\" role=\"listitem\"><span class=\"is--medium\">D\u00e9froissage vapeur :<\/span> oui, il agit en fin du cycle de lavage en adoucissant et d\u00e9froissant votre linge<\/li>\n<li class=\"product-features__item-list__item\" role=\"listitem\"><span class=\"is--medium\">Anti-allergies :<\/span> un cycle avec rin\u00e7age suppl\u00e9mentaire pour \u00e9viter tous types d&rsquo;\u00e9ventuelles allergies.<\/li>\n<li class=\"product-features__item-list__item\" role=\"listitem\"><span class=\"is--medium\">Lavage \u00e0 froid :<\/span> oui, convient pour le linge peu sale<\/li>\n<li class=\"product-features__item-list__item\" role=\"listitem\"><span class=\"is--medium\">Anti froissage \/ repassage facile :<\/span> oui, le lave-linge continue de brasser le linge par intermittence \u00e0 la fin du cycle d&rsquo;essorage. Permet de limiter les faux-plis et facilite le repassage<\/li>\n<li class=\"product-features__item-list__item\" role=\"listitem\"><span class=\"is--medium\">Programme auto-nettoyant :<\/span> non<\/li>\n<\/ul>\n<\/li>\n<li class=\"product-features__item\" role=\"listitem\">\n<h3 class=\"product-features__label\">Connectivit\u00e9<\/h3>\n<ul role=\"list\">\n<li class=\"product-features__item-list__item\" role=\"listitem\"><span class=\"is--medium\">Produit connectable :<\/span> non<\/li>\n<\/ul>\n<\/li>\n<li class=\"product-features__item\" role=\"listitem\">\n<h3 class=\"product-features__label\">Consommation et \u00e9conomie d&rsquo;\u00e9nergie<\/h3>\n<ul role=\"list\">\n<li class=\"product-features__item-list__item\" role=\"listitem\"><span class=\"is--medium\">Label \u00e9nergie :<\/span> A<\/li>\n<li class=\"product-features__item-list__item\" role=\"listitem\"><span class=\"is--medium\">Basse consommation :<\/span> jusqu&rsquo;\u00e0 60% d&rsquo;\u00e9conomie d&rsquo;\u00e9nergie par rapport \u00e0 la classe F <u><\/u><\/li>\n<li class=\"product-features__item-list__item\" role=\"listitem\"><span class=\"is--medium\">Nous avons calcul\u00e9 pour vous :<\/span> les consommations des appareils m\u00e9nagers (lave linge, lave-linge s\u00e9chant, lave-vaisselle, s\u00e8che linge) sont calcul\u00e9es avec le programme \u00e9co 40 60\u00b0<\/li>\n<li class=\"product-features__item-list__item\" role=\"listitem\"><span class=\"is--medium\">Consommation d&rsquo;\u00e9lectricit\u00e9 pour 100 cycles (programme \u00e9co) :<\/span> 49,0 kW<\/li>\n<li class=\"product-features__item-list__item\" role=\"listitem\"><span class=\"is--medium\">Co\u00fbt annuel d&rsquo;\u00e9lectricit\u00e9 (bas\u00e9 sur 100 cycles) :<\/span> 12 euros par an<\/li>\n<li class=\"product-features__item-list__item\" role=\"listitem\"><span class=\"is--medium\">Consommation en eau (programme \u00e9co) :<\/span> 49,0 litres \/ cycle<\/li>\n<li class=\"product-features__item-list__item\" role=\"listitem\"><span class=\"is--medium\">Co\u00fbt annuel d&rsquo;eau (bas\u00e9 sur 100 cycles) :<\/span> 22 euros par an<\/li>\n<li class=\"product-features__item-list__item\" role=\"listitem\"><span class=\"is--medium\">Co\u00fbt annuel d&rsquo;utilisation (bas\u00e9 sur 100 cycles) :<\/span> 34 euros par an<\/li>\n<\/ul>\n<\/li>\n<li class=\"product-features__item\" role=\"listitem\">\n<h3 class=\"product-features__label\">Conception<\/h3>\n<ul role=\"list\">\n<li class=\"product-features__item-list__item\" role=\"listitem\"><span class=\"is--medium\">Type de moteur :<\/span> induction \u00e0 entra\u00eenement direct (sans courroie), faible consommation, plus silencieux et plus durable<\/li>\n<li class=\"product-features__item-list__item\" role=\"listitem\"><span class=\"is--medium\">Mati\u00e8re du tambour :<\/span> inox<\/li>\n<li class=\"product-features__item-list__item\" role=\"listitem\"><span class=\"is--medium\">Mati\u00e8re de la cuve :<\/span> inox<\/li>\n<li class=\"product-features__item-list__item\" role=\"listitem\"><span class=\"is--medium\">Bon \u00e0 savoir :<\/span> L&rsquo;inox est un mat\u00e9riau de haute r\u00e9sistance, gage de qualit\u00e9 et de durabilit\u00e9. Il permet d&rsquo;\u00e9viter les mauvaises odeurs.<\/li>\n<\/ul>\n<\/li>\n<li class=\"product-features__item\" role=\"listitem\">\n<h3 class=\"product-features__label\">S\u00e9curit\u00e9<\/h3>\n<ul role=\"list\">\n<li class=\"product-features__item-list__item\" role=\"listitem\"><span class=\"is--medium\">S\u00e9curit\u00e9 enfant :<\/span> oui, le bandeau de commande est verrouill\u00e9 automatiquement ou par une combinaison de touches. Une action involontaire sur le bandeau (appui sur touche, rotation d&rsquo;un bouton) ne modifiera pas le d\u00e9roulement du cycle.<\/li>\n<li class=\"product-features__item-list__item\" role=\"listitem\"><span class=\"is--medium\">Anti-balourd :<\/span> en cas de vitesse irr\u00e9guli\u00e8re et d\u00e9placement important du tambour pouvant \u00eatre provoqu\u00e9 par une mauvaise r\u00e9partition de linge, l&rsquo;essorage est stopp\u00e9, le linge est rebrass\u00e9 avant une nouvelle tentative d&rsquo;essorage.<\/li>\n<li class=\"product-features__item-list__item\" role=\"listitem\"><\/li>\n<\/ul>\n<\/li>\n<li class=\"product-features__item\" role=\"listitem\">\n<h3 class=\"product-features__label\">Informations compl\u00e9mentaires<\/h3>\n<ul role=\"list\">\n<li class=\"product-features__item-list__item\" role=\"listitem\"><span class=\"is--medium\">Indice de r\u00e9parabilit\u00e9 :<\/span> 9,0 \/10<\/li>\n<li class=\"product-features__item-list__item\" role=\"listitem\"><span class=\"is--medium\">Fabriqu\u00e9 en :<\/span> Slov\u00e9nie<\/li>\n<li class=\"product-features__item-list__item\" role=\"listitem\"><span class=\"is--medium\">Disponibilit\u00e9 des pi\u00e8ces d\u00e9tach\u00e9es\u00a0 :<\/span> Pendant 15 ans, \u00e0 compter de la date d&rsquo;achat<\/li>\n<\/ul>\n<\/li>\n<li class=\"product-features__item\" role=\"listitem\">\n<h3 class=\"product-features__label\">Dimensions<\/h3>\n<ul role=\"list\">\n<li class=\"product-features__item-list__item\" role=\"listitem\"><span class=\"is--medium\">L x H x P :<\/span> 59.5 x 85 x 58.5 cm<\/li>\n<li class=\"product-features__item-list__item\" role=\"listitem\"><span class=\"is--medium\">Profondeur produit hors hublot :<\/span> 58,5 cm<\/li>\n<li class=\"product-features__item-list__item\" role=\"listitem\"><span class=\"is--medium\">Profondeur avec hublot ferm\u00e9, d\u00e9bord arri\u00e8re compris :<\/span> 58,5 cm<\/li>\n<li class=\"product-features__item-list__item\" role=\"listitem\"><span class=\"is--medium\">Conseil :<\/span> pr\u00e9voir 2 \u00e0 3 centim\u00e8tres suppl\u00e9mentaires derri\u00e8re la machine pour le passage des tuyaux et c\u00e2bles.<\/li>\n<li class=\"product-features__item-list__item\" role=\"listitem\"><span class=\"is--medium\">Poids net :<\/span> 76,5 kg<\/li>\n<li class=\"product-features__item-list__item\" role=\"listitem\"><span class=\"is--medium\">Poids brut :<\/span> 79,7 kg<\/li>\n<\/ul>\n<\/li>\n<\/ul>\n<\/div>\n<div class=\"product__disclosure-content\">\n<div class=\"js-read-more product-description__content read-more read-more--truncated\" style=\"max-height: 500px; overflow: hidden;\" data-read-more-name=\"description\">\n<div class=\"product__description-content read-more\">\n<p>Lave-linge hublot ASKO W4096P.W\/3 : l&rsquo;alliance de la performance et de la durabilit\u00e9<\/p>\n<h3>Conception robuste et fonctionnalit\u00e9s avanc\u00e9es<\/h3>\n<p>Le lave-linge hublot ASKO W4096P.W\/3 se distingue par sa construction antivibration Quattro\u2122, qui repose sur quatre amortisseurs pour une stabilit\u00e9 et une durabilit\u00e9 accrues. Son hublot sans joint en caoutchouc Steel Seal\u2122 \u00e9vite les moisissures et garantit une meilleure hygi\u00e8ne. Avec un tambour et une cuve en inox, une carrosserie en acier galvanis\u00e9 anticorrosion et un contrepoids en fonte, ce mod\u00e8le est con\u00e7u pour r\u00e9sister \u00e0 l&rsquo;\u00e9preuve du temps, comme en t\u00e9moigne le test qualit\u00e9 assurant 20 ans d&rsquo;usage domestique. La capacit\u00e9 de 9 kg, la vitesse d&rsquo;essorage de 1600 tours\/min et la classe \u00e9nerg\u00e9tique A en font un choix \u00e9conome et efficace pour les familles modernes.<\/p>\n<h3>Efficacit\u00e9 de lavage et confort d&rsquo;utilisation<\/h3>\n<p>Le syst\u00e8me Pro Wash\u2122 assure un lavage performant avec une dilution optimale de la lessive, tandis que le tambour Active Drum\u2122 offre un brassage doux, pr\u00e9servant ainsi les fibres de votre linge. L&rsquo;\u00e9cran LCD n\u00e9matique offre une lisibilit\u00e9 parfaite et le bandeau de commande en aluminium v\u00e9ritable ajoute une touche d&rsquo;\u00e9l\u00e9gance. Les utilisateurs appr\u00e9cieront les 23 programmes adapt\u00e9s \u00e0 tous types de textiles, ainsi que les options pratiques telles que l&rsquo;assistance au dosage et le d\u00e9part diff\u00e9r\u00e9. La s\u00e9curit\u00e9 totale Aqua Safe\u2122 et la s\u00e9curit\u00e9 enfant assurent une utilisation sereine. Avec une consommation d&rsquo;eau et d&rsquo;\u00e9nergie ma\u00eetris\u00e9e, ce lave-linge est un choix responsable pour un quotidien facilit\u00e9.<\/p>\n<\/div>\n<\/div>\n<p>&nbsp;<\/p>\n<div class=\"js-read-more product-description__content read-more read-more--truncated\" style=\"max-height: 500px; overflow: hidden;\" data-read-more-name=\"description\">\n<p>&nbsp;<\/p>\n<p>&nbsp;<\/p>\n<\/div>\n<p>&nbsp;<\/p>\n<div class=\"js-read-more product-description__content read-more read-more--truncated\" style=\"max-height: 500px; overflow: hidden;\" data-read-more-name=\"description\">\n<p>&nbsp;<\/p>\n<\/div>\n<\/div>","protected":false},"excerpt":{"rendered":"<div class=\"keypoints\">\n<h3 class=\"keypoints__title\">Les points cl\u00e9s<\/h3>\n<ul role=\"list\">\n<li class=\"keypoints__item\" role=\"listitem\">L x H x P : 59.5 x 85 x 58.5 cm<\/li>\n<li class=\"keypoints__item\" role=\"listitem\">Capacit\u00e9 L (9kg) &#8211; Tambour 60L<\/li>\n<li class=\"keypoints__item\" role=\"listitem\">Label \u00e9nergie A &#8211; Niveau sonore de 76dB<\/li>\n<li class=\"keypoints__item\" role=\"listitem\">Essorage tr\u00e8s \u00e9lev\u00e9 (1600 trs)<\/li>\n<li class=\"keypoints__item keypoints__item--advantage\" role=\"listitem\"><strong>Le + :<\/strong> son assistance au dosage de lessive permet de mieux laver votre linge et de le pr\u00e9server<\/li>\n<\/ul>\n<p>&nbsp;<\/p>\n<\/div>","protected":false},"featured_media":10643,"template":"","meta":{"_glsr_average":0,"_glsr_ranking":0,"_glsr_reviews":0},"product_cat":[130],"product_tag":[131,132,133],"class_list":{"0":"post-36167","1":"product","2":"type-product","3":"status-publish","4":"has-post-thumbnail","6":"product_cat-lave-linge-hublot","7":"product_tag-gros-electromenager","8":"product_tag-lave-linge","9":"product_tag-lave-linge-hublot","11":"first","12":"instock","13":"sale","14":"shipping-taxable","15":"purchasable","16":"product-type-simple"},"_links":{"self":[{"href":"https:\/\/electromenagerexpress.com\/en\/wp-json\/wp\/v2\/product\/36167","targetHints":{"allow":["GET"]}}],"collection":[{"href":"https:\/\/electromenagerexpress.com\/en\/wp-json\/wp\/v2\/product"}],"about":[{"href":"https:\/\/electromenagerexpress.com\/en\/wp-json\/wp\/v2\/types\/product"}],"wp:featuredmedia":[{"embeddable":true,"href":"https:\/\/electromenagerexpress.com\/en\/wp-json\/wp\/v2\/media\/10643"}],"wp:attachment":[{"href":"https:\/\/electromenagerexpress.com\/en\/wp-json\/wp\/v2\/media?parent=36167"}],"wp:term":[{"taxonomy":"product_cat","embeddable":true,"href":"https:\/\/electromenagerexpress.com\/en\/wp-json\/wp\/v2\/product_cat?post=36167"},{"taxonomy":"product_tag","embeddable":true,"href":"https:\/\/electromenagerexpress.com\/en\/wp-json\/wp\/v2\/product_tag?post=36167"}],"curies":[{"name":"wp","href":"https:\/\/api.w.org\/{rel}","templated":true}]}}