{"id":36148,"date":"2024-11-21T09:14:07","date_gmt":"2024-11-21T09:14:07","guid":{"rendered":"https:\/\/electromenagerexpress.com\/product\/lave-linge-sechant-hublot-electroluxew7iw4285bw\/"},"modified":"2026-03-12T11:58:43","modified_gmt":"2026-03-12T11:58:43","slug":"lave-linge-sechant-hublot-electroluxew7iw4285bw","status":"publish","type":"product","link":"https:\/\/electromenagerexpress.com\/en\/product\/lave-linge-sechant-hublot-electroluxew7iw4285bw\/","title":{"rendered":"Lave linge s\u00e9chant hublot  ELECTROLUX\tEW7IW4285BW"},"content":{"rendered":"<div class=\"product-features__content\">\n<p>&nbsp;<\/p>\n<ul role=\"list\">\n<li class=\"product-features__item\" role=\"listitem\">\n<h3 class=\"product-features__label\">Installation<\/h3>\n<ul role=\"list\">\n<li class=\"product-features__item-list__item\" role=\"listitem\"><span class=\"is--medium\">Dessus amovible :<\/span> non<\/li>\n<li class=\"product-features__item-list__item\" role=\"listitem\"><span class=\"is--medium\">Sens d&rsquo;ouverture du hublot :<\/span> fixation \u00e0 gauche<\/li>\n<li class=\"product-features__item-list__item\" role=\"listitem\"><span class=\"is--medium\">Pieds r\u00e9glables :<\/span> oui<\/li>\n<li class=\"product-features__item-list__item\" role=\"listitem\"><span class=\"is--medium\">Coloris :<\/span> blanc<\/li>\n<li class=\"product-features__item-list__item\" role=\"listitem\"><span class=\"is--medium\">Guides et tutoriels d&rsquo;entretiens :<\/span> d\u00e9couvrez nos conseils, \u00e9co-gestes et tutoriels pour entretenir, nettoyer et pour prendre soin de votre lave-linge s\u00e9chant. <u><\/u><\/li>\n<\/ul>\n<\/li>\n<li class=\"product-features__item\" role=\"listitem\">\n<h3 class=\"product-features__label\">Capacit\u00e9s<\/h3>\n<ul role=\"list\">\n<li class=\"product-features__item-list__item\" role=\"listitem\"><span class=\"is--medium\">Capacit\u00e9 de lavage :<\/span> 8,0 kg<\/li>\n<li class=\"product-features__item-list__item\" role=\"listitem\"><span class=\"is--medium\">Id\u00e9al pour :<\/span> 1 ou 2 personnes<\/li>\n<li class=\"product-features__item-list__item\" role=\"listitem\"><span class=\"is--medium\">Capacit\u00e9 de s\u00e9chage :<\/span> 5,0 kg<\/li>\n<li class=\"product-features__item-list__item\" role=\"listitem\"><span class=\"is--medium\">Encha\u00eenement automatique lavage-s\u00e9chage :<\/span> maximum 5 Kg<\/li>\n<li class=\"product-features__item-list__item\" role=\"listitem\"><span class=\"is--medium\">Volume du tambour :<\/span> 60 L<\/li>\n<li class=\"product-features__item-list__item\" role=\"listitem\"><span class=\"is--medium\">Avantage de la taille de ce tambour :<\/span> id\u00e9al pour une petite couette<\/li>\n<li class=\"product-features__item-list__item\" role=\"listitem\"><span class=\"is--medium\">Vitesse d&rsquo;essorage (en tours\/min) :<\/span> 1.400 tr\/mn<\/li>\n<li class=\"product-features__item-list__item\" role=\"listitem\"><span class=\"is--medium\">Classe d&rsquo;efficacit\u00e9 \u00e0 l&rsquo;essorage :<\/span> B<\/li>\n<\/ul>\n<\/li>\n<li class=\"product-features__item\" role=\"listitem\">\n<h3 class=\"product-features__label\">Confort d&rsquo;utilisation<\/h3>\n<ul role=\"list\">\n<li class=\"product-features__item-list__item\" role=\"listitem\"><span class=\"is--medium\">Niveau sonore maximum en essorage :<\/span> silencieux (72 dB)<\/li>\n<li class=\"product-features__item-list__item\" role=\"listitem\"><span class=\"is--medium\">Ecran d&rsquo;affichage :<\/span> LCD<\/li>\n<li class=\"product-features__item-list__item\" role=\"listitem\"><span class=\"is--medium\">Sonnerie :<\/span> non<\/li>\n<li class=\"product-features__item-list__item\" role=\"listitem\"><span class=\"is--medium\">Option d\u00e9part diff\u00e9r\u00e9 ou fin diff\u00e9r\u00e9e :<\/span> D\u00e9part diff\u00e9r\u00e9 20 heures<\/li>\n<li class=\"product-features__item-list__item\" role=\"listitem\"><span class=\"is--medium\">Avantage du d\u00e9part diff\u00e9r\u00e9 :<\/span> permet de laver votre linge aux heures creuses ou quand vous n&rsquo;\u00eates pas pr\u00e9sent.<\/li>\n<li class=\"product-features__item-list__item\" role=\"listitem\"><span class=\"is--medium\">Distributeur automatique de lessive :<\/span> non, pas de dosage automatique.<\/li>\n<li class=\"product-features__item-list__item\" role=\"listitem\"><span class=\"is--medium\">Option ajout de linge :<\/span> non<\/li>\n<li class=\"product-features__item-list__item\" role=\"listitem\"><span class=\"is--medium\">Bac \u00e0 produit auto nettoyant :<\/span> Non<\/li>\n<li class=\"product-features__item-list__item\" role=\"listitem\"><span class=\"is--medium\">Affichage du temps restant :<\/span> digital<\/li>\n<\/ul>\n<\/li>\n<li class=\"product-features__item\" role=\"listitem\">\n<h3 class=\"product-features__label\">Programmes et options de lavage<\/h3>\n<ul role=\"list\">\n<li class=\"product-features__item-list__item\" role=\"listitem\"><span class=\"is--medium\">Nombre de programmes :<\/span> 14<\/li>\n<li class=\"product-features__item-list__item\" role=\"listitem\"><span class=\"is--medium\">Programmes de lavage :<\/span> laine, charge mixte, coton, d\u00e9licat, \u00e9co, jeans, synth\u00e9tiques<\/li>\n<li class=\"product-features__item-list__item\" role=\"listitem\"><span class=\"is--medium\">Programme rapide :<\/span> oui<\/li>\n<li class=\"product-features__item-list__item\" role=\"listitem\"><span class=\"is--medium\">Programme(s) vapeur :<\/span> oui<\/li>\n<li class=\"product-features__item-list__item\" role=\"listitem\"><span class=\"is--medium\">Lavage vapeur en profondeur :<\/span> non<\/li>\n<li class=\"product-features__item-list__item\" role=\"listitem\"><span class=\"is--medium\">Rafra\u00eechissement vapeur :<\/span> oui, programme d\u00e9di\u00e9 qui d\u00e9sodorise et donne une sensation de fra\u00eecheur \u00e0 votre linge<\/li>\n<li class=\"product-features__item-list__item\" role=\"listitem\"><span class=\"is--medium\">D\u00e9froissage vapeur :<\/span> oui, il agit en fin du cycle de lavage en adoucissant et d\u00e9froissant votre linge<\/li>\n<li class=\"product-features__item-list__item\" role=\"listitem\"><span class=\"is--medium\">Froid :<\/span> oui, convient pour le linge peu sale<\/li>\n<li class=\"product-features__item-list__item\" role=\"listitem\"><span class=\"is--medium\">Dur\u00e9e du programme \u00e9co :<\/span> 3,58 h<\/li>\n<li class=\"product-features__item-list__item\" role=\"listitem\"><span class=\"is--medium\">Demi charge :<\/span> oui, permet de laver une charge de linge 2x moins importante que la capacit\u00e9 maxi du lave-linge, permettant un cycle plus court et une consommation adapt\u00e9e<\/li>\n<li class=\"product-features__item-list__item\" role=\"listitem\"><span class=\"is--medium\">Option pr\u00e9lavage :<\/span> oui, permet de laver des v\u00eatements tr\u00e8s sales<\/li>\n<li class=\"product-features__item-list__item\" role=\"listitem\"><span class=\"is--medium\">Programme auto-nettoyant :<\/span> nettoyage du tambour, permet d&rsquo;\u00e9liminer la salet\u00e9 et les bact\u00e9ries pour assurer un lavage performant et optimiser l&rsquo;entretien<\/li>\n<\/ul>\n<\/li>\n<li class=\"product-features__item\" role=\"listitem\">\n<h3 class=\"product-features__label\">Programmes et options de s\u00e9chage<\/h3>\n<ul role=\"list\">\n<li class=\"product-features__item-list__item\" role=\"listitem\"><span class=\"is--medium\">Programmes \u00e0 encha\u00eenement automatique :<\/span> oui, permet de lancer le cycle de s\u00e9chage d\u00e8s que le cycle de lavage est termin\u00e9 sans aucune intervention de votre part<\/li>\n<li class=\"product-features__item-list__item\" role=\"listitem\"><span class=\"is--medium\">Type de s\u00e9chage :<\/span> condensation par r\u00e9sistance<\/li>\n<li class=\"product-features__item-list__item\" role=\"listitem\"><span class=\"is--medium\">Fonction s\u00e9chage seul :<\/span> Minuterie ou Mode automatique<\/li>\n<li class=\"product-features__item-list__item\" role=\"listitem\"><span class=\"is--medium\">Programmes de s\u00e9chage :<\/span> s\u00e9chage rapide, d\u00e9licat, pr\u00eat \u00e0 ranger<\/li>\n<\/ul>\n<\/li>\n<li class=\"product-features__item\" role=\"listitem\">\n<h3 class=\"product-features__label\">Technologie(s) du lave linge<\/h3>\n<ul role=\"list\">\n<li class=\"product-features__item-list__item\" role=\"listitem\"><span class=\"is--medium\">SensiCare :<\/span> ajuste automatiquement la dur\u00e9e du cycle au volume de la charge pour consommer moins d&rsquo;\u00e9nergie.<\/li>\n<li class=\"product-features__item-list__item\" role=\"listitem\"><span class=\"is--medium\">DualCare :<\/span> syst\u00e8me qui adapte automatiquement la temp\u00e9rature et les mouvements du tambour \u00e0 chaque tissu et \u00e0 chaque charge afin de laver et s\u00e9cher les v\u00eatements en un seul cycle, tout en conservant leur apparence et leur qualit\u00e9.<\/li>\n<li class=\"product-features__item-list__item\" role=\"listitem\"><span class=\"is--medium\">Steam refresh :<\/span> programme qui diffuse de la vapeur et r\u00e9g\u00e9n\u00e8re ainsi la fra\u00eecheur de vos v\u00eatements en \u00e9vitant les lavages inutiles. Les odeurs d\u00e9sagr\u00e9ables disparaissent et les plis sont liss\u00e9s. Vos v\u00eatements sont pr\u00eats \u00e0 porter en 20 minutes.<\/li>\n<\/ul>\n<\/li>\n<li class=\"product-features__item\" role=\"listitem\">\n<h3 class=\"product-features__label\">S\u00e9curit\u00e9<\/h3>\n<ul role=\"list\">\n<li class=\"product-features__item-list__item\" role=\"listitem\"><span class=\"is--medium\">S\u00e9curit\u00e9 enfant :<\/span> oui, le bandeau de commande se verrouille (automatiquement ou par une combinaison de touches). Une action involontaire sur le bandeau ne modifiera pas le d\u00e9roulement du cycle.<\/li>\n<li class=\"product-features__item-list__item\" role=\"listitem\"><span class=\"is--medium\">Anti-d\u00e9bordement :<\/span> oui, en cas d&rsquo;\u00e9l\u00e9vation anormale du niveau d&rsquo;eau dans la cuve, l&rsquo;arriv\u00e9e d&rsquo;eau sera coup\u00e9e et la pompe de vidange s&rsquo;enclenchera<\/li>\n<\/ul>\n<\/li>\n<li class=\"product-features__item\" role=\"listitem\">\n<h3 class=\"product-features__label\">Connectivit\u00e9<\/h3>\n<ul role=\"list\">\n<li class=\"product-features__item-list__item\" role=\"listitem\"><span class=\"is--medium\">Produit connectable :<\/span> non<\/li>\n<li class=\"product-features__item-list__item\" role=\"listitem\"><span class=\"is--medium\">Conseils de lavage :<\/span> Non<\/li>\n<li class=\"product-features__item-list__item\" role=\"listitem\"><span class=\"is--medium\">Alertes sur les consommations, le niveau de produits de lessive, d&rsquo;assouplissant :<\/span> Non<\/li>\n<li class=\"product-features__item-list__item\" role=\"listitem\"><span class=\"is--medium\">Acc\u00e9dez \u00e0 des astuces, manuels d&rsquo;utilisation et un support maintenance :<\/span> non<\/li>\n<li class=\"product-features__item-list__item\" role=\"listitem\"><span class=\"is--medium\">Programmes t\u00e9l\u00e9chargeables : :<\/span> non concern\u00e9<\/li>\n<li class=\"product-features__item-list__item\" role=\"listitem\"><span class=\"is--medium\">Astuces, manuels d&rsquo;utilisation et support maintenance disponibles sur l&rsquo;application :<\/span> non<\/li>\n<\/ul>\n<\/li>\n<li class=\"product-features__item\" role=\"listitem\">\n<h3 class=\"product-features__label\">Conception de l&rsquo;appareil<\/h3>\n<ul role=\"list\">\n<li class=\"product-features__item-list__item\" role=\"listitem\"><span class=\"is--medium\">Type de moteur :<\/span> induction (avec courroie) faible consommation, silencieux<\/li>\n<li class=\"product-features__item-list__item\" role=\"listitem\"><span class=\"is--medium\">Mati\u00e8re du tambour :<\/span> inox<\/li>\n<li class=\"product-features__item-list__item\" role=\"listitem\"><span class=\"is--medium\">Mati\u00e8re de la cuve :<\/span> polypropyl\u00e8ne<\/li>\n<li class=\"product-features__item-list__item\" role=\"listitem\"><span class=\"is--medium\">Type de tambour :<\/span> Care Drum, permet aux v\u00eatements de glisser en douceur gr\u00e2ce \u00e0 sa structure \u00e9lev\u00e9e amortissante et \u00e0 ses batteurs optimis\u00e9s.<\/li>\n<\/ul>\n<\/li>\n<li class=\"product-features__item\" role=\"listitem\">\n<h3 class=\"product-features__label\">Consommation &amp; \u00e9conomie d&rsquo;\u00e9nergie<\/h3>\n<ul role=\"list\">\n<li class=\"product-features__item-list__item\" role=\"listitem\"><span class=\"is--medium\">Raccordement eau chaude ou eau froide :<\/span> Raccordement eau froide traditionnel (une seule arriv\u00e9e d&rsquo;eau)<\/li>\n<li class=\"product-features__item-list__item\" role=\"listitem\"><span class=\"is--medium\">Label \u00e9nergie de lavage seul :<\/span> A<\/li>\n<li class=\"product-features__item-list__item\" role=\"listitem\"><span class=\"is--medium\">Label \u00e9nergie lavage et sechage :<\/span> D<\/li>\n<li class=\"product-features__item-list__item\" role=\"listitem\"><span class=\"is--medium\">Consommation en eau (programme \u00e9co, lavage et s\u00e9chage) :<\/span> 64,0 litres \/ cycle<\/li>\n<li class=\"product-features__item-list__item\" role=\"listitem\"><span class=\"is--medium\">Consommation d&rsquo;\u00e9lectricit\u00e9 pour 100 cycles (programme \u00e9co, lavage et s\u00e9chage) :<\/span> 265,0 kW<\/li>\n<li class=\"product-features__item-list__item\" role=\"listitem\"><span class=\"is--medium\">Dur\u00e9e du cycle de lavage et s\u00e9chage (programme \u00e9co) :<\/span> 6,08 h<\/li>\n<li class=\"product-features__item-list__item\" role=\"listitem\"><span class=\"is--medium\">Co\u00fbt annuel d&rsquo;\u00e9lectricit\u00e9 (bas\u00e9 sur 100 cycles) :<\/span> 67 euros par an<\/li>\n<li class=\"product-features__item-list__item\" role=\"listitem\"><span class=\"is--medium\">Co\u00fbt annuel d&rsquo;eau (bas\u00e9 sur 100 cycles) :<\/span> 28 euros par an<\/li>\n<li class=\"product-features__item-list__item\" role=\"listitem\"><span class=\"is--medium\">Co\u00fbt annuel d&rsquo;utilisation (bas\u00e9 sur 100 cycles) :<\/span> 95 euros par an<\/li>\n<\/ul>\n<\/li>\n<li class=\"product-features__item\" role=\"listitem\">\n<h3 class=\"product-features__label\">Dimensions<\/h3>\n<ul role=\"list\">\n<li class=\"product-features__item-list__item\" role=\"listitem\"><span class=\"is--medium\">L x H x P :<\/span> 59.7 x 84.7 x 57.6 cm<\/li>\n<li class=\"product-features__item-list__item\" role=\"listitem\"><span class=\"is--medium\">Profondeur produit hors hublot :<\/span> 57,6 cm<\/li>\n<li class=\"product-features__item-list__item\" role=\"listitem\"><span class=\"is--medium\">Profondeur avec hublot ferm\u00e9, d\u00e9bord arri\u00e8re compris :<\/span> 59,9 cm<\/li>\n<li class=\"product-features__item-list__item\" role=\"listitem\"><span class=\"is--medium\">Notre conseil :<\/span> pr\u00e9voir 2 \u00e0 3 centim\u00e8tres suppl\u00e9mentaires derri\u00e8re la machine pour le passage des tuyaux et c\u00e2bles.<\/li>\n<li class=\"product-features__item-list__item\" role=\"listitem\"><span class=\"is--medium\">Longueur du cordon d&rsquo;alimentation :<\/span> 130 cm<\/li>\n<li class=\"product-features__item-list__item\" role=\"listitem\"><span class=\"is--medium\">Longueur du cordon d&rsquo;\u00e9vacuation :<\/span> 140 cm<\/li>\n<li class=\"product-features__item-list__item\" role=\"listitem\"><span class=\"is--medium\">Longueur du cordon \u00e9lectrique :<\/span> 170 cm<\/li>\n<li class=\"product-features__item-list__item\" role=\"listitem\"><span class=\"is--medium\">Poids net :<\/span> 75,5 kg<\/li>\n<li class=\"product-features__item-list__item\" role=\"listitem\"><span class=\"is--medium\">Poids brut :<\/span> 77,0 kg<\/li>\n<\/ul>\n<\/li>\n<li class=\"product-features__item\" role=\"listitem\">\n<h3 class=\"product-features__label\">Informations compl\u00e9mentaires<\/h3>\n<ul role=\"list\">\n<li class=\"product-features__item-list__item\" role=\"listitem\"><span class=\"is--medium\">Fabriqu\u00e9 en :<\/span> Italie<\/li>\n<li class=\"product-features__item-list__item\" role=\"listitem\"><span class=\"is--medium\">Garantie :<\/span> 2 ans<\/li>\n<li class=\"product-features__item-list__item\" role=\"listitem\"><span class=\"is--medium\">Disponibilit\u00e9 des pi\u00e8ces d\u00e9tach\u00e9es :<\/span> Pendant 15 ans, \u00e0 compter de la date de fabrication<\/li>\n<\/ul>\n<ul role=\"list\">\n<li class=\"product-features__item-list__item\" role=\"listitem\"><\/li>\n<\/ul>\n<\/li>\n<\/ul>\n<\/div>\n<div class=\"product__disclosure-content\">\n<div class=\"js-read-more product-description__content\" style=\"max-height: 500px; overflow: hidden;\" data-read-more-name=\"description\">\n<div class=\"product__description-content read-more\">\n<p>Lave-linge s\u00e9chant ELECTROLUX EW7IW4285BW : l&rsquo;alliance parfaite entre efficacit\u00e9 et soin du linge<\/p>\n<h3>Technologie SteamCare et capacit\u00e9 optimale<\/h3>\n<p>Le lave-linge s\u00e9chant ELECTROLUX EW7IW4285BW, dot\u00e9 de la technologie SteamCare, est un appareil pose-libre qui offre une solution compl\u00e8te pour le soin de vos v\u00eatements. Avec une capacit\u00e9 de lavage de 8 kg et de s\u00e9chage de 5 kg, il est id\u00e9al pour les familles modernes. La fonction SteamRefresh rafra\u00eechit vos v\u00eatements en seulement 25 minutes, en utilisant moins d&rsquo;eau qu&rsquo;un cycle de lavage traditionnel, ce qui permet d&rsquo;\u00e9conomiser jusqu&rsquo;\u00e0 96 % d&rsquo;eau. Le tambour Care Drum de 60 L assure un traitement doux et efficace, tandis que le syst\u00e8me DuoDose optimise l&rsquo;utilisation des produits de lavage. Certifi\u00e9 Woolmark\u00ae Blue, ce mod\u00e8le garantit un soin exceptionnel m\u00eame pour les textiles les plus d\u00e9licats.<\/p>\n<h3>Performances \u00e9nerg\u00e9tiques et programmes adapt\u00e9s<\/h3>\n<p>Avec sa classe \u00e9nerg\u00e9tique A -10% en lavage et D en lavage &amp; s\u00e9chage, l&rsquo;ELECTROLUX EW7IW4285BW est con\u00e7u pour une efficacit\u00e9 \u00e9nerg\u00e9tique optimale. Il propose une vari\u00e9t\u00e9 de programmes, dont QuickCare 69min, Eco 40-60, et OneGo 20\/60min, pour laver et s\u00e9cher rapidement en une heure. La technologie SensiCare+ ajuste la dur\u00e9e du cycle en fonction de la charge, r\u00e9duisant la consommation d&rsquo;\u00e9nergie et d&rsquo;eau. La s\u00e9curit\u00e9 est \u00e9galement au rendez-vous avec la s\u00e9curit\u00e9 enfants et anti-d\u00e9bordement. Avec son \u00e9cran LCD et son design E Full White, ce lave-linge s\u00e9chant allie esth\u00e9tique et<\/p>\n<p>&nbsp;<\/p>\n<p>&nbsp;<\/p>\n<p>fonctionnalit\u00e9 pour une exp\u00e9rience utilisateur des plus agr\u00e9ables.<\/p>\n<\/div>\n<\/div>\n<\/div>","protected":false},"excerpt":{"rendered":"<div class=\"keypoints\">\n<h3 class=\"keypoints__title\">Les points cl\u00e9s<\/h3>\n<ul role=\"list\">\n<li class=\"keypoints__item\" role=\"listitem\">L x H x P : 59.7 x 84.7 x 57.6 cm<\/li>\n<li class=\"keypoints__item\" role=\"listitem\">Capacit\u00e9 Standard (8kg) &#8211; S\u00e9chage (5Kg)<\/li>\n<li class=\"keypoints__item\" role=\"listitem\">Label \u00e9nergie D &#8211; Silencieux 72dB<\/li>\n<li class=\"keypoints__item\" role=\"listitem\">Essorage \u00e9lev\u00e9 (1400 trs) &#8211; Tambour 60L<\/li>\n<li class=\"keypoints__item keypoints__item--advantage\" role=\"listitem\"><strong>Le + :<\/strong> son syst\u00e8me SensiCare+ ajuste la dur\u00e9e du cycle \u00e0 la charge de linge pour r\u00e9duire la consommation<\/li>\n<\/ul>\n<p>&nbsp;<\/p>\n<\/div>","protected":false},"featured_media":8388,"template":"","meta":{"_glsr_average":0,"_glsr_ranking":0,"_glsr_reviews":0},"product_cat":[134],"product_tag":[131,132,135],"class_list":{"0":"post-36148","1":"product","2":"type-product","3":"status-publish","4":"has-post-thumbnail","6":"product_cat-lave-linge-sechant","7":"product_tag-gros-electromenager","8":"product_tag-lave-linge","9":"product_tag-lave-linge-sechant","11":"first","12":"instock","13":"sale","14":"shipping-taxable","15":"purchasable","16":"product-type-simple"},"_links":{"self":[{"href":"https:\/\/electromenagerexpress.com\/en\/wp-json\/wp\/v2\/product\/36148","targetHints":{"allow":["GET"]}}],"collection":[{"href":"https:\/\/electromenagerexpress.com\/en\/wp-json\/wp\/v2\/product"}],"about":[{"href":"https:\/\/electromenagerexpress.com\/en\/wp-json\/wp\/v2\/types\/product"}],"wp:featuredmedia":[{"embeddable":true,"href":"https:\/\/electromenagerexpress.com\/en\/wp-json\/wp\/v2\/media\/8388"}],"wp:attachment":[{"href":"https:\/\/electromenagerexpress.com\/en\/wp-json\/wp\/v2\/media?parent=36148"}],"wp:term":[{"taxonomy":"product_cat","embeddable":true,"href":"https:\/\/electromenagerexpress.com\/en\/wp-json\/wp\/v2\/product_cat?post=36148"},{"taxonomy":"product_tag","embeddable":true,"href":"https:\/\/electromenagerexpress.com\/en\/wp-json\/wp\/v2\/product_tag?post=36148"}],"curies":[{"name":"wp","href":"https:\/\/api.w.org\/{rel}","templated":true}]}}