{"id":36124,"date":"2024-11-21T09:12:47","date_gmt":"2024-11-21T09:12:47","guid":{"rendered":"https:\/\/electromenagerexpress.com\/product\/lave-linge-sechant-hublot-lgf854m21wr\/"},"modified":"2026-03-12T12:07:51","modified_gmt":"2026-03-12T12:07:51","slug":"lave-linge-sechant-hublot-lgf854m21wr","status":"publish","type":"product","link":"https:\/\/electromenagerexpress.com\/en\/product\/lave-linge-sechant-hublot-lgf854m21wr\/","title":{"rendered":"Lave linge s\u00e9chant hublot  LGF854M21WR"},"content":{"rendered":"<div class=\"product-features__content\">\n<p>&nbsp;<\/p>\n<ul role=\"list\">\n<li class=\"product-features__item\" role=\"listitem\">\n<h3 class=\"product-features__label\">Installation<\/h3>\n<ul role=\"list\">\n<li class=\"product-features__item-list__item\" role=\"listitem\"><span class=\"is--medium\">Dessus amovible :<\/span> non<\/li>\n<li class=\"product-features__item-list__item\" role=\"listitem\"><span class=\"is--medium\">Sens d&rsquo;ouverture du hublot :<\/span> fixation \u00e0 gauche<\/li>\n<li class=\"product-features__item-list__item\" role=\"listitem\"><span class=\"is--medium\">Coloris :<\/span> blanc<\/li>\n<li class=\"product-features__item-list__item\" role=\"listitem\"><span class=\"is--medium\">Guides et tutoriels d&rsquo;entretiens :<\/span> d\u00e9couvrez nos conseils, \u00e9co-gestes et tutoriels pour entretenir, nettoyer et pour prendre soin de votre lave-linge s\u00e9chant.<\/li>\n<\/ul>\n<\/li>\n<li class=\"product-features__item\" role=\"listitem\">\n<h3 class=\"product-features__label\">Capacit\u00e9s<\/h3>\n<ul role=\"list\">\n<li class=\"product-features__item-list__item\" role=\"listitem\"><span class=\"is--medium\">Capacit\u00e9 de lavage :<\/span> 8,0 kg<\/li>\n<li class=\"product-features__item-list__item\" role=\"listitem\"><span class=\"is--medium\">Id\u00e9al pour :<\/span> 1 ou 2 personnes<\/li>\n<li class=\"product-features__item-list__item\" role=\"listitem\"><span class=\"is--medium\">Capacit\u00e9 de s\u00e9chage :<\/span> 5,0 kg<\/li>\n<li class=\"product-features__item-list__item\" role=\"listitem\"><span class=\"is--medium\">Encha\u00eenement automatique lavage-s\u00e9chage :<\/span> maximum 5 Kg<\/li>\n<li class=\"product-features__item-list__item\" role=\"listitem\"><span class=\"is--medium\">Volume du tambour :<\/span> 58 L<\/li>\n<li class=\"product-features__item-list__item\" role=\"listitem\"><span class=\"is--medium\">Vitesse d&rsquo;essorage (en tours\/min) :<\/span> 1.400 tr\/mn<\/li>\n<li class=\"product-features__item-list__item\" role=\"listitem\"><span class=\"is--medium\">Classe d&rsquo;efficacit\u00e9 \u00e0 l&rsquo;essorage :<\/span> B<\/li>\n<\/ul>\n<\/li>\n<li class=\"product-features__item\" role=\"listitem\">\n<h3 class=\"product-features__label\">Confort d&rsquo;utilisation<\/h3>\n<ul role=\"list\">\n<li class=\"product-features__item-list__item\" role=\"listitem\"><span class=\"is--medium\">Niveau sonore maximum en essorage :<\/span> standard (75 dB)<\/li>\n<li class=\"product-features__item-list__item\" role=\"listitem\"><span class=\"is--medium\">Ecran d&rsquo;affichage :<\/span> Tactile<\/li>\n<li class=\"product-features__item-list__item\" role=\"listitem\"><span class=\"is--medium\">Sonnerie :<\/span> oui, en fin de cycle et d\u00e9sactivable<\/li>\n<li class=\"product-features__item-list__item\" role=\"listitem\"><span class=\"is--medium\">Option d\u00e9part diff\u00e9r\u00e9 ou fin diff\u00e9r\u00e9e :<\/span> Fin diff\u00e9r\u00e9e 19 heures<\/li>\n<li class=\"product-features__item-list__item\" role=\"listitem\"><span class=\"is--medium\">Avantage de la fin diff\u00e9r\u00e9e :<\/span> permet de laver votre linge aux heures creuses et de ne pas laisser le linge humide dans la machine. Evite le tassement du linge et le repassage difficile.<\/li>\n<li class=\"product-features__item-list__item\" role=\"listitem\"><span class=\"is--medium\">Distributeur automatique de lessive :<\/span> non, pas de dosage automatique.<\/li>\n<li class=\"product-features__item-list__item\" role=\"listitem\"><span class=\"is--medium\">Option ajout de linge :<\/span> non<\/li>\n<li class=\"product-features__item-list__item\" role=\"listitem\"><span class=\"is--medium\">Bac \u00e0 produit auto nettoyant :<\/span> Non<\/li>\n<li class=\"product-features__item-list__item\" role=\"listitem\"><span class=\"is--medium\">Affichage du temps restant :<\/span> digital<\/li>\n<\/ul>\n<\/li>\n<li class=\"product-features__item\" role=\"listitem\">\n<h3 class=\"product-features__label\">Programmes et options de lavage<\/h3>\n<ul role=\"list\">\n<li class=\"product-features__item-list__item\" role=\"listitem\"><span class=\"is--medium\">Programmes de lavage :<\/span> charge mixte, \u00e9co, synth\u00e9tiques<\/li>\n<li class=\"product-features__item-list__item\" role=\"listitem\"><span class=\"is--medium\">Programme rapide :<\/span> moins de 30 minutes<\/li>\n<li class=\"product-features__item-list__item\" role=\"listitem\"><span class=\"is--medium\">Programme(s) vapeur :<\/span> non<\/li>\n<li class=\"product-features__item-list__item\" role=\"listitem\"><span class=\"is--medium\">Lavage vapeur en profondeur :<\/span> non<\/li>\n<li class=\"product-features__item-list__item\" role=\"listitem\"><span class=\"is--medium\">Dur\u00e9e du programme \u00e9co :<\/span> 3,63 h<\/li>\n<li class=\"product-features__item-list__item\" role=\"listitem\"><span class=\"is--medium\">Programme auto-nettoyant :<\/span> non<\/li>\n<\/ul>\n<\/li>\n<li class=\"product-features__item\" role=\"listitem\">\n<h3 class=\"product-features__label\">Programmes et options de s\u00e9chage<\/h3>\n<ul role=\"list\">\n<li class=\"product-features__item-list__item\" role=\"listitem\"><span class=\"is--medium\">Programmes \u00e0 encha\u00eenement automatique :<\/span> non, pas d&rsquo;encha\u00eenement automatique<\/li>\n<li class=\"product-features__item-list__item\" role=\"listitem\"><span class=\"is--medium\">Type de s\u00e9chage :<\/span> condensation par r\u00e9sistance<\/li>\n<li class=\"product-features__item-list__item\" role=\"listitem\"><span class=\"is--medium\">Fonction s\u00e9chage seul :<\/span> Minuterie ou Mode automatique<\/li>\n<li class=\"product-features__item-list__item\" role=\"listitem\"><span class=\"is--medium\">Programmes de s\u00e9chage :<\/span> s\u00e9chage rapide<\/li>\n<\/ul>\n<\/li>\n<li class=\"product-features__item\" role=\"listitem\">\n<h3 class=\"product-features__label\">Technologie(s) du lave linge<\/h3>\n<ul role=\"list\">\n<li class=\"product-features__item-list__item\" role=\"listitem\"><span class=\"is--medium\">Smart Diagnosis :<\/span> permet d&rsquo;identifier \u00e0 distance la nature d&rsquo;une panne \u00e9ventuelle, via un appel t\u00e9l\u00e9phonique.<\/li>\n<\/ul>\n<\/li>\n<li class=\"product-features__item\" role=\"listitem\">\n<h3 class=\"product-features__label\">S\u00e9curit\u00e9<\/h3>\n<ul role=\"list\">\n<li class=\"product-features__item-list__item\" role=\"listitem\"><span class=\"is--medium\">S\u00e9curit\u00e9 enfant :<\/span> non<\/li>\n<\/ul>\n<\/li>\n<li class=\"product-features__item\" role=\"listitem\">\n<h3 class=\"product-features__label\">Connectivit\u00e9<\/h3>\n<ul role=\"list\">\n<li class=\"product-features__item-list__item\" role=\"listitem\"><span class=\"is--medium\">Produit connectable :<\/span> oui, en bluetooth pour une connexion \u00e0 la maison<\/li>\n<li class=\"product-features__item-list__item\" role=\"listitem\"><span class=\"is--medium\">Nom de l&rsquo;application :<\/span> LG ThinQ<\/li>\n<li class=\"product-features__item-list__item\" role=\"listitem\"><span class=\"is--medium\">Programmes additionnels t\u00e9l\u00e9chargeables via l&rsquo;application :<\/span> non<\/li>\n<li class=\"product-features__item-list__item\" role=\"listitem\"><span class=\"is--medium\">Conseils de lavage :<\/span> Non<\/li>\n<li class=\"product-features__item-list__item\" role=\"listitem\"><span class=\"is--medium\">Alertes sur les consommations, le niveau de produits de lessive, d&rsquo;assouplissant :<\/span> Non<\/li>\n<li class=\"product-features__item-list__item\" role=\"listitem\"><span class=\"is--medium\">Acc\u00e9dez \u00e0 des astuces, manuels d&rsquo;utilisation et un support maintenance :<\/span> non<\/li>\n<li class=\"product-features__item-list__item\" role=\"listitem\"><span class=\"is--medium\">Programmes t\u00e9l\u00e9chargeables : :<\/span> non<\/li>\n<li class=\"product-features__item-list__item\" role=\"listitem\"><span class=\"is--medium\">Astuces, manuels d&rsquo;utilisation et support maintenance disponibles sur l&rsquo;application :<\/span> non<\/li>\n<\/ul>\n<\/li>\n<li class=\"product-features__item\" role=\"listitem\">\n<h3 class=\"product-features__label\">Conception de l&rsquo;appareil<\/h3>\n<ul role=\"list\">\n<li class=\"product-features__item-list__item\" role=\"listitem\"><span class=\"is--medium\">Type de moteur :<\/span> induction \u00e0 entra\u00eenement direct (sans courroie), faible consommation, plus silencieux et plus durable<\/li>\n<li class=\"product-features__item-list__item\" role=\"listitem\"><span class=\"is--medium\">Mati\u00e8re du tambour :<\/span> polypropyl\u00e8ne<\/li>\n<li class=\"product-features__item-list__item\" role=\"listitem\"><span class=\"is--medium\">Mati\u00e8re de la cuve :<\/span> polypropyl\u00e8ne<\/li>\n<\/ul>\n<\/li>\n<li class=\"product-features__item\" role=\"listitem\">\n<h3 class=\"product-features__label\">Consommation &amp; \u00e9conomie d&rsquo;\u00e9nergie<\/h3>\n<ul role=\"list\">\n<li class=\"product-features__item-list__item\" role=\"listitem\"><span class=\"is--medium\">Raccordement eau chaude ou eau froide :<\/span> Raccordement eau froide traditionnel (une seule arriv\u00e9e d&rsquo;eau)<\/li>\n<li class=\"product-features__item-list__item\" role=\"listitem\"><span class=\"is--medium\">Label \u00e9nergie de lavage seul :<\/span> D<\/li>\n<li class=\"product-features__item-list__item\" role=\"listitem\"><span class=\"is--medium\">Label \u00e9nergie lavage et sechage :<\/span> E<\/li>\n<li class=\"product-features__item-list__item\" role=\"listitem\"><span class=\"is--medium\">Consommation en eau (programme \u00e9co, lavage et s\u00e9chage) :<\/span> 80,0 litres \/ cycle<\/li>\n<li class=\"product-features__item-list__item\" role=\"listitem\"><span class=\"is--medium\">Consommation d&rsquo;\u00e9lectricit\u00e9 pour 100 cycles (programme \u00e9co, lavage et s\u00e9chage) :<\/span> 326,0 kW<\/li>\n<li class=\"product-features__item-list__item\" role=\"listitem\"><span class=\"is--medium\">Dur\u00e9e du cycle de lavage et s\u00e9chage (programme \u00e9co) :<\/span> 7,67 h<\/li>\n<li class=\"product-features__item-list__item\" role=\"listitem\"><span class=\"is--medium\">Co\u00fbt annuel d&rsquo;\u00e9lectricit\u00e9 (bas\u00e9 sur 100 cycles) :<\/span> 82 euros par an<\/li>\n<li class=\"product-features__item-list__item\" role=\"listitem\"><span class=\"is--medium\">Co\u00fbt annuel d&rsquo;eau (bas\u00e9 sur 100 cycles) :<\/span> 35 euros par an<\/li>\n<li class=\"product-features__item-list__item\" role=\"listitem\"><span class=\"is--medium\">Co\u00fbt annuel d&rsquo;utilisation (bas\u00e9 sur 100 cycles) :<\/span> 117 euros par an<\/li>\n<\/ul>\n<\/li>\n<li class=\"product-features__item\" role=\"listitem\">\n<h3 class=\"product-features__label\">Dimensions<\/h3>\n<ul role=\"list\">\n<li class=\"product-features__item-list__item\" role=\"listitem\"><span class=\"is--medium\">L x H x P :<\/span> 60 x 85 x 60 cm<\/li>\n<li class=\"product-features__item-list__item\" role=\"listitem\"><span class=\"is--medium\">Profondeur produit hors hublot :<\/span> 60,0 cm<\/li>\n<li class=\"product-features__item-list__item\" role=\"listitem\"><span class=\"is--medium\">Profondeur avec hublot ferm\u00e9, d\u00e9bord arri\u00e8re compris :<\/span> 60,0 cm<\/li>\n<li class=\"product-features__item-list__item\" role=\"listitem\"><span class=\"is--medium\">Notre conseil :<\/span> pr\u00e9voir 2 \u00e0 3 centim\u00e8tres suppl\u00e9mentaires derri\u00e8re la machine pour le passage des tuyaux et c\u00e2bles.<\/li>\n<li class=\"product-features__item-list__item\" role=\"listitem\"><span class=\"is--medium\">Poids net :<\/span> 66,0 kg<\/li>\n<li class=\"product-features__item-list__item\" role=\"listitem\"><span class=\"is--medium\">Poids brut :<\/span> 70,0 kg<\/li>\n<\/ul>\n<\/li>\n<li class=\"product-features__item\" role=\"listitem\">\n<h3 class=\"product-features__label\">Informations compl\u00e9mentaires<\/h3>\n<ul role=\"list\">\n<li class=\"product-features__item-list__item\" role=\"listitem\"><span class=\"is--medium\">Fabriqu\u00e9 en :<\/span> Chine<\/li>\n<li class=\"product-features__item-list__item\" role=\"listitem\"><span class=\"is--medium\">Garantie :<\/span> 2 ans<\/li>\n<li class=\"product-features__item-list__item\" role=\"listitem\"><span class=\"is--medium\">Disponibilit\u00e9 des pi\u00e8ces d\u00e9tach\u00e9es\u00a0 :<\/span> Pendant 15 ans, \u00e0 compter de la date d&rsquo;achat<br \/>\n<h3 class=\"product-features__label\">Lave-linge s\u00e9chant hublot LG F854M21WR : une solution compl\u00e8te pour un linge impeccable<\/h3>\n<\/li>\n<\/ul>\n<\/li>\n<\/ul>\n<\/div>\n<div class=\"product__disclosure-content\">\n<div class=\"js-read-more product-description__content read-more read-more--truncated\" style=\"max-height: 500px; overflow: hidden;\" data-read-more-name=\"description\">\n<div class=\"product__description-content read-more\">\n<h3>Performance et innovation au service du linge<\/h3>\n<p>Le lave-linge s\u00e9chant LG F854M21WR est une merveille de technologie qui allie capacit\u00e9 et performance. Avec une capacit\u00e9 de lavage de 8 kg et de s\u00e9chage de 5 kg, il r\u00e9pond aux besoins des familles modernes. Son moteur induction Direct Drive\u2122, garantissant 10 ans, fonctionne sans courroie ni poulie, r\u00e9duisant ainsi les risques de panne et offrant un lavage pr\u00e9cis gr\u00e2ce \u00e0 la technologie 6 Motion Direct Drive\u2122. Cette derni\u00e8re adapte les mouvements du tambour au type de tissu, assurant un soin optimal du linge. La machine propose \u00e9galement une efficacit\u00e9 \u00e9nerg\u00e9tique de classe E pour le lavage et le s\u00e9chage et classe D pour le lavage seul, avec une consommation d&rsquo;eau ma\u00eetris\u00e9e. Le niveau sonore maximal en essorage est de 75 dB, ce qui en fait un appareil relativement silencieux.<\/p>\n<h3>Confort d&rsquo;utilisation et design adapt\u00e9<\/h3>\n<p>Le design du LG F854M21WR est pens\u00e9 pour s&rsquo;int\u00e9grer parfaitement dans les espaces r\u00e9duits. Son top amovible permet de le glisser sous un plan de travail standard, gagnant ainsi 3 cm de hauteur. L&rsquo;ergonomie est renforc\u00e9e par une molette blanche au contour gris et un display noir qui affiche clairement les informations telles que la dur\u00e9e du cycle ou la temp\u00e9rature. La fonction Smart Diagnosis\u2122 simplifie la d\u00e9tection des pannes, \u00e9vitant des interventions inutiles. De plus, la fin diff\u00e9r\u00e9e offre la possibilit\u00e9 de programmer la fin du cycle selon vos besoins. En termes de s\u00e9curit\u00e9, l&rsquo;appareil est \u00e9quip\u00e9 de la fonction Aqua Lock, d&rsquo;un verrouillage enfant et d&rsquo;un signal sonore pour une utilisation<\/p>\n<p>sereine au quotidien.<\/p>\n<\/div>\n<\/div>\n<p>&nbsp;<\/p>\n<\/div>","protected":false},"excerpt":{"rendered":"<div class=\"keypoints\">\n<h3 class=\"keypoints__title\">Les points cl\u00e9s<\/h3>\n<ul role=\"list\">\n<li class=\"keypoints__item\" role=\"listitem\">L x H x P : 60 x 85 x 60 cm<\/li>\n<li class=\"keypoints__item\" role=\"listitem\">Capacit\u00e9 Standard (8kg) &#8211; S\u00e9chage (5Kg)<\/li>\n<li class=\"keypoints__item\" role=\"listitem\">Label \u00e9nergie E &#8211; Niveau sonore de 75dB<\/li>\n<li class=\"keypoints__item\" role=\"listitem\">Essorage \u00e9lev\u00e9 (1400 trs) &#8211; Tambour 58L<\/li>\n<li class=\"keypoints__item keypoints__item--advantage\" role=\"listitem\"><strong>Le + :<\/strong> sa fonction Smart Diagnosis d\u00e9tecte les pannes potentielles de votre appareil<\/li>\n<\/ul>\n<p>&nbsp;<\/p>\n<\/div>","protected":false},"featured_media":5432,"template":"","meta":{"_glsr_average":0,"_glsr_ranking":0,"_glsr_reviews":0},"product_cat":[134],"product_tag":[131,132,135],"class_list":{"0":"post-36124","1":"product","2":"type-product","3":"status-publish","4":"has-post-thumbnail","6":"product_cat-lave-linge-sechant","7":"product_tag-gros-electromenager","8":"product_tag-lave-linge","9":"product_tag-lave-linge-sechant","11":"first","12":"instock","13":"sale","14":"shipping-taxable","15":"purchasable","16":"product-type-simple"},"_links":{"self":[{"href":"https:\/\/electromenagerexpress.com\/en\/wp-json\/wp\/v2\/product\/36124","targetHints":{"allow":["GET"]}}],"collection":[{"href":"https:\/\/electromenagerexpress.com\/en\/wp-json\/wp\/v2\/product"}],"about":[{"href":"https:\/\/electromenagerexpress.com\/en\/wp-json\/wp\/v2\/types\/product"}],"wp:featuredmedia":[{"embeddable":true,"href":"https:\/\/electromenagerexpress.com\/en\/wp-json\/wp\/v2\/media\/5432"}],"wp:attachment":[{"href":"https:\/\/electromenagerexpress.com\/en\/wp-json\/wp\/v2\/media?parent=36124"}],"wp:term":[{"taxonomy":"product_cat","embeddable":true,"href":"https:\/\/electromenagerexpress.com\/en\/wp-json\/wp\/v2\/product_cat?post=36124"},{"taxonomy":"product_tag","embeddable":true,"href":"https:\/\/electromenagerexpress.com\/en\/wp-json\/wp\/v2\/product_tag?post=36124"}],"curies":[{"name":"wp","href":"https:\/\/api.w.org\/{rel}","templated":true}]}}