{"id":36123,"date":"2024-11-21T09:12:44","date_gmt":"2024-11-21T09:12:44","guid":{"rendered":"https:\/\/electromenagerexpress.com\/product\/lave-linge-hublot-siemenswu14ut69fr-iq500\/"},"modified":"2025-01-20T10:49:17","modified_gmt":"2025-01-20T10:49:17","slug":"lave-linge-hublot-siemenswu14ut69fr-iq500","status":"publish","type":"product","link":"https:\/\/electromenagerexpress.com\/en\/product\/lave-linge-hublot-siemenswu14ut69fr-iq500\/","title":{"rendered":"Lave linge hublot \tSIEMENS\t WU14UT69FR iQ500"},"content":{"rendered":"<div class=\"product-features__content\">\n<ul role=\"list\">\n<li class=\"product-features__item\" role=\"listitem\">\n<h3 class=\"product-features__label\">Installation<\/h3>\n<ul role=\"list\">\n<li class=\"product-features__item-list__item\" role=\"listitem\"><span class=\"is--medium\">Type de produit :<\/span> Lave linge hublot<\/li>\n<li class=\"product-features__item-list__item\" role=\"listitem\"><span class=\"is--medium\">Avantage :<\/span> il peut \u00eatre install\u00e9 rapidement et simplement n&rsquo;importe o\u00f9. Pour une profondeur mini de 60 cm, vous pourrez y superposer un s\u00e9che-linge<\/li>\n<li class=\"product-features__item-list__item\" role=\"listitem\"><span class=\"is--medium\">Dessus amovible :<\/span> oui, pr\u00e9vu pour une installation sous le plan de travail avec l&rsquo;ajout de la\u00a0 d\u00e9di\u00e9e.<\/li>\n<li class=\"product-features__item-list__item\" role=\"listitem\"><span class=\"is--medium\">Conseils :<\/span> pr\u00e9voir 2 \u00e0 3 cms suppl\u00e9mentaires derri\u00e8re la machine pour le passage des tuyaux et c\u00e2bles<\/li>\n<li class=\"product-features__item-list__item\" role=\"listitem\"><span class=\"is--medium\">Sens d&rsquo;ouverture du hublot :<\/span> fixation \u00e0 gauche<\/li>\n<li class=\"product-features__item-list__item\" role=\"listitem\"><span class=\"is--medium\">Pieds r\u00e9glables :<\/span> oui<\/li>\n<li class=\"product-features__item-list__item\" role=\"listitem\"><span class=\"is--medium\">Roulettes :<\/span> non<\/li>\n<\/ul>\n<\/li>\n<li class=\"product-features__item\" role=\"listitem\">\n<h3 class=\"product-features__label\">Capacit\u00e9s<\/h3>\n<ul role=\"list\">\n<li class=\"product-features__item-list__item\" role=\"listitem\"><span class=\"is--medium\">Capacit\u00e9 de lavage :<\/span> 9,0 kg<\/li>\n<li class=\"product-features__item-list__item\" role=\"listitem\"><span class=\"is--medium\">Id\u00e9al pour :<\/span> 3 personnes<\/li>\n<li class=\"product-features__item-list__item\" role=\"listitem\"><span class=\"is--medium\">Volume du tambour :<\/span> 65 L<\/li>\n<li class=\"product-features__item-list__item\" role=\"listitem\"><span class=\"is--medium\">Vitesse d&rsquo;essorage :<\/span> 1.400 tr\/mn<\/li>\n<\/ul>\n<\/li>\n<li class=\"product-features__item\" role=\"listitem\">\n<h3 class=\"product-features__label\">Confort d&rsquo;utilisation<\/h3>\n<ul role=\"list\">\n<li class=\"product-features__item-list__item\" role=\"listitem\"><span class=\"is--medium\">Niveau sonore en d\u00e9cibels max. en essorage :<\/span> silencieux (72 db)<\/li>\n<li class=\"product-features__item-list__item\" role=\"listitem\"><span class=\"is--medium\">Raccordement eau chaude ou eau froide :<\/span> Raccordement eau froide traditionnel (une seule arriv\u00e9e d&rsquo;eau)<\/li>\n<li class=\"product-features__item-list__item\" role=\"listitem\"><span class=\"is--medium\">Option d\u00e9part diff\u00e9r\u00e9 ou fin diff\u00e9r\u00e9e :<\/span> Fin diff\u00e9r\u00e9e 24 heures<\/li>\n<li class=\"product-features__item-list__item\" role=\"listitem\"><span class=\"is--medium\">Avantage de la fin diff\u00e9r\u00e9e :<\/span> permet de laver votre linge aux heures creuses et de ne pas laisser le linge humide dans la machine. Evite le tassement du linge et le repassage difficile.<\/li>\n<li class=\"product-features__item-list__item\" role=\"listitem\"><span class=\"is--medium\">Personnalisation du temps de lavage :<\/span> oui, apr\u00e8s s\u00e9lection de votre programme de lavage, ajustez la dur\u00e9e du programme selon vos besoins. Conseil : une dur\u00e9e courte est plus \u00e9nergivore !<\/li>\n<li class=\"product-features__item-list__item\" role=\"listitem\"><span class=\"is--medium\">Ecran d&rsquo;affichage :<\/span> LED<\/li>\n<li class=\"product-features__item-list__item\" role=\"listitem\"><span class=\"is--medium\">Commandes :<\/span> tactiles<\/li>\n<li class=\"product-features__item-list__item\" role=\"listitem\"><span class=\"is--medium\">Distributeur automatique de lessive :<\/span> non, pas de dosage automatique.<\/li>\n<li class=\"product-features__item-list__item\" role=\"listitem\"><span class=\"is--medium\">Option ajout de linge :<\/span> oui, en cas d&rsquo;oubli, vous pouvez ajouter du linge apr\u00e8s le d\u00e9marrage du cycle de lavage choisi.<\/li>\n<li class=\"product-features__item-list__item\" role=\"listitem\"><span class=\"is--medium\">Sonnerie :<\/span> oui, en fin de cycle et d\u00e9sactivable<\/li>\n<li class=\"product-features__item-list__item\" role=\"listitem\"><span class=\"is--medium\">Classe essorage :<\/span> B<\/li>\n<\/ul>\n<\/li>\n<li class=\"product-features__item\" role=\"listitem\">\n<h3 class=\"product-features__label\">Programmes et options<\/h3>\n<ul role=\"list\">\n<li class=\"product-features__item-list__item\" role=\"listitem\"><span class=\"is--medium\">Nombre de programmes :<\/span> 15<\/li>\n<li class=\"product-features__item-list__item\" role=\"listitem\"><span class=\"is--medium\">Programmes :<\/span> charge mixte, chemise, coton, couette, couleurs, d\u00e9licat, \u00e9co, imperm\u00e9abilisant, laine, synth\u00e9tique<\/li>\n<li class=\"product-features__item-list__item\" role=\"listitem\"><span class=\"is--medium\">Dur\u00e9e du programme \u00e9co :<\/span> 3,80 h<\/li>\n<li class=\"product-features__item-list__item\" role=\"listitem\"><span class=\"is--medium\">Programme de lavage rapide :<\/span> moins de 15 minutes<\/li>\n<li class=\"product-features__item-list__item\" role=\"listitem\"><span class=\"is--medium\">Programme(s) vapeur :<\/span> non<\/li>\n<li class=\"product-features__item-list__item\" role=\"listitem\"><span class=\"is--medium\">Lavage vapeur en profondeur :<\/span> non<\/li>\n<li class=\"product-features__item-list__item\" role=\"listitem\"><span class=\"is--medium\">Lavage \u00e0 froid :<\/span> oui, convient pour le linge peu sale<\/li>\n<li class=\"product-features__item-list__item\" role=\"listitem\"><span class=\"is--medium\">Pr\u00e9lavage :<\/span> oui, permet de laver des v\u00eatements tr\u00e8s sales<\/li>\n<li class=\"product-features__item-list__item\" role=\"listitem\"><span class=\"is--medium\">Arr\u00eat cuve pleine :<\/span> oui, prot\u00e8ge le linge d\u00e9licat en le gardant dans la derni\u00e8re eau de rin\u00e7age et limite le froissage<\/li>\n<li class=\"product-features__item-list__item\" role=\"listitem\"><span class=\"is--medium\">Anti froissage \/ repassage facile :<\/span> oui, le lave-linge continue de brasser le linge par intermittence \u00e0 la fin du cycle d&rsquo;essorage. Permet de limiter les faux-plis et facilite le repassage<\/li>\n<li class=\"product-features__item-list__item\" role=\"listitem\"><span class=\"is--medium\">Programme auto-nettoyant :<\/span> nettoyage du tambour, permet d&rsquo;\u00e9liminer la salet\u00e9 et les bact\u00e9ries pour assurer un lavage performant et optimiser l&rsquo;entretien<\/li>\n<\/ul>\n<\/li>\n<li class=\"product-features__item\" role=\"listitem\">\n<h3 class=\"product-features__label\">Connectivit\u00e9<\/h3>\n<ul role=\"list\">\n<li class=\"product-features__item-list__item\" role=\"listitem\"><span class=\"is--medium\">Produit connectable :<\/span> non<\/li>\n<\/ul>\n<\/li>\n<li class=\"product-features__item\" role=\"listitem\">\n<h3 class=\"product-features__label\">Consommation et \u00e9conomie d&rsquo;\u00e9nergie<\/h3>\n<ul role=\"list\">\n<li class=\"product-features__item-list__item\" role=\"listitem\"><span class=\"is--medium\">Label \u00e9nergie :<\/span> A<\/li>\n<li class=\"product-features__item-list__item\" role=\"listitem\"><span class=\"is--medium\">Basse consommation :<\/span> jusqu&rsquo;\u00e0 60% d&rsquo;\u00e9conomie d&rsquo;\u00e9nergie par rapport \u00e0 la classe F <u><\/u><\/li>\n<li class=\"product-features__item-list__item\" role=\"listitem\"><span class=\"is--medium\">Nous avons calcul\u00e9 pour vous :<\/span> les consommations des appareils m\u00e9nagers (lave linge, lave-linge s\u00e9chant, lave-vaisselle, s\u00e8che linge) sont calcul\u00e9es avec le programme \u00e9co 40 60\u00b0<\/li>\n<li class=\"product-features__item-list__item\" role=\"listitem\"><span class=\"is--medium\">Consommation d&rsquo;\u00e9lectricit\u00e9 pour 100 cycles (programme \u00e9co) :<\/span> 49,0 kW<\/li>\n<li class=\"product-features__item-list__item\" role=\"listitem\"><span class=\"is--medium\">Co\u00fbt annuel d&rsquo;\u00e9lectricit\u00e9 (bas\u00e9 sur 100 cycles) :<\/span> 12 euros par an<\/li>\n<li class=\"product-features__item-list__item\" role=\"listitem\"><span class=\"is--medium\">Consommation en eau (programme \u00e9co) :<\/span> 50,0 litres \/ cycle<\/li>\n<li class=\"product-features__item-list__item\" role=\"listitem\"><span class=\"is--medium\">Co\u00fbt annuel d&rsquo;eau (bas\u00e9 sur 100 cycles) :<\/span> 22 euros par an<\/li>\n<li class=\"product-features__item-list__item\" role=\"listitem\"><span class=\"is--medium\">Co\u00fbt annuel d&rsquo;utilisation (bas\u00e9 sur 100 cycles) :<\/span> 34 euros par an<\/li>\n<li class=\"product-features__item-list__item\" role=\"listitem\"><span class=\"is--medium\">R\u00e9duisez la quantit\u00e9 de fibres plastiques qui p\u00e9n\u00e8trent dans vos eaux us\u00e9es lors du lavage <\/span><u><\/u><\/li>\n<\/ul>\n<\/li>\n<li class=\"product-features__item\" role=\"listitem\">\n<h3 class=\"product-features__label\">Conception<\/h3>\n<ul role=\"list\">\n<li class=\"product-features__item-list__item\" role=\"listitem\"><span class=\"is--medium\">Type de moteur :<\/span> induction (avec courroie) faible consommation, silencieux<\/li>\n<li class=\"product-features__item-list__item\" role=\"listitem\"><span class=\"is--medium\">Type de tambour :<\/span> WaveDrum, pour un soin des textiles garanti<\/li>\n<li class=\"product-features__item-list__item\" role=\"listitem\"><span class=\"is--medium\">Mati\u00e8re du tambour :<\/span> inox<\/li>\n<li class=\"product-features__item-list__item\" role=\"listitem\"><span class=\"is--medium\">Mati\u00e8re de la cuve :<\/span> polypropyl\u00e8ne<\/li>\n<\/ul>\n<\/li>\n<li class=\"product-features__item\" role=\"listitem\">\n<h3 class=\"product-features__label\">S\u00e9curit\u00e9<\/h3>\n<ul role=\"list\">\n<li class=\"product-features__item-list__item\" role=\"listitem\"><span class=\"is--medium\">S\u00e9curit\u00e9 enfant :<\/span> oui, le bandeau de commande est verrouill\u00e9 automatiquement ou par une combinaison de touches. Une action involontaire sur le bandeau (appui sur touche, rotation d&rsquo;un bouton) ne modifiera pas le d\u00e9roulement du cycle.<\/li>\n<li class=\"product-features__item-list__item\" role=\"listitem\"><span class=\"is--medium\">Anti-balourd :<\/span> en cas de vitesse irr\u00e9guli\u00e8re et d\u00e9placement important du tambour pouvant \u00eatre provoqu\u00e9 par une mauvaise r\u00e9partition de linge, l&rsquo;essorage est stopp\u00e9, le linge est rebrass\u00e9 avant une nouvelle tentative d&rsquo;essorage.<\/li>\n<li class=\"product-features__item-list__item\" role=\"listitem\"><span class=\"is--medium\">Anti-mousse :<\/span> d\u00e9tecte un exc\u00e8s de mousse dans le tambour (provoqu\u00e9 g\u00e9n\u00e9ralement par un surdosage de lessive) et effectue un ou plusieurs rin\u00e7ages suppl\u00e9mentaires.<\/li>\n<li class=\"product-features__item-list__item\" role=\"listitem\"><span class=\"is--medium\">Anti-d\u00e9bordement :<\/span> en cas d&rsquo;\u00e9l\u00e9vation anormale du niveau d&rsquo;eau dans la cuve, l&rsquo;arriv\u00e9e d&rsquo;eau sera coup\u00e9e et la pompe de vidange s&rsquo;enclenchera.<\/li>\n<\/ul>\n<ul role=\"list\">\n<li class=\"product-features__item-list__item\" role=\"listitem\"><\/li>\n<\/ul>\n<ul role=\"list\">\n<li class=\"product-features__item-list__item\" role=\"listitem\">\n<h3 class=\"product-features__label\">Informations compl\u00e9mentaires<\/h3>\n<ul role=\"list\">\n<li class=\"product-features__item-list__item\" role=\"listitem\"><span class=\"is--medium\">Indice de r\u00e9parabilit\u00e9 :<\/span> 8,9 \/10<u><\/u><\/li>\n<li class=\"product-features__item-list__item\" role=\"listitem\"><span class=\"is--medium\">Fabriqu\u00e9 en :<\/span> Espagne<\/li>\n<li class=\"product-features__item-list__item\" role=\"listitem\"><span class=\"is--medium\">Disponibilit\u00e9 des pi\u00e8ces d\u00e9tach\u00e9es (donn\u00e9es fournisseur) :<\/span> Pendant 15 ans, \u00e0 compter de la date d&rsquo;achat<u><\/u><\/li>\n<li class=\"product-features__item-list__item\" role=\"listitem\"><span class=\"is--medium\">Assembl\u00e9 en :<\/span> Europe<\/li>\n<\/ul>\n<\/li>\n<\/ul>\n<\/li>\n<li class=\"product-features__item\" role=\"listitem\">\n<h3 class=\"product-features__label\">Dimensions<\/h3>\n<ul role=\"list\">\n<li class=\"product-features__item-list__item\" role=\"listitem\"><span class=\"is--medium\">L x H x P :<\/span> 59.8 x 84.5 x 59.9 cm<\/li>\n<li class=\"product-features__item-list__item\" role=\"listitem\"><span class=\"is--medium\">Profondeur produit hors hublot :<\/span> 59,9 cm<\/li>\n<li class=\"product-features__item-list__item\" role=\"listitem\"><span class=\"is--medium\">Profondeur avec hublot ferm\u00e9, d\u00e9bord arri\u00e8re compris :<\/span> 63,2 cm<\/li>\n<li class=\"product-features__item-list__item\" role=\"listitem\"><span class=\"is--medium\">Conseil :<\/span> pr\u00e9voir 2 \u00e0 3 centim\u00e8tres suppl\u00e9mentaires derri\u00e8re la machine pour le passage des tuyaux et c\u00e2bles.<\/li>\n<li class=\"product-features__item-list__item\" role=\"listitem\"><span class=\"is--medium\">Dimensions d&rsquo;encastrement l x h x p :<\/span> 59.8 x 82 x 63.2 cm<\/li>\n<li class=\"product-features__item-list__item\" role=\"listitem\"><span class=\"is--medium\">Poids net :<\/span> 74,5 kg<\/li>\n<li class=\"product-features__item-list__item\" role=\"listitem\"><span class=\"is--medium\">Poids brut :<\/span> 75,5 kg<\/li>\n<\/ul>\n<\/li>\n<\/ul>\n<\/div>\n<div class=\"product__disclosure-content\">\n<div class=\"js-read-more product-description__content read-more read-more--truncated\" style=\"max-height: 500px; overflow: hidden;\" data-read-more-name=\"description\">\n<div class=\"product__description-content read-more\">\n<p>Lave-linge Siemens WU14UT69FR iQ500 : Performance et \u00c9conomie d&rsquo;\u00c9nergie<\/p>\n<h3>Innovation et efficacit\u00e9 avec iQdrive et speedPack L<\/h3>\n<p>Le lave-linge Siemens WU14UT69FR iQ500 se distingue par son moteur \u00e0 induction iQdrive, garant de performances \u00e9lev\u00e9es, d&rsquo;une durabilit\u00e9 exceptionnelle et d&rsquo;un fonctionnement silencieux, avec une garantie de 10 ans. Ce mod\u00e8le, d&rsquo;une capacit\u00e9 de 9 kg, convient parfaitement aux familles nombreuses, tout en offrant une classe d&rsquo;efficacit\u00e9 \u00e9nerg\u00e9tique A, synonyme de consommation r\u00e9duite \u00e0 seulement 49 kWh pour 100 cycles de lavage Eco 40-60. L&rsquo;option speedPack L permet d&rsquo;acc\u00e9l\u00e9rer les programmes ou de r\u00e9aliser un lavage express en seulement 15 minutes, id\u00e9al pour les journ\u00e9es charg\u00e9es.<\/p>\n<h3>Confort d&rsquo;utilisation et respect des textiles<\/h3>\n<p>Le Siemens WU14UT69FR iQ500 est con\u00e7u pour faciliter le quotidien avec son installation sous plan possible, permettant une int\u00e9gration harmonieuse dans toute cuisine ou buanderie. Le programme Outdoor\/Imperm\u00e9abiliser est sp\u00e9cialement con\u00e7u pour les textiles d\u00e9licats et imperm\u00e9ables, assurant un soin optimal. La technologie waterPerfect Plus ajuste la consommation d&rsquo;eau en fonction de la charge, et le tambour waveDrum garantit un lavage doux pour tous les textiles. Avec une classe d&rsquo;efficacit\u00e9 d&rsquo;essorage B et un niveau sonore de 72 dB(A), ce lave-linge allie confort et respect de<\/p>\n<\/div>\n<\/div>\n<\/div>","protected":false},"excerpt":{"rendered":"<div class=\"keypoints\">\n<h3 class=\"keypoints__title\">Les points cl\u00e9s<\/h3>\n<ul role=\"list\">\n<li class=\"keypoints__item\" role=\"listitem\">L x H x P : 59.8 x 84.5 x 59.9 cm<\/li>\n<li class=\"keypoints__item\" role=\"listitem\">Capacit\u00e9 L (9kg) &#8211; Tambour 65L<\/li>\n<li class=\"keypoints__item\" role=\"listitem\">Label \u00e9nergie A &#8211; Silencieux 72dB<\/li>\n<li class=\"keypoints__item\" role=\"listitem\">Essorage \u00e9lev\u00e9 (1400 trs)<\/li>\n<li class=\"keypoints__item keypoints__item--advantage\" role=\"listitem\"><strong>Le + :<\/strong> acc\u00e9l\u00e9rez vos programmes ou optez pour un lavage en 15 minutes seulement gr\u00e2ce \u00e0 VarioSpeed<\/li>\n<\/ul>\n<p>&nbsp;<\/p>\n<\/div>","protected":false},"featured_media":5310,"template":"","meta":{"_glsr_average":0,"_glsr_ranking":0,"_glsr_reviews":0},"product_cat":[130],"product_tag":[131,132,133],"class_list":{"0":"post-36123","1":"product","2":"type-product","3":"status-publish","4":"has-post-thumbnail","6":"product_cat-lave-linge-hublot","7":"product_tag-gros-electromenager","8":"product_tag-lave-linge","9":"product_tag-lave-linge-hublot","11":"first","12":"instock","13":"sale","14":"shipping-taxable","15":"purchasable","16":"product-type-simple"},"_links":{"self":[{"href":"https:\/\/electromenagerexpress.com\/en\/wp-json\/wp\/v2\/product\/36123","targetHints":{"allow":["GET"]}}],"collection":[{"href":"https:\/\/electromenagerexpress.com\/en\/wp-json\/wp\/v2\/product"}],"about":[{"href":"https:\/\/electromenagerexpress.com\/en\/wp-json\/wp\/v2\/types\/product"}],"wp:featuredmedia":[{"embeddable":true,"href":"https:\/\/electromenagerexpress.com\/en\/wp-json\/wp\/v2\/media\/5310"}],"wp:attachment":[{"href":"https:\/\/electromenagerexpress.com\/en\/wp-json\/wp\/v2\/media?parent=36123"}],"wp:term":[{"taxonomy":"product_cat","embeddable":true,"href":"https:\/\/electromenagerexpress.com\/en\/wp-json\/wp\/v2\/product_cat?post=36123"},{"taxonomy":"product_tag","embeddable":true,"href":"https:\/\/electromenagerexpress.com\/en\/wp-json\/wp\/v2\/product_tag?post=36123"}],"curies":[{"name":"wp","href":"https:\/\/api.w.org\/{rel}","templated":true}]}}