{"id":36092,"date":"2024-11-21T09:11:07","date_gmt":"2024-11-21T09:11:07","guid":{"rendered":"https:\/\/electromenagerexpress.com\/product\/lave-linge-professionnelaskowmc8943pc-s-pro\/"},"modified":"2026-03-12T11:58:42","modified_gmt":"2026-03-12T11:58:42","slug":"lave-linge-professionnelaskowmc8943pc-s-pro","status":"publish","type":"product","link":"https:\/\/electromenagerexpress.com\/en\/product\/lave-linge-professionnelaskowmc8943pc-s-pro\/","title":{"rendered":"Lave linge professionnel\t ASKO WMC8943PC.S PRO"},"content":{"rendered":"<div class=\"product-features__content\">\n<ul role=\"list\">\n<li class=\"product-features__item\" role=\"listitem\">\n<h3 class=\"product-features__label\">Produit convient aux activit\u00e9s professionnelles suivantes<\/h3>\n<ul role=\"list\">\n<li class=\"product-features__item-list__item\" role=\"listitem\"><span class=\"is--medium\">convient \u00e0 l&rsquo;h\u00f4tellerie, \u00e0 la restauration et aux caf\u00e9s :<\/span> Oui<\/li>\n<li class=\"product-features__item-list__item\" role=\"listitem\"><span class=\"is--medium\">convient aux coiffeurs ou aux barbiers :<\/span> Oui<\/li>\n<li class=\"product-features__item-list__item\" role=\"listitem\"><span class=\"is--medium\">convient aux universit\u00e9s, \u00e9coles et centres de loisirs\/sportifs :<\/span> Non<\/li>\n<li class=\"product-features__item-list__item\" role=\"listitem\"><span class=\"is--medium\">convient aux clubs de sport :<\/span> Oui<\/li>\n<li class=\"product-features__item-list__item\" role=\"listitem\"><span class=\"is--medium\">convient aux cr\u00e8ches, jardins d&rsquo;enfants et assistantes maternelles :<\/span> Oui<\/li>\n<li class=\"product-features__item-list__item\" role=\"listitem\"><span class=\"is--medium\">convient aux salons de beaut\u00e9, centres de bien-\u00eatre et de fitness :<\/span> Oui<\/li>\n<li class=\"product-features__item-list__item\" role=\"listitem\"><span class=\"is--medium\">convient aux r\u00e9sidences \u00e9tudiantes et\/ou seniors (collectifs) :<\/span> Oui<\/li>\n<li class=\"product-features__item-list__item\" role=\"listitem\"><span class=\"is--medium\">convient aux structures m\u00e9dicales (dentistes, EHPAD, maison m\u00e9dicale&#8230;) :<\/span> Non<\/li>\n<li class=\"product-features__item-list__item\" role=\"listitem\"><span class=\"is--medium\">convient \u00e0 l&rsquo;h\u00f4tellerie de plein air (camping, centre de vacances&#8230;.) :<\/span> Oui<\/li>\n<li class=\"product-features__item-list__item\" role=\"listitem\"><span class=\"is--medium\">Usage domestique (familles nombreuses) :<\/span> Oui<\/li>\n<li class=\"product-features__item-list__item\" role=\"listitem\"><span class=\"is--medium\">convient aux services de s\u00e9crurit\u00e9s ou assistances :<\/span> Oui<\/li>\n<\/ul>\n<\/li>\n<li class=\"product-features__item\" role=\"listitem\">\n<h3 class=\"product-features__label\">Caract\u00e9ristiques principales<\/h3>\n<ul role=\"list\">\n<li class=\"product-features__item-list__item\" role=\"listitem\"><span class=\"is--medium\">Type de moteur :<\/span> Induction<\/li>\n<li class=\"product-features__item-list__item\" role=\"listitem\"><span class=\"is--medium\">Type de programmation :<\/span> Electronique<\/li>\n<\/ul>\n<\/li>\n<li class=\"product-features__item\" role=\"listitem\">\n<h3 class=\"product-features__label\">Installation<\/h3>\n<ul role=\"list\">\n<li class=\"product-features__item-list__item\" role=\"listitem\"><span class=\"is--medium\">Type de produit :<\/span> lave linge hublot<\/li>\n<li class=\"product-features__item-list__item\" role=\"listitem\"><span class=\"is--medium\">Sens d&rsquo;ouverture du hublot :<\/span> fixation \u00e0 gauche<\/li>\n<li class=\"product-features__item-list__item\" role=\"listitem\"><span class=\"is--medium\">Hauteur des pieds r\u00e9glables :<\/span> 1,0 cm<\/li>\n<li class=\"product-features__item-list__item\" role=\"listitem\"><span class=\"is--medium\">Raccordement eau chaude ou eau froide :<\/span> eau chaude et eau froide<\/li>\n<li class=\"product-features__item-list__item\" role=\"listitem\"><span class=\"is--medium\">Dimensions de raccord :<\/span> 19,0 mm<\/li>\n<li class=\"product-features__item-list__item\" role=\"listitem\"><span class=\"is--medium\">Nombre de raccord :<\/span> 2<\/li>\n<li class=\"product-features__item-list__item\" role=\"listitem\"><span class=\"is--medium\">Type de branchement \u00e9lectrique :<\/span> Monophas\u00e9 230V<\/li>\n<\/ul>\n<\/li>\n<li class=\"product-features__item\" role=\"listitem\">\n<h3 class=\"product-features__label\">Capacit\u00e9s<\/h3>\n<ul role=\"list\">\n<li class=\"product-features__item-list__item\" role=\"listitem\"><span class=\"is--medium\">Capacit\u00e9 de lavage :<\/span> 9,00 Kg<\/li>\n<li class=\"product-features__item-list__item\" role=\"listitem\"><span class=\"is--medium\">Volume du tambour :<\/span> 80 L<\/li>\n<li class=\"product-features__item-list__item\" role=\"listitem\"><span class=\"is--medium\">Vitesse d&rsquo;essorage :<\/span> 1.400 tr\/mn<\/li>\n<li class=\"product-features__item-list__item\" role=\"listitem\"><span class=\"is--medium\">Taux d&rsquo;humidit\u00e9 % :<\/span> 49<\/li>\n<li class=\"product-features__item-list__item\" role=\"listitem\"><span class=\"is--medium\">Facteur G :<\/span> 530<\/li>\n<\/ul>\n<\/li>\n<li class=\"product-features__item\" role=\"listitem\">\n<h3 class=\"product-features__label\">Confort d&rsquo;utilisation<\/h3>\n<ul role=\"list\">\n<li class=\"product-features__item-list__item\" role=\"listitem\"><span class=\"is--medium\">Niveau sonore maximum en essorage :<\/span> niveau sonore standard (75 db)<\/li>\n<li class=\"product-features__item-list__item\" role=\"listitem\"><span class=\"is--medium\">Eclairage int\u00e9rieur tambour :<\/span> Non<\/li>\n<li class=\"product-features__item-list__item\" role=\"listitem\"><span class=\"is--medium\">Nombre de compartiments :<\/span> oui, remplissez le r\u00e9servoir 1 fois pour 20 \u00e0 35 cycles. La machine adapte la consommation de produitts lessiviels en fonction de la quantit\u00e9 de linge et de l&rsquo;\u00e9tat de salet\u00e9<\/li>\n<li class=\"product-features__item-list__item\" role=\"listitem\"><span class=\"is--medium\">D\u00e9part diff\u00e9r\u00e9 ou fin diff\u00e9r\u00e9e (d\u00e9lai maximum) :<\/span> D\u00e9part diff\u00e9r\u00e9<\/li>\n<li class=\"product-features__item-list__item\" role=\"listitem\"><span class=\"is--medium\">Avantage du d\u00e9part diff\u00e9r\u00e9 :<\/span> oui, permet de laver votre linge aux heures creuses ou quand vous n&rsquo;\u00eates pas pr\u00e9sent<\/li>\n<li class=\"product-features__item-list__item\" role=\"listitem\"><span class=\"is--medium\">Sonnerie :<\/span> oui, en fin de cycle<\/li>\n<li class=\"product-features__item-list__item\" role=\"listitem\"><span class=\"is--medium\">Installation en colonne possible :<\/span> Performances et gain de place : L&rsquo;installation en colonne lave-linge\/ s\u00e8che-linge n\u00e9cessite &lt;0,5 m\u00b2 de surface.<\/li>\n<\/ul>\n<\/li>\n<li class=\"product-features__item\" role=\"listitem\">\n<h3 class=\"product-features__label\">Programmes<\/h3>\n<ul role=\"list\">\n<li class=\"product-features__item-list__item\" role=\"listitem\"><span class=\"is--medium\">D\u00e9tail :<\/span> V\u00eatement de travail :, Tissus \u00e9ponge :, Textiles de nettoyage :, D\u00e9sinfection :, Anti allergie :, Thermo-d\u00e9sinfectant, Pr\u00e9lavage, Rapide, Intensif, Laine, Coton, Synth\u00e9tique, Microfibres<\/li>\n<li class=\"product-features__item-list__item\" role=\"listitem\"><span class=\"is--medium\">Thermo-d\u00e9sinfectant : :<\/span> oui, programme d\u00e9di\u00e9 qui d\u00e9sodorise et donne une sensation de fra\u00eecheur \u00e0 votre linge<\/li>\n<li class=\"product-features__item-list__item\" role=\"listitem\"><span class=\"is--medium\">Thermo-d\u00e9sinfectant :<\/span> Oui<\/li>\n<li class=\"product-features__item-list__item\" role=\"listitem\"><span class=\"is--medium\">V\u00eatement de travail :<\/span> Programme de lavage particuli\u00e8rement \u00e9conomique pour les textiles professionnels normalement sales en coton ou coton\/ m\u00e9langes synth\u00e9tiques<\/li>\n<li class=\"product-features__item-list__item\" role=\"listitem\"><span class=\"is--medium\">Pr\u00e9lavage : :<\/span> oui, permet de laver des v\u00eatements tr\u00e8s sales<\/li>\n<li class=\"product-features__item-list__item\" role=\"listitem\"><span class=\"is--medium\">Tissus \u00e9ponge :<\/span> Textiles Serviettes et peignoirs en \u00e9ponge<\/li>\n<li class=\"product-features__item-list__item\" role=\"listitem\"><span class=\"is--medium\">Textiles de nettoyage :<\/span> Serpill\u00e8res ou lavettes en tissu m\u00e9lang\u00e9, coton r\u00e9sistant ou microfibres<\/li>\n<li class=\"product-features__item-list__item\" role=\"listitem\"><span class=\"is--medium\">D\u00e9sinfection :<\/span> Programme dans lequel la temp\u00e9rature atteinte lors du lavage principal durant une certaine p\u00e9riode permet de d\u00e9sinfecter et d\u00e9limiter les micro-organisme<\/li>\n<li class=\"product-features__item-list__item\" role=\"listitem\"><span class=\"is--medium\">Anti allergie :<\/span> Il permet de laver le linge n\u00e9cessitant un traitement sp\u00e9cial, tel que v\u00eatements des personnes \u00e0 peau tr\u00e8s sensible ou souffrant d&rsquo;allergies cutan\u00e9es<\/li>\n<\/ul>\n<\/li>\n<li class=\"product-features__item\" role=\"listitem\">\n<h3 class=\"product-features__label\">Connect\u00e9<\/h3>\n<ul role=\"list\">\n<li class=\"product-features__item-list__item\" role=\"listitem\"><span class=\"is--medium\">Type de connectivit\u00e9 : :<\/span> non concern\u00e9<\/li>\n<\/ul>\n<\/li>\n<li class=\"product-features__item\" role=\"listitem\">\n<h3 class=\"product-features__label\">Options<\/h3>\n<ul role=\"list\">\n<li class=\"product-features__item-list__item\" role=\"listitem\"><span class=\"is--medium\">Pompe doseuse :<\/span> Oui<\/li>\n<li class=\"product-features__item-list__item\" role=\"listitem\"><span class=\"is--medium\">Monnayeur :<\/span> Oui<\/li>\n<\/ul>\n<\/li>\n<li class=\"product-features__item\" role=\"listitem\">\n<h3 class=\"product-features__label\">Conception<\/h3>\n<ul role=\"list\">\n<li class=\"product-features__item-list__item\" role=\"listitem\"><span class=\"is--medium\">Type de moteur :<\/span> induction (avec courroie) faible consommation, silencieux<\/li>\n<li class=\"product-features__item-list__item\" role=\"listitem\"><span class=\"is--medium\">Mati\u00e8re de la cuve :<\/span> inox<\/li>\n<\/ul>\n<\/li>\n<li class=\"product-features__item\" role=\"listitem\">\n<h3 class=\"product-features__label\">Consommation &amp; \u00e9conomie d&rsquo;\u00e9nergie<\/h3>\n<ul role=\"list\">\n<li class=\"product-features__item-list__item\" role=\"listitem\"><span class=\"is--medium\">Energie label :<\/span> B<\/li>\n<li class=\"product-features__item-list__item\" role=\"listitem\"><span class=\"is--medium\">Classe d&rsquo;efficacit\u00e9 \u00e0 l&rsquo;essorage :<\/span> B<\/li>\n<li class=\"product-features__item-list__item\" role=\"listitem\"><span class=\"is--medium\">Consommation d&rsquo;\u00e9nergie annuelle :<\/span> 53,00 kWh<\/li>\n<li class=\"product-features__item-list__item\" role=\"listitem\"><span class=\"is--medium\">Consommation d&rsquo;eau annuelle :<\/span> 41,00 L<\/li>\n<li class=\"product-features__item-list__item\" role=\"listitem\"><span class=\"is--medium\">Dur\u00e9e du programme Eco :<\/span> 177 mn<\/li>\n<li class=\"product-features__item-list__item\" role=\"listitem\"><span class=\"is--medium\">Taux de recyclabilit\u00e9 : :<\/span> Fonction des mat\u00e9riaux utilis\u00e9s, le lave-linge est plus au moins recyclabe. Pour exemple, pour la stabilit\u00e9 des machines, certains fournisseurs utilisent du b\u00e9ton quand d&rsquo;autres utilisent de la fonte.<\/li>\n<li class=\"product-features__item-list__item\" role=\"listitem\"><span class=\"is--medium\">Heures de fonctionnement test\u00e9es :<\/span> 29500<\/li>\n<li class=\"product-features__item-list__item\" role=\"listitem\"><span class=\"is--medium\">Temps de lavage \u00e0 60\u00b0 en min en charge pleine :<\/span> 59<\/li>\n<\/ul>\n<\/li>\n<li class=\"product-features__item\" role=\"listitem\">\n<h3 class=\"product-features__label\">Dimensions<\/h3>\n<ul role=\"list\">\n<li class=\"product-features__item-list__item\" role=\"listitem\"><span class=\"is--medium\">L x H x P :<\/span> 59.5 x 85 x 70.6 cm<\/li>\n<\/ul>\n<\/li>\n<li class=\"product-features__item\" role=\"listitem\">\n<h3 class=\"product-features__label\">Informations compl\u00e9mentaires<\/h3>\n<ul role=\"list\">\n<li class=\"product-features__item-list__item\" role=\"listitem\"><span class=\"is--medium\">Fabriqu\u00e9 en :<\/span> Slov\u00e9nie<\/li>\n<li class=\"product-features__item-list__item\" role=\"listitem\"><span class=\"is--medium\">Disponibilit\u00e9 des pi\u00e8ces d\u00e9tach\u00e9es (donn\u00e9es fournisseur) :<\/span> Pendant 15 ans, \u00e0 compter de la date d&rsquo;achat<\/li>\n<li class=\"product-features__item-list__item\" role=\"listitem\"><span class=\"is--medium\">Conforme \u00e0 la norme CE Directive Machine 2006\/42\/CE :<\/span> Oui<\/li>\n<li class=\"product-features__item-list__item\" role=\"listitem\"><span class=\"is--medium\">Plus d&rsquo;informations sur la Directive Machine <\/span><u><\/u><\/li>\n<li class=\"product-features__item-list__item\" role=\"listitem\"><span class=\"is--medium\">Test qualit\u00e9 r\u00e9alis\u00e9 :<\/span> 29500<\/li>\n<\/ul>\n<\/li>\n<\/ul>\n<\/div>\n<div class=\"product__disclosure-content\">\n<div class=\"js-read-more product-description__content read-more read-more--truncated\" style=\"max-height: 500px; overflow: hidden;\" data-read-more-name=\"description\">\n<p>Le lave-linge LL Front PRO ASKO WMC8943PC.S est destin\u00e9 aux professionnels \u00e0 la recherche d&rsquo;un appareil grand format. Avec sa capacit\u00e9 de 5 lavages par jour et ses 26 programmes, de 40 \u00e0 90 \u00b0, c&rsquo;est un lave-linge tr\u00e8s performant. Son tambour au volume de 80 L conviendra \u00e0 de nombreux usages professionnels : salon de coiffure, restaurant ou encore cr\u00e8ches.<\/p>\n<h3>Un appareil de haute performance<\/h3>\n<p>Le lave-linge LL Front PRO ASKO WMC8943PC.S est con\u00e7u pour les professionnels. Il est donc <b>adapt\u00e9 \u00e0 un usage intensif<\/b>. Son principal avantage ? Une grande capacit\u00e9 de lavage, avec une charge de 9 kg pour un volume de tambour de 80 L, ainsi qu&rsquo;une vitesse d&rsquo;essorage de 1 400 tr\/min.<\/p>\n<p>Avec <b>26 programmes de lavage<\/b>, allant de 40\u00b0 \u00e0 90 \u00b0, le lave-linge LL Front PRO ASKO WMC8943PC.S s&rsquo;adapte \u00e0 tous les besoins des professionnels. Des programmes pour le linge blanc ou les couleurs, de d\u00e9sinfection, ou de lavage intensif sont ainsi disponibles. Il propose aussi 2 programmes sp\u00e9cialement d\u00e9di\u00e9s aux serpill\u00e8res et microfibres.<\/p>\n<h3>Un lave-linge professionnel et s\u00e9curis\u00e9<\/h3>\n<p>Enfin, conform\u00e9ment \u00e0 la Directive europ\u00e9enne 2006 \/ 42 \/ CE, le lave-linge LL Front PRO ASKO WMC8943PC.S offre <b>un niveau \u00e9lev\u00e9 de protection<\/b> pour la s\u00e9curit\u00e9 et la sant\u00e9 des personnes<\/p>\n<\/div>\n<p>utilisant l&rsquo;appareil dans un cadre professionnel.<\/p>\n<p>Plusieurs dispositifs ont \u00e9t\u00e9 mis en place sur le lave-linge LL Front PRO ASKO WMC8943PC.S pour garantir une s\u00e9curit\u00e9 totale : le <b>syst\u00e8me anti-fuite Aqua Safe<\/b> et la protection anti-d\u00e9bordement permettent d&rsquo;\u00e9viter toute fuite d&rsquo;eau. Il b\u00e9n\u00e9ficie \u00e9galement d&rsquo;une protection enfant et d&rsquo;un hublot sans soufflet en caoutchouc Steel Seal, ce qui permet d&rsquo;\u00e9viter la formation de moisissure.<\/p>\n<\/div>\n<p>&nbsp;<\/p>\n<p>&nbsp;<\/p>\n<div class=\"product__disclosure-content\">\n<p>&nbsp;<\/p>\n<\/div>","protected":false},"excerpt":{"rendered":"<div class=\"keypoints\">\n<h3 class=\"keypoints__title\">Les points cl\u00e9s<\/h3>\n<ul role=\"list\">\n<li class=\"keypoints__item\" role=\"listitem\">Conforme \u00e0 la norme CE Directive Machine 2006\/42\/CE<\/li>\n<li class=\"keypoints__item\" role=\"listitem\">Tambour 80L<\/li>\n<li class=\"keypoints__item\" role=\"listitem\">Capacit\u00e9 L (9kg)<\/li>\n<li class=\"keypoints__item\" role=\"listitem\">Essorage \u00e9lev\u00e9 (1400 trs)<\/li>\n<li class=\"keypoints__item keypoints__item--advantage\" role=\"listitem\"><strong>Le + :<\/strong> cycle professionnel d\u2019une dur\u00e9e de 59 minutes pour une charge pleine \u00e0 60\u00b0<\/li>\n<\/ul>\n<\/div>","protected":false},"featured_media":20394,"template":"","meta":{"_glsr_average":0,"_glsr_ranking":0,"_glsr_reviews":0},"product_cat":[130],"product_tag":[131,132,133],"class_list":{"0":"post-36092","1":"product","2":"type-product","3":"status-publish","4":"has-post-thumbnail","6":"product_cat-lave-linge-hublot","7":"product_tag-gros-electromenager","8":"product_tag-lave-linge","9":"product_tag-lave-linge-hublot","11":"first","12":"instock","13":"sale","14":"shipping-taxable","15":"purchasable","16":"product-type-simple"},"_links":{"self":[{"href":"https:\/\/electromenagerexpress.com\/en\/wp-json\/wp\/v2\/product\/36092","targetHints":{"allow":["GET"]}}],"collection":[{"href":"https:\/\/electromenagerexpress.com\/en\/wp-json\/wp\/v2\/product"}],"about":[{"href":"https:\/\/electromenagerexpress.com\/en\/wp-json\/wp\/v2\/types\/product"}],"wp:featuredmedia":[{"embeddable":true,"href":"https:\/\/electromenagerexpress.com\/en\/wp-json\/wp\/v2\/media\/20394"}],"wp:attachment":[{"href":"https:\/\/electromenagerexpress.com\/en\/wp-json\/wp\/v2\/media?parent=36092"}],"wp:term":[{"taxonomy":"product_cat","embeddable":true,"href":"https:\/\/electromenagerexpress.com\/en\/wp-json\/wp\/v2\/product_cat?post=36092"},{"taxonomy":"product_tag","embeddable":true,"href":"https:\/\/electromenagerexpress.com\/en\/wp-json\/wp\/v2\/product_tag?post=36092"}],"curies":[{"name":"wp","href":"https:\/\/api.w.org\/{rel}","templated":true}]}}