{"id":36084,"date":"2024-11-21T09:10:41","date_gmt":"2024-11-21T09:10:41","guid":{"rendered":"https:\/\/electromenagerexpress.com\/product\/lave-linge-sechant-hublot-lglswd100e-signature\/"},"modified":"2025-01-09T19:40:34","modified_gmt":"2025-01-09T19:40:34","slug":"lave-linge-sechant-hublot-lglswd100e-signature","status":"publish","type":"product","link":"https:\/\/electromenagerexpress.com\/en\/product\/lave-linge-sechant-hublot-lglswd100e-signature\/","title":{"rendered":"Lave linge s\u00e9chant hublot LG LSWD100E SIGNATURE"},"content":{"rendered":"<div class=\"product-features__content\">\n<ul role=\"list\">\n<li style=\"list-style-type: none;\">\n<ul role=\"list\">\n<li class=\"product-features__item-list__item\" role=\"listitem\"><\/li>\n<\/ul>\n<\/li>\n<li class=\"product-features__item\" role=\"listitem\">\n<h3 class=\"product-features__label\">Installation<\/h3>\n<ul role=\"list\">\n<li class=\"product-features__item-list__item\" role=\"listitem\"><span class=\"is--medium\">Dessus amovible :<\/span> non<\/li>\n<li class=\"product-features__item-list__item\" role=\"listitem\"><span class=\"is--medium\">Sens d&rsquo;ouverture du hublot :<\/span> fixation \u00e0 gauche<\/li>\n<li class=\"product-features__item-list__item\" role=\"listitem\"><span class=\"is--medium\">Pieds r\u00e9glables :<\/span> oui<\/li>\n<li class=\"product-features__item-list__item\" role=\"listitem\"><span class=\"is--medium\">Coloris :<\/span> blanc<\/li>\n<li class=\"product-features__item-list__item\" role=\"listitem\"><span class=\"is--medium\">Guides et tutoriels d&rsquo;entretiens :<\/span> d\u00e9couvrez nos conseils, \u00e9co-gestes et tutoriels pour entretenir, nettoyer et pour prendre soin de votre lave-linge s\u00e9chant.<u><\/u><\/li>\n<\/ul>\n<\/li>\n<li class=\"product-features__item\" role=\"listitem\">\n<h3 class=\"product-features__label\">Capacit\u00e9s<\/h3>\n<ul role=\"list\">\n<li class=\"product-features__item-list__item\" role=\"listitem\"><span class=\"is--medium\">Capacit\u00e9 de lavage :<\/span> 12,0 kg<\/li>\n<li class=\"product-features__item-list__item\" role=\"listitem\"><span class=\"is--medium\">Id\u00e9al pour :<\/span> 4 personnes<\/li>\n<li class=\"product-features__item-list__item\" role=\"listitem\"><span class=\"is--medium\">Capacit\u00e9 de s\u00e9chage :<\/span> 7,0 kg<\/li>\n<li class=\"product-features__item-list__item\" role=\"listitem\"><span class=\"is--medium\">Encha\u00eenement automatique lavage-s\u00e9chage :<\/span> maximum 7 Kg<\/li>\n<li class=\"product-features__item-list__item\" role=\"listitem\"><span class=\"is--medium\">Volume du tambour :<\/span> 78 L<\/li>\n<li class=\"product-features__item-list__item\" role=\"listitem\"><span class=\"is--medium\">Avantage de la taille de ce tambour :<\/span> id\u00e9al pour des grandes couettes<\/li>\n<li class=\"product-features__item-list__item\" role=\"listitem\"><span class=\"is--medium\">Vitesse d&rsquo;essorage (en tours\/min) :<\/span> 1.600 tr\/mn<\/li>\n<li class=\"product-features__item-list__item\" role=\"listitem\"><span class=\"is--medium\">Classe d&rsquo;efficacit\u00e9 \u00e0 l&rsquo;essorage :<\/span> A<\/li>\n<\/ul>\n<\/li>\n<li class=\"product-features__item\" role=\"listitem\">\n<h3 class=\"product-features__label\">Confort d&rsquo;utilisation<\/h3>\n<ul role=\"list\">\n<li class=\"product-features__item-list__item\" role=\"listitem\"><span class=\"is--medium\">Niveau sonore maximum en essorage :<\/span> silencieux (72 dB)<\/li>\n<li class=\"product-features__item-list__item\" role=\"listitem\"><span class=\"is--medium\">Eclairage du tambour :<\/span> oui, pour rep\u00e9rer facilement les petites pi\u00e8ces de linge oubli\u00e9es !<\/li>\n<li class=\"product-features__item-list__item\" role=\"listitem\"><span class=\"is--medium\">Ecran d&rsquo;affichage :<\/span> Tactile<\/li>\n<li class=\"product-features__item-list__item\" role=\"listitem\"><span class=\"is--medium\">Sonnerie :<\/span> oui, en fin de cycle et d\u00e9sactivable<\/li>\n<li class=\"product-features__item-list__item\" role=\"listitem\"><span class=\"is--medium\">Option d\u00e9part diff\u00e9r\u00e9 ou fin diff\u00e9r\u00e9e :<\/span> Fin diff\u00e9r\u00e9e 19 heures<\/li>\n<li class=\"product-features__item-list__item\" role=\"listitem\"><span class=\"is--medium\">Avantage de la fin diff\u00e9r\u00e9e :<\/span> permet de laver votre linge aux heures creuses et de ne pas laisser le linge humide dans la machine. Evite le tassement du linge et le repassage difficile.<\/li>\n<li class=\"product-features__item-list__item\" role=\"listitem\"><span class=\"is--medium\">Distributeur automatique de lessive :<\/span> oui, remplissez le r\u00e9servoir 1 fois pour 20 \u00e0 35 cycles. La machine adapte la consommation de produits lessiviels en fonction de la quantit\u00e9 de linge et de l&rsquo;\u00e9tat de salet\u00e9.<\/li>\n<li class=\"product-features__item-list__item\" role=\"listitem\"><span class=\"is--medium\">Option ajout de linge :<\/span> oui, en cas d&rsquo;oubli, vous pouvez ajouter du linge apr\u00e8s le d\u00e9marrage du cycle de lavage choisi.<\/li>\n<li class=\"product-features__item-list__item\" role=\"listitem\"><span class=\"is--medium\">Bac \u00e0 produit auto nettoyant :<\/span> Non<\/li>\n<li class=\"product-features__item-list__item\" role=\"listitem\"><span class=\"is--medium\">Affichage du temps restant :<\/span> digital<\/li>\n<\/ul>\n<\/li>\n<li class=\"product-features__item\" role=\"listitem\">\n<h3 class=\"product-features__label\">Programmes et options de lavage<\/h3>\n<ul role=\"list\">\n<li class=\"product-features__item-list__item\" role=\"listitem\"><span class=\"is--medium\">Programmes de lavage :<\/span> laine, charge mixte, coton, d\u00e9licat, \u00e9co, sport, synth\u00e9tiques<\/li>\n<li class=\"product-features__item-list__item\" role=\"listitem\"><span class=\"is--medium\">Programme rapide :<\/span> moins de 15 minutes<\/li>\n<li class=\"product-features__item-list__item\" role=\"listitem\"><span class=\"is--medium\">Programme(s) vapeur :<\/span> oui<\/li>\n<li class=\"product-features__item-list__item\" role=\"listitem\"><span class=\"is--medium\">Rafra\u00eechissement vapeur :<\/span> oui, programme d\u00e9di\u00e9 qui d\u00e9sodorise et donne une sensation de fra\u00eecheur \u00e0 votre linge<\/li>\n<li class=\"product-features__item-list__item\" role=\"listitem\"><span class=\"is--medium\">D\u00e9froissage vapeur :<\/span> oui, il agit en fin du cycle de lavage en adoucissant et d\u00e9froissant votre linge<\/li>\n<li class=\"product-features__item-list__item\" role=\"listitem\"><span class=\"is--medium\">Anti allergie \/ B\u00e9b\u00e9 :<\/span> oui, action m\u00e9canique de rin\u00e7age suppl\u00e9mentaire pour \u00e9viter tous types d&rsquo;\u00e9ventuelles allergies<\/li>\n<li class=\"product-features__item-list__item\" role=\"listitem\"><span class=\"is--medium\">Froid :<\/span> oui, convient pour le linge peu sale<\/li>\n<li class=\"product-features__item-list__item\" role=\"listitem\"><span class=\"is--medium\">Dur\u00e9e du programme \u00e9co :<\/span> 4,00 h<\/li>\n<li class=\"product-features__item-list__item\" role=\"listitem\"><span class=\"is--medium\">Programme auto-nettoyant :<\/span> nettoyage du tambour, permet d&rsquo;\u00e9liminer la salet\u00e9 et les bact\u00e9ries pour assurer un lavage performant et optimiser l&rsquo;entretien<\/li>\n<\/ul>\n<\/li>\n<li class=\"product-features__item\" role=\"listitem\">\n<h3 class=\"product-features__label\">Programmes et options de s\u00e9chage<\/h3>\n<ul role=\"list\">\n<li class=\"product-features__item-list__item\" role=\"listitem\"><span class=\"is--medium\">Programmes \u00e0 encha\u00eenement automatique :<\/span> oui, permet de lancer le cycle de s\u00e9chage d\u00e8s que le cycle de lavage est termin\u00e9 sans aucune intervention de votre part<\/li>\n<li class=\"product-features__item-list__item\" role=\"listitem\"><span class=\"is--medium\">Type de s\u00e9chage :<\/span> condensation par pompe \u00e0 chaleur<\/li>\n<li class=\"product-features__item-list__item\" role=\"listitem\"><span class=\"is--medium\">Avantage type de s\u00e9chage :<\/span> syst\u00e8me de cr\u00e9ation de chaleur innovant, il permet de r\u00e9aliser des \u00e9conomies d&rsquo;\u00e9nergies importantes et pr\u00e9serve vos linges, m\u00eame les plus d\u00e9licats<\/li>\n<li class=\"product-features__item-list__item\" role=\"listitem\"><span class=\"is--medium\">Fonction s\u00e9chage seul :<\/span> Minuterie ou Mode automatique<\/li>\n<li class=\"product-features__item-list__item\" role=\"listitem\"><span class=\"is--medium\">Programmes de s\u00e9chage :<\/span> d\u00e9licat, pr\u00eat \u00e0 repasser, pr\u00eat \u00e0 ranger, pr\u00eat \u00e0 porter<\/li>\n<\/ul>\n<\/li>\n<li class=\"product-features__item\" role=\"listitem\">\n<h3 class=\"product-features__label\">Technologie(s) du lave linge<\/h3>\n<ul role=\"list\">\n<li class=\"product-features__item-list__item\" role=\"listitem\"><span class=\"is--medium\">AI DD :<\/span> permet de d\u00e9tecter non seulement le poids, mais \u00e9galement le type de textiles. En fonction de ces param\u00e8tres, la machine adapte automatiquement les mouvements de tambour pour un soin du linge optimal.<\/li>\n<li class=\"product-features__item-list__item\" role=\"listitem\"><span class=\"is--medium\">TurboWash :<\/span> gr\u00e2ce \u00e0 son syst\u00e8me de projection d&rsquo;eau au coeur du linge, l&rsquo;efficacit\u00e9 de rin\u00e7age est renforc\u00e9e et permet de r\u00e9duire le temps de lavage \u00e0 39 minutes.<\/li>\n<li class=\"product-features__item-list__item\" role=\"listitem\"><span class=\"is--medium\">Condensation par air :<\/span> ce lave-linge s\u00e9chant vous offre le choix entre le s\u00e9chage \u00e0 condensation par eau, plus rapide, et le s\u00e9chage \u00e0 condensation par air, plus \u00e9conome en eau.<\/li>\n<li class=\"product-features__item-list__item\" role=\"listitem\"><span class=\"is--medium\">Steam :<\/span> permet d&rsquo;\u00e9liminer 99,9% des allerg\u00e8nes, id\u00e9al pour les peaux sensibles.<\/li>\n<li class=\"product-features__item-list__item\" role=\"listitem\"><span class=\"is--medium\">Smart Diagnosis :<\/span> permet d&rsquo;identifier \u00e0 distance la nature d&rsquo;une panne \u00e9ventuelle, via un appel t\u00e9l\u00e9phonique.<\/li>\n<\/ul>\n<\/li>\n<li class=\"product-features__item\" role=\"listitem\">\n<h3 class=\"product-features__label\">S\u00e9curit\u00e9<\/h3>\n<ul role=\"list\">\n<li class=\"product-features__item-list__item\" role=\"listitem\"><span class=\"is--medium\">S\u00e9curit\u00e9 enfant :<\/span> oui, le bandeau de commande se verrouille (automatiquement ou par une combinaison de touches). Une action involontaire sur le bandeau ne modifiera pas le d\u00e9roulement du cycle.<\/li>\n<li class=\"product-features__item-list__item\" role=\"listitem\"><span class=\"is--medium\">Anti-balourd :<\/span> oui, en cas de vitesse irr\u00e9guli\u00e8re et d\u00e9placement important du tambour pouvant \u00eatre provoqu\u00e9 par une mauvaise r\u00e9partition de linge, l&rsquo;essorage est stopp\u00e9, le linge est rebrass\u00e9 avant une nouvelle tentative d&rsquo;essorage<\/li>\n<li class=\"product-features__item-list__item\" role=\"listitem\"><span class=\"is--medium\">Syst\u00e8me Aquastop :<\/span> oui, le flexible d&rsquo;arriv\u00e9e d&rsquo;eau n&rsquo;est sous pression qu&rsquo;au moment de l&rsquo;arriv\u00e9e d&rsquo;eau dans le lave-linge. Pr\u00e9vient les d\u00e9g\u00e2ts des eaux.<\/li>\n<\/ul>\n<\/li>\n<li class=\"product-features__item\" role=\"listitem\">\n<h3 class=\"product-features__label\">Connectivit\u00e9<\/h3>\n<ul role=\"list\">\n<li class=\"product-features__item-list__item\" role=\"listitem\"><span class=\"is--medium\">Produit connectable :<\/span> oui, en wifi pour une connexion m\u00eame en dehors de votre domicile afin de g\u00e9rer \u00e0 distance le bon d\u00e9roulement de votre cycle de lavage<\/li>\n<li class=\"product-features__item-list__item\" role=\"listitem\"><span class=\"is--medium\">Nom de l&rsquo;application :<\/span> LG ThinQ<\/li>\n<li class=\"product-features__item-list__item\" role=\"listitem\"><span class=\"is--medium\">Programmes additionnels t\u00e9l\u00e9chargeables via l&rsquo;application :<\/span> oui<\/li>\n<li class=\"product-features__item-list__item\" role=\"listitem\"><span class=\"is--medium\">Alertes sur les consommations, le niveau de produits de lessive, d&rsquo;assouplissant :<\/span> Oui<\/li>\n<li class=\"product-features__item-list__item\" role=\"listitem\"><span class=\"is--medium\">Acc\u00e9dez \u00e0 des astuces, manuels d&rsquo;utilisation et un support maintenance :<\/span> oui<\/li>\n<li class=\"product-features__item-list__item\" role=\"listitem\"><span class=\"is--medium\">Programmes t\u00e9l\u00e9chargeables : :<\/span> oui<\/li>\n<li class=\"product-features__item-list__item\" role=\"listitem\"><span class=\"is--medium\">Astuces, manuels d&rsquo;utilisation et support maintenance disponibles sur l&rsquo;application :<\/span> oui<\/li>\n<\/ul>\n<\/li>\n<li class=\"product-features__item\" role=\"listitem\">\n<h3 class=\"product-features__label\">Conception de l&rsquo;appareil<\/h3>\n<ul role=\"list\">\n<li class=\"product-features__item-list__item\" role=\"listitem\"><span class=\"is--medium\">Type de moteur :<\/span> induction \u00e0 entra\u00eenement direct (sans courroie), faible consommation, plus silencieux et plus durable<\/li>\n<li class=\"product-features__item-list__item\" role=\"listitem\"><span class=\"is--medium\">Mati\u00e8re du tambour :<\/span> polypropyl\u00e8ne<\/li>\n<li class=\"product-features__item-list__item\" role=\"listitem\"><span class=\"is--medium\">Mati\u00e8re de la cuve :<\/span> polypropyl\u00e8ne<\/li>\n<\/ul>\n<\/li>\n<li class=\"product-features__item\" role=\"listitem\">\n<h3 class=\"product-features__label\">Consommation &amp; \u00e9conomie d&rsquo;\u00e9nergie<\/h3>\n<ul role=\"list\">\n<li class=\"product-features__item-list__item\" role=\"listitem\"><span class=\"is--medium\">Raccordement eau chaude ou eau froide :<\/span> Raccordement eau froide traditionnel (une seule arriv\u00e9e d&rsquo;eau)<\/li>\n<li class=\"product-features__item-list__item\" role=\"listitem\"><span class=\"is--medium\">Label \u00e9nergie de lavage seul :<\/span> A<\/li>\n<li class=\"product-features__item-list__item\" role=\"listitem\"><span class=\"is--medium\">Label \u00e9nergie lavage et sechage :<\/span> A<\/li>\n<li class=\"product-features__item-list__item\" role=\"listitem\"><span class=\"is--medium\">Consommation en eau (programme \u00e9co, lavage et s\u00e9chage) :<\/span> 68,0 litres \/ cycle<\/li>\n<li class=\"product-features__item-list__item\" role=\"listitem\"><span class=\"is--medium\">Consommation d&rsquo;\u00e9lectricit\u00e9 pour 100 cycles (programme \u00e9co, lavage et s\u00e9chage) :<\/span> 190,0 kW<\/li>\n<li class=\"product-features__item-list__item\" role=\"listitem\"><span class=\"is--medium\">Dur\u00e9e du cycle de lavage et s\u00e9chage (programme \u00e9co) :<\/span> 10,17 h<\/li>\n<li class=\"product-features__item-list__item\" role=\"listitem\"><span class=\"is--medium\">Co\u00fbt annuel d&rsquo;\u00e9lectricit\u00e9 (bas\u00e9 sur 100 cycles) :<\/span> 48 euros par an<\/li>\n<li class=\"product-features__item-list__item\" role=\"listitem\"><span class=\"is--medium\">Co\u00fbt annuel d&rsquo;eau (bas\u00e9 sur 100 cycles) :<\/span> 30 euros par an<\/li>\n<li class=\"product-features__item-list__item\" role=\"listitem\"><span class=\"is--medium\">Co\u00fbt annuel d&rsquo;utilisation (bas\u00e9 sur 100 cycles) :<\/span> 78 euros par an<\/li>\n<\/ul>\n<\/li>\n<li class=\"product-features__item\" role=\"listitem\">\n<h3 class=\"product-features__label\">Dimensions<\/h3>\n<ul role=\"list\">\n<li class=\"product-features__item-list__item\" role=\"listitem\"><span class=\"is--medium\">L x H x P :<\/span> 60 x 85 x 67.5 cm<\/li>\n<li class=\"product-features__item-list__item\" role=\"listitem\"><span class=\"is--medium\">Profondeur produit hors hublot :<\/span> 67,5 cm<\/li>\n<li class=\"product-features__item-list__item\" role=\"listitem\"><span class=\"is--medium\">Profondeur avec hublot ferm\u00e9, d\u00e9bord arri\u00e8re compris :<\/span> 67,5 cm<\/li>\n<li class=\"product-features__item-list__item\" role=\"listitem\"><span class=\"is--medium\">Notre conseil :<\/span> pr\u00e9voir 2 \u00e0 3 centim\u00e8tres suppl\u00e9mentaires derri\u00e8re la machine pour le passage des tuyaux et c\u00e2bles.<\/li>\n<li class=\"product-features__item-list__item\" role=\"listitem\"><span class=\"is--medium\">Poids net :<\/span> 94,5 kg<\/li>\n<li class=\"product-features__item-list__item\" role=\"listitem\"><span class=\"is--medium\">Poids brut :<\/span> 100,0 kg<\/li>\n<\/ul>\n<\/li>\n<li class=\"product-features__item\" role=\"listitem\">\n<h3 class=\"product-features__label\">Informations compl\u00e9mentaires<\/h3>\n<ul role=\"list\">\n<li class=\"product-features__item-list__item\" role=\"listitem\"><span class=\"is--medium\">Fabriqu\u00e9 en :<\/span> Cor\u00e9e du Sud<\/li>\n<li class=\"product-features__item-list__item\" role=\"listitem\"><span class=\"is--medium\">Garantie :<\/span> 2 ans<\/li>\n<li class=\"product-features__item-list__item\" role=\"listitem\"><span class=\"is--medium\">Disponibilit\u00e9 des pi\u00e8ces d\u00e9tach\u00e9es\u00a0 :<\/span> Pendant 15 ans, \u00e0 compter de la date d&rsquo;achat<\/li>\n<\/ul>\n<\/li>\n<\/ul>\n<\/div>\n<div class=\"product__disclosure-content\">\n<div class=\"js-read-more product-description__content read-more read-more--truncated\" style=\"max-height: 500px; overflow: hidden;\" data-read-more-name=\"description\">\n<p>Un soin du linge impeccable et un r\u00e9sultat irr\u00e9prochable, c&rsquo;est possible avec le lave-linge s\u00e9chant LSWD100E Signature de LG.<\/p>\n<h3>L&rsquo;innovation LG<\/h3>\n<p>Le lave-linge s\u00e9chant LSWD100E Signature de LG s&rsquo;adapte \u00e0 votre quotidien en vous offrant un <b>lavage efficace et performant en 2 fois moins de temps qu&rsquo;une machine classique<\/b>. Obtenez des r\u00e9sultats impeccables en un temps record et r\u00e9alisez des \u00e9conomies gr\u00e2ce \u00e0 <b>son moteur AI Direct Drive, qui adapte les mouvements du tambour pour prendre soin de votre linge<\/b> et optimiser vos cycles jour apr\u00e8s jour.<\/p>\n<p>\u00c9quip\u00e9 de la technologie LG, le lave-linge s\u00e9chant LSWD100E Signature dispose des derni\u00e8res innovations de la marque pour des cycles de lavage toujours plus performants. La technologie <b>Steam r\u00e9duit les plis du linge et vous fait gagner du temps de repassage<\/b>, tandis que la <b>technologie Centum System<\/b> r\u00e9duit les vibrations et le bruit de la machine.<\/p>\n<h3>La performance au quotidien<\/h3>\n<p>La capacit\u00e9 de 12 kg en lavage et 7 kg en s\u00e9chage du lave-linge s\u00e9chant LSWD100E Signature met ses 1 600 tr\/min \u00e0 votre service. Avec des <b>programmes vari\u00e9s pour \u00e9liminer toutes les bact\u00e9ries et<\/b><\/p>\n<\/div>\n<\/div>\n<p><b>les plis de votre linge en douceur<\/b>, ce lave-linge s\u00e9chant est <b>l&rsquo;indispensable de votre quotidien pour un linge sain et irr\u00e9prochable<\/b>. Profitez d&rsquo;un tambour XL de 78 L dans un encombrement mini !<\/p>\n<p>Toute la qualit\u00e9 de l&rsquo;exp\u00e9rience utilisateur offerte par LG se retrouve dans le lave-linge s\u00e9chant WD4HU500FF iQ500. Gr\u00e2ce \u00e0 <b>un panneau de contr\u00f4le simplissime et intelligent, lancez une machine d&rsquo;un simple geste<\/b> et choisissez vos r\u00e9glages favoris. Quant \u00e0 son syst\u00e8me de dosage automatique, qui adapte la dose de lessive \u00e0 votre linge et au niveau de salissure, il vous permettra de r\u00e9aliser des \u00e9conomies d&rsquo;\u00e9nergie.<\/p>\n<p>&nbsp;<\/p>\n<p>&nbsp;<\/p>\n<div class=\"product__disclosure-content\">\n<p>&nbsp;<\/p>\n<\/div>","protected":false},"excerpt":{"rendered":"<div class=\"keypoints\">\n<h3 class=\"keypoints__title\">Les points cl\u00e9s<\/h3>\n<ul role=\"list\">\n<li class=\"keypoints__item\" role=\"listitem\">L x H x P : 60 x 85 x 67.5 cm<\/li>\n<li class=\"keypoints__item\" role=\"listitem\">Capacit\u00e9 XL (12kg) &#8211; S\u00e9chage (7Kg)<\/li>\n<li class=\"keypoints__item\" role=\"listitem\">Label \u00e9nergie A &#8211; Silencieux 72dB<\/li>\n<li class=\"keypoints__item\" role=\"listitem\">Essorage tr\u00e8s \u00e9lev\u00e9 (1600 trs) &#8211; Tambour 78L<\/li>\n<li class=\"keypoints__item keypoints__item--advantage\" role=\"listitem\"><strong>Le + :<\/strong> un concentr\u00e9 de technologie au service du soin du linge et de l&rsquo;\u00e9conomie d&rsquo;\u00e9nergie<\/li>\n<\/ul>\n<\/div>\n<p>&nbsp;<\/p>\n<p>&nbsp;<\/p>","protected":false},"featured_media":19427,"template":"","meta":{"_glsr_average":0,"_glsr_ranking":0,"_glsr_reviews":0},"product_cat":[134],"product_tag":[131,132,135],"class_list":{"0":"post-36084","1":"product","2":"type-product","3":"status-publish","4":"has-post-thumbnail","6":"product_cat-lave-linge-sechant","7":"product_tag-gros-electromenager","8":"product_tag-lave-linge","9":"product_tag-lave-linge-sechant","11":"first","12":"instock","13":"sale","14":"shipping-taxable","15":"purchasable","16":"product-type-simple"},"_links":{"self":[{"href":"https:\/\/electromenagerexpress.com\/en\/wp-json\/wp\/v2\/product\/36084","targetHints":{"allow":["GET"]}}],"collection":[{"href":"https:\/\/electromenagerexpress.com\/en\/wp-json\/wp\/v2\/product"}],"about":[{"href":"https:\/\/electromenagerexpress.com\/en\/wp-json\/wp\/v2\/types\/product"}],"wp:featuredmedia":[{"embeddable":true,"href":"https:\/\/electromenagerexpress.com\/en\/wp-json\/wp\/v2\/media\/19427"}],"wp:attachment":[{"href":"https:\/\/electromenagerexpress.com\/en\/wp-json\/wp\/v2\/media?parent=36084"}],"wp:term":[{"taxonomy":"product_cat","embeddable":true,"href":"https:\/\/electromenagerexpress.com\/en\/wp-json\/wp\/v2\/product_cat?post=36084"},{"taxonomy":"product_tag","embeddable":true,"href":"https:\/\/electromenagerexpress.com\/en\/wp-json\/wp\/v2\/product_tag?post=36084"}],"curies":[{"name":"wp","href":"https:\/\/api.w.org\/{rel}","templated":true}]}}