{"id":36007,"date":"2024-11-21T09:06:41","date_gmt":"2024-11-21T09:06:41","guid":{"rendered":"https:\/\/electromenagerexpress.com\/product\/lave-linge-sechant-hublot-lgf964r35wrs\/"},"modified":"2026-04-07T12:41:05","modified_gmt":"2026-04-07T12:41:05","slug":"lave-linge-sechant-hublot-lgf964r35wrs","status":"publish","type":"product","link":"https:\/\/electromenagerexpress.com\/en\/product\/lave-linge-sechant-hublot-lgf964r35wrs\/","title":{"rendered":"Lave linge s\u00e9chant hublot \tLG\tF964R35WRS"},"content":{"rendered":"<div class=\"product-features__content\">\n<p>&nbsp;<\/p>\n<ul role=\"list\">\n<li class=\"product-features__item\" role=\"listitem\">\n<h3 class=\"product-features__label\">Installation<\/h3>\n<ul role=\"list\">\n<li class=\"product-features__item-list__item\" role=\"listitem\"><span class=\"is--medium\">Dessus amovible :<\/span> non<\/li>\n<li class=\"product-features__item-list__item\" role=\"listitem\"><span class=\"is--medium\">Sens d&rsquo;ouverture du hublot :<\/span> fixation \u00e0 gauche<\/li>\n<li class=\"product-features__item-list__item\" role=\"listitem\"><span class=\"is--medium\">Coloris :<\/span> blanc<\/li>\n<li class=\"product-features__item-list__item\" role=\"listitem\"><span class=\"is--medium\">Guides et tutoriels d&rsquo;entretiens :<\/span> d\u00e9couvrez nos conseils, \u00e9co-gestes et tutoriels pour entretenir, nettoyer et pour prendre soin de votre lave-linge s\u00e9chant. <u><\/u><\/li>\n<\/ul>\n<\/li>\n<li class=\"product-features__item\" role=\"listitem\">\n<h3 class=\"product-features__label\">Capacit\u00e9s<\/h3>\n<ul role=\"list\">\n<li class=\"product-features__item-list__item\" role=\"listitem\"><span class=\"is--medium\">Capacit\u00e9 de lavage :<\/span> 9,0 kg<\/li>\n<li class=\"product-features__item-list__item\" role=\"listitem\"><span class=\"is--medium\">Id\u00e9al pour :<\/span> 3 personnes<\/li>\n<li class=\"product-features__item-list__item\" role=\"listitem\"><span class=\"is--medium\">Capacit\u00e9 de s\u00e9chage :<\/span> 6,0 kg<\/li>\n<li class=\"product-features__item-list__item\" role=\"listitem\"><span class=\"is--medium\">Encha\u00eenement automatique lavage-s\u00e9chage :<\/span> maximum 6 Kg<\/li>\n<li class=\"product-features__item-list__item\" role=\"listitem\"><span class=\"is--medium\">Volume du tambour :<\/span> 68 L<\/li>\n<li class=\"product-features__item-list__item\" role=\"listitem\"><span class=\"is--medium\">Avantage de la taille de ce tambour :<\/span> id\u00e9al pour des grandes couettes<\/li>\n<li class=\"product-features__item-list__item\" role=\"listitem\"><span class=\"is--medium\">Vitesse d&rsquo;essorage (en tours\/min) :<\/span> 1.400 tr\/mn<\/li>\n<li class=\"product-features__item-list__item\" role=\"listitem\"><span class=\"is--medium\">Classe d&rsquo;efficacit\u00e9 \u00e0 l&rsquo;essorage :<\/span> A<\/li>\n<\/ul>\n<\/li>\n<li class=\"product-features__item\" role=\"listitem\">\n<h3 class=\"product-features__label\">Confort d&rsquo;utilisation<\/h3>\n<ul role=\"list\">\n<li class=\"product-features__item-list__item\" role=\"listitem\"><span class=\"is--medium\">Niveau sonore maximum en essorage :<\/span> silencieux (71 dB)<\/li>\n<li class=\"product-features__item-list__item\" role=\"listitem\"><span class=\"is--medium\">Ecran d&rsquo;affichage :<\/span> Tactile<\/li>\n<li class=\"product-features__item-list__item\" role=\"listitem\"><span class=\"is--medium\">Sonnerie :<\/span> oui, en fin de cycle et d\u00e9sactivable<\/li>\n<li class=\"product-features__item-list__item\" role=\"listitem\"><span class=\"is--medium\">Option d\u00e9part diff\u00e9r\u00e9 ou fin diff\u00e9r\u00e9e :<\/span> Fin diff\u00e9r\u00e9e 19 heures<\/li>\n<li class=\"product-features__item-list__item\" role=\"listitem\"><span class=\"is--medium\">Avantage de la fin diff\u00e9r\u00e9e :<\/span> permet de laver votre linge aux heures creuses et de ne pas laisser le linge humide dans la machine. Evite le tassement du linge et le repassage difficile.<\/li>\n<li class=\"product-features__item-list__item\" role=\"listitem\"><span class=\"is--medium\">Distributeur automatique de lessive :<\/span> non, pas de dosage automatique.<\/li>\n<li class=\"product-features__item-list__item\" role=\"listitem\"><span class=\"is--medium\">Affichage du temps restant :<\/span> digital<\/li>\n<\/ul>\n<\/li>\n<li class=\"product-features__item\" role=\"listitem\">\n<h3 class=\"product-features__label\">Programmes et options de lavage<\/h3>\n<ul role=\"list\">\n<li class=\"product-features__item-list__item\" role=\"listitem\"><span class=\"is--medium\">Programmes de lavage :<\/span> charge mixte, coton, d\u00e9licat, \u00e9co, synth\u00e9tiques<\/li>\n<li class=\"product-features__item-list__item\" role=\"listitem\"><span class=\"is--medium\">Programme rapide :<\/span> moins de 15 minutes<\/li>\n<li class=\"product-features__item-list__item\" role=\"listitem\"><span class=\"is--medium\">Programme(s) vapeur :<\/span> oui<\/li>\n<li class=\"product-features__item-list__item\" role=\"listitem\"><span class=\"is--medium\">Lavage vapeur en profondeur :<\/span> oui, id\u00e9al pour une hygi\u00e8ne parfaite et les personnes allergiques, \u00e9limine jusqu&rsquo;\u00e0 99,9% des bact\u00e9ries de votre linge gr\u00e2ce \u00e0 la combinaison de la vapeur et du lavage \u00e0 haute temp\u00e9rature.<\/li>\n<li class=\"product-features__item-list__item\" role=\"listitem\"><span class=\"is--medium\">Rafra\u00eechissement vapeur :<\/span> oui, programme d\u00e9di\u00e9 qui d\u00e9sodorise et donne une sensation de fra\u00eecheur \u00e0 votre linge<\/li>\n<li class=\"product-features__item-list__item\" role=\"listitem\"><span class=\"is--medium\">Anti allergie \/ B\u00e9b\u00e9 :<\/span> oui, action m\u00e9canique de rin\u00e7age suppl\u00e9mentaire pour \u00e9viter tous types d&rsquo;\u00e9ventuelles allergies<\/li>\n<li class=\"product-features__item-list__item\" role=\"listitem\"><span class=\"is--medium\">Froid :<\/span> oui, convient pour le linge peu sale<\/li>\n<li class=\"product-features__item-list__item\" role=\"listitem\"><span class=\"is--medium\">Dur\u00e9e du programme \u00e9co :<\/span> 3,80 h<\/li>\n<li class=\"product-features__item-list__item\" role=\"listitem\"><span class=\"is--medium\">Programme auto-nettoyant :<\/span> nettoyage du tambour, permet d&rsquo;\u00e9liminer la salet\u00e9 et les bact\u00e9ries pour assurer un lavage performant et optimiser l&rsquo;entretien<\/li>\n<\/ul>\n<\/li>\n<li class=\"product-features__item\" role=\"listitem\">\n<h3 class=\"product-features__label\">Programmes et options de s\u00e9chage<\/h3>\n<ul role=\"list\">\n<li class=\"product-features__item-list__item\" role=\"listitem\"><span class=\"is--medium\">Programmes \u00e0 encha\u00eenement automatique :<\/span> oui, permet de lancer le cycle de s\u00e9chage d\u00e8s que le cycle de lavage est termin\u00e9 sans aucune intervention de votre part<\/li>\n<li class=\"product-features__item-list__item\" role=\"listitem\"><span class=\"is--medium\">Type de s\u00e9chage :<\/span> condensation par r\u00e9sistance<\/li>\n<li class=\"product-features__item-list__item\" role=\"listitem\"><span class=\"is--medium\">Fonction s\u00e9chage seul :<\/span> Minuterie ou Mode automatique<\/li>\n<li class=\"product-features__item-list__item\" role=\"listitem\"><span class=\"is--medium\">Programmes de s\u00e9chage :<\/span> pr\u00eat \u00e0 repasser, pr\u00eat \u00e0 ranger, pr\u00eat \u00e0 porter<\/li>\n<\/ul>\n<\/li>\n<li class=\"product-features__item\" role=\"listitem\">\n<h3 class=\"product-features__label\">Technologie(s) du lave linge<\/h3>\n<ul role=\"list\">\n<li class=\"product-features__item-list__item\" role=\"listitem\"><span class=\"is--medium\">AI DD :<\/span> permet de d\u00e9tecter non seulement le poids, mais \u00e9galement le type de textiles. En fonction de ces param\u00e8tres, la machine adapte automatiquement les mouvements de tambour pour un soin du linge optimal.<\/li>\n<li class=\"product-features__item-list__item\" role=\"listitem\"><span class=\"is--medium\">Steam :<\/span> permet d&rsquo;\u00e9liminer 99,9% des allerg\u00e8nes, id\u00e9al pour les peaux sensibles.<\/li>\n<li class=\"product-features__item-list__item\" role=\"listitem\"><span class=\"is--medium\">Smart Diagnosis :<\/span> permet d&rsquo;identifier \u00e0 distance la nature d&rsquo;une panne \u00e9ventuelle, via un appel t\u00e9l\u00e9phonique.<\/li>\n<\/ul>\n<\/li>\n<li class=\"product-features__item\" role=\"listitem\">\n<h3 class=\"product-features__label\">S\u00e9curit\u00e9<\/h3>\n<ul role=\"list\">\n<li class=\"product-features__item-list__item\" role=\"listitem\"><span class=\"is--medium\">S\u00e9curit\u00e9 enfant :<\/span> oui, le bandeau de commande se verrouille (automatiquement ou par une combinaison de touches). Une action involontaire sur le bandeau ne modifiera pas le d\u00e9roulement du cycle.<\/li>\n<\/ul>\n<\/li>\n<li class=\"product-features__item\" role=\"listitem\">\n<h3 class=\"product-features__label\">Connectivit\u00e9<\/h3>\n<ul role=\"list\">\n<li class=\"product-features__item-list__item\" role=\"listitem\"><span class=\"is--medium\">Produit connectable :<\/span> non<\/li>\n<li class=\"product-features__item-list__item\" role=\"listitem\"><span class=\"is--medium\">Acc\u00e9dez \u00e0 des astuces, manuels d&rsquo;utilisation et un support maintenance :<\/span> non concern\u00e9<\/li>\n<li class=\"product-features__item-list__item\" role=\"listitem\"><span class=\"is--medium\">Programmes t\u00e9l\u00e9chargeables : :<\/span> non concern\u00e9<\/li>\n<\/ul>\n<\/li>\n<li class=\"product-features__item\" role=\"listitem\">\n<h3 class=\"product-features__label\">Conception de l&rsquo;appareil<\/h3>\n<ul role=\"list\">\n<li class=\"product-features__item-list__item\" role=\"listitem\"><span class=\"is--medium\">Type de moteur :<\/span> induction \u00e0 entra\u00eenement direct (sans courroie), faible consommation, plus silencieux et plus durable<\/li>\n<li class=\"product-features__item-list__item\" role=\"listitem\"><span class=\"is--medium\">Mati\u00e8re du tambour :<\/span> acier inoxydable<\/li>\n<li class=\"product-features__item-list__item\" role=\"listitem\"><span class=\"is--medium\">Mati\u00e8re de la cuve :<\/span> polypropyl\u00e8ne<\/li>\n<\/ul>\n<\/li>\n<li class=\"product-features__item\" role=\"listitem\">\n<h3 class=\"product-features__label\">Consommation &amp; \u00e9conomie d&rsquo;\u00e9nergie<\/h3>\n<ul role=\"list\">\n<li class=\"product-features__item-list__item\" role=\"listitem\"><span class=\"is--medium\">Raccordement eau chaude ou eau froide :<\/span> Raccordement eau froide traditionnel (une seule arriv\u00e9e d&rsquo;eau)<\/li>\n<li class=\"product-features__item-list__item\" role=\"listitem\"><span class=\"is--medium\">Label \u00e9nergie de lavage seul :<\/span> A<\/li>\n<li class=\"product-features__item-list__item\" role=\"listitem\"><span class=\"is--medium\">Label \u00e9nergie lavage et sechage :<\/span> D<\/li>\n<li class=\"product-features__item-list__item\" role=\"listitem\"><span class=\"is--medium\">Consommation en eau (programme \u00e9co, lavage et s\u00e9chage) :<\/span> 90,0 litres \/ cycle<\/li>\n<li class=\"product-features__item-list__item\" role=\"listitem\"><span class=\"is--medium\">Consommation d&rsquo;\u00e9lectricit\u00e9 pour 100 cycles (programme \u00e9co, lavage et s\u00e9chage) :<\/span> 308,0 kW<\/li>\n<li class=\"product-features__item-list__item\" role=\"listitem\"><span class=\"is--medium\">Dur\u00e9e du cycle de lavage et s\u00e9chage (programme \u00e9co) :<\/span> 7,58 h<\/li>\n<li class=\"product-features__item-list__item\" role=\"listitem\"><span class=\"is--medium\">Co\u00fbt annuel d&rsquo;\u00e9lectricit\u00e9 (bas\u00e9 sur 100 cycles) :<\/span> 77 euros par an<\/li>\n<li class=\"product-features__item-list__item\" role=\"listitem\"><span class=\"is--medium\">Co\u00fbt annuel d&rsquo;eau (bas\u00e9 sur 100 cycles) :<\/span> 40 euros par an<\/li>\n<li class=\"product-features__item-list__item\" role=\"listitem\"><span class=\"is--medium\">Co\u00fbt annuel d&rsquo;utilisation (bas\u00e9 sur 100 cycles) :<\/span> 117 euros par an<\/li>\n<\/ul>\n<\/li>\n<li class=\"product-features__item\" role=\"listitem\">\n<h3 class=\"product-features__label\">Dimensions<\/h3>\n<ul role=\"list\">\n<li class=\"product-features__item-list__item\" role=\"listitem\"><span class=\"is--medium\">L x H x P :<\/span> 60 x 85 x 62 cm<\/li>\n<li class=\"product-features__item-list__item\" role=\"listitem\"><span class=\"is--medium\">Profondeur produit hors hublot :<\/span> 62,0 cm<\/li>\n<li class=\"product-features__item-list__item\" role=\"listitem\"><span class=\"is--medium\">Profondeur avec hublot ferm\u00e9, d\u00e9bord arri\u00e8re compris :<\/span> 62,0 cm<\/li>\n<li class=\"product-features__item-list__item\" role=\"listitem\"><span class=\"is--medium\">Notre conseil :<\/span> pr\u00e9voir 2 \u00e0 3 centim\u00e8tres suppl\u00e9mentaires derri\u00e8re la machine pour le passage des tuyaux et c\u00e2bles.<\/li>\n<li class=\"product-features__item-list__item\" role=\"listitem\"><span class=\"is--medium\">Poids net :<\/span> 73,0 kg<\/li>\n<li class=\"product-features__item-list__item\" role=\"listitem\"><span class=\"is--medium\">Poids brut :<\/span> 77,0 kg<\/li>\n<\/ul>\n<\/li>\n<li class=\"product-features__item\" role=\"listitem\">\n<h3 class=\"product-features__label\">Informations compl\u00e9mentaires<\/h3>\n<ul role=\"list\">\n<li class=\"product-features__item-list__item\" role=\"listitem\"><span class=\"is--medium\">Fabriqu\u00e9 en :<\/span> Chine<\/li>\n<li class=\"product-features__item-list__item\" role=\"listitem\"><span class=\"is--medium\">Garantie :<\/span> 2 ans<\/li>\n<li class=\"product-features__item-list__item\" role=\"listitem\"><span class=\"is--medium\">Disponibilit\u00e9 des pi\u00e8ces d\u00e9tach\u00e9es\u00a0 :<\/span> Pendant 15 ans, \u00e0 compter de la date d&rsquo;achat<u><\/u><\/li>\n<\/ul>\n<\/li>\n<\/ul>\n<\/div>\n<div class=\"product__disclosure-content\">\n<div class=\"js-read-more product-description__content read-more read-more--truncated\" style=\"max-height: 500px; overflow: hidden;\" data-read-more-name=\"description\">\n<p>Profitez d&rsquo;une solution de lavage et de s\u00e9chage efficace ! Dot\u00e9 d&rsquo;un grand tambour de 68 L, votre futur lave-linge s\u00e9chant LG F964R35WRS pourra laver jusqu&rsquo;\u00e0 9 kg de linge et en s\u00e9cher 6 kg pour r\u00e9pondre aux besoins de toute votre famille.<\/p>\n<h3>Faites le choix d&rsquo;un lavage plus homog\u00e8ne<\/h3>\n<p>Dot\u00e9 <b>d&rsquo;un grand tambour de 68 L qui vous permettra de laver 9 kg de linge et d&rsquo;en s\u00e9cher 6 kg<\/b>, votre lave-linge s\u00e9chant LG F964R35WRS fera le bonheur de votre famille. <b>Sa profondeur de 62 cm (hublot inclus)<\/b> favorisera une installation ais\u00e9e sous votre plan de travail, vous offrant la possibilit\u00e9 de l&rsquo;int\u00e9grer dans votre cuisine ou dans votre buanderie : id\u00e9al pour optimiser l&rsquo;espace \u00e0 votre disposition.<\/p>\n<p>Offrez une hygi\u00e8ne parfaite et une fra\u00eecheur prolong\u00e9e \u00e0 vos v\u00eatements pr\u00e9f\u00e9r\u00e9s ! En compl\u00e9ment de la dizaine de programmes int\u00e9gr\u00e9s, <b>le cycle Anti-allergie<\/b> propos\u00e9 par votre nouveau lave-linge s\u00e9chant LG F964R35WRS s&rsquo;appuiera sur la vapeur pour \u00e9liminer jusqu&rsquo;\u00e0 99,9 % des acariens et des pollens, ce qui en fera le partenaire id\u00e9al des personnes sensibles aux allerg\u00e8nes.<\/p>\n<h3>Profitez d&rsquo;un lavage sur mesure<\/h3>\n<p><b>La technologie AI Direct Drive<\/b> de votre lave-linge s\u00e9chant LG F964R35WRS d\u00e9tectera le type de<\/p>\n<\/div>\n<\/div>\n<p>textile charg\u00e9 et ajustera les mouvements du tambour pour lui offrir un soin personnalis\u00e9. Vous b\u00e9n\u00e9ficierez ainsi d&rsquo;un lavage efficace et d\u00e9licat tout en pr\u00e9servant les fibres de vos v\u00eatements pr\u00e9f\u00e9r\u00e9s : parfait pour les mati\u00e8res les plus d\u00e9licates comme la soie ou le cachemire.<\/p>\n<p>Gr\u00e2ce \u00e0 son innovation soulign\u00e9e par <b>son moteur \u00e0 induction LG Direct Drive<\/b>, votre lave-linge s\u00e9chant LG F964R35WRS sera <b>10 % plus efficient en \u00e9nergie que les standards de la classe A<\/b>. Son faible niveau sonore de 71 dB en mode essorage permettra une utilisation discr\u00e8te et confortable, m\u00eame dans les environnements les plus calmes.<\/p>\n<p>&nbsp;<\/p>\n<p>&nbsp;<\/p>\n<div class=\"product__disclosure-content\">\n<p>&nbsp;<\/p>\n<\/div>","protected":false},"excerpt":{"rendered":"<div class=\"keypoints\">\n<h3 class=\"keypoints__title\">Les points cl\u00e9s<\/h3>\n<ul role=\"list\">\n<li class=\"keypoints__item\" role=\"listitem\">L x H x P : 60 x 85 x 62 cm<\/li>\n<li class=\"keypoints__item\" role=\"listitem\">Capacit\u00e9 L (9kg) &#8211; S\u00e9chage (6Kg)<\/li>\n<li class=\"keypoints__item\" role=\"listitem\">Label \u00e9nergie D &#8211; Silencieux 71dB<\/li>\n<li class=\"keypoints__item\" role=\"listitem\">Essorage \u00e9lev\u00e9 (1400 trs) &#8211; Tambour 68L<\/li>\n<li class=\"keypoints__item keypoints__item--advantage\" role=\"listitem\"><strong>Le + :<\/strong> sa technologie AI DirectDrive d\u00e9tecte le type de textile \u00e0 laver et ajuste les mouvements du tambour<\/li>\n<\/ul>\n<\/div>","protected":false},"featured_media":12260,"template":"","meta":{"_glsr_average":0,"_glsr_ranking":0,"_glsr_reviews":0},"product_cat":[134],"product_tag":[131,132,135],"class_list":{"0":"post-36007","1":"product","2":"type-product","3":"status-publish","4":"has-post-thumbnail","6":"product_cat-lave-linge-sechant","7":"product_tag-gros-electromenager","8":"product_tag-lave-linge","9":"product_tag-lave-linge-sechant","11":"first","12":"instock","13":"sale","14":"shipping-taxable","15":"purchasable","16":"product-type-simple"},"_links":{"self":[{"href":"https:\/\/electromenagerexpress.com\/en\/wp-json\/wp\/v2\/product\/36007","targetHints":{"allow":["GET"]}}],"collection":[{"href":"https:\/\/electromenagerexpress.com\/en\/wp-json\/wp\/v2\/product"}],"about":[{"href":"https:\/\/electromenagerexpress.com\/en\/wp-json\/wp\/v2\/types\/product"}],"wp:featuredmedia":[{"embeddable":true,"href":"https:\/\/electromenagerexpress.com\/en\/wp-json\/wp\/v2\/media\/12260"}],"wp:attachment":[{"href":"https:\/\/electromenagerexpress.com\/en\/wp-json\/wp\/v2\/media?parent=36007"}],"wp:term":[{"taxonomy":"product_cat","embeddable":true,"href":"https:\/\/electromenagerexpress.com\/en\/wp-json\/wp\/v2\/product_cat?post=36007"},{"taxonomy":"product_tag","embeddable":true,"href":"https:\/\/electromenagerexpress.com\/en\/wp-json\/wp\/v2\/product_tag?post=36007"}],"curies":[{"name":"wp","href":"https:\/\/api.w.org\/{rel}","templated":true}]}}